{"id":9035,"date":"2021-09-03T06:10:26","date_gmt":"2021-09-03T06:10:26","guid":{"rendered":"https:\/\/techmastermx.ddns.net\/producto\/fuente-de-alimentacion-de-cc-programable-62000l-series\/"},"modified":"2021-12-28T22:29:42","modified_gmt":"2021-12-28T22:29:42","slug":"fuente-de-alimentacion-de-cc-programable-62000l-series","status":"publish","type":"product","link":"https:\/\/techmasterdemexico.com\/en\/producto\/fuente-de-alimentacion-de-cc-programable-62000l-series\/","title":{"rendered":"Fuente de alimentaci\u00f3n de CC programable 62000L Series"},"content":{"rendered":"<p>Fuente de alimentaci\u00f3n de CC de sobremesa programable &#8211; 62000L<\/p>\n<p>Fuentes de alimentaci\u00f3n de CC de sobremesa de rango autom\u00e1tico con menor ruido &lt;3mVp-p y respuesta transitoria m\u00e1s r\u00e1pida &lt;50us.<\/p>\n<p>Fuente de alimentaci\u00f3n de CC de sobremesa port\u00e1til y liviana con muchas funciones exclusivas destinadas a la integraci\u00f3n general del sistema de prueba automatizado, MCU \/ ECU de electr\u00f3nica de potencia automotriz, semiconductores de potencia, comunicaciones inal\u00e1mbricas, etc. cumplen los estrictos requisitos de la pr\u00f3xima generaci\u00f3n de electr\u00f3nica de potencia.<\/p>\n<p>Las interfaces de control GPIB y USB vienen de serie con la serie 62000L, lo que proporciona un control remoto sencillo con cualquiera de estas dos interfaces. El 62000L pesa menos de 5,5 libras y su caja mide 3,49 &#8220;x 8,45&#8221; x 11,05 &#8220;. Su peso ligero y tama\u00f1o compacto hace que sea f\u00e1cil de manipular y apilar de forma segura. El rango autom\u00e1tico le permite ajustar libremente el voltaje y la corriente. Esta funci\u00f3n elimina la necesidad de seleccionar manualmente el rango \u00f3ptimo, lo que permite que toda la energ\u00eda est\u00e9 disponible en todos los ajustes de voltaje y corriente.<\/p>\n<p>Si hay aplicaciones que necesitan voltajes y corrientes mayores que las salidas m\u00e1ximas nominales, esto se puede lograr utilizando m\u00faltiples fuentes de alimentaci\u00f3n. La fuente de alimentaci\u00f3n puede generar una amplia gama de voltajes o corrientes conectando m\u00e1s unidades. Se pueden conectar hasta 7 unidades al mismo tiempo, utilizando una conexi\u00f3n en paralelo en serie para lograr una mayor salida de voltaje (hasta 252 V) y corriente (hasta 49 A).<\/p>\n","protected":false},"excerpt":{"rendered":"<ul>\n<li>Rango de voltaje: 0 ~ 60 V<\/li>\n<li>Rango actual: 0 ~ 7A<\/li>\n<li>Rango de potencia: 0 ~ 150 W<\/li>\n<li>Amplia gama de combinaciones de voltaje y corriente en potencia constante<\/li>\n<li>Bajo nivel de ruido: &lt;3mVp-p<\/li>\n<li>Tiempo de respuesta transitorio r\u00e1pido: &lt;50us<\/li>\n<li>Programaci\u00f3n de alta velocidad<\/li>\n<li>Medidas de precisi\u00f3n V&amp;I<\/li>\n<li>Interfaz est\u00e1ndar GPIB \/ USB<\/li>\n<li>Sentido remoto<\/li>\n<li>Control maestro-esclavo paralelo y serial<\/li>\n<li>8 pasos para la programaci\u00f3n de secuencia autom\u00e1tica<\/li>\n<li>16 ubicaciones de almacenamiento para estados operativos definidos por el usuario<\/li>\n<li>OVP, l\u00edmite de corriente, protecci\u00f3n t\u00e9rmica<\/li>\n<li>Certificaci\u00f3n CE<\/li>\n<\/ul>\n","protected":false},"featured_media":9051,"template":"","meta":{"_acf_changed":false},"pwb-brand":[90],"product_brand":[],"product_cat":[366,91,112],"product_tag":[],"class_list":{"0":"post-9035","1":"product","2":"type-product","3":"status-publish","4":"has-post-thumbnail","6":"pwb-brand-chroma","7":"product_cat-todos-los-productos","8":"product_cat-chroma","9":"product_cat-power-supplier","11":"first","12":"instock","13":"taxable","14":"shipping-taxable","15":"product-type-simple"},"acf":[],"yoast_head":"<!-- This site is optimized with the Yoast SEO plugin v27.2 - https:\/\/yoast.com\/product\/yoast-seo-wordpress\/ -->\n<title>Fuente de alimentaci\u00f3n de CC programable 62000L Series - Techmaster de Mexico<\/title>\n<meta name=\"robots\" content=\"index, follow, max-snippet:-1, max-image-preview:large, max-video-preview:-1\" \/>\n<link rel=\"canonical\" href=\"https:\/\/techmasterdemexico.com\/producto\/fuente-de-alimentacion-de-cc-programable-62000l-series\/\" \/>\n<meta property=\"og:locale\" content=\"en_US\" \/>\n<meta property=\"og:type\" content=\"article\" \/>\n<meta property=\"og:title\" content=\"Fuente de alimentaci\u00f3n de CC programable 62000L Series - Techmaster de Mexico\" \/>\n<meta property=\"og:description\" content=\"Rango de voltaje: 0 ~ 60 V   Rango actual: 0 ~ 7A   Rango de potencia: 0 ~ 150 W   Amplia gama de combinaciones de voltaje y corriente en potencia constante   Bajo nivel de ruido: &lt;3mVp-p   Tiempo de respuesta transitorio r\u00e1pido: &lt;50us   Programaci\u00f3n de alta velocidad   Medidas de precisi\u00f3n V&amp;I   Interfaz est\u00e1ndar GPIB \/ USB   Sentido remoto   Control maestro-esclavo paralelo y serial   8 pasos para la programaci\u00f3n de secuencia autom\u00e1tica   16 ubicaciones de almacenamiento para estados operativos definidos por el usuario   OVP, l\u00edmite de corriente, protecci\u00f3n t\u00e9rmica   Certificaci\u00f3n CE\" \/>\n<meta property=\"og:url\" content=\"https:\/\/techmasterdemexico.com\/producto\/fuente-de-alimentacion-de-cc-programable-62000l-series\/\" \/>\n<meta property=\"og:site_name\" content=\"Techmaster de Mexico\" \/>\n<meta property=\"article:modified_time\" content=\"2021-12-28T22:29:42+00:00\" \/>\n<meta property=\"og:image\" content=\"https:\/\/techmasterdemexico.com\/wp-content\/uploads\/2021\/09\/product_slider_62000L_2.jpg\" \/>\n\t<meta property=\"og:image:width\" content=\"500\" \/>\n\t<meta property=\"og:image:height\" content=\"500\" \/>\n\t<meta property=\"og:image:type\" content=\"image\/jpeg\" \/>\n<meta name=\"twitter:card\" content=\"summary_large_image\" \/>\n<meta name=\"twitter:label1\" content=\"Est. reading time\" \/>\n\t<meta name=\"twitter:data1\" content=\"1 minute\" \/>\n<script type=\"application\/ld+json\" class=\"yoast-schema-graph\">{\"@context\":\"https:\/\/schema.org\",\"@graph\":[{\"@type\":\"WebPage\",\"@id\":\"https:\/\/techmasterdemexico.com\/producto\/fuente-de-alimentacion-de-cc-programable-62000l-series\/\",\"url\":\"https:\/\/techmasterdemexico.com\/producto\/fuente-de-alimentacion-de-cc-programable-62000l-series\/\",\"name\":\"Fuente de alimentaci\u00f3n de CC programable 62000L Series - Techmaster de Mexico\",\"isPartOf\":{\"@id\":\"https:\/\/techmasterdemexico.com\/#website\"},\"primaryImageOfPage\":{\"@id\":\"https:\/\/techmasterdemexico.com\/producto\/fuente-de-alimentacion-de-cc-programable-62000l-series\/#primaryimage\"},\"image\":{\"@id\":\"https:\/\/techmasterdemexico.com\/producto\/fuente-de-alimentacion-de-cc-programable-62000l-series\/#primaryimage\"},\"thumbnailUrl\":\"https:\/\/techmasterdemexico.com\/wp-content\/uploads\/2021\/09\/product_slider_62000L_2.jpg\",\"datePublished\":\"2021-09-03T06:10:26+00:00\",\"dateModified\":\"2021-12-28T22:29:42+00:00\",\"breadcrumb\":{\"@id\":\"https:\/\/techmasterdemexico.com\/producto\/fuente-de-alimentacion-de-cc-programable-62000l-series\/#breadcrumb\"},\"inLanguage\":\"en-US\",\"potentialAction\":[{\"@type\":\"ReadAction\",\"target\":[\"https:\/\/techmasterdemexico.com\/producto\/fuente-de-alimentacion-de-cc-programable-62000l-series\/\"]}]},{\"@type\":\"ImageObject\",\"inLanguage\":\"en-US\",\"@id\":\"https:\/\/techmasterdemexico.com\/producto\/fuente-de-alimentacion-de-cc-programable-62000l-series\/#primaryimage\",\"url\":\"https:\/\/techmasterdemexico.com\/wp-content\/uploads\/2021\/09\/product_slider_62000L_2.jpg\",\"contentUrl\":\"https:\/\/techmasterdemexico.com\/wp-content\/uploads\/2021\/09\/product_slider_62000L_2.jpg\",\"width\":500,\"height\":500},{\"@type\":\"BreadcrumbList\",\"@id\":\"https:\/\/techmasterdemexico.com\/producto\/fuente-de-alimentacion-de-cc-programable-62000l-series\/#breadcrumb\",\"itemListElement\":[{\"@type\":\"ListItem\",\"position\":1,\"name\":\"Portada\",\"item\":\"https:\/\/techmasterdemexico.com\/\"},{\"@type\":\"ListItem\",\"position\":2,\"name\":\"Fuente de alimentaci\u00f3n de CC programable 62000L Series\"}]},{\"@type\":\"WebSite\",\"@id\":\"https:\/\/techmasterdemexico.com\/#website\",\"url\":\"https:\/\/techmasterdemexico.com\/\",\"name\":\"Techmaster de Mexico\",\"description\":\"\",\"potentialAction\":[{\"@type\":\"SearchAction\",\"target\":{\"@type\":\"EntryPoint\",\"urlTemplate\":\"https:\/\/techmasterdemexico.com\/?s={search_term_string}\"},\"query-input\":{\"@type\":\"PropertyValueSpecification\",\"valueRequired\":true,\"valueName\":\"search_term_string\"}}],\"inLanguage\":\"en-US\"}]}<\/script>\n<!-- \/ Yoast SEO plugin. -->","yoast_head_json":{"title":"Fuente de alimentaci\u00f3n de CC programable 62000L Series - Techmaster de Mexico","robots":{"index":"index","follow":"follow","max-snippet":"max-snippet:-1","max-image-preview":"max-image-preview:large","max-video-preview":"max-video-preview:-1"},"canonical":"https:\/\/techmasterdemexico.com\/producto\/fuente-de-alimentacion-de-cc-programable-62000l-series\/","og_locale":"en_US","og_type":"article","og_title":"Fuente de alimentaci\u00f3n de CC programable 62000L Series - Techmaster de Mexico","og_description":"Rango de voltaje: 0 ~ 60 V   Rango actual: 0 ~ 7A   Rango de potencia: 0 ~ 150 W   Amplia gama de combinaciones de voltaje y corriente en potencia constante   Bajo nivel de ruido: &lt;3mVp-p   Tiempo de respuesta transitorio r\u00e1pido: &lt;50us   Programaci\u00f3n de alta velocidad   Medidas de precisi\u00f3n V&amp;I   Interfaz est\u00e1ndar GPIB \/ USB   Sentido remoto   Control maestro-esclavo paralelo y serial   8 pasos para la programaci\u00f3n de secuencia autom\u00e1tica   16 ubicaciones de almacenamiento para estados operativos definidos por el usuario   OVP, l\u00edmite de corriente, protecci\u00f3n t\u00e9rmica   Certificaci\u00f3n CE","og_url":"https:\/\/techmasterdemexico.com\/producto\/fuente-de-alimentacion-de-cc-programable-62000l-series\/","og_site_name":"Techmaster de Mexico","article_modified_time":"2021-12-28T22:29:42+00:00","og_image":[{"width":500,"height":500,"url":"https:\/\/techmasterdemexico.com\/wp-content\/uploads\/2021\/09\/product_slider_62000L_2.jpg","type":"image\/jpeg"}],"twitter_card":"summary_large_image","twitter_misc":{"Est. reading time":"1 minute"},"schema":{"@context":"https:\/\/schema.org","@graph":[{"@type":"WebPage","@id":"https:\/\/techmasterdemexico.com\/producto\/fuente-de-alimentacion-de-cc-programable-62000l-series\/","url":"https:\/\/techmasterdemexico.com\/producto\/fuente-de-alimentacion-de-cc-programable-62000l-series\/","name":"Fuente de alimentaci\u00f3n de CC programable 62000L Series - Techmaster de Mexico","isPartOf":{"@id":"https:\/\/techmasterdemexico.com\/#website"},"primaryImageOfPage":{"@id":"https:\/\/techmasterdemexico.com\/producto\/fuente-de-alimentacion-de-cc-programable-62000l-series\/#primaryimage"},"image":{"@id":"https:\/\/techmasterdemexico.com\/producto\/fuente-de-alimentacion-de-cc-programable-62000l-series\/#primaryimage"},"thumbnailUrl":"https:\/\/techmasterdemexico.com\/wp-content\/uploads\/2021\/09\/product_slider_62000L_2.jpg","datePublished":"2021-09-03T06:10:26+00:00","dateModified":"2021-12-28T22:29:42+00:00","breadcrumb":{"@id":"https:\/\/techmasterdemexico.com\/producto\/fuente-de-alimentacion-de-cc-programable-62000l-series\/#breadcrumb"},"inLanguage":"en-US","potentialAction":[{"@type":"ReadAction","target":["https:\/\/techmasterdemexico.com\/producto\/fuente-de-alimentacion-de-cc-programable-62000l-series\/"]}]},{"@type":"ImageObject","inLanguage":"en-US","@id":"https:\/\/techmasterdemexico.com\/producto\/fuente-de-alimentacion-de-cc-programable-62000l-series\/#primaryimage","url":"https:\/\/techmasterdemexico.com\/wp-content\/uploads\/2021\/09\/product_slider_62000L_2.jpg","contentUrl":"https:\/\/techmasterdemexico.com\/wp-content\/uploads\/2021\/09\/product_slider_62000L_2.jpg","width":500,"height":500},{"@type":"BreadcrumbList","@id":"https:\/\/techmasterdemexico.com\/producto\/fuente-de-alimentacion-de-cc-programable-62000l-series\/#breadcrumb","itemListElement":[{"@type":"ListItem","position":1,"name":"Portada","item":"https:\/\/techmasterdemexico.com\/"},{"@type":"ListItem","position":2,"name":"Fuente de alimentaci\u00f3n de CC programable 62000L Series"}]},{"@type":"WebSite","@id":"https:\/\/techmasterdemexico.com\/#website","url":"https:\/\/techmasterdemexico.com\/","name":"Techmaster de Mexico","description":"","potentialAction":[{"@type":"SearchAction","target":{"@type":"EntryPoint","urlTemplate":"https:\/\/techmasterdemexico.com\/?s={search_term_string}"},"query-input":{"@type":"PropertyValueSpecification","valueRequired":true,"valueName":"search_term_string"}}],"inLanguage":"en-US"}]}},"brands":[{"id":90,"name":"Chroma","slug":"chroma"}],"_links":{"self":[{"href":"https:\/\/techmasterdemexico.com\/en\/wp-json\/wp\/v2\/product\/9035","targetHints":{"allow":["GET"]}}],"collection":[{"href":"https:\/\/techmasterdemexico.com\/en\/wp-json\/wp\/v2\/product"}],"about":[{"href":"https:\/\/techmasterdemexico.com\/en\/wp-json\/wp\/v2\/types\/product"}],"wp:featuredmedia":[{"embeddable":true,"href":"https:\/\/techmasterdemexico.com\/en\/wp-json\/wp\/v2\/media\/9051"}],"wp:attachment":[{"href":"https:\/\/techmasterdemexico.com\/en\/wp-json\/wp\/v2\/media?parent=9035"}],"wp:term":[{"taxonomy":"pwb-brand","embeddable":true,"href":"https:\/\/techmasterdemexico.com\/en\/wp-json\/wp\/v2\/pwb-brand?post=9035"},{"taxonomy":"product_brand","embeddable":true,"href":"https:\/\/techmasterdemexico.com\/en\/wp-json\/wp\/v2\/product_brand?post=9035"},{"taxonomy":"product_cat","embeddable":true,"href":"https:\/\/techmasterdemexico.com\/en\/wp-json\/wp\/v2\/product_cat?post=9035"},{"taxonomy":"product_tag","embeddable":true,"href":"https:\/\/techmasterdemexico.com\/en\/wp-json\/wp\/v2\/product_tag?post=9035"}],"curies":[{"name":"wp","href":"https:\/\/api.w.org\/{rel}","templated":true}]}}