{"id":9034,"date":"2021-09-03T06:10:25","date_gmt":"2021-09-03T06:10:25","guid":{"rendered":"https:\/\/techmastermx.ddns.net\/producto\/fuente-de-alimentacion-de-cc-programable-62000h-series\/"},"modified":"2021-12-28T22:29:43","modified_gmt":"2021-12-28T22:29:43","slug":"fuente-de-alimentacion-de-cc-programable-62000h-series","status":"publish","type":"product","link":"https:\/\/techmasterdemexico.com\/en\/producto\/fuente-de-alimentacion-de-cc-programable-62000h-series\/","title":{"rendered":"Fuente de alimentaci\u00f3n de CC programable 62000H Series"},"content":{"rendered":"<p>Fuente de alimentaci\u00f3n de CC &#8211; 62000H<\/p>\n<p>La fuente de alimentaci\u00f3n de CC programable 62000H de Chroma proporciona de 2 kW a 150 kW de potencia, lectura de precisi\u00f3n de la corriente y el voltaje de salida, se\u00f1ales de disparo de salida, as\u00ed como la capacidad de crear formas de onda de CC complejas para probar el comportamiento del dispositivo con desviaciones de voltaje.<\/p>\n<p>La nueva serie 62000H de fuentes de alimentaci\u00f3n de CC programables de Chroma ofrece muchas ventajas exclusivas para telecomunicaciones, sistema e integraci\u00f3n de pruebas automatizadas, carga de bater\u00eda y simulaci\u00f3n industrial para autom\u00f3viles h\u00edbridos y simulaci\u00f3n de paneles solares. Estas ventajas incluyen una alta densidad de potencia de 15KW en 3U, lectura de precisi\u00f3n de la corriente y voltaje de salida, se\u00f1ales de disparo de salida, as\u00ed como la capacidad de crear formas de onda complejas de CC transitorias para probar el comportamiento del dispositivo ante picos, ca\u00eddas y otras desviaciones de voltaje. Para aplicaciones de alta potencia , coloque en paralelo hasta 10 unidades para hasta 150 kW.<\/p>\n","protected":false},"excerpt":{"rendered":"<ul>\n<li>Rango de potencia: 2kW \/ 5kW \/ 10kW \/ 15kW<\/li>\n<li>Rango de voltaje: 0 ~ 1000 V<\/li>\n<li>Rango actual: 0 ~ 375A<\/li>\n<li>Alta densidad de potencia (15KW en 3U)<\/li>\n<li>Funcionamiento sencillo maestro \/ esclavo en paralelo y en serie de hasta 150 kW<\/li>\n<li>Medidas de precisi\u00f3n V&amp;I<\/li>\n<li>Programaci\u00f3n de alta velocidad<\/li>\n<li>Control de velocidad de variaci\u00f3n de voltaje y corriente<\/li>\n<li>Perillas, teclado y teclas de funci\u00f3n del codificador digital<\/li>\n<li>Operaci\u00f3n de uso compartido actual<\/li>\n<li>Funci\u00f3n de rampa de voltaje (rango de tiempo: 10 ms ~ 99 horas)<\/li>\n<li>Programaci\u00f3n de secuencia autom\u00e1tica: 10 programas \/ 100 secuencias<\/li>\n<li>OVP, l\u00edmite de corriente, protecci\u00f3n t\u00e9rmica<\/li>\n<li>Interfaz de programaci\u00f3n anal\u00f3gica est\u00e1ndar<\/li>\n<li>Interfaz est\u00e1ndar USB \/ RS232 \/ RS485<\/li>\n<li>Interfaz GPIB \/ Ethernet opcional<\/li>\n<li>Salida remota ON \/ OFF (I \/ P)<\/li>\n<li>Compensaci\u00f3n de ca\u00edda de l\u00ednea de detecci\u00f3n remota<\/li>\n<li>LabView y Labwindows<\/li>\n<li>Certificaci\u00f3n CE<\/li>\n<\/ul>\n","protected":false},"featured_media":9053,"template":"","meta":{"_acf_changed":false},"pwb-brand":[90],"product_brand":[],"product_cat":[366,91,112],"product_tag":[],"class_list":{"0":"post-9034","1":"product","2":"type-product","3":"status-publish","4":"has-post-thumbnail","6":"pwb-brand-chroma","7":"product_cat-todos-los-productos","8":"product_cat-chroma","9":"product_cat-power-supplier","11":"first","12":"instock","13":"taxable","14":"shipping-taxable","15":"product-type-simple"},"acf":[],"yoast_head":"<!-- This site is optimized with the Yoast SEO plugin v27.2 - https:\/\/yoast.com\/product\/yoast-seo-wordpress\/ -->\n<title>Fuente de alimentaci\u00f3n de CC programable 62000H Series - Techmaster de Mexico<\/title>\n<meta name=\"robots\" content=\"index, follow, max-snippet:-1, max-image-preview:large, max-video-preview:-1\" \/>\n<link rel=\"canonical\" href=\"https:\/\/techmasterdemexico.com\/producto\/fuente-de-alimentacion-de-cc-programable-62000h-series\/\" \/>\n<meta property=\"og:locale\" content=\"en_US\" \/>\n<meta property=\"og:type\" content=\"article\" \/>\n<meta property=\"og:title\" content=\"Fuente de alimentaci\u00f3n de CC programable 62000H Series - Techmaster de Mexico\" \/>\n<meta property=\"og:description\" content=\"Rango de potencia: 2kW \/ 5kW \/ 10kW \/ 15kW   Rango de voltaje: 0 ~ 1000 V   Rango actual: 0 ~ 375A   Alta densidad de potencia (15KW en 3U)   Funcionamiento sencillo maestro \/ esclavo en paralelo y en serie de hasta 150 kW   Medidas de precisi\u00f3n V&amp;I   Programaci\u00f3n de alta velocidad   Control de velocidad de variaci\u00f3n de voltaje y corriente   Perillas, teclado y teclas de funci\u00f3n del codificador digital   Operaci\u00f3n de uso compartido actual   Funci\u00f3n de rampa de voltaje (rango de tiempo: 10 ms ~ 99 horas)   Programaci\u00f3n de secuencia autom\u00e1tica: 10 programas \/ 100 secuencias   OVP, l\u00edmite de corriente, protecci\u00f3n t\u00e9rmica   Interfaz de programaci\u00f3n anal\u00f3gica est\u00e1ndar   Interfaz est\u00e1ndar USB \/ RS232 \/ RS485   Interfaz GPIB \/ Ethernet opcional   Salida remota ON \/ OFF (I \/ P)   Compensaci\u00f3n de ca\u00edda de l\u00ednea de detecci\u00f3n remota   LabView y Labwindows   Certificaci\u00f3n CE\" \/>\n<meta property=\"og:url\" content=\"https:\/\/techmasterdemexico.com\/producto\/fuente-de-alimentacion-de-cc-programable-62000h-series\/\" \/>\n<meta property=\"og:site_name\" content=\"Techmaster de Mexico\" \/>\n<meta property=\"article:modified_time\" content=\"2021-12-28T22:29:43+00:00\" \/>\n<meta property=\"og:image\" content=\"https:\/\/techmasterdemexico.com\/wp-content\/uploads\/2021\/09\/product_slider_62000h_1.jpg\" \/>\n\t<meta property=\"og:image:width\" content=\"500\" \/>\n\t<meta property=\"og:image:height\" content=\"500\" \/>\n\t<meta property=\"og:image:type\" content=\"image\/jpeg\" \/>\n<meta name=\"twitter:card\" content=\"summary_large_image\" \/>\n<meta name=\"twitter:label1\" content=\"Est. reading time\" \/>\n\t<meta name=\"twitter:data1\" content=\"1 minute\" \/>\n<script type=\"application\/ld+json\" class=\"yoast-schema-graph\">{\"@context\":\"https:\/\/schema.org\",\"@graph\":[{\"@type\":\"WebPage\",\"@id\":\"https:\/\/techmasterdemexico.com\/producto\/fuente-de-alimentacion-de-cc-programable-62000h-series\/\",\"url\":\"https:\/\/techmasterdemexico.com\/producto\/fuente-de-alimentacion-de-cc-programable-62000h-series\/\",\"name\":\"Fuente de alimentaci\u00f3n de CC programable 62000H Series - Techmaster de Mexico\",\"isPartOf\":{\"@id\":\"https:\/\/techmasterdemexico.com\/#website\"},\"primaryImageOfPage\":{\"@id\":\"https:\/\/techmasterdemexico.com\/producto\/fuente-de-alimentacion-de-cc-programable-62000h-series\/#primaryimage\"},\"image\":{\"@id\":\"https:\/\/techmasterdemexico.com\/producto\/fuente-de-alimentacion-de-cc-programable-62000h-series\/#primaryimage\"},\"thumbnailUrl\":\"https:\/\/techmasterdemexico.com\/wp-content\/uploads\/2021\/09\/product_slider_62000h_1.jpg\",\"datePublished\":\"2021-09-03T06:10:25+00:00\",\"dateModified\":\"2021-12-28T22:29:43+00:00\",\"breadcrumb\":{\"@id\":\"https:\/\/techmasterdemexico.com\/producto\/fuente-de-alimentacion-de-cc-programable-62000h-series\/#breadcrumb\"},\"inLanguage\":\"en-US\",\"potentialAction\":[{\"@type\":\"ReadAction\",\"target\":[\"https:\/\/techmasterdemexico.com\/producto\/fuente-de-alimentacion-de-cc-programable-62000h-series\/\"]}]},{\"@type\":\"ImageObject\",\"inLanguage\":\"en-US\",\"@id\":\"https:\/\/techmasterdemexico.com\/producto\/fuente-de-alimentacion-de-cc-programable-62000h-series\/#primaryimage\",\"url\":\"https:\/\/techmasterdemexico.com\/wp-content\/uploads\/2021\/09\/product_slider_62000h_1.jpg\",\"contentUrl\":\"https:\/\/techmasterdemexico.com\/wp-content\/uploads\/2021\/09\/product_slider_62000h_1.jpg\",\"width\":500,\"height\":500},{\"@type\":\"BreadcrumbList\",\"@id\":\"https:\/\/techmasterdemexico.com\/producto\/fuente-de-alimentacion-de-cc-programable-62000h-series\/#breadcrumb\",\"itemListElement\":[{\"@type\":\"ListItem\",\"position\":1,\"name\":\"Portada\",\"item\":\"https:\/\/techmasterdemexico.com\/\"},{\"@type\":\"ListItem\",\"position\":2,\"name\":\"Fuente de alimentaci\u00f3n de CC programable 62000H Series\"}]},{\"@type\":\"WebSite\",\"@id\":\"https:\/\/techmasterdemexico.com\/#website\",\"url\":\"https:\/\/techmasterdemexico.com\/\",\"name\":\"Techmaster de Mexico\",\"description\":\"\",\"potentialAction\":[{\"@type\":\"SearchAction\",\"target\":{\"@type\":\"EntryPoint\",\"urlTemplate\":\"https:\/\/techmasterdemexico.com\/?s={search_term_string}\"},\"query-input\":{\"@type\":\"PropertyValueSpecification\",\"valueRequired\":true,\"valueName\":\"search_term_string\"}}],\"inLanguage\":\"en-US\"}]}<\/script>\n<!-- \/ Yoast SEO plugin. -->","yoast_head_json":{"title":"Fuente de alimentaci\u00f3n de CC programable 62000H Series - Techmaster de Mexico","robots":{"index":"index","follow":"follow","max-snippet":"max-snippet:-1","max-image-preview":"max-image-preview:large","max-video-preview":"max-video-preview:-1"},"canonical":"https:\/\/techmasterdemexico.com\/producto\/fuente-de-alimentacion-de-cc-programable-62000h-series\/","og_locale":"en_US","og_type":"article","og_title":"Fuente de alimentaci\u00f3n de CC programable 62000H Series - Techmaster de Mexico","og_description":"Rango de potencia: 2kW \/ 5kW \/ 10kW \/ 15kW   Rango de voltaje: 0 ~ 1000 V   Rango actual: 0 ~ 375A   Alta densidad de potencia (15KW en 3U)   Funcionamiento sencillo maestro \/ esclavo en paralelo y en serie de hasta 150 kW   Medidas de precisi\u00f3n V&amp;I   Programaci\u00f3n de alta velocidad   Control de velocidad de variaci\u00f3n de voltaje y corriente   Perillas, teclado y teclas de funci\u00f3n del codificador digital   Operaci\u00f3n de uso compartido actual   Funci\u00f3n de rampa de voltaje (rango de tiempo: 10 ms ~ 99 horas)   Programaci\u00f3n de secuencia autom\u00e1tica: 10 programas \/ 100 secuencias   OVP, l\u00edmite de corriente, protecci\u00f3n t\u00e9rmica   Interfaz de programaci\u00f3n anal\u00f3gica est\u00e1ndar   Interfaz est\u00e1ndar USB \/ RS232 \/ RS485   Interfaz GPIB \/ Ethernet opcional   Salida remota ON \/ OFF (I \/ P)   Compensaci\u00f3n de ca\u00edda de l\u00ednea de detecci\u00f3n remota   LabView y Labwindows   Certificaci\u00f3n CE","og_url":"https:\/\/techmasterdemexico.com\/producto\/fuente-de-alimentacion-de-cc-programable-62000h-series\/","og_site_name":"Techmaster de Mexico","article_modified_time":"2021-12-28T22:29:43+00:00","og_image":[{"width":500,"height":500,"url":"https:\/\/techmasterdemexico.com\/wp-content\/uploads\/2021\/09\/product_slider_62000h_1.jpg","type":"image\/jpeg"}],"twitter_card":"summary_large_image","twitter_misc":{"Est. reading time":"1 minute"},"schema":{"@context":"https:\/\/schema.org","@graph":[{"@type":"WebPage","@id":"https:\/\/techmasterdemexico.com\/producto\/fuente-de-alimentacion-de-cc-programable-62000h-series\/","url":"https:\/\/techmasterdemexico.com\/producto\/fuente-de-alimentacion-de-cc-programable-62000h-series\/","name":"Fuente de alimentaci\u00f3n de CC programable 62000H Series - Techmaster de Mexico","isPartOf":{"@id":"https:\/\/techmasterdemexico.com\/#website"},"primaryImageOfPage":{"@id":"https:\/\/techmasterdemexico.com\/producto\/fuente-de-alimentacion-de-cc-programable-62000h-series\/#primaryimage"},"image":{"@id":"https:\/\/techmasterdemexico.com\/producto\/fuente-de-alimentacion-de-cc-programable-62000h-series\/#primaryimage"},"thumbnailUrl":"https:\/\/techmasterdemexico.com\/wp-content\/uploads\/2021\/09\/product_slider_62000h_1.jpg","datePublished":"2021-09-03T06:10:25+00:00","dateModified":"2021-12-28T22:29:43+00:00","breadcrumb":{"@id":"https:\/\/techmasterdemexico.com\/producto\/fuente-de-alimentacion-de-cc-programable-62000h-series\/#breadcrumb"},"inLanguage":"en-US","potentialAction":[{"@type":"ReadAction","target":["https:\/\/techmasterdemexico.com\/producto\/fuente-de-alimentacion-de-cc-programable-62000h-series\/"]}]},{"@type":"ImageObject","inLanguage":"en-US","@id":"https:\/\/techmasterdemexico.com\/producto\/fuente-de-alimentacion-de-cc-programable-62000h-series\/#primaryimage","url":"https:\/\/techmasterdemexico.com\/wp-content\/uploads\/2021\/09\/product_slider_62000h_1.jpg","contentUrl":"https:\/\/techmasterdemexico.com\/wp-content\/uploads\/2021\/09\/product_slider_62000h_1.jpg","width":500,"height":500},{"@type":"BreadcrumbList","@id":"https:\/\/techmasterdemexico.com\/producto\/fuente-de-alimentacion-de-cc-programable-62000h-series\/#breadcrumb","itemListElement":[{"@type":"ListItem","position":1,"name":"Portada","item":"https:\/\/techmasterdemexico.com\/"},{"@type":"ListItem","position":2,"name":"Fuente de alimentaci\u00f3n de CC programable 62000H Series"}]},{"@type":"WebSite","@id":"https:\/\/techmasterdemexico.com\/#website","url":"https:\/\/techmasterdemexico.com\/","name":"Techmaster de Mexico","description":"","potentialAction":[{"@type":"SearchAction","target":{"@type":"EntryPoint","urlTemplate":"https:\/\/techmasterdemexico.com\/?s={search_term_string}"},"query-input":{"@type":"PropertyValueSpecification","valueRequired":true,"valueName":"search_term_string"}}],"inLanguage":"en-US"}]}},"brands":[{"id":90,"name":"Chroma","slug":"chroma"}],"_links":{"self":[{"href":"https:\/\/techmasterdemexico.com\/en\/wp-json\/wp\/v2\/product\/9034","targetHints":{"allow":["GET"]}}],"collection":[{"href":"https:\/\/techmasterdemexico.com\/en\/wp-json\/wp\/v2\/product"}],"about":[{"href":"https:\/\/techmasterdemexico.com\/en\/wp-json\/wp\/v2\/types\/product"}],"wp:featuredmedia":[{"embeddable":true,"href":"https:\/\/techmasterdemexico.com\/en\/wp-json\/wp\/v2\/media\/9053"}],"wp:attachment":[{"href":"https:\/\/techmasterdemexico.com\/en\/wp-json\/wp\/v2\/media?parent=9034"}],"wp:term":[{"taxonomy":"pwb-brand","embeddable":true,"href":"https:\/\/techmasterdemexico.com\/en\/wp-json\/wp\/v2\/pwb-brand?post=9034"},{"taxonomy":"product_brand","embeddable":true,"href":"https:\/\/techmasterdemexico.com\/en\/wp-json\/wp\/v2\/product_brand?post=9034"},{"taxonomy":"product_cat","embeddable":true,"href":"https:\/\/techmasterdemexico.com\/en\/wp-json\/wp\/v2\/product_cat?post=9034"},{"taxonomy":"product_tag","embeddable":true,"href":"https:\/\/techmasterdemexico.com\/en\/wp-json\/wp\/v2\/product_tag?post=9034"}],"curies":[{"name":"wp","href":"https:\/\/api.w.org\/{rel}","templated":true}]}}