{"id":9029,"date":"2021-09-03T06:10:23","date_gmt":"2021-09-03T06:10:23","guid":{"rendered":"https:\/\/techmastermx.ddns.net\/producto\/fuente-de-alimentacion-modular-de-cc-62000b-series\/"},"modified":"2021-12-28T22:29:44","modified_gmt":"2021-12-28T22:29:44","slug":"fuente-de-alimentacion-modular-de-cc-62000b-series","status":"publish","type":"product","link":"https:\/\/techmasterdemexico.com\/en\/producto\/fuente-de-alimentacion-modular-de-cc-62000b-series\/","title":{"rendered":"Fuente de alimentaci\u00f3n modular de CC 62000B Series"},"content":{"rendered":"<p>Fuente de alimentaci\u00f3n de CC modular &#8211; 62000B<\/p>\n<p>Alimentaci\u00f3n de CC modular para aplicaciones de quemado y enchapado \/ electr\u00f3lisis. Redundancia N + 1, mantenimiento hot-swap, encendido \/ apagado remoto y programable a trav\u00e9s del bus CAN.<\/p>\n<p>Descripci\u00f3n<\/p>\n<p>La nueva serie 62000B de fuentes de alimentaci\u00f3n de CC modulares de Chroma ofrece muchas caracter\u00edsticas \u00fanicas para aplicaciones de quemado y enchapado \/ electr\u00f3lisis. Las caracter\u00edsticas incluyen una redundancia N + 1, altas densidades de potencia, mantenimiento intercambiable en caliente, encendido \/ apagado remoto y control programable a trav\u00e9s del bus CAN.<\/p>\n","protected":false},"excerpt":{"rendered":"<ul>\n<li>Rango de voltaje: 1 ~ 150 V<\/li>\n<li>Rango de corriente: hasta 2000 A (sistema)<\/li>\n<li>Rango de potencia hasta 1.5KW por m\u00f3dulo hasta 120KW por sistema<\/li>\n<li>Densidad de alta potencia (464 mW \/ cm3 = 7,13 W \/ In3)<\/li>\n<li>Redundancia N + 1<\/li>\n<li>Intercambiables en caliente<\/li>\n<li>Ideal para quemado y enchapado<\/li>\n<li>Sentido Remoto<\/li>\n<li>Encendido \/ apagado remoto<\/li>\n<li>Control de bus CAN<\/li>\n<li>Salida de se\u00f1al DC OK<\/li>\n<\/ul>\n","protected":false},"featured_media":9049,"template":"","meta":{"_acf_changed":false},"pwb-brand":[90],"product_brand":[],"product_cat":[366,91,112],"product_tag":[],"class_list":{"0":"post-9029","1":"product","2":"type-product","3":"status-publish","4":"has-post-thumbnail","6":"pwb-brand-chroma","7":"product_cat-todos-los-productos","8":"product_cat-chroma","9":"product_cat-power-supplier","11":"first","12":"instock","13":"taxable","14":"shipping-taxable","15":"product-type-simple"},"acf":[],"yoast_head":"<!-- This site is optimized with the Yoast SEO plugin v27.2 - https:\/\/yoast.com\/product\/yoast-seo-wordpress\/ -->\n<title>Fuente de alimentaci\u00f3n modular de CC 62000B Series - Techmaster de Mexico<\/title>\n<meta name=\"robots\" content=\"index, follow, max-snippet:-1, max-image-preview:large, max-video-preview:-1\" \/>\n<link rel=\"canonical\" href=\"https:\/\/techmasterdemexico.com\/producto\/fuente-de-alimentacion-modular-de-cc-62000b-series\/\" \/>\n<meta property=\"og:locale\" content=\"en_US\" \/>\n<meta property=\"og:type\" content=\"article\" \/>\n<meta property=\"og:title\" content=\"Fuente de alimentaci\u00f3n modular de CC 62000B Series - Techmaster de Mexico\" \/>\n<meta property=\"og:description\" content=\"Rango de voltaje: 1 ~ 150 V   Rango de corriente: hasta 2000 A (sistema)   Rango de potencia hasta 1.5KW por m\u00f3dulo hasta 120KW por sistema   Densidad de alta potencia (464 mW \/ cm3 = 7,13 W \/ In3)   Redundancia N + 1   Intercambiables en caliente   Ideal para quemado y enchapado   Sentido Remoto   Encendido \/ apagado remoto   Control de bus CAN   Salida de se\u00f1al DC OK\" \/>\n<meta property=\"og:url\" content=\"https:\/\/techmasterdemexico.com\/producto\/fuente-de-alimentacion-modular-de-cc-62000b-series\/\" \/>\n<meta property=\"og:site_name\" content=\"Techmaster de Mexico\" \/>\n<meta property=\"article:modified_time\" content=\"2021-12-28T22:29:44+00:00\" \/>\n<meta property=\"og:image\" content=\"https:\/\/techmasterdemexico.com\/wp-content\/uploads\/2021\/09\/product_slider_62000b_1.jpg\" \/>\n\t<meta property=\"og:image:width\" content=\"500\" \/>\n\t<meta property=\"og:image:height\" content=\"500\" \/>\n\t<meta property=\"og:image:type\" content=\"image\/jpeg\" \/>\n<meta name=\"twitter:card\" content=\"summary_large_image\" \/>\n<script type=\"application\/ld+json\" class=\"yoast-schema-graph\">{\"@context\":\"https:\/\/schema.org\",\"@graph\":[{\"@type\":\"WebPage\",\"@id\":\"https:\/\/techmasterdemexico.com\/producto\/fuente-de-alimentacion-modular-de-cc-62000b-series\/\",\"url\":\"https:\/\/techmasterdemexico.com\/producto\/fuente-de-alimentacion-modular-de-cc-62000b-series\/\",\"name\":\"Fuente de alimentaci\u00f3n modular de CC 62000B Series - Techmaster de Mexico\",\"isPartOf\":{\"@id\":\"https:\/\/techmasterdemexico.com\/#website\"},\"primaryImageOfPage\":{\"@id\":\"https:\/\/techmasterdemexico.com\/producto\/fuente-de-alimentacion-modular-de-cc-62000b-series\/#primaryimage\"},\"image\":{\"@id\":\"https:\/\/techmasterdemexico.com\/producto\/fuente-de-alimentacion-modular-de-cc-62000b-series\/#primaryimage\"},\"thumbnailUrl\":\"https:\/\/techmasterdemexico.com\/wp-content\/uploads\/2021\/09\/product_slider_62000b_1.jpg\",\"datePublished\":\"2021-09-03T06:10:23+00:00\",\"dateModified\":\"2021-12-28T22:29:44+00:00\",\"breadcrumb\":{\"@id\":\"https:\/\/techmasterdemexico.com\/producto\/fuente-de-alimentacion-modular-de-cc-62000b-series\/#breadcrumb\"},\"inLanguage\":\"en-US\",\"potentialAction\":[{\"@type\":\"ReadAction\",\"target\":[\"https:\/\/techmasterdemexico.com\/producto\/fuente-de-alimentacion-modular-de-cc-62000b-series\/\"]}]},{\"@type\":\"ImageObject\",\"inLanguage\":\"en-US\",\"@id\":\"https:\/\/techmasterdemexico.com\/producto\/fuente-de-alimentacion-modular-de-cc-62000b-series\/#primaryimage\",\"url\":\"https:\/\/techmasterdemexico.com\/wp-content\/uploads\/2021\/09\/product_slider_62000b_1.jpg\",\"contentUrl\":\"https:\/\/techmasterdemexico.com\/wp-content\/uploads\/2021\/09\/product_slider_62000b_1.jpg\",\"width\":500,\"height\":500},{\"@type\":\"BreadcrumbList\",\"@id\":\"https:\/\/techmasterdemexico.com\/producto\/fuente-de-alimentacion-modular-de-cc-62000b-series\/#breadcrumb\",\"itemListElement\":[{\"@type\":\"ListItem\",\"position\":1,\"name\":\"Portada\",\"item\":\"https:\/\/techmasterdemexico.com\/\"},{\"@type\":\"ListItem\",\"position\":2,\"name\":\"Fuente de alimentaci\u00f3n modular de CC 62000B Series\"}]},{\"@type\":\"WebSite\",\"@id\":\"https:\/\/techmasterdemexico.com\/#website\",\"url\":\"https:\/\/techmasterdemexico.com\/\",\"name\":\"Techmaster de Mexico\",\"description\":\"\",\"potentialAction\":[{\"@type\":\"SearchAction\",\"target\":{\"@type\":\"EntryPoint\",\"urlTemplate\":\"https:\/\/techmasterdemexico.com\/?s={search_term_string}\"},\"query-input\":{\"@type\":\"PropertyValueSpecification\",\"valueRequired\":true,\"valueName\":\"search_term_string\"}}],\"inLanguage\":\"en-US\"}]}<\/script>\n<!-- \/ Yoast SEO plugin. -->","yoast_head_json":{"title":"Fuente de alimentaci\u00f3n modular de CC 62000B Series - Techmaster de Mexico","robots":{"index":"index","follow":"follow","max-snippet":"max-snippet:-1","max-image-preview":"max-image-preview:large","max-video-preview":"max-video-preview:-1"},"canonical":"https:\/\/techmasterdemexico.com\/producto\/fuente-de-alimentacion-modular-de-cc-62000b-series\/","og_locale":"en_US","og_type":"article","og_title":"Fuente de alimentaci\u00f3n modular de CC 62000B Series - Techmaster de Mexico","og_description":"Rango de voltaje: 1 ~ 150 V   Rango de corriente: hasta 2000 A (sistema)   Rango de potencia hasta 1.5KW por m\u00f3dulo hasta 120KW por sistema   Densidad de alta potencia (464 mW \/ cm3 = 7,13 W \/ In3)   Redundancia N + 1   Intercambiables en caliente   Ideal para quemado y enchapado   Sentido Remoto   Encendido \/ apagado remoto   Control de bus CAN   Salida de se\u00f1al DC OK","og_url":"https:\/\/techmasterdemexico.com\/producto\/fuente-de-alimentacion-modular-de-cc-62000b-series\/","og_site_name":"Techmaster de Mexico","article_modified_time":"2021-12-28T22:29:44+00:00","og_image":[{"width":500,"height":500,"url":"https:\/\/techmasterdemexico.com\/wp-content\/uploads\/2021\/09\/product_slider_62000b_1.jpg","type":"image\/jpeg"}],"twitter_card":"summary_large_image","schema":{"@context":"https:\/\/schema.org","@graph":[{"@type":"WebPage","@id":"https:\/\/techmasterdemexico.com\/producto\/fuente-de-alimentacion-modular-de-cc-62000b-series\/","url":"https:\/\/techmasterdemexico.com\/producto\/fuente-de-alimentacion-modular-de-cc-62000b-series\/","name":"Fuente de alimentaci\u00f3n modular de CC 62000B Series - Techmaster de Mexico","isPartOf":{"@id":"https:\/\/techmasterdemexico.com\/#website"},"primaryImageOfPage":{"@id":"https:\/\/techmasterdemexico.com\/producto\/fuente-de-alimentacion-modular-de-cc-62000b-series\/#primaryimage"},"image":{"@id":"https:\/\/techmasterdemexico.com\/producto\/fuente-de-alimentacion-modular-de-cc-62000b-series\/#primaryimage"},"thumbnailUrl":"https:\/\/techmasterdemexico.com\/wp-content\/uploads\/2021\/09\/product_slider_62000b_1.jpg","datePublished":"2021-09-03T06:10:23+00:00","dateModified":"2021-12-28T22:29:44+00:00","breadcrumb":{"@id":"https:\/\/techmasterdemexico.com\/producto\/fuente-de-alimentacion-modular-de-cc-62000b-series\/#breadcrumb"},"inLanguage":"en-US","potentialAction":[{"@type":"ReadAction","target":["https:\/\/techmasterdemexico.com\/producto\/fuente-de-alimentacion-modular-de-cc-62000b-series\/"]}]},{"@type":"ImageObject","inLanguage":"en-US","@id":"https:\/\/techmasterdemexico.com\/producto\/fuente-de-alimentacion-modular-de-cc-62000b-series\/#primaryimage","url":"https:\/\/techmasterdemexico.com\/wp-content\/uploads\/2021\/09\/product_slider_62000b_1.jpg","contentUrl":"https:\/\/techmasterdemexico.com\/wp-content\/uploads\/2021\/09\/product_slider_62000b_1.jpg","width":500,"height":500},{"@type":"BreadcrumbList","@id":"https:\/\/techmasterdemexico.com\/producto\/fuente-de-alimentacion-modular-de-cc-62000b-series\/#breadcrumb","itemListElement":[{"@type":"ListItem","position":1,"name":"Portada","item":"https:\/\/techmasterdemexico.com\/"},{"@type":"ListItem","position":2,"name":"Fuente de alimentaci\u00f3n modular de CC 62000B Series"}]},{"@type":"WebSite","@id":"https:\/\/techmasterdemexico.com\/#website","url":"https:\/\/techmasterdemexico.com\/","name":"Techmaster de Mexico","description":"","potentialAction":[{"@type":"SearchAction","target":{"@type":"EntryPoint","urlTemplate":"https:\/\/techmasterdemexico.com\/?s={search_term_string}"},"query-input":{"@type":"PropertyValueSpecification","valueRequired":true,"valueName":"search_term_string"}}],"inLanguage":"en-US"}]}},"brands":[{"id":90,"name":"Chroma","slug":"chroma"}],"_links":{"self":[{"href":"https:\/\/techmasterdemexico.com\/en\/wp-json\/wp\/v2\/product\/9029","targetHints":{"allow":["GET"]}}],"collection":[{"href":"https:\/\/techmasterdemexico.com\/en\/wp-json\/wp\/v2\/product"}],"about":[{"href":"https:\/\/techmasterdemexico.com\/en\/wp-json\/wp\/v2\/types\/product"}],"wp:featuredmedia":[{"embeddable":true,"href":"https:\/\/techmasterdemexico.com\/en\/wp-json\/wp\/v2\/media\/9049"}],"wp:attachment":[{"href":"https:\/\/techmasterdemexico.com\/en\/wp-json\/wp\/v2\/media?parent=9029"}],"wp:term":[{"taxonomy":"pwb-brand","embeddable":true,"href":"https:\/\/techmasterdemexico.com\/en\/wp-json\/wp\/v2\/pwb-brand?post=9029"},{"taxonomy":"product_brand","embeddable":true,"href":"https:\/\/techmasterdemexico.com\/en\/wp-json\/wp\/v2\/product_brand?post=9029"},{"taxonomy":"product_cat","embeddable":true,"href":"https:\/\/techmasterdemexico.com\/en\/wp-json\/wp\/v2\/product_cat?post=9029"},{"taxonomy":"product_tag","embeddable":true,"href":"https:\/\/techmasterdemexico.com\/en\/wp-json\/wp\/v2\/product_tag?post=9029"}],"curies":[{"name":"wp","href":"https:\/\/api.w.org\/{rel}","templated":true}]}}