{"id":9028,"date":"2021-09-03T06:10:23","date_gmt":"2021-09-03T06:10:23","guid":{"rendered":"https:\/\/techmastermx.ddns.net\/producto\/condensador-de-corriente-de-fuga-medidor-de-infrarrojos\/"},"modified":"2021-12-28T22:29:44","modified_gmt":"2021-12-28T22:29:44","slug":"condensador-de-corriente-de-fuga-medidor-de-infrarrojos","status":"publish","type":"product","link":"https:\/\/techmasterdemexico.com\/en\/producto\/condensador-de-corriente-de-fuga-medidor-de-infrarrojos\/","title":{"rendered":"Condensador de corriente de fuga\/Medidor de Infrarrojos"},"content":{"rendered":"<p>Medidor de corriente de fuga de condensador \/ IR &#8211; 11200<\/p>\n<p>Medidor de corriente de fuga de condensador \/ IR<\/p>\n<p>El medidor de corriente de fuga \/ IR de condensador 11200 se utiliza principalmente para pruebas de corriente de fuga de condensadores electrol\u00edticos y pruebas de voltaje de resistencia de papel de aluminio (EIAJ RC-2364A). El 11200 tambi\u00e9n se puede utilizar para la verificaci\u00f3n de voltaje activo o la prueba de corriente de fuga de absorbedor, diodo Zener y l\u00e1mpara de ne\u00f3n, etc. Con la interfaz RS232 est\u00e1ndar, interfaces GPIB y Handler opcionales, capacidades de medici\u00f3n estables y de alta velocidad, el Chroma 11200 puede usarse tanto para la evaluaci\u00f3n de componentes en la l\u00ednea de producci\u00f3n como para la corriente de fuga fundamental o pruebas de infrarrojos para aplicaciones de sobremesa.<\/p>\n","protected":false},"excerpt":{"rendered":"<ul>\n<li>Funci\u00f3n de prueba de corriente de fuga de condensador electrol\u00edtico<\/li>\n<li>Funci\u00f3n de prueba de resistencia de aislamiento (IR)<\/li>\n<li>Fuente de alimentaci\u00f3n CC de corriente constante con funci\u00f3n de descarga<\/li>\n<li>Funci\u00f3n de voltaje directo para diodo, LED, diodo Zener y varistor<\/li>\n<li>Funci\u00f3n de prueba de sobretensi\u00f3n para condensador electrol\u00edtico (JIS C5101 \/ 5102\/5140\/5141)<\/li>\n<li>Funci\u00f3n de verificaci\u00f3n de contacto opcional para mejorar la confiabilidad de la prueba<\/li>\n<li>Precisi\u00f3n b\u00e1sica: 0,3%<\/li>\n<li>Funci\u00f3n de prueba de voltaje de resistencia y tiempo de subida de papel de aluminio (para EIAJ RC-2364A)<\/li>\n<li>Capacidad de carga de precisi\u00f3n de baja corriente constante (0.5mA \u00b1 0.05mA, cumple con el requisito EIAJ RC-2364A para pruebas de voltaje de resistencia de papel de aluminio de WV m\u00e1s bajo)<\/li>\n<li>Gran capacidad de corriente de carga (500 mA) para acelerar la velocidad de carga<\/li>\n<li>Fuente de voltaje de 1.0V ~ 650V \/ 800V DC<\/li>\n<li>Rango de prueba de corriente de fuga de 0.001uA &#8211; 20.00mA con resoluci\u00f3n de 4 d\u00edgitos<\/li>\n<li>Interfaz est\u00e1ndar RS-232<\/li>\n<li>Interfaz GPIB &amp; Handler opcional<\/li>\n<li>Temporizador digital en el interior<\/li>\n<li>Comparador y funci\u00f3n de alarma de pasa \/ falla<\/li>\n<li>Gran pantalla LCD (matriz de puntos de 240 x 64)<\/li>\n<li>Interfaz de usuario amigable<\/li>\n<li>Interfaz gr\u00e1fica de usuario de f\u00e1cil uso: softpanel (opcional)<\/li>\n<\/ul>\n","protected":false},"featured_media":9055,"template":"","meta":{"_acf_changed":false},"pwb-brand":[90],"product_brand":[],"product_cat":[366,91,113],"product_tag":[],"class_list":{"0":"post-9028","1":"product","2":"type-product","3":"status-publish","4":"has-post-thumbnail","6":"pwb-brand-chroma","7":"product_cat-todos-los-productos","8":"product_cat-chroma","9":"product_cat-lcr-meters","11":"first","12":"instock","13":"taxable","14":"shipping-taxable","15":"product-type-simple"},"acf":[],"yoast_head":"<!-- This site is optimized with the Yoast SEO plugin v27.2 - https:\/\/yoast.com\/product\/yoast-seo-wordpress\/ -->\n<title>Condensador de corriente de fuga\/Medidor de Infrarrojos - Techmaster de Mexico<\/title>\n<meta name=\"robots\" content=\"index, follow, max-snippet:-1, max-image-preview:large, max-video-preview:-1\" \/>\n<link rel=\"canonical\" href=\"https:\/\/techmasterdemexico.com\/producto\/condensador-de-corriente-de-fuga-medidor-de-infrarrojos\/\" \/>\n<meta property=\"og:locale\" content=\"en_US\" \/>\n<meta property=\"og:type\" content=\"article\" \/>\n<meta property=\"og:title\" content=\"Condensador de corriente de fuga\/Medidor de Infrarrojos - Techmaster de Mexico\" \/>\n<meta property=\"og:description\" content=\"Funci\u00f3n de prueba de corriente de fuga de condensador electrol\u00edtico   Funci\u00f3n de prueba de resistencia de aislamiento (IR)   Fuente de alimentaci\u00f3n CC de corriente constante con funci\u00f3n de descarga   Funci\u00f3n de voltaje directo para diodo, LED, diodo Zener y varistor   Funci\u00f3n de prueba de sobretensi\u00f3n para condensador electrol\u00edtico (JIS C5101 \/ 5102\/5140\/5141)   Funci\u00f3n de verificaci\u00f3n de contacto opcional para mejorar la confiabilidad de la prueba   Precisi\u00f3n b\u00e1sica: 0,3%   Funci\u00f3n de prueba de voltaje de resistencia y tiempo de subida de papel de aluminio (para EIAJ RC-2364A)   Capacidad de carga de precisi\u00f3n de baja corriente constante (0.5mA \u00b1 0.05mA, cumple con el requisito EIAJ RC-2364A para pruebas de voltaje de resistencia de papel de aluminio de WV m\u00e1s bajo)   Gran capacidad de corriente de carga (500 mA) para acelerar la velocidad de carga   Fuente de voltaje de 1.0V ~ 650V \/ 800V DC   Rango de prueba de corriente de fuga de 0.001uA - 20.00mA con resoluci\u00f3n de 4 d\u00edgitos   Interfaz est\u00e1ndar RS-232   Interfaz GPIB &amp; Handler opcional   Temporizador digital en el interior   Comparador y funci\u00f3n de alarma de pasa \/ falla   Gran pantalla LCD (matriz de puntos de 240 x 64)   Interfaz de usuario amigable   Interfaz gr\u00e1fica de usuario de f\u00e1cil uso: softpanel (opcional)\" \/>\n<meta property=\"og:url\" content=\"https:\/\/techmasterdemexico.com\/producto\/condensador-de-corriente-de-fuga-medidor-de-infrarrojos\/\" \/>\n<meta property=\"og:site_name\" content=\"Techmaster de Mexico\" \/>\n<meta property=\"article:modified_time\" content=\"2021-12-28T22:29:44+00:00\" \/>\n<meta property=\"og:image\" content=\"https:\/\/techmasterdemexico.com\/wp-content\/uploads\/2021\/09\/product_slider_11200_1.jpg\" \/>\n\t<meta property=\"og:image:width\" content=\"500\" \/>\n\t<meta property=\"og:image:height\" content=\"500\" \/>\n\t<meta property=\"og:image:type\" content=\"image\/jpeg\" \/>\n<meta name=\"twitter:card\" content=\"summary_large_image\" \/>\n<meta name=\"twitter:label1\" content=\"Est. reading time\" \/>\n\t<meta name=\"twitter:data1\" content=\"1 minute\" \/>\n<script type=\"application\/ld+json\" class=\"yoast-schema-graph\">{\"@context\":\"https:\/\/schema.org\",\"@graph\":[{\"@type\":\"WebPage\",\"@id\":\"https:\/\/techmasterdemexico.com\/producto\/condensador-de-corriente-de-fuga-medidor-de-infrarrojos\/\",\"url\":\"https:\/\/techmasterdemexico.com\/producto\/condensador-de-corriente-de-fuga-medidor-de-infrarrojos\/\",\"name\":\"Condensador de corriente de fuga\/Medidor de Infrarrojos - Techmaster de Mexico\",\"isPartOf\":{\"@id\":\"https:\/\/techmasterdemexico.com\/#website\"},\"primaryImageOfPage\":{\"@id\":\"https:\/\/techmasterdemexico.com\/producto\/condensador-de-corriente-de-fuga-medidor-de-infrarrojos\/#primaryimage\"},\"image\":{\"@id\":\"https:\/\/techmasterdemexico.com\/producto\/condensador-de-corriente-de-fuga-medidor-de-infrarrojos\/#primaryimage\"},\"thumbnailUrl\":\"https:\/\/techmasterdemexico.com\/wp-content\/uploads\/2021\/09\/product_slider_11200_1.jpg\",\"datePublished\":\"2021-09-03T06:10:23+00:00\",\"dateModified\":\"2021-12-28T22:29:44+00:00\",\"breadcrumb\":{\"@id\":\"https:\/\/techmasterdemexico.com\/producto\/condensador-de-corriente-de-fuga-medidor-de-infrarrojos\/#breadcrumb\"},\"inLanguage\":\"en-US\",\"potentialAction\":[{\"@type\":\"ReadAction\",\"target\":[\"https:\/\/techmasterdemexico.com\/producto\/condensador-de-corriente-de-fuga-medidor-de-infrarrojos\/\"]}]},{\"@type\":\"ImageObject\",\"inLanguage\":\"en-US\",\"@id\":\"https:\/\/techmasterdemexico.com\/producto\/condensador-de-corriente-de-fuga-medidor-de-infrarrojos\/#primaryimage\",\"url\":\"https:\/\/techmasterdemexico.com\/wp-content\/uploads\/2021\/09\/product_slider_11200_1.jpg\",\"contentUrl\":\"https:\/\/techmasterdemexico.com\/wp-content\/uploads\/2021\/09\/product_slider_11200_1.jpg\",\"width\":500,\"height\":500},{\"@type\":\"BreadcrumbList\",\"@id\":\"https:\/\/techmasterdemexico.com\/producto\/condensador-de-corriente-de-fuga-medidor-de-infrarrojos\/#breadcrumb\",\"itemListElement\":[{\"@type\":\"ListItem\",\"position\":1,\"name\":\"Portada\",\"item\":\"https:\/\/techmasterdemexico.com\/\"},{\"@type\":\"ListItem\",\"position\":2,\"name\":\"Condensador de corriente de fuga\/Medidor de Infrarrojos\"}]},{\"@type\":\"WebSite\",\"@id\":\"https:\/\/techmasterdemexico.com\/#website\",\"url\":\"https:\/\/techmasterdemexico.com\/\",\"name\":\"Techmaster de Mexico\",\"description\":\"\",\"potentialAction\":[{\"@type\":\"SearchAction\",\"target\":{\"@type\":\"EntryPoint\",\"urlTemplate\":\"https:\/\/techmasterdemexico.com\/?s={search_term_string}\"},\"query-input\":{\"@type\":\"PropertyValueSpecification\",\"valueRequired\":true,\"valueName\":\"search_term_string\"}}],\"inLanguage\":\"en-US\"}]}<\/script>\n<!-- \/ Yoast SEO plugin. -->","yoast_head_json":{"title":"Condensador de corriente de fuga\/Medidor de Infrarrojos - Techmaster de Mexico","robots":{"index":"index","follow":"follow","max-snippet":"max-snippet:-1","max-image-preview":"max-image-preview:large","max-video-preview":"max-video-preview:-1"},"canonical":"https:\/\/techmasterdemexico.com\/producto\/condensador-de-corriente-de-fuga-medidor-de-infrarrojos\/","og_locale":"en_US","og_type":"article","og_title":"Condensador de corriente de fuga\/Medidor de Infrarrojos - Techmaster de Mexico","og_description":"Funci\u00f3n de prueba de corriente de fuga de condensador electrol\u00edtico   Funci\u00f3n de prueba de resistencia de aislamiento (IR)   Fuente de alimentaci\u00f3n CC de corriente constante con funci\u00f3n de descarga   Funci\u00f3n de voltaje directo para diodo, LED, diodo Zener y varistor   Funci\u00f3n de prueba de sobretensi\u00f3n para condensador electrol\u00edtico (JIS C5101 \/ 5102\/5140\/5141)   Funci\u00f3n de verificaci\u00f3n de contacto opcional para mejorar la confiabilidad de la prueba   Precisi\u00f3n b\u00e1sica: 0,3%   Funci\u00f3n de prueba de voltaje de resistencia y tiempo de subida de papel de aluminio (para EIAJ RC-2364A)   Capacidad de carga de precisi\u00f3n de baja corriente constante (0.5mA \u00b1 0.05mA, cumple con el requisito EIAJ RC-2364A para pruebas de voltaje de resistencia de papel de aluminio de WV m\u00e1s bajo)   Gran capacidad de corriente de carga (500 mA) para acelerar la velocidad de carga   Fuente de voltaje de 1.0V ~ 650V \/ 800V DC   Rango de prueba de corriente de fuga de 0.001uA - 20.00mA con resoluci\u00f3n de 4 d\u00edgitos   Interfaz est\u00e1ndar RS-232   Interfaz GPIB &amp; Handler opcional   Temporizador digital en el interior   Comparador y funci\u00f3n de alarma de pasa \/ falla   Gran pantalla LCD (matriz de puntos de 240 x 64)   Interfaz de usuario amigable   Interfaz gr\u00e1fica de usuario de f\u00e1cil uso: softpanel (opcional)","og_url":"https:\/\/techmasterdemexico.com\/producto\/condensador-de-corriente-de-fuga-medidor-de-infrarrojos\/","og_site_name":"Techmaster de Mexico","article_modified_time":"2021-12-28T22:29:44+00:00","og_image":[{"width":500,"height":500,"url":"https:\/\/techmasterdemexico.com\/wp-content\/uploads\/2021\/09\/product_slider_11200_1.jpg","type":"image\/jpeg"}],"twitter_card":"summary_large_image","twitter_misc":{"Est. reading time":"1 minute"},"schema":{"@context":"https:\/\/schema.org","@graph":[{"@type":"WebPage","@id":"https:\/\/techmasterdemexico.com\/producto\/condensador-de-corriente-de-fuga-medidor-de-infrarrojos\/","url":"https:\/\/techmasterdemexico.com\/producto\/condensador-de-corriente-de-fuga-medidor-de-infrarrojos\/","name":"Condensador de corriente de fuga\/Medidor de Infrarrojos - Techmaster de Mexico","isPartOf":{"@id":"https:\/\/techmasterdemexico.com\/#website"},"primaryImageOfPage":{"@id":"https:\/\/techmasterdemexico.com\/producto\/condensador-de-corriente-de-fuga-medidor-de-infrarrojos\/#primaryimage"},"image":{"@id":"https:\/\/techmasterdemexico.com\/producto\/condensador-de-corriente-de-fuga-medidor-de-infrarrojos\/#primaryimage"},"thumbnailUrl":"https:\/\/techmasterdemexico.com\/wp-content\/uploads\/2021\/09\/product_slider_11200_1.jpg","datePublished":"2021-09-03T06:10:23+00:00","dateModified":"2021-12-28T22:29:44+00:00","breadcrumb":{"@id":"https:\/\/techmasterdemexico.com\/producto\/condensador-de-corriente-de-fuga-medidor-de-infrarrojos\/#breadcrumb"},"inLanguage":"en-US","potentialAction":[{"@type":"ReadAction","target":["https:\/\/techmasterdemexico.com\/producto\/condensador-de-corriente-de-fuga-medidor-de-infrarrojos\/"]}]},{"@type":"ImageObject","inLanguage":"en-US","@id":"https:\/\/techmasterdemexico.com\/producto\/condensador-de-corriente-de-fuga-medidor-de-infrarrojos\/#primaryimage","url":"https:\/\/techmasterdemexico.com\/wp-content\/uploads\/2021\/09\/product_slider_11200_1.jpg","contentUrl":"https:\/\/techmasterdemexico.com\/wp-content\/uploads\/2021\/09\/product_slider_11200_1.jpg","width":500,"height":500},{"@type":"BreadcrumbList","@id":"https:\/\/techmasterdemexico.com\/producto\/condensador-de-corriente-de-fuga-medidor-de-infrarrojos\/#breadcrumb","itemListElement":[{"@type":"ListItem","position":1,"name":"Portada","item":"https:\/\/techmasterdemexico.com\/"},{"@type":"ListItem","position":2,"name":"Condensador de corriente de fuga\/Medidor de Infrarrojos"}]},{"@type":"WebSite","@id":"https:\/\/techmasterdemexico.com\/#website","url":"https:\/\/techmasterdemexico.com\/","name":"Techmaster de Mexico","description":"","potentialAction":[{"@type":"SearchAction","target":{"@type":"EntryPoint","urlTemplate":"https:\/\/techmasterdemexico.com\/?s={search_term_string}"},"query-input":{"@type":"PropertyValueSpecification","valueRequired":true,"valueName":"search_term_string"}}],"inLanguage":"en-US"}]}},"brands":[{"id":90,"name":"Chroma","slug":"chroma"}],"_links":{"self":[{"href":"https:\/\/techmasterdemexico.com\/en\/wp-json\/wp\/v2\/product\/9028","targetHints":{"allow":["GET"]}}],"collection":[{"href":"https:\/\/techmasterdemexico.com\/en\/wp-json\/wp\/v2\/product"}],"about":[{"href":"https:\/\/techmasterdemexico.com\/en\/wp-json\/wp\/v2\/types\/product"}],"wp:featuredmedia":[{"embeddable":true,"href":"https:\/\/techmasterdemexico.com\/en\/wp-json\/wp\/v2\/media\/9055"}],"wp:attachment":[{"href":"https:\/\/techmasterdemexico.com\/en\/wp-json\/wp\/v2\/media?parent=9028"}],"wp:term":[{"taxonomy":"pwb-brand","embeddable":true,"href":"https:\/\/techmasterdemexico.com\/en\/wp-json\/wp\/v2\/pwb-brand?post=9028"},{"taxonomy":"product_brand","embeddable":true,"href":"https:\/\/techmasterdemexico.com\/en\/wp-json\/wp\/v2\/product_brand?post=9028"},{"taxonomy":"product_cat","embeddable":true,"href":"https:\/\/techmasterdemexico.com\/en\/wp-json\/wp\/v2\/product_cat?post=9028"},{"taxonomy":"product_tag","embeddable":true,"href":"https:\/\/techmasterdemexico.com\/en\/wp-json\/wp\/v2\/product_tag?post=9028"}],"curies":[{"name":"wp","href":"https:\/\/api.w.org\/{rel}","templated":true}]}}