{"id":9027,"date":"2021-09-03T06:10:22","date_gmt":"2021-09-03T06:10:22","guid":{"rendered":"https:\/\/techmastermx.ddns.net\/producto\/medidor-hf-lcr-11050-series\/"},"modified":"2021-12-28T22:29:45","modified_gmt":"2021-12-28T22:29:45","slug":"medidor-hf-lcr-11050-series","status":"publish","type":"product","link":"https:\/\/techmasterdemexico.com\/en\/producto\/medidor-hf-lcr-11050-series\/","title":{"rendered":"Medidor HF LCR 11050 Series"},"content":{"rendered":"<p>Medidores LCR de alta frecuencia hasta 30MHz &#8211; 11050<\/p>\n<p>El medidor HF LCR Chroma serie 11050 es un instrumento de prueba de precisi\u00f3n dise\u00f1ado para medir y evaluar con precisi\u00f3n componentes pasivos a altas velocidades. Sus capacidades de medici\u00f3n cubren los par\u00e1metros primarios y secundarios requeridos para probar la inductancia, capacitancia, resistencia, factor de calidad y factor de p\u00e9rdida de componentes pasivos. El medidor HF LCR tiene un amplio rango de frecuencia de prueba 75kHz ~ 30MHz \/ 1kHz ~ 10 MHz \/ 60Hz ~ 5MHz adecuado para analizar las caracter\u00edsticas de los componentes en diferentes frecuencias. Su precisi\u00f3n de medici\u00f3n b\u00e1sica del 0,1% proporciona resultados estables y altamente fiables. Una r\u00e1pida velocidad de medici\u00f3n de 7 ms aumenta efectivamente la productividad cuando se trabaja en un entorno automatizado.<\/p>\n","protected":false},"excerpt":{"rendered":"<ul>\n<li>Par\u00e1metros de prueba: L \/ C \/ R \/ Z \/ Y \/ DCR \/ Q \/ D \/ \u03b8<\/li>\n<li>Frecuencias de prueba: 75 kHz ~ 30 MHz \/ 1 kHz ~ 10 MHz \/ 60 Hz ~ 5 MHz<\/li>\n<li>Nivel de prueba: 10 mV ~ 5 V<\/li>\n<li>Precisi\u00f3n b\u00e1sica: 0,1%<\/li>\n<li>Medici\u00f3n de alta velocidad de 7 ms<\/li>\n<li>3 modos de impedancia de salida<\/li>\n<li>Funci\u00f3n de supervisi\u00f3n de la se\u00f1al de prueba<\/li>\n<li>Funci\u00f3n de comparaci\u00f3n y clasificaci\u00f3n de contenedores<\/li>\n<li>Funciones de correcci\u00f3n de carga y puesta a cero abierta \/ corta<\/li>\n<li>Dise\u00f1o de unidad de medici\u00f3n y visualizaci\u00f3n independiente<\/li>\n<li>Controlador est\u00e1ndar, RS-232C, almacenamiento USB e interfaz de control de corriente de polarizaci\u00f3n externa<\/li>\n<li>Interfaz GPIB o LAN opcional<\/li>\n<\/ul>\n","protected":false},"featured_media":9059,"template":"","meta":{"_acf_changed":false},"pwb-brand":[90],"product_brand":[],"product_cat":[366,91,113],"product_tag":[],"class_list":{"0":"post-9027","1":"product","2":"type-product","3":"status-publish","4":"has-post-thumbnail","6":"pwb-brand-chroma","7":"product_cat-todos-los-productos","8":"product_cat-chroma","9":"product_cat-lcr-meters","11":"first","12":"instock","13":"taxable","14":"shipping-taxable","15":"product-type-simple"},"acf":[],"yoast_head":"<!-- This site is optimized with the Yoast SEO plugin v27.2 - https:\/\/yoast.com\/product\/yoast-seo-wordpress\/ -->\n<title>Medidor HF LCR 11050 Series - Techmaster de Mexico<\/title>\n<meta name=\"robots\" content=\"index, follow, max-snippet:-1, max-image-preview:large, max-video-preview:-1\" \/>\n<link rel=\"canonical\" href=\"https:\/\/techmasterdemexico.com\/producto\/medidor-hf-lcr-11050-series\/\" \/>\n<meta property=\"og:locale\" content=\"en_US\" \/>\n<meta property=\"og:type\" content=\"article\" \/>\n<meta property=\"og:title\" content=\"Medidor HF LCR 11050 Series - Techmaster de Mexico\" \/>\n<meta property=\"og:description\" content=\"Par\u00e1metros de prueba: L \/ C \/ R \/ Z \/ Y \/ DCR \/ Q \/ D \/ \u03b8   Frecuencias de prueba: 75 kHz ~ 30 MHz \/ 1 kHz ~ 10 MHz \/ 60 Hz ~ 5 MHz   Nivel de prueba: 10 mV ~ 5 V   Precisi\u00f3n b\u00e1sica: 0,1%   Medici\u00f3n de alta velocidad de 7 ms   3 modos de impedancia de salida   Funci\u00f3n de supervisi\u00f3n de la se\u00f1al de prueba   Funci\u00f3n de comparaci\u00f3n y clasificaci\u00f3n de contenedores   Funciones de correcci\u00f3n de carga y puesta a cero abierta \/ corta   Dise\u00f1o de unidad de medici\u00f3n y visualizaci\u00f3n independiente   Controlador est\u00e1ndar, RS-232C, almacenamiento USB e interfaz de control de corriente de polarizaci\u00f3n externa   Interfaz GPIB o LAN opcional\" \/>\n<meta property=\"og:url\" content=\"https:\/\/techmasterdemexico.com\/producto\/medidor-hf-lcr-11050-series\/\" \/>\n<meta property=\"og:site_name\" content=\"Techmaster de Mexico\" \/>\n<meta property=\"article:modified_time\" content=\"2021-12-28T22:29:45+00:00\" \/>\n<meta property=\"og:image\" content=\"https:\/\/techmasterdemexico.com\/wp-content\/uploads\/2021\/09\/product_slider_11050.jpg\" \/>\n\t<meta property=\"og:image:width\" content=\"500\" \/>\n\t<meta property=\"og:image:height\" content=\"500\" \/>\n\t<meta property=\"og:image:type\" content=\"image\/jpeg\" \/>\n<meta name=\"twitter:card\" content=\"summary_large_image\" \/>\n<meta name=\"twitter:label1\" content=\"Est. reading time\" \/>\n\t<meta name=\"twitter:data1\" content=\"1 minute\" \/>\n<script type=\"application\/ld+json\" class=\"yoast-schema-graph\">{\"@context\":\"https:\/\/schema.org\",\"@graph\":[{\"@type\":\"WebPage\",\"@id\":\"https:\/\/techmasterdemexico.com\/producto\/medidor-hf-lcr-11050-series\/\",\"url\":\"https:\/\/techmasterdemexico.com\/producto\/medidor-hf-lcr-11050-series\/\",\"name\":\"Medidor HF LCR 11050 Series - Techmaster de Mexico\",\"isPartOf\":{\"@id\":\"https:\/\/techmasterdemexico.com\/#website\"},\"primaryImageOfPage\":{\"@id\":\"https:\/\/techmasterdemexico.com\/producto\/medidor-hf-lcr-11050-series\/#primaryimage\"},\"image\":{\"@id\":\"https:\/\/techmasterdemexico.com\/producto\/medidor-hf-lcr-11050-series\/#primaryimage\"},\"thumbnailUrl\":\"https:\/\/techmasterdemexico.com\/wp-content\/uploads\/2021\/09\/product_slider_11050.jpg\",\"datePublished\":\"2021-09-03T06:10:22+00:00\",\"dateModified\":\"2021-12-28T22:29:45+00:00\",\"breadcrumb\":{\"@id\":\"https:\/\/techmasterdemexico.com\/producto\/medidor-hf-lcr-11050-series\/#breadcrumb\"},\"inLanguage\":\"en-US\",\"potentialAction\":[{\"@type\":\"ReadAction\",\"target\":[\"https:\/\/techmasterdemexico.com\/producto\/medidor-hf-lcr-11050-series\/\"]}]},{\"@type\":\"ImageObject\",\"inLanguage\":\"en-US\",\"@id\":\"https:\/\/techmasterdemexico.com\/producto\/medidor-hf-lcr-11050-series\/#primaryimage\",\"url\":\"https:\/\/techmasterdemexico.com\/wp-content\/uploads\/2021\/09\/product_slider_11050.jpg\",\"contentUrl\":\"https:\/\/techmasterdemexico.com\/wp-content\/uploads\/2021\/09\/product_slider_11050.jpg\",\"width\":500,\"height\":500},{\"@type\":\"BreadcrumbList\",\"@id\":\"https:\/\/techmasterdemexico.com\/producto\/medidor-hf-lcr-11050-series\/#breadcrumb\",\"itemListElement\":[{\"@type\":\"ListItem\",\"position\":1,\"name\":\"Portada\",\"item\":\"https:\/\/techmasterdemexico.com\/\"},{\"@type\":\"ListItem\",\"position\":2,\"name\":\"Medidor HF LCR 11050 Series\"}]},{\"@type\":\"WebSite\",\"@id\":\"https:\/\/techmasterdemexico.com\/#website\",\"url\":\"https:\/\/techmasterdemexico.com\/\",\"name\":\"Techmaster de Mexico\",\"description\":\"\",\"potentialAction\":[{\"@type\":\"SearchAction\",\"target\":{\"@type\":\"EntryPoint\",\"urlTemplate\":\"https:\/\/techmasterdemexico.com\/?s={search_term_string}\"},\"query-input\":{\"@type\":\"PropertyValueSpecification\",\"valueRequired\":true,\"valueName\":\"search_term_string\"}}],\"inLanguage\":\"en-US\"}]}<\/script>\n<!-- \/ Yoast SEO plugin. -->","yoast_head_json":{"title":"Medidor HF LCR 11050 Series - Techmaster de Mexico","robots":{"index":"index","follow":"follow","max-snippet":"max-snippet:-1","max-image-preview":"max-image-preview:large","max-video-preview":"max-video-preview:-1"},"canonical":"https:\/\/techmasterdemexico.com\/producto\/medidor-hf-lcr-11050-series\/","og_locale":"en_US","og_type":"article","og_title":"Medidor HF LCR 11050 Series - Techmaster de Mexico","og_description":"Par\u00e1metros de prueba: L \/ C \/ R \/ Z \/ Y \/ DCR \/ Q \/ D \/ \u03b8   Frecuencias de prueba: 75 kHz ~ 30 MHz \/ 1 kHz ~ 10 MHz \/ 60 Hz ~ 5 MHz   Nivel de prueba: 10 mV ~ 5 V   Precisi\u00f3n b\u00e1sica: 0,1%   Medici\u00f3n de alta velocidad de 7 ms   3 modos de impedancia de salida   Funci\u00f3n de supervisi\u00f3n de la se\u00f1al de prueba   Funci\u00f3n de comparaci\u00f3n y clasificaci\u00f3n de contenedores   Funciones de correcci\u00f3n de carga y puesta a cero abierta \/ corta   Dise\u00f1o de unidad de medici\u00f3n y visualizaci\u00f3n independiente   Controlador est\u00e1ndar, RS-232C, almacenamiento USB e interfaz de control de corriente de polarizaci\u00f3n externa   Interfaz GPIB o LAN opcional","og_url":"https:\/\/techmasterdemexico.com\/producto\/medidor-hf-lcr-11050-series\/","og_site_name":"Techmaster de Mexico","article_modified_time":"2021-12-28T22:29:45+00:00","og_image":[{"width":500,"height":500,"url":"https:\/\/techmasterdemexico.com\/wp-content\/uploads\/2021\/09\/product_slider_11050.jpg","type":"image\/jpeg"}],"twitter_card":"summary_large_image","twitter_misc":{"Est. reading time":"1 minute"},"schema":{"@context":"https:\/\/schema.org","@graph":[{"@type":"WebPage","@id":"https:\/\/techmasterdemexico.com\/producto\/medidor-hf-lcr-11050-series\/","url":"https:\/\/techmasterdemexico.com\/producto\/medidor-hf-lcr-11050-series\/","name":"Medidor HF LCR 11050 Series - Techmaster de Mexico","isPartOf":{"@id":"https:\/\/techmasterdemexico.com\/#website"},"primaryImageOfPage":{"@id":"https:\/\/techmasterdemexico.com\/producto\/medidor-hf-lcr-11050-series\/#primaryimage"},"image":{"@id":"https:\/\/techmasterdemexico.com\/producto\/medidor-hf-lcr-11050-series\/#primaryimage"},"thumbnailUrl":"https:\/\/techmasterdemexico.com\/wp-content\/uploads\/2021\/09\/product_slider_11050.jpg","datePublished":"2021-09-03T06:10:22+00:00","dateModified":"2021-12-28T22:29:45+00:00","breadcrumb":{"@id":"https:\/\/techmasterdemexico.com\/producto\/medidor-hf-lcr-11050-series\/#breadcrumb"},"inLanguage":"en-US","potentialAction":[{"@type":"ReadAction","target":["https:\/\/techmasterdemexico.com\/producto\/medidor-hf-lcr-11050-series\/"]}]},{"@type":"ImageObject","inLanguage":"en-US","@id":"https:\/\/techmasterdemexico.com\/producto\/medidor-hf-lcr-11050-series\/#primaryimage","url":"https:\/\/techmasterdemexico.com\/wp-content\/uploads\/2021\/09\/product_slider_11050.jpg","contentUrl":"https:\/\/techmasterdemexico.com\/wp-content\/uploads\/2021\/09\/product_slider_11050.jpg","width":500,"height":500},{"@type":"BreadcrumbList","@id":"https:\/\/techmasterdemexico.com\/producto\/medidor-hf-lcr-11050-series\/#breadcrumb","itemListElement":[{"@type":"ListItem","position":1,"name":"Portada","item":"https:\/\/techmasterdemexico.com\/"},{"@type":"ListItem","position":2,"name":"Medidor HF LCR 11050 Series"}]},{"@type":"WebSite","@id":"https:\/\/techmasterdemexico.com\/#website","url":"https:\/\/techmasterdemexico.com\/","name":"Techmaster de Mexico","description":"","potentialAction":[{"@type":"SearchAction","target":{"@type":"EntryPoint","urlTemplate":"https:\/\/techmasterdemexico.com\/?s={search_term_string}"},"query-input":{"@type":"PropertyValueSpecification","valueRequired":true,"valueName":"search_term_string"}}],"inLanguage":"en-US"}]}},"brands":[{"id":90,"name":"Chroma","slug":"chroma"}],"_links":{"self":[{"href":"https:\/\/techmasterdemexico.com\/en\/wp-json\/wp\/v2\/product\/9027","targetHints":{"allow":["GET"]}}],"collection":[{"href":"https:\/\/techmasterdemexico.com\/en\/wp-json\/wp\/v2\/product"}],"about":[{"href":"https:\/\/techmasterdemexico.com\/en\/wp-json\/wp\/v2\/types\/product"}],"wp:featuredmedia":[{"embeddable":true,"href":"https:\/\/techmasterdemexico.com\/en\/wp-json\/wp\/v2\/media\/9059"}],"wp:attachment":[{"href":"https:\/\/techmasterdemexico.com\/en\/wp-json\/wp\/v2\/media?parent=9027"}],"wp:term":[{"taxonomy":"pwb-brand","embeddable":true,"href":"https:\/\/techmasterdemexico.com\/en\/wp-json\/wp\/v2\/pwb-brand?post=9027"},{"taxonomy":"product_brand","embeddable":true,"href":"https:\/\/techmasterdemexico.com\/en\/wp-json\/wp\/v2\/product_brand?post=9027"},{"taxonomy":"product_cat","embeddable":true,"href":"https:\/\/techmasterdemexico.com\/en\/wp-json\/wp\/v2\/product_cat?post=9027"},{"taxonomy":"product_tag","embeddable":true,"href":"https:\/\/techmasterdemexico.com\/en\/wp-json\/wp\/v2\/product_tag?post=9027"}],"curies":[{"name":"wp","href":"https:\/\/api.w.org\/{rel}","templated":true}]}}