{"id":9026,"date":"2021-09-03T06:10:22","date_gmt":"2021-09-03T06:10:22","guid":{"rendered":"https:\/\/techmastermx.ddns.net\/producto\/medidor-lcr-11022-11025\/"},"modified":"2021-12-28T22:29:44","modified_gmt":"2021-12-28T22:29:44","slug":"medidor-lcr-11022-11025","status":"publish","type":"product","link":"https:\/\/techmasterdemexico.com\/en\/producto\/medidor-lcr-11022-11025\/","title":{"rendered":"Medidor LCR 11022\/11025"},"content":{"rendered":"<p>Medidor LCR 50Hz-100kHz &#8211; 11022\/11025<\/p>\n<p>Los medidores Chroma 11022 y 11025 LCR son probadores de componentes pasivos que pueden brindarle la alternativa m\u00e1s rentable equivalente a medidores de alto precio. Est\u00e1n dise\u00f1ados para aplicaciones exigentes en pruebas de producci\u00f3n, inspecci\u00f3n de entrada, dise\u00f1o de componentes y evaluaci\u00f3n. Los ajustes de nivel de se\u00f1al de prueba programables son de 10 mV a 1 V en pasos de 10 mV, y las funciones del monitor de nivel de se\u00f1al VM \/ IM le permiten evaluar sus dispositivos en el nivel que especifique. Se pueden utilizar diez frecuencias de prueba de 50Hz, 60Hz, 100Hz, 120Hz, 1kHz, 10kHz, 20kHz, 40kHz, 50kHz y 100kHz para evaluar componentes pasivos y transformadores \/ bobinas LF.<\/p>\n","protected":false},"excerpt":{"rendered":"<ul>\n<li>Precisi\u00f3n b\u00e1sica del 0,1%<\/li>\n<li>Par\u00e1metros de prueba del transformador (11025), relaci\u00f3n de vueltas, DCR, inductancia mutua<\/li>\n<li>Frecuencias de prueba de 50Hz, 60Hz, 100Hz, 120Hz, 1kHz, 10kHz, 20kHz, 40kHz, 50kHz, 100kHz<\/li>\n<li>Tiempo de medici\u00f3n de 21 ms (\u2265100 Hz)<\/li>\n<li>Compatible con comandos del medidor LCR Agilent 4263B<\/li>\n<li>4 modos de resistencia de salida diferentes seleccionables para medici\u00f3n de condensadores y inductores no lineales<\/li>\n<li>Alta resoluci\u00f3n en baja impedancia (0.01m\u03a9) y alta precisi\u00f3n 0.3% hasta un rango de 100m\u03a9<\/li>\n<li>Corriente de polarizaci\u00f3n de CC ajustable hasta 200 mA (constante 25 \u03a9) (11025)<\/li>\n<li>Capacidad de control directo de fuente de corriente de polarizaci\u00f3n 1320<\/li>\n<li>0.01m\u03a9 ~ 99.99M\u03a9 amplio rango de medici\u00f3n (4 1\/2 d\u00edgitos)<\/li>\n<li>Funci\u00f3n de doble frecuencia (opci\u00f3n 11022) para producci\u00f3n autom\u00e1tica<\/li>\n<li>Funci\u00f3n comparador BIAS<\/li>\n<li>Funci\u00f3n de comparaci\u00f3n y funci\u00f3n de clasificaci\u00f3n de contenedores 8\/99<\/li>\n<li>Resultado del juez de pasa \/ no pasa para la producci\u00f3n autom\u00e1tica<\/li>\n<li>Borde de activaci\u00f3n de la interfaz del controlador (ascendente \/ descendente) programable<\/li>\n<li>Funci\u00f3n de monitorizaci\u00f3n de nivel de se\u00f1al de prueba<\/li>\n<li>RS-232, GPIB y controlador I \/ F est\u00e1ndar<\/li>\n<li>Puesta a cero abierta \/ corta, correcci\u00f3n de carga<\/li>\n<li>Controlador LabView \u00ae<\/li>\n<\/ul>\n","protected":false},"featured_media":9057,"template":"","meta":{"_acf_changed":false},"pwb-brand":[90],"product_brand":[],"product_cat":[366,91,113],"product_tag":[],"class_list":{"0":"post-9026","1":"product","2":"type-product","3":"status-publish","4":"has-post-thumbnail","6":"pwb-brand-chroma","7":"product_cat-todos-los-productos","8":"product_cat-chroma","9":"product_cat-lcr-meters","11":"first","12":"instock","13":"taxable","14":"shipping-taxable","15":"product-type-simple"},"acf":[],"yoast_head":"<!-- This site is optimized with the Yoast SEO plugin v27.2 - https:\/\/yoast.com\/product\/yoast-seo-wordpress\/ -->\n<title>Medidor LCR 11022\/11025 - Techmaster de Mexico<\/title>\n<meta name=\"robots\" content=\"index, follow, max-snippet:-1, max-image-preview:large, max-video-preview:-1\" \/>\n<link rel=\"canonical\" href=\"https:\/\/techmasterdemexico.com\/producto\/medidor-lcr-11022-11025\/\" \/>\n<meta property=\"og:locale\" content=\"en_US\" \/>\n<meta property=\"og:type\" content=\"article\" \/>\n<meta property=\"og:title\" content=\"Medidor LCR 11022\/11025 - Techmaster de Mexico\" \/>\n<meta property=\"og:description\" content=\"Precisi\u00f3n b\u00e1sica del 0,1%   Par\u00e1metros de prueba del transformador (11025), relaci\u00f3n de vueltas, DCR, inductancia mutua   Frecuencias de prueba de 50Hz, 60Hz, 100Hz, 120Hz, 1kHz, 10kHz, 20kHz, 40kHz, 50kHz, 100kHz   Tiempo de medici\u00f3n de 21 ms (\u2265100 Hz)   Compatible con comandos del medidor LCR Agilent 4263B   4 modos de resistencia de salida diferentes seleccionables para medici\u00f3n de condensadores y inductores no lineales   Alta resoluci\u00f3n en baja impedancia (0.01m\u03a9) y alta precisi\u00f3n 0.3% hasta un rango de 100m\u03a9   Corriente de polarizaci\u00f3n de CC ajustable hasta 200 mA (constante 25 \u03a9) (11025)   Capacidad de control directo de fuente de corriente de polarizaci\u00f3n 1320   0.01m\u03a9 ~ 99.99M\u03a9 amplio rango de medici\u00f3n (4 1\/2 d\u00edgitos)   Funci\u00f3n de doble frecuencia (opci\u00f3n 11022) para producci\u00f3n autom\u00e1tica   Funci\u00f3n comparador BIAS   Funci\u00f3n de comparaci\u00f3n y funci\u00f3n de clasificaci\u00f3n de contenedores 8\/99   Resultado del juez de pasa \/ no pasa para la producci\u00f3n autom\u00e1tica   Borde de activaci\u00f3n de la interfaz del controlador (ascendente \/ descendente) programable   Funci\u00f3n de monitorizaci\u00f3n de nivel de se\u00f1al de prueba   RS-232, GPIB y controlador I \/ F est\u00e1ndar   Puesta a cero abierta \/ corta, correcci\u00f3n de carga   Controlador LabView \u00ae\" \/>\n<meta property=\"og:url\" content=\"https:\/\/techmasterdemexico.com\/producto\/medidor-lcr-11022-11025\/\" \/>\n<meta property=\"og:site_name\" content=\"Techmaster de Mexico\" \/>\n<meta property=\"article:modified_time\" content=\"2021-12-28T22:29:44+00:00\" \/>\n<meta property=\"og:image\" content=\"https:\/\/techmasterdemexico.com\/wp-content\/uploads\/2021\/09\/product_slider_11022.jpg\" \/>\n\t<meta property=\"og:image:width\" content=\"500\" \/>\n\t<meta property=\"og:image:height\" content=\"500\" \/>\n\t<meta property=\"og:image:type\" content=\"image\/jpeg\" \/>\n<meta name=\"twitter:card\" content=\"summary_large_image\" \/>\n<meta name=\"twitter:label1\" content=\"Est. reading time\" \/>\n\t<meta name=\"twitter:data1\" content=\"1 minute\" \/>\n<script type=\"application\/ld+json\" class=\"yoast-schema-graph\">{\"@context\":\"https:\/\/schema.org\",\"@graph\":[{\"@type\":\"WebPage\",\"@id\":\"https:\/\/techmasterdemexico.com\/producto\/medidor-lcr-11022-11025\/\",\"url\":\"https:\/\/techmasterdemexico.com\/producto\/medidor-lcr-11022-11025\/\",\"name\":\"Medidor LCR 11022\/11025 - Techmaster de Mexico\",\"isPartOf\":{\"@id\":\"https:\/\/techmasterdemexico.com\/#website\"},\"primaryImageOfPage\":{\"@id\":\"https:\/\/techmasterdemexico.com\/producto\/medidor-lcr-11022-11025\/#primaryimage\"},\"image\":{\"@id\":\"https:\/\/techmasterdemexico.com\/producto\/medidor-lcr-11022-11025\/#primaryimage\"},\"thumbnailUrl\":\"https:\/\/techmasterdemexico.com\/wp-content\/uploads\/2021\/09\/product_slider_11022.jpg\",\"datePublished\":\"2021-09-03T06:10:22+00:00\",\"dateModified\":\"2021-12-28T22:29:44+00:00\",\"breadcrumb\":{\"@id\":\"https:\/\/techmasterdemexico.com\/producto\/medidor-lcr-11022-11025\/#breadcrumb\"},\"inLanguage\":\"en-US\",\"potentialAction\":[{\"@type\":\"ReadAction\",\"target\":[\"https:\/\/techmasterdemexico.com\/producto\/medidor-lcr-11022-11025\/\"]}]},{\"@type\":\"ImageObject\",\"inLanguage\":\"en-US\",\"@id\":\"https:\/\/techmasterdemexico.com\/producto\/medidor-lcr-11022-11025\/#primaryimage\",\"url\":\"https:\/\/techmasterdemexico.com\/wp-content\/uploads\/2021\/09\/product_slider_11022.jpg\",\"contentUrl\":\"https:\/\/techmasterdemexico.com\/wp-content\/uploads\/2021\/09\/product_slider_11022.jpg\",\"width\":500,\"height\":500},{\"@type\":\"BreadcrumbList\",\"@id\":\"https:\/\/techmasterdemexico.com\/producto\/medidor-lcr-11022-11025\/#breadcrumb\",\"itemListElement\":[{\"@type\":\"ListItem\",\"position\":1,\"name\":\"Portada\",\"item\":\"https:\/\/techmasterdemexico.com\/\"},{\"@type\":\"ListItem\",\"position\":2,\"name\":\"Medidor LCR 11022\/11025\"}]},{\"@type\":\"WebSite\",\"@id\":\"https:\/\/techmasterdemexico.com\/#website\",\"url\":\"https:\/\/techmasterdemexico.com\/\",\"name\":\"Techmaster de Mexico\",\"description\":\"\",\"potentialAction\":[{\"@type\":\"SearchAction\",\"target\":{\"@type\":\"EntryPoint\",\"urlTemplate\":\"https:\/\/techmasterdemexico.com\/?s={search_term_string}\"},\"query-input\":{\"@type\":\"PropertyValueSpecification\",\"valueRequired\":true,\"valueName\":\"search_term_string\"}}],\"inLanguage\":\"en-US\"}]}<\/script>\n<!-- \/ Yoast SEO plugin. -->","yoast_head_json":{"title":"Medidor LCR 11022\/11025 - Techmaster de Mexico","robots":{"index":"index","follow":"follow","max-snippet":"max-snippet:-1","max-image-preview":"max-image-preview:large","max-video-preview":"max-video-preview:-1"},"canonical":"https:\/\/techmasterdemexico.com\/producto\/medidor-lcr-11022-11025\/","og_locale":"en_US","og_type":"article","og_title":"Medidor LCR 11022\/11025 - Techmaster de Mexico","og_description":"Precisi\u00f3n b\u00e1sica del 0,1%   Par\u00e1metros de prueba del transformador (11025), relaci\u00f3n de vueltas, DCR, inductancia mutua   Frecuencias de prueba de 50Hz, 60Hz, 100Hz, 120Hz, 1kHz, 10kHz, 20kHz, 40kHz, 50kHz, 100kHz   Tiempo de medici\u00f3n de 21 ms (\u2265100 Hz)   Compatible con comandos del medidor LCR Agilent 4263B   4 modos de resistencia de salida diferentes seleccionables para medici\u00f3n de condensadores y inductores no lineales   Alta resoluci\u00f3n en baja impedancia (0.01m\u03a9) y alta precisi\u00f3n 0.3% hasta un rango de 100m\u03a9   Corriente de polarizaci\u00f3n de CC ajustable hasta 200 mA (constante 25 \u03a9) (11025)   Capacidad de control directo de fuente de corriente de polarizaci\u00f3n 1320   0.01m\u03a9 ~ 99.99M\u03a9 amplio rango de medici\u00f3n (4 1\/2 d\u00edgitos)   Funci\u00f3n de doble frecuencia (opci\u00f3n 11022) para producci\u00f3n autom\u00e1tica   Funci\u00f3n comparador BIAS   Funci\u00f3n de comparaci\u00f3n y funci\u00f3n de clasificaci\u00f3n de contenedores 8\/99   Resultado del juez de pasa \/ no pasa para la producci\u00f3n autom\u00e1tica   Borde de activaci\u00f3n de la interfaz del controlador (ascendente \/ descendente) programable   Funci\u00f3n de monitorizaci\u00f3n de nivel de se\u00f1al de prueba   RS-232, GPIB y controlador I \/ F est\u00e1ndar   Puesta a cero abierta \/ corta, correcci\u00f3n de carga   Controlador LabView \u00ae","og_url":"https:\/\/techmasterdemexico.com\/producto\/medidor-lcr-11022-11025\/","og_site_name":"Techmaster de Mexico","article_modified_time":"2021-12-28T22:29:44+00:00","og_image":[{"width":500,"height":500,"url":"https:\/\/techmasterdemexico.com\/wp-content\/uploads\/2021\/09\/product_slider_11022.jpg","type":"image\/jpeg"}],"twitter_card":"summary_large_image","twitter_misc":{"Est. reading time":"1 minute"},"schema":{"@context":"https:\/\/schema.org","@graph":[{"@type":"WebPage","@id":"https:\/\/techmasterdemexico.com\/producto\/medidor-lcr-11022-11025\/","url":"https:\/\/techmasterdemexico.com\/producto\/medidor-lcr-11022-11025\/","name":"Medidor LCR 11022\/11025 - Techmaster de Mexico","isPartOf":{"@id":"https:\/\/techmasterdemexico.com\/#website"},"primaryImageOfPage":{"@id":"https:\/\/techmasterdemexico.com\/producto\/medidor-lcr-11022-11025\/#primaryimage"},"image":{"@id":"https:\/\/techmasterdemexico.com\/producto\/medidor-lcr-11022-11025\/#primaryimage"},"thumbnailUrl":"https:\/\/techmasterdemexico.com\/wp-content\/uploads\/2021\/09\/product_slider_11022.jpg","datePublished":"2021-09-03T06:10:22+00:00","dateModified":"2021-12-28T22:29:44+00:00","breadcrumb":{"@id":"https:\/\/techmasterdemexico.com\/producto\/medidor-lcr-11022-11025\/#breadcrumb"},"inLanguage":"en-US","potentialAction":[{"@type":"ReadAction","target":["https:\/\/techmasterdemexico.com\/producto\/medidor-lcr-11022-11025\/"]}]},{"@type":"ImageObject","inLanguage":"en-US","@id":"https:\/\/techmasterdemexico.com\/producto\/medidor-lcr-11022-11025\/#primaryimage","url":"https:\/\/techmasterdemexico.com\/wp-content\/uploads\/2021\/09\/product_slider_11022.jpg","contentUrl":"https:\/\/techmasterdemexico.com\/wp-content\/uploads\/2021\/09\/product_slider_11022.jpg","width":500,"height":500},{"@type":"BreadcrumbList","@id":"https:\/\/techmasterdemexico.com\/producto\/medidor-lcr-11022-11025\/#breadcrumb","itemListElement":[{"@type":"ListItem","position":1,"name":"Portada","item":"https:\/\/techmasterdemexico.com\/"},{"@type":"ListItem","position":2,"name":"Medidor LCR 11022\/11025"}]},{"@type":"WebSite","@id":"https:\/\/techmasterdemexico.com\/#website","url":"https:\/\/techmasterdemexico.com\/","name":"Techmaster de Mexico","description":"","potentialAction":[{"@type":"SearchAction","target":{"@type":"EntryPoint","urlTemplate":"https:\/\/techmasterdemexico.com\/?s={search_term_string}"},"query-input":{"@type":"PropertyValueSpecification","valueRequired":true,"valueName":"search_term_string"}}],"inLanguage":"en-US"}]}},"brands":[{"id":90,"name":"Chroma","slug":"chroma"}],"_links":{"self":[{"href":"https:\/\/techmasterdemexico.com\/en\/wp-json\/wp\/v2\/product\/9026","targetHints":{"allow":["GET"]}}],"collection":[{"href":"https:\/\/techmasterdemexico.com\/en\/wp-json\/wp\/v2\/product"}],"about":[{"href":"https:\/\/techmasterdemexico.com\/en\/wp-json\/wp\/v2\/types\/product"}],"wp:featuredmedia":[{"embeddable":true,"href":"https:\/\/techmasterdemexico.com\/en\/wp-json\/wp\/v2\/media\/9057"}],"wp:attachment":[{"href":"https:\/\/techmasterdemexico.com\/en\/wp-json\/wp\/v2\/media?parent=9026"}],"wp:term":[{"taxonomy":"pwb-brand","embeddable":true,"href":"https:\/\/techmasterdemexico.com\/en\/wp-json\/wp\/v2\/pwb-brand?post=9026"},{"taxonomy":"product_brand","embeddable":true,"href":"https:\/\/techmasterdemexico.com\/en\/wp-json\/wp\/v2\/product_brand?post=9026"},{"taxonomy":"product_cat","embeddable":true,"href":"https:\/\/techmasterdemexico.com\/en\/wp-json\/wp\/v2\/product_cat?post=9026"},{"taxonomy":"product_tag","embeddable":true,"href":"https:\/\/techmasterdemexico.com\/en\/wp-json\/wp\/v2\/product_tag?post=9026"}],"curies":[{"name":"wp","href":"https:\/\/api.w.org\/{rel}","templated":true}]}}