{"id":9024,"date":"2021-09-03T06:10:21","date_gmt":"2021-09-03T06:10:21","guid":{"rendered":"https:\/\/techmastermx.ddns.net\/producto\/comprobador-de-bobinado-por-impulsos\/"},"modified":"2021-12-28T22:29:45","modified_gmt":"2021-12-28T22:29:45","slug":"comprobador-de-bobinado-por-impulsos","status":"publish","type":"product","link":"https:\/\/techmasterdemexico.com\/en\/producto\/comprobador-de-bobinado-por-impulsos\/","title":{"rendered":"Comprobador de bobinado por impulsos"},"content":{"rendered":"<p>Inductor de potencia &#8211; Probador de bobinado de impulso &#8211; 19301A<\/p>\n<p>Probador de inductores<\/p>\n<p>El probador de bobinado por impulso 19301A combinado con tecnolog\u00eda aplicada de alta \/ baja inductancia tiene un voltaje de impulso de 1000 V y una frecuencia de muestreo de alta velocidad de 200 MHz que satisface los requisitos de prueba para una amplia gama de productos de inductancia de potencia de 0,1 uH a 100 uH. Las funciones integradas de tama\u00f1o de \u00e1rea y comparaci\u00f3n de \u00e1rea diferencial, valor de FLUTTER y valor de LAPLACIAN lo convierten en una forma eficaz de inspeccionar las bobinas en busca de un aislamiento deficiente.<\/p>\n<p>La unidad analiza la forma de onda a alta velocidad con un proceso de muestreo sofisticado para detectar con \u00e9xito bobinas con aislamiento deficiente y proporciona pruebas de tensi\u00f3n soportada en el devanado y la calidad del n\u00facleo magn\u00e9tico.<\/p>\n<p>El Chroma 19301A se puede aplicar a pruebas de componentes de bobinado de baja inductancia con una inductancia m\u00ednima de 0.1uH. Las funciones proporcionadas para pruebas de baja inductancia incluyen prueba de 4 cables, verificaci\u00f3n de contacto, verificaci\u00f3n de inductancia y compensaci\u00f3n de voltaje que evita errores de voltaje resultantes de la variaci\u00f3n de la inductancia del DUT o la inductancia de cableado equivalente.<\/p>\n<p>La pantalla colorida y la funci\u00f3n de captura de pantalla permiten al usuario guardar formas de onda a trav\u00e9s del puerto USB en el panel frontal. El 19031A es adecuado para la producci\u00f3n in situ, as\u00ed como para I + D y garant\u00eda de calidad.<\/p>\n","protected":false},"excerpt":{"rendered":"<ul>\n<li>Prueba de voltaje de impulso de 10V ~ 1000V, con resoluci\u00f3n de prueba de 0.25V<\/li>\n<li>Tasa de muestreo de prueba de alto impulso (200 MHz), 10 bits<\/li>\n<li>Prueba de inductancia alta \/ baja (0.1uH ~ 100uH)<\/li>\n<li>Funci\u00f3n de verificaci\u00f3n de contacto de inductancia<\/li>\n<li>Funci\u00f3n de compensaci\u00f3n de voltaje diferencial de inductancia<\/li>\n<li>Funci\u00f3n de an\u00e1lisis de voltaje de ruptura<\/li>\n<li>Rango de bajo voltaje para aumentar la sensibilidad del an\u00e1lisis de forma de onda (32 V \/ 64 V \/ 128 V \/ 256 V \/ 512 V \/ 1024 V)<\/li>\n<li>Puerto USB para almacenar formas de onda y captura de pantalla<\/li>\n<li>Pantalla gr\u00e1fica en color en varios idiomas<\/li>\n<li>Interfaces est\u00e1ndar LAN, USB y RS232<\/li>\n<\/ul>\n","protected":false},"featured_media":9061,"template":"","meta":{"_acf_changed":false},"pwb-brand":[90],"product_brand":[],"product_cat":[366,91,94],"product_tag":[],"class_list":{"0":"post-9024","1":"product","2":"type-product","3":"status-publish","4":"has-post-thumbnail","6":"pwb-brand-chroma","7":"product_cat-todos-los-productos","8":"product_cat-chroma","9":"product_cat-hipot-safety-tester","11":"first","12":"instock","13":"taxable","14":"shipping-taxable","15":"product-type-simple"},"acf":[],"yoast_head":"<!-- This site is optimized with the Yoast SEO plugin v27.3 - https:\/\/yoast.com\/product\/yoast-seo-wordpress\/ -->\n<title>Comprobador de bobinado por impulsos - Techmaster de Mexico<\/title>\n<meta name=\"robots\" content=\"index, follow, max-snippet:-1, max-image-preview:large, max-video-preview:-1\" \/>\n<link rel=\"canonical\" href=\"https:\/\/techmasterdemexico.com\/producto\/comprobador-de-bobinado-por-impulsos\/\" \/>\n<meta property=\"og:locale\" content=\"en_US\" \/>\n<meta property=\"og:type\" content=\"article\" \/>\n<meta property=\"og:title\" content=\"Comprobador de bobinado por impulsos - Techmaster de Mexico\" \/>\n<meta property=\"og:description\" content=\"Prueba de voltaje de impulso de 10V ~ 1000V, con resoluci\u00f3n de prueba de 0.25V   Tasa de muestreo de prueba de alto impulso (200 MHz), 10 bits   Prueba de inductancia alta \/ baja (0.1uH ~ 100uH)   Funci\u00f3n de verificaci\u00f3n de contacto de inductancia   Funci\u00f3n de compensaci\u00f3n de voltaje diferencial de inductancia   Funci\u00f3n de an\u00e1lisis de voltaje de ruptura   Rango de bajo voltaje para aumentar la sensibilidad del an\u00e1lisis de forma de onda (32 V \/ 64 V \/ 128 V \/ 256 V \/ 512 V \/ 1024 V)   Puerto USB para almacenar formas de onda y captura de pantalla   Pantalla gr\u00e1fica en color en varios idiomas   Interfaces est\u00e1ndar LAN, USB y RS232\" \/>\n<meta property=\"og:url\" content=\"https:\/\/techmasterdemexico.com\/producto\/comprobador-de-bobinado-por-impulsos\/\" \/>\n<meta property=\"og:site_name\" content=\"Techmaster de Mexico\" \/>\n<meta property=\"article:modified_time\" content=\"2021-12-28T22:29:45+00:00\" \/>\n<meta property=\"og:image\" content=\"https:\/\/techmasterdemexico.com\/wp-content\/uploads\/2021\/09\/product_slider_19031A.jpg\" \/>\n\t<meta property=\"og:image:width\" content=\"500\" \/>\n\t<meta property=\"og:image:height\" content=\"500\" \/>\n\t<meta property=\"og:image:type\" content=\"image\/jpeg\" \/>\n<meta name=\"twitter:card\" content=\"summary_large_image\" \/>\n<meta name=\"twitter:label1\" content=\"Est. reading time\" \/>\n\t<meta name=\"twitter:data1\" content=\"1 minute\" \/>\n<script type=\"application\/ld+json\" class=\"yoast-schema-graph\">{\"@context\":\"https:\\\/\\\/schema.org\",\"@graph\":[{\"@type\":\"WebPage\",\"@id\":\"https:\\\/\\\/techmasterdemexico.com\\\/producto\\\/comprobador-de-bobinado-por-impulsos\\\/\",\"url\":\"https:\\\/\\\/techmasterdemexico.com\\\/producto\\\/comprobador-de-bobinado-por-impulsos\\\/\",\"name\":\"Comprobador de bobinado por impulsos - Techmaster de Mexico\",\"isPartOf\":{\"@id\":\"https:\\\/\\\/techmasterdemexico.com\\\/#website\"},\"primaryImageOfPage\":{\"@id\":\"https:\\\/\\\/techmasterdemexico.com\\\/producto\\\/comprobador-de-bobinado-por-impulsos\\\/#primaryimage\"},\"image\":{\"@id\":\"https:\\\/\\\/techmasterdemexico.com\\\/producto\\\/comprobador-de-bobinado-por-impulsos\\\/#primaryimage\"},\"thumbnailUrl\":\"https:\\\/\\\/techmasterdemexico.com\\\/wp-content\\\/uploads\\\/2021\\\/09\\\/product_slider_19031A.jpg\",\"datePublished\":\"2021-09-03T06:10:21+00:00\",\"dateModified\":\"2021-12-28T22:29:45+00:00\",\"breadcrumb\":{\"@id\":\"https:\\\/\\\/techmasterdemexico.com\\\/producto\\\/comprobador-de-bobinado-por-impulsos\\\/#breadcrumb\"},\"inLanguage\":\"en-US\",\"potentialAction\":[{\"@type\":\"ReadAction\",\"target\":[\"https:\\\/\\\/techmasterdemexico.com\\\/producto\\\/comprobador-de-bobinado-por-impulsos\\\/\"]}]},{\"@type\":\"ImageObject\",\"inLanguage\":\"en-US\",\"@id\":\"https:\\\/\\\/techmasterdemexico.com\\\/producto\\\/comprobador-de-bobinado-por-impulsos\\\/#primaryimage\",\"url\":\"https:\\\/\\\/techmasterdemexico.com\\\/wp-content\\\/uploads\\\/2021\\\/09\\\/product_slider_19031A.jpg\",\"contentUrl\":\"https:\\\/\\\/techmasterdemexico.com\\\/wp-content\\\/uploads\\\/2021\\\/09\\\/product_slider_19031A.jpg\",\"width\":500,\"height\":500},{\"@type\":\"BreadcrumbList\",\"@id\":\"https:\\\/\\\/techmasterdemexico.com\\\/producto\\\/comprobador-de-bobinado-por-impulsos\\\/#breadcrumb\",\"itemListElement\":[{\"@type\":\"ListItem\",\"position\":1,\"name\":\"Portada\",\"item\":\"https:\\\/\\\/techmasterdemexico.com\\\/\"},{\"@type\":\"ListItem\",\"position\":2,\"name\":\"Comprobador de bobinado por impulsos\"}]},{\"@type\":\"WebSite\",\"@id\":\"https:\\\/\\\/techmasterdemexico.com\\\/#website\",\"url\":\"https:\\\/\\\/techmasterdemexico.com\\\/\",\"name\":\"Techmaster de Mexico\",\"description\":\"\",\"potentialAction\":[{\"@type\":\"SearchAction\",\"target\":{\"@type\":\"EntryPoint\",\"urlTemplate\":\"https:\\\/\\\/techmasterdemexico.com\\\/?s={search_term_string}\"},\"query-input\":{\"@type\":\"PropertyValueSpecification\",\"valueRequired\":true,\"valueName\":\"search_term_string\"}}],\"inLanguage\":\"en-US\"}]}<\/script>\n<!-- \/ Yoast SEO plugin. -->","yoast_head_json":{"title":"Comprobador de bobinado por impulsos - Techmaster de Mexico","robots":{"index":"index","follow":"follow","max-snippet":"max-snippet:-1","max-image-preview":"max-image-preview:large","max-video-preview":"max-video-preview:-1"},"canonical":"https:\/\/techmasterdemexico.com\/producto\/comprobador-de-bobinado-por-impulsos\/","og_locale":"en_US","og_type":"article","og_title":"Comprobador de bobinado por impulsos - Techmaster de Mexico","og_description":"Prueba de voltaje de impulso de 10V ~ 1000V, con resoluci\u00f3n de prueba de 0.25V   Tasa de muestreo de prueba de alto impulso (200 MHz), 10 bits   Prueba de inductancia alta \/ baja (0.1uH ~ 100uH)   Funci\u00f3n de verificaci\u00f3n de contacto de inductancia   Funci\u00f3n de compensaci\u00f3n de voltaje diferencial de inductancia   Funci\u00f3n de an\u00e1lisis de voltaje de ruptura   Rango de bajo voltaje para aumentar la sensibilidad del an\u00e1lisis de forma de onda (32 V \/ 64 V \/ 128 V \/ 256 V \/ 512 V \/ 1024 V)   Puerto USB para almacenar formas de onda y captura de pantalla   Pantalla gr\u00e1fica en color en varios idiomas   Interfaces est\u00e1ndar LAN, USB y RS232","og_url":"https:\/\/techmasterdemexico.com\/producto\/comprobador-de-bobinado-por-impulsos\/","og_site_name":"Techmaster de Mexico","article_modified_time":"2021-12-28T22:29:45+00:00","og_image":[{"width":500,"height":500,"url":"https:\/\/techmasterdemexico.com\/wp-content\/uploads\/2021\/09\/product_slider_19031A.jpg","type":"image\/jpeg"}],"twitter_card":"summary_large_image","twitter_misc":{"Est. reading time":"1 minute"},"schema":{"@context":"https:\/\/schema.org","@graph":[{"@type":"WebPage","@id":"https:\/\/techmasterdemexico.com\/producto\/comprobador-de-bobinado-por-impulsos\/","url":"https:\/\/techmasterdemexico.com\/producto\/comprobador-de-bobinado-por-impulsos\/","name":"Comprobador de bobinado por impulsos - Techmaster de Mexico","isPartOf":{"@id":"https:\/\/techmasterdemexico.com\/#website"},"primaryImageOfPage":{"@id":"https:\/\/techmasterdemexico.com\/producto\/comprobador-de-bobinado-por-impulsos\/#primaryimage"},"image":{"@id":"https:\/\/techmasterdemexico.com\/producto\/comprobador-de-bobinado-por-impulsos\/#primaryimage"},"thumbnailUrl":"https:\/\/techmasterdemexico.com\/wp-content\/uploads\/2021\/09\/product_slider_19031A.jpg","datePublished":"2021-09-03T06:10:21+00:00","dateModified":"2021-12-28T22:29:45+00:00","breadcrumb":{"@id":"https:\/\/techmasterdemexico.com\/producto\/comprobador-de-bobinado-por-impulsos\/#breadcrumb"},"inLanguage":"en-US","potentialAction":[{"@type":"ReadAction","target":["https:\/\/techmasterdemexico.com\/producto\/comprobador-de-bobinado-por-impulsos\/"]}]},{"@type":"ImageObject","inLanguage":"en-US","@id":"https:\/\/techmasterdemexico.com\/producto\/comprobador-de-bobinado-por-impulsos\/#primaryimage","url":"https:\/\/techmasterdemexico.com\/wp-content\/uploads\/2021\/09\/product_slider_19031A.jpg","contentUrl":"https:\/\/techmasterdemexico.com\/wp-content\/uploads\/2021\/09\/product_slider_19031A.jpg","width":500,"height":500},{"@type":"BreadcrumbList","@id":"https:\/\/techmasterdemexico.com\/producto\/comprobador-de-bobinado-por-impulsos\/#breadcrumb","itemListElement":[{"@type":"ListItem","position":1,"name":"Portada","item":"https:\/\/techmasterdemexico.com\/"},{"@type":"ListItem","position":2,"name":"Comprobador de bobinado por impulsos"}]},{"@type":"WebSite","@id":"https:\/\/techmasterdemexico.com\/#website","url":"https:\/\/techmasterdemexico.com\/","name":"Techmaster de Mexico","description":"","potentialAction":[{"@type":"SearchAction","target":{"@type":"EntryPoint","urlTemplate":"https:\/\/techmasterdemexico.com\/?s={search_term_string}"},"query-input":{"@type":"PropertyValueSpecification","valueRequired":true,"valueName":"search_term_string"}}],"inLanguage":"en-US"}]}},"brands":[{"id":90,"name":"Chroma","slug":"chroma"}],"_links":{"self":[{"href":"https:\/\/techmasterdemexico.com\/en\/wp-json\/wp\/v2\/product\/9024","targetHints":{"allow":["GET"]}}],"collection":[{"href":"https:\/\/techmasterdemexico.com\/en\/wp-json\/wp\/v2\/product"}],"about":[{"href":"https:\/\/techmasterdemexico.com\/en\/wp-json\/wp\/v2\/types\/product"}],"wp:featuredmedia":[{"embeddable":true,"href":"https:\/\/techmasterdemexico.com\/en\/wp-json\/wp\/v2\/media\/9061"}],"wp:attachment":[{"href":"https:\/\/techmasterdemexico.com\/en\/wp-json\/wp\/v2\/media?parent=9024"}],"wp:term":[{"taxonomy":"pwb-brand","embeddable":true,"href":"https:\/\/techmasterdemexico.com\/en\/wp-json\/wp\/v2\/pwb-brand?post=9024"},{"taxonomy":"product_brand","embeddable":true,"href":"https:\/\/techmasterdemexico.com\/en\/wp-json\/wp\/v2\/product_brand?post=9024"},{"taxonomy":"product_cat","embeddable":true,"href":"https:\/\/techmasterdemexico.com\/en\/wp-json\/wp\/v2\/product_cat?post=9024"},{"taxonomy":"product_tag","embeddable":true,"href":"https:\/\/techmasterdemexico.com\/en\/wp-json\/wp\/v2\/product_tag?post=9024"}],"curies":[{"name":"wp","href":"https:\/\/api.w.org\/{rel}","templated":true}]}}