{"id":9015,"date":"2021-09-03T06:10:16","date_gmt":"2021-09-03T06:10:16","guid":{"rendered":"https:\/\/techmastermx.ddns.net\/producto\/comprobador-de-hipot-ac-dc-ir-19070-19050-series\/"},"modified":"2021-12-28T22:29:07","modified_gmt":"2021-12-28T22:29:07","slug":"comprobador-de-hipot-ac-dc-ir-19070-19050-series","status":"publish","type":"product","link":"https:\/\/techmasterdemexico.com\/en\/producto\/comprobador-de-hipot-ac-dc-ir-19070-19050-series\/","title":{"rendered":"Comprobador de Hipot AC\/DC\/IR 19070 &#038; 19050 Series"},"content":{"rendered":"<p>Probador Guardian Hipot AC \/ DC \/ IR \/ SCAN &#8211; 19050<\/p>\n<p>El probador Hipot Chroma Guardian de la serie 19050 se compone de tres modelos. El Guardian 19052 es capaz de realizar pruebas de CA \/ CC \/ IR Hipot y mediciones de resistencia de aislamiento (IR). El Guardian 19053 combina pruebas Hipot de CA y CC y mediciones de infrarrojos con capacidades de canal de exploraci\u00f3n de 8HV. El Guardian 19054 combina pruebas Hipot de CA y CC y mediciones de infrarrojos con capacidades de canal de escaneo 4HV. La operaci\u00f3n del panel frontal, la pantalla digital y los controles f\u00e1ciles de usar permiten que los par\u00e1metros y l\u00edmites de prueba se establezcan f\u00e1cilmente sin activaci\u00f3n de alto voltaje.<\/p>\n","protected":false},"excerpt":{"rendered":"<ul>\n<li>Probador hipot AC \/ DC \/ IR 3 en 1<\/li>\n<li>Salida AC 5kV y DC 6kV<\/li>\n<li>Prueba de resistencia de aislamiento de 1 kV<\/li>\n<li>Medici\u00f3n de la resistencia de aislamiento: 1 M\u03a9 ~ 10 G\u03a9<\/li>\n<li>Verificaci\u00f3n de continuidad de tierra<\/li>\n<li>Funci\u00f3n Open Short Check (OSC)<\/li>\n<li>GFI apaga el instrumento cuando la corriente de desequilibrio&gt; 0.5mA<\/li>\n<li>Detecci\u00f3n de descargas disruptivas (ARC)<\/li>\n<li>Descarga r\u00e1pida de DUT en prueba IR y DC<\/li>\n<li>Modo de pausa<\/li>\n<li>Gran pantalla LCD (matriz de 240 x 64 puntos)<\/li>\n<li>Aprobado por UL y TUV (* ver especificaciones)<\/li>\n<li>marca CE<\/li>\n<li>Rampa \/ ca\u00edda programable y tiempo de prueba<\/li>\n<li>L\u00edmite alto \/ bajo programable<\/li>\n<li>Funci\u00f3n de prueba de programa de guardar \/ recuperar<\/li>\n<li>Soporte de interfaz y control remoto<\/li>\n<li>Garant\u00eda de f\u00e1brica de 2 a\u00f1os<\/li>\n<\/ul>\n","protected":false},"featured_media":9074,"template":"","meta":{"_acf_changed":false},"pwb-brand":[90],"product_brand":[],"product_cat":[366,91,94],"product_tag":[],"class_list":{"0":"post-9015","1":"product","2":"type-product","3":"status-publish","4":"has-post-thumbnail","6":"pwb-brand-chroma","7":"product_cat-todos-los-productos","8":"product_cat-chroma","9":"product_cat-hipot-safety-tester","11":"first","12":"instock","13":"taxable","14":"shipping-taxable","15":"product-type-simple"},"acf":[],"yoast_head":"<!-- This site is optimized with the Yoast SEO plugin v27.4 - https:\/\/yoast.com\/product\/yoast-seo-wordpress\/ -->\n<title>Comprobador de Hipot AC\/DC\/IR 19070 &amp; 19050 Series - Techmaster de Mexico<\/title>\n<meta name=\"robots\" content=\"index, follow, max-snippet:-1, max-image-preview:large, max-video-preview:-1\" \/>\n<link rel=\"canonical\" href=\"https:\/\/techmasterdemexico.com\/producto\/comprobador-de-hipot-ac-dc-ir-19070-19050-series\/\" \/>\n<meta property=\"og:locale\" content=\"en_US\" \/>\n<meta property=\"og:type\" content=\"article\" \/>\n<meta property=\"og:title\" content=\"Comprobador de Hipot AC\/DC\/IR 19070 &amp; 19050 Series - Techmaster de Mexico\" \/>\n<meta property=\"og:description\" content=\"Probador hipot AC \/ DC \/ IR 3 en 1   Salida AC 5kV y DC 6kV   Prueba de resistencia de aislamiento de 1 kV   Medici\u00f3n de la resistencia de aislamiento: 1 M\u03a9 ~ 10 G\u03a9   Verificaci\u00f3n de continuidad de tierra   Funci\u00f3n Open Short Check (OSC)   GFI apaga el instrumento cuando la corriente de desequilibrio&gt; 0.5mA   Detecci\u00f3n de descargas disruptivas (ARC)   Descarga r\u00e1pida de DUT en prueba IR y DC   Modo de pausa   Gran pantalla LCD (matriz de 240 x 64 puntos)   Aprobado por UL y TUV (* ver especificaciones)   marca CE   Rampa \/ ca\u00edda programable y tiempo de prueba   L\u00edmite alto \/ bajo programable   Funci\u00f3n de prueba de programa de guardar \/ recuperar   Soporte de interfaz y control remoto   Garant\u00eda de f\u00e1brica de 2 a\u00f1os\" \/>\n<meta property=\"og:url\" content=\"https:\/\/techmasterdemexico.com\/producto\/comprobador-de-hipot-ac-dc-ir-19070-19050-series\/\" \/>\n<meta property=\"og:site_name\" content=\"Techmaster de Mexico\" \/>\n<meta property=\"article:modified_time\" content=\"2021-12-28T22:29:07+00:00\" \/>\n<meta property=\"og:image\" content=\"https:\/\/techmasterdemexico.com\/wp-content\/uploads\/2021\/09\/product_slider_safety_19050.jpg\" \/>\n\t<meta property=\"og:image:width\" content=\"500\" \/>\n\t<meta property=\"og:image:height\" content=\"500\" \/>\n\t<meta property=\"og:image:type\" content=\"image\/jpeg\" \/>\n<meta name=\"twitter:card\" content=\"summary_large_image\" \/>\n<meta name=\"twitter:label1\" content=\"Est. reading time\" \/>\n\t<meta name=\"twitter:data1\" content=\"1 minute\" \/>\n<script type=\"application\/ld+json\" class=\"yoast-schema-graph\">{\"@context\":\"https:\\\/\\\/schema.org\",\"@graph\":[{\"@type\":\"WebPage\",\"@id\":\"https:\\\/\\\/techmasterdemexico.com\\\/producto\\\/comprobador-de-hipot-ac-dc-ir-19070-19050-series\\\/\",\"url\":\"https:\\\/\\\/techmasterdemexico.com\\\/producto\\\/comprobador-de-hipot-ac-dc-ir-19070-19050-series\\\/\",\"name\":\"Comprobador de Hipot AC\\\/DC\\\/IR 19070 & 19050 Series - Techmaster de Mexico\",\"isPartOf\":{\"@id\":\"https:\\\/\\\/techmasterdemexico.com\\\/#website\"},\"primaryImageOfPage\":{\"@id\":\"https:\\\/\\\/techmasterdemexico.com\\\/producto\\\/comprobador-de-hipot-ac-dc-ir-19070-19050-series\\\/#primaryimage\"},\"image\":{\"@id\":\"https:\\\/\\\/techmasterdemexico.com\\\/producto\\\/comprobador-de-hipot-ac-dc-ir-19070-19050-series\\\/#primaryimage\"},\"thumbnailUrl\":\"https:\\\/\\\/techmasterdemexico.com\\\/wp-content\\\/uploads\\\/2021\\\/09\\\/product_slider_safety_19050.jpg\",\"datePublished\":\"2021-09-03T06:10:16+00:00\",\"dateModified\":\"2021-12-28T22:29:07+00:00\",\"breadcrumb\":{\"@id\":\"https:\\\/\\\/techmasterdemexico.com\\\/producto\\\/comprobador-de-hipot-ac-dc-ir-19070-19050-series\\\/#breadcrumb\"},\"inLanguage\":\"en-US\",\"potentialAction\":[{\"@type\":\"ReadAction\",\"target\":[\"https:\\\/\\\/techmasterdemexico.com\\\/producto\\\/comprobador-de-hipot-ac-dc-ir-19070-19050-series\\\/\"]}]},{\"@type\":\"ImageObject\",\"inLanguage\":\"en-US\",\"@id\":\"https:\\\/\\\/techmasterdemexico.com\\\/producto\\\/comprobador-de-hipot-ac-dc-ir-19070-19050-series\\\/#primaryimage\",\"url\":\"https:\\\/\\\/techmasterdemexico.com\\\/wp-content\\\/uploads\\\/2021\\\/09\\\/product_slider_safety_19050.jpg\",\"contentUrl\":\"https:\\\/\\\/techmasterdemexico.com\\\/wp-content\\\/uploads\\\/2021\\\/09\\\/product_slider_safety_19050.jpg\",\"width\":500,\"height\":500},{\"@type\":\"BreadcrumbList\",\"@id\":\"https:\\\/\\\/techmasterdemexico.com\\\/producto\\\/comprobador-de-hipot-ac-dc-ir-19070-19050-series\\\/#breadcrumb\",\"itemListElement\":[{\"@type\":\"ListItem\",\"position\":1,\"name\":\"Portada\",\"item\":\"https:\\\/\\\/techmasterdemexico.com\\\/\"},{\"@type\":\"ListItem\",\"position\":2,\"name\":\"Comprobador de Hipot AC\\\/DC\\\/IR 19070 &#038; 19050 Series\"}]},{\"@type\":\"WebSite\",\"@id\":\"https:\\\/\\\/techmasterdemexico.com\\\/#website\",\"url\":\"https:\\\/\\\/techmasterdemexico.com\\\/\",\"name\":\"Techmaster de Mexico\",\"description\":\"\",\"potentialAction\":[{\"@type\":\"SearchAction\",\"target\":{\"@type\":\"EntryPoint\",\"urlTemplate\":\"https:\\\/\\\/techmasterdemexico.com\\\/?s={search_term_string}\"},\"query-input\":{\"@type\":\"PropertyValueSpecification\",\"valueRequired\":true,\"valueName\":\"search_term_string\"}}],\"inLanguage\":\"en-US\"}]}<\/script>\n<!-- \/ Yoast SEO plugin. -->","yoast_head_json":{"title":"Comprobador de Hipot AC\/DC\/IR 19070 & 19050 Series - Techmaster de Mexico","robots":{"index":"index","follow":"follow","max-snippet":"max-snippet:-1","max-image-preview":"max-image-preview:large","max-video-preview":"max-video-preview:-1"},"canonical":"https:\/\/techmasterdemexico.com\/producto\/comprobador-de-hipot-ac-dc-ir-19070-19050-series\/","og_locale":"en_US","og_type":"article","og_title":"Comprobador de Hipot AC\/DC\/IR 19070 & 19050 Series - Techmaster de Mexico","og_description":"Probador hipot AC \/ DC \/ IR 3 en 1   Salida AC 5kV y DC 6kV   Prueba de resistencia de aislamiento de 1 kV   Medici\u00f3n de la resistencia de aislamiento: 1 M\u03a9 ~ 10 G\u03a9   Verificaci\u00f3n de continuidad de tierra   Funci\u00f3n Open Short Check (OSC)   GFI apaga el instrumento cuando la corriente de desequilibrio&gt; 0.5mA   Detecci\u00f3n de descargas disruptivas (ARC)   Descarga r\u00e1pida de DUT en prueba IR y DC   Modo de pausa   Gran pantalla LCD (matriz de 240 x 64 puntos)   Aprobado por UL y TUV (* ver especificaciones)   marca CE   Rampa \/ ca\u00edda programable y tiempo de prueba   L\u00edmite alto \/ bajo programable   Funci\u00f3n de prueba de programa de guardar \/ recuperar   Soporte de interfaz y control remoto   Garant\u00eda de f\u00e1brica de 2 a\u00f1os","og_url":"https:\/\/techmasterdemexico.com\/producto\/comprobador-de-hipot-ac-dc-ir-19070-19050-series\/","og_site_name":"Techmaster de Mexico","article_modified_time":"2021-12-28T22:29:07+00:00","og_image":[{"width":500,"height":500,"url":"https:\/\/techmasterdemexico.com\/wp-content\/uploads\/2021\/09\/product_slider_safety_19050.jpg","type":"image\/jpeg"}],"twitter_card":"summary_large_image","twitter_misc":{"Est. reading time":"1 minute"},"schema":{"@context":"https:\/\/schema.org","@graph":[{"@type":"WebPage","@id":"https:\/\/techmasterdemexico.com\/producto\/comprobador-de-hipot-ac-dc-ir-19070-19050-series\/","url":"https:\/\/techmasterdemexico.com\/producto\/comprobador-de-hipot-ac-dc-ir-19070-19050-series\/","name":"Comprobador de Hipot AC\/DC\/IR 19070 & 19050 Series - Techmaster de Mexico","isPartOf":{"@id":"https:\/\/techmasterdemexico.com\/#website"},"primaryImageOfPage":{"@id":"https:\/\/techmasterdemexico.com\/producto\/comprobador-de-hipot-ac-dc-ir-19070-19050-series\/#primaryimage"},"image":{"@id":"https:\/\/techmasterdemexico.com\/producto\/comprobador-de-hipot-ac-dc-ir-19070-19050-series\/#primaryimage"},"thumbnailUrl":"https:\/\/techmasterdemexico.com\/wp-content\/uploads\/2021\/09\/product_slider_safety_19050.jpg","datePublished":"2021-09-03T06:10:16+00:00","dateModified":"2021-12-28T22:29:07+00:00","breadcrumb":{"@id":"https:\/\/techmasterdemexico.com\/producto\/comprobador-de-hipot-ac-dc-ir-19070-19050-series\/#breadcrumb"},"inLanguage":"en-US","potentialAction":[{"@type":"ReadAction","target":["https:\/\/techmasterdemexico.com\/producto\/comprobador-de-hipot-ac-dc-ir-19070-19050-series\/"]}]},{"@type":"ImageObject","inLanguage":"en-US","@id":"https:\/\/techmasterdemexico.com\/producto\/comprobador-de-hipot-ac-dc-ir-19070-19050-series\/#primaryimage","url":"https:\/\/techmasterdemexico.com\/wp-content\/uploads\/2021\/09\/product_slider_safety_19050.jpg","contentUrl":"https:\/\/techmasterdemexico.com\/wp-content\/uploads\/2021\/09\/product_slider_safety_19050.jpg","width":500,"height":500},{"@type":"BreadcrumbList","@id":"https:\/\/techmasterdemexico.com\/producto\/comprobador-de-hipot-ac-dc-ir-19070-19050-series\/#breadcrumb","itemListElement":[{"@type":"ListItem","position":1,"name":"Portada","item":"https:\/\/techmasterdemexico.com\/"},{"@type":"ListItem","position":2,"name":"Comprobador de Hipot AC\/DC\/IR 19070 &#038; 19050 Series"}]},{"@type":"WebSite","@id":"https:\/\/techmasterdemexico.com\/#website","url":"https:\/\/techmasterdemexico.com\/","name":"Techmaster de Mexico","description":"","potentialAction":[{"@type":"SearchAction","target":{"@type":"EntryPoint","urlTemplate":"https:\/\/techmasterdemexico.com\/?s={search_term_string}"},"query-input":{"@type":"PropertyValueSpecification","valueRequired":true,"valueName":"search_term_string"}}],"inLanguage":"en-US"}]}},"brands":[{"id":90,"name":"Chroma","slug":"chroma"}],"_links":{"self":[{"href":"https:\/\/techmasterdemexico.com\/en\/wp-json\/wp\/v2\/product\/9015","targetHints":{"allow":["GET"]}}],"collection":[{"href":"https:\/\/techmasterdemexico.com\/en\/wp-json\/wp\/v2\/product"}],"about":[{"href":"https:\/\/techmasterdemexico.com\/en\/wp-json\/wp\/v2\/types\/product"}],"wp:featuredmedia":[{"embeddable":true,"href":"https:\/\/techmasterdemexico.com\/en\/wp-json\/wp\/v2\/media\/9074"}],"wp:attachment":[{"href":"https:\/\/techmasterdemexico.com\/en\/wp-json\/wp\/v2\/media?parent=9015"}],"wp:term":[{"taxonomy":"pwb-brand","embeddable":true,"href":"https:\/\/techmasterdemexico.com\/en\/wp-json\/wp\/v2\/pwb-brand?post=9015"},{"taxonomy":"product_brand","embeddable":true,"href":"https:\/\/techmasterdemexico.com\/en\/wp-json\/wp\/v2\/product_brand?post=9015"},{"taxonomy":"product_cat","embeddable":true,"href":"https:\/\/techmasterdemexico.com\/en\/wp-json\/wp\/v2\/product_cat?post=9015"},{"taxonomy":"product_tag","embeddable":true,"href":"https:\/\/techmasterdemexico.com\/en\/wp-json\/wp\/v2\/product_tag?post=9015"}],"curies":[{"name":"wp","href":"https:\/\/api.w.org\/{rel}","templated":true}]}}