{"id":8319,"date":"2021-08-19T19:28:50","date_gmt":"2021-08-19T19:28:50","guid":{"rendered":"http:\/\/techmastermx.ddns.net\/producto\/sonda-de-tension-sin-contacto-con-agitador\/"},"modified":"2021-12-28T22:29:07","modified_gmt":"2021-12-28T22:29:07","slug":"sonda-de-tension-sin-contacto-con-agitador","status":"publish","type":"product","link":"https:\/\/techmasterdemexico.com\/en\/producto\/sonda-de-tension-sin-contacto-con-agitador\/","title":{"rendered":"Sonda de tensi\u00f3n sin contacto con agitador"},"content":{"rendered":"<p>Sonda de voltaje sin contacto Amprobe VP-1000SB con agitador<\/p>\n<ul>\n<li>Proporciona detecci\u00f3n de voltaje CA sin contacto de 90 V CA a 1000 V CA con una clasificaci\u00f3n de seguridad CAT IV 1000 V<\/li>\n<li>Pruebas de voltaje CA en cables, disyuntores, enchufes de pared, cajas de conexiones, fusibles y m\u00e1s, sin necesidad de desconectar el sistema el\u00e9ctrico.<\/li>\n<li>Emite alertas simult\u00e1neas sonoras, visuales y de vibraci\u00f3n cuando se detecta voltaje<\/li>\n<li>Cuenta con una sonda completamente aislada, sin partes met\u00e1licas o conductoras expuestas<\/li>\n<li>Seguridad clasificada para aplicaciones en interiores y exteriores<\/li>\n<\/ul>\n<p>&nbsp;<\/p>\n<p>&nbsp;<\/p>\n<p>La sonda de voltaje sin contacto Amprobe VP-1000SB con vibrador y zumbador proporciona la m\u00e1xima seguridad y conveniencia para detectar voltaje de CA sin interrumpir los sistemas el\u00e9ctricos. Dise\u00f1ado para caber c\u00f3modamente en el bolsillo de su camisa, el VP-1000SB parece un bol\u00edgrafo detector de voltaje; Sin embargo, funciona en las aplicaciones interiores y exteriores m\u00e1s exigentes, funcionando como &#8216;siempre encendido&#8217; sin botones que presionar. El VP-1000SB proporciona alertas visuales, audibles y de vibraci\u00f3n cuando hay un voltaje de CA superior a 90 V, lo que permite al usuario distinguir entre cables vivos y neutros en los tomacorrientes convencionales. Las sondas de voltaje con niveles de sensibilidad establecidos por debajo de 90 V a menudo no permiten al usuario distinguir entre cables vivos y neutros.<\/p>\n","protected":false},"excerpt":{"rendered":"<p>Sonda de voltaje sin contacto Amprobe VP-1000SB con agitador Proporciona detecci\u00f3n de voltaje CA sin contacto de 90 V CA a 1000 V CA con una clasificaci\u00f3n de seguridad CAT IV 1000 V Pruebas de voltaje CA en cables, disyuntores, enchufes de pared, cajas de conexiones, fusibles y m\u00e1s, sin necesidad de desconectar el sistema [&hellip;]<\/p>\n","protected":false},"featured_media":8366,"template":"","meta":{"_acf_changed":false},"pwb-brand":[104],"product_brand":[],"product_cat":[366,101,167,109],"product_tag":[],"class_list":{"0":"post-8319","1":"product","2":"type-product","3":"status-publish","4":"has-post-thumbnail","6":"pwb-brand-amprobe","7":"product_cat-todos-los-productos","8":"product_cat-amprobe","9":"product_cat-comprobador-de-voltaje-sin-contacto-y-enchufe","10":"product_cat-probadores-electricos","12":"first","13":"instock","14":"taxable","15":"shipping-taxable","16":"product-type-simple"},"acf":[],"yoast_head":"<!-- This site is optimized with the Yoast SEO plugin v27.4 - https:\/\/yoast.com\/product\/yoast-seo-wordpress\/ -->\n<title>Sonda de tensi\u00f3n sin contacto con agitador - Techmaster de Mexico<\/title>\n<meta name=\"robots\" content=\"index, follow, max-snippet:-1, max-image-preview:large, max-video-preview:-1\" \/>\n<link rel=\"canonical\" href=\"https:\/\/techmasterdemexico.com\/en\/producto\/sonda-de-tension-sin-contacto-con-agitador\/\" \/>\n<meta property=\"og:locale\" content=\"en_US\" \/>\n<meta property=\"og:type\" content=\"article\" \/>\n<meta property=\"og:title\" content=\"Sonda de tensi\u00f3n sin contacto con agitador - Techmaster de Mexico\" \/>\n<meta property=\"og:description\" content=\"Sonda de voltaje sin contacto Amprobe VP-1000SB con agitador Proporciona detecci\u00f3n de voltaje CA sin contacto de 90 V CA a 1000 V CA con una clasificaci\u00f3n de seguridad CAT IV 1000 V Pruebas de voltaje CA en cables, disyuntores, enchufes de pared, cajas de conexiones, fusibles y m\u00e1s, sin necesidad de desconectar el sistema [&hellip;]\" \/>\n<meta property=\"og:url\" content=\"https:\/\/techmasterdemexico.com\/en\/producto\/sonda-de-tension-sin-contacto-con-agitador\/\" \/>\n<meta property=\"og:site_name\" content=\"Techmaster de Mexico\" \/>\n<meta property=\"article:modified_time\" content=\"2021-12-28T22:29:07+00:00\" \/>\n<meta property=\"og:image\" content=\"https:\/\/techmasterdemexico.com\/wp-content\/uploads\/2021\/08\/PD_VP1000SB-1.jpg\" \/>\n\t<meta property=\"og:image:width\" content=\"500\" \/>\n\t<meta property=\"og:image:height\" content=\"500\" \/>\n\t<meta property=\"og:image:type\" content=\"image\/jpeg\" \/>\n<meta name=\"twitter:card\" content=\"summary_large_image\" \/>\n<meta name=\"twitter:label1\" content=\"Est. reading time\" \/>\n\t<meta name=\"twitter:data1\" content=\"1 minute\" \/>\n<script type=\"application\/ld+json\" class=\"yoast-schema-graph\">{\"@context\":\"https:\\\/\\\/schema.org\",\"@graph\":[{\"@type\":\"WebPage\",\"@id\":\"https:\\\/\\\/techmasterdemexico.com\\\/en\\\/producto\\\/sonda-de-tension-sin-contacto-con-agitador\\\/\",\"url\":\"https:\\\/\\\/techmasterdemexico.com\\\/en\\\/producto\\\/sonda-de-tension-sin-contacto-con-agitador\\\/\",\"name\":\"Sonda de tensi\u00f3n sin contacto con agitador - Techmaster de Mexico\",\"isPartOf\":{\"@id\":\"https:\\\/\\\/techmasterdemexico.com\\\/#website\"},\"primaryImageOfPage\":{\"@id\":\"https:\\\/\\\/techmasterdemexico.com\\\/en\\\/producto\\\/sonda-de-tension-sin-contacto-con-agitador\\\/#primaryimage\"},\"image\":{\"@id\":\"https:\\\/\\\/techmasterdemexico.com\\\/en\\\/producto\\\/sonda-de-tension-sin-contacto-con-agitador\\\/#primaryimage\"},\"thumbnailUrl\":\"https:\\\/\\\/techmasterdemexico.com\\\/wp-content\\\/uploads\\\/2021\\\/08\\\/PD_VP1000SB-1.jpg\",\"datePublished\":\"2021-08-19T19:28:50+00:00\",\"dateModified\":\"2021-12-28T22:29:07+00:00\",\"breadcrumb\":{\"@id\":\"https:\\\/\\\/techmasterdemexico.com\\\/en\\\/producto\\\/sonda-de-tension-sin-contacto-con-agitador\\\/#breadcrumb\"},\"inLanguage\":\"en-US\",\"potentialAction\":[{\"@type\":\"ReadAction\",\"target\":[\"https:\\\/\\\/techmasterdemexico.com\\\/en\\\/producto\\\/sonda-de-tension-sin-contacto-con-agitador\\\/\"]}]},{\"@type\":\"ImageObject\",\"inLanguage\":\"en-US\",\"@id\":\"https:\\\/\\\/techmasterdemexico.com\\\/en\\\/producto\\\/sonda-de-tension-sin-contacto-con-agitador\\\/#primaryimage\",\"url\":\"https:\\\/\\\/techmasterdemexico.com\\\/wp-content\\\/uploads\\\/2021\\\/08\\\/PD_VP1000SB-1.jpg\",\"contentUrl\":\"https:\\\/\\\/techmasterdemexico.com\\\/wp-content\\\/uploads\\\/2021\\\/08\\\/PD_VP1000SB-1.jpg\",\"width\":500,\"height\":500},{\"@type\":\"BreadcrumbList\",\"@id\":\"https:\\\/\\\/techmasterdemexico.com\\\/en\\\/producto\\\/sonda-de-tension-sin-contacto-con-agitador\\\/#breadcrumb\",\"itemListElement\":[{\"@type\":\"ListItem\",\"position\":1,\"name\":\"Portada\",\"item\":\"https:\\\/\\\/techmasterdemexico.com\\\/\"},{\"@type\":\"ListItem\",\"position\":2,\"name\":\"Sonda de tensi\u00f3n sin contacto con agitador\"}]},{\"@type\":\"WebSite\",\"@id\":\"https:\\\/\\\/techmasterdemexico.com\\\/#website\",\"url\":\"https:\\\/\\\/techmasterdemexico.com\\\/\",\"name\":\"Techmaster de Mexico\",\"description\":\"\",\"potentialAction\":[{\"@type\":\"SearchAction\",\"target\":{\"@type\":\"EntryPoint\",\"urlTemplate\":\"https:\\\/\\\/techmasterdemexico.com\\\/?s={search_term_string}\"},\"query-input\":{\"@type\":\"PropertyValueSpecification\",\"valueRequired\":true,\"valueName\":\"search_term_string\"}}],\"inLanguage\":\"en-US\"}]}<\/script>\n<!-- \/ Yoast SEO plugin. -->","yoast_head_json":{"title":"Sonda de tensi\u00f3n sin contacto con agitador - Techmaster de Mexico","robots":{"index":"index","follow":"follow","max-snippet":"max-snippet:-1","max-image-preview":"max-image-preview:large","max-video-preview":"max-video-preview:-1"},"canonical":"https:\/\/techmasterdemexico.com\/en\/producto\/sonda-de-tension-sin-contacto-con-agitador\/","og_locale":"en_US","og_type":"article","og_title":"Sonda de tensi\u00f3n sin contacto con agitador - Techmaster de Mexico","og_description":"Sonda de voltaje sin contacto Amprobe VP-1000SB con agitador Proporciona detecci\u00f3n de voltaje CA sin contacto de 90 V CA a 1000 V CA con una clasificaci\u00f3n de seguridad CAT IV 1000 V Pruebas de voltaje CA en cables, disyuntores, enchufes de pared, cajas de conexiones, fusibles y m\u00e1s, sin necesidad de desconectar el sistema [&hellip;]","og_url":"https:\/\/techmasterdemexico.com\/en\/producto\/sonda-de-tension-sin-contacto-con-agitador\/","og_site_name":"Techmaster de Mexico","article_modified_time":"2021-12-28T22:29:07+00:00","og_image":[{"width":500,"height":500,"url":"https:\/\/techmasterdemexico.com\/wp-content\/uploads\/2021\/08\/PD_VP1000SB-1.jpg","type":"image\/jpeg"}],"twitter_card":"summary_large_image","twitter_misc":{"Est. reading time":"1 minute"},"schema":{"@context":"https:\/\/schema.org","@graph":[{"@type":"WebPage","@id":"https:\/\/techmasterdemexico.com\/en\/producto\/sonda-de-tension-sin-contacto-con-agitador\/","url":"https:\/\/techmasterdemexico.com\/en\/producto\/sonda-de-tension-sin-contacto-con-agitador\/","name":"Sonda de tensi\u00f3n sin contacto con agitador - Techmaster de Mexico","isPartOf":{"@id":"https:\/\/techmasterdemexico.com\/#website"},"primaryImageOfPage":{"@id":"https:\/\/techmasterdemexico.com\/en\/producto\/sonda-de-tension-sin-contacto-con-agitador\/#primaryimage"},"image":{"@id":"https:\/\/techmasterdemexico.com\/en\/producto\/sonda-de-tension-sin-contacto-con-agitador\/#primaryimage"},"thumbnailUrl":"https:\/\/techmasterdemexico.com\/wp-content\/uploads\/2021\/08\/PD_VP1000SB-1.jpg","datePublished":"2021-08-19T19:28:50+00:00","dateModified":"2021-12-28T22:29:07+00:00","breadcrumb":{"@id":"https:\/\/techmasterdemexico.com\/en\/producto\/sonda-de-tension-sin-contacto-con-agitador\/#breadcrumb"},"inLanguage":"en-US","potentialAction":[{"@type":"ReadAction","target":["https:\/\/techmasterdemexico.com\/en\/producto\/sonda-de-tension-sin-contacto-con-agitador\/"]}]},{"@type":"ImageObject","inLanguage":"en-US","@id":"https:\/\/techmasterdemexico.com\/en\/producto\/sonda-de-tension-sin-contacto-con-agitador\/#primaryimage","url":"https:\/\/techmasterdemexico.com\/wp-content\/uploads\/2021\/08\/PD_VP1000SB-1.jpg","contentUrl":"https:\/\/techmasterdemexico.com\/wp-content\/uploads\/2021\/08\/PD_VP1000SB-1.jpg","width":500,"height":500},{"@type":"BreadcrumbList","@id":"https:\/\/techmasterdemexico.com\/en\/producto\/sonda-de-tension-sin-contacto-con-agitador\/#breadcrumb","itemListElement":[{"@type":"ListItem","position":1,"name":"Portada","item":"https:\/\/techmasterdemexico.com\/"},{"@type":"ListItem","position":2,"name":"Sonda de tensi\u00f3n sin contacto con agitador"}]},{"@type":"WebSite","@id":"https:\/\/techmasterdemexico.com\/#website","url":"https:\/\/techmasterdemexico.com\/","name":"Techmaster de Mexico","description":"","potentialAction":[{"@type":"SearchAction","target":{"@type":"EntryPoint","urlTemplate":"https:\/\/techmasterdemexico.com\/?s={search_term_string}"},"query-input":{"@type":"PropertyValueSpecification","valueRequired":true,"valueName":"search_term_string"}}],"inLanguage":"en-US"}]}},"brands":[{"id":104,"name":"Amprobe","slug":"amprobe"}],"_links":{"self":[{"href":"https:\/\/techmasterdemexico.com\/en\/wp-json\/wp\/v2\/product\/8319","targetHints":{"allow":["GET"]}}],"collection":[{"href":"https:\/\/techmasterdemexico.com\/en\/wp-json\/wp\/v2\/product"}],"about":[{"href":"https:\/\/techmasterdemexico.com\/en\/wp-json\/wp\/v2\/types\/product"}],"wp:featuredmedia":[{"embeddable":true,"href":"https:\/\/techmasterdemexico.com\/en\/wp-json\/wp\/v2\/media\/8366"}],"wp:attachment":[{"href":"https:\/\/techmasterdemexico.com\/en\/wp-json\/wp\/v2\/media?parent=8319"}],"wp:term":[{"taxonomy":"pwb-brand","embeddable":true,"href":"https:\/\/techmasterdemexico.com\/en\/wp-json\/wp\/v2\/pwb-brand?post=8319"},{"taxonomy":"product_brand","embeddable":true,"href":"https:\/\/techmasterdemexico.com\/en\/wp-json\/wp\/v2\/product_brand?post=8319"},{"taxonomy":"product_cat","embeddable":true,"href":"https:\/\/techmasterdemexico.com\/en\/wp-json\/wp\/v2\/product_cat?post=8319"},{"taxonomy":"product_tag","embeddable":true,"href":"https:\/\/techmasterdemexico.com\/en\/wp-json\/wp\/v2\/product_tag?post=8319"}],"curies":[{"name":"wp","href":"https:\/\/api.w.org\/{rel}","templated":true}]}}