{"id":8317,"date":"2021-08-19T19:28:49","date_gmt":"2021-08-19T19:28:49","guid":{"rendered":"http:\/\/techmastermx.ddns.net\/producto\/probador-de-tomas-de-corriente-de-bolsillo-con-indicadores-led\/"},"modified":"2021-12-28T22:29:08","modified_gmt":"2021-12-28T22:29:08","slug":"probador-de-tomas-de-corriente-de-bolsillo-con-indicadores-led","status":"publish","type":"product","link":"https:\/\/techmasterdemexico.com\/en\/producto\/probador-de-tomas-de-corriente-de-bolsillo-con-indicadores-led\/","title":{"rendered":"Probador de tomas de corriente de bolsillo con indicadores LED"},"content":{"rendered":"<p>Probador de recept\u00e1culos Amprobe ST-102B con GFCI<\/p>\n<ul>\n<li>Pruebe los disyuntores GFCI para verificar que el cableado y la operaci\u00f3n sean correctos<\/li>\n<li>Los indicadores luminosos f\u00e1ciles de leer muestran problemas de cableado comunes<\/li>\n<li>Confirme que el enchufe GFCI est\u00e9 cableado para protecci\u00f3n<\/li>\n<li>El circuito GFCI se dispara para confirmar que el probador est\u00e1 funcionando<\/li>\n<li>Para uso en 110-125 V CA<\/li>\n<\/ul>\n<p>&nbsp;<\/p>\n<p>Verifique y confirme f\u00e1cilmente el cableado correcto de los recept\u00e1culos el\u00e9ctricos con los probadores de recept\u00e1culos Amprobe ST-102B. Confirme r\u00e1pidamente que los disyuntores GFCI est\u00e9n correctamente conectados para su protecci\u00f3n.<\/p>\n","protected":false},"excerpt":{"rendered":"<p>Probador de recept\u00e1culos Amprobe ST-102B con GFCI Pruebe los disyuntores GFCI para verificar que el cableado y la operaci\u00f3n sean correctos Los indicadores luminosos f\u00e1ciles de leer muestran problemas de cableado comunes Confirme que el enchufe GFCI est\u00e9 cableado para protecci\u00f3n El circuito GFCI se dispara para confirmar que el probador est\u00e1 funcionando Para uso [&hellip;]<\/p>\n","protected":false},"featured_media":8375,"template":"","meta":{"_acf_changed":false},"pwb-brand":[104],"product_brand":[],"product_cat":[366,101,167,109],"product_tag":[],"class_list":{"0":"post-8317","1":"product","2":"type-product","3":"status-publish","4":"has-post-thumbnail","6":"pwb-brand-amprobe","7":"product_cat-todos-los-productos","8":"product_cat-amprobe","9":"product_cat-comprobador-de-voltaje-sin-contacto-y-enchufe","10":"product_cat-probadores-electricos","12":"first","13":"instock","14":"featured","15":"taxable","16":"shipping-taxable","17":"product-type-simple"},"acf":[],"yoast_head":"<!-- This site is optimized with the Yoast SEO plugin v27.4 - https:\/\/yoast.com\/product\/yoast-seo-wordpress\/ -->\n<title>Probador de tomas de corriente de bolsillo con indicadores LED - Techmaster de Mexico<\/title>\n<meta name=\"robots\" content=\"index, follow, max-snippet:-1, max-image-preview:large, max-video-preview:-1\" \/>\n<link rel=\"canonical\" href=\"https:\/\/techmasterdemexico.com\/producto\/probador-de-tomas-de-corriente-de-bolsillo-con-indicadores-led\/\" \/>\n<meta property=\"og:locale\" content=\"en_US\" \/>\n<meta property=\"og:type\" content=\"article\" \/>\n<meta property=\"og:title\" content=\"Probador de tomas de corriente de bolsillo con indicadores LED - Techmaster de Mexico\" \/>\n<meta property=\"og:description\" content=\"Probador de recept\u00e1culos Amprobe ST-102B con GFCI Pruebe los disyuntores GFCI para verificar que el cableado y la operaci\u00f3n sean correctos Los indicadores luminosos f\u00e1ciles de leer muestran problemas de cableado comunes Confirme que el enchufe GFCI est\u00e9 cableado para protecci\u00f3n El circuito GFCI se dispara para confirmar que el probador est\u00e1 funcionando Para uso [&hellip;]\" \/>\n<meta property=\"og:url\" content=\"https:\/\/techmasterdemexico.com\/producto\/probador-de-tomas-de-corriente-de-bolsillo-con-indicadores-led\/\" \/>\n<meta property=\"og:site_name\" content=\"Techmaster de Mexico\" \/>\n<meta property=\"article:modified_time\" content=\"2021-12-28T22:29:08+00:00\" \/>\n<meta property=\"og:image\" content=\"https:\/\/techmasterdemexico.com\/wp-content\/uploads\/2021\/08\/PD_ST102B1.jpg\" \/>\n\t<meta property=\"og:image:width\" content=\"500\" \/>\n\t<meta property=\"og:image:height\" content=\"500\" \/>\n\t<meta property=\"og:image:type\" content=\"image\/jpeg\" \/>\n<meta name=\"twitter:card\" content=\"summary_large_image\" \/>\n<meta name=\"twitter:label1\" content=\"Est. reading time\" \/>\n\t<meta name=\"twitter:data1\" content=\"1 minute\" \/>\n<script type=\"application\/ld+json\" class=\"yoast-schema-graph\">{\"@context\":\"https:\\\/\\\/schema.org\",\"@graph\":[{\"@type\":\"WebPage\",\"@id\":\"https:\\\/\\\/techmasterdemexico.com\\\/producto\\\/probador-de-tomas-de-corriente-de-bolsillo-con-indicadores-led\\\/\",\"url\":\"https:\\\/\\\/techmasterdemexico.com\\\/producto\\\/probador-de-tomas-de-corriente-de-bolsillo-con-indicadores-led\\\/\",\"name\":\"Probador de tomas de corriente de bolsillo con indicadores LED - Techmaster de Mexico\",\"isPartOf\":{\"@id\":\"https:\\\/\\\/techmasterdemexico.com\\\/#website\"},\"primaryImageOfPage\":{\"@id\":\"https:\\\/\\\/techmasterdemexico.com\\\/producto\\\/probador-de-tomas-de-corriente-de-bolsillo-con-indicadores-led\\\/#primaryimage\"},\"image\":{\"@id\":\"https:\\\/\\\/techmasterdemexico.com\\\/producto\\\/probador-de-tomas-de-corriente-de-bolsillo-con-indicadores-led\\\/#primaryimage\"},\"thumbnailUrl\":\"https:\\\/\\\/techmasterdemexico.com\\\/wp-content\\\/uploads\\\/2021\\\/08\\\/PD_ST102B1.jpg\",\"datePublished\":\"2021-08-19T19:28:49+00:00\",\"dateModified\":\"2021-12-28T22:29:08+00:00\",\"breadcrumb\":{\"@id\":\"https:\\\/\\\/techmasterdemexico.com\\\/producto\\\/probador-de-tomas-de-corriente-de-bolsillo-con-indicadores-led\\\/#breadcrumb\"},\"inLanguage\":\"en-US\",\"potentialAction\":[{\"@type\":\"ReadAction\",\"target\":[\"https:\\\/\\\/techmasterdemexico.com\\\/producto\\\/probador-de-tomas-de-corriente-de-bolsillo-con-indicadores-led\\\/\"]}]},{\"@type\":\"ImageObject\",\"inLanguage\":\"en-US\",\"@id\":\"https:\\\/\\\/techmasterdemexico.com\\\/producto\\\/probador-de-tomas-de-corriente-de-bolsillo-con-indicadores-led\\\/#primaryimage\",\"url\":\"https:\\\/\\\/techmasterdemexico.com\\\/wp-content\\\/uploads\\\/2021\\\/08\\\/PD_ST102B1.jpg\",\"contentUrl\":\"https:\\\/\\\/techmasterdemexico.com\\\/wp-content\\\/uploads\\\/2021\\\/08\\\/PD_ST102B1.jpg\",\"width\":500,\"height\":500},{\"@type\":\"BreadcrumbList\",\"@id\":\"https:\\\/\\\/techmasterdemexico.com\\\/producto\\\/probador-de-tomas-de-corriente-de-bolsillo-con-indicadores-led\\\/#breadcrumb\",\"itemListElement\":[{\"@type\":\"ListItem\",\"position\":1,\"name\":\"Portada\",\"item\":\"https:\\\/\\\/techmasterdemexico.com\\\/\"},{\"@type\":\"ListItem\",\"position\":2,\"name\":\"Probador de tomas de corriente de bolsillo con indicadores LED\"}]},{\"@type\":\"WebSite\",\"@id\":\"https:\\\/\\\/techmasterdemexico.com\\\/#website\",\"url\":\"https:\\\/\\\/techmasterdemexico.com\\\/\",\"name\":\"Techmaster de Mexico\",\"description\":\"\",\"potentialAction\":[{\"@type\":\"SearchAction\",\"target\":{\"@type\":\"EntryPoint\",\"urlTemplate\":\"https:\\\/\\\/techmasterdemexico.com\\\/?s={search_term_string}\"},\"query-input\":{\"@type\":\"PropertyValueSpecification\",\"valueRequired\":true,\"valueName\":\"search_term_string\"}}],\"inLanguage\":\"en-US\"}]}<\/script>\n<!-- \/ Yoast SEO plugin. -->","yoast_head_json":{"title":"Probador de tomas de corriente de bolsillo con indicadores LED - Techmaster de Mexico","robots":{"index":"index","follow":"follow","max-snippet":"max-snippet:-1","max-image-preview":"max-image-preview:large","max-video-preview":"max-video-preview:-1"},"canonical":"https:\/\/techmasterdemexico.com\/producto\/probador-de-tomas-de-corriente-de-bolsillo-con-indicadores-led\/","og_locale":"en_US","og_type":"article","og_title":"Probador de tomas de corriente de bolsillo con indicadores LED - Techmaster de Mexico","og_description":"Probador de recept\u00e1culos Amprobe ST-102B con GFCI Pruebe los disyuntores GFCI para verificar que el cableado y la operaci\u00f3n sean correctos Los indicadores luminosos f\u00e1ciles de leer muestran problemas de cableado comunes Confirme que el enchufe GFCI est\u00e9 cableado para protecci\u00f3n El circuito GFCI se dispara para confirmar que el probador est\u00e1 funcionando Para uso [&hellip;]","og_url":"https:\/\/techmasterdemexico.com\/producto\/probador-de-tomas-de-corriente-de-bolsillo-con-indicadores-led\/","og_site_name":"Techmaster de Mexico","article_modified_time":"2021-12-28T22:29:08+00:00","og_image":[{"width":500,"height":500,"url":"https:\/\/techmasterdemexico.com\/wp-content\/uploads\/2021\/08\/PD_ST102B1.jpg","type":"image\/jpeg"}],"twitter_card":"summary_large_image","twitter_misc":{"Est. reading time":"1 minute"},"schema":{"@context":"https:\/\/schema.org","@graph":[{"@type":"WebPage","@id":"https:\/\/techmasterdemexico.com\/producto\/probador-de-tomas-de-corriente-de-bolsillo-con-indicadores-led\/","url":"https:\/\/techmasterdemexico.com\/producto\/probador-de-tomas-de-corriente-de-bolsillo-con-indicadores-led\/","name":"Probador de tomas de corriente de bolsillo con indicadores LED - Techmaster de Mexico","isPartOf":{"@id":"https:\/\/techmasterdemexico.com\/#website"},"primaryImageOfPage":{"@id":"https:\/\/techmasterdemexico.com\/producto\/probador-de-tomas-de-corriente-de-bolsillo-con-indicadores-led\/#primaryimage"},"image":{"@id":"https:\/\/techmasterdemexico.com\/producto\/probador-de-tomas-de-corriente-de-bolsillo-con-indicadores-led\/#primaryimage"},"thumbnailUrl":"https:\/\/techmasterdemexico.com\/wp-content\/uploads\/2021\/08\/PD_ST102B1.jpg","datePublished":"2021-08-19T19:28:49+00:00","dateModified":"2021-12-28T22:29:08+00:00","breadcrumb":{"@id":"https:\/\/techmasterdemexico.com\/producto\/probador-de-tomas-de-corriente-de-bolsillo-con-indicadores-led\/#breadcrumb"},"inLanguage":"en-US","potentialAction":[{"@type":"ReadAction","target":["https:\/\/techmasterdemexico.com\/producto\/probador-de-tomas-de-corriente-de-bolsillo-con-indicadores-led\/"]}]},{"@type":"ImageObject","inLanguage":"en-US","@id":"https:\/\/techmasterdemexico.com\/producto\/probador-de-tomas-de-corriente-de-bolsillo-con-indicadores-led\/#primaryimage","url":"https:\/\/techmasterdemexico.com\/wp-content\/uploads\/2021\/08\/PD_ST102B1.jpg","contentUrl":"https:\/\/techmasterdemexico.com\/wp-content\/uploads\/2021\/08\/PD_ST102B1.jpg","width":500,"height":500},{"@type":"BreadcrumbList","@id":"https:\/\/techmasterdemexico.com\/producto\/probador-de-tomas-de-corriente-de-bolsillo-con-indicadores-led\/#breadcrumb","itemListElement":[{"@type":"ListItem","position":1,"name":"Portada","item":"https:\/\/techmasterdemexico.com\/"},{"@type":"ListItem","position":2,"name":"Probador de tomas de corriente de bolsillo con indicadores LED"}]},{"@type":"WebSite","@id":"https:\/\/techmasterdemexico.com\/#website","url":"https:\/\/techmasterdemexico.com\/","name":"Techmaster de Mexico","description":"","potentialAction":[{"@type":"SearchAction","target":{"@type":"EntryPoint","urlTemplate":"https:\/\/techmasterdemexico.com\/?s={search_term_string}"},"query-input":{"@type":"PropertyValueSpecification","valueRequired":true,"valueName":"search_term_string"}}],"inLanguage":"en-US"}]}},"brands":[{"id":104,"name":"Amprobe","slug":"amprobe"}],"_links":{"self":[{"href":"https:\/\/techmasterdemexico.com\/en\/wp-json\/wp\/v2\/product\/8317","targetHints":{"allow":["GET"]}}],"collection":[{"href":"https:\/\/techmasterdemexico.com\/en\/wp-json\/wp\/v2\/product"}],"about":[{"href":"https:\/\/techmasterdemexico.com\/en\/wp-json\/wp\/v2\/types\/product"}],"wp:featuredmedia":[{"embeddable":true,"href":"https:\/\/techmasterdemexico.com\/en\/wp-json\/wp\/v2\/media\/8375"}],"wp:attachment":[{"href":"https:\/\/techmasterdemexico.com\/en\/wp-json\/wp\/v2\/media?parent=8317"}],"wp:term":[{"taxonomy":"pwb-brand","embeddable":true,"href":"https:\/\/techmasterdemexico.com\/en\/wp-json\/wp\/v2\/pwb-brand?post=8317"},{"taxonomy":"product_brand","embeddable":true,"href":"https:\/\/techmasterdemexico.com\/en\/wp-json\/wp\/v2\/product_brand?post=8317"},{"taxonomy":"product_cat","embeddable":true,"href":"https:\/\/techmasterdemexico.com\/en\/wp-json\/wp\/v2\/product_cat?post=8317"},{"taxonomy":"product_tag","embeddable":true,"href":"https:\/\/techmasterdemexico.com\/en\/wp-json\/wp\/v2\/product_tag?post=8317"}],"curies":[{"name":"wp","href":"https:\/\/api.w.org\/{rel}","templated":true}]}}