{"id":8315,"date":"2021-08-19T19:28:48","date_gmt":"2021-08-19T19:28:48","guid":{"rendered":"http:\/\/techmastermx.ddns.net\/producto\/kit-de-comprobacion-electrica-pk-110\/"},"modified":"2021-12-28T22:29:10","modified_gmt":"2021-12-28T22:29:10","slug":"kit-de-comprobacion-electrica-pk-110","status":"publish","type":"product","link":"https:\/\/techmasterdemexico.com\/en\/producto\/kit-de-comprobacion-electrica-pk-110\/","title":{"rendered":"Kit de comprobaci\u00f3n el\u00e9ctrica PK-110"},"content":{"rendered":"<p>Kit de prueba el\u00e9ctrica Amprobe PK-110<\/p>\n<ul>\n<li>El kit de prueba el\u00e9ctrica residencial incluye mult\u00edmetro digital AM-420, sonda de voltaje sin contacto VP1000, probador de enchufes ST-102B con GFCI y todas las bater\u00edas necesarias<\/li>\n<li>El kit contiene herramientas para medir voltaje de hasta 300 V CA \/ CC, corriente y resistencia CA \/ CC, capacitancia y realizar pruebas de bater\u00eda<\/li>\n<li>Pruebas de seguridad para veh\u00edculos recreativos: verifique que los tomacorrientes del pedestal del veh\u00edculo recreativo (20 A, 30 A, 50 A) tengan el cableado y la conexi\u00f3n a tierra adecuados, verifique que no haya condiciones de piel caliente y el cableado adecuado de los tomacorrientes<\/li>\n<li>Verifique la presencia de voltaje en recept\u00e1culos, interruptores, cables de extensi\u00f3n y artefactos de iluminaci\u00f3n<\/li>\n<li>Verifique el cableado adecuado del GFCI (interruptor de circuito de falla a tierra) y los tomacorrientes de pared est\u00e1ndar de EE. UU. Y Canad\u00e1 con solo presionar un bot\u00f3n<\/li>\n<\/ul>\n<p>&nbsp;<\/p>\n<p>El kit de prueba el\u00e9ctrica PK-110 de Amprobe ofrece tres probadores el\u00e9ctricos con funciones de prueba adecuadas para una variedad de aplicaciones residenciales. El kit incluye el mult\u00edmetro digital AM-420, el probador de enchufes ST-102B con GFCI y el detector de voltaje sin contacto VP-1000. Desde identificar la presencia de voltaje en los tomacorrientes e interruptores hasta confirmar el cableado adecuado de los interruptores GFCI, el kit PK-110 cuenta con todas las caracter\u00edsticas necesarias para realizar pruebas de voltaje r\u00e1pidas y seguras.<\/p>\n","protected":false},"excerpt":{"rendered":"<p>Kit de prueba el\u00e9ctrica Amprobe PK-110 El kit de prueba el\u00e9ctrica residencial incluye mult\u00edmetro digital AM-420, sonda de voltaje sin contacto VP1000, probador de enchufes ST-102B con GFCI y todas las bater\u00edas necesarias El kit contiene herramientas para medir voltaje de hasta 300 V CA \/ CC, corriente y resistencia CA \/ CC, capacitancia y [&hellip;]<\/p>\n","protected":false},"featured_media":8384,"template":"","meta":{"_acf_changed":false},"pwb-brand":[104],"product_brand":[],"product_cat":[366,101,167,109],"product_tag":[],"class_list":{"0":"post-8315","1":"product","2":"type-product","3":"status-publish","4":"has-post-thumbnail","6":"pwb-brand-amprobe","7":"product_cat-todos-los-productos","8":"product_cat-amprobe","9":"product_cat-comprobador-de-voltaje-sin-contacto-y-enchufe","10":"product_cat-probadores-electricos","12":"first","13":"instock","14":"taxable","15":"shipping-taxable","16":"product-type-simple"},"acf":[],"yoast_head":"<!-- This site is optimized with the Yoast SEO plugin v27.4 - https:\/\/yoast.com\/product\/yoast-seo-wordpress\/ -->\n<title>Kit de comprobaci\u00f3n el\u00e9ctrica PK-110 - Techmaster de Mexico<\/title>\n<meta name=\"robots\" content=\"index, follow, max-snippet:-1, max-image-preview:large, max-video-preview:-1\" \/>\n<link rel=\"canonical\" href=\"https:\/\/techmasterdemexico.com\/producto\/kit-de-comprobacion-electrica-pk-110\/\" \/>\n<meta property=\"og:locale\" content=\"en_US\" \/>\n<meta property=\"og:type\" content=\"article\" \/>\n<meta property=\"og:title\" content=\"Kit de comprobaci\u00f3n el\u00e9ctrica PK-110 - Techmaster de Mexico\" \/>\n<meta property=\"og:description\" content=\"Kit de prueba el\u00e9ctrica Amprobe PK-110 El kit de prueba el\u00e9ctrica residencial incluye mult\u00edmetro digital AM-420, sonda de voltaje sin contacto VP1000, probador de enchufes ST-102B con GFCI y todas las bater\u00edas necesarias El kit contiene herramientas para medir voltaje de hasta 300 V CA \/ CC, corriente y resistencia CA \/ CC, capacitancia y [&hellip;]\" \/>\n<meta property=\"og:url\" content=\"https:\/\/techmasterdemexico.com\/producto\/kit-de-comprobacion-electrica-pk-110\/\" \/>\n<meta property=\"og:site_name\" content=\"Techmaster de Mexico\" \/>\n<meta property=\"article:modified_time\" content=\"2021-12-28T22:29:10+00:00\" \/>\n<meta property=\"og:image\" content=\"https:\/\/techmasterdemexico.com\/wp-content\/uploads\/2021\/08\/PD_PK-110-1.jpg\" \/>\n\t<meta property=\"og:image:width\" content=\"500\" \/>\n\t<meta property=\"og:image:height\" content=\"500\" \/>\n\t<meta property=\"og:image:type\" content=\"image\/jpeg\" \/>\n<meta name=\"twitter:card\" content=\"summary_large_image\" \/>\n<meta name=\"twitter:label1\" content=\"Est. reading time\" \/>\n\t<meta name=\"twitter:data1\" content=\"1 minute\" \/>\n<script type=\"application\/ld+json\" class=\"yoast-schema-graph\">{\"@context\":\"https:\\\/\\\/schema.org\",\"@graph\":[{\"@type\":\"WebPage\",\"@id\":\"https:\\\/\\\/techmasterdemexico.com\\\/producto\\\/kit-de-comprobacion-electrica-pk-110\\\/\",\"url\":\"https:\\\/\\\/techmasterdemexico.com\\\/producto\\\/kit-de-comprobacion-electrica-pk-110\\\/\",\"name\":\"Kit de comprobaci\u00f3n el\u00e9ctrica PK-110 - Techmaster de Mexico\",\"isPartOf\":{\"@id\":\"https:\\\/\\\/techmasterdemexico.com\\\/#website\"},\"primaryImageOfPage\":{\"@id\":\"https:\\\/\\\/techmasterdemexico.com\\\/producto\\\/kit-de-comprobacion-electrica-pk-110\\\/#primaryimage\"},\"image\":{\"@id\":\"https:\\\/\\\/techmasterdemexico.com\\\/producto\\\/kit-de-comprobacion-electrica-pk-110\\\/#primaryimage\"},\"thumbnailUrl\":\"https:\\\/\\\/techmasterdemexico.com\\\/wp-content\\\/uploads\\\/2021\\\/08\\\/PD_PK-110-1.jpg\",\"datePublished\":\"2021-08-19T19:28:48+00:00\",\"dateModified\":\"2021-12-28T22:29:10+00:00\",\"breadcrumb\":{\"@id\":\"https:\\\/\\\/techmasterdemexico.com\\\/producto\\\/kit-de-comprobacion-electrica-pk-110\\\/#breadcrumb\"},\"inLanguage\":\"en-US\",\"potentialAction\":[{\"@type\":\"ReadAction\",\"target\":[\"https:\\\/\\\/techmasterdemexico.com\\\/producto\\\/kit-de-comprobacion-electrica-pk-110\\\/\"]}]},{\"@type\":\"ImageObject\",\"inLanguage\":\"en-US\",\"@id\":\"https:\\\/\\\/techmasterdemexico.com\\\/producto\\\/kit-de-comprobacion-electrica-pk-110\\\/#primaryimage\",\"url\":\"https:\\\/\\\/techmasterdemexico.com\\\/wp-content\\\/uploads\\\/2021\\\/08\\\/PD_PK-110-1.jpg\",\"contentUrl\":\"https:\\\/\\\/techmasterdemexico.com\\\/wp-content\\\/uploads\\\/2021\\\/08\\\/PD_PK-110-1.jpg\",\"width\":500,\"height\":500},{\"@type\":\"BreadcrumbList\",\"@id\":\"https:\\\/\\\/techmasterdemexico.com\\\/producto\\\/kit-de-comprobacion-electrica-pk-110\\\/#breadcrumb\",\"itemListElement\":[{\"@type\":\"ListItem\",\"position\":1,\"name\":\"Portada\",\"item\":\"https:\\\/\\\/techmasterdemexico.com\\\/\"},{\"@type\":\"ListItem\",\"position\":2,\"name\":\"Kit de comprobaci\u00f3n el\u00e9ctrica PK-110\"}]},{\"@type\":\"WebSite\",\"@id\":\"https:\\\/\\\/techmasterdemexico.com\\\/#website\",\"url\":\"https:\\\/\\\/techmasterdemexico.com\\\/\",\"name\":\"Techmaster de Mexico\",\"description\":\"\",\"potentialAction\":[{\"@type\":\"SearchAction\",\"target\":{\"@type\":\"EntryPoint\",\"urlTemplate\":\"https:\\\/\\\/techmasterdemexico.com\\\/?s={search_term_string}\"},\"query-input\":{\"@type\":\"PropertyValueSpecification\",\"valueRequired\":true,\"valueName\":\"search_term_string\"}}],\"inLanguage\":\"en-US\"}]}<\/script>\n<!-- \/ Yoast SEO plugin. -->","yoast_head_json":{"title":"Kit de comprobaci\u00f3n el\u00e9ctrica PK-110 - Techmaster de Mexico","robots":{"index":"index","follow":"follow","max-snippet":"max-snippet:-1","max-image-preview":"max-image-preview:large","max-video-preview":"max-video-preview:-1"},"canonical":"https:\/\/techmasterdemexico.com\/producto\/kit-de-comprobacion-electrica-pk-110\/","og_locale":"en_US","og_type":"article","og_title":"Kit de comprobaci\u00f3n el\u00e9ctrica PK-110 - Techmaster de Mexico","og_description":"Kit de prueba el\u00e9ctrica Amprobe PK-110 El kit de prueba el\u00e9ctrica residencial incluye mult\u00edmetro digital AM-420, sonda de voltaje sin contacto VP1000, probador de enchufes ST-102B con GFCI y todas las bater\u00edas necesarias El kit contiene herramientas para medir voltaje de hasta 300 V CA \/ CC, corriente y resistencia CA \/ CC, capacitancia y [&hellip;]","og_url":"https:\/\/techmasterdemexico.com\/producto\/kit-de-comprobacion-electrica-pk-110\/","og_site_name":"Techmaster de Mexico","article_modified_time":"2021-12-28T22:29:10+00:00","og_image":[{"width":500,"height":500,"url":"https:\/\/techmasterdemexico.com\/wp-content\/uploads\/2021\/08\/PD_PK-110-1.jpg","type":"image\/jpeg"}],"twitter_card":"summary_large_image","twitter_misc":{"Est. reading time":"1 minute"},"schema":{"@context":"https:\/\/schema.org","@graph":[{"@type":"WebPage","@id":"https:\/\/techmasterdemexico.com\/producto\/kit-de-comprobacion-electrica-pk-110\/","url":"https:\/\/techmasterdemexico.com\/producto\/kit-de-comprobacion-electrica-pk-110\/","name":"Kit de comprobaci\u00f3n el\u00e9ctrica PK-110 - Techmaster de Mexico","isPartOf":{"@id":"https:\/\/techmasterdemexico.com\/#website"},"primaryImageOfPage":{"@id":"https:\/\/techmasterdemexico.com\/producto\/kit-de-comprobacion-electrica-pk-110\/#primaryimage"},"image":{"@id":"https:\/\/techmasterdemexico.com\/producto\/kit-de-comprobacion-electrica-pk-110\/#primaryimage"},"thumbnailUrl":"https:\/\/techmasterdemexico.com\/wp-content\/uploads\/2021\/08\/PD_PK-110-1.jpg","datePublished":"2021-08-19T19:28:48+00:00","dateModified":"2021-12-28T22:29:10+00:00","breadcrumb":{"@id":"https:\/\/techmasterdemexico.com\/producto\/kit-de-comprobacion-electrica-pk-110\/#breadcrumb"},"inLanguage":"en-US","potentialAction":[{"@type":"ReadAction","target":["https:\/\/techmasterdemexico.com\/producto\/kit-de-comprobacion-electrica-pk-110\/"]}]},{"@type":"ImageObject","inLanguage":"en-US","@id":"https:\/\/techmasterdemexico.com\/producto\/kit-de-comprobacion-electrica-pk-110\/#primaryimage","url":"https:\/\/techmasterdemexico.com\/wp-content\/uploads\/2021\/08\/PD_PK-110-1.jpg","contentUrl":"https:\/\/techmasterdemexico.com\/wp-content\/uploads\/2021\/08\/PD_PK-110-1.jpg","width":500,"height":500},{"@type":"BreadcrumbList","@id":"https:\/\/techmasterdemexico.com\/producto\/kit-de-comprobacion-electrica-pk-110\/#breadcrumb","itemListElement":[{"@type":"ListItem","position":1,"name":"Portada","item":"https:\/\/techmasterdemexico.com\/"},{"@type":"ListItem","position":2,"name":"Kit de comprobaci\u00f3n el\u00e9ctrica PK-110"}]},{"@type":"WebSite","@id":"https:\/\/techmasterdemexico.com\/#website","url":"https:\/\/techmasterdemexico.com\/","name":"Techmaster de Mexico","description":"","potentialAction":[{"@type":"SearchAction","target":{"@type":"EntryPoint","urlTemplate":"https:\/\/techmasterdemexico.com\/?s={search_term_string}"},"query-input":{"@type":"PropertyValueSpecification","valueRequired":true,"valueName":"search_term_string"}}],"inLanguage":"en-US"}]}},"brands":[{"id":104,"name":"Amprobe","slug":"amprobe"}],"_links":{"self":[{"href":"https:\/\/techmasterdemexico.com\/en\/wp-json\/wp\/v2\/product\/8315","targetHints":{"allow":["GET"]}}],"collection":[{"href":"https:\/\/techmasterdemexico.com\/en\/wp-json\/wp\/v2\/product"}],"about":[{"href":"https:\/\/techmasterdemexico.com\/en\/wp-json\/wp\/v2\/types\/product"}],"wp:featuredmedia":[{"embeddable":true,"href":"https:\/\/techmasterdemexico.com\/en\/wp-json\/wp\/v2\/media\/8384"}],"wp:attachment":[{"href":"https:\/\/techmasterdemexico.com\/en\/wp-json\/wp\/v2\/media?parent=8315"}],"wp:term":[{"taxonomy":"pwb-brand","embeddable":true,"href":"https:\/\/techmasterdemexico.com\/en\/wp-json\/wp\/v2\/pwb-brand?post=8315"},{"taxonomy":"product_brand","embeddable":true,"href":"https:\/\/techmasterdemexico.com\/en\/wp-json\/wp\/v2\/product_brand?post=8315"},{"taxonomy":"product_cat","embeddable":true,"href":"https:\/\/techmasterdemexico.com\/en\/wp-json\/wp\/v2\/product_cat?post=8315"},{"taxonomy":"product_tag","embeddable":true,"href":"https:\/\/techmasterdemexico.com\/en\/wp-json\/wp\/v2\/product_tag?post=8315"}],"curies":[{"name":"wp","href":"https:\/\/api.w.org\/{rel}","templated":true}]}}