{"id":8314,"date":"2021-08-19T19:28:48","date_gmt":"2021-08-19T19:28:48","guid":{"rendered":"http:\/\/techmastermx.ddns.net\/producto\/sonda-de-voltaje-sin-contacto-ncv-1040\/"},"modified":"2021-12-28T22:29:10","modified_gmt":"2021-12-28T22:29:10","slug":"sonda-de-voltaje-sin-contacto-ncv-1040","status":"publish","type":"product","link":"https:\/\/techmasterdemexico.com\/en\/producto\/sonda-de-voltaje-sin-contacto-ncv-1040\/","title":{"rendered":"Sonda de voltaje sin contacto NCV-1040"},"content":{"rendered":"<p>Sonda de voltaje sin contacto Amprobe NCV-1040<\/p>\n<ul>\n<li>Detecta la presencia de voltaje CA en cables, disyuntores, enchufes de pared, cajas de conexiones, fusibles, cables de extensi\u00f3n y m\u00e1s<\/li>\n<li>Prueba el voltaje a trav\u00e9s del aislamiento del cable<\/li>\n<li>Identifica roturas de cables en alambres, cables y sistemas de iluminaci\u00f3n conectados en serie<\/li>\n<li>Identifica la polaridad (l\u00ednea vs. neutral) de recept\u00e1culos y cables<\/li>\n<li>Prueba el voltaje de forma segura sin contacto\n<p>Seguridad CAT IV 1000 V clasificado para una amplia gama de aplicaciones<\/li>\n<li>Clasificaci\u00f3n IP65 (resistente al agua y al polvo) para uso en interiores y exteriores<\/li>\n<li>Detecci\u00f3n de solenoide magn\u00e9tico para diagnosticar electroimanes y rel\u00e9s<\/li>\n<\/ul>\n<p>&nbsp;<\/p>\n<p>El comprobador de voltaje sin contacto (NCV) Amprobe NCV-1040 proporciona la m\u00e1xima seguridad y conveniencia para detectar voltaje de CA sin interrumpir los sistemas el\u00e9ctricos. Dise\u00f1ado para caber c\u00f3modamente en el bolsillo de su camisa, el probador NCV-1040 funciona en ambientes interiores y exteriores. Seguridad probada seg\u00fan la medici\u00f3n de la m\u00e1s alta categor\u00eda, CAT IV 1000 V, as\u00ed como resistente al agua y al polvo IP65, el NCV-1040 es apto para las aplicaciones industriales m\u00e1s duras.<\/p>\n","protected":false},"excerpt":{"rendered":"<p>Sonda de voltaje sin contacto Amprobe NCV-1040 Detecta la presencia de voltaje CA en cables, disyuntores, enchufes de pared, cajas de conexiones, fusibles, cables de extensi\u00f3n y m\u00e1s Prueba el voltaje a trav\u00e9s del aislamiento del cable Identifica roturas de cables en alambres, cables y sistemas de iluminaci\u00f3n conectados en serie Identifica la polaridad (l\u00ednea [&hellip;]<\/p>\n","protected":false},"featured_media":8389,"template":"","meta":{"_acf_changed":false},"pwb-brand":[104],"product_brand":[],"product_cat":[366,101,167,109],"product_tag":[],"class_list":{"0":"post-8314","1":"product","2":"type-product","3":"status-publish","4":"has-post-thumbnail","6":"pwb-brand-amprobe","7":"product_cat-todos-los-productos","8":"product_cat-amprobe","9":"product_cat-comprobador-de-voltaje-sin-contacto-y-enchufe","10":"product_cat-probadores-electricos","12":"first","13":"instock","14":"taxable","15":"shipping-taxable","16":"product-type-simple"},"acf":[],"yoast_head":"<!-- This site is optimized with the Yoast SEO plugin v27.4 - https:\/\/yoast.com\/product\/yoast-seo-wordpress\/ -->\n<title>Sonda de voltaje sin contacto NCV-1040 - Techmaster de Mexico<\/title>\n<meta name=\"robots\" content=\"index, follow, max-snippet:-1, max-image-preview:large, max-video-preview:-1\" \/>\n<link rel=\"canonical\" href=\"https:\/\/techmasterdemexico.com\/producto\/sonda-de-voltaje-sin-contacto-ncv-1040\/\" \/>\n<meta property=\"og:locale\" content=\"en_US\" \/>\n<meta property=\"og:type\" content=\"article\" \/>\n<meta property=\"og:title\" content=\"Sonda de voltaje sin contacto NCV-1040 - Techmaster de Mexico\" \/>\n<meta property=\"og:description\" content=\"Sonda de voltaje sin contacto Amprobe NCV-1040 Detecta la presencia de voltaje CA en cables, disyuntores, enchufes de pared, cajas de conexiones, fusibles, cables de extensi\u00f3n y m\u00e1s Prueba el voltaje a trav\u00e9s del aislamiento del cable Identifica roturas de cables en alambres, cables y sistemas de iluminaci\u00f3n conectados en serie Identifica la polaridad (l\u00ednea [&hellip;]\" \/>\n<meta property=\"og:url\" content=\"https:\/\/techmasterdemexico.com\/producto\/sonda-de-voltaje-sin-contacto-ncv-1040\/\" \/>\n<meta property=\"og:site_name\" content=\"Techmaster de Mexico\" \/>\n<meta property=\"article:modified_time\" content=\"2021-12-28T22:29:10+00:00\" \/>\n<meta property=\"og:image\" content=\"https:\/\/techmasterdemexico.com\/wp-content\/uploads\/2021\/08\/PD_NCV-1040-1.jpg\" \/>\n\t<meta property=\"og:image:width\" content=\"500\" \/>\n\t<meta property=\"og:image:height\" content=\"500\" \/>\n\t<meta property=\"og:image:type\" content=\"image\/jpeg\" \/>\n<meta name=\"twitter:card\" content=\"summary_large_image\" \/>\n<meta name=\"twitter:label1\" content=\"Est. reading time\" \/>\n\t<meta name=\"twitter:data1\" content=\"1 minute\" \/>\n<script type=\"application\/ld+json\" class=\"yoast-schema-graph\">{\"@context\":\"https:\\\/\\\/schema.org\",\"@graph\":[{\"@type\":\"WebPage\",\"@id\":\"https:\\\/\\\/techmasterdemexico.com\\\/producto\\\/sonda-de-voltaje-sin-contacto-ncv-1040\\\/\",\"url\":\"https:\\\/\\\/techmasterdemexico.com\\\/producto\\\/sonda-de-voltaje-sin-contacto-ncv-1040\\\/\",\"name\":\"Sonda de voltaje sin contacto NCV-1040 - Techmaster de Mexico\",\"isPartOf\":{\"@id\":\"https:\\\/\\\/techmasterdemexico.com\\\/#website\"},\"primaryImageOfPage\":{\"@id\":\"https:\\\/\\\/techmasterdemexico.com\\\/producto\\\/sonda-de-voltaje-sin-contacto-ncv-1040\\\/#primaryimage\"},\"image\":{\"@id\":\"https:\\\/\\\/techmasterdemexico.com\\\/producto\\\/sonda-de-voltaje-sin-contacto-ncv-1040\\\/#primaryimage\"},\"thumbnailUrl\":\"https:\\\/\\\/techmasterdemexico.com\\\/wp-content\\\/uploads\\\/2021\\\/08\\\/PD_NCV-1040-1.jpg\",\"datePublished\":\"2021-08-19T19:28:48+00:00\",\"dateModified\":\"2021-12-28T22:29:10+00:00\",\"breadcrumb\":{\"@id\":\"https:\\\/\\\/techmasterdemexico.com\\\/producto\\\/sonda-de-voltaje-sin-contacto-ncv-1040\\\/#breadcrumb\"},\"inLanguage\":\"en-US\",\"potentialAction\":[{\"@type\":\"ReadAction\",\"target\":[\"https:\\\/\\\/techmasterdemexico.com\\\/producto\\\/sonda-de-voltaje-sin-contacto-ncv-1040\\\/\"]}]},{\"@type\":\"ImageObject\",\"inLanguage\":\"en-US\",\"@id\":\"https:\\\/\\\/techmasterdemexico.com\\\/producto\\\/sonda-de-voltaje-sin-contacto-ncv-1040\\\/#primaryimage\",\"url\":\"https:\\\/\\\/techmasterdemexico.com\\\/wp-content\\\/uploads\\\/2021\\\/08\\\/PD_NCV-1040-1.jpg\",\"contentUrl\":\"https:\\\/\\\/techmasterdemexico.com\\\/wp-content\\\/uploads\\\/2021\\\/08\\\/PD_NCV-1040-1.jpg\",\"width\":500,\"height\":500},{\"@type\":\"BreadcrumbList\",\"@id\":\"https:\\\/\\\/techmasterdemexico.com\\\/producto\\\/sonda-de-voltaje-sin-contacto-ncv-1040\\\/#breadcrumb\",\"itemListElement\":[{\"@type\":\"ListItem\",\"position\":1,\"name\":\"Portada\",\"item\":\"https:\\\/\\\/techmasterdemexico.com\\\/\"},{\"@type\":\"ListItem\",\"position\":2,\"name\":\"Sonda de voltaje sin contacto NCV-1040\"}]},{\"@type\":\"WebSite\",\"@id\":\"https:\\\/\\\/techmasterdemexico.com\\\/#website\",\"url\":\"https:\\\/\\\/techmasterdemexico.com\\\/\",\"name\":\"Techmaster de Mexico\",\"description\":\"\",\"potentialAction\":[{\"@type\":\"SearchAction\",\"target\":{\"@type\":\"EntryPoint\",\"urlTemplate\":\"https:\\\/\\\/techmasterdemexico.com\\\/?s={search_term_string}\"},\"query-input\":{\"@type\":\"PropertyValueSpecification\",\"valueRequired\":true,\"valueName\":\"search_term_string\"}}],\"inLanguage\":\"en-US\"}]}<\/script>\n<!-- \/ Yoast SEO plugin. -->","yoast_head_json":{"title":"Sonda de voltaje sin contacto NCV-1040 - Techmaster de Mexico","robots":{"index":"index","follow":"follow","max-snippet":"max-snippet:-1","max-image-preview":"max-image-preview:large","max-video-preview":"max-video-preview:-1"},"canonical":"https:\/\/techmasterdemexico.com\/producto\/sonda-de-voltaje-sin-contacto-ncv-1040\/","og_locale":"en_US","og_type":"article","og_title":"Sonda de voltaje sin contacto NCV-1040 - Techmaster de Mexico","og_description":"Sonda de voltaje sin contacto Amprobe NCV-1040 Detecta la presencia de voltaje CA en cables, disyuntores, enchufes de pared, cajas de conexiones, fusibles, cables de extensi\u00f3n y m\u00e1s Prueba el voltaje a trav\u00e9s del aislamiento del cable Identifica roturas de cables en alambres, cables y sistemas de iluminaci\u00f3n conectados en serie Identifica la polaridad (l\u00ednea [&hellip;]","og_url":"https:\/\/techmasterdemexico.com\/producto\/sonda-de-voltaje-sin-contacto-ncv-1040\/","og_site_name":"Techmaster de Mexico","article_modified_time":"2021-12-28T22:29:10+00:00","og_image":[{"width":500,"height":500,"url":"https:\/\/techmasterdemexico.com\/wp-content\/uploads\/2021\/08\/PD_NCV-1040-1.jpg","type":"image\/jpeg"}],"twitter_card":"summary_large_image","twitter_misc":{"Est. reading time":"1 minute"},"schema":{"@context":"https:\/\/schema.org","@graph":[{"@type":"WebPage","@id":"https:\/\/techmasterdemexico.com\/producto\/sonda-de-voltaje-sin-contacto-ncv-1040\/","url":"https:\/\/techmasterdemexico.com\/producto\/sonda-de-voltaje-sin-contacto-ncv-1040\/","name":"Sonda de voltaje sin contacto NCV-1040 - Techmaster de Mexico","isPartOf":{"@id":"https:\/\/techmasterdemexico.com\/#website"},"primaryImageOfPage":{"@id":"https:\/\/techmasterdemexico.com\/producto\/sonda-de-voltaje-sin-contacto-ncv-1040\/#primaryimage"},"image":{"@id":"https:\/\/techmasterdemexico.com\/producto\/sonda-de-voltaje-sin-contacto-ncv-1040\/#primaryimage"},"thumbnailUrl":"https:\/\/techmasterdemexico.com\/wp-content\/uploads\/2021\/08\/PD_NCV-1040-1.jpg","datePublished":"2021-08-19T19:28:48+00:00","dateModified":"2021-12-28T22:29:10+00:00","breadcrumb":{"@id":"https:\/\/techmasterdemexico.com\/producto\/sonda-de-voltaje-sin-contacto-ncv-1040\/#breadcrumb"},"inLanguage":"en-US","potentialAction":[{"@type":"ReadAction","target":["https:\/\/techmasterdemexico.com\/producto\/sonda-de-voltaje-sin-contacto-ncv-1040\/"]}]},{"@type":"ImageObject","inLanguage":"en-US","@id":"https:\/\/techmasterdemexico.com\/producto\/sonda-de-voltaje-sin-contacto-ncv-1040\/#primaryimage","url":"https:\/\/techmasterdemexico.com\/wp-content\/uploads\/2021\/08\/PD_NCV-1040-1.jpg","contentUrl":"https:\/\/techmasterdemexico.com\/wp-content\/uploads\/2021\/08\/PD_NCV-1040-1.jpg","width":500,"height":500},{"@type":"BreadcrumbList","@id":"https:\/\/techmasterdemexico.com\/producto\/sonda-de-voltaje-sin-contacto-ncv-1040\/#breadcrumb","itemListElement":[{"@type":"ListItem","position":1,"name":"Portada","item":"https:\/\/techmasterdemexico.com\/"},{"@type":"ListItem","position":2,"name":"Sonda de voltaje sin contacto NCV-1040"}]},{"@type":"WebSite","@id":"https:\/\/techmasterdemexico.com\/#website","url":"https:\/\/techmasterdemexico.com\/","name":"Techmaster de Mexico","description":"","potentialAction":[{"@type":"SearchAction","target":{"@type":"EntryPoint","urlTemplate":"https:\/\/techmasterdemexico.com\/?s={search_term_string}"},"query-input":{"@type":"PropertyValueSpecification","valueRequired":true,"valueName":"search_term_string"}}],"inLanguage":"en-US"}]}},"brands":[{"id":104,"name":"Amprobe","slug":"amprobe"}],"_links":{"self":[{"href":"https:\/\/techmasterdemexico.com\/en\/wp-json\/wp\/v2\/product\/8314","targetHints":{"allow":["GET"]}}],"collection":[{"href":"https:\/\/techmasterdemexico.com\/en\/wp-json\/wp\/v2\/product"}],"about":[{"href":"https:\/\/techmasterdemexico.com\/en\/wp-json\/wp\/v2\/types\/product"}],"wp:featuredmedia":[{"embeddable":true,"href":"https:\/\/techmasterdemexico.com\/en\/wp-json\/wp\/v2\/media\/8389"}],"wp:attachment":[{"href":"https:\/\/techmasterdemexico.com\/en\/wp-json\/wp\/v2\/media?parent=8314"}],"wp:term":[{"taxonomy":"pwb-brand","embeddable":true,"href":"https:\/\/techmasterdemexico.com\/en\/wp-json\/wp\/v2\/pwb-brand?post=8314"},{"taxonomy":"product_brand","embeddable":true,"href":"https:\/\/techmasterdemexico.com\/en\/wp-json\/wp\/v2\/product_brand?post=8314"},{"taxonomy":"product_cat","embeddable":true,"href":"https:\/\/techmasterdemexico.com\/en\/wp-json\/wp\/v2\/product_cat?post=8314"},{"taxonomy":"product_tag","embeddable":true,"href":"https:\/\/techmasterdemexico.com\/en\/wp-json\/wp\/v2\/product_tag?post=8314"}],"curies":[{"name":"wp","href":"https:\/\/api.w.org\/{rel}","templated":true}]}}