{"id":8311,"date":"2021-08-19T19:28:46","date_gmt":"2021-08-19T19:28:46","guid":{"rendered":"http:\/\/techmastermx.ddns.net\/producto\/comprobador-de-secuencia-de-fases-y-rotacion-del-motor\/"},"modified":"2021-12-28T22:29:11","modified_gmt":"2021-12-28T22:29:11","slug":"comprobador-de-secuencia-de-fases-y-rotacion-del-motor","status":"publish","type":"product","link":"https:\/\/techmasterdemexico.com\/en\/producto\/comprobador-de-secuencia-de-fases-y-rotacion-del-motor\/","title":{"rendered":"Comprobador de secuencia de fases y rotaci\u00f3n del motor"},"content":{"rendered":"<p>Comprobador de rotaci\u00f3n de motores y secuencia de fases Amprobe PRM-6<\/p>\n<ul>\n<li>Indicaci\u00f3n de secuencia de cables trif\u00e1sicos<\/li>\n<li>Pantallas de error (fase faltante, una entrada conectada a neutro o PE)<\/li>\n<li>Detecci\u00f3n de rotaci\u00f3n de motor inal\u00e1mbrica sin contacto en motores en funcionamiento<\/li>\n<li>Indica la rotaci\u00f3n del motor de motores desconectados cuando se hace girar el eje con la mano u otros medios<\/li>\n<li>Tensi\u00f3n trif\u00e1sica a fase hasta 700 V<\/li>\n<li>Pantalla LCD clara con retroiluminaci\u00f3n<\/li>\n<li>Carcasa de goma duradera para protecci\u00f3n a prueba de ca\u00eddas de 3 pies (1 m)<\/li>\n<li>Seguridad: CAT IV 600 V<\/li>\n<\/ul>\n<p>&nbsp;<\/p>\n<p>Si instala o conecta motores y sistemas trif\u00e1sicos, reconoce la importancia de verificar la correcta rotaci\u00f3n del motor y la secuencia de fases del cableado. Las conexiones incorrectas pueden hacer que los motores giren en direcci\u00f3n inversa, lo que podr\u00eda da\u00f1ar el motor y el equipo que est\u00e1 alimentando.<\/p>\n<p>El probador de rotaci\u00f3n de fase y motor PRM-6 puede probar la rotaci\u00f3n del motor de sistemas trif\u00e1sicos y verificar el cableado del recept\u00e1culo trif\u00e1sico y la secuencia de fases con cables de prueba.<\/p>\n<p>Una caracter\u00edstica avanzada adicional es la detecci\u00f3n inal\u00e1mbrica de rotaci\u00f3n del motor, que detecta la direcci\u00f3n de rotaci\u00f3n del motor sin usar cables de prueba. Esto es particularmente \u00fatil para motores de funcionamiento r\u00e1pido cuando la rotaci\u00f3n del motor no se puede determinar visualmente o cuando el eje de transmisi\u00f3n no es visible.<\/p>\n","protected":false},"excerpt":{"rendered":"<p>Comprobador de rotaci\u00f3n de motores y secuencia de fases Amprobe PRM-6 Indicaci\u00f3n de secuencia de cables trif\u00e1sicos Pantallas de error (fase faltante, una entrada conectada a neutro o PE) Detecci\u00f3n de rotaci\u00f3n de motor inal\u00e1mbrica sin contacto en motores en funcionamiento Indica la rotaci\u00f3n del motor de motores desconectados cuando se hace girar el eje [&hellip;]<\/p>\n","protected":false},"featured_media":8404,"template":"","meta":{"_acf_changed":false},"pwb-brand":[104],"product_brand":[],"product_cat":[366,101,166,109],"product_tag":[],"class_list":{"0":"post-8311","1":"product","2":"type-product","3":"status-publish","4":"has-post-thumbnail","6":"pwb-brand-amprobe","7":"product_cat-todos-los-productos","8":"product_cat-amprobe","9":"product_cat-comprobador-de-secuencia-de-fase","10":"product_cat-probadores-electricos","12":"first","13":"instock","14":"taxable","15":"shipping-taxable","16":"product-type-simple"},"acf":[],"yoast_head":"<!-- This site is optimized with the Yoast SEO plugin v27.4 - https:\/\/yoast.com\/product\/yoast-seo-wordpress\/ -->\n<title>Comprobador de secuencia de fases y rotaci\u00f3n del motor - Techmaster de Mexico<\/title>\n<meta name=\"robots\" content=\"index, follow, max-snippet:-1, max-image-preview:large, max-video-preview:-1\" \/>\n<link rel=\"canonical\" href=\"https:\/\/techmasterdemexico.com\/producto\/comprobador-de-secuencia-de-fases-y-rotacion-del-motor\/\" \/>\n<meta property=\"og:locale\" content=\"en_US\" \/>\n<meta property=\"og:type\" content=\"article\" \/>\n<meta property=\"og:title\" content=\"Comprobador de secuencia de fases y rotaci\u00f3n del motor - Techmaster de Mexico\" \/>\n<meta property=\"og:description\" content=\"Comprobador de rotaci\u00f3n de motores y secuencia de fases Amprobe PRM-6 Indicaci\u00f3n de secuencia de cables trif\u00e1sicos Pantallas de error (fase faltante, una entrada conectada a neutro o PE) Detecci\u00f3n de rotaci\u00f3n de motor inal\u00e1mbrica sin contacto en motores en funcionamiento Indica la rotaci\u00f3n del motor de motores desconectados cuando se hace girar el eje [&hellip;]\" \/>\n<meta property=\"og:url\" content=\"https:\/\/techmasterdemexico.com\/producto\/comprobador-de-secuencia-de-fases-y-rotacion-del-motor\/\" \/>\n<meta property=\"og:site_name\" content=\"Techmaster de Mexico\" \/>\n<meta property=\"article:modified_time\" content=\"2021-12-28T22:29:11+00:00\" \/>\n<meta property=\"og:image\" content=\"https:\/\/techmasterdemexico.com\/wp-content\/uploads\/2021\/08\/PD_PRM-6-1.jpg\" \/>\n\t<meta property=\"og:image:width\" content=\"500\" \/>\n\t<meta property=\"og:image:height\" content=\"500\" \/>\n\t<meta property=\"og:image:type\" content=\"image\/jpeg\" \/>\n<meta name=\"twitter:card\" content=\"summary_large_image\" \/>\n<meta name=\"twitter:label1\" content=\"Est. reading time\" \/>\n\t<meta name=\"twitter:data1\" content=\"1 minute\" \/>\n<script type=\"application\/ld+json\" class=\"yoast-schema-graph\">{\"@context\":\"https:\\\/\\\/schema.org\",\"@graph\":[{\"@type\":\"WebPage\",\"@id\":\"https:\\\/\\\/techmasterdemexico.com\\\/producto\\\/comprobador-de-secuencia-de-fases-y-rotacion-del-motor\\\/\",\"url\":\"https:\\\/\\\/techmasterdemexico.com\\\/producto\\\/comprobador-de-secuencia-de-fases-y-rotacion-del-motor\\\/\",\"name\":\"Comprobador de secuencia de fases y rotaci\u00f3n del motor - Techmaster de Mexico\",\"isPartOf\":{\"@id\":\"https:\\\/\\\/techmasterdemexico.com\\\/#website\"},\"primaryImageOfPage\":{\"@id\":\"https:\\\/\\\/techmasterdemexico.com\\\/producto\\\/comprobador-de-secuencia-de-fases-y-rotacion-del-motor\\\/#primaryimage\"},\"image\":{\"@id\":\"https:\\\/\\\/techmasterdemexico.com\\\/producto\\\/comprobador-de-secuencia-de-fases-y-rotacion-del-motor\\\/#primaryimage\"},\"thumbnailUrl\":\"https:\\\/\\\/techmasterdemexico.com\\\/wp-content\\\/uploads\\\/2021\\\/08\\\/PD_PRM-6-1.jpg\",\"datePublished\":\"2021-08-19T19:28:46+00:00\",\"dateModified\":\"2021-12-28T22:29:11+00:00\",\"breadcrumb\":{\"@id\":\"https:\\\/\\\/techmasterdemexico.com\\\/producto\\\/comprobador-de-secuencia-de-fases-y-rotacion-del-motor\\\/#breadcrumb\"},\"inLanguage\":\"en-US\",\"potentialAction\":[{\"@type\":\"ReadAction\",\"target\":[\"https:\\\/\\\/techmasterdemexico.com\\\/producto\\\/comprobador-de-secuencia-de-fases-y-rotacion-del-motor\\\/\"]}]},{\"@type\":\"ImageObject\",\"inLanguage\":\"en-US\",\"@id\":\"https:\\\/\\\/techmasterdemexico.com\\\/producto\\\/comprobador-de-secuencia-de-fases-y-rotacion-del-motor\\\/#primaryimage\",\"url\":\"https:\\\/\\\/techmasterdemexico.com\\\/wp-content\\\/uploads\\\/2021\\\/08\\\/PD_PRM-6-1.jpg\",\"contentUrl\":\"https:\\\/\\\/techmasterdemexico.com\\\/wp-content\\\/uploads\\\/2021\\\/08\\\/PD_PRM-6-1.jpg\",\"width\":500,\"height\":500},{\"@type\":\"BreadcrumbList\",\"@id\":\"https:\\\/\\\/techmasterdemexico.com\\\/producto\\\/comprobador-de-secuencia-de-fases-y-rotacion-del-motor\\\/#breadcrumb\",\"itemListElement\":[{\"@type\":\"ListItem\",\"position\":1,\"name\":\"Portada\",\"item\":\"https:\\\/\\\/techmasterdemexico.com\\\/\"},{\"@type\":\"ListItem\",\"position\":2,\"name\":\"Comprobador de secuencia de fases y rotaci\u00f3n del motor\"}]},{\"@type\":\"WebSite\",\"@id\":\"https:\\\/\\\/techmasterdemexico.com\\\/#website\",\"url\":\"https:\\\/\\\/techmasterdemexico.com\\\/\",\"name\":\"Techmaster de Mexico\",\"description\":\"\",\"potentialAction\":[{\"@type\":\"SearchAction\",\"target\":{\"@type\":\"EntryPoint\",\"urlTemplate\":\"https:\\\/\\\/techmasterdemexico.com\\\/?s={search_term_string}\"},\"query-input\":{\"@type\":\"PropertyValueSpecification\",\"valueRequired\":true,\"valueName\":\"search_term_string\"}}],\"inLanguage\":\"en-US\"}]}<\/script>\n<!-- \/ Yoast SEO plugin. -->","yoast_head_json":{"title":"Comprobador de secuencia de fases y rotaci\u00f3n del motor - Techmaster de Mexico","robots":{"index":"index","follow":"follow","max-snippet":"max-snippet:-1","max-image-preview":"max-image-preview:large","max-video-preview":"max-video-preview:-1"},"canonical":"https:\/\/techmasterdemexico.com\/producto\/comprobador-de-secuencia-de-fases-y-rotacion-del-motor\/","og_locale":"en_US","og_type":"article","og_title":"Comprobador de secuencia de fases y rotaci\u00f3n del motor - Techmaster de Mexico","og_description":"Comprobador de rotaci\u00f3n de motores y secuencia de fases Amprobe PRM-6 Indicaci\u00f3n de secuencia de cables trif\u00e1sicos Pantallas de error (fase faltante, una entrada conectada a neutro o PE) Detecci\u00f3n de rotaci\u00f3n de motor inal\u00e1mbrica sin contacto en motores en funcionamiento Indica la rotaci\u00f3n del motor de motores desconectados cuando se hace girar el eje [&hellip;]","og_url":"https:\/\/techmasterdemexico.com\/producto\/comprobador-de-secuencia-de-fases-y-rotacion-del-motor\/","og_site_name":"Techmaster de Mexico","article_modified_time":"2021-12-28T22:29:11+00:00","og_image":[{"width":500,"height":500,"url":"https:\/\/techmasterdemexico.com\/wp-content\/uploads\/2021\/08\/PD_PRM-6-1.jpg","type":"image\/jpeg"}],"twitter_card":"summary_large_image","twitter_misc":{"Est. reading time":"1 minute"},"schema":{"@context":"https:\/\/schema.org","@graph":[{"@type":"WebPage","@id":"https:\/\/techmasterdemexico.com\/producto\/comprobador-de-secuencia-de-fases-y-rotacion-del-motor\/","url":"https:\/\/techmasterdemexico.com\/producto\/comprobador-de-secuencia-de-fases-y-rotacion-del-motor\/","name":"Comprobador de secuencia de fases y rotaci\u00f3n del motor - Techmaster de Mexico","isPartOf":{"@id":"https:\/\/techmasterdemexico.com\/#website"},"primaryImageOfPage":{"@id":"https:\/\/techmasterdemexico.com\/producto\/comprobador-de-secuencia-de-fases-y-rotacion-del-motor\/#primaryimage"},"image":{"@id":"https:\/\/techmasterdemexico.com\/producto\/comprobador-de-secuencia-de-fases-y-rotacion-del-motor\/#primaryimage"},"thumbnailUrl":"https:\/\/techmasterdemexico.com\/wp-content\/uploads\/2021\/08\/PD_PRM-6-1.jpg","datePublished":"2021-08-19T19:28:46+00:00","dateModified":"2021-12-28T22:29:11+00:00","breadcrumb":{"@id":"https:\/\/techmasterdemexico.com\/producto\/comprobador-de-secuencia-de-fases-y-rotacion-del-motor\/#breadcrumb"},"inLanguage":"en-US","potentialAction":[{"@type":"ReadAction","target":["https:\/\/techmasterdemexico.com\/producto\/comprobador-de-secuencia-de-fases-y-rotacion-del-motor\/"]}]},{"@type":"ImageObject","inLanguage":"en-US","@id":"https:\/\/techmasterdemexico.com\/producto\/comprobador-de-secuencia-de-fases-y-rotacion-del-motor\/#primaryimage","url":"https:\/\/techmasterdemexico.com\/wp-content\/uploads\/2021\/08\/PD_PRM-6-1.jpg","contentUrl":"https:\/\/techmasterdemexico.com\/wp-content\/uploads\/2021\/08\/PD_PRM-6-1.jpg","width":500,"height":500},{"@type":"BreadcrumbList","@id":"https:\/\/techmasterdemexico.com\/producto\/comprobador-de-secuencia-de-fases-y-rotacion-del-motor\/#breadcrumb","itemListElement":[{"@type":"ListItem","position":1,"name":"Portada","item":"https:\/\/techmasterdemexico.com\/"},{"@type":"ListItem","position":2,"name":"Comprobador de secuencia de fases y rotaci\u00f3n del motor"}]},{"@type":"WebSite","@id":"https:\/\/techmasterdemexico.com\/#website","url":"https:\/\/techmasterdemexico.com\/","name":"Techmaster de Mexico","description":"","potentialAction":[{"@type":"SearchAction","target":{"@type":"EntryPoint","urlTemplate":"https:\/\/techmasterdemexico.com\/?s={search_term_string}"},"query-input":{"@type":"PropertyValueSpecification","valueRequired":true,"valueName":"search_term_string"}}],"inLanguage":"en-US"}]}},"brands":[{"id":104,"name":"Amprobe","slug":"amprobe"}],"_links":{"self":[{"href":"https:\/\/techmasterdemexico.com\/en\/wp-json\/wp\/v2\/product\/8311","targetHints":{"allow":["GET"]}}],"collection":[{"href":"https:\/\/techmasterdemexico.com\/en\/wp-json\/wp\/v2\/product"}],"about":[{"href":"https:\/\/techmasterdemexico.com\/en\/wp-json\/wp\/v2\/types\/product"}],"wp:featuredmedia":[{"embeddable":true,"href":"https:\/\/techmasterdemexico.com\/en\/wp-json\/wp\/v2\/media\/8404"}],"wp:attachment":[{"href":"https:\/\/techmasterdemexico.com\/en\/wp-json\/wp\/v2\/media?parent=8311"}],"wp:term":[{"taxonomy":"pwb-brand","embeddable":true,"href":"https:\/\/techmasterdemexico.com\/en\/wp-json\/wp\/v2\/pwb-brand?post=8311"},{"taxonomy":"product_brand","embeddable":true,"href":"https:\/\/techmasterdemexico.com\/en\/wp-json\/wp\/v2\/product_brand?post=8311"},{"taxonomy":"product_cat","embeddable":true,"href":"https:\/\/techmasterdemexico.com\/en\/wp-json\/wp\/v2\/product_cat?post=8311"},{"taxonomy":"product_tag","embeddable":true,"href":"https:\/\/techmasterdemexico.com\/en\/wp-json\/wp\/v2\/product_tag?post=8311"}],"curies":[{"name":"wp","href":"https:\/\/api.w.org\/{rel}","templated":true}]}}