{"id":8310,"date":"2021-08-19T19:28:44","date_gmt":"2021-08-19T19:28:44","guid":{"rendered":"http:\/\/techmastermx.ddns.net\/producto\/miliohmimetro-mo-100\/"},"modified":"2021-12-28T22:29:12","modified_gmt":"2021-12-28T22:29:12","slug":"miliohmimetro-mo-100","status":"publish","type":"product","link":"https:\/\/techmasterdemexico.com\/en\/producto\/miliohmimetro-mo-100\/","title":{"rendered":"Miliohm\u00edmetro MO-100"},"content":{"rendered":"<p>Amprobe MO-100 Miliohm\u00edmetro<\/p>\n<ul>\n<li>La medici\u00f3n precisa de cuatro terminales hasta 100 \u00b5 ohmios no requiere compensaci\u00f3n de resistencia de los cables de prueba<\/li>\n<li>Var\u00eda de 200,0 m ohmios a 2000 ohmios con una resoluci\u00f3n m\u00ednima de 100 \u00b5 ohmios<\/li>\n<li>Precisi\u00f3n de medici\u00f3n con tres corrientes de prueba con protecci\u00f3n contra sobrecalentamiento<\/li>\n<li>Protecci\u00f3n contra conexi\u00f3n involuntaria a sobretensi\u00f3n<\/li>\n<li>LCD grande<\/li>\n<li>Resistencia potencial de los cables, comprobaciones de la resistencia de los cables actuales<\/li>\n<li>Funciones de retenci\u00f3n y apagado autom\u00e1tico<\/li>\n<li>Compacto robusto y ligero.<\/li>\n<li>Indica errores de medici\u00f3n debido a problemas de temperatura o de conexi\u00f3n.<\/li>\n<li>Carcasa sellada con junta t\u00f3rica<\/li>\n<li>Bateria cargada<\/li>\n<li>IEC \/ EN 61010-1<\/li>\n<\/ul>\n<p>&nbsp;<\/p>\n<p>Diagnostique fallas potenciales con el MO-100, medidor de miliohmios port\u00e1til alimentado por bater\u00eda. Verifique r\u00e1pidamente los devanados abiertos o cortos en motores, generadores y transformadores, resistencias de conexi\u00f3n de cable a cable, prueba de elementos calefactores y resistencia de contacto en conexiones el\u00e9ctricas cr\u00edticas.<\/p>\n","protected":false},"excerpt":{"rendered":"<p>Amprobe MO-100 Miliohm\u00edmetro La medici\u00f3n precisa de cuatro terminales hasta 100 \u00b5 ohmios no requiere compensaci\u00f3n de resistencia de los cables de prueba Var\u00eda de 200,0 m ohmios a 2000 ohmios con una resoluci\u00f3n m\u00ednima de 100 \u00b5 ohmios Precisi\u00f3n de medici\u00f3n con tres corrientes de prueba con protecci\u00f3n contra sobrecalentamiento Protecci\u00f3n contra conexi\u00f3n involuntaria [&hellip;]<\/p>\n","protected":false},"featured_media":8410,"template":"","meta":{"_acf_changed":false},"pwb-brand":[104],"product_brand":[],"product_cat":[366,101,165,109],"product_tag":[],"class_list":{"0":"post-8310","1":"product","2":"type-product","3":"status-publish","4":"has-post-thumbnail","6":"pwb-brand-amprobe","7":"product_cat-todos-los-productos","8":"product_cat-amprobe","9":"product_cat-millohm-y-lcr","10":"product_cat-probadores-electricos","12":"first","13":"instock","14":"taxable","15":"shipping-taxable","16":"product-type-simple"},"acf":[],"yoast_head":"<!-- This site is optimized with the Yoast SEO plugin v27.4 - https:\/\/yoast.com\/product\/yoast-seo-wordpress\/ -->\n<title>Miliohm\u00edmetro MO-100 - Techmaster de Mexico<\/title>\n<meta name=\"robots\" content=\"index, follow, max-snippet:-1, max-image-preview:large, max-video-preview:-1\" \/>\n<link rel=\"canonical\" href=\"https:\/\/techmasterdemexico.com\/producto\/miliohmimetro-mo-100\/\" \/>\n<meta property=\"og:locale\" content=\"en_US\" \/>\n<meta property=\"og:type\" content=\"article\" \/>\n<meta property=\"og:title\" content=\"Miliohm\u00edmetro MO-100 - Techmaster de Mexico\" \/>\n<meta property=\"og:description\" content=\"Amprobe MO-100 Miliohm\u00edmetro La medici\u00f3n precisa de cuatro terminales hasta 100 \u00b5 ohmios no requiere compensaci\u00f3n de resistencia de los cables de prueba Var\u00eda de 200,0 m ohmios a 2000 ohmios con una resoluci\u00f3n m\u00ednima de 100 \u00b5 ohmios Precisi\u00f3n de medici\u00f3n con tres corrientes de prueba con protecci\u00f3n contra sobrecalentamiento Protecci\u00f3n contra conexi\u00f3n involuntaria [&hellip;]\" \/>\n<meta property=\"og:url\" content=\"https:\/\/techmasterdemexico.com\/producto\/miliohmimetro-mo-100\/\" \/>\n<meta property=\"og:site_name\" content=\"Techmaster de Mexico\" \/>\n<meta property=\"article:modified_time\" content=\"2021-12-28T22:29:12+00:00\" \/>\n<meta property=\"og:image\" content=\"https:\/\/techmasterdemexico.com\/wp-content\/uploads\/2021\/08\/PD_MO-100-2.jpg\" \/>\n\t<meta property=\"og:image:width\" content=\"500\" \/>\n\t<meta property=\"og:image:height\" content=\"500\" \/>\n\t<meta property=\"og:image:type\" content=\"image\/jpeg\" \/>\n<meta name=\"twitter:card\" content=\"summary_large_image\" \/>\n<meta name=\"twitter:label1\" content=\"Est. reading time\" \/>\n\t<meta name=\"twitter:data1\" content=\"1 minute\" \/>\n<script type=\"application\/ld+json\" class=\"yoast-schema-graph\">{\"@context\":\"https:\\\/\\\/schema.org\",\"@graph\":[{\"@type\":\"WebPage\",\"@id\":\"https:\\\/\\\/techmasterdemexico.com\\\/producto\\\/miliohmimetro-mo-100\\\/\",\"url\":\"https:\\\/\\\/techmasterdemexico.com\\\/producto\\\/miliohmimetro-mo-100\\\/\",\"name\":\"Miliohm\u00edmetro MO-100 - Techmaster de Mexico\",\"isPartOf\":{\"@id\":\"https:\\\/\\\/techmasterdemexico.com\\\/#website\"},\"primaryImageOfPage\":{\"@id\":\"https:\\\/\\\/techmasterdemexico.com\\\/producto\\\/miliohmimetro-mo-100\\\/#primaryimage\"},\"image\":{\"@id\":\"https:\\\/\\\/techmasterdemexico.com\\\/producto\\\/miliohmimetro-mo-100\\\/#primaryimage\"},\"thumbnailUrl\":\"https:\\\/\\\/techmasterdemexico.com\\\/wp-content\\\/uploads\\\/2021\\\/08\\\/PD_MO-100-2.jpg\",\"datePublished\":\"2021-08-19T19:28:44+00:00\",\"dateModified\":\"2021-12-28T22:29:12+00:00\",\"breadcrumb\":{\"@id\":\"https:\\\/\\\/techmasterdemexico.com\\\/producto\\\/miliohmimetro-mo-100\\\/#breadcrumb\"},\"inLanguage\":\"en-US\",\"potentialAction\":[{\"@type\":\"ReadAction\",\"target\":[\"https:\\\/\\\/techmasterdemexico.com\\\/producto\\\/miliohmimetro-mo-100\\\/\"]}]},{\"@type\":\"ImageObject\",\"inLanguage\":\"en-US\",\"@id\":\"https:\\\/\\\/techmasterdemexico.com\\\/producto\\\/miliohmimetro-mo-100\\\/#primaryimage\",\"url\":\"https:\\\/\\\/techmasterdemexico.com\\\/wp-content\\\/uploads\\\/2021\\\/08\\\/PD_MO-100-2.jpg\",\"contentUrl\":\"https:\\\/\\\/techmasterdemexico.com\\\/wp-content\\\/uploads\\\/2021\\\/08\\\/PD_MO-100-2.jpg\",\"width\":500,\"height\":500},{\"@type\":\"BreadcrumbList\",\"@id\":\"https:\\\/\\\/techmasterdemexico.com\\\/producto\\\/miliohmimetro-mo-100\\\/#breadcrumb\",\"itemListElement\":[{\"@type\":\"ListItem\",\"position\":1,\"name\":\"Portada\",\"item\":\"https:\\\/\\\/techmasterdemexico.com\\\/\"},{\"@type\":\"ListItem\",\"position\":2,\"name\":\"Miliohm\u00edmetro MO-100\"}]},{\"@type\":\"WebSite\",\"@id\":\"https:\\\/\\\/techmasterdemexico.com\\\/#website\",\"url\":\"https:\\\/\\\/techmasterdemexico.com\\\/\",\"name\":\"Techmaster de Mexico\",\"description\":\"\",\"potentialAction\":[{\"@type\":\"SearchAction\",\"target\":{\"@type\":\"EntryPoint\",\"urlTemplate\":\"https:\\\/\\\/techmasterdemexico.com\\\/?s={search_term_string}\"},\"query-input\":{\"@type\":\"PropertyValueSpecification\",\"valueRequired\":true,\"valueName\":\"search_term_string\"}}],\"inLanguage\":\"en-US\"}]}<\/script>\n<!-- \/ Yoast SEO plugin. -->","yoast_head_json":{"title":"Miliohm\u00edmetro MO-100 - Techmaster de Mexico","robots":{"index":"index","follow":"follow","max-snippet":"max-snippet:-1","max-image-preview":"max-image-preview:large","max-video-preview":"max-video-preview:-1"},"canonical":"https:\/\/techmasterdemexico.com\/producto\/miliohmimetro-mo-100\/","og_locale":"en_US","og_type":"article","og_title":"Miliohm\u00edmetro MO-100 - Techmaster de Mexico","og_description":"Amprobe MO-100 Miliohm\u00edmetro La medici\u00f3n precisa de cuatro terminales hasta 100 \u00b5 ohmios no requiere compensaci\u00f3n de resistencia de los cables de prueba Var\u00eda de 200,0 m ohmios a 2000 ohmios con una resoluci\u00f3n m\u00ednima de 100 \u00b5 ohmios Precisi\u00f3n de medici\u00f3n con tres corrientes de prueba con protecci\u00f3n contra sobrecalentamiento Protecci\u00f3n contra conexi\u00f3n involuntaria [&hellip;]","og_url":"https:\/\/techmasterdemexico.com\/producto\/miliohmimetro-mo-100\/","og_site_name":"Techmaster de Mexico","article_modified_time":"2021-12-28T22:29:12+00:00","og_image":[{"width":500,"height":500,"url":"https:\/\/techmasterdemexico.com\/wp-content\/uploads\/2021\/08\/PD_MO-100-2.jpg","type":"image\/jpeg"}],"twitter_card":"summary_large_image","twitter_misc":{"Est. reading time":"1 minute"},"schema":{"@context":"https:\/\/schema.org","@graph":[{"@type":"WebPage","@id":"https:\/\/techmasterdemexico.com\/producto\/miliohmimetro-mo-100\/","url":"https:\/\/techmasterdemexico.com\/producto\/miliohmimetro-mo-100\/","name":"Miliohm\u00edmetro MO-100 - Techmaster de Mexico","isPartOf":{"@id":"https:\/\/techmasterdemexico.com\/#website"},"primaryImageOfPage":{"@id":"https:\/\/techmasterdemexico.com\/producto\/miliohmimetro-mo-100\/#primaryimage"},"image":{"@id":"https:\/\/techmasterdemexico.com\/producto\/miliohmimetro-mo-100\/#primaryimage"},"thumbnailUrl":"https:\/\/techmasterdemexico.com\/wp-content\/uploads\/2021\/08\/PD_MO-100-2.jpg","datePublished":"2021-08-19T19:28:44+00:00","dateModified":"2021-12-28T22:29:12+00:00","breadcrumb":{"@id":"https:\/\/techmasterdemexico.com\/producto\/miliohmimetro-mo-100\/#breadcrumb"},"inLanguage":"en-US","potentialAction":[{"@type":"ReadAction","target":["https:\/\/techmasterdemexico.com\/producto\/miliohmimetro-mo-100\/"]}]},{"@type":"ImageObject","inLanguage":"en-US","@id":"https:\/\/techmasterdemexico.com\/producto\/miliohmimetro-mo-100\/#primaryimage","url":"https:\/\/techmasterdemexico.com\/wp-content\/uploads\/2021\/08\/PD_MO-100-2.jpg","contentUrl":"https:\/\/techmasterdemexico.com\/wp-content\/uploads\/2021\/08\/PD_MO-100-2.jpg","width":500,"height":500},{"@type":"BreadcrumbList","@id":"https:\/\/techmasterdemexico.com\/producto\/miliohmimetro-mo-100\/#breadcrumb","itemListElement":[{"@type":"ListItem","position":1,"name":"Portada","item":"https:\/\/techmasterdemexico.com\/"},{"@type":"ListItem","position":2,"name":"Miliohm\u00edmetro MO-100"}]},{"@type":"WebSite","@id":"https:\/\/techmasterdemexico.com\/#website","url":"https:\/\/techmasterdemexico.com\/","name":"Techmaster de Mexico","description":"","potentialAction":[{"@type":"SearchAction","target":{"@type":"EntryPoint","urlTemplate":"https:\/\/techmasterdemexico.com\/?s={search_term_string}"},"query-input":{"@type":"PropertyValueSpecification","valueRequired":true,"valueName":"search_term_string"}}],"inLanguage":"en-US"}]}},"brands":[{"id":104,"name":"Amprobe","slug":"amprobe"}],"_links":{"self":[{"href":"https:\/\/techmasterdemexico.com\/en\/wp-json\/wp\/v2\/product\/8310","targetHints":{"allow":["GET"]}}],"collection":[{"href":"https:\/\/techmasterdemexico.com\/en\/wp-json\/wp\/v2\/product"}],"about":[{"href":"https:\/\/techmasterdemexico.com\/en\/wp-json\/wp\/v2\/types\/product"}],"wp:featuredmedia":[{"embeddable":true,"href":"https:\/\/techmasterdemexico.com\/en\/wp-json\/wp\/v2\/media\/8410"}],"wp:attachment":[{"href":"https:\/\/techmasterdemexico.com\/en\/wp-json\/wp\/v2\/media?parent=8310"}],"wp:term":[{"taxonomy":"pwb-brand","embeddable":true,"href":"https:\/\/techmasterdemexico.com\/en\/wp-json\/wp\/v2\/pwb-brand?post=8310"},{"taxonomy":"product_brand","embeddable":true,"href":"https:\/\/techmasterdemexico.com\/en\/wp-json\/wp\/v2\/product_brand?post=8310"},{"taxonomy":"product_cat","embeddable":true,"href":"https:\/\/techmasterdemexico.com\/en\/wp-json\/wp\/v2\/product_cat?post=8310"},{"taxonomy":"product_tag","embeddable":true,"href":"https:\/\/techmasterdemexico.com\/en\/wp-json\/wp\/v2\/product_tag?post=8310"}],"curies":[{"name":"wp","href":"https:\/\/api.w.org\/{rel}","templated":true}]}}