{"id":8308,"date":"2021-08-19T19:28:43","date_gmt":"2021-08-19T19:28:43","guid":{"rendered":"http:\/\/techmastermx.ddns.net\/producto\/comprobador-de-cables-lan-1\/"},"modified":"2021-12-28T22:29:13","modified_gmt":"2021-12-28T22:29:13","slug":"comprobador-de-cables-lan-1","status":"publish","type":"product","link":"https:\/\/techmasterdemexico.com\/en\/producto\/comprobador-de-cables-lan-1\/","title":{"rendered":"Comprobador de cables LAN-1"},"content":{"rendered":"<p>Comprobador de cables LAN Amprobe LAN-1<\/p>\n<ul>\n<li>Configuraci\u00f3n de pines de prueba para:<\/li>\n<li>Cable 10\/100 base -T<\/li>\n<li>10 cable base-2<\/li>\n<li>Cables modulares RJ45<\/li>\n<li>Cable AT T 258A<\/li>\n<li>Cables EIA \/ TIA 568A \/ 568B<\/li>\n<li>Cable Token Ring<\/li>\n<li>Verifique la continuidad del cableado del cable, abiertos, cortocircuitos o cableado incorrecto<\/li>\n<li>Pruebe el cable instalado en la placa de pared o los paneles de conexi\u00f3n utilizando el m\u00f3dulo de terminaci\u00f3n remota<\/li>\n<li>Realice una prueba de bucle invertido o una prueba remota<\/li>\n<li>Advertencia sonora del zumbador por condici\u00f3n de error en el cable<\/li>\n<li>Dos juegos de luces LED para indicaci\u00f3n de fuente y prueba<\/li>\n<li>Longitud m\u00e1xima de la l\u00ednea:&gt; 300 metros<\/li>\n<li>Tipos de conector: RJ45, BNC<\/li>\n<\/ul>\n<p>El comprobador de cables Amprobe LAN-1 est\u00e1 dise\u00f1ado para probar instalaciones de cables abiertos, cortos y mal conectados, y funciona con varios cables y conectores de datos. Este probador de cables proporciona una pantalla LED r\u00e1pida de pasar \/ no pasar del cableado y la conexi\u00f3n del art\u00edculo bajo prueba. Puede pasar por el cableado del cable de prueba uno a la vez o hacer que la unidad pulse autom\u00e1ticamente a trav\u00e9s de los pines y muestre los resultados.<\/p>\n","protected":false},"excerpt":{"rendered":"<p>Comprobador de cables LAN Amprobe LAN-1 Configuraci\u00f3n de pines de prueba para: Cable 10\/100 base -T 10 cable base-2 Cables modulares RJ45 Cable AT T 258A Cables EIA \/ TIA 568A \/ 568B Cable Token Ring Verifique la continuidad del cableado del cable, abiertos, cortocircuitos o cableado incorrecto Pruebe el cable instalado en la placa [&hellip;]<\/p>\n","protected":false},"featured_media":8420,"template":"","meta":{"_acf_changed":false},"pwb-brand":[104],"product_brand":[],"product_cat":[366,101,164,109],"product_tag":[],"class_list":{"0":"post-8308","1":"product","2":"type-product","3":"status-publish","4":"has-post-thumbnail","6":"pwb-brand-amprobe","7":"product_cat-todos-los-productos","8":"product_cat-amprobe","9":"product_cat-lan-e-interruptores","10":"product_cat-probadores-electricos","12":"first","13":"instock","14":"taxable","15":"shipping-taxable","16":"product-type-simple"},"acf":[],"yoast_head":"<!-- This site is optimized with the Yoast SEO plugin v27.4 - https:\/\/yoast.com\/product\/yoast-seo-wordpress\/ -->\n<title>Comprobador de cables LAN-1 - Techmaster de Mexico<\/title>\n<meta name=\"robots\" content=\"index, follow, max-snippet:-1, max-image-preview:large, max-video-preview:-1\" \/>\n<link rel=\"canonical\" href=\"https:\/\/techmasterdemexico.com\/producto\/comprobador-de-cables-lan-1\/\" \/>\n<meta property=\"og:locale\" content=\"en_US\" \/>\n<meta property=\"og:type\" content=\"article\" \/>\n<meta property=\"og:title\" content=\"Comprobador de cables LAN-1 - Techmaster de Mexico\" \/>\n<meta property=\"og:description\" content=\"Comprobador de cables LAN Amprobe LAN-1 Configuraci\u00f3n de pines de prueba para: Cable 10\/100 base -T 10 cable base-2 Cables modulares RJ45 Cable AT T 258A Cables EIA \/ TIA 568A \/ 568B Cable Token Ring Verifique la continuidad del cableado del cable, abiertos, cortocircuitos o cableado incorrecto Pruebe el cable instalado en la placa [&hellip;]\" \/>\n<meta property=\"og:url\" content=\"https:\/\/techmasterdemexico.com\/producto\/comprobador-de-cables-lan-1\/\" \/>\n<meta property=\"og:site_name\" content=\"Techmaster de Mexico\" \/>\n<meta property=\"article:modified_time\" content=\"2021-12-28T22:29:13+00:00\" \/>\n<meta property=\"og:image\" content=\"https:\/\/techmasterdemexico.com\/wp-content\/uploads\/2021\/08\/PD_LAN-1-1.jpg\" \/>\n\t<meta property=\"og:image:width\" content=\"500\" \/>\n\t<meta property=\"og:image:height\" content=\"500\" \/>\n\t<meta property=\"og:image:type\" content=\"image\/jpeg\" \/>\n<meta name=\"twitter:card\" content=\"summary_large_image\" \/>\n<meta name=\"twitter:label1\" content=\"Est. reading time\" \/>\n\t<meta name=\"twitter:data1\" content=\"1 minute\" \/>\n<script type=\"application\/ld+json\" class=\"yoast-schema-graph\">{\"@context\":\"https:\\\/\\\/schema.org\",\"@graph\":[{\"@type\":\"WebPage\",\"@id\":\"https:\\\/\\\/techmasterdemexico.com\\\/producto\\\/comprobador-de-cables-lan-1\\\/\",\"url\":\"https:\\\/\\\/techmasterdemexico.com\\\/producto\\\/comprobador-de-cables-lan-1\\\/\",\"name\":\"Comprobador de cables LAN-1 - Techmaster de Mexico\",\"isPartOf\":{\"@id\":\"https:\\\/\\\/techmasterdemexico.com\\\/#website\"},\"primaryImageOfPage\":{\"@id\":\"https:\\\/\\\/techmasterdemexico.com\\\/producto\\\/comprobador-de-cables-lan-1\\\/#primaryimage\"},\"image\":{\"@id\":\"https:\\\/\\\/techmasterdemexico.com\\\/producto\\\/comprobador-de-cables-lan-1\\\/#primaryimage\"},\"thumbnailUrl\":\"https:\\\/\\\/techmasterdemexico.com\\\/wp-content\\\/uploads\\\/2021\\\/08\\\/PD_LAN-1-1.jpg\",\"datePublished\":\"2021-08-19T19:28:43+00:00\",\"dateModified\":\"2021-12-28T22:29:13+00:00\",\"breadcrumb\":{\"@id\":\"https:\\\/\\\/techmasterdemexico.com\\\/producto\\\/comprobador-de-cables-lan-1\\\/#breadcrumb\"},\"inLanguage\":\"en-US\",\"potentialAction\":[{\"@type\":\"ReadAction\",\"target\":[\"https:\\\/\\\/techmasterdemexico.com\\\/producto\\\/comprobador-de-cables-lan-1\\\/\"]}]},{\"@type\":\"ImageObject\",\"inLanguage\":\"en-US\",\"@id\":\"https:\\\/\\\/techmasterdemexico.com\\\/producto\\\/comprobador-de-cables-lan-1\\\/#primaryimage\",\"url\":\"https:\\\/\\\/techmasterdemexico.com\\\/wp-content\\\/uploads\\\/2021\\\/08\\\/PD_LAN-1-1.jpg\",\"contentUrl\":\"https:\\\/\\\/techmasterdemexico.com\\\/wp-content\\\/uploads\\\/2021\\\/08\\\/PD_LAN-1-1.jpg\",\"width\":500,\"height\":500},{\"@type\":\"BreadcrumbList\",\"@id\":\"https:\\\/\\\/techmasterdemexico.com\\\/producto\\\/comprobador-de-cables-lan-1\\\/#breadcrumb\",\"itemListElement\":[{\"@type\":\"ListItem\",\"position\":1,\"name\":\"Portada\",\"item\":\"https:\\\/\\\/techmasterdemexico.com\\\/\"},{\"@type\":\"ListItem\",\"position\":2,\"name\":\"Comprobador de cables LAN-1\"}]},{\"@type\":\"WebSite\",\"@id\":\"https:\\\/\\\/techmasterdemexico.com\\\/#website\",\"url\":\"https:\\\/\\\/techmasterdemexico.com\\\/\",\"name\":\"Techmaster de Mexico\",\"description\":\"\",\"potentialAction\":[{\"@type\":\"SearchAction\",\"target\":{\"@type\":\"EntryPoint\",\"urlTemplate\":\"https:\\\/\\\/techmasterdemexico.com\\\/?s={search_term_string}\"},\"query-input\":{\"@type\":\"PropertyValueSpecification\",\"valueRequired\":true,\"valueName\":\"search_term_string\"}}],\"inLanguage\":\"en-US\"}]}<\/script>\n<!-- \/ Yoast SEO plugin. -->","yoast_head_json":{"title":"Comprobador de cables LAN-1 - Techmaster de Mexico","robots":{"index":"index","follow":"follow","max-snippet":"max-snippet:-1","max-image-preview":"max-image-preview:large","max-video-preview":"max-video-preview:-1"},"canonical":"https:\/\/techmasterdemexico.com\/producto\/comprobador-de-cables-lan-1\/","og_locale":"en_US","og_type":"article","og_title":"Comprobador de cables LAN-1 - Techmaster de Mexico","og_description":"Comprobador de cables LAN Amprobe LAN-1 Configuraci\u00f3n de pines de prueba para: Cable 10\/100 base -T 10 cable base-2 Cables modulares RJ45 Cable AT T 258A Cables EIA \/ TIA 568A \/ 568B Cable Token Ring Verifique la continuidad del cableado del cable, abiertos, cortocircuitos o cableado incorrecto Pruebe el cable instalado en la placa [&hellip;]","og_url":"https:\/\/techmasterdemexico.com\/producto\/comprobador-de-cables-lan-1\/","og_site_name":"Techmaster de Mexico","article_modified_time":"2021-12-28T22:29:13+00:00","og_image":[{"width":500,"height":500,"url":"https:\/\/techmasterdemexico.com\/wp-content\/uploads\/2021\/08\/PD_LAN-1-1.jpg","type":"image\/jpeg"}],"twitter_card":"summary_large_image","twitter_misc":{"Est. reading time":"1 minute"},"schema":{"@context":"https:\/\/schema.org","@graph":[{"@type":"WebPage","@id":"https:\/\/techmasterdemexico.com\/producto\/comprobador-de-cables-lan-1\/","url":"https:\/\/techmasterdemexico.com\/producto\/comprobador-de-cables-lan-1\/","name":"Comprobador de cables LAN-1 - Techmaster de Mexico","isPartOf":{"@id":"https:\/\/techmasterdemexico.com\/#website"},"primaryImageOfPage":{"@id":"https:\/\/techmasterdemexico.com\/producto\/comprobador-de-cables-lan-1\/#primaryimage"},"image":{"@id":"https:\/\/techmasterdemexico.com\/producto\/comprobador-de-cables-lan-1\/#primaryimage"},"thumbnailUrl":"https:\/\/techmasterdemexico.com\/wp-content\/uploads\/2021\/08\/PD_LAN-1-1.jpg","datePublished":"2021-08-19T19:28:43+00:00","dateModified":"2021-12-28T22:29:13+00:00","breadcrumb":{"@id":"https:\/\/techmasterdemexico.com\/producto\/comprobador-de-cables-lan-1\/#breadcrumb"},"inLanguage":"en-US","potentialAction":[{"@type":"ReadAction","target":["https:\/\/techmasterdemexico.com\/producto\/comprobador-de-cables-lan-1\/"]}]},{"@type":"ImageObject","inLanguage":"en-US","@id":"https:\/\/techmasterdemexico.com\/producto\/comprobador-de-cables-lan-1\/#primaryimage","url":"https:\/\/techmasterdemexico.com\/wp-content\/uploads\/2021\/08\/PD_LAN-1-1.jpg","contentUrl":"https:\/\/techmasterdemexico.com\/wp-content\/uploads\/2021\/08\/PD_LAN-1-1.jpg","width":500,"height":500},{"@type":"BreadcrumbList","@id":"https:\/\/techmasterdemexico.com\/producto\/comprobador-de-cables-lan-1\/#breadcrumb","itemListElement":[{"@type":"ListItem","position":1,"name":"Portada","item":"https:\/\/techmasterdemexico.com\/"},{"@type":"ListItem","position":2,"name":"Comprobador de cables LAN-1"}]},{"@type":"WebSite","@id":"https:\/\/techmasterdemexico.com\/#website","url":"https:\/\/techmasterdemexico.com\/","name":"Techmaster de Mexico","description":"","potentialAction":[{"@type":"SearchAction","target":{"@type":"EntryPoint","urlTemplate":"https:\/\/techmasterdemexico.com\/?s={search_term_string}"},"query-input":{"@type":"PropertyValueSpecification","valueRequired":true,"valueName":"search_term_string"}}],"inLanguage":"en-US"}]}},"brands":[{"id":104,"name":"Amprobe","slug":"amprobe"}],"_links":{"self":[{"href":"https:\/\/techmasterdemexico.com\/en\/wp-json\/wp\/v2\/product\/8308","targetHints":{"allow":["GET"]}}],"collection":[{"href":"https:\/\/techmasterdemexico.com\/en\/wp-json\/wp\/v2\/product"}],"about":[{"href":"https:\/\/techmasterdemexico.com\/en\/wp-json\/wp\/v2\/types\/product"}],"wp:featuredmedia":[{"embeddable":true,"href":"https:\/\/techmasterdemexico.com\/en\/wp-json\/wp\/v2\/media\/8420"}],"wp:attachment":[{"href":"https:\/\/techmasterdemexico.com\/en\/wp-json\/wp\/v2\/media?parent=8308"}],"wp:term":[{"taxonomy":"pwb-brand","embeddable":true,"href":"https:\/\/techmasterdemexico.com\/en\/wp-json\/wp\/v2\/pwb-brand?post=8308"},{"taxonomy":"product_brand","embeddable":true,"href":"https:\/\/techmasterdemexico.com\/en\/wp-json\/wp\/v2\/product_brand?post=8308"},{"taxonomy":"product_cat","embeddable":true,"href":"https:\/\/techmasterdemexico.com\/en\/wp-json\/wp\/v2\/product_cat?post=8308"},{"taxonomy":"product_tag","embeddable":true,"href":"https:\/\/techmasterdemexico.com\/en\/wp-json\/wp\/v2\/product_tag?post=8308"}],"curies":[{"name":"wp","href":"https:\/\/api.w.org\/{rel}","templated":true}]}}