{"id":8307,"date":"2021-08-19T19:28:43","date_gmt":"2021-08-19T19:28:43","guid":{"rendered":"http:\/\/techmastermx.ddns.net\/producto\/rastreador-de-interruptores-bt-250\/"},"modified":"2021-12-28T22:29:13","modified_gmt":"2021-12-28T22:29:13","slug":"rastreador-de-interruptores-bt-250","status":"publish","type":"product","link":"https:\/\/techmasterdemexico.com\/en\/producto\/rastreador-de-interruptores-bt-250\/","title":{"rendered":"Rastreador de interruptores BT-250"},"content":{"rendered":"<p>Comprobador de disyuntores Amprobe BT-250<\/p>\n<ul>\n<li>Identifica la ubicaci\u00f3n del disyuntor<\/li>\n<li>Funciona en todos los sistemas el\u00e9ctricos de 90 a 250 V CA<\/li>\n<li>Perfecto para aplicaciones de oficina, residenciales y HVAC<\/li>\n<li>Ajuste de sensibilidad autom\u00e1tico<\/li>\n<li>R\u00e1pido y f\u00e1cil de usar<\/li>\n<li>La lectura extremadamente precisa siempre encuentra el interruptor correcto<\/li>\n<li>Durable y confiable<\/li>\n<\/ul>\n<p>&nbsp;<\/p>\n<p>El comprobador de disyuntores Amprobe BT-250 funciona en sistemas alimentados de 90 a 250 V CA y est\u00e1 dise\u00f1ado para su uso en entornos residenciales y comerciales ligeros.<\/p>\n<p>Viene completo como un kit de comprobador de disyuntores con transmisor, receptor, cable de enchufe \/ cable de prueba con pinzas de cocodrilo aisladas y un adaptador de l\u00e1mpara. Todo alojado en un estuche r\u00edgido profesional.<\/p>\n<p>El probador de disyuntores BT-250 es una soluci\u00f3n preferida para lo \u00faltimo en requisitos de c\u00f3digo. Identifique los disyuntores de forma r\u00e1pida y eficiente.<\/p>\n","protected":false},"excerpt":{"rendered":"<p>Comprobador de disyuntores Amprobe BT-250 Identifica la ubicaci\u00f3n del disyuntor Funciona en todos los sistemas el\u00e9ctricos de 90 a 250 V CA Perfecto para aplicaciones de oficina, residenciales y HVAC Ajuste de sensibilidad autom\u00e1tico R\u00e1pido y f\u00e1cil de usar La lectura extremadamente precisa siempre encuentra el interruptor correcto Durable y confiable &nbsp; El comprobador de [&hellip;]<\/p>\n","protected":false},"featured_media":8414,"template":"","meta":{"_acf_changed":false},"pwb-brand":[104],"product_brand":[],"product_cat":[366,101,164,109],"product_tag":[],"class_list":{"0":"post-8307","1":"product","2":"type-product","3":"status-publish","4":"has-post-thumbnail","6":"pwb-brand-amprobe","7":"product_cat-todos-los-productos","8":"product_cat-amprobe","9":"product_cat-lan-e-interruptores","10":"product_cat-probadores-electricos","12":"first","13":"instock","14":"taxable","15":"shipping-taxable","16":"product-type-simple"},"acf":[],"yoast_head":"<!-- This site is optimized with the Yoast SEO plugin v27.4 - https:\/\/yoast.com\/product\/yoast-seo-wordpress\/ -->\n<title>Rastreador de interruptores BT-250 - Techmaster de Mexico<\/title>\n<meta name=\"robots\" content=\"index, follow, max-snippet:-1, max-image-preview:large, max-video-preview:-1\" \/>\n<link rel=\"canonical\" href=\"https:\/\/techmasterdemexico.com\/en\/producto\/rastreador-de-interruptores-bt-250\/\" \/>\n<meta property=\"og:locale\" content=\"en_US\" \/>\n<meta property=\"og:type\" content=\"article\" \/>\n<meta property=\"og:title\" content=\"Rastreador de interruptores BT-250 - Techmaster de Mexico\" \/>\n<meta property=\"og:description\" content=\"Comprobador de disyuntores Amprobe BT-250 Identifica la ubicaci\u00f3n del disyuntor Funciona en todos los sistemas el\u00e9ctricos de 90 a 250 V CA Perfecto para aplicaciones de oficina, residenciales y HVAC Ajuste de sensibilidad autom\u00e1tico R\u00e1pido y f\u00e1cil de usar La lectura extremadamente precisa siempre encuentra el interruptor correcto Durable y confiable &nbsp; El comprobador de [&hellip;]\" \/>\n<meta property=\"og:url\" content=\"https:\/\/techmasterdemexico.com\/en\/producto\/rastreador-de-interruptores-bt-250\/\" \/>\n<meta property=\"og:site_name\" content=\"Techmaster de Mexico\" \/>\n<meta property=\"article:modified_time\" content=\"2021-12-28T22:29:13+00:00\" \/>\n<meta property=\"og:image\" content=\"https:\/\/techmasterdemexico.com\/wp-content\/uploads\/2021\/08\/PD_BT-250-1.jpg\" \/>\n\t<meta property=\"og:image:width\" content=\"500\" \/>\n\t<meta property=\"og:image:height\" content=\"500\" \/>\n\t<meta property=\"og:image:type\" content=\"image\/jpeg\" \/>\n<meta name=\"twitter:card\" content=\"summary_large_image\" \/>\n<meta name=\"twitter:label1\" content=\"Est. reading time\" \/>\n\t<meta name=\"twitter:data1\" content=\"1 minute\" \/>\n<script type=\"application\/ld+json\" class=\"yoast-schema-graph\">{\"@context\":\"https:\\\/\\\/schema.org\",\"@graph\":[{\"@type\":\"WebPage\",\"@id\":\"https:\\\/\\\/techmasterdemexico.com\\\/en\\\/producto\\\/rastreador-de-interruptores-bt-250\\\/\",\"url\":\"https:\\\/\\\/techmasterdemexico.com\\\/en\\\/producto\\\/rastreador-de-interruptores-bt-250\\\/\",\"name\":\"Rastreador de interruptores BT-250 - Techmaster de Mexico\",\"isPartOf\":{\"@id\":\"https:\\\/\\\/techmasterdemexico.com\\\/#website\"},\"primaryImageOfPage\":{\"@id\":\"https:\\\/\\\/techmasterdemexico.com\\\/en\\\/producto\\\/rastreador-de-interruptores-bt-250\\\/#primaryimage\"},\"image\":{\"@id\":\"https:\\\/\\\/techmasterdemexico.com\\\/en\\\/producto\\\/rastreador-de-interruptores-bt-250\\\/#primaryimage\"},\"thumbnailUrl\":\"https:\\\/\\\/techmasterdemexico.com\\\/wp-content\\\/uploads\\\/2021\\\/08\\\/PD_BT-250-1.jpg\",\"datePublished\":\"2021-08-19T19:28:43+00:00\",\"dateModified\":\"2021-12-28T22:29:13+00:00\",\"breadcrumb\":{\"@id\":\"https:\\\/\\\/techmasterdemexico.com\\\/en\\\/producto\\\/rastreador-de-interruptores-bt-250\\\/#breadcrumb\"},\"inLanguage\":\"en-US\",\"potentialAction\":[{\"@type\":\"ReadAction\",\"target\":[\"https:\\\/\\\/techmasterdemexico.com\\\/en\\\/producto\\\/rastreador-de-interruptores-bt-250\\\/\"]}]},{\"@type\":\"ImageObject\",\"inLanguage\":\"en-US\",\"@id\":\"https:\\\/\\\/techmasterdemexico.com\\\/en\\\/producto\\\/rastreador-de-interruptores-bt-250\\\/#primaryimage\",\"url\":\"https:\\\/\\\/techmasterdemexico.com\\\/wp-content\\\/uploads\\\/2021\\\/08\\\/PD_BT-250-1.jpg\",\"contentUrl\":\"https:\\\/\\\/techmasterdemexico.com\\\/wp-content\\\/uploads\\\/2021\\\/08\\\/PD_BT-250-1.jpg\",\"width\":500,\"height\":500},{\"@type\":\"BreadcrumbList\",\"@id\":\"https:\\\/\\\/techmasterdemexico.com\\\/en\\\/producto\\\/rastreador-de-interruptores-bt-250\\\/#breadcrumb\",\"itemListElement\":[{\"@type\":\"ListItem\",\"position\":1,\"name\":\"Portada\",\"item\":\"https:\\\/\\\/techmasterdemexico.com\\\/\"},{\"@type\":\"ListItem\",\"position\":2,\"name\":\"Rastreador de interruptores BT-250\"}]},{\"@type\":\"WebSite\",\"@id\":\"https:\\\/\\\/techmasterdemexico.com\\\/#website\",\"url\":\"https:\\\/\\\/techmasterdemexico.com\\\/\",\"name\":\"Techmaster de Mexico\",\"description\":\"\",\"potentialAction\":[{\"@type\":\"SearchAction\",\"target\":{\"@type\":\"EntryPoint\",\"urlTemplate\":\"https:\\\/\\\/techmasterdemexico.com\\\/?s={search_term_string}\"},\"query-input\":{\"@type\":\"PropertyValueSpecification\",\"valueRequired\":true,\"valueName\":\"search_term_string\"}}],\"inLanguage\":\"en-US\"}]}<\/script>\n<!-- \/ Yoast SEO plugin. -->","yoast_head_json":{"title":"Rastreador de interruptores BT-250 - Techmaster de Mexico","robots":{"index":"index","follow":"follow","max-snippet":"max-snippet:-1","max-image-preview":"max-image-preview:large","max-video-preview":"max-video-preview:-1"},"canonical":"https:\/\/techmasterdemexico.com\/en\/producto\/rastreador-de-interruptores-bt-250\/","og_locale":"en_US","og_type":"article","og_title":"Rastreador de interruptores BT-250 - Techmaster de Mexico","og_description":"Comprobador de disyuntores Amprobe BT-250 Identifica la ubicaci\u00f3n del disyuntor Funciona en todos los sistemas el\u00e9ctricos de 90 a 250 V CA Perfecto para aplicaciones de oficina, residenciales y HVAC Ajuste de sensibilidad autom\u00e1tico R\u00e1pido y f\u00e1cil de usar La lectura extremadamente precisa siempre encuentra el interruptor correcto Durable y confiable &nbsp; El comprobador de [&hellip;]","og_url":"https:\/\/techmasterdemexico.com\/en\/producto\/rastreador-de-interruptores-bt-250\/","og_site_name":"Techmaster de Mexico","article_modified_time":"2021-12-28T22:29:13+00:00","og_image":[{"width":500,"height":500,"url":"https:\/\/techmasterdemexico.com\/wp-content\/uploads\/2021\/08\/PD_BT-250-1.jpg","type":"image\/jpeg"}],"twitter_card":"summary_large_image","twitter_misc":{"Est. reading time":"1 minute"},"schema":{"@context":"https:\/\/schema.org","@graph":[{"@type":"WebPage","@id":"https:\/\/techmasterdemexico.com\/en\/producto\/rastreador-de-interruptores-bt-250\/","url":"https:\/\/techmasterdemexico.com\/en\/producto\/rastreador-de-interruptores-bt-250\/","name":"Rastreador de interruptores BT-250 - Techmaster de Mexico","isPartOf":{"@id":"https:\/\/techmasterdemexico.com\/#website"},"primaryImageOfPage":{"@id":"https:\/\/techmasterdemexico.com\/en\/producto\/rastreador-de-interruptores-bt-250\/#primaryimage"},"image":{"@id":"https:\/\/techmasterdemexico.com\/en\/producto\/rastreador-de-interruptores-bt-250\/#primaryimage"},"thumbnailUrl":"https:\/\/techmasterdemexico.com\/wp-content\/uploads\/2021\/08\/PD_BT-250-1.jpg","datePublished":"2021-08-19T19:28:43+00:00","dateModified":"2021-12-28T22:29:13+00:00","breadcrumb":{"@id":"https:\/\/techmasterdemexico.com\/en\/producto\/rastreador-de-interruptores-bt-250\/#breadcrumb"},"inLanguage":"en-US","potentialAction":[{"@type":"ReadAction","target":["https:\/\/techmasterdemexico.com\/en\/producto\/rastreador-de-interruptores-bt-250\/"]}]},{"@type":"ImageObject","inLanguage":"en-US","@id":"https:\/\/techmasterdemexico.com\/en\/producto\/rastreador-de-interruptores-bt-250\/#primaryimage","url":"https:\/\/techmasterdemexico.com\/wp-content\/uploads\/2021\/08\/PD_BT-250-1.jpg","contentUrl":"https:\/\/techmasterdemexico.com\/wp-content\/uploads\/2021\/08\/PD_BT-250-1.jpg","width":500,"height":500},{"@type":"BreadcrumbList","@id":"https:\/\/techmasterdemexico.com\/en\/producto\/rastreador-de-interruptores-bt-250\/#breadcrumb","itemListElement":[{"@type":"ListItem","position":1,"name":"Portada","item":"https:\/\/techmasterdemexico.com\/"},{"@type":"ListItem","position":2,"name":"Rastreador de interruptores BT-250"}]},{"@type":"WebSite","@id":"https:\/\/techmasterdemexico.com\/#website","url":"https:\/\/techmasterdemexico.com\/","name":"Techmaster de Mexico","description":"","potentialAction":[{"@type":"SearchAction","target":{"@type":"EntryPoint","urlTemplate":"https:\/\/techmasterdemexico.com\/?s={search_term_string}"},"query-input":{"@type":"PropertyValueSpecification","valueRequired":true,"valueName":"search_term_string"}}],"inLanguage":"en-US"}]}},"brands":[{"id":104,"name":"Amprobe","slug":"amprobe"}],"_links":{"self":[{"href":"https:\/\/techmasterdemexico.com\/en\/wp-json\/wp\/v2\/product\/8307","targetHints":{"allow":["GET"]}}],"collection":[{"href":"https:\/\/techmasterdemexico.com\/en\/wp-json\/wp\/v2\/product"}],"about":[{"href":"https:\/\/techmasterdemexico.com\/en\/wp-json\/wp\/v2\/types\/product"}],"wp:featuredmedia":[{"embeddable":true,"href":"https:\/\/techmasterdemexico.com\/en\/wp-json\/wp\/v2\/media\/8414"}],"wp:attachment":[{"href":"https:\/\/techmasterdemexico.com\/en\/wp-json\/wp\/v2\/media?parent=8307"}],"wp:term":[{"taxonomy":"pwb-brand","embeddable":true,"href":"https:\/\/techmasterdemexico.com\/en\/wp-json\/wp\/v2\/pwb-brand?post=8307"},{"taxonomy":"product_brand","embeddable":true,"href":"https:\/\/techmasterdemexico.com\/en\/wp-json\/wp\/v2\/product_brand?post=8307"},{"taxonomy":"product_cat","embeddable":true,"href":"https:\/\/techmasterdemexico.com\/en\/wp-json\/wp\/v2\/product_cat?post=8307"},{"taxonomy":"product_tag","embeddable":true,"href":"https:\/\/techmasterdemexico.com\/en\/wp-json\/wp\/v2\/product_tag?post=8307"}],"curies":[{"name":"wp","href":"https:\/\/api.w.org\/{rel}","templated":true}]}}