{"id":8305,"date":"2021-08-19T19:28:42","date_gmt":"2021-08-19T19:28:42","guid":{"rendered":"http:\/\/techmastermx.ddns.net\/producto\/comprobador-de-circuitos-del-inspector-de-cableado-amprobe-insp-3\/"},"modified":"2021-12-28T22:29:14","modified_gmt":"2021-12-28T22:29:14","slug":"comprobador-de-circuitos-del-inspector-de-cableado-amprobe-insp-3","status":"publish","type":"product","link":"https:\/\/techmasterdemexico.com\/en\/producto\/comprobador-de-circuitos-del-inspector-de-cableado-amprobe-insp-3\/","title":{"rendered":"Comprobador de circuitos del inspector de cableado Amprobe INSP-3"},"content":{"rendered":"<p>Comprobador de circuitos del inspector de cableado Amprobe INSP-3<\/p>\n<ul>\n<li>Encuentra los problemas de cableado m\u00e1s comunes, que incluyen:<\/li>\n<li>Empalmes y conexiones defectuosos<\/li>\n<li>Cableado incorrecto<\/li>\n<li>Cableado de tama\u00f1o insuficiente<\/li>\n<li>GFCI defectuosos<\/li>\n<li>ICFA defectuosos o cableados incorrectamente<\/li>\n<li>Voltaje de l\u00ednea incorrecto<\/li>\n<li>Mala calidad del suelo<\/li>\n<li>Presenta datos de prueba relevantes (voltaje, ca\u00edda de voltaje, ca\u00edda de voltaje en caliente y neutral, voltaje con carga, impedancia de tierra) en una sola pantalla grande<\/li>\n<li>Verifica que el cableado probado para la capacidad de transporte de carga cumpla con las recomendaciones del c\u00f3digo el\u00e9ctrico para la ca\u00edda de voltaje bajo carga<\/li>\n<li>Detecta cableado defectuoso sin quitar las placas de cubierta de los tomacorrientes o las cubiertas de los paneles<\/li>\n<li>La pantalla parpadeante indica claramente un cableado incorrecto o una falla en la prueba de ca\u00edda de voltaje<\/li>\n<li>Ofrece pruebas de carga de 10, 15 y 20 amperios seleccionables por el usuario para verificar el rendimiento del sistema el\u00e9ctrico<\/li>\n<li>No disparar\u00e1 los disyuntores ni fundir\u00e1 fusibles durante la prueba.<\/li>\n<li>Comprueba la calidad de la conexi\u00f3n a tierra para garantizar la seguridad y la capacidad de admitir equipos electr\u00f3nicos sensibles<\/li>\n<li>Mide corrientes de falla<\/li>\n<li>Prueba las operaciones de GFCI y AFCI<\/li>\n<\/ul>\n<p>&nbsp;<\/p>\n<p>El robusto comprobador de circuitos del inspector de cableado Amprobe INSP-3 verifica en segundos si el cableado de un edificio (incluida la ca\u00edda de voltaje bajo carga) cumple con el c\u00f3digo el\u00e9ctrico. Esto ahorra tiempo y dinero al eliminar las conjeturas. La pantalla grande muestra todos los datos de prueba relevantes para que pueda identificar r\u00e1pidamente problemas con empalmes, conexiones y calidad del conductor que son cruciales para la seguridad y el rendimiento, sin desplazarse ni cambiar de pantalla. Seleccione una carga de 10, 15 o 20 amperios en el probador de electricidad y luego lea los resultados. Una pantalla parpadeante indica claramente un cableado incorrecto o fallas. Este probador de cables no disparar\u00e1 los disyuntores ni fundir\u00e1 fusibles durante la prueba.<\/p>\n<p>Aviso INSP-3:<\/p>\n<p>No use el INSP-3 para probar la protecci\u00f3n AFCI (Interruptor de circuito de falla de arco) en el siguiente interruptor: Eaton (Cutler Hammer) BRCAF120CS (20A)<\/p>\n<p>Debido al dise\u00f1o \u00fanico de la protecci\u00f3n AFCI, el INSP-3 es no puedo tropezarlo. El INSP-3 puede realizar todas las dem\u00e1s pruebas en este interruptor seg\u00fan el manual del usuario.<\/p>\n<p>Este es el \u00fanico tipo de interruptor conocido que el INSP-3 tiene limitaciones con las pruebas (disparo) de protecci\u00f3n AFCI.<\/p>\n","protected":false},"excerpt":{"rendered":"<p>Comprobador de circuitos del inspector de cableado Amprobe INSP-3 Encuentra los problemas de cableado m\u00e1s comunes, que incluyen: Empalmes y conexiones defectuosos Cableado incorrecto Cableado de tama\u00f1o insuficiente GFCI defectuosos ICFA defectuosos o cableados incorrectamente Voltaje de l\u00ednea incorrecto Mala calidad del suelo Presenta datos de prueba relevantes (voltaje, ca\u00edda de voltaje, ca\u00edda de voltaje [&hellip;]<\/p>\n","protected":false},"featured_media":8426,"template":"","meta":{"_acf_changed":false},"pwb-brand":[104],"product_brand":[],"product_cat":[366,101,163,109],"product_tag":[],"class_list":{"0":"post-8305","1":"product","2":"type-product","3":"status-publish","4":"has-post-thumbnail","6":"pwb-brand-amprobe","7":"product_cat-todos-los-productos","8":"product_cat-amprobe","9":"product_cat-comprobadores-de-cableado","10":"product_cat-probadores-electricos","12":"first","13":"instock","14":"taxable","15":"shipping-taxable","16":"product-type-simple"},"acf":[],"yoast_head":"<!-- This site is optimized with the Yoast SEO plugin v27.4 - https:\/\/yoast.com\/product\/yoast-seo-wordpress\/ -->\n<title>Comprobador de circuitos del inspector de cableado Amprobe INSP-3 - Techmaster de Mexico<\/title>\n<meta name=\"robots\" content=\"index, follow, max-snippet:-1, max-image-preview:large, max-video-preview:-1\" \/>\n<link rel=\"canonical\" href=\"https:\/\/techmasterdemexico.com\/producto\/comprobador-de-circuitos-del-inspector-de-cableado-amprobe-insp-3\/\" \/>\n<meta property=\"og:locale\" content=\"en_US\" \/>\n<meta property=\"og:type\" content=\"article\" \/>\n<meta property=\"og:title\" content=\"Comprobador de circuitos del inspector de cableado Amprobe INSP-3 - Techmaster de Mexico\" \/>\n<meta property=\"og:description\" content=\"Comprobador de circuitos del inspector de cableado Amprobe INSP-3 Encuentra los problemas de cableado m\u00e1s comunes, que incluyen: Empalmes y conexiones defectuosos Cableado incorrecto Cableado de tama\u00f1o insuficiente GFCI defectuosos ICFA defectuosos o cableados incorrectamente Voltaje de l\u00ednea incorrecto Mala calidad del suelo Presenta datos de prueba relevantes (voltaje, ca\u00edda de voltaje, ca\u00edda de voltaje [&hellip;]\" \/>\n<meta property=\"og:url\" content=\"https:\/\/techmasterdemexico.com\/producto\/comprobador-de-circuitos-del-inspector-de-cableado-amprobe-insp-3\/\" \/>\n<meta property=\"og:site_name\" content=\"Techmaster de Mexico\" \/>\n<meta property=\"article:modified_time\" content=\"2021-12-28T22:29:14+00:00\" \/>\n<meta property=\"og:image\" content=\"https:\/\/techmasterdemexico.com\/wp-content\/uploads\/2021\/08\/PD_INSP-3-1.jpg\" \/>\n\t<meta property=\"og:image:width\" content=\"500\" \/>\n\t<meta property=\"og:image:height\" content=\"500\" \/>\n\t<meta property=\"og:image:type\" content=\"image\/jpeg\" \/>\n<meta name=\"twitter:card\" content=\"summary_large_image\" \/>\n<meta name=\"twitter:label1\" content=\"Est. reading time\" \/>\n\t<meta name=\"twitter:data1\" content=\"2 minutes\" \/>\n<script type=\"application\/ld+json\" class=\"yoast-schema-graph\">{\"@context\":\"https:\\\/\\\/schema.org\",\"@graph\":[{\"@type\":\"WebPage\",\"@id\":\"https:\\\/\\\/techmasterdemexico.com\\\/producto\\\/comprobador-de-circuitos-del-inspector-de-cableado-amprobe-insp-3\\\/\",\"url\":\"https:\\\/\\\/techmasterdemexico.com\\\/producto\\\/comprobador-de-circuitos-del-inspector-de-cableado-amprobe-insp-3\\\/\",\"name\":\"Comprobador de circuitos del inspector de cableado Amprobe INSP-3 - Techmaster de Mexico\",\"isPartOf\":{\"@id\":\"https:\\\/\\\/techmasterdemexico.com\\\/#website\"},\"primaryImageOfPage\":{\"@id\":\"https:\\\/\\\/techmasterdemexico.com\\\/producto\\\/comprobador-de-circuitos-del-inspector-de-cableado-amprobe-insp-3\\\/#primaryimage\"},\"image\":{\"@id\":\"https:\\\/\\\/techmasterdemexico.com\\\/producto\\\/comprobador-de-circuitos-del-inspector-de-cableado-amprobe-insp-3\\\/#primaryimage\"},\"thumbnailUrl\":\"https:\\\/\\\/techmasterdemexico.com\\\/wp-content\\\/uploads\\\/2021\\\/08\\\/PD_INSP-3-1.jpg\",\"datePublished\":\"2021-08-19T19:28:42+00:00\",\"dateModified\":\"2021-12-28T22:29:14+00:00\",\"breadcrumb\":{\"@id\":\"https:\\\/\\\/techmasterdemexico.com\\\/producto\\\/comprobador-de-circuitos-del-inspector-de-cableado-amprobe-insp-3\\\/#breadcrumb\"},\"inLanguage\":\"en-US\",\"potentialAction\":[{\"@type\":\"ReadAction\",\"target\":[\"https:\\\/\\\/techmasterdemexico.com\\\/producto\\\/comprobador-de-circuitos-del-inspector-de-cableado-amprobe-insp-3\\\/\"]}]},{\"@type\":\"ImageObject\",\"inLanguage\":\"en-US\",\"@id\":\"https:\\\/\\\/techmasterdemexico.com\\\/producto\\\/comprobador-de-circuitos-del-inspector-de-cableado-amprobe-insp-3\\\/#primaryimage\",\"url\":\"https:\\\/\\\/techmasterdemexico.com\\\/wp-content\\\/uploads\\\/2021\\\/08\\\/PD_INSP-3-1.jpg\",\"contentUrl\":\"https:\\\/\\\/techmasterdemexico.com\\\/wp-content\\\/uploads\\\/2021\\\/08\\\/PD_INSP-3-1.jpg\",\"width\":500,\"height\":500},{\"@type\":\"BreadcrumbList\",\"@id\":\"https:\\\/\\\/techmasterdemexico.com\\\/producto\\\/comprobador-de-circuitos-del-inspector-de-cableado-amprobe-insp-3\\\/#breadcrumb\",\"itemListElement\":[{\"@type\":\"ListItem\",\"position\":1,\"name\":\"Portada\",\"item\":\"https:\\\/\\\/techmasterdemexico.com\\\/\"},{\"@type\":\"ListItem\",\"position\":2,\"name\":\"Comprobador de circuitos del inspector de cableado Amprobe INSP-3\"}]},{\"@type\":\"WebSite\",\"@id\":\"https:\\\/\\\/techmasterdemexico.com\\\/#website\",\"url\":\"https:\\\/\\\/techmasterdemexico.com\\\/\",\"name\":\"Techmaster de Mexico\",\"description\":\"\",\"potentialAction\":[{\"@type\":\"SearchAction\",\"target\":{\"@type\":\"EntryPoint\",\"urlTemplate\":\"https:\\\/\\\/techmasterdemexico.com\\\/?s={search_term_string}\"},\"query-input\":{\"@type\":\"PropertyValueSpecification\",\"valueRequired\":true,\"valueName\":\"search_term_string\"}}],\"inLanguage\":\"en-US\"}]}<\/script>\n<!-- \/ Yoast SEO plugin. -->","yoast_head_json":{"title":"Comprobador de circuitos del inspector de cableado Amprobe INSP-3 - Techmaster de Mexico","robots":{"index":"index","follow":"follow","max-snippet":"max-snippet:-1","max-image-preview":"max-image-preview:large","max-video-preview":"max-video-preview:-1"},"canonical":"https:\/\/techmasterdemexico.com\/producto\/comprobador-de-circuitos-del-inspector-de-cableado-amprobe-insp-3\/","og_locale":"en_US","og_type":"article","og_title":"Comprobador de circuitos del inspector de cableado Amprobe INSP-3 - Techmaster de Mexico","og_description":"Comprobador de circuitos del inspector de cableado Amprobe INSP-3 Encuentra los problemas de cableado m\u00e1s comunes, que incluyen: Empalmes y conexiones defectuosos Cableado incorrecto Cableado de tama\u00f1o insuficiente GFCI defectuosos ICFA defectuosos o cableados incorrectamente Voltaje de l\u00ednea incorrecto Mala calidad del suelo Presenta datos de prueba relevantes (voltaje, ca\u00edda de voltaje, ca\u00edda de voltaje [&hellip;]","og_url":"https:\/\/techmasterdemexico.com\/producto\/comprobador-de-circuitos-del-inspector-de-cableado-amprobe-insp-3\/","og_site_name":"Techmaster de Mexico","article_modified_time":"2021-12-28T22:29:14+00:00","og_image":[{"width":500,"height":500,"url":"https:\/\/techmasterdemexico.com\/wp-content\/uploads\/2021\/08\/PD_INSP-3-1.jpg","type":"image\/jpeg"}],"twitter_card":"summary_large_image","twitter_misc":{"Est. reading time":"2 minutes"},"schema":{"@context":"https:\/\/schema.org","@graph":[{"@type":"WebPage","@id":"https:\/\/techmasterdemexico.com\/producto\/comprobador-de-circuitos-del-inspector-de-cableado-amprobe-insp-3\/","url":"https:\/\/techmasterdemexico.com\/producto\/comprobador-de-circuitos-del-inspector-de-cableado-amprobe-insp-3\/","name":"Comprobador de circuitos del inspector de cableado Amprobe INSP-3 - Techmaster de Mexico","isPartOf":{"@id":"https:\/\/techmasterdemexico.com\/#website"},"primaryImageOfPage":{"@id":"https:\/\/techmasterdemexico.com\/producto\/comprobador-de-circuitos-del-inspector-de-cableado-amprobe-insp-3\/#primaryimage"},"image":{"@id":"https:\/\/techmasterdemexico.com\/producto\/comprobador-de-circuitos-del-inspector-de-cableado-amprobe-insp-3\/#primaryimage"},"thumbnailUrl":"https:\/\/techmasterdemexico.com\/wp-content\/uploads\/2021\/08\/PD_INSP-3-1.jpg","datePublished":"2021-08-19T19:28:42+00:00","dateModified":"2021-12-28T22:29:14+00:00","breadcrumb":{"@id":"https:\/\/techmasterdemexico.com\/producto\/comprobador-de-circuitos-del-inspector-de-cableado-amprobe-insp-3\/#breadcrumb"},"inLanguage":"en-US","potentialAction":[{"@type":"ReadAction","target":["https:\/\/techmasterdemexico.com\/producto\/comprobador-de-circuitos-del-inspector-de-cableado-amprobe-insp-3\/"]}]},{"@type":"ImageObject","inLanguage":"en-US","@id":"https:\/\/techmasterdemexico.com\/producto\/comprobador-de-circuitos-del-inspector-de-cableado-amprobe-insp-3\/#primaryimage","url":"https:\/\/techmasterdemexico.com\/wp-content\/uploads\/2021\/08\/PD_INSP-3-1.jpg","contentUrl":"https:\/\/techmasterdemexico.com\/wp-content\/uploads\/2021\/08\/PD_INSP-3-1.jpg","width":500,"height":500},{"@type":"BreadcrumbList","@id":"https:\/\/techmasterdemexico.com\/producto\/comprobador-de-circuitos-del-inspector-de-cableado-amprobe-insp-3\/#breadcrumb","itemListElement":[{"@type":"ListItem","position":1,"name":"Portada","item":"https:\/\/techmasterdemexico.com\/"},{"@type":"ListItem","position":2,"name":"Comprobador de circuitos del inspector de cableado Amprobe INSP-3"}]},{"@type":"WebSite","@id":"https:\/\/techmasterdemexico.com\/#website","url":"https:\/\/techmasterdemexico.com\/","name":"Techmaster de Mexico","description":"","potentialAction":[{"@type":"SearchAction","target":{"@type":"EntryPoint","urlTemplate":"https:\/\/techmasterdemexico.com\/?s={search_term_string}"},"query-input":{"@type":"PropertyValueSpecification","valueRequired":true,"valueName":"search_term_string"}}],"inLanguage":"en-US"}]}},"brands":[{"id":104,"name":"Amprobe","slug":"amprobe"}],"_links":{"self":[{"href":"https:\/\/techmasterdemexico.com\/en\/wp-json\/wp\/v2\/product\/8305","targetHints":{"allow":["GET"]}}],"collection":[{"href":"https:\/\/techmasterdemexico.com\/en\/wp-json\/wp\/v2\/product"}],"about":[{"href":"https:\/\/techmasterdemexico.com\/en\/wp-json\/wp\/v2\/types\/product"}],"wp:featuredmedia":[{"embeddable":true,"href":"https:\/\/techmasterdemexico.com\/en\/wp-json\/wp\/v2\/media\/8426"}],"wp:attachment":[{"href":"https:\/\/techmasterdemexico.com\/en\/wp-json\/wp\/v2\/media?parent=8305"}],"wp:term":[{"taxonomy":"pwb-brand","embeddable":true,"href":"https:\/\/techmasterdemexico.com\/en\/wp-json\/wp\/v2\/pwb-brand?post=8305"},{"taxonomy":"product_brand","embeddable":true,"href":"https:\/\/techmasterdemexico.com\/en\/wp-json\/wp\/v2\/product_brand?post=8305"},{"taxonomy":"product_cat","embeddable":true,"href":"https:\/\/techmasterdemexico.com\/en\/wp-json\/wp\/v2\/product_cat?post=8305"},{"taxonomy":"product_tag","embeddable":true,"href":"https:\/\/techmasterdemexico.com\/en\/wp-json\/wp\/v2\/product_tag?post=8305"}],"curies":[{"name":"wp","href":"https:\/\/api.w.org\/{rel}","templated":true}]}}