{"id":8304,"date":"2021-08-19T19:28:41","date_gmt":"2021-08-19T19:28:41","guid":{"rendered":"http:\/\/techmastermx.ddns.net\/producto\/calibrador-de-medidor-de-sonido-amprobe-sm-cal1\/"},"modified":"2021-12-28T22:28:27","modified_gmt":"2021-12-28T22:28:27","slug":"calibrador-de-medidor-de-sonido-amprobe-sm-cal1","status":"publish","type":"product","link":"https:\/\/techmasterdemexico.com\/en\/producto\/calibrador-de-medidor-de-sonido-amprobe-sm-cal1\/","title":{"rendered":"Calibrador de medidor de sonido Amprobe SM-CAL1"},"content":{"rendered":"<p>Calibrador de medidor de sonido Amprobe SM-CAL1<\/p>\n<ul>\n<li>Dos niveles de salida de 94 dB y 114 dB<\/li>\n<li>Frecuencia de salida de 1000 Hz<\/li>\n<li>Se adapta a micr\u00f3fonos de \u00bd &#8220;<\/li>\n<li>F\u00e1cil operaci\u00f3n con una mano<\/li>\n<li>Indicador de bater\u00eda baja<\/li>\n<\/ul>\n<p>El Amprobe SM-CAL1 es un calibrador de son\u00f3metro con dos niveles de salida de 94 dB y 114 dB. El calibrador genera estas se\u00f1ales de nivel de sonido fijo para la calibraci\u00f3n de los son\u00f3metros. La unidad viene con un adaptador de \u00bd \u201dinstalado para acomodar medidores de sonido y micr\u00f3fonos con \u00bd di\u00e1metro.<\/p>\n","protected":false},"excerpt":{"rendered":"<p>Calibrador de medidor de sonido Amprobe SM-CAL1 Dos niveles de salida de 94 dB y 114 dB Frecuencia de salida de 1000 Hz Se adapta a micr\u00f3fonos de \u00bd &#8220; F\u00e1cil operaci\u00f3n con una mano Indicador de bater\u00eda baja El Amprobe SM-CAL1 es un calibrador de son\u00f3metro con dos niveles de salida de 94 dB [&hellip;]<\/p>\n","protected":false},"featured_media":8443,"template":"","meta":{"_acf_changed":false},"pwb-brand":[104],"product_brand":[],"product_cat":[366,101,152,103],"product_tag":[],"class_list":{"0":"post-8304","1":"product","2":"type-product","3":"status-publish","4":"has-post-thumbnail","6":"pwb-brand-amprobe","7":"product_cat-todos-los-productos","8":"product_cat-amprobe","9":"product_cat-medidores-de-sonido","10":"product_cat-probadores-ambientales","12":"first","13":"instock","14":"taxable","15":"shipping-taxable","16":"product-type-simple"},"acf":[],"yoast_head":"<!-- This site is optimized with the Yoast SEO plugin v27.4 - https:\/\/yoast.com\/product\/yoast-seo-wordpress\/ -->\n<title>Calibrador de medidor de sonido Amprobe SM-CAL1 - Techmaster de Mexico<\/title>\n<meta name=\"robots\" content=\"index, follow, max-snippet:-1, max-image-preview:large, max-video-preview:-1\" \/>\n<link rel=\"canonical\" href=\"https:\/\/techmasterdemexico.com\/producto\/calibrador-de-medidor-de-sonido-amprobe-sm-cal1\/\" \/>\n<meta property=\"og:locale\" content=\"en_US\" \/>\n<meta property=\"og:type\" content=\"article\" \/>\n<meta property=\"og:title\" content=\"Calibrador de medidor de sonido Amprobe SM-CAL1 - Techmaster de Mexico\" \/>\n<meta property=\"og:description\" content=\"Calibrador de medidor de sonido Amprobe SM-CAL1 Dos niveles de salida de 94 dB y 114 dB Frecuencia de salida de 1000 Hz Se adapta a micr\u00f3fonos de \u00bd &#8220; F\u00e1cil operaci\u00f3n con una mano Indicador de bater\u00eda baja El Amprobe SM-CAL1 es un calibrador de son\u00f3metro con dos niveles de salida de 94 dB [&hellip;]\" \/>\n<meta property=\"og:url\" content=\"https:\/\/techmasterdemexico.com\/producto\/calibrador-de-medidor-de-sonido-amprobe-sm-cal1\/\" \/>\n<meta property=\"og:site_name\" content=\"Techmaster de Mexico\" \/>\n<meta property=\"article:modified_time\" content=\"2021-12-28T22:28:27+00:00\" \/>\n<meta property=\"og:image\" content=\"https:\/\/techmasterdemexico.com\/wp-content\/uploads\/2021\/08\/PD_SM-CAL-1-1.jpg\" \/>\n\t<meta property=\"og:image:width\" content=\"500\" \/>\n\t<meta property=\"og:image:height\" content=\"500\" \/>\n\t<meta property=\"og:image:type\" content=\"image\/jpeg\" \/>\n<meta name=\"twitter:card\" content=\"summary_large_image\" \/>\n<script type=\"application\/ld+json\" class=\"yoast-schema-graph\">{\"@context\":\"https:\\\/\\\/schema.org\",\"@graph\":[{\"@type\":\"WebPage\",\"@id\":\"https:\\\/\\\/techmasterdemexico.com\\\/producto\\\/calibrador-de-medidor-de-sonido-amprobe-sm-cal1\\\/\",\"url\":\"https:\\\/\\\/techmasterdemexico.com\\\/producto\\\/calibrador-de-medidor-de-sonido-amprobe-sm-cal1\\\/\",\"name\":\"Calibrador de medidor de sonido Amprobe SM-CAL1 - Techmaster de Mexico\",\"isPartOf\":{\"@id\":\"https:\\\/\\\/techmasterdemexico.com\\\/#website\"},\"primaryImageOfPage\":{\"@id\":\"https:\\\/\\\/techmasterdemexico.com\\\/producto\\\/calibrador-de-medidor-de-sonido-amprobe-sm-cal1\\\/#primaryimage\"},\"image\":{\"@id\":\"https:\\\/\\\/techmasterdemexico.com\\\/producto\\\/calibrador-de-medidor-de-sonido-amprobe-sm-cal1\\\/#primaryimage\"},\"thumbnailUrl\":\"https:\\\/\\\/techmasterdemexico.com\\\/wp-content\\\/uploads\\\/2021\\\/08\\\/PD_SM-CAL-1-1.jpg\",\"datePublished\":\"2021-08-19T19:28:41+00:00\",\"dateModified\":\"2021-12-28T22:28:27+00:00\",\"breadcrumb\":{\"@id\":\"https:\\\/\\\/techmasterdemexico.com\\\/producto\\\/calibrador-de-medidor-de-sonido-amprobe-sm-cal1\\\/#breadcrumb\"},\"inLanguage\":\"en-US\",\"potentialAction\":[{\"@type\":\"ReadAction\",\"target\":[\"https:\\\/\\\/techmasterdemexico.com\\\/producto\\\/calibrador-de-medidor-de-sonido-amprobe-sm-cal1\\\/\"]}]},{\"@type\":\"ImageObject\",\"inLanguage\":\"en-US\",\"@id\":\"https:\\\/\\\/techmasterdemexico.com\\\/producto\\\/calibrador-de-medidor-de-sonido-amprobe-sm-cal1\\\/#primaryimage\",\"url\":\"https:\\\/\\\/techmasterdemexico.com\\\/wp-content\\\/uploads\\\/2021\\\/08\\\/PD_SM-CAL-1-1.jpg\",\"contentUrl\":\"https:\\\/\\\/techmasterdemexico.com\\\/wp-content\\\/uploads\\\/2021\\\/08\\\/PD_SM-CAL-1-1.jpg\",\"width\":500,\"height\":500},{\"@type\":\"BreadcrumbList\",\"@id\":\"https:\\\/\\\/techmasterdemexico.com\\\/producto\\\/calibrador-de-medidor-de-sonido-amprobe-sm-cal1\\\/#breadcrumb\",\"itemListElement\":[{\"@type\":\"ListItem\",\"position\":1,\"name\":\"Portada\",\"item\":\"https:\\\/\\\/techmasterdemexico.com\\\/\"},{\"@type\":\"ListItem\",\"position\":2,\"name\":\"Calibrador de medidor de sonido Amprobe SM-CAL1\"}]},{\"@type\":\"WebSite\",\"@id\":\"https:\\\/\\\/techmasterdemexico.com\\\/#website\",\"url\":\"https:\\\/\\\/techmasterdemexico.com\\\/\",\"name\":\"Techmaster de Mexico\",\"description\":\"\",\"potentialAction\":[{\"@type\":\"SearchAction\",\"target\":{\"@type\":\"EntryPoint\",\"urlTemplate\":\"https:\\\/\\\/techmasterdemexico.com\\\/?s={search_term_string}\"},\"query-input\":{\"@type\":\"PropertyValueSpecification\",\"valueRequired\":true,\"valueName\":\"search_term_string\"}}],\"inLanguage\":\"en-US\"}]}<\/script>\n<!-- \/ Yoast SEO plugin. -->","yoast_head_json":{"title":"Calibrador de medidor de sonido Amprobe SM-CAL1 - Techmaster de Mexico","robots":{"index":"index","follow":"follow","max-snippet":"max-snippet:-1","max-image-preview":"max-image-preview:large","max-video-preview":"max-video-preview:-1"},"canonical":"https:\/\/techmasterdemexico.com\/producto\/calibrador-de-medidor-de-sonido-amprobe-sm-cal1\/","og_locale":"en_US","og_type":"article","og_title":"Calibrador de medidor de sonido Amprobe SM-CAL1 - Techmaster de Mexico","og_description":"Calibrador de medidor de sonido Amprobe SM-CAL1 Dos niveles de salida de 94 dB y 114 dB Frecuencia de salida de 1000 Hz Se adapta a micr\u00f3fonos de \u00bd &#8220; F\u00e1cil operaci\u00f3n con una mano Indicador de bater\u00eda baja El Amprobe SM-CAL1 es un calibrador de son\u00f3metro con dos niveles de salida de 94 dB [&hellip;]","og_url":"https:\/\/techmasterdemexico.com\/producto\/calibrador-de-medidor-de-sonido-amprobe-sm-cal1\/","og_site_name":"Techmaster de Mexico","article_modified_time":"2021-12-28T22:28:27+00:00","og_image":[{"width":500,"height":500,"url":"https:\/\/techmasterdemexico.com\/wp-content\/uploads\/2021\/08\/PD_SM-CAL-1-1.jpg","type":"image\/jpeg"}],"twitter_card":"summary_large_image","schema":{"@context":"https:\/\/schema.org","@graph":[{"@type":"WebPage","@id":"https:\/\/techmasterdemexico.com\/producto\/calibrador-de-medidor-de-sonido-amprobe-sm-cal1\/","url":"https:\/\/techmasterdemexico.com\/producto\/calibrador-de-medidor-de-sonido-amprobe-sm-cal1\/","name":"Calibrador de medidor de sonido Amprobe SM-CAL1 - Techmaster de Mexico","isPartOf":{"@id":"https:\/\/techmasterdemexico.com\/#website"},"primaryImageOfPage":{"@id":"https:\/\/techmasterdemexico.com\/producto\/calibrador-de-medidor-de-sonido-amprobe-sm-cal1\/#primaryimage"},"image":{"@id":"https:\/\/techmasterdemexico.com\/producto\/calibrador-de-medidor-de-sonido-amprobe-sm-cal1\/#primaryimage"},"thumbnailUrl":"https:\/\/techmasterdemexico.com\/wp-content\/uploads\/2021\/08\/PD_SM-CAL-1-1.jpg","datePublished":"2021-08-19T19:28:41+00:00","dateModified":"2021-12-28T22:28:27+00:00","breadcrumb":{"@id":"https:\/\/techmasterdemexico.com\/producto\/calibrador-de-medidor-de-sonido-amprobe-sm-cal1\/#breadcrumb"},"inLanguage":"en-US","potentialAction":[{"@type":"ReadAction","target":["https:\/\/techmasterdemexico.com\/producto\/calibrador-de-medidor-de-sonido-amprobe-sm-cal1\/"]}]},{"@type":"ImageObject","inLanguage":"en-US","@id":"https:\/\/techmasterdemexico.com\/producto\/calibrador-de-medidor-de-sonido-amprobe-sm-cal1\/#primaryimage","url":"https:\/\/techmasterdemexico.com\/wp-content\/uploads\/2021\/08\/PD_SM-CAL-1-1.jpg","contentUrl":"https:\/\/techmasterdemexico.com\/wp-content\/uploads\/2021\/08\/PD_SM-CAL-1-1.jpg","width":500,"height":500},{"@type":"BreadcrumbList","@id":"https:\/\/techmasterdemexico.com\/producto\/calibrador-de-medidor-de-sonido-amprobe-sm-cal1\/#breadcrumb","itemListElement":[{"@type":"ListItem","position":1,"name":"Portada","item":"https:\/\/techmasterdemexico.com\/"},{"@type":"ListItem","position":2,"name":"Calibrador de medidor de sonido Amprobe SM-CAL1"}]},{"@type":"WebSite","@id":"https:\/\/techmasterdemexico.com\/#website","url":"https:\/\/techmasterdemexico.com\/","name":"Techmaster de Mexico","description":"","potentialAction":[{"@type":"SearchAction","target":{"@type":"EntryPoint","urlTemplate":"https:\/\/techmasterdemexico.com\/?s={search_term_string}"},"query-input":{"@type":"PropertyValueSpecification","valueRequired":true,"valueName":"search_term_string"}}],"inLanguage":"en-US"}]}},"brands":[{"id":104,"name":"Amprobe","slug":"amprobe"}],"_links":{"self":[{"href":"https:\/\/techmasterdemexico.com\/en\/wp-json\/wp\/v2\/product\/8304","targetHints":{"allow":["GET"]}}],"collection":[{"href":"https:\/\/techmasterdemexico.com\/en\/wp-json\/wp\/v2\/product"}],"about":[{"href":"https:\/\/techmasterdemexico.com\/en\/wp-json\/wp\/v2\/types\/product"}],"wp:featuredmedia":[{"embeddable":true,"href":"https:\/\/techmasterdemexico.com\/en\/wp-json\/wp\/v2\/media\/8443"}],"wp:attachment":[{"href":"https:\/\/techmasterdemexico.com\/en\/wp-json\/wp\/v2\/media?parent=8304"}],"wp:term":[{"taxonomy":"pwb-brand","embeddable":true,"href":"https:\/\/techmasterdemexico.com\/en\/wp-json\/wp\/v2\/pwb-brand?post=8304"},{"taxonomy":"product_brand","embeddable":true,"href":"https:\/\/techmasterdemexico.com\/en\/wp-json\/wp\/v2\/product_brand?post=8304"},{"taxonomy":"product_cat","embeddable":true,"href":"https:\/\/techmasterdemexico.com\/en\/wp-json\/wp\/v2\/product_cat?post=8304"},{"taxonomy":"product_tag","embeddable":true,"href":"https:\/\/techmasterdemexico.com\/en\/wp-json\/wp\/v2\/product_tag?post=8304"}],"curies":[{"name":"wp","href":"https:\/\/api.w.org\/{rel}","templated":true}]}}