{"id":8302,"date":"2021-08-19T19:28:40","date_gmt":"2021-08-19T19:28:40","guid":{"rendered":"http:\/\/techmastermx.ddns.net\/producto\/comprobador-de-lamparas-amprobe-lt-10\/"},"modified":"2021-12-28T22:28:28","modified_gmt":"2021-12-28T22:28:28","slug":"comprobador-de-lamparas-amprobe-lt-10","status":"publish","type":"product","link":"https:\/\/techmasterdemexico.com\/en\/producto\/comprobador-de-lamparas-amprobe-lt-10\/","title":{"rendered":"Comprobador de l\u00e1mparas Amprobe LT-10"},"content":{"rendered":"<p>Comprobador de l\u00e1mparas Amprobe LT-10<\/p>\n<ul>\n<li>Comprueba si las l\u00e1mparas fluorescentes y las bombillas funcionan antes de su instalaci\u00f3n o desmontaje.<\/li>\n<li>Cuenta con alerta VolTect incorporada para verificar la presencia de voltaje y eliminar la necesidad de llevar un detector de voltaje separado<\/li>\n<li>Ofrece operaci\u00f3n con una sola mano y un bot\u00f3n para todas las pruebas de l\u00e1mparas<\/li>\n<li>Proporciona una prueba de clavija para comprobar la continuidad de los electrodos de la bombilla.<\/li>\n<li>Presenta un dise\u00f1o ultracompacto para una f\u00e1cil portabilidad<\/li>\n<li>Incluye 48 antenas extra\u00edbles y totalmente retr\u00e1ctiles para probar las luces sin subir una escalera<\/li>\n<li>Emite alertas visuales y audibles para funciones de prueba de tensi\u00f3n y clavijas<\/li>\n<li>Funciona con todas las bombillas fluorescentes: T2, T4, T5, T8, T9, T10, T12<\/li>\n<\/ul>\n<p>El probador de l\u00e1mparas Amprobe LT-10 elimina las conjeturas a la hora de solucionar problemas de l\u00e1mparas fluorescentes, lo que le permite ahorrar tiempo y dinero. Esta herramienta 3 en 1 prueba la bombilla, los pines y el voltaje para que pueda saber si las bombillas fluorescentes funcionan antes de instalarlas o quitarlas. La operaci\u00f3n intuitiva con un solo bot\u00f3n, la antena extra\u00edble y retr\u00e1ctil de 48 \u2033, la detecci\u00f3n de voltaje sin contacto VolTect \u2122 y el dise\u00f1o ultracompacto, hacen que el probador de l\u00e1mparas LT-10 sea la herramienta adecuada para aplicaciones el\u00e9ctricas y de mantenimiento de instalaciones.<\/p>\n","protected":false},"excerpt":{"rendered":"<p>Comprobador de l\u00e1mparas Amprobe LT-10 Comprueba si las l\u00e1mparas fluorescentes y las bombillas funcionan antes de su instalaci\u00f3n o desmontaje. Cuenta con alerta VolTect incorporada para verificar la presencia de voltaje y eliminar la necesidad de llevar un detector de voltaje separado Ofrece operaci\u00f3n con una sola mano y un bot\u00f3n para todas las pruebas [&hellip;]<\/p>\n","protected":false},"featured_media":8446,"template":"","meta":{"_acf_changed":false},"pwb-brand":[104],"product_brand":[],"product_cat":[366,101,153,103],"product_tag":[],"class_list":{"0":"post-8302","1":"product","2":"type-product","3":"status-publish","4":"has-post-thumbnail","6":"pwb-brand-amprobe","7":"product_cat-todos-los-productos","8":"product_cat-amprobe","9":"product_cat-medidores-de-luz","10":"product_cat-probadores-ambientales","12":"first","13":"instock","14":"taxable","15":"shipping-taxable","16":"product-type-simple"},"acf":[],"yoast_head":"<!-- This site is optimized with the Yoast SEO plugin v27.4 - https:\/\/yoast.com\/product\/yoast-seo-wordpress\/ -->\n<title>Comprobador de l\u00e1mparas Amprobe LT-10 - Techmaster de Mexico<\/title>\n<meta name=\"robots\" content=\"index, follow, max-snippet:-1, max-image-preview:large, max-video-preview:-1\" \/>\n<link rel=\"canonical\" href=\"https:\/\/techmasterdemexico.com\/producto\/comprobador-de-lamparas-amprobe-lt-10\/\" \/>\n<meta property=\"og:locale\" content=\"en_US\" \/>\n<meta property=\"og:type\" content=\"article\" \/>\n<meta property=\"og:title\" content=\"Comprobador de l\u00e1mparas Amprobe LT-10 - Techmaster de Mexico\" \/>\n<meta property=\"og:description\" content=\"Comprobador de l\u00e1mparas Amprobe LT-10 Comprueba si las l\u00e1mparas fluorescentes y las bombillas funcionan antes de su instalaci\u00f3n o desmontaje. Cuenta con alerta VolTect incorporada para verificar la presencia de voltaje y eliminar la necesidad de llevar un detector de voltaje separado Ofrece operaci\u00f3n con una sola mano y un bot\u00f3n para todas las pruebas [&hellip;]\" \/>\n<meta property=\"og:url\" content=\"https:\/\/techmasterdemexico.com\/producto\/comprobador-de-lamparas-amprobe-lt-10\/\" \/>\n<meta property=\"og:site_name\" content=\"Techmaster de Mexico\" \/>\n<meta property=\"article:modified_time\" content=\"2021-12-28T22:28:28+00:00\" \/>\n<meta property=\"og:image\" content=\"https:\/\/techmasterdemexico.com\/wp-content\/uploads\/2021\/08\/PD_LT-10-1.jpg\" \/>\n\t<meta property=\"og:image:width\" content=\"500\" \/>\n\t<meta property=\"og:image:height\" content=\"500\" \/>\n\t<meta property=\"og:image:type\" content=\"image\/jpeg\" \/>\n<meta name=\"twitter:card\" content=\"summary_large_image\" \/>\n<meta name=\"twitter:label1\" content=\"Est. reading time\" \/>\n\t<meta name=\"twitter:data1\" content=\"1 minute\" \/>\n<script type=\"application\/ld+json\" class=\"yoast-schema-graph\">{\"@context\":\"https:\\\/\\\/schema.org\",\"@graph\":[{\"@type\":\"WebPage\",\"@id\":\"https:\\\/\\\/techmasterdemexico.com\\\/producto\\\/comprobador-de-lamparas-amprobe-lt-10\\\/\",\"url\":\"https:\\\/\\\/techmasterdemexico.com\\\/producto\\\/comprobador-de-lamparas-amprobe-lt-10\\\/\",\"name\":\"Comprobador de l\u00e1mparas Amprobe LT-10 - Techmaster de Mexico\",\"isPartOf\":{\"@id\":\"https:\\\/\\\/techmasterdemexico.com\\\/#website\"},\"primaryImageOfPage\":{\"@id\":\"https:\\\/\\\/techmasterdemexico.com\\\/producto\\\/comprobador-de-lamparas-amprobe-lt-10\\\/#primaryimage\"},\"image\":{\"@id\":\"https:\\\/\\\/techmasterdemexico.com\\\/producto\\\/comprobador-de-lamparas-amprobe-lt-10\\\/#primaryimage\"},\"thumbnailUrl\":\"https:\\\/\\\/techmasterdemexico.com\\\/wp-content\\\/uploads\\\/2021\\\/08\\\/PD_LT-10-1.jpg\",\"datePublished\":\"2021-08-19T19:28:40+00:00\",\"dateModified\":\"2021-12-28T22:28:28+00:00\",\"breadcrumb\":{\"@id\":\"https:\\\/\\\/techmasterdemexico.com\\\/producto\\\/comprobador-de-lamparas-amprobe-lt-10\\\/#breadcrumb\"},\"inLanguage\":\"en-US\",\"potentialAction\":[{\"@type\":\"ReadAction\",\"target\":[\"https:\\\/\\\/techmasterdemexico.com\\\/producto\\\/comprobador-de-lamparas-amprobe-lt-10\\\/\"]}]},{\"@type\":\"ImageObject\",\"inLanguage\":\"en-US\",\"@id\":\"https:\\\/\\\/techmasterdemexico.com\\\/producto\\\/comprobador-de-lamparas-amprobe-lt-10\\\/#primaryimage\",\"url\":\"https:\\\/\\\/techmasterdemexico.com\\\/wp-content\\\/uploads\\\/2021\\\/08\\\/PD_LT-10-1.jpg\",\"contentUrl\":\"https:\\\/\\\/techmasterdemexico.com\\\/wp-content\\\/uploads\\\/2021\\\/08\\\/PD_LT-10-1.jpg\",\"width\":500,\"height\":500},{\"@type\":\"BreadcrumbList\",\"@id\":\"https:\\\/\\\/techmasterdemexico.com\\\/producto\\\/comprobador-de-lamparas-amprobe-lt-10\\\/#breadcrumb\",\"itemListElement\":[{\"@type\":\"ListItem\",\"position\":1,\"name\":\"Portada\",\"item\":\"https:\\\/\\\/techmasterdemexico.com\\\/\"},{\"@type\":\"ListItem\",\"position\":2,\"name\":\"Comprobador de l\u00e1mparas Amprobe LT-10\"}]},{\"@type\":\"WebSite\",\"@id\":\"https:\\\/\\\/techmasterdemexico.com\\\/#website\",\"url\":\"https:\\\/\\\/techmasterdemexico.com\\\/\",\"name\":\"Techmaster de Mexico\",\"description\":\"\",\"potentialAction\":[{\"@type\":\"SearchAction\",\"target\":{\"@type\":\"EntryPoint\",\"urlTemplate\":\"https:\\\/\\\/techmasterdemexico.com\\\/?s={search_term_string}\"},\"query-input\":{\"@type\":\"PropertyValueSpecification\",\"valueRequired\":true,\"valueName\":\"search_term_string\"}}],\"inLanguage\":\"en-US\"}]}<\/script>\n<!-- \/ Yoast SEO plugin. -->","yoast_head_json":{"title":"Comprobador de l\u00e1mparas Amprobe LT-10 - Techmaster de Mexico","robots":{"index":"index","follow":"follow","max-snippet":"max-snippet:-1","max-image-preview":"max-image-preview:large","max-video-preview":"max-video-preview:-1"},"canonical":"https:\/\/techmasterdemexico.com\/producto\/comprobador-de-lamparas-amprobe-lt-10\/","og_locale":"en_US","og_type":"article","og_title":"Comprobador de l\u00e1mparas Amprobe LT-10 - Techmaster de Mexico","og_description":"Comprobador de l\u00e1mparas Amprobe LT-10 Comprueba si las l\u00e1mparas fluorescentes y las bombillas funcionan antes de su instalaci\u00f3n o desmontaje. Cuenta con alerta VolTect incorporada para verificar la presencia de voltaje y eliminar la necesidad de llevar un detector de voltaje separado Ofrece operaci\u00f3n con una sola mano y un bot\u00f3n para todas las pruebas [&hellip;]","og_url":"https:\/\/techmasterdemexico.com\/producto\/comprobador-de-lamparas-amprobe-lt-10\/","og_site_name":"Techmaster de Mexico","article_modified_time":"2021-12-28T22:28:28+00:00","og_image":[{"width":500,"height":500,"url":"https:\/\/techmasterdemexico.com\/wp-content\/uploads\/2021\/08\/PD_LT-10-1.jpg","type":"image\/jpeg"}],"twitter_card":"summary_large_image","twitter_misc":{"Est. reading time":"1 minute"},"schema":{"@context":"https:\/\/schema.org","@graph":[{"@type":"WebPage","@id":"https:\/\/techmasterdemexico.com\/producto\/comprobador-de-lamparas-amprobe-lt-10\/","url":"https:\/\/techmasterdemexico.com\/producto\/comprobador-de-lamparas-amprobe-lt-10\/","name":"Comprobador de l\u00e1mparas Amprobe LT-10 - Techmaster de Mexico","isPartOf":{"@id":"https:\/\/techmasterdemexico.com\/#website"},"primaryImageOfPage":{"@id":"https:\/\/techmasterdemexico.com\/producto\/comprobador-de-lamparas-amprobe-lt-10\/#primaryimage"},"image":{"@id":"https:\/\/techmasterdemexico.com\/producto\/comprobador-de-lamparas-amprobe-lt-10\/#primaryimage"},"thumbnailUrl":"https:\/\/techmasterdemexico.com\/wp-content\/uploads\/2021\/08\/PD_LT-10-1.jpg","datePublished":"2021-08-19T19:28:40+00:00","dateModified":"2021-12-28T22:28:28+00:00","breadcrumb":{"@id":"https:\/\/techmasterdemexico.com\/producto\/comprobador-de-lamparas-amprobe-lt-10\/#breadcrumb"},"inLanguage":"en-US","potentialAction":[{"@type":"ReadAction","target":["https:\/\/techmasterdemexico.com\/producto\/comprobador-de-lamparas-amprobe-lt-10\/"]}]},{"@type":"ImageObject","inLanguage":"en-US","@id":"https:\/\/techmasterdemexico.com\/producto\/comprobador-de-lamparas-amprobe-lt-10\/#primaryimage","url":"https:\/\/techmasterdemexico.com\/wp-content\/uploads\/2021\/08\/PD_LT-10-1.jpg","contentUrl":"https:\/\/techmasterdemexico.com\/wp-content\/uploads\/2021\/08\/PD_LT-10-1.jpg","width":500,"height":500},{"@type":"BreadcrumbList","@id":"https:\/\/techmasterdemexico.com\/producto\/comprobador-de-lamparas-amprobe-lt-10\/#breadcrumb","itemListElement":[{"@type":"ListItem","position":1,"name":"Portada","item":"https:\/\/techmasterdemexico.com\/"},{"@type":"ListItem","position":2,"name":"Comprobador de l\u00e1mparas Amprobe LT-10"}]},{"@type":"WebSite","@id":"https:\/\/techmasterdemexico.com\/#website","url":"https:\/\/techmasterdemexico.com\/","name":"Techmaster de Mexico","description":"","potentialAction":[{"@type":"SearchAction","target":{"@type":"EntryPoint","urlTemplate":"https:\/\/techmasterdemexico.com\/?s={search_term_string}"},"query-input":{"@type":"PropertyValueSpecification","valueRequired":true,"valueName":"search_term_string"}}],"inLanguage":"en-US"}]}},"brands":[{"id":104,"name":"Amprobe","slug":"amprobe"}],"_links":{"self":[{"href":"https:\/\/techmasterdemexico.com\/en\/wp-json\/wp\/v2\/product\/8302","targetHints":{"allow":["GET"]}}],"collection":[{"href":"https:\/\/techmasterdemexico.com\/en\/wp-json\/wp\/v2\/product"}],"about":[{"href":"https:\/\/techmasterdemexico.com\/en\/wp-json\/wp\/v2\/types\/product"}],"wp:featuredmedia":[{"embeddable":true,"href":"https:\/\/techmasterdemexico.com\/en\/wp-json\/wp\/v2\/media\/8446"}],"wp:attachment":[{"href":"https:\/\/techmasterdemexico.com\/en\/wp-json\/wp\/v2\/media?parent=8302"}],"wp:term":[{"taxonomy":"pwb-brand","embeddable":true,"href":"https:\/\/techmasterdemexico.com\/en\/wp-json\/wp\/v2\/pwb-brand?post=8302"},{"taxonomy":"product_brand","embeddable":true,"href":"https:\/\/techmasterdemexico.com\/en\/wp-json\/wp\/v2\/product_brand?post=8302"},{"taxonomy":"product_cat","embeddable":true,"href":"https:\/\/techmasterdemexico.com\/en\/wp-json\/wp\/v2\/product_cat?post=8302"},{"taxonomy":"product_tag","embeddable":true,"href":"https:\/\/techmasterdemexico.com\/en\/wp-json\/wp\/v2\/product_tag?post=8302"}],"curies":[{"name":"wp","href":"https:\/\/api.w.org\/{rel}","templated":true}]}}