{"id":8301,"date":"2021-08-19T19:28:40","date_gmt":"2021-08-19T19:28:40","guid":{"rendered":"http:\/\/techmastermx.ddns.net\/producto\/medidor-de-luz-led-amprobe-lm-121\/"},"modified":"2021-12-28T22:28:28","modified_gmt":"2021-12-28T22:28:28","slug":"medidor-de-luz-led-amprobe-lm-121","status":"publish","type":"product","link":"https:\/\/techmasterdemexico.com\/en\/producto\/medidor-de-luz-led-amprobe-lm-121\/","title":{"rendered":"Medidor de luz LED Amprobe LM-121"},"content":{"rendered":"<p>Medidor de luz LED Amprobe LM-200<\/p>\n<ul>\n<li>Unidades de medida seleccionables por el usuario lux o footcandle<\/li>\n<li>Rango de medici\u00f3n de 200.000 lux o velas de 20.000 pies<\/li>\n<li>Retenci\u00f3n de datos para congelar la lectura en la pantalla digital<\/li>\n<li>Retenci\u00f3n m\u00e1xima para capturar la medici\u00f3n de luz m\u00e1s alta<\/li>\n<li>La fuente de luz de medici\u00f3n incluye todos los rangos visibles<\/li>\n<li>Respuesta espectral cercana a la eficiencia espectral luminosa CIE<\/li>\n<li>Correcci\u00f3n de coseno de luz en \u00e1ngulo<\/li>\n<li>Longitud extendida del cable para el sensor de luz de aproximadamente 1,5 m (5 pies)<\/li>\n<li>Incluye tapa protectora de sensor<\/li>\n<li>Pantalla grande de 3-1 \/ 2 d\u00edgitos<\/li>\n<\/ul>\n<p>Un probador profesional dise\u00f1ado espec\u00edficamente para medir con precisi\u00f3n la salida de luz de las fuentes de luz LED para todos los rangos de luz visible.<\/p>\n","protected":false},"excerpt":{"rendered":"<p>Medidor de luz LED Amprobe LM-200 Unidades de medida seleccionables por el usuario lux o footcandle Rango de medici\u00f3n de 200.000 lux o velas de 20.000 pies Retenci\u00f3n de datos para congelar la lectura en la pantalla digital Retenci\u00f3n m\u00e1xima para capturar la medici\u00f3n de luz m\u00e1s alta La fuente de luz de medici\u00f3n incluye [&hellip;]<\/p>\n","protected":false},"featured_media":8451,"template":"","meta":{"_acf_changed":false},"pwb-brand":[104],"product_brand":[],"product_cat":[366,101,153,103],"product_tag":[],"class_list":{"0":"post-8301","1":"product","2":"type-product","3":"status-publish","4":"has-post-thumbnail","6":"pwb-brand-amprobe","7":"product_cat-todos-los-productos","8":"product_cat-amprobe","9":"product_cat-medidores-de-luz","10":"product_cat-probadores-ambientales","12":"first","13":"instock","14":"taxable","15":"shipping-taxable","16":"product-type-simple"},"acf":[],"yoast_head":"<!-- This site is optimized with the Yoast SEO plugin v27.4 - https:\/\/yoast.com\/product\/yoast-seo-wordpress\/ -->\n<title>Medidor de luz LED Amprobe LM-121 - Techmaster de Mexico<\/title>\n<meta name=\"robots\" content=\"index, follow, max-snippet:-1, max-image-preview:large, max-video-preview:-1\" \/>\n<link rel=\"canonical\" href=\"https:\/\/techmasterdemexico.com\/producto\/medidor-de-luz-led-amprobe-lm-121\/\" \/>\n<meta property=\"og:locale\" content=\"en_US\" \/>\n<meta property=\"og:type\" content=\"article\" \/>\n<meta property=\"og:title\" content=\"Medidor de luz LED Amprobe LM-121 - Techmaster de Mexico\" \/>\n<meta property=\"og:description\" content=\"Medidor de luz LED Amprobe LM-200 Unidades de medida seleccionables por el usuario lux o footcandle Rango de medici\u00f3n de 200.000 lux o velas de 20.000 pies Retenci\u00f3n de datos para congelar la lectura en la pantalla digital Retenci\u00f3n m\u00e1xima para capturar la medici\u00f3n de luz m\u00e1s alta La fuente de luz de medici\u00f3n incluye [&hellip;]\" \/>\n<meta property=\"og:url\" content=\"https:\/\/techmasterdemexico.com\/producto\/medidor-de-luz-led-amprobe-lm-121\/\" \/>\n<meta property=\"og:site_name\" content=\"Techmaster de Mexico\" \/>\n<meta property=\"article:modified_time\" content=\"2021-12-28T22:28:28+00:00\" \/>\n<meta property=\"og:image\" content=\"https:\/\/techmasterdemexico.com\/wp-content\/uploads\/2021\/08\/PD_LM-200LED-1.jpg\" \/>\n\t<meta property=\"og:image:width\" content=\"500\" \/>\n\t<meta property=\"og:image:height\" content=\"500\" \/>\n\t<meta property=\"og:image:type\" content=\"image\/jpeg\" \/>\n<meta name=\"twitter:card\" content=\"summary_large_image\" \/>\n<meta name=\"twitter:label1\" content=\"Est. reading time\" \/>\n\t<meta name=\"twitter:data1\" content=\"1 minute\" \/>\n<script type=\"application\/ld+json\" class=\"yoast-schema-graph\">{\"@context\":\"https:\\\/\\\/schema.org\",\"@graph\":[{\"@type\":\"WebPage\",\"@id\":\"https:\\\/\\\/techmasterdemexico.com\\\/producto\\\/medidor-de-luz-led-amprobe-lm-121\\\/\",\"url\":\"https:\\\/\\\/techmasterdemexico.com\\\/producto\\\/medidor-de-luz-led-amprobe-lm-121\\\/\",\"name\":\"Medidor de luz LED Amprobe LM-121 - Techmaster de Mexico\",\"isPartOf\":{\"@id\":\"https:\\\/\\\/techmasterdemexico.com\\\/#website\"},\"primaryImageOfPage\":{\"@id\":\"https:\\\/\\\/techmasterdemexico.com\\\/producto\\\/medidor-de-luz-led-amprobe-lm-121\\\/#primaryimage\"},\"image\":{\"@id\":\"https:\\\/\\\/techmasterdemexico.com\\\/producto\\\/medidor-de-luz-led-amprobe-lm-121\\\/#primaryimage\"},\"thumbnailUrl\":\"https:\\\/\\\/techmasterdemexico.com\\\/wp-content\\\/uploads\\\/2021\\\/08\\\/PD_LM-200LED-1.jpg\",\"datePublished\":\"2021-08-19T19:28:40+00:00\",\"dateModified\":\"2021-12-28T22:28:28+00:00\",\"breadcrumb\":{\"@id\":\"https:\\\/\\\/techmasterdemexico.com\\\/producto\\\/medidor-de-luz-led-amprobe-lm-121\\\/#breadcrumb\"},\"inLanguage\":\"en-US\",\"potentialAction\":[{\"@type\":\"ReadAction\",\"target\":[\"https:\\\/\\\/techmasterdemexico.com\\\/producto\\\/medidor-de-luz-led-amprobe-lm-121\\\/\"]}]},{\"@type\":\"ImageObject\",\"inLanguage\":\"en-US\",\"@id\":\"https:\\\/\\\/techmasterdemexico.com\\\/producto\\\/medidor-de-luz-led-amprobe-lm-121\\\/#primaryimage\",\"url\":\"https:\\\/\\\/techmasterdemexico.com\\\/wp-content\\\/uploads\\\/2021\\\/08\\\/PD_LM-200LED-1.jpg\",\"contentUrl\":\"https:\\\/\\\/techmasterdemexico.com\\\/wp-content\\\/uploads\\\/2021\\\/08\\\/PD_LM-200LED-1.jpg\",\"width\":500,\"height\":500},{\"@type\":\"BreadcrumbList\",\"@id\":\"https:\\\/\\\/techmasterdemexico.com\\\/producto\\\/medidor-de-luz-led-amprobe-lm-121\\\/#breadcrumb\",\"itemListElement\":[{\"@type\":\"ListItem\",\"position\":1,\"name\":\"Portada\",\"item\":\"https:\\\/\\\/techmasterdemexico.com\\\/\"},{\"@type\":\"ListItem\",\"position\":2,\"name\":\"Medidor de luz LED Amprobe LM-121\"}]},{\"@type\":\"WebSite\",\"@id\":\"https:\\\/\\\/techmasterdemexico.com\\\/#website\",\"url\":\"https:\\\/\\\/techmasterdemexico.com\\\/\",\"name\":\"Techmaster de Mexico\",\"description\":\"\",\"potentialAction\":[{\"@type\":\"SearchAction\",\"target\":{\"@type\":\"EntryPoint\",\"urlTemplate\":\"https:\\\/\\\/techmasterdemexico.com\\\/?s={search_term_string}\"},\"query-input\":{\"@type\":\"PropertyValueSpecification\",\"valueRequired\":true,\"valueName\":\"search_term_string\"}}],\"inLanguage\":\"en-US\"}]}<\/script>\n<!-- \/ Yoast SEO plugin. -->","yoast_head_json":{"title":"Medidor de luz LED Amprobe LM-121 - Techmaster de Mexico","robots":{"index":"index","follow":"follow","max-snippet":"max-snippet:-1","max-image-preview":"max-image-preview:large","max-video-preview":"max-video-preview:-1"},"canonical":"https:\/\/techmasterdemexico.com\/producto\/medidor-de-luz-led-amprobe-lm-121\/","og_locale":"en_US","og_type":"article","og_title":"Medidor de luz LED Amprobe LM-121 - Techmaster de Mexico","og_description":"Medidor de luz LED Amprobe LM-200 Unidades de medida seleccionables por el usuario lux o footcandle Rango de medici\u00f3n de 200.000 lux o velas de 20.000 pies Retenci\u00f3n de datos para congelar la lectura en la pantalla digital Retenci\u00f3n m\u00e1xima para capturar la medici\u00f3n de luz m\u00e1s alta La fuente de luz de medici\u00f3n incluye [&hellip;]","og_url":"https:\/\/techmasterdemexico.com\/producto\/medidor-de-luz-led-amprobe-lm-121\/","og_site_name":"Techmaster de Mexico","article_modified_time":"2021-12-28T22:28:28+00:00","og_image":[{"width":500,"height":500,"url":"https:\/\/techmasterdemexico.com\/wp-content\/uploads\/2021\/08\/PD_LM-200LED-1.jpg","type":"image\/jpeg"}],"twitter_card":"summary_large_image","twitter_misc":{"Est. reading time":"1 minute"},"schema":{"@context":"https:\/\/schema.org","@graph":[{"@type":"WebPage","@id":"https:\/\/techmasterdemexico.com\/producto\/medidor-de-luz-led-amprobe-lm-121\/","url":"https:\/\/techmasterdemexico.com\/producto\/medidor-de-luz-led-amprobe-lm-121\/","name":"Medidor de luz LED Amprobe LM-121 - Techmaster de Mexico","isPartOf":{"@id":"https:\/\/techmasterdemexico.com\/#website"},"primaryImageOfPage":{"@id":"https:\/\/techmasterdemexico.com\/producto\/medidor-de-luz-led-amprobe-lm-121\/#primaryimage"},"image":{"@id":"https:\/\/techmasterdemexico.com\/producto\/medidor-de-luz-led-amprobe-lm-121\/#primaryimage"},"thumbnailUrl":"https:\/\/techmasterdemexico.com\/wp-content\/uploads\/2021\/08\/PD_LM-200LED-1.jpg","datePublished":"2021-08-19T19:28:40+00:00","dateModified":"2021-12-28T22:28:28+00:00","breadcrumb":{"@id":"https:\/\/techmasterdemexico.com\/producto\/medidor-de-luz-led-amprobe-lm-121\/#breadcrumb"},"inLanguage":"en-US","potentialAction":[{"@type":"ReadAction","target":["https:\/\/techmasterdemexico.com\/producto\/medidor-de-luz-led-amprobe-lm-121\/"]}]},{"@type":"ImageObject","inLanguage":"en-US","@id":"https:\/\/techmasterdemexico.com\/producto\/medidor-de-luz-led-amprobe-lm-121\/#primaryimage","url":"https:\/\/techmasterdemexico.com\/wp-content\/uploads\/2021\/08\/PD_LM-200LED-1.jpg","contentUrl":"https:\/\/techmasterdemexico.com\/wp-content\/uploads\/2021\/08\/PD_LM-200LED-1.jpg","width":500,"height":500},{"@type":"BreadcrumbList","@id":"https:\/\/techmasterdemexico.com\/producto\/medidor-de-luz-led-amprobe-lm-121\/#breadcrumb","itemListElement":[{"@type":"ListItem","position":1,"name":"Portada","item":"https:\/\/techmasterdemexico.com\/"},{"@type":"ListItem","position":2,"name":"Medidor de luz LED Amprobe LM-121"}]},{"@type":"WebSite","@id":"https:\/\/techmasterdemexico.com\/#website","url":"https:\/\/techmasterdemexico.com\/","name":"Techmaster de Mexico","description":"","potentialAction":[{"@type":"SearchAction","target":{"@type":"EntryPoint","urlTemplate":"https:\/\/techmasterdemexico.com\/?s={search_term_string}"},"query-input":{"@type":"PropertyValueSpecification","valueRequired":true,"valueName":"search_term_string"}}],"inLanguage":"en-US"}]}},"brands":[{"id":104,"name":"Amprobe","slug":"amprobe"}],"_links":{"self":[{"href":"https:\/\/techmasterdemexico.com\/en\/wp-json\/wp\/v2\/product\/8301","targetHints":{"allow":["GET"]}}],"collection":[{"href":"https:\/\/techmasterdemexico.com\/en\/wp-json\/wp\/v2\/product"}],"about":[{"href":"https:\/\/techmasterdemexico.com\/en\/wp-json\/wp\/v2\/types\/product"}],"wp:featuredmedia":[{"embeddable":true,"href":"https:\/\/techmasterdemexico.com\/en\/wp-json\/wp\/v2\/media\/8451"}],"wp:attachment":[{"href":"https:\/\/techmasterdemexico.com\/en\/wp-json\/wp\/v2\/media?parent=8301"}],"wp:term":[{"taxonomy":"pwb-brand","embeddable":true,"href":"https:\/\/techmasterdemexico.com\/en\/wp-json\/wp\/v2\/pwb-brand?post=8301"},{"taxonomy":"product_brand","embeddable":true,"href":"https:\/\/techmasterdemexico.com\/en\/wp-json\/wp\/v2\/product_brand?post=8301"},{"taxonomy":"product_cat","embeddable":true,"href":"https:\/\/techmasterdemexico.com\/en\/wp-json\/wp\/v2\/product_cat?post=8301"},{"taxonomy":"product_tag","embeddable":true,"href":"https:\/\/techmasterdemexico.com\/en\/wp-json\/wp\/v2\/product_tag?post=8301"}],"curies":[{"name":"wp","href":"https:\/\/api.w.org\/{rel}","templated":true}]}}