{"id":8299,"date":"2021-08-19T19:28:39","date_gmt":"2021-08-19T19:28:39","guid":{"rendered":"http:\/\/techmastermx.ddns.net\/producto\/pinza-amperimetrica-industrial-acdc-3400-ind-cat-iv-trms\/"},"modified":"2021-12-28T22:28:29","modified_gmt":"2021-12-28T22:28:29","slug":"pinza-amperimetrica-industrial-acdc-3400-ind-cat-iv-trms","status":"publish","type":"product","link":"https:\/\/techmasterdemexico.com\/en\/producto\/pinza-amperimetrica-industrial-acdc-3400-ind-cat-iv-trms\/","title":{"rendered":"Pinza amperim\u00e9trica Industrial ACDC-3400 IND CAT IV TRMS"},"content":{"rendered":"<p>Pinza amperim\u00e9trica Amprobe ACDC-3400 IND AC \/ DC CAT IV TRMS<\/p>\n<ul>\n<li>La detecci\u00f3n de verdadero valor eficaz aumenta la precisi\u00f3n de la medici\u00f3n en entornos ruidosos<\/li>\n<li>Mide corriente CA \/ CC hasta 1000 A, voltaje CA hasta 1000 V y voltaje CC hasta 750 V, frecuencia, resistencia y capacitancia y ciclo de trabajo<\/li>\n<li>Peak hold comprueba los transitorios y las corrientes de arranque del motor en busca de picos<\/li>\n<li>El cero relativo muestra la diferencia entre la lectura real y un valor de referencia almacenado y se puede usar con cualquier funci\u00f3n o rango.<\/li>\n<li>La continuidad audible ayuda a identificar r\u00e1pidamente aperturas y cortocircuitos<\/li>\n<li>Rango autom\u00e1tico y manual para velocidad y flexibilidad de medici\u00f3n<\/li>\n<li>La retenci\u00f3n de datos mantiene la lectura en la pantalla para un an\u00e1lisis m\u00e1s detallado<\/li>\n<li>La prueba de diodos encuentra r\u00e1pidamente ca\u00eddas de voltaje<\/li>\n<li>Se adapta a conductores de hasta 2 \u2033 (51 mm) de di\u00e1metro<\/li>\n<li>Seguridad clasificada seg\u00fan CAT IV 600 V y CAT III 1000 V<\/li>\n<li>El apagado autom\u00e1tico conserva la vida \u00fatil de la bater\u00eda<\/li>\n<li>La luz de fondo facilita la lectura incluso en condiciones de oscuridad<\/li>\n<\/ul>\n<p>El mult\u00edmetro de pinza Amprobe ACDC-3400 tiene clasificaci\u00f3n CAT IV para agregar un nivel adicional de seguridad para aplicaciones de prueba de alto voltaje, industriales o de servicios p\u00fablicos. Es una pinza amperim\u00e9trica de CA \/ CC y un medidor de voltaje, todo en uno.<\/p>\n<p>Este mult\u00edmetro el\u00e9ctrico con abrazadera incluye detecci\u00f3n de verdadero valor eficaz para precisi\u00f3n y confiabilidad y mordazas extra grandes para sujetar conductores de hasta 2 \u2033 (51 mm) de di\u00e1metro.<\/p>\n","protected":false},"excerpt":{"rendered":"<table class=\"t1\" cellspacing=\"0\" cellpadding=\"0\">\n<tbody>\n<tr>\n<td class=\"td1\" valign=\"middle\">\n<p class=\"p1\">CARACTER\u00cdSTICA<\/p>\n<\/td>\n<td class=\"td1\" valign=\"middle\">\n<p class=\"p1\">ACD-3300 IND<\/p>\n<\/td>\n<td class=\"td1\" valign=\"middle\">\n<p class=\"p1\">ACDC-3400 IND<\/p>\n<\/td>\n<\/tr>\n<tr>\n<td class=\"td1\" valign=\"middle\">\n<p class=\"p1\">Voltaje DC<\/p>\n<\/td>\n<td class=\"td1\" colspan=\"2\" valign=\"middle\">\n<p class=\"p1\">660,0 mV, 6,600 V, 66,00 V, 660,0 V, 1000 V<\/p>\n<\/td>\n<\/tr>\n<tr>\n<td class=\"td1\" valign=\"middle\">\n<p class=\"p1\">Voltaje de corriente alterna<\/p>\n<\/td>\n<td class=\"td1\" colspan=\"2\" valign=\"middle\">\n<p class=\"p1\">660,0 mV, 6,600 V, 66,00 V, 660,0 V, 750 V<\/p>\n<\/td>\n<\/tr>\n<tr>\n<td class=\"td1\" valign=\"middle\">\n<p class=\"p1\">Corriente alterna<\/p>\n<\/td>\n<td class=\"td1\" colspan=\"2\" valign=\"middle\">\n<p class=\"p1\">66,00 A, 660,0 A, 1000 A<\/p>\n<\/td>\n<\/tr>\n<tr>\n<td class=\"td1\" valign=\"middle\">\n<p class=\"p1\">Corriente DC<\/p>\n<\/td>\n<td class=\"td1\" valign=\"middle\">\n<p class=\"p1\">&#8211;<\/p>\n<\/td>\n<td class=\"td1\" valign=\"middle\">\n<p class=\"p1\">660,0 A, 1000 A<\/p>\n<\/td>\n<\/tr>\n<tr>\n<td class=\"td1\" valign=\"middle\">\n<p class=\"p1\">Resistencia<\/p>\n<\/td>\n<td class=\"td1\" colspan=\"2\" valign=\"middle\">\n<p class=\"p1\">660.0 O, 6.600 kO, 66.00 kO, 660.0 kO, 6.600 MO, 66.00 MO<\/p>\n<\/td>\n<\/tr>\n<tr>\n<td class=\"td1\" valign=\"middle\">\n<p class=\"p1\">Capacidad<\/p>\n<\/td>\n<td class=\"td1\" colspan=\"2\" valign=\"middle\">\n<p class=\"p1\">6.600 nF, 66.00 nF, 660.0 nF, 6.600 \u00b5F, 66.00 \u00b5F, 660.0 \u00b5F, 6.6 mF<\/p>\n<\/td>\n<\/tr>\n<tr>\n<td class=\"td1\" valign=\"middle\">\n<p class=\"p1\">Frecuencia<\/p>\n<\/td>\n<td class=\"td1\" colspan=\"2\" valign=\"middle\">\n<p class=\"p1\">66,00 Hz, 660,0 Hz, 6,600 kHz, 66,00 kHz, 660,0 kHz, 1,000 MHz<\/p>\n<\/td>\n<\/tr>\n<tr>\n<td class=\"td1\" valign=\"middle\">\n<p class=\"p1\">Continuidad<\/p>\n<\/td>\n<td class=\"td1\" colspan=\"2\" valign=\"middle\">\n<p class=\"p1\">\u2022<\/p>\n<\/td>\n<\/tr>\n<tr>\n<td class=\"td1\" valign=\"middle\">\n<p class=\"p1\">Temperatura<\/p>\n<\/td>\n<td class=\"td1\" valign=\"middle\">\n<p class=\"p1\">-30 \u00b0 F <span class=\"s1\">\u2192<\/span> 1832 \u00b0 F (-35 \u00b0 C <span class=\"s1\">\u2192<\/span> 1000 \u00b0 C)<\/p>\n<\/td>\n<td class=\"td1\" valign=\"middle\">\n<p class=\"p1\">&#8211;<\/p>\n<\/td>\n<\/tr>\n<tr>\n<td class=\"td1\" valign=\"middle\">\n<p class=\"p1\">Acomoda conductores<\/p>\n<\/td>\n<td class=\"td1\" colspan=\"2\" valign=\"middle\">\n<p class=\"p1\">hasta 2.0 <span class=\"s1\">\u2033<\/span> (51 mm) de di\u00e1metro<\/p>\n<\/td>\n<\/tr>\n<\/tbody>\n<\/table>\n<table class=\"t1\" cellspacing=\"0\" cellpadding=\"0\">\n<tbody>\n<tr>\n<td class=\"td1\" valign=\"middle\">\n<p class=\"p1\">Especificaciones<\/p>\n<\/td>\n<td class=\"td1\" valign=\"middle\"><\/td>\n<\/tr>\n<tr>\n<td class=\"td1\" valign=\"middle\">\n<p class=\"p1\">Rango de voltios CC<\/p>\n<\/td>\n<td class=\"td1\" valign=\"middle\">\n<p class=\"p1\">660,0 mV, 6,600 V, 66,00 V, 660,0 V, 1000 V<\/p>\n<\/td>\n<\/tr>\n<tr>\n<td class=\"td1\" valign=\"middle\">\n<p class=\"p1\">Precisi\u00f3n<\/p>\n<\/td>\n<td class=\"td1\" valign=\"middle\">\n<p class=\"p1\">+\/- (0.5% lectura + 2 d\u00edgitos)<\/p>\n<\/td>\n<\/tr>\n<tr>\n<td class=\"td1\" valign=\"middle\">\n<p class=\"p1\">Impedancia de entrada<\/p>\n<\/td>\n<td class=\"td1\" valign=\"middle\">\n<p class=\"p1\">660 mV:&gt; 100 MO; 6,6 V: 10 MO; 66 V a 1000 V: 9.1 MO<\/p>\n<\/td>\n<\/tr>\n<tr>\n<td class=\"td1\" valign=\"middle\">\n<p class=\"p1\">Protecci\u00f3n de sobrecarga<\/p>\n<\/td>\n<td class=\"td1\" valign=\"middle\">\n<p class=\"p1\">1000 V CC o 750 V CA rms<\/p>\n<\/td>\n<\/tr>\n<tr>\n<td class=\"td1\" valign=\"middle\">\n<p class=\"p1\">Rango de verdadero valor eficaz de voltios CA<\/p>\n<\/td>\n<td class=\"td1\" valign=\"middle\">\n<p class=\"p1\">660.0 mV Frecuencia 50 a 100 Hz, +\/- (1.5% rdg + 8 dgts)<\/p>\n<p class=\"p1\">6.600 V, 66.00 V Frecuencia 50 a 500 Hz, +\/- (1.5% lectura + 8 d\u00edgitos)<\/p>\n<p class=\"p1\">660,0 V, 750 V Frecuencia 50 a 500 Hz, +\/- (1,5% lectura + 8 d\u00edgitos)<\/p>\n<\/td>\n<\/tr>\n<tr>\n<td class=\"td1\" valign=\"middle\">\n<p class=\"p1\">Frecuencia * (* 10% a 100% del rango de voltaje)<\/p>\n<\/td>\n<td class=\"td1\" valign=\"middle\">\n<p class=\"p1\">50 a 1 kHz, +\/- (0,1% lectura + 5 d\u00edgitos)<\/p>\n<\/td>\n<\/tr>\n<tr>\n<td class=\"td1\" valign=\"middle\">\n<p class=\"p1\">Apagado autom\u00e1tico<\/p>\n<\/td>\n<td class=\"td1\" valign=\"middle\">\n<p class=\"p1\">Aprox. 30 minutos<\/p>\n<\/td>\n<\/tr>\n<tr>\n<td class=\"td1\" valign=\"middle\">\n<p class=\"p1\">Monitor<\/p>\n<\/td>\n<td class=\"td1\" valign=\"middle\">\n<p class=\"p1\">Pantalla de cristal l\u00edquido (LCD) de 3 <span class=\"s1\">\u2033<\/span> d\u00edgitos (6600 cuentas) con un gr\u00e1fico de barras anal\u00f3gico de 66 segmentos<\/p>\n<\/td>\n<\/tr>\n<tr>\n<td class=\"td1\" valign=\"middle\">\n<p class=\"p1\">Energ\u00eda<\/p>\n<\/td>\n<td class=\"td1\" valign=\"middle\">\n<p class=\"p1\">Bater\u00eda est\u00e1ndar \u00fanica de 9 voltios, NEDA 1604, JIS 006P, IEC 6F22<\/p>\n<\/td>\n<\/tr>\n<\/tbody>\n<\/table>\n","protected":false},"featured_media":9290,"template":"","meta":{"_acf_changed":false},"pwb-brand":[104],"product_brand":[],"product_cat":[366,101,108,162],"product_tag":[],"class_list":{"0":"post-8299","1":"product","2":"type-product","3":"status-publish","4":"has-post-thumbnail","6":"pwb-brand-amprobe","7":"product_cat-todos-los-productos","8":"product_cat-amprobe","9":"product_cat-pinzas-amperimetricas-amprobe","10":"product_cat-pinzas-amperimetricas-industriales","12":"first","13":"instock","14":"taxable","15":"shipping-taxable","16":"product-type-simple"},"acf":[],"yoast_head":"<!-- This site is optimized with the Yoast SEO plugin v27.4 - https:\/\/yoast.com\/product\/yoast-seo-wordpress\/ -->\n<title>Pinza amperim\u00e9trica Industrial ACDC-3400 IND CAT IV TRMS - Techmaster de Mexico<\/title>\n<meta name=\"robots\" content=\"index, follow, max-snippet:-1, max-image-preview:large, max-video-preview:-1\" \/>\n<link rel=\"canonical\" href=\"https:\/\/techmasterdemexico.com\/producto\/pinza-amperimetrica-industrial-acdc-3400-ind-cat-iv-trms\/\" \/>\n<meta property=\"og:locale\" content=\"en_US\" \/>\n<meta property=\"og:type\" content=\"article\" \/>\n<meta property=\"og:title\" content=\"Pinza amperim\u00e9trica Industrial ACDC-3400 IND CAT IV TRMS - Techmaster de Mexico\" \/>\n<meta property=\"og:description\" content=\"[:es]               CARACTER\u00cdSTICA         ACD-3300 IND         ACDC-3400 IND               Voltaje DC         660,0 mV, 6,600 V, 66,00 V, 660,0 V, 1000 V               Voltaje de corriente alterna         660,0 mV, 6,600 V, 66,00 V, 660,0 V, 750 V               Corriente alterna         66,00 A, 660,0 A, 1000 A               Corriente DC         -         660,0 A, 1000 A               Resistencia         660.0 O, 6.600 kO, 66.00 kO, 660.0 kO, 6.600 MO, 66.00 MO               Capacidad         6.600 nF, 66.00 nF, 660.0 nF, 6.600 \u00b5F, 66.00 \u00b5F, 660.0 \u00b5F, 6.6 mF               Frecuencia         66,00 Hz, 660,0 Hz, 6,600 kHz, 66,00 kHz, 660,0 kHz, 1,000 MHz               Continuidad         \u2022               Temperatura         -30 \u00b0 F \u2192 1832 \u00b0 F (-35 \u00b0 C \u2192 1000 \u00b0 C)         -               Acomoda conductores         hasta 2.0 \u2033 (51 mm) de di\u00e1metro                           Especificaciones                  Rango de voltios CC         660,0 mV, 6,600 V, 66,00 V, 660,0 V, 1000 V               Precisi\u00f3n         +\/- (0.5% lectura + 2 d\u00edgitos)               Impedancia de entrada         660 mV:&gt; 100 MO; 6,6 V: 10 MO; 66 V a 1000 V: 9.1 MO               Protecci\u00f3n de sobrecarga         1000 V CC o 750 V CA rms               Rango de verdadero valor eficaz de voltios CA         660.0 mV Frecuencia 50 a 100 Hz, +\/- (1.5% rdg + 8 dgts)   6.600 V, 66.00 V Frecuencia 50 a 500 Hz, +\/- (1.5% lectura + 8 d\u00edgitos)   660,0 V, 750 V Frecuencia 50 a 500 Hz, +\/- (1,5% lectura + 8 d\u00edgitos)               Frecuencia * (* 10% a 100% del rango de voltaje)         50 a 1 kHz, +\/- (0,1% lectura + 5 d\u00edgitos)               Apagado autom\u00e1tico         Aprox. 30 minutos               Monitor         Pantalla de cristal l\u00edquido (LCD) de 3 \u2033 d\u00edgitos (6600 cuentas) con un gr\u00e1fico de barras anal\u00f3gico de 66 segmentos               Energ\u00eda         Bater\u00eda est\u00e1ndar \u00fanica de 9 voltios, NEDA 1604, JIS 006P, IEC 6F22            [:en]              CARACTER\u00cdSTICA         ACD-3300 IND         ACDC-3400 IND               Voltaje DC         660,0 mV, 6,600 V, 66,00 V, 660,0 V, 1000 V               Voltaje de corriente alterna         660,0 mV, 6,600 V, 66,00 V, 660,0 V, 750 V               Corriente alterna         66,00 A, 660,0 A, 1000 A               Corriente DC         -         660,0 A, 1000 A               Resistencia         660.0 O, 6.600 kO, 66.00 kO, 660.0 kO, 6.600 MO, 66.00 MO               Capacidad         6.600 nF, 66.00 nF, 660.0 nF, 6.600 \u00b5F, 66.00 \u00b5F, 660.0 \u00b5F, 6.6 mF               Frecuencia         66,00 Hz, 660,0 Hz, 6,600 kHz, 66,00 kHz, 660,0 kHz, 1,000 MHz               Continuidad         \u2022               Temperatura         -30 \u00b0 F \u2192 1832 \u00b0 F (-35 \u00b0 C \u2192 1000 \u00b0 C)         -               Acomoda conductores         hasta 2.0 \u2033 (51 mm) de di\u00e1metro                           Especificaciones                  Rango de voltios CC         660,0 mV, 6,600 V, 66,00 V, 660,0 V, 1000 V               Precisi\u00f3n         +\/- (0.5% lectura + 2 d\u00edgitos)               Impedancia de entrada         660 mV:&gt; 100 MO; 6,6 V: 10 MO; 66 V a 1000 V: 9.1 MO               Protecci\u00f3n de sobrecarga         1000 V CC o 750 V CA rms               Rango de verdadero valor eficaz de voltios CA         660.0 mV Frecuencia 50 a 100 Hz, +\/- (1.5% rdg + 8 dgts)   6.600 V, 66.00 V Frecuencia 50 a 500 Hz, +\/- (1.5% lectura + 8 d\u00edgitos)   660,0 V, 750 V Frecuencia 50 a 500 Hz, +\/- (1,5% lectura + 8 d\u00edgitos)               Frecuencia * (* 10% a 100% del rango de voltaje)         50 a 1 kHz, +\/- (0,1% lectura + 5 d\u00edgitos)               Apagado autom\u00e1tico         Aprox. 30 minutos               Monitor         Pantalla de cristal l\u00edquido (LCD) de 3 \u2033 d\u00edgitos (6600 cuentas) con un gr\u00e1fico de barras anal\u00f3gico de 66 segmentos               Energ\u00eda         Bater\u00eda est\u00e1ndar \u00fanica de 9 voltios, NEDA 1604, JIS 006P, IEC 6F22            [:]\" \/>\n<meta property=\"og:url\" content=\"https:\/\/techmasterdemexico.com\/producto\/pinza-amperimetrica-industrial-acdc-3400-ind-cat-iv-trms\/\" \/>\n<meta property=\"og:site_name\" content=\"Techmaster de Mexico\" \/>\n<meta property=\"article:modified_time\" content=\"2021-12-28T22:28:29+00:00\" \/>\n<meta property=\"og:image\" content=\"https:\/\/techmasterdemexico.com\/wp-content\/uploads\/2021\/08\/PD_ACDC_3400IND_b-416x282-1.jpg\" \/>\n\t<meta property=\"og:image:width\" content=\"500\" \/>\n\t<meta property=\"og:image:height\" content=\"500\" \/>\n\t<meta property=\"og:image:type\" content=\"image\/jpeg\" \/>\n<meta name=\"twitter:card\" content=\"summary_large_image\" \/>\n<meta name=\"twitter:label1\" content=\"Est. reading time\" \/>\n\t<meta name=\"twitter:data1\" content=\"1 minute\" \/>\n<script type=\"application\/ld+json\" class=\"yoast-schema-graph\">{\"@context\":\"https:\\\/\\\/schema.org\",\"@graph\":[{\"@type\":\"WebPage\",\"@id\":\"https:\\\/\\\/techmasterdemexico.com\\\/producto\\\/pinza-amperimetrica-industrial-acdc-3400-ind-cat-iv-trms\\\/\",\"url\":\"https:\\\/\\\/techmasterdemexico.com\\\/producto\\\/pinza-amperimetrica-industrial-acdc-3400-ind-cat-iv-trms\\\/\",\"name\":\"Pinza amperim\u00e9trica Industrial ACDC-3400 IND CAT IV TRMS - Techmaster de Mexico\",\"isPartOf\":{\"@id\":\"https:\\\/\\\/techmasterdemexico.com\\\/#website\"},\"primaryImageOfPage\":{\"@id\":\"https:\\\/\\\/techmasterdemexico.com\\\/producto\\\/pinza-amperimetrica-industrial-acdc-3400-ind-cat-iv-trms\\\/#primaryimage\"},\"image\":{\"@id\":\"https:\\\/\\\/techmasterdemexico.com\\\/producto\\\/pinza-amperimetrica-industrial-acdc-3400-ind-cat-iv-trms\\\/#primaryimage\"},\"thumbnailUrl\":\"https:\\\/\\\/techmasterdemexico.com\\\/wp-content\\\/uploads\\\/2021\\\/08\\\/PD_ACDC_3400IND_b-416x282-1.jpg\",\"datePublished\":\"2021-08-19T19:28:39+00:00\",\"dateModified\":\"2021-12-28T22:28:29+00:00\",\"breadcrumb\":{\"@id\":\"https:\\\/\\\/techmasterdemexico.com\\\/producto\\\/pinza-amperimetrica-industrial-acdc-3400-ind-cat-iv-trms\\\/#breadcrumb\"},\"inLanguage\":\"en-US\",\"potentialAction\":[{\"@type\":\"ReadAction\",\"target\":[\"https:\\\/\\\/techmasterdemexico.com\\\/producto\\\/pinza-amperimetrica-industrial-acdc-3400-ind-cat-iv-trms\\\/\"]}]},{\"@type\":\"ImageObject\",\"inLanguage\":\"en-US\",\"@id\":\"https:\\\/\\\/techmasterdemexico.com\\\/producto\\\/pinza-amperimetrica-industrial-acdc-3400-ind-cat-iv-trms\\\/#primaryimage\",\"url\":\"https:\\\/\\\/techmasterdemexico.com\\\/wp-content\\\/uploads\\\/2021\\\/08\\\/PD_ACDC_3400IND_b-416x282-1.jpg\",\"contentUrl\":\"https:\\\/\\\/techmasterdemexico.com\\\/wp-content\\\/uploads\\\/2021\\\/08\\\/PD_ACDC_3400IND_b-416x282-1.jpg\",\"width\":500,\"height\":500},{\"@type\":\"BreadcrumbList\",\"@id\":\"https:\\\/\\\/techmasterdemexico.com\\\/producto\\\/pinza-amperimetrica-industrial-acdc-3400-ind-cat-iv-trms\\\/#breadcrumb\",\"itemListElement\":[{\"@type\":\"ListItem\",\"position\":1,\"name\":\"Portada\",\"item\":\"https:\\\/\\\/techmasterdemexico.com\\\/\"},{\"@type\":\"ListItem\",\"position\":2,\"name\":\"Pinza amperim\u00e9trica Industrial ACDC-3400 IND CAT IV TRMS\"}]},{\"@type\":\"WebSite\",\"@id\":\"https:\\\/\\\/techmasterdemexico.com\\\/#website\",\"url\":\"https:\\\/\\\/techmasterdemexico.com\\\/\",\"name\":\"Techmaster de Mexico\",\"description\":\"\",\"potentialAction\":[{\"@type\":\"SearchAction\",\"target\":{\"@type\":\"EntryPoint\",\"urlTemplate\":\"https:\\\/\\\/techmasterdemexico.com\\\/?s={search_term_string}\"},\"query-input\":{\"@type\":\"PropertyValueSpecification\",\"valueRequired\":true,\"valueName\":\"search_term_string\"}}],\"inLanguage\":\"en-US\"}]}<\/script>\n<!-- \/ Yoast SEO plugin. -->","yoast_head_json":{"title":"Pinza amperim\u00e9trica Industrial ACDC-3400 IND CAT IV TRMS - Techmaster de Mexico","robots":{"index":"index","follow":"follow","max-snippet":"max-snippet:-1","max-image-preview":"max-image-preview:large","max-video-preview":"max-video-preview:-1"},"canonical":"https:\/\/techmasterdemexico.com\/producto\/pinza-amperimetrica-industrial-acdc-3400-ind-cat-iv-trms\/","og_locale":"en_US","og_type":"article","og_title":"Pinza amperim\u00e9trica Industrial ACDC-3400 IND CAT IV TRMS - Techmaster de Mexico","og_description":"[:es]               CARACTER\u00cdSTICA         ACD-3300 IND         ACDC-3400 IND               Voltaje DC         660,0 mV, 6,600 V, 66,00 V, 660,0 V, 1000 V               Voltaje de corriente alterna         660,0 mV, 6,600 V, 66,00 V, 660,0 V, 750 V               Corriente alterna         66,00 A, 660,0 A, 1000 A               Corriente DC         -         660,0 A, 1000 A               Resistencia         660.0 O, 6.600 kO, 66.00 kO, 660.0 kO, 6.600 MO, 66.00 MO               Capacidad         6.600 nF, 66.00 nF, 660.0 nF, 6.600 \u00b5F, 66.00 \u00b5F, 660.0 \u00b5F, 6.6 mF               Frecuencia         66,00 Hz, 660,0 Hz, 6,600 kHz, 66,00 kHz, 660,0 kHz, 1,000 MHz               Continuidad         \u2022               Temperatura         -30 \u00b0 F \u2192 1832 \u00b0 F (-35 \u00b0 C \u2192 1000 \u00b0 C)         -               Acomoda conductores         hasta 2.0 \u2033 (51 mm) de di\u00e1metro                           Especificaciones                  Rango de voltios CC         660,0 mV, 6,600 V, 66,00 V, 660,0 V, 1000 V               Precisi\u00f3n         +\/- (0.5% lectura + 2 d\u00edgitos)               Impedancia de entrada         660 mV:&gt; 100 MO; 6,6 V: 10 MO; 66 V a 1000 V: 9.1 MO               Protecci\u00f3n de sobrecarga         1000 V CC o 750 V CA rms               Rango de verdadero valor eficaz de voltios CA         660.0 mV Frecuencia 50 a 100 Hz, +\/- (1.5% rdg + 8 dgts)   6.600 V, 66.00 V Frecuencia 50 a 500 Hz, +\/- (1.5% lectura + 8 d\u00edgitos)   660,0 V, 750 V Frecuencia 50 a 500 Hz, +\/- (1,5% lectura + 8 d\u00edgitos)               Frecuencia * (* 10% a 100% del rango de voltaje)         50 a 1 kHz, +\/- (0,1% lectura + 5 d\u00edgitos)               Apagado autom\u00e1tico         Aprox. 30 minutos               Monitor         Pantalla de cristal l\u00edquido (LCD) de 3 \u2033 d\u00edgitos (6600 cuentas) con un gr\u00e1fico de barras anal\u00f3gico de 66 segmentos               Energ\u00eda         Bater\u00eda est\u00e1ndar \u00fanica de 9 voltios, NEDA 1604, JIS 006P, IEC 6F22            [:en]              CARACTER\u00cdSTICA         ACD-3300 IND         ACDC-3400 IND               Voltaje DC         660,0 mV, 6,600 V, 66,00 V, 660,0 V, 1000 V               Voltaje de corriente alterna         660,0 mV, 6,600 V, 66,00 V, 660,0 V, 750 V               Corriente alterna         66,00 A, 660,0 A, 1000 A               Corriente DC         -         660,0 A, 1000 A               Resistencia         660.0 O, 6.600 kO, 66.00 kO, 660.0 kO, 6.600 MO, 66.00 MO               Capacidad         6.600 nF, 66.00 nF, 660.0 nF, 6.600 \u00b5F, 66.00 \u00b5F, 660.0 \u00b5F, 6.6 mF               Frecuencia         66,00 Hz, 660,0 Hz, 6,600 kHz, 66,00 kHz, 660,0 kHz, 1,000 MHz               Continuidad         \u2022               Temperatura         -30 \u00b0 F \u2192 1832 \u00b0 F (-35 \u00b0 C \u2192 1000 \u00b0 C)         -               Acomoda conductores         hasta 2.0 \u2033 (51 mm) de di\u00e1metro                           Especificaciones                  Rango de voltios CC         660,0 mV, 6,600 V, 66,00 V, 660,0 V, 1000 V               Precisi\u00f3n         +\/- (0.5% lectura + 2 d\u00edgitos)               Impedancia de entrada         660 mV:&gt; 100 MO; 6,6 V: 10 MO; 66 V a 1000 V: 9.1 MO               Protecci\u00f3n de sobrecarga         1000 V CC o 750 V CA rms               Rango de verdadero valor eficaz de voltios CA         660.0 mV Frecuencia 50 a 100 Hz, +\/- (1.5% rdg + 8 dgts)   6.600 V, 66.00 V Frecuencia 50 a 500 Hz, +\/- (1.5% lectura + 8 d\u00edgitos)   660,0 V, 750 V Frecuencia 50 a 500 Hz, +\/- (1,5% lectura + 8 d\u00edgitos)               Frecuencia * (* 10% a 100% del rango de voltaje)         50 a 1 kHz, +\/- (0,1% lectura + 5 d\u00edgitos)               Apagado autom\u00e1tico         Aprox. 30 minutos               Monitor         Pantalla de cristal l\u00edquido (LCD) de 3 \u2033 d\u00edgitos (6600 cuentas) con un gr\u00e1fico de barras anal\u00f3gico de 66 segmentos               Energ\u00eda         Bater\u00eda est\u00e1ndar \u00fanica de 9 voltios, NEDA 1604, JIS 006P, IEC 6F22            [:]","og_url":"https:\/\/techmasterdemexico.com\/producto\/pinza-amperimetrica-industrial-acdc-3400-ind-cat-iv-trms\/","og_site_name":"Techmaster de Mexico","article_modified_time":"2021-12-28T22:28:29+00:00","og_image":[{"width":500,"height":500,"url":"https:\/\/techmasterdemexico.com\/wp-content\/uploads\/2021\/08\/PD_ACDC_3400IND_b-416x282-1.jpg","type":"image\/jpeg"}],"twitter_card":"summary_large_image","twitter_misc":{"Est. reading time":"1 minute"},"schema":{"@context":"https:\/\/schema.org","@graph":[{"@type":"WebPage","@id":"https:\/\/techmasterdemexico.com\/producto\/pinza-amperimetrica-industrial-acdc-3400-ind-cat-iv-trms\/","url":"https:\/\/techmasterdemexico.com\/producto\/pinza-amperimetrica-industrial-acdc-3400-ind-cat-iv-trms\/","name":"Pinza amperim\u00e9trica Industrial ACDC-3400 IND CAT IV TRMS - Techmaster de Mexico","isPartOf":{"@id":"https:\/\/techmasterdemexico.com\/#website"},"primaryImageOfPage":{"@id":"https:\/\/techmasterdemexico.com\/producto\/pinza-amperimetrica-industrial-acdc-3400-ind-cat-iv-trms\/#primaryimage"},"image":{"@id":"https:\/\/techmasterdemexico.com\/producto\/pinza-amperimetrica-industrial-acdc-3400-ind-cat-iv-trms\/#primaryimage"},"thumbnailUrl":"https:\/\/techmasterdemexico.com\/wp-content\/uploads\/2021\/08\/PD_ACDC_3400IND_b-416x282-1.jpg","datePublished":"2021-08-19T19:28:39+00:00","dateModified":"2021-12-28T22:28:29+00:00","breadcrumb":{"@id":"https:\/\/techmasterdemexico.com\/producto\/pinza-amperimetrica-industrial-acdc-3400-ind-cat-iv-trms\/#breadcrumb"},"inLanguage":"en-US","potentialAction":[{"@type":"ReadAction","target":["https:\/\/techmasterdemexico.com\/producto\/pinza-amperimetrica-industrial-acdc-3400-ind-cat-iv-trms\/"]}]},{"@type":"ImageObject","inLanguage":"en-US","@id":"https:\/\/techmasterdemexico.com\/producto\/pinza-amperimetrica-industrial-acdc-3400-ind-cat-iv-trms\/#primaryimage","url":"https:\/\/techmasterdemexico.com\/wp-content\/uploads\/2021\/08\/PD_ACDC_3400IND_b-416x282-1.jpg","contentUrl":"https:\/\/techmasterdemexico.com\/wp-content\/uploads\/2021\/08\/PD_ACDC_3400IND_b-416x282-1.jpg","width":500,"height":500},{"@type":"BreadcrumbList","@id":"https:\/\/techmasterdemexico.com\/producto\/pinza-amperimetrica-industrial-acdc-3400-ind-cat-iv-trms\/#breadcrumb","itemListElement":[{"@type":"ListItem","position":1,"name":"Portada","item":"https:\/\/techmasterdemexico.com\/"},{"@type":"ListItem","position":2,"name":"Pinza amperim\u00e9trica Industrial ACDC-3400 IND CAT IV TRMS"}]},{"@type":"WebSite","@id":"https:\/\/techmasterdemexico.com\/#website","url":"https:\/\/techmasterdemexico.com\/","name":"Techmaster de Mexico","description":"","potentialAction":[{"@type":"SearchAction","target":{"@type":"EntryPoint","urlTemplate":"https:\/\/techmasterdemexico.com\/?s={search_term_string}"},"query-input":{"@type":"PropertyValueSpecification","valueRequired":true,"valueName":"search_term_string"}}],"inLanguage":"en-US"}]}},"brands":[{"id":104,"name":"Amprobe","slug":"amprobe"}],"_links":{"self":[{"href":"https:\/\/techmasterdemexico.com\/en\/wp-json\/wp\/v2\/product\/8299","targetHints":{"allow":["GET"]}}],"collection":[{"href":"https:\/\/techmasterdemexico.com\/en\/wp-json\/wp\/v2\/product"}],"about":[{"href":"https:\/\/techmasterdemexico.com\/en\/wp-json\/wp\/v2\/types\/product"}],"wp:featuredmedia":[{"embeddable":true,"href":"https:\/\/techmasterdemexico.com\/en\/wp-json\/wp\/v2\/media\/9290"}],"wp:attachment":[{"href":"https:\/\/techmasterdemexico.com\/en\/wp-json\/wp\/v2\/media?parent=8299"}],"wp:term":[{"taxonomy":"pwb-brand","embeddable":true,"href":"https:\/\/techmasterdemexico.com\/en\/wp-json\/wp\/v2\/pwb-brand?post=8299"},{"taxonomy":"product_brand","embeddable":true,"href":"https:\/\/techmasterdemexico.com\/en\/wp-json\/wp\/v2\/product_brand?post=8299"},{"taxonomy":"product_cat","embeddable":true,"href":"https:\/\/techmasterdemexico.com\/en\/wp-json\/wp\/v2\/product_cat?post=8299"},{"taxonomy":"product_tag","embeddable":true,"href":"https:\/\/techmasterdemexico.com\/en\/wp-json\/wp\/v2\/product_tag?post=8299"}],"curies":[{"name":"wp","href":"https:\/\/api.w.org\/{rel}","templated":true}]}}