{"id":8296,"date":"2021-08-19T19:28:37","date_gmt":"2021-08-19T19:28:37","guid":{"rendered":"http:\/\/techmastermx.ddns.net\/producto\/pinza-amperimetrica-industrial-true-rms-acd-3300\/"},"modified":"2021-12-28T22:28:31","modified_gmt":"2021-12-28T22:28:31","slug":"pinza-amperimetrica-industrial-true-rms-acd-3300","status":"publish","type":"product","link":"https:\/\/techmasterdemexico.com\/en\/producto\/pinza-amperimetrica-industrial-true-rms-acd-3300\/","title":{"rendered":"Pinza amperim\u00e9trica Industrial True RMS ACD-3300"},"content":{"rendered":"<p>Amprobe ACD-3300 IND CAT IV TRMS Pinza amperim\u00e9trica con temperatura<\/p>\n<ul>\n<li>Verdadero valor eficaz<\/li>\n<li>Mide corriente CA hasta 1000 CA A, voltaje hasta 750 V CA \/ 1000 V CC, frecuencia, resistencia y capacitancia y ciclo de trabajo<\/li>\n<li>Temperatura hasta 1832 \u00b0 F (1000 \u2103)<\/li>\n<li>Retenci\u00f3n de pico<\/li>\n<li>Continuidad audible<\/li>\n<li>Rango autom\u00e1tico y manual<\/li>\n<li>Apagado autom\u00e1tico<\/li>\n<li>Retenci\u00f3n de datos<\/li>\n<li>Iluminar desde el fondo<\/li>\n<li>Prueba de diodos<\/li>\n<li>Ciclo de trabajo<\/li>\n<li>Gr\u00e1fico de barras<\/li>\n<li>Se adapta a conductores de hasta 2 \u2033 (51 mm) de di\u00e1metro<\/li>\n<li>Seguridad CAT IV 600 V, CAT III 1000 V<\/li>\n<\/ul>\n<p>Este probador de abrazadera IND ACD-3300 IND con clasificaci\u00f3n CAT IV es ideal para aplicaciones industriales y servicios p\u00fablicos que requieren un nivel adicional de seguridad. Con detecci\u00f3n de verdadero valor eficaz para mayor precisi\u00f3n, esta pinza en las mordazas extra grandes del medidor puede sujetarse a esos cables de gran di\u00e1metro, lo que simplifica la toma de medidas en entornos industriales.<\/p>\n","protected":false},"excerpt":{"rendered":"<p>Amprobe ACD-3300 IND CAT IV TRMS Pinza amperim\u00e9trica con temperatura Verdadero valor eficaz Mide corriente CA hasta 1000 CA A, voltaje hasta 750 V CA \/ 1000 V CC, frecuencia, resistencia y capacitancia y ciclo de trabajo Temperatura hasta 1832 \u00b0 F (1000 \u2103) Retenci\u00f3n de pico Continuidad audible Rango autom\u00e1tico y manual Apagado autom\u00e1tico [&hellip;]<\/p>\n","protected":false},"featured_media":8472,"template":"","meta":{"_acf_changed":false},"pwb-brand":[104],"product_brand":[],"product_cat":[366,101,108,162],"product_tag":[],"class_list":{"0":"post-8296","1":"product","2":"type-product","3":"status-publish","4":"has-post-thumbnail","6":"pwb-brand-amprobe","7":"product_cat-todos-los-productos","8":"product_cat-amprobe","9":"product_cat-pinzas-amperimetricas-amprobe","10":"product_cat-pinzas-amperimetricas-industriales","12":"first","13":"instock","14":"taxable","15":"shipping-taxable","16":"product-type-simple"},"acf":[],"yoast_head":"<!-- This site is optimized with the Yoast SEO plugin v27.4 - https:\/\/yoast.com\/product\/yoast-seo-wordpress\/ -->\n<title>Pinza amperim\u00e9trica Industrial True RMS ACD-3300 - Techmaster de Mexico<\/title>\n<meta name=\"robots\" content=\"index, follow, max-snippet:-1, max-image-preview:large, max-video-preview:-1\" \/>\n<link rel=\"canonical\" href=\"https:\/\/techmasterdemexico.com\/producto\/pinza-amperimetrica-industrial-true-rms-acd-3300\/\" \/>\n<meta property=\"og:locale\" content=\"en_US\" \/>\n<meta property=\"og:type\" content=\"article\" \/>\n<meta property=\"og:title\" content=\"Pinza amperim\u00e9trica Industrial True RMS ACD-3300 - Techmaster de Mexico\" \/>\n<meta property=\"og:description\" content=\"Amprobe ACD-3300 IND CAT IV TRMS Pinza amperim\u00e9trica con temperatura Verdadero valor eficaz Mide corriente CA hasta 1000 CA A, voltaje hasta 750 V CA \/ 1000 V CC, frecuencia, resistencia y capacitancia y ciclo de trabajo Temperatura hasta 1832 \u00b0 F (1000 \u2103) Retenci\u00f3n de pico Continuidad audible Rango autom\u00e1tico y manual Apagado autom\u00e1tico [&hellip;]\" \/>\n<meta property=\"og:url\" content=\"https:\/\/techmasterdemexico.com\/producto\/pinza-amperimetrica-industrial-true-rms-acd-3300\/\" \/>\n<meta property=\"og:site_name\" content=\"Techmaster de Mexico\" \/>\n<meta property=\"article:modified_time\" content=\"2021-12-28T22:28:31+00:00\" \/>\n<meta property=\"og:image\" content=\"https:\/\/techmasterdemexico.com\/wp-content\/uploads\/2021\/08\/PD_ACD-3300IND-1.jpg\" \/>\n\t<meta property=\"og:image:width\" content=\"500\" \/>\n\t<meta property=\"og:image:height\" content=\"500\" \/>\n\t<meta property=\"og:image:type\" content=\"image\/jpeg\" \/>\n<meta name=\"twitter:card\" content=\"summary_large_image\" \/>\n<meta name=\"twitter:label1\" content=\"Est. reading time\" \/>\n\t<meta name=\"twitter:data1\" content=\"1 minute\" \/>\n<script type=\"application\/ld+json\" class=\"yoast-schema-graph\">{\"@context\":\"https:\\\/\\\/schema.org\",\"@graph\":[{\"@type\":\"WebPage\",\"@id\":\"https:\\\/\\\/techmasterdemexico.com\\\/producto\\\/pinza-amperimetrica-industrial-true-rms-acd-3300\\\/\",\"url\":\"https:\\\/\\\/techmasterdemexico.com\\\/producto\\\/pinza-amperimetrica-industrial-true-rms-acd-3300\\\/\",\"name\":\"Pinza amperim\u00e9trica Industrial True RMS ACD-3300 - Techmaster de Mexico\",\"isPartOf\":{\"@id\":\"https:\\\/\\\/techmasterdemexico.com\\\/#website\"},\"primaryImageOfPage\":{\"@id\":\"https:\\\/\\\/techmasterdemexico.com\\\/producto\\\/pinza-amperimetrica-industrial-true-rms-acd-3300\\\/#primaryimage\"},\"image\":{\"@id\":\"https:\\\/\\\/techmasterdemexico.com\\\/producto\\\/pinza-amperimetrica-industrial-true-rms-acd-3300\\\/#primaryimage\"},\"thumbnailUrl\":\"https:\\\/\\\/techmasterdemexico.com\\\/wp-content\\\/uploads\\\/2021\\\/08\\\/PD_ACD-3300IND-1.jpg\",\"datePublished\":\"2021-08-19T19:28:37+00:00\",\"dateModified\":\"2021-12-28T22:28:31+00:00\",\"breadcrumb\":{\"@id\":\"https:\\\/\\\/techmasterdemexico.com\\\/producto\\\/pinza-amperimetrica-industrial-true-rms-acd-3300\\\/#breadcrumb\"},\"inLanguage\":\"en-US\",\"potentialAction\":[{\"@type\":\"ReadAction\",\"target\":[\"https:\\\/\\\/techmasterdemexico.com\\\/producto\\\/pinza-amperimetrica-industrial-true-rms-acd-3300\\\/\"]}]},{\"@type\":\"ImageObject\",\"inLanguage\":\"en-US\",\"@id\":\"https:\\\/\\\/techmasterdemexico.com\\\/producto\\\/pinza-amperimetrica-industrial-true-rms-acd-3300\\\/#primaryimage\",\"url\":\"https:\\\/\\\/techmasterdemexico.com\\\/wp-content\\\/uploads\\\/2021\\\/08\\\/PD_ACD-3300IND-1.jpg\",\"contentUrl\":\"https:\\\/\\\/techmasterdemexico.com\\\/wp-content\\\/uploads\\\/2021\\\/08\\\/PD_ACD-3300IND-1.jpg\",\"width\":500,\"height\":500},{\"@type\":\"BreadcrumbList\",\"@id\":\"https:\\\/\\\/techmasterdemexico.com\\\/producto\\\/pinza-amperimetrica-industrial-true-rms-acd-3300\\\/#breadcrumb\",\"itemListElement\":[{\"@type\":\"ListItem\",\"position\":1,\"name\":\"Portada\",\"item\":\"https:\\\/\\\/techmasterdemexico.com\\\/\"},{\"@type\":\"ListItem\",\"position\":2,\"name\":\"Pinza amperim\u00e9trica Industrial True RMS ACD-3300\"}]},{\"@type\":\"WebSite\",\"@id\":\"https:\\\/\\\/techmasterdemexico.com\\\/#website\",\"url\":\"https:\\\/\\\/techmasterdemexico.com\\\/\",\"name\":\"Techmaster de Mexico\",\"description\":\"\",\"potentialAction\":[{\"@type\":\"SearchAction\",\"target\":{\"@type\":\"EntryPoint\",\"urlTemplate\":\"https:\\\/\\\/techmasterdemexico.com\\\/?s={search_term_string}\"},\"query-input\":{\"@type\":\"PropertyValueSpecification\",\"valueRequired\":true,\"valueName\":\"search_term_string\"}}],\"inLanguage\":\"en-US\"}]}<\/script>\n<!-- \/ Yoast SEO plugin. -->","yoast_head_json":{"title":"Pinza amperim\u00e9trica Industrial True RMS ACD-3300 - Techmaster de Mexico","robots":{"index":"index","follow":"follow","max-snippet":"max-snippet:-1","max-image-preview":"max-image-preview:large","max-video-preview":"max-video-preview:-1"},"canonical":"https:\/\/techmasterdemexico.com\/producto\/pinza-amperimetrica-industrial-true-rms-acd-3300\/","og_locale":"en_US","og_type":"article","og_title":"Pinza amperim\u00e9trica Industrial True RMS ACD-3300 - Techmaster de Mexico","og_description":"Amprobe ACD-3300 IND CAT IV TRMS Pinza amperim\u00e9trica con temperatura Verdadero valor eficaz Mide corriente CA hasta 1000 CA A, voltaje hasta 750 V CA \/ 1000 V CC, frecuencia, resistencia y capacitancia y ciclo de trabajo Temperatura hasta 1832 \u00b0 F (1000 \u2103) Retenci\u00f3n de pico Continuidad audible Rango autom\u00e1tico y manual Apagado autom\u00e1tico [&hellip;]","og_url":"https:\/\/techmasterdemexico.com\/producto\/pinza-amperimetrica-industrial-true-rms-acd-3300\/","og_site_name":"Techmaster de Mexico","article_modified_time":"2021-12-28T22:28:31+00:00","og_image":[{"width":500,"height":500,"url":"https:\/\/techmasterdemexico.com\/wp-content\/uploads\/2021\/08\/PD_ACD-3300IND-1.jpg","type":"image\/jpeg"}],"twitter_card":"summary_large_image","twitter_misc":{"Est. reading time":"1 minute"},"schema":{"@context":"https:\/\/schema.org","@graph":[{"@type":"WebPage","@id":"https:\/\/techmasterdemexico.com\/producto\/pinza-amperimetrica-industrial-true-rms-acd-3300\/","url":"https:\/\/techmasterdemexico.com\/producto\/pinza-amperimetrica-industrial-true-rms-acd-3300\/","name":"Pinza amperim\u00e9trica Industrial True RMS ACD-3300 - Techmaster de Mexico","isPartOf":{"@id":"https:\/\/techmasterdemexico.com\/#website"},"primaryImageOfPage":{"@id":"https:\/\/techmasterdemexico.com\/producto\/pinza-amperimetrica-industrial-true-rms-acd-3300\/#primaryimage"},"image":{"@id":"https:\/\/techmasterdemexico.com\/producto\/pinza-amperimetrica-industrial-true-rms-acd-3300\/#primaryimage"},"thumbnailUrl":"https:\/\/techmasterdemexico.com\/wp-content\/uploads\/2021\/08\/PD_ACD-3300IND-1.jpg","datePublished":"2021-08-19T19:28:37+00:00","dateModified":"2021-12-28T22:28:31+00:00","breadcrumb":{"@id":"https:\/\/techmasterdemexico.com\/producto\/pinza-amperimetrica-industrial-true-rms-acd-3300\/#breadcrumb"},"inLanguage":"en-US","potentialAction":[{"@type":"ReadAction","target":["https:\/\/techmasterdemexico.com\/producto\/pinza-amperimetrica-industrial-true-rms-acd-3300\/"]}]},{"@type":"ImageObject","inLanguage":"en-US","@id":"https:\/\/techmasterdemexico.com\/producto\/pinza-amperimetrica-industrial-true-rms-acd-3300\/#primaryimage","url":"https:\/\/techmasterdemexico.com\/wp-content\/uploads\/2021\/08\/PD_ACD-3300IND-1.jpg","contentUrl":"https:\/\/techmasterdemexico.com\/wp-content\/uploads\/2021\/08\/PD_ACD-3300IND-1.jpg","width":500,"height":500},{"@type":"BreadcrumbList","@id":"https:\/\/techmasterdemexico.com\/producto\/pinza-amperimetrica-industrial-true-rms-acd-3300\/#breadcrumb","itemListElement":[{"@type":"ListItem","position":1,"name":"Portada","item":"https:\/\/techmasterdemexico.com\/"},{"@type":"ListItem","position":2,"name":"Pinza amperim\u00e9trica Industrial True RMS ACD-3300"}]},{"@type":"WebSite","@id":"https:\/\/techmasterdemexico.com\/#website","url":"https:\/\/techmasterdemexico.com\/","name":"Techmaster de Mexico","description":"","potentialAction":[{"@type":"SearchAction","target":{"@type":"EntryPoint","urlTemplate":"https:\/\/techmasterdemexico.com\/?s={search_term_string}"},"query-input":{"@type":"PropertyValueSpecification","valueRequired":true,"valueName":"search_term_string"}}],"inLanguage":"en-US"}]}},"brands":[{"id":104,"name":"Amprobe","slug":"amprobe"}],"_links":{"self":[{"href":"https:\/\/techmasterdemexico.com\/en\/wp-json\/wp\/v2\/product\/8296","targetHints":{"allow":["GET"]}}],"collection":[{"href":"https:\/\/techmasterdemexico.com\/en\/wp-json\/wp\/v2\/product"}],"about":[{"href":"https:\/\/techmasterdemexico.com\/en\/wp-json\/wp\/v2\/types\/product"}],"wp:featuredmedia":[{"embeddable":true,"href":"https:\/\/techmasterdemexico.com\/en\/wp-json\/wp\/v2\/media\/8472"}],"wp:attachment":[{"href":"https:\/\/techmasterdemexico.com\/en\/wp-json\/wp\/v2\/media?parent=8296"}],"wp:term":[{"taxonomy":"pwb-brand","embeddable":true,"href":"https:\/\/techmasterdemexico.com\/en\/wp-json\/wp\/v2\/pwb-brand?post=8296"},{"taxonomy":"product_brand","embeddable":true,"href":"https:\/\/techmasterdemexico.com\/en\/wp-json\/wp\/v2\/product_brand?post=8296"},{"taxonomy":"product_cat","embeddable":true,"href":"https:\/\/techmasterdemexico.com\/en\/wp-json\/wp\/v2\/product_cat?post=8296"},{"taxonomy":"product_tag","embeddable":true,"href":"https:\/\/techmasterdemexico.com\/en\/wp-json\/wp\/v2\/product_tag?post=8296"}],"curies":[{"name":"wp","href":"https:\/\/api.w.org\/{rel}","templated":true}]}}