{"id":8295,"date":"2021-08-19T19:28:37","date_gmt":"2021-08-19T19:28:37","guid":{"rendered":"http:\/\/techmastermx.ddns.net\/producto\/pinza-amperimetrica-acd-51nav-cat-iv-600-a-trms-navigator\/"},"modified":"2021-12-28T22:28:30","modified_gmt":"2021-12-28T22:28:30","slug":"pinza-amperimetrica-acd-51nav-cat-iv-600-a-trms-navigator","status":"publish","type":"product","link":"https:\/\/techmasterdemexico.com\/en\/producto\/pinza-amperimetrica-acd-51nav-cat-iv-600-a-trms-navigator\/","title":{"rendered":"Pinza amperim\u00e9trica ACD-51NAV CAT IV 600 A TRMS Navigator"},"content":{"rendered":"<p>Amprobe ACD-51NAV CAT IV 600 A TRMS Navigator Pinza amperim\u00e9trica<\/p>\n<ul>\n<li>La tecnolog\u00eda de verdadero valor eficaz mejora la precisi\u00f3n en entornos ruidosos<\/li>\n<li>Mide voltaje CA \/ CC hasta 1000 V, corriente CA hasta 600 A, m\u00e1s resistencia, frecuencia, capacitancia, factor de potencia, distorsi\u00f3n arm\u00f3nica total (THD) y arm\u00f3nicos individuales de 1 a 25<\/li>\n<li>Mide la temperatura de -58 \u00b0 F a 1832 \u00b0 F (-50 \u00b0 C a 1000 \u00b0 C)<\/li>\n<li>Proporciona mediciones de microamperios de CC para probar sensores de llama<\/li>\n<li>Incluye medici\u00f3n de corriente de entrada e indicaci\u00f3n de rotaci\u00f3n de fase para motores trif\u00e1sicos<\/li>\n<li>La detecci\u00f3n de voltaje sin contacto mejora la seguridad<\/li>\n<li>El filtro de paso bajo permite medir voltaje y frecuencia en unidades de frecuencia variable<\/li>\n<li>El zumbador de continuidad identifica r\u00e1pidamente los cortocircuitos y se abre<\/li>\n<li>La gran pantalla digital retroiluminada con gr\u00e1fico de barras anal\u00f3gicas presenta la imagen completa<\/li>\n<li>Retenci\u00f3n de datos m\u00ednima, m\u00e1xima e inteligente<\/li>\n<li>La retenci\u00f3n de picos identifica picos y transitorios<\/li>\n<li>La linterna en la mand\u00edbula se enciende autom\u00e1ticamente cuando las mand\u00edbulas se abren para iluminar los paneles oscuros y las cajas de conexiones.<\/li>\n<li>El apagado autom\u00e1tico conserva la vida \u00fatil de la bater\u00eda<\/li>\n<li>La apertura m\u00e1xima de la mand\u00edbula admite conductores grandes de hasta 1,45 \u2033 (37 mm)<\/li>\n<li>El cuerpo de caucho sobremoldeado absorbe los golpes, a prueba de ca\u00eddas hasta 4 pies (1,2 m)<\/li>\n<li>Clasificaci\u00f3n CAT IV<\/li>\n<\/ul>\n<p>Este vers\u00e1til medidor de potencia con pinza ofrece una gama completa de diagn\u00f3sticos, incluidos los que m\u00e1s necesitan los t\u00e9cnicos de HVAC: voltios, amperios, resistencia, capacitancia, microamperios de CC, corriente de entrada y temperatura.<\/p>\n<p>Una excelente opci\u00f3n de mult\u00edmetro de pinza para solucionar problemas o mantener el aire acondicionado o la eficiencia del motor, medir la rotaci\u00f3n de fase e identificar arm\u00f3nicos. El c\u00f3modo joystick permite una r\u00e1pida selecci\u00f3n de funciones con una sola mano.<\/p>\n","protected":false},"excerpt":{"rendered":"<p>Amprobe ACD-51NAV CAT IV 600 A TRMS Navigator Pinza amperim\u00e9trica La tecnolog\u00eda de verdadero valor eficaz mejora la precisi\u00f3n en entornos ruidosos Mide voltaje CA \/ CC hasta 1000 V, corriente CA hasta 600 A, m\u00e1s resistencia, frecuencia, capacitancia, factor de potencia, distorsi\u00f3n arm\u00f3nica total (THD) y arm\u00f3nicos individuales de 1 a 25 Mide la [&hellip;]<\/p>\n","protected":false},"featured_media":8463,"template":"","meta":{"_acf_changed":false},"pwb-brand":[104],"product_brand":[],"product_cat":[366,101,108,162],"product_tag":[],"class_list":{"0":"post-8295","1":"product","2":"type-product","3":"status-publish","4":"has-post-thumbnail","6":"pwb-brand-amprobe","7":"product_cat-todos-los-productos","8":"product_cat-amprobe","9":"product_cat-pinzas-amperimetricas-amprobe","10":"product_cat-pinzas-amperimetricas-industriales","12":"first","13":"instock","14":"taxable","15":"shipping-taxable","16":"product-type-simple"},"acf":[],"yoast_head":"<!-- This site is optimized with the Yoast SEO plugin v27.4 - https:\/\/yoast.com\/product\/yoast-seo-wordpress\/ -->\n<title>Pinza amperim\u00e9trica ACD-51NAV CAT IV 600 A TRMS Navigator - Techmaster de Mexico<\/title>\n<meta name=\"robots\" content=\"index, follow, max-snippet:-1, max-image-preview:large, max-video-preview:-1\" \/>\n<link rel=\"canonical\" href=\"https:\/\/techmasterdemexico.com\/producto\/pinza-amperimetrica-acd-51nav-cat-iv-600-a-trms-navigator\/\" \/>\n<meta property=\"og:locale\" content=\"en_US\" \/>\n<meta property=\"og:type\" content=\"article\" \/>\n<meta property=\"og:title\" content=\"Pinza amperim\u00e9trica ACD-51NAV CAT IV 600 A TRMS Navigator - Techmaster de Mexico\" \/>\n<meta property=\"og:description\" content=\"Amprobe ACD-51NAV CAT IV 600 A TRMS Navigator Pinza amperim\u00e9trica La tecnolog\u00eda de verdadero valor eficaz mejora la precisi\u00f3n en entornos ruidosos Mide voltaje CA \/ CC hasta 1000 V, corriente CA hasta 600 A, m\u00e1s resistencia, frecuencia, capacitancia, factor de potencia, distorsi\u00f3n arm\u00f3nica total (THD) y arm\u00f3nicos individuales de 1 a 25 Mide la [&hellip;]\" \/>\n<meta property=\"og:url\" content=\"https:\/\/techmasterdemexico.com\/producto\/pinza-amperimetrica-acd-51nav-cat-iv-600-a-trms-navigator\/\" \/>\n<meta property=\"og:site_name\" content=\"Techmaster de Mexico\" \/>\n<meta property=\"article:modified_time\" content=\"2021-12-28T22:28:30+00:00\" \/>\n<meta property=\"og:image\" content=\"https:\/\/techmasterdemexico.com\/wp-content\/uploads\/2021\/08\/PD_ACD-51NAV-1.jpg\" \/>\n\t<meta property=\"og:image:width\" content=\"500\" \/>\n\t<meta property=\"og:image:height\" content=\"500\" \/>\n\t<meta property=\"og:image:type\" content=\"image\/jpeg\" \/>\n<meta name=\"twitter:card\" content=\"summary_large_image\" \/>\n<meta name=\"twitter:label1\" content=\"Est. reading time\" \/>\n\t<meta name=\"twitter:data1\" content=\"2 minutes\" \/>\n<script type=\"application\/ld+json\" class=\"yoast-schema-graph\">{\"@context\":\"https:\\\/\\\/schema.org\",\"@graph\":[{\"@type\":\"WebPage\",\"@id\":\"https:\\\/\\\/techmasterdemexico.com\\\/producto\\\/pinza-amperimetrica-acd-51nav-cat-iv-600-a-trms-navigator\\\/\",\"url\":\"https:\\\/\\\/techmasterdemexico.com\\\/producto\\\/pinza-amperimetrica-acd-51nav-cat-iv-600-a-trms-navigator\\\/\",\"name\":\"Pinza amperim\u00e9trica ACD-51NAV CAT IV 600 A TRMS Navigator - Techmaster de Mexico\",\"isPartOf\":{\"@id\":\"https:\\\/\\\/techmasterdemexico.com\\\/#website\"},\"primaryImageOfPage\":{\"@id\":\"https:\\\/\\\/techmasterdemexico.com\\\/producto\\\/pinza-amperimetrica-acd-51nav-cat-iv-600-a-trms-navigator\\\/#primaryimage\"},\"image\":{\"@id\":\"https:\\\/\\\/techmasterdemexico.com\\\/producto\\\/pinza-amperimetrica-acd-51nav-cat-iv-600-a-trms-navigator\\\/#primaryimage\"},\"thumbnailUrl\":\"https:\\\/\\\/techmasterdemexico.com\\\/wp-content\\\/uploads\\\/2021\\\/08\\\/PD_ACD-51NAV-1.jpg\",\"datePublished\":\"2021-08-19T19:28:37+00:00\",\"dateModified\":\"2021-12-28T22:28:30+00:00\",\"breadcrumb\":{\"@id\":\"https:\\\/\\\/techmasterdemexico.com\\\/producto\\\/pinza-amperimetrica-acd-51nav-cat-iv-600-a-trms-navigator\\\/#breadcrumb\"},\"inLanguage\":\"en-US\",\"potentialAction\":[{\"@type\":\"ReadAction\",\"target\":[\"https:\\\/\\\/techmasterdemexico.com\\\/producto\\\/pinza-amperimetrica-acd-51nav-cat-iv-600-a-trms-navigator\\\/\"]}]},{\"@type\":\"ImageObject\",\"inLanguage\":\"en-US\",\"@id\":\"https:\\\/\\\/techmasterdemexico.com\\\/producto\\\/pinza-amperimetrica-acd-51nav-cat-iv-600-a-trms-navigator\\\/#primaryimage\",\"url\":\"https:\\\/\\\/techmasterdemexico.com\\\/wp-content\\\/uploads\\\/2021\\\/08\\\/PD_ACD-51NAV-1.jpg\",\"contentUrl\":\"https:\\\/\\\/techmasterdemexico.com\\\/wp-content\\\/uploads\\\/2021\\\/08\\\/PD_ACD-51NAV-1.jpg\",\"width\":500,\"height\":500},{\"@type\":\"BreadcrumbList\",\"@id\":\"https:\\\/\\\/techmasterdemexico.com\\\/producto\\\/pinza-amperimetrica-acd-51nav-cat-iv-600-a-trms-navigator\\\/#breadcrumb\",\"itemListElement\":[{\"@type\":\"ListItem\",\"position\":1,\"name\":\"Portada\",\"item\":\"https:\\\/\\\/techmasterdemexico.com\\\/\"},{\"@type\":\"ListItem\",\"position\":2,\"name\":\"Pinza amperim\u00e9trica ACD-51NAV CAT IV 600 A TRMS Navigator\"}]},{\"@type\":\"WebSite\",\"@id\":\"https:\\\/\\\/techmasterdemexico.com\\\/#website\",\"url\":\"https:\\\/\\\/techmasterdemexico.com\\\/\",\"name\":\"Techmaster de Mexico\",\"description\":\"\",\"potentialAction\":[{\"@type\":\"SearchAction\",\"target\":{\"@type\":\"EntryPoint\",\"urlTemplate\":\"https:\\\/\\\/techmasterdemexico.com\\\/?s={search_term_string}\"},\"query-input\":{\"@type\":\"PropertyValueSpecification\",\"valueRequired\":true,\"valueName\":\"search_term_string\"}}],\"inLanguage\":\"en-US\"}]}<\/script>\n<!-- \/ Yoast SEO plugin. -->","yoast_head_json":{"title":"Pinza amperim\u00e9trica ACD-51NAV CAT IV 600 A TRMS Navigator - Techmaster de Mexico","robots":{"index":"index","follow":"follow","max-snippet":"max-snippet:-1","max-image-preview":"max-image-preview:large","max-video-preview":"max-video-preview:-1"},"canonical":"https:\/\/techmasterdemexico.com\/producto\/pinza-amperimetrica-acd-51nav-cat-iv-600-a-trms-navigator\/","og_locale":"en_US","og_type":"article","og_title":"Pinza amperim\u00e9trica ACD-51NAV CAT IV 600 A TRMS Navigator - Techmaster de Mexico","og_description":"Amprobe ACD-51NAV CAT IV 600 A TRMS Navigator Pinza amperim\u00e9trica La tecnolog\u00eda de verdadero valor eficaz mejora la precisi\u00f3n en entornos ruidosos Mide voltaje CA \/ CC hasta 1000 V, corriente CA hasta 600 A, m\u00e1s resistencia, frecuencia, capacitancia, factor de potencia, distorsi\u00f3n arm\u00f3nica total (THD) y arm\u00f3nicos individuales de 1 a 25 Mide la [&hellip;]","og_url":"https:\/\/techmasterdemexico.com\/producto\/pinza-amperimetrica-acd-51nav-cat-iv-600-a-trms-navigator\/","og_site_name":"Techmaster de Mexico","article_modified_time":"2021-12-28T22:28:30+00:00","og_image":[{"width":500,"height":500,"url":"https:\/\/techmasterdemexico.com\/wp-content\/uploads\/2021\/08\/PD_ACD-51NAV-1.jpg","type":"image\/jpeg"}],"twitter_card":"summary_large_image","twitter_misc":{"Est. reading time":"2 minutes"},"schema":{"@context":"https:\/\/schema.org","@graph":[{"@type":"WebPage","@id":"https:\/\/techmasterdemexico.com\/producto\/pinza-amperimetrica-acd-51nav-cat-iv-600-a-trms-navigator\/","url":"https:\/\/techmasterdemexico.com\/producto\/pinza-amperimetrica-acd-51nav-cat-iv-600-a-trms-navigator\/","name":"Pinza amperim\u00e9trica ACD-51NAV CAT IV 600 A TRMS Navigator - Techmaster de Mexico","isPartOf":{"@id":"https:\/\/techmasterdemexico.com\/#website"},"primaryImageOfPage":{"@id":"https:\/\/techmasterdemexico.com\/producto\/pinza-amperimetrica-acd-51nav-cat-iv-600-a-trms-navigator\/#primaryimage"},"image":{"@id":"https:\/\/techmasterdemexico.com\/producto\/pinza-amperimetrica-acd-51nav-cat-iv-600-a-trms-navigator\/#primaryimage"},"thumbnailUrl":"https:\/\/techmasterdemexico.com\/wp-content\/uploads\/2021\/08\/PD_ACD-51NAV-1.jpg","datePublished":"2021-08-19T19:28:37+00:00","dateModified":"2021-12-28T22:28:30+00:00","breadcrumb":{"@id":"https:\/\/techmasterdemexico.com\/producto\/pinza-amperimetrica-acd-51nav-cat-iv-600-a-trms-navigator\/#breadcrumb"},"inLanguage":"en-US","potentialAction":[{"@type":"ReadAction","target":["https:\/\/techmasterdemexico.com\/producto\/pinza-amperimetrica-acd-51nav-cat-iv-600-a-trms-navigator\/"]}]},{"@type":"ImageObject","inLanguage":"en-US","@id":"https:\/\/techmasterdemexico.com\/producto\/pinza-amperimetrica-acd-51nav-cat-iv-600-a-trms-navigator\/#primaryimage","url":"https:\/\/techmasterdemexico.com\/wp-content\/uploads\/2021\/08\/PD_ACD-51NAV-1.jpg","contentUrl":"https:\/\/techmasterdemexico.com\/wp-content\/uploads\/2021\/08\/PD_ACD-51NAV-1.jpg","width":500,"height":500},{"@type":"BreadcrumbList","@id":"https:\/\/techmasterdemexico.com\/producto\/pinza-amperimetrica-acd-51nav-cat-iv-600-a-trms-navigator\/#breadcrumb","itemListElement":[{"@type":"ListItem","position":1,"name":"Portada","item":"https:\/\/techmasterdemexico.com\/"},{"@type":"ListItem","position":2,"name":"Pinza amperim\u00e9trica ACD-51NAV CAT IV 600 A TRMS Navigator"}]},{"@type":"WebSite","@id":"https:\/\/techmasterdemexico.com\/#website","url":"https:\/\/techmasterdemexico.com\/","name":"Techmaster de Mexico","description":"","potentialAction":[{"@type":"SearchAction","target":{"@type":"EntryPoint","urlTemplate":"https:\/\/techmasterdemexico.com\/?s={search_term_string}"},"query-input":{"@type":"PropertyValueSpecification","valueRequired":true,"valueName":"search_term_string"}}],"inLanguage":"en-US"}]}},"brands":[{"id":104,"name":"Amprobe","slug":"amprobe"}],"_links":{"self":[{"href":"https:\/\/techmasterdemexico.com\/en\/wp-json\/wp\/v2\/product\/8295","targetHints":{"allow":["GET"]}}],"collection":[{"href":"https:\/\/techmasterdemexico.com\/en\/wp-json\/wp\/v2\/product"}],"about":[{"href":"https:\/\/techmasterdemexico.com\/en\/wp-json\/wp\/v2\/types\/product"}],"wp:featuredmedia":[{"embeddable":true,"href":"https:\/\/techmasterdemexico.com\/en\/wp-json\/wp\/v2\/media\/8463"}],"wp:attachment":[{"href":"https:\/\/techmasterdemexico.com\/en\/wp-json\/wp\/v2\/media?parent=8295"}],"wp:term":[{"taxonomy":"pwb-brand","embeddable":true,"href":"https:\/\/techmasterdemexico.com\/en\/wp-json\/wp\/v2\/pwb-brand?post=8295"},{"taxonomy":"product_brand","embeddable":true,"href":"https:\/\/techmasterdemexico.com\/en\/wp-json\/wp\/v2\/product_brand?post=8295"},{"taxonomy":"product_cat","embeddable":true,"href":"https:\/\/techmasterdemexico.com\/en\/wp-json\/wp\/v2\/product_cat?post=8295"},{"taxonomy":"product_tag","embeddable":true,"href":"https:\/\/techmasterdemexico.com\/en\/wp-json\/wp\/v2\/product_tag?post=8295"}],"curies":[{"name":"wp","href":"https:\/\/api.w.org\/{rel}","templated":true}]}}