{"id":8293,"date":"2021-08-19T19:28:36","date_gmt":"2021-08-19T19:28:36","guid":{"rendered":"http:\/\/techmastermx.ddns.net\/producto\/pinza-amperimetrica-de-calidad-electrica-con-temperatura-acd-41pq-1000a\/"},"modified":"2021-12-28T22:28:31","modified_gmt":"2021-12-28T22:28:31","slug":"pinza-amperimetrica-de-calidad-electrica-con-temperatura-acd-41pq-1000a","status":"publish","type":"product","link":"https:\/\/techmasterdemexico.com\/en\/producto\/pinza-amperimetrica-de-calidad-electrica-con-temperatura-acd-41pq-1000a\/","title":{"rendered":"Pinza amperim\u00e9trica de calidad el\u00e9ctrica con temperatura ACD-41PQ 1000A"},"content":{"rendered":"<p>Amprobe ACD-41PQ 1000A Pinza amperim\u00e9trica de calidad el\u00e9ctrica con temperatura<\/p>\n<ul>\n<li>La detecci\u00f3n de verdadero valor eficaz mide la potencia activa (W), reactiva (VAR) y aparente (VA) con lectura de factor de potencia de pantalla doble<\/li>\n<li>Distorsi\u00f3n arm\u00f3nica total (THD), voltaje CA \/ CC hasta 600 V, corriente CA hasta 1000 A, resistencia, frecuencia, temperatura<\/li>\n<li>Retenci\u00f3n de pico<\/li>\n<li>Capacidad de interfaz de PC opcional (RS-232 KIT2)<\/li>\n<li>Continuidad audible<\/li>\n<li>Apagado autom\u00e1tico<\/li>\n<li>Polaridad autom\u00e1tica<\/li>\n<li>Indicaci\u00f3n de bater\u00eda baja<\/li>\n<li>Retenci\u00f3n de datos<\/li>\n<li>Pantalla LCD grande y f\u00e1cil de leer con retroiluminaci\u00f3n<\/li>\n<li>Acomoda conductores de hasta 1,77 \u2033 (45 mm) de di\u00e1metro<\/li>\n<li>Protecci\u00f3n contra sobrecarga de tensi\u00f3n para todas las funciones hasta 600 V CA \/ CC<\/li>\n<\/ul>\n<p>El Amprobe ACD-41PQ proporciona una forma sencilla y eficaz de verificar si el sistema el\u00e9ctrico se ve afectado por arm\u00f3nicos. Agregue capacidades de resoluci\u00f3n de problemas con la funci\u00f3n de registro de datos ACD-40PQ u obtenga un an\u00e1lisis de energ\u00eda completo con el ACD-41PQ. Aumente la eficiencia de la medici\u00f3n con un kit de interfaz para PC opcional.<\/p>\n<p>THD-F se define como: (RMS arm\u00f3nico total \/ RMS fundamental) x 100%<\/p>\n","protected":false},"excerpt":{"rendered":"<p>Amprobe ACD-41PQ 1000A Pinza amperim\u00e9trica de calidad el\u00e9ctrica con temperatura La detecci\u00f3n de verdadero valor eficaz mide la potencia activa (W), reactiva (VAR) y aparente (VA) con lectura de factor de potencia de pantalla doble Distorsi\u00f3n arm\u00f3nica total (THD), voltaje CA \/ CC hasta 600 V, corriente CA hasta 1000 A, resistencia, frecuencia, temperatura Retenci\u00f3n [&hellip;]<\/p>\n","protected":false},"featured_media":8479,"template":"","meta":{"_acf_changed":false},"pwb-brand":[104],"product_brand":[],"product_cat":[366,101,108,162],"product_tag":[],"class_list":{"0":"post-8293","1":"product","2":"type-product","3":"status-publish","4":"has-post-thumbnail","6":"pwb-brand-amprobe","7":"product_cat-todos-los-productos","8":"product_cat-amprobe","9":"product_cat-pinzas-amperimetricas-amprobe","10":"product_cat-pinzas-amperimetricas-industriales","12":"first","13":"instock","14":"taxable","15":"shipping-taxable","16":"product-type-simple"},"acf":[],"yoast_head":"<!-- This site is optimized with the Yoast SEO plugin v27.4 - https:\/\/yoast.com\/product\/yoast-seo-wordpress\/ -->\n<title>Pinza amperim\u00e9trica de calidad el\u00e9ctrica con temperatura ACD-41PQ 1000A - Techmaster de Mexico<\/title>\n<meta name=\"robots\" content=\"index, follow, max-snippet:-1, max-image-preview:large, max-video-preview:-1\" \/>\n<link rel=\"canonical\" href=\"https:\/\/techmasterdemexico.com\/producto\/pinza-amperimetrica-de-calidad-electrica-con-temperatura-acd-41pq-1000a\/\" \/>\n<meta property=\"og:locale\" content=\"en_US\" \/>\n<meta property=\"og:type\" content=\"article\" \/>\n<meta property=\"og:title\" content=\"Pinza amperim\u00e9trica de calidad el\u00e9ctrica con temperatura ACD-41PQ 1000A - Techmaster de Mexico\" \/>\n<meta property=\"og:description\" content=\"Amprobe ACD-41PQ 1000A Pinza amperim\u00e9trica de calidad el\u00e9ctrica con temperatura La detecci\u00f3n de verdadero valor eficaz mide la potencia activa (W), reactiva (VAR) y aparente (VA) con lectura de factor de potencia de pantalla doble Distorsi\u00f3n arm\u00f3nica total (THD), voltaje CA \/ CC hasta 600 V, corriente CA hasta 1000 A, resistencia, frecuencia, temperatura Retenci\u00f3n [&hellip;]\" \/>\n<meta property=\"og:url\" content=\"https:\/\/techmasterdemexico.com\/producto\/pinza-amperimetrica-de-calidad-electrica-con-temperatura-acd-41pq-1000a\/\" \/>\n<meta property=\"og:site_name\" content=\"Techmaster de Mexico\" \/>\n<meta property=\"article:modified_time\" content=\"2021-12-28T22:28:31+00:00\" \/>\n<meta property=\"og:image\" content=\"https:\/\/techmasterdemexico.com\/wp-content\/uploads\/2021\/08\/PD_ACD-41PQ-1.jpg\" \/>\n\t<meta property=\"og:image:width\" content=\"500\" \/>\n\t<meta property=\"og:image:height\" content=\"500\" \/>\n\t<meta property=\"og:image:type\" content=\"image\/jpeg\" \/>\n<meta name=\"twitter:card\" content=\"summary_large_image\" \/>\n<meta name=\"twitter:label1\" content=\"Est. reading time\" \/>\n\t<meta name=\"twitter:data1\" content=\"1 minute\" \/>\n<script type=\"application\/ld+json\" class=\"yoast-schema-graph\">{\"@context\":\"https:\\\/\\\/schema.org\",\"@graph\":[{\"@type\":\"WebPage\",\"@id\":\"https:\\\/\\\/techmasterdemexico.com\\\/producto\\\/pinza-amperimetrica-de-calidad-electrica-con-temperatura-acd-41pq-1000a\\\/\",\"url\":\"https:\\\/\\\/techmasterdemexico.com\\\/producto\\\/pinza-amperimetrica-de-calidad-electrica-con-temperatura-acd-41pq-1000a\\\/\",\"name\":\"Pinza amperim\u00e9trica de calidad el\u00e9ctrica con temperatura ACD-41PQ 1000A - Techmaster de Mexico\",\"isPartOf\":{\"@id\":\"https:\\\/\\\/techmasterdemexico.com\\\/#website\"},\"primaryImageOfPage\":{\"@id\":\"https:\\\/\\\/techmasterdemexico.com\\\/producto\\\/pinza-amperimetrica-de-calidad-electrica-con-temperatura-acd-41pq-1000a\\\/#primaryimage\"},\"image\":{\"@id\":\"https:\\\/\\\/techmasterdemexico.com\\\/producto\\\/pinza-amperimetrica-de-calidad-electrica-con-temperatura-acd-41pq-1000a\\\/#primaryimage\"},\"thumbnailUrl\":\"https:\\\/\\\/techmasterdemexico.com\\\/wp-content\\\/uploads\\\/2021\\\/08\\\/PD_ACD-41PQ-1.jpg\",\"datePublished\":\"2021-08-19T19:28:36+00:00\",\"dateModified\":\"2021-12-28T22:28:31+00:00\",\"breadcrumb\":{\"@id\":\"https:\\\/\\\/techmasterdemexico.com\\\/producto\\\/pinza-amperimetrica-de-calidad-electrica-con-temperatura-acd-41pq-1000a\\\/#breadcrumb\"},\"inLanguage\":\"en-US\",\"potentialAction\":[{\"@type\":\"ReadAction\",\"target\":[\"https:\\\/\\\/techmasterdemexico.com\\\/producto\\\/pinza-amperimetrica-de-calidad-electrica-con-temperatura-acd-41pq-1000a\\\/\"]}]},{\"@type\":\"ImageObject\",\"inLanguage\":\"en-US\",\"@id\":\"https:\\\/\\\/techmasterdemexico.com\\\/producto\\\/pinza-amperimetrica-de-calidad-electrica-con-temperatura-acd-41pq-1000a\\\/#primaryimage\",\"url\":\"https:\\\/\\\/techmasterdemexico.com\\\/wp-content\\\/uploads\\\/2021\\\/08\\\/PD_ACD-41PQ-1.jpg\",\"contentUrl\":\"https:\\\/\\\/techmasterdemexico.com\\\/wp-content\\\/uploads\\\/2021\\\/08\\\/PD_ACD-41PQ-1.jpg\",\"width\":500,\"height\":500},{\"@type\":\"BreadcrumbList\",\"@id\":\"https:\\\/\\\/techmasterdemexico.com\\\/producto\\\/pinza-amperimetrica-de-calidad-electrica-con-temperatura-acd-41pq-1000a\\\/#breadcrumb\",\"itemListElement\":[{\"@type\":\"ListItem\",\"position\":1,\"name\":\"Portada\",\"item\":\"https:\\\/\\\/techmasterdemexico.com\\\/\"},{\"@type\":\"ListItem\",\"position\":2,\"name\":\"Pinza amperim\u00e9trica de calidad el\u00e9ctrica con temperatura ACD-41PQ 1000A\"}]},{\"@type\":\"WebSite\",\"@id\":\"https:\\\/\\\/techmasterdemexico.com\\\/#website\",\"url\":\"https:\\\/\\\/techmasterdemexico.com\\\/\",\"name\":\"Techmaster de Mexico\",\"description\":\"\",\"potentialAction\":[{\"@type\":\"SearchAction\",\"target\":{\"@type\":\"EntryPoint\",\"urlTemplate\":\"https:\\\/\\\/techmasterdemexico.com\\\/?s={search_term_string}\"},\"query-input\":{\"@type\":\"PropertyValueSpecification\",\"valueRequired\":true,\"valueName\":\"search_term_string\"}}],\"inLanguage\":\"en-US\"}]}<\/script>\n<!-- \/ Yoast SEO plugin. -->","yoast_head_json":{"title":"Pinza amperim\u00e9trica de calidad el\u00e9ctrica con temperatura ACD-41PQ 1000A - Techmaster de Mexico","robots":{"index":"index","follow":"follow","max-snippet":"max-snippet:-1","max-image-preview":"max-image-preview:large","max-video-preview":"max-video-preview:-1"},"canonical":"https:\/\/techmasterdemexico.com\/producto\/pinza-amperimetrica-de-calidad-electrica-con-temperatura-acd-41pq-1000a\/","og_locale":"en_US","og_type":"article","og_title":"Pinza amperim\u00e9trica de calidad el\u00e9ctrica con temperatura ACD-41PQ 1000A - Techmaster de Mexico","og_description":"Amprobe ACD-41PQ 1000A Pinza amperim\u00e9trica de calidad el\u00e9ctrica con temperatura La detecci\u00f3n de verdadero valor eficaz mide la potencia activa (W), reactiva (VAR) y aparente (VA) con lectura de factor de potencia de pantalla doble Distorsi\u00f3n arm\u00f3nica total (THD), voltaje CA \/ CC hasta 600 V, corriente CA hasta 1000 A, resistencia, frecuencia, temperatura Retenci\u00f3n [&hellip;]","og_url":"https:\/\/techmasterdemexico.com\/producto\/pinza-amperimetrica-de-calidad-electrica-con-temperatura-acd-41pq-1000a\/","og_site_name":"Techmaster de Mexico","article_modified_time":"2021-12-28T22:28:31+00:00","og_image":[{"width":500,"height":500,"url":"https:\/\/techmasterdemexico.com\/wp-content\/uploads\/2021\/08\/PD_ACD-41PQ-1.jpg","type":"image\/jpeg"}],"twitter_card":"summary_large_image","twitter_misc":{"Est. reading time":"1 minute"},"schema":{"@context":"https:\/\/schema.org","@graph":[{"@type":"WebPage","@id":"https:\/\/techmasterdemexico.com\/producto\/pinza-amperimetrica-de-calidad-electrica-con-temperatura-acd-41pq-1000a\/","url":"https:\/\/techmasterdemexico.com\/producto\/pinza-amperimetrica-de-calidad-electrica-con-temperatura-acd-41pq-1000a\/","name":"Pinza amperim\u00e9trica de calidad el\u00e9ctrica con temperatura ACD-41PQ 1000A - Techmaster de Mexico","isPartOf":{"@id":"https:\/\/techmasterdemexico.com\/#website"},"primaryImageOfPage":{"@id":"https:\/\/techmasterdemexico.com\/producto\/pinza-amperimetrica-de-calidad-electrica-con-temperatura-acd-41pq-1000a\/#primaryimage"},"image":{"@id":"https:\/\/techmasterdemexico.com\/producto\/pinza-amperimetrica-de-calidad-electrica-con-temperatura-acd-41pq-1000a\/#primaryimage"},"thumbnailUrl":"https:\/\/techmasterdemexico.com\/wp-content\/uploads\/2021\/08\/PD_ACD-41PQ-1.jpg","datePublished":"2021-08-19T19:28:36+00:00","dateModified":"2021-12-28T22:28:31+00:00","breadcrumb":{"@id":"https:\/\/techmasterdemexico.com\/producto\/pinza-amperimetrica-de-calidad-electrica-con-temperatura-acd-41pq-1000a\/#breadcrumb"},"inLanguage":"en-US","potentialAction":[{"@type":"ReadAction","target":["https:\/\/techmasterdemexico.com\/producto\/pinza-amperimetrica-de-calidad-electrica-con-temperatura-acd-41pq-1000a\/"]}]},{"@type":"ImageObject","inLanguage":"en-US","@id":"https:\/\/techmasterdemexico.com\/producto\/pinza-amperimetrica-de-calidad-electrica-con-temperatura-acd-41pq-1000a\/#primaryimage","url":"https:\/\/techmasterdemexico.com\/wp-content\/uploads\/2021\/08\/PD_ACD-41PQ-1.jpg","contentUrl":"https:\/\/techmasterdemexico.com\/wp-content\/uploads\/2021\/08\/PD_ACD-41PQ-1.jpg","width":500,"height":500},{"@type":"BreadcrumbList","@id":"https:\/\/techmasterdemexico.com\/producto\/pinza-amperimetrica-de-calidad-electrica-con-temperatura-acd-41pq-1000a\/#breadcrumb","itemListElement":[{"@type":"ListItem","position":1,"name":"Portada","item":"https:\/\/techmasterdemexico.com\/"},{"@type":"ListItem","position":2,"name":"Pinza amperim\u00e9trica de calidad el\u00e9ctrica con temperatura ACD-41PQ 1000A"}]},{"@type":"WebSite","@id":"https:\/\/techmasterdemexico.com\/#website","url":"https:\/\/techmasterdemexico.com\/","name":"Techmaster de Mexico","description":"","potentialAction":[{"@type":"SearchAction","target":{"@type":"EntryPoint","urlTemplate":"https:\/\/techmasterdemexico.com\/?s={search_term_string}"},"query-input":{"@type":"PropertyValueSpecification","valueRequired":true,"valueName":"search_term_string"}}],"inLanguage":"en-US"}]}},"brands":[{"id":104,"name":"Amprobe","slug":"amprobe"}],"_links":{"self":[{"href":"https:\/\/techmasterdemexico.com\/en\/wp-json\/wp\/v2\/product\/8293","targetHints":{"allow":["GET"]}}],"collection":[{"href":"https:\/\/techmasterdemexico.com\/en\/wp-json\/wp\/v2\/product"}],"about":[{"href":"https:\/\/techmasterdemexico.com\/en\/wp-json\/wp\/v2\/types\/product"}],"wp:featuredmedia":[{"embeddable":true,"href":"https:\/\/techmasterdemexico.com\/en\/wp-json\/wp\/v2\/media\/8479"}],"wp:attachment":[{"href":"https:\/\/techmasterdemexico.com\/en\/wp-json\/wp\/v2\/media?parent=8293"}],"wp:term":[{"taxonomy":"pwb-brand","embeddable":true,"href":"https:\/\/techmasterdemexico.com\/en\/wp-json\/wp\/v2\/pwb-brand?post=8293"},{"taxonomy":"product_brand","embeddable":true,"href":"https:\/\/techmasterdemexico.com\/en\/wp-json\/wp\/v2\/product_brand?post=8293"},{"taxonomy":"product_cat","embeddable":true,"href":"https:\/\/techmasterdemexico.com\/en\/wp-json\/wp\/v2\/product_cat?post=8293"},{"taxonomy":"product_tag","embeddable":true,"href":"https:\/\/techmasterdemexico.com\/en\/wp-json\/wp\/v2\/product_tag?post=8293"}],"curies":[{"name":"wp","href":"https:\/\/api.w.org\/{rel}","templated":true}]}}