{"id":8292,"date":"2021-08-19T19:28:35","date_gmt":"2021-08-19T19:28:35","guid":{"rendered":"http:\/\/techmastermx.ddns.net\/producto\/pinza-amperimetrica-analogica-rs-1007-pro-cat-iv-1000-a\/"},"modified":"2021-12-28T22:28:32","modified_gmt":"2021-12-28T22:28:32","slug":"pinza-amperimetrica-analogica-rs-1007-pro-cat-iv-1000-a","status":"publish","type":"product","link":"https:\/\/techmasterdemexico.com\/en\/producto\/pinza-amperimetrica-analogica-rs-1007-pro-cat-iv-1000-a\/","title":{"rendered":"Pinza amperim\u00e9trica anal\u00f3gica RS-1007 PRO CAT IV 1000 A"},"content":{"rendered":"<p>Amprobe RS-1007 PRO CAT IV 1000 A Pinza amperim\u00e9trica anal\u00f3gica<\/p>\n<ul>\n<li>Mide corriente CA hasta 1000 A<\/li>\n<li>Voltaje hasta 600 V CA<\/li>\n<li>Resistencia y continuidad<\/li>\n<li>Bloqueo del puntero: retenci\u00f3n de datos<\/li>\n<li>B\u00e1scula rotativa f\u00e1cil de usar<\/li>\n<li>Mide voltios y amperios, no se requieren bater\u00edas<\/li>\n<li>Funciona en temperaturas de 5 \u00b0 F a 122 \u00b0 F<\/li>\n<li>Opera en frecuencias de 50 y 60 Hz<\/li>\n<li>Clasificaci\u00f3n de seguridad CAT IV 600 V<\/li>\n<\/ul>\n<p>Lleve esta pinza amperim\u00e9trica a los extremos. Esta abrazadera anal\u00f3gica con clasificaci\u00f3n de seguridad CAT IV 600 V es una gran herramienta para aplicaciones el\u00e9ctricas dif\u00edciles. El RS-1007 PRO funciona bien en temperaturas extremas (5 \u00b0 F a 122 \u00b0 F); donde las pantallas LCD de pinza digital tienden a congelarse, esta pinza anal\u00f3gica est\u00e1 a la altura de la prueba. El RS-1007 PRO no requiere bater\u00edas para medir amperios y voltios.<\/p>\n","protected":false},"excerpt":{"rendered":"<p>Amprobe RS-1007 PRO CAT IV 1000 A Pinza amperim\u00e9trica anal\u00f3gica Mide corriente CA hasta 1000 A Voltaje hasta 600 V CA Resistencia y continuidad Bloqueo del puntero: retenci\u00f3n de datos B\u00e1scula rotativa f\u00e1cil de usar Mide voltios y amperios, no se requieren bater\u00edas Funciona en temperaturas de 5 \u00b0 F a 122 \u00b0 F Opera [&hellip;]<\/p>\n","protected":false},"featured_media":8487,"template":"","meta":{"_acf_changed":false},"pwb-brand":[104],"product_brand":[],"product_cat":[366,101,108,161],"product_tag":[],"class_list":{"0":"post-8292","1":"product","2":"type-product","3":"status-publish","4":"has-post-thumbnail","6":"pwb-brand-amprobe","7":"product_cat-todos-los-productos","8":"product_cat-amprobe","9":"product_cat-pinzas-amperimetricas-amprobe","10":"product_cat-pinzas-amperimetricas-con-multiples-estandar","12":"first","13":"instock","14":"taxable","15":"shipping-taxable","16":"product-type-simple"},"acf":[],"yoast_head":"<!-- This site is optimized with the Yoast SEO plugin v27.4 - https:\/\/yoast.com\/product\/yoast-seo-wordpress\/ -->\n<title>Pinza amperim\u00e9trica anal\u00f3gica RS-1007 PRO CAT IV 1000 A - Techmaster de Mexico<\/title>\n<meta name=\"robots\" content=\"index, follow, max-snippet:-1, max-image-preview:large, max-video-preview:-1\" \/>\n<link rel=\"canonical\" href=\"https:\/\/techmasterdemexico.com\/producto\/pinza-amperimetrica-analogica-rs-1007-pro-cat-iv-1000-a\/\" \/>\n<meta property=\"og:locale\" content=\"en_US\" \/>\n<meta property=\"og:type\" content=\"article\" \/>\n<meta property=\"og:title\" content=\"Pinza amperim\u00e9trica anal\u00f3gica RS-1007 PRO CAT IV 1000 A - Techmaster de Mexico\" \/>\n<meta property=\"og:description\" content=\"Amprobe RS-1007 PRO CAT IV 1000 A Pinza amperim\u00e9trica anal\u00f3gica Mide corriente CA hasta 1000 A Voltaje hasta 600 V CA Resistencia y continuidad Bloqueo del puntero: retenci\u00f3n de datos B\u00e1scula rotativa f\u00e1cil de usar Mide voltios y amperios, no se requieren bater\u00edas Funciona en temperaturas de 5 \u00b0 F a 122 \u00b0 F Opera [&hellip;]\" \/>\n<meta property=\"og:url\" content=\"https:\/\/techmasterdemexico.com\/producto\/pinza-amperimetrica-analogica-rs-1007-pro-cat-iv-1000-a\/\" \/>\n<meta property=\"og:site_name\" content=\"Techmaster de Mexico\" \/>\n<meta property=\"article:modified_time\" content=\"2021-12-28T22:28:32+00:00\" \/>\n<meta property=\"og:image\" content=\"https:\/\/techmasterdemexico.com\/wp-content\/uploads\/2021\/08\/PD_RS-1007PRO-1.jpg\" \/>\n\t<meta property=\"og:image:width\" content=\"500\" \/>\n\t<meta property=\"og:image:height\" content=\"500\" \/>\n\t<meta property=\"og:image:type\" content=\"image\/jpeg\" \/>\n<meta name=\"twitter:card\" content=\"summary_large_image\" \/>\n<meta name=\"twitter:label1\" content=\"Est. reading time\" \/>\n\t<meta name=\"twitter:data1\" content=\"1 minute\" \/>\n<script type=\"application\/ld+json\" class=\"yoast-schema-graph\">{\"@context\":\"https:\\\/\\\/schema.org\",\"@graph\":[{\"@type\":\"WebPage\",\"@id\":\"https:\\\/\\\/techmasterdemexico.com\\\/producto\\\/pinza-amperimetrica-analogica-rs-1007-pro-cat-iv-1000-a\\\/\",\"url\":\"https:\\\/\\\/techmasterdemexico.com\\\/producto\\\/pinza-amperimetrica-analogica-rs-1007-pro-cat-iv-1000-a\\\/\",\"name\":\"Pinza amperim\u00e9trica anal\u00f3gica RS-1007 PRO CAT IV 1000 A - Techmaster de Mexico\",\"isPartOf\":{\"@id\":\"https:\\\/\\\/techmasterdemexico.com\\\/#website\"},\"primaryImageOfPage\":{\"@id\":\"https:\\\/\\\/techmasterdemexico.com\\\/producto\\\/pinza-amperimetrica-analogica-rs-1007-pro-cat-iv-1000-a\\\/#primaryimage\"},\"image\":{\"@id\":\"https:\\\/\\\/techmasterdemexico.com\\\/producto\\\/pinza-amperimetrica-analogica-rs-1007-pro-cat-iv-1000-a\\\/#primaryimage\"},\"thumbnailUrl\":\"https:\\\/\\\/techmasterdemexico.com\\\/wp-content\\\/uploads\\\/2021\\\/08\\\/PD_RS-1007PRO-1.jpg\",\"datePublished\":\"2021-08-19T19:28:35+00:00\",\"dateModified\":\"2021-12-28T22:28:32+00:00\",\"breadcrumb\":{\"@id\":\"https:\\\/\\\/techmasterdemexico.com\\\/producto\\\/pinza-amperimetrica-analogica-rs-1007-pro-cat-iv-1000-a\\\/#breadcrumb\"},\"inLanguage\":\"en-US\",\"potentialAction\":[{\"@type\":\"ReadAction\",\"target\":[\"https:\\\/\\\/techmasterdemexico.com\\\/producto\\\/pinza-amperimetrica-analogica-rs-1007-pro-cat-iv-1000-a\\\/\"]}]},{\"@type\":\"ImageObject\",\"inLanguage\":\"en-US\",\"@id\":\"https:\\\/\\\/techmasterdemexico.com\\\/producto\\\/pinza-amperimetrica-analogica-rs-1007-pro-cat-iv-1000-a\\\/#primaryimage\",\"url\":\"https:\\\/\\\/techmasterdemexico.com\\\/wp-content\\\/uploads\\\/2021\\\/08\\\/PD_RS-1007PRO-1.jpg\",\"contentUrl\":\"https:\\\/\\\/techmasterdemexico.com\\\/wp-content\\\/uploads\\\/2021\\\/08\\\/PD_RS-1007PRO-1.jpg\",\"width\":500,\"height\":500},{\"@type\":\"BreadcrumbList\",\"@id\":\"https:\\\/\\\/techmasterdemexico.com\\\/producto\\\/pinza-amperimetrica-analogica-rs-1007-pro-cat-iv-1000-a\\\/#breadcrumb\",\"itemListElement\":[{\"@type\":\"ListItem\",\"position\":1,\"name\":\"Portada\",\"item\":\"https:\\\/\\\/techmasterdemexico.com\\\/\"},{\"@type\":\"ListItem\",\"position\":2,\"name\":\"Pinza amperim\u00e9trica anal\u00f3gica RS-1007 PRO CAT IV 1000 A\"}]},{\"@type\":\"WebSite\",\"@id\":\"https:\\\/\\\/techmasterdemexico.com\\\/#website\",\"url\":\"https:\\\/\\\/techmasterdemexico.com\\\/\",\"name\":\"Techmaster de Mexico\",\"description\":\"\",\"potentialAction\":[{\"@type\":\"SearchAction\",\"target\":{\"@type\":\"EntryPoint\",\"urlTemplate\":\"https:\\\/\\\/techmasterdemexico.com\\\/?s={search_term_string}\"},\"query-input\":{\"@type\":\"PropertyValueSpecification\",\"valueRequired\":true,\"valueName\":\"search_term_string\"}}],\"inLanguage\":\"en-US\"}]}<\/script>\n<!-- \/ Yoast SEO plugin. -->","yoast_head_json":{"title":"Pinza amperim\u00e9trica anal\u00f3gica RS-1007 PRO CAT IV 1000 A - Techmaster de Mexico","robots":{"index":"index","follow":"follow","max-snippet":"max-snippet:-1","max-image-preview":"max-image-preview:large","max-video-preview":"max-video-preview:-1"},"canonical":"https:\/\/techmasterdemexico.com\/producto\/pinza-amperimetrica-analogica-rs-1007-pro-cat-iv-1000-a\/","og_locale":"en_US","og_type":"article","og_title":"Pinza amperim\u00e9trica anal\u00f3gica RS-1007 PRO CAT IV 1000 A - Techmaster de Mexico","og_description":"Amprobe RS-1007 PRO CAT IV 1000 A Pinza amperim\u00e9trica anal\u00f3gica Mide corriente CA hasta 1000 A Voltaje hasta 600 V CA Resistencia y continuidad Bloqueo del puntero: retenci\u00f3n de datos B\u00e1scula rotativa f\u00e1cil de usar Mide voltios y amperios, no se requieren bater\u00edas Funciona en temperaturas de 5 \u00b0 F a 122 \u00b0 F Opera [&hellip;]","og_url":"https:\/\/techmasterdemexico.com\/producto\/pinza-amperimetrica-analogica-rs-1007-pro-cat-iv-1000-a\/","og_site_name":"Techmaster de Mexico","article_modified_time":"2021-12-28T22:28:32+00:00","og_image":[{"width":500,"height":500,"url":"https:\/\/techmasterdemexico.com\/wp-content\/uploads\/2021\/08\/PD_RS-1007PRO-1.jpg","type":"image\/jpeg"}],"twitter_card":"summary_large_image","twitter_misc":{"Est. reading time":"1 minute"},"schema":{"@context":"https:\/\/schema.org","@graph":[{"@type":"WebPage","@id":"https:\/\/techmasterdemexico.com\/producto\/pinza-amperimetrica-analogica-rs-1007-pro-cat-iv-1000-a\/","url":"https:\/\/techmasterdemexico.com\/producto\/pinza-amperimetrica-analogica-rs-1007-pro-cat-iv-1000-a\/","name":"Pinza amperim\u00e9trica anal\u00f3gica RS-1007 PRO CAT IV 1000 A - Techmaster de Mexico","isPartOf":{"@id":"https:\/\/techmasterdemexico.com\/#website"},"primaryImageOfPage":{"@id":"https:\/\/techmasterdemexico.com\/producto\/pinza-amperimetrica-analogica-rs-1007-pro-cat-iv-1000-a\/#primaryimage"},"image":{"@id":"https:\/\/techmasterdemexico.com\/producto\/pinza-amperimetrica-analogica-rs-1007-pro-cat-iv-1000-a\/#primaryimage"},"thumbnailUrl":"https:\/\/techmasterdemexico.com\/wp-content\/uploads\/2021\/08\/PD_RS-1007PRO-1.jpg","datePublished":"2021-08-19T19:28:35+00:00","dateModified":"2021-12-28T22:28:32+00:00","breadcrumb":{"@id":"https:\/\/techmasterdemexico.com\/producto\/pinza-amperimetrica-analogica-rs-1007-pro-cat-iv-1000-a\/#breadcrumb"},"inLanguage":"en-US","potentialAction":[{"@type":"ReadAction","target":["https:\/\/techmasterdemexico.com\/producto\/pinza-amperimetrica-analogica-rs-1007-pro-cat-iv-1000-a\/"]}]},{"@type":"ImageObject","inLanguage":"en-US","@id":"https:\/\/techmasterdemexico.com\/producto\/pinza-amperimetrica-analogica-rs-1007-pro-cat-iv-1000-a\/#primaryimage","url":"https:\/\/techmasterdemexico.com\/wp-content\/uploads\/2021\/08\/PD_RS-1007PRO-1.jpg","contentUrl":"https:\/\/techmasterdemexico.com\/wp-content\/uploads\/2021\/08\/PD_RS-1007PRO-1.jpg","width":500,"height":500},{"@type":"BreadcrumbList","@id":"https:\/\/techmasterdemexico.com\/producto\/pinza-amperimetrica-analogica-rs-1007-pro-cat-iv-1000-a\/#breadcrumb","itemListElement":[{"@type":"ListItem","position":1,"name":"Portada","item":"https:\/\/techmasterdemexico.com\/"},{"@type":"ListItem","position":2,"name":"Pinza amperim\u00e9trica anal\u00f3gica RS-1007 PRO CAT IV 1000 A"}]},{"@type":"WebSite","@id":"https:\/\/techmasterdemexico.com\/#website","url":"https:\/\/techmasterdemexico.com\/","name":"Techmaster de Mexico","description":"","potentialAction":[{"@type":"SearchAction","target":{"@type":"EntryPoint","urlTemplate":"https:\/\/techmasterdemexico.com\/?s={search_term_string}"},"query-input":{"@type":"PropertyValueSpecification","valueRequired":true,"valueName":"search_term_string"}}],"inLanguage":"en-US"}]}},"brands":[{"id":104,"name":"Amprobe","slug":"amprobe"}],"_links":{"self":[{"href":"https:\/\/techmasterdemexico.com\/en\/wp-json\/wp\/v2\/product\/8292","targetHints":{"allow":["GET"]}}],"collection":[{"href":"https:\/\/techmasterdemexico.com\/en\/wp-json\/wp\/v2\/product"}],"about":[{"href":"https:\/\/techmasterdemexico.com\/en\/wp-json\/wp\/v2\/types\/product"}],"wp:featuredmedia":[{"embeddable":true,"href":"https:\/\/techmasterdemexico.com\/en\/wp-json\/wp\/v2\/media\/8487"}],"wp:attachment":[{"href":"https:\/\/techmasterdemexico.com\/en\/wp-json\/wp\/v2\/media?parent=8292"}],"wp:term":[{"taxonomy":"pwb-brand","embeddable":true,"href":"https:\/\/techmasterdemexico.com\/en\/wp-json\/wp\/v2\/pwb-brand?post=8292"},{"taxonomy":"product_brand","embeddable":true,"href":"https:\/\/techmasterdemexico.com\/en\/wp-json\/wp\/v2\/product_brand?post=8292"},{"taxonomy":"product_cat","embeddable":true,"href":"https:\/\/techmasterdemexico.com\/en\/wp-json\/wp\/v2\/product_cat?post=8292"},{"taxonomy":"product_tag","embeddable":true,"href":"https:\/\/techmasterdemexico.com\/en\/wp-json\/wp\/v2\/product_tag?post=8292"}],"curies":[{"name":"wp","href":"https:\/\/api.w.org\/{rel}","templated":true}]}}