{"id":8290,"date":"2021-08-19T19:28:34","date_gmt":"2021-08-19T19:28:34","guid":{"rendered":"http:\/\/techmastermx.ddns.net\/producto\/pinza-amperimetrica-acdc-100-trms-1000-a-ac-dc\/"},"modified":"2021-12-28T22:28:34","modified_gmt":"2021-12-28T22:28:34","slug":"pinza-amperimetrica-acdc-100-trms-1000-a-ac-dc","status":"publish","type":"product","link":"https:\/\/techmasterdemexico.com\/en\/producto\/pinza-amperimetrica-acdc-100-trms-1000-a-ac-dc\/","title":{"rendered":"Pinza amperim\u00e9trica ACDC-100 TRMS 1000 A AC \/ DC"},"content":{"rendered":"<p>Amprobe ACDC-100 TRMS 1000 A AC \/ DC Pinza amperim\u00e9trica<\/p>\n<ul>\n<li>Verdadero valor eficaz<\/li>\n<li>Mide corriente CA a 800 A y corriente CC a 1000 A, voltaje CA \/ CC a 600 V, adem\u00e1s de capacitancia y resistencia<\/li>\n<li>El zumbador de continuidad identifica r\u00e1pidamente los cortocircuitos y se abre<\/li>\n<li>El modo de cero relativo muestra la diferencia entre la lectura real y un valor de referencia almacenado y se puede utilizar con cualquier funci\u00f3n o rango.<\/li>\n<li>La retenci\u00f3n de datos congela la lectura en la pantalla para un an\u00e1lisis m\u00e1s detallado<\/li>\n<li>La prueba de diodos encuentra r\u00e1pidamente ca\u00eddas de voltaje<\/li>\n<li>La funci\u00f3n de captura MAX mide la corriente de entrada (respuesta de 30 mS)<\/li>\n<li>Combina caracter\u00edsticas f\u00e1ciles de usar como una pantalla digital retroiluminada grande y f\u00e1cil de leer, apagado autom\u00e1tico para conservar la vida \u00fatil de la bater\u00eda y un soporte para sonda de prueba de &#8220;tercera mano&#8221;<\/li>\n<li>El estuche de goma sobremoldeado absorbe los golpes y proporciona almacenamiento de sonda incorporado<\/li>\n<li>Acomoda conductores de hasta 2.0 \u2033 (50 mm) de di\u00e1metro<\/li>\n<li>Clasificaci\u00f3n CAT III 600 V<\/li>\n<\/ul>\n<p>La pinza amperim\u00e9trica digital ACDC-100 TRMS 1000 A ofrece una precisi\u00f3n, calidad y fiabilidad superiores con todas las capacidades de medici\u00f3n b\u00e1sicas que los t\u00e9cnicos necesitan en una pinza amperim\u00e9trica de CA \/ CC. \u00daselo para medir corriente CA a 800 A, corriente CC a 1000 A y voltaje CA \/ CC de 400,0 mV a 600 V.<\/p>\n<p>Sus grandes mordazas se adaptan a conductores de hasta 2 \u2033 (50 mm) de di\u00e1metro y su dise\u00f1o ergon\u00f3mico mejorado la convierte en una excelente opci\u00f3n para una abrazadera con capacidades de mult\u00edmetro digital profesional.<\/p>\n","protected":false},"excerpt":{"rendered":"<p>Amprobe ACDC-100 TRMS 1000 A AC \/ DC Pinza amperim\u00e9trica Verdadero valor eficaz Mide corriente CA a 800 A y corriente CC a 1000 A, voltaje CA \/ CC a 600 V, adem\u00e1s de capacitancia y resistencia El zumbador de continuidad identifica r\u00e1pidamente los cortocircuitos y se abre El modo de cero relativo muestra la [&hellip;]<\/p>\n","protected":false},"featured_media":8497,"template":"","meta":{"_acf_changed":false},"pwb-brand":[104],"product_brand":[],"product_cat":[366,101,108,161],"product_tag":[],"class_list":{"0":"post-8290","1":"product","2":"type-product","3":"status-publish","4":"has-post-thumbnail","6":"pwb-brand-amprobe","7":"product_cat-todos-los-productos","8":"product_cat-amprobe","9":"product_cat-pinzas-amperimetricas-amprobe","10":"product_cat-pinzas-amperimetricas-con-multiples-estandar","12":"first","13":"instock","14":"taxable","15":"shipping-taxable","16":"product-type-simple"},"acf":[],"yoast_head":"<!-- This site is optimized with the Yoast SEO plugin v27.4 - https:\/\/yoast.com\/product\/yoast-seo-wordpress\/ -->\n<title>Pinza amperim\u00e9trica ACDC-100 TRMS 1000 A AC \/ DC - Techmaster de Mexico<\/title>\n<meta name=\"robots\" content=\"index, follow, max-snippet:-1, max-image-preview:large, max-video-preview:-1\" \/>\n<link rel=\"canonical\" href=\"https:\/\/techmasterdemexico.com\/producto\/pinza-amperimetrica-acdc-100-trms-1000-a-ac-dc\/\" \/>\n<meta property=\"og:locale\" content=\"en_US\" \/>\n<meta property=\"og:type\" content=\"article\" \/>\n<meta property=\"og:title\" content=\"Pinza amperim\u00e9trica ACDC-100 TRMS 1000 A AC \/ DC - Techmaster de Mexico\" \/>\n<meta property=\"og:description\" content=\"Amprobe ACDC-100 TRMS 1000 A AC \/ DC Pinza amperim\u00e9trica Verdadero valor eficaz Mide corriente CA a 800 A y corriente CC a 1000 A, voltaje CA \/ CC a 600 V, adem\u00e1s de capacitancia y resistencia El zumbador de continuidad identifica r\u00e1pidamente los cortocircuitos y se abre El modo de cero relativo muestra la [&hellip;]\" \/>\n<meta property=\"og:url\" content=\"https:\/\/techmasterdemexico.com\/producto\/pinza-amperimetrica-acdc-100-trms-1000-a-ac-dc\/\" \/>\n<meta property=\"og:site_name\" content=\"Techmaster de Mexico\" \/>\n<meta property=\"article:modified_time\" content=\"2021-12-28T22:28:34+00:00\" \/>\n<meta property=\"og:image\" content=\"https:\/\/techmasterdemexico.com\/wp-content\/uploads\/2021\/08\/PD_ACDC-100TRMS1.jpg\" \/>\n\t<meta property=\"og:image:width\" content=\"500\" \/>\n\t<meta property=\"og:image:height\" content=\"500\" \/>\n\t<meta property=\"og:image:type\" content=\"image\/jpeg\" \/>\n<meta name=\"twitter:card\" content=\"summary_large_image\" \/>\n<meta name=\"twitter:label1\" content=\"Est. reading time\" \/>\n\t<meta name=\"twitter:data1\" content=\"1 minute\" \/>\n<script type=\"application\/ld+json\" class=\"yoast-schema-graph\">{\"@context\":\"https:\\\/\\\/schema.org\",\"@graph\":[{\"@type\":\"WebPage\",\"@id\":\"https:\\\/\\\/techmasterdemexico.com\\\/producto\\\/pinza-amperimetrica-acdc-100-trms-1000-a-ac-dc\\\/\",\"url\":\"https:\\\/\\\/techmasterdemexico.com\\\/producto\\\/pinza-amperimetrica-acdc-100-trms-1000-a-ac-dc\\\/\",\"name\":\"Pinza amperim\u00e9trica ACDC-100 TRMS 1000 A AC \\\/ DC - Techmaster de Mexico\",\"isPartOf\":{\"@id\":\"https:\\\/\\\/techmasterdemexico.com\\\/#website\"},\"primaryImageOfPage\":{\"@id\":\"https:\\\/\\\/techmasterdemexico.com\\\/producto\\\/pinza-amperimetrica-acdc-100-trms-1000-a-ac-dc\\\/#primaryimage\"},\"image\":{\"@id\":\"https:\\\/\\\/techmasterdemexico.com\\\/producto\\\/pinza-amperimetrica-acdc-100-trms-1000-a-ac-dc\\\/#primaryimage\"},\"thumbnailUrl\":\"https:\\\/\\\/techmasterdemexico.com\\\/wp-content\\\/uploads\\\/2021\\\/08\\\/PD_ACDC-100TRMS1.jpg\",\"datePublished\":\"2021-08-19T19:28:34+00:00\",\"dateModified\":\"2021-12-28T22:28:34+00:00\",\"breadcrumb\":{\"@id\":\"https:\\\/\\\/techmasterdemexico.com\\\/producto\\\/pinza-amperimetrica-acdc-100-trms-1000-a-ac-dc\\\/#breadcrumb\"},\"inLanguage\":\"en-US\",\"potentialAction\":[{\"@type\":\"ReadAction\",\"target\":[\"https:\\\/\\\/techmasterdemexico.com\\\/producto\\\/pinza-amperimetrica-acdc-100-trms-1000-a-ac-dc\\\/\"]}]},{\"@type\":\"ImageObject\",\"inLanguage\":\"en-US\",\"@id\":\"https:\\\/\\\/techmasterdemexico.com\\\/producto\\\/pinza-amperimetrica-acdc-100-trms-1000-a-ac-dc\\\/#primaryimage\",\"url\":\"https:\\\/\\\/techmasterdemexico.com\\\/wp-content\\\/uploads\\\/2021\\\/08\\\/PD_ACDC-100TRMS1.jpg\",\"contentUrl\":\"https:\\\/\\\/techmasterdemexico.com\\\/wp-content\\\/uploads\\\/2021\\\/08\\\/PD_ACDC-100TRMS1.jpg\",\"width\":500,\"height\":500},{\"@type\":\"BreadcrumbList\",\"@id\":\"https:\\\/\\\/techmasterdemexico.com\\\/producto\\\/pinza-amperimetrica-acdc-100-trms-1000-a-ac-dc\\\/#breadcrumb\",\"itemListElement\":[{\"@type\":\"ListItem\",\"position\":1,\"name\":\"Portada\",\"item\":\"https:\\\/\\\/techmasterdemexico.com\\\/\"},{\"@type\":\"ListItem\",\"position\":2,\"name\":\"Pinza amperim\u00e9trica ACDC-100 TRMS 1000 A AC \\\/ DC\"}]},{\"@type\":\"WebSite\",\"@id\":\"https:\\\/\\\/techmasterdemexico.com\\\/#website\",\"url\":\"https:\\\/\\\/techmasterdemexico.com\\\/\",\"name\":\"Techmaster de Mexico\",\"description\":\"\",\"potentialAction\":[{\"@type\":\"SearchAction\",\"target\":{\"@type\":\"EntryPoint\",\"urlTemplate\":\"https:\\\/\\\/techmasterdemexico.com\\\/?s={search_term_string}\"},\"query-input\":{\"@type\":\"PropertyValueSpecification\",\"valueRequired\":true,\"valueName\":\"search_term_string\"}}],\"inLanguage\":\"en-US\"}]}<\/script>\n<!-- \/ Yoast SEO plugin. -->","yoast_head_json":{"title":"Pinza amperim\u00e9trica ACDC-100 TRMS 1000 A AC \/ DC - Techmaster de Mexico","robots":{"index":"index","follow":"follow","max-snippet":"max-snippet:-1","max-image-preview":"max-image-preview:large","max-video-preview":"max-video-preview:-1"},"canonical":"https:\/\/techmasterdemexico.com\/producto\/pinza-amperimetrica-acdc-100-trms-1000-a-ac-dc\/","og_locale":"en_US","og_type":"article","og_title":"Pinza amperim\u00e9trica ACDC-100 TRMS 1000 A AC \/ DC - Techmaster de Mexico","og_description":"Amprobe ACDC-100 TRMS 1000 A AC \/ DC Pinza amperim\u00e9trica Verdadero valor eficaz Mide corriente CA a 800 A y corriente CC a 1000 A, voltaje CA \/ CC a 600 V, adem\u00e1s de capacitancia y resistencia El zumbador de continuidad identifica r\u00e1pidamente los cortocircuitos y se abre El modo de cero relativo muestra la [&hellip;]","og_url":"https:\/\/techmasterdemexico.com\/producto\/pinza-amperimetrica-acdc-100-trms-1000-a-ac-dc\/","og_site_name":"Techmaster de Mexico","article_modified_time":"2021-12-28T22:28:34+00:00","og_image":[{"width":500,"height":500,"url":"https:\/\/techmasterdemexico.com\/wp-content\/uploads\/2021\/08\/PD_ACDC-100TRMS1.jpg","type":"image\/jpeg"}],"twitter_card":"summary_large_image","twitter_misc":{"Est. reading time":"1 minute"},"schema":{"@context":"https:\/\/schema.org","@graph":[{"@type":"WebPage","@id":"https:\/\/techmasterdemexico.com\/producto\/pinza-amperimetrica-acdc-100-trms-1000-a-ac-dc\/","url":"https:\/\/techmasterdemexico.com\/producto\/pinza-amperimetrica-acdc-100-trms-1000-a-ac-dc\/","name":"Pinza amperim\u00e9trica ACDC-100 TRMS 1000 A AC \/ DC - Techmaster de Mexico","isPartOf":{"@id":"https:\/\/techmasterdemexico.com\/#website"},"primaryImageOfPage":{"@id":"https:\/\/techmasterdemexico.com\/producto\/pinza-amperimetrica-acdc-100-trms-1000-a-ac-dc\/#primaryimage"},"image":{"@id":"https:\/\/techmasterdemexico.com\/producto\/pinza-amperimetrica-acdc-100-trms-1000-a-ac-dc\/#primaryimage"},"thumbnailUrl":"https:\/\/techmasterdemexico.com\/wp-content\/uploads\/2021\/08\/PD_ACDC-100TRMS1.jpg","datePublished":"2021-08-19T19:28:34+00:00","dateModified":"2021-12-28T22:28:34+00:00","breadcrumb":{"@id":"https:\/\/techmasterdemexico.com\/producto\/pinza-amperimetrica-acdc-100-trms-1000-a-ac-dc\/#breadcrumb"},"inLanguage":"en-US","potentialAction":[{"@type":"ReadAction","target":["https:\/\/techmasterdemexico.com\/producto\/pinza-amperimetrica-acdc-100-trms-1000-a-ac-dc\/"]}]},{"@type":"ImageObject","inLanguage":"en-US","@id":"https:\/\/techmasterdemexico.com\/producto\/pinza-amperimetrica-acdc-100-trms-1000-a-ac-dc\/#primaryimage","url":"https:\/\/techmasterdemexico.com\/wp-content\/uploads\/2021\/08\/PD_ACDC-100TRMS1.jpg","contentUrl":"https:\/\/techmasterdemexico.com\/wp-content\/uploads\/2021\/08\/PD_ACDC-100TRMS1.jpg","width":500,"height":500},{"@type":"BreadcrumbList","@id":"https:\/\/techmasterdemexico.com\/producto\/pinza-amperimetrica-acdc-100-trms-1000-a-ac-dc\/#breadcrumb","itemListElement":[{"@type":"ListItem","position":1,"name":"Portada","item":"https:\/\/techmasterdemexico.com\/"},{"@type":"ListItem","position":2,"name":"Pinza amperim\u00e9trica ACDC-100 TRMS 1000 A AC \/ DC"}]},{"@type":"WebSite","@id":"https:\/\/techmasterdemexico.com\/#website","url":"https:\/\/techmasterdemexico.com\/","name":"Techmaster de Mexico","description":"","potentialAction":[{"@type":"SearchAction","target":{"@type":"EntryPoint","urlTemplate":"https:\/\/techmasterdemexico.com\/?s={search_term_string}"},"query-input":{"@type":"PropertyValueSpecification","valueRequired":true,"valueName":"search_term_string"}}],"inLanguage":"en-US"}]}},"brands":[{"id":104,"name":"Amprobe","slug":"amprobe"}],"_links":{"self":[{"href":"https:\/\/techmasterdemexico.com\/en\/wp-json\/wp\/v2\/product\/8290","targetHints":{"allow":["GET"]}}],"collection":[{"href":"https:\/\/techmasterdemexico.com\/en\/wp-json\/wp\/v2\/product"}],"about":[{"href":"https:\/\/techmasterdemexico.com\/en\/wp-json\/wp\/v2\/types\/product"}],"wp:featuredmedia":[{"embeddable":true,"href":"https:\/\/techmasterdemexico.com\/en\/wp-json\/wp\/v2\/media\/8497"}],"wp:attachment":[{"href":"https:\/\/techmasterdemexico.com\/en\/wp-json\/wp\/v2\/media?parent=8290"}],"wp:term":[{"taxonomy":"pwb-brand","embeddable":true,"href":"https:\/\/techmasterdemexico.com\/en\/wp-json\/wp\/v2\/pwb-brand?post=8290"},{"taxonomy":"product_brand","embeddable":true,"href":"https:\/\/techmasterdemexico.com\/en\/wp-json\/wp\/v2\/product_brand?post=8290"},{"taxonomy":"product_cat","embeddable":true,"href":"https:\/\/techmasterdemexico.com\/en\/wp-json\/wp\/v2\/product_cat?post=8290"},{"taxonomy":"product_tag","embeddable":true,"href":"https:\/\/techmasterdemexico.com\/en\/wp-json\/wp\/v2\/product_tag?post=8290"}],"curies":[{"name":"wp","href":"https:\/\/api.w.org\/{rel}","templated":true}]}}