{"id":8287,"date":"2021-08-19T19:28:33","date_gmt":"2021-08-19T19:28:33","guid":{"rendered":"http:\/\/techmastermx.ddns.net\/producto\/multimetro-digital-con-pinza-trms-ac68c\/"},"modified":"2021-12-28T22:28:35","modified_gmt":"2021-12-28T22:28:35","slug":"multimetro-digital-con-pinza-trms-ac68c","status":"publish","type":"product","link":"https:\/\/techmasterdemexico.com\/en\/producto\/multimetro-digital-con-pinza-trms-ac68c\/","title":{"rendered":"Mult\u00edmetro digital con pinza TRMS AC68C"},"content":{"rendered":"<p>Amprobe AC68C TRMS 600 A Pinza amperim\u00e9trica<\/p>\n<ul>\n<li>8 funciones \/ 11 rangos<\/li>\n<li>Retenci\u00f3n de pico de datos y CA<\/li>\n<li>DC auto cero<\/li>\n<li>Estuche de transporte incluido<\/li>\n<li>33\u20444 d\u00edgitos, LCD, lectura m\u00e1xima de 3999<\/li>\n<li>Apertura m\u00e1xima de la mordaza 1,57\u02dd (40 mm)<\/li>\n<li>Rango autom\u00e1tico para medici\u00f3n de frecuencia<\/li>\n<li>Indicaci\u00f3n de bater\u00eda baja<\/li>\n<li>Apagado autom\u00e1tico despu\u00e9s de 30 minutos<\/li>\n<li>Funci\u00f3n manual y selecci\u00f3n de rango con selector giratorio<\/li>\n<\/ul>\n<p>La pinza amperim\u00e9trica Amprobe AC68C TRMS 600 A mide la corriente de carga no lineal con lecturas de verdadero valor eficaz. Este mult\u00edmetro digital de pinza profesional de primera l\u00ednea tiene clasificaci\u00f3n CAT II 600 V, CAT III 300 V.<\/p>\n","protected":false},"excerpt":{"rendered":"<p>Amprobe AC68C TRMS 600 A Pinza amperim\u00e9trica 8 funciones \/ 11 rangos Retenci\u00f3n de pico de datos y CA DC auto cero Estuche de transporte incluido 33\u20444 d\u00edgitos, LCD, lectura m\u00e1xima de 3999 Apertura m\u00e1xima de la mordaza 1,57\u02dd (40 mm) Rango autom\u00e1tico para medici\u00f3n de frecuencia Indicaci\u00f3n de bater\u00eda baja Apagado autom\u00e1tico despu\u00e9s de [&hellip;]<\/p>\n","protected":false},"featured_media":8504,"template":"","meta":{"_acf_changed":false},"pwb-brand":[104],"product_brand":[],"product_cat":[366,101,108,161],"product_tag":[],"class_list":{"0":"post-8287","1":"product","2":"type-product","3":"status-publish","4":"has-post-thumbnail","6":"pwb-brand-amprobe","7":"product_cat-todos-los-productos","8":"product_cat-amprobe","9":"product_cat-pinzas-amperimetricas-amprobe","10":"product_cat-pinzas-amperimetricas-con-multiples-estandar","12":"first","13":"instock","14":"taxable","15":"shipping-taxable","16":"product-type-simple"},"acf":[],"yoast_head":"<!-- This site is optimized with the Yoast SEO plugin v27.4 - https:\/\/yoast.com\/product\/yoast-seo-wordpress\/ -->\n<title>Mult\u00edmetro digital con pinza TRMS AC68C - Techmaster de Mexico<\/title>\n<meta name=\"robots\" content=\"index, follow, max-snippet:-1, max-image-preview:large, max-video-preview:-1\" \/>\n<link rel=\"canonical\" href=\"https:\/\/techmasterdemexico.com\/producto\/multimetro-digital-con-pinza-trms-ac68c\/\" \/>\n<meta property=\"og:locale\" content=\"en_US\" \/>\n<meta property=\"og:type\" content=\"article\" \/>\n<meta property=\"og:title\" content=\"Mult\u00edmetro digital con pinza TRMS AC68C - Techmaster de Mexico\" \/>\n<meta property=\"og:description\" content=\"Amprobe AC68C TRMS 600 A Pinza amperim\u00e9trica 8 funciones \/ 11 rangos Retenci\u00f3n de pico de datos y CA DC auto cero Estuche de transporte incluido 33\u20444 d\u00edgitos, LCD, lectura m\u00e1xima de 3999 Apertura m\u00e1xima de la mordaza 1,57\u02dd (40 mm) Rango autom\u00e1tico para medici\u00f3n de frecuencia Indicaci\u00f3n de bater\u00eda baja Apagado autom\u00e1tico despu\u00e9s de [&hellip;]\" \/>\n<meta property=\"og:url\" content=\"https:\/\/techmasterdemexico.com\/producto\/multimetro-digital-con-pinza-trms-ac68c\/\" \/>\n<meta property=\"og:site_name\" content=\"Techmaster de Mexico\" \/>\n<meta property=\"article:modified_time\" content=\"2021-12-28T22:28:35+00:00\" \/>\n<meta property=\"og:image\" content=\"https:\/\/techmasterdemexico.com\/wp-content\/uploads\/2021\/08\/PD_AC68C1.jpg\" \/>\n\t<meta property=\"og:image:width\" content=\"500\" \/>\n\t<meta property=\"og:image:height\" content=\"500\" \/>\n\t<meta property=\"og:image:type\" content=\"image\/jpeg\" \/>\n<meta name=\"twitter:card\" content=\"summary_large_image\" \/>\n<meta name=\"twitter:label1\" content=\"Est. reading time\" \/>\n\t<meta name=\"twitter:data1\" content=\"1 minute\" \/>\n<script type=\"application\/ld+json\" class=\"yoast-schema-graph\">{\"@context\":\"https:\\\/\\\/schema.org\",\"@graph\":[{\"@type\":\"WebPage\",\"@id\":\"https:\\\/\\\/techmasterdemexico.com\\\/producto\\\/multimetro-digital-con-pinza-trms-ac68c\\\/\",\"url\":\"https:\\\/\\\/techmasterdemexico.com\\\/producto\\\/multimetro-digital-con-pinza-trms-ac68c\\\/\",\"name\":\"Mult\u00edmetro digital con pinza TRMS AC68C - Techmaster de Mexico\",\"isPartOf\":{\"@id\":\"https:\\\/\\\/techmasterdemexico.com\\\/#website\"},\"primaryImageOfPage\":{\"@id\":\"https:\\\/\\\/techmasterdemexico.com\\\/producto\\\/multimetro-digital-con-pinza-trms-ac68c\\\/#primaryimage\"},\"image\":{\"@id\":\"https:\\\/\\\/techmasterdemexico.com\\\/producto\\\/multimetro-digital-con-pinza-trms-ac68c\\\/#primaryimage\"},\"thumbnailUrl\":\"https:\\\/\\\/techmasterdemexico.com\\\/wp-content\\\/uploads\\\/2021\\\/08\\\/PD_AC68C1.jpg\",\"datePublished\":\"2021-08-19T19:28:33+00:00\",\"dateModified\":\"2021-12-28T22:28:35+00:00\",\"breadcrumb\":{\"@id\":\"https:\\\/\\\/techmasterdemexico.com\\\/producto\\\/multimetro-digital-con-pinza-trms-ac68c\\\/#breadcrumb\"},\"inLanguage\":\"en-US\",\"potentialAction\":[{\"@type\":\"ReadAction\",\"target\":[\"https:\\\/\\\/techmasterdemexico.com\\\/producto\\\/multimetro-digital-con-pinza-trms-ac68c\\\/\"]}]},{\"@type\":\"ImageObject\",\"inLanguage\":\"en-US\",\"@id\":\"https:\\\/\\\/techmasterdemexico.com\\\/producto\\\/multimetro-digital-con-pinza-trms-ac68c\\\/#primaryimage\",\"url\":\"https:\\\/\\\/techmasterdemexico.com\\\/wp-content\\\/uploads\\\/2021\\\/08\\\/PD_AC68C1.jpg\",\"contentUrl\":\"https:\\\/\\\/techmasterdemexico.com\\\/wp-content\\\/uploads\\\/2021\\\/08\\\/PD_AC68C1.jpg\",\"width\":500,\"height\":500},{\"@type\":\"BreadcrumbList\",\"@id\":\"https:\\\/\\\/techmasterdemexico.com\\\/producto\\\/multimetro-digital-con-pinza-trms-ac68c\\\/#breadcrumb\",\"itemListElement\":[{\"@type\":\"ListItem\",\"position\":1,\"name\":\"Portada\",\"item\":\"https:\\\/\\\/techmasterdemexico.com\\\/\"},{\"@type\":\"ListItem\",\"position\":2,\"name\":\"Mult\u00edmetro digital con pinza TRMS AC68C\"}]},{\"@type\":\"WebSite\",\"@id\":\"https:\\\/\\\/techmasterdemexico.com\\\/#website\",\"url\":\"https:\\\/\\\/techmasterdemexico.com\\\/\",\"name\":\"Techmaster de Mexico\",\"description\":\"\",\"potentialAction\":[{\"@type\":\"SearchAction\",\"target\":{\"@type\":\"EntryPoint\",\"urlTemplate\":\"https:\\\/\\\/techmasterdemexico.com\\\/?s={search_term_string}\"},\"query-input\":{\"@type\":\"PropertyValueSpecification\",\"valueRequired\":true,\"valueName\":\"search_term_string\"}}],\"inLanguage\":\"en-US\"}]}<\/script>\n<!-- \/ Yoast SEO plugin. -->","yoast_head_json":{"title":"Mult\u00edmetro digital con pinza TRMS AC68C - Techmaster de Mexico","robots":{"index":"index","follow":"follow","max-snippet":"max-snippet:-1","max-image-preview":"max-image-preview:large","max-video-preview":"max-video-preview:-1"},"canonical":"https:\/\/techmasterdemexico.com\/producto\/multimetro-digital-con-pinza-trms-ac68c\/","og_locale":"en_US","og_type":"article","og_title":"Mult\u00edmetro digital con pinza TRMS AC68C - Techmaster de Mexico","og_description":"Amprobe AC68C TRMS 600 A Pinza amperim\u00e9trica 8 funciones \/ 11 rangos Retenci\u00f3n de pico de datos y CA DC auto cero Estuche de transporte incluido 33\u20444 d\u00edgitos, LCD, lectura m\u00e1xima de 3999 Apertura m\u00e1xima de la mordaza 1,57\u02dd (40 mm) Rango autom\u00e1tico para medici\u00f3n de frecuencia Indicaci\u00f3n de bater\u00eda baja Apagado autom\u00e1tico despu\u00e9s de [&hellip;]","og_url":"https:\/\/techmasterdemexico.com\/producto\/multimetro-digital-con-pinza-trms-ac68c\/","og_site_name":"Techmaster de Mexico","article_modified_time":"2021-12-28T22:28:35+00:00","og_image":[{"width":500,"height":500,"url":"https:\/\/techmasterdemexico.com\/wp-content\/uploads\/2021\/08\/PD_AC68C1.jpg","type":"image\/jpeg"}],"twitter_card":"summary_large_image","twitter_misc":{"Est. reading time":"1 minute"},"schema":{"@context":"https:\/\/schema.org","@graph":[{"@type":"WebPage","@id":"https:\/\/techmasterdemexico.com\/producto\/multimetro-digital-con-pinza-trms-ac68c\/","url":"https:\/\/techmasterdemexico.com\/producto\/multimetro-digital-con-pinza-trms-ac68c\/","name":"Mult\u00edmetro digital con pinza TRMS AC68C - Techmaster de Mexico","isPartOf":{"@id":"https:\/\/techmasterdemexico.com\/#website"},"primaryImageOfPage":{"@id":"https:\/\/techmasterdemexico.com\/producto\/multimetro-digital-con-pinza-trms-ac68c\/#primaryimage"},"image":{"@id":"https:\/\/techmasterdemexico.com\/producto\/multimetro-digital-con-pinza-trms-ac68c\/#primaryimage"},"thumbnailUrl":"https:\/\/techmasterdemexico.com\/wp-content\/uploads\/2021\/08\/PD_AC68C1.jpg","datePublished":"2021-08-19T19:28:33+00:00","dateModified":"2021-12-28T22:28:35+00:00","breadcrumb":{"@id":"https:\/\/techmasterdemexico.com\/producto\/multimetro-digital-con-pinza-trms-ac68c\/#breadcrumb"},"inLanguage":"en-US","potentialAction":[{"@type":"ReadAction","target":["https:\/\/techmasterdemexico.com\/producto\/multimetro-digital-con-pinza-trms-ac68c\/"]}]},{"@type":"ImageObject","inLanguage":"en-US","@id":"https:\/\/techmasterdemexico.com\/producto\/multimetro-digital-con-pinza-trms-ac68c\/#primaryimage","url":"https:\/\/techmasterdemexico.com\/wp-content\/uploads\/2021\/08\/PD_AC68C1.jpg","contentUrl":"https:\/\/techmasterdemexico.com\/wp-content\/uploads\/2021\/08\/PD_AC68C1.jpg","width":500,"height":500},{"@type":"BreadcrumbList","@id":"https:\/\/techmasterdemexico.com\/producto\/multimetro-digital-con-pinza-trms-ac68c\/#breadcrumb","itemListElement":[{"@type":"ListItem","position":1,"name":"Portada","item":"https:\/\/techmasterdemexico.com\/"},{"@type":"ListItem","position":2,"name":"Mult\u00edmetro digital con pinza TRMS AC68C"}]},{"@type":"WebSite","@id":"https:\/\/techmasterdemexico.com\/#website","url":"https:\/\/techmasterdemexico.com\/","name":"Techmaster de Mexico","description":"","potentialAction":[{"@type":"SearchAction","target":{"@type":"EntryPoint","urlTemplate":"https:\/\/techmasterdemexico.com\/?s={search_term_string}"},"query-input":{"@type":"PropertyValueSpecification","valueRequired":true,"valueName":"search_term_string"}}],"inLanguage":"en-US"}]}},"brands":[{"id":104,"name":"Amprobe","slug":"amprobe"}],"_links":{"self":[{"href":"https:\/\/techmasterdemexico.com\/en\/wp-json\/wp\/v2\/product\/8287","targetHints":{"allow":["GET"]}}],"collection":[{"href":"https:\/\/techmasterdemexico.com\/en\/wp-json\/wp\/v2\/product"}],"about":[{"href":"https:\/\/techmasterdemexico.com\/en\/wp-json\/wp\/v2\/types\/product"}],"wp:featuredmedia":[{"embeddable":true,"href":"https:\/\/techmasterdemexico.com\/en\/wp-json\/wp\/v2\/media\/8504"}],"wp:attachment":[{"href":"https:\/\/techmasterdemexico.com\/en\/wp-json\/wp\/v2\/media?parent=8287"}],"wp:term":[{"taxonomy":"pwb-brand","embeddable":true,"href":"https:\/\/techmasterdemexico.com\/en\/wp-json\/wp\/v2\/pwb-brand?post=8287"},{"taxonomy":"product_brand","embeddable":true,"href":"https:\/\/techmasterdemexico.com\/en\/wp-json\/wp\/v2\/product_brand?post=8287"},{"taxonomy":"product_cat","embeddable":true,"href":"https:\/\/techmasterdemexico.com\/en\/wp-json\/wp\/v2\/product_cat?post=8287"},{"taxonomy":"product_tag","embeddable":true,"href":"https:\/\/techmasterdemexico.com\/en\/wp-json\/wp\/v2\/product_tag?post=8287"}],"curies":[{"name":"wp","href":"https:\/\/api.w.org\/{rel}","templated":true}]}}