{"id":8283,"date":"2021-08-19T19:28:31","date_gmt":"2021-08-19T19:28:31","guid":{"rendered":"http:\/\/techmastermx.ddns.net\/producto\/pinza-amperimetrica-amp-310-trms-para-mantenimiento-de-motores-hvac\/"},"modified":"2021-12-28T22:27:51","modified_gmt":"2021-12-28T22:27:51","slug":"pinza-amperimetrica-amp-310-trms-para-mantenimiento-de-motores-hvac","status":"publish","type":"product","link":"https:\/\/techmasterdemexico.com\/en\/producto\/pinza-amperimetrica-amp-310-trms-para-mantenimiento-de-motores-hvac\/","title":{"rendered":"Pinza amperim\u00e9trica AMP-310 TRMS para mantenimiento de motores HVAC"},"content":{"rendered":"<p>Amprobe AMP-310 600A AC TRMS Mantenimiento de motores HVAC Pinza amperim\u00e9trica<\/p>\n<ul>\n<li>Mide corriente CA a 600 A y voltaje CA \/ CC a 600 V<\/li>\n<li>Mide la temperatura de -40 \u00b0 a 752 \u00b0 F, (-40 \u00b0 a 400 \u00b0 C)<\/li>\n<li>Mide la salida de microamperios de CC para probar el funcionamiento correcto del sensor de llama en aparatos de gas<\/li>\n<li>Mide la capacitancia, prueba los diodos y cuenta con un zumbador de continuidad<\/li>\n<li>Prueba la secuencia trif\u00e1sica y la rotaci\u00f3n del motor para garantizar la conexi\u00f3n adecuada de un motor a un sistema trif\u00e1sico<\/li>\n<li>Monitorea la corriente de entrada durante el arranque del motor<\/li>\n<li>Cuenta con detecci\u00f3n de verdadero valor eficaz para mediciones de voltaje precisas en entornos el\u00e9ctricos ruidosos<\/li>\n<li>La funci\u00f3n Amp-Tip ofrece mediciones precisas de baja corriente CA: 0 a 60 A<\/li>\n<li>Incluye un filtro de paso bajo para medir con precisi\u00f3n el voltaje y la corriente en unidades de frecuencia variable<\/li>\n<li>Proporciona capacidades de medici\u00f3n de resistencia y continuidad para verificar la calidad de las conexiones el\u00e9ctricas y el funcionamiento adecuado de las bobinas del motor y del transformador<\/li>\n<li>Proporciona retenci\u00f3n de datos, cero relativo y modo MAX \/ MIN \/ AVG para un an\u00e1lisis r\u00e1pido<\/li>\n<li>Maximiza la vida \u00fatil de la bater\u00eda con apagado autom\u00e1tico e indicador de bater\u00eda baja<\/li>\n<li>Pantalla retroiluminada para una f\u00e1cil visualizaci\u00f3n de las mediciones en entornos brillantes y oscuros<\/li>\n<li>Clasificaci\u00f3n de seguridad CAT III 600 V<\/li>\n<li>Se adapta a conductores de hasta 1,18 pulgadas (30 mm)<\/li>\n<\/ul>\n<p>Ya sea que necesite una pinza amperim\u00e9trica para aplicaciones de HVAC, el\u00e9ctricas generales o de prueba de motores, la pinza amperim\u00e9trica AMP-310, con su gran pantalla retroiluminada, tiene las caracter\u00edsticas que necesita. Los t\u00e9cnicos de HVAC encontrar\u00e1n las medidas de temperatura y capacitancia que necesitan, adem\u00e1s de microamperios de CC para probar sensores de llama. Tambi\u00e9n ten\u00eda capacidades centrales de prueba de motores, como rotaci\u00f3n del motor, prueba de secuencia trif\u00e1sica y medici\u00f3n de corriente de irrupci\u00f3n para el monitoreo del arranque del motor. El filtro de paso bajo le permite medir con precisi\u00f3n la corriente y el voltaje en unidades de frecuencia variable. La funci\u00f3n Amp-Tip permite una medici\u00f3n precisa de la corriente hasta la d\u00e9cima parte de un amperio, lo que permite una medici\u00f3n precisa de la corriente de cables de di\u00e1metro grande y peque\u00f1o. Tambi\u00e9n ofrece una gama completa de funciones de mult\u00edmetro est\u00e1ndar, que incluyen corriente CA, voltaje CA \/ CC, frecuencia, verdadero valor eficaz<\/p>\n","protected":false},"excerpt":{"rendered":"<p>Amprobe AMP-310 600A AC TRMS Mantenimiento de motores HVAC Pinza amperim\u00e9trica Mide corriente CA a 600 A y voltaje CA \/ CC a 600 V Mide la temperatura de -40 \u00b0 a 752 \u00b0 F, (-40 \u00b0 a 400 \u00b0 C) Mide la salida de microamperios de CC para probar el funcionamiento correcto del sensor [&hellip;]<\/p>\n","protected":false},"featured_media":8528,"template":"","meta":{"_acf_changed":false},"pwb-brand":[104],"product_brand":[],"product_cat":[366,101,108,160],"product_tag":[],"class_list":{"0":"post-8283","1":"product","2":"type-product","3":"status-publish","4":"has-post-thumbnail","6":"pwb-brand-amprobe","7":"product_cat-todos-los-productos","8":"product_cat-amprobe","9":"product_cat-pinzas-amperimetricas-amprobe","10":"product_cat-pinzas-amperimetricas-con-multiples-funciones","12":"first","13":"instock","14":"taxable","15":"shipping-taxable","16":"product-type-simple"},"acf":[],"yoast_head":"<!-- This site is optimized with the Yoast SEO plugin v27.4 - https:\/\/yoast.com\/product\/yoast-seo-wordpress\/ -->\n<title>Pinza amperim\u00e9trica AMP-310 TRMS para mantenimiento de motores HVAC - Techmaster de Mexico<\/title>\n<meta name=\"robots\" content=\"index, follow, max-snippet:-1, max-image-preview:large, max-video-preview:-1\" \/>\n<link rel=\"canonical\" href=\"https:\/\/techmasterdemexico.com\/producto\/pinza-amperimetrica-amp-310-trms-para-mantenimiento-de-motores-hvac\/\" \/>\n<meta property=\"og:locale\" content=\"en_US\" \/>\n<meta property=\"og:type\" content=\"article\" \/>\n<meta property=\"og:title\" content=\"Pinza amperim\u00e9trica AMP-310 TRMS para mantenimiento de motores HVAC - Techmaster de Mexico\" \/>\n<meta property=\"og:description\" content=\"Amprobe AMP-310 600A AC TRMS Mantenimiento de motores HVAC Pinza amperim\u00e9trica Mide corriente CA a 600 A y voltaje CA \/ CC a 600 V Mide la temperatura de -40 \u00b0 a 752 \u00b0 F, (-40 \u00b0 a 400 \u00b0 C) Mide la salida de microamperios de CC para probar el funcionamiento correcto del sensor [&hellip;]\" \/>\n<meta property=\"og:url\" content=\"https:\/\/techmasterdemexico.com\/producto\/pinza-amperimetrica-amp-310-trms-para-mantenimiento-de-motores-hvac\/\" \/>\n<meta property=\"og:site_name\" content=\"Techmaster de Mexico\" \/>\n<meta property=\"article:modified_time\" content=\"2021-12-28T22:27:51+00:00\" \/>\n<meta property=\"og:image\" content=\"https:\/\/techmasterdemexico.com\/wp-content\/uploads\/2021\/08\/PD_AMP-310-1.jpg\" \/>\n\t<meta property=\"og:image:width\" content=\"500\" \/>\n\t<meta property=\"og:image:height\" content=\"500\" \/>\n\t<meta property=\"og:image:type\" content=\"image\/jpeg\" \/>\n<meta name=\"twitter:card\" content=\"summary_large_image\" \/>\n<meta name=\"twitter:label1\" content=\"Est. reading time\" \/>\n\t<meta name=\"twitter:data1\" content=\"2 minutes\" \/>\n<script type=\"application\/ld+json\" class=\"yoast-schema-graph\">{\"@context\":\"https:\\\/\\\/schema.org\",\"@graph\":[{\"@type\":\"WebPage\",\"@id\":\"https:\\\/\\\/techmasterdemexico.com\\\/producto\\\/pinza-amperimetrica-amp-310-trms-para-mantenimiento-de-motores-hvac\\\/\",\"url\":\"https:\\\/\\\/techmasterdemexico.com\\\/producto\\\/pinza-amperimetrica-amp-310-trms-para-mantenimiento-de-motores-hvac\\\/\",\"name\":\"Pinza amperim\u00e9trica AMP-310 TRMS para mantenimiento de motores HVAC - Techmaster de Mexico\",\"isPartOf\":{\"@id\":\"https:\\\/\\\/techmasterdemexico.com\\\/#website\"},\"primaryImageOfPage\":{\"@id\":\"https:\\\/\\\/techmasterdemexico.com\\\/producto\\\/pinza-amperimetrica-amp-310-trms-para-mantenimiento-de-motores-hvac\\\/#primaryimage\"},\"image\":{\"@id\":\"https:\\\/\\\/techmasterdemexico.com\\\/producto\\\/pinza-amperimetrica-amp-310-trms-para-mantenimiento-de-motores-hvac\\\/#primaryimage\"},\"thumbnailUrl\":\"https:\\\/\\\/techmasterdemexico.com\\\/wp-content\\\/uploads\\\/2021\\\/08\\\/PD_AMP-310-1.jpg\",\"datePublished\":\"2021-08-19T19:28:31+00:00\",\"dateModified\":\"2021-12-28T22:27:51+00:00\",\"breadcrumb\":{\"@id\":\"https:\\\/\\\/techmasterdemexico.com\\\/producto\\\/pinza-amperimetrica-amp-310-trms-para-mantenimiento-de-motores-hvac\\\/#breadcrumb\"},\"inLanguage\":\"en-US\",\"potentialAction\":[{\"@type\":\"ReadAction\",\"target\":[\"https:\\\/\\\/techmasterdemexico.com\\\/producto\\\/pinza-amperimetrica-amp-310-trms-para-mantenimiento-de-motores-hvac\\\/\"]}]},{\"@type\":\"ImageObject\",\"inLanguage\":\"en-US\",\"@id\":\"https:\\\/\\\/techmasterdemexico.com\\\/producto\\\/pinza-amperimetrica-amp-310-trms-para-mantenimiento-de-motores-hvac\\\/#primaryimage\",\"url\":\"https:\\\/\\\/techmasterdemexico.com\\\/wp-content\\\/uploads\\\/2021\\\/08\\\/PD_AMP-310-1.jpg\",\"contentUrl\":\"https:\\\/\\\/techmasterdemexico.com\\\/wp-content\\\/uploads\\\/2021\\\/08\\\/PD_AMP-310-1.jpg\",\"width\":500,\"height\":500},{\"@type\":\"BreadcrumbList\",\"@id\":\"https:\\\/\\\/techmasterdemexico.com\\\/producto\\\/pinza-amperimetrica-amp-310-trms-para-mantenimiento-de-motores-hvac\\\/#breadcrumb\",\"itemListElement\":[{\"@type\":\"ListItem\",\"position\":1,\"name\":\"Portada\",\"item\":\"https:\\\/\\\/techmasterdemexico.com\\\/\"},{\"@type\":\"ListItem\",\"position\":2,\"name\":\"Pinza amperim\u00e9trica AMP-310 TRMS para mantenimiento de motores HVAC\"}]},{\"@type\":\"WebSite\",\"@id\":\"https:\\\/\\\/techmasterdemexico.com\\\/#website\",\"url\":\"https:\\\/\\\/techmasterdemexico.com\\\/\",\"name\":\"Techmaster de Mexico\",\"description\":\"\",\"potentialAction\":[{\"@type\":\"SearchAction\",\"target\":{\"@type\":\"EntryPoint\",\"urlTemplate\":\"https:\\\/\\\/techmasterdemexico.com\\\/?s={search_term_string}\"},\"query-input\":{\"@type\":\"PropertyValueSpecification\",\"valueRequired\":true,\"valueName\":\"search_term_string\"}}],\"inLanguage\":\"en-US\"}]}<\/script>\n<!-- \/ Yoast SEO plugin. -->","yoast_head_json":{"title":"Pinza amperim\u00e9trica AMP-310 TRMS para mantenimiento de motores HVAC - Techmaster de Mexico","robots":{"index":"index","follow":"follow","max-snippet":"max-snippet:-1","max-image-preview":"max-image-preview:large","max-video-preview":"max-video-preview:-1"},"canonical":"https:\/\/techmasterdemexico.com\/producto\/pinza-amperimetrica-amp-310-trms-para-mantenimiento-de-motores-hvac\/","og_locale":"en_US","og_type":"article","og_title":"Pinza amperim\u00e9trica AMP-310 TRMS para mantenimiento de motores HVAC - Techmaster de Mexico","og_description":"Amprobe AMP-310 600A AC TRMS Mantenimiento de motores HVAC Pinza amperim\u00e9trica Mide corriente CA a 600 A y voltaje CA \/ CC a 600 V Mide la temperatura de -40 \u00b0 a 752 \u00b0 F, (-40 \u00b0 a 400 \u00b0 C) Mide la salida de microamperios de CC para probar el funcionamiento correcto del sensor [&hellip;]","og_url":"https:\/\/techmasterdemexico.com\/producto\/pinza-amperimetrica-amp-310-trms-para-mantenimiento-de-motores-hvac\/","og_site_name":"Techmaster de Mexico","article_modified_time":"2021-12-28T22:27:51+00:00","og_image":[{"width":500,"height":500,"url":"https:\/\/techmasterdemexico.com\/wp-content\/uploads\/2021\/08\/PD_AMP-310-1.jpg","type":"image\/jpeg"}],"twitter_card":"summary_large_image","twitter_misc":{"Est. reading time":"2 minutes"},"schema":{"@context":"https:\/\/schema.org","@graph":[{"@type":"WebPage","@id":"https:\/\/techmasterdemexico.com\/producto\/pinza-amperimetrica-amp-310-trms-para-mantenimiento-de-motores-hvac\/","url":"https:\/\/techmasterdemexico.com\/producto\/pinza-amperimetrica-amp-310-trms-para-mantenimiento-de-motores-hvac\/","name":"Pinza amperim\u00e9trica AMP-310 TRMS para mantenimiento de motores HVAC - Techmaster de Mexico","isPartOf":{"@id":"https:\/\/techmasterdemexico.com\/#website"},"primaryImageOfPage":{"@id":"https:\/\/techmasterdemexico.com\/producto\/pinza-amperimetrica-amp-310-trms-para-mantenimiento-de-motores-hvac\/#primaryimage"},"image":{"@id":"https:\/\/techmasterdemexico.com\/producto\/pinza-amperimetrica-amp-310-trms-para-mantenimiento-de-motores-hvac\/#primaryimage"},"thumbnailUrl":"https:\/\/techmasterdemexico.com\/wp-content\/uploads\/2021\/08\/PD_AMP-310-1.jpg","datePublished":"2021-08-19T19:28:31+00:00","dateModified":"2021-12-28T22:27:51+00:00","breadcrumb":{"@id":"https:\/\/techmasterdemexico.com\/producto\/pinza-amperimetrica-amp-310-trms-para-mantenimiento-de-motores-hvac\/#breadcrumb"},"inLanguage":"en-US","potentialAction":[{"@type":"ReadAction","target":["https:\/\/techmasterdemexico.com\/producto\/pinza-amperimetrica-amp-310-trms-para-mantenimiento-de-motores-hvac\/"]}]},{"@type":"ImageObject","inLanguage":"en-US","@id":"https:\/\/techmasterdemexico.com\/producto\/pinza-amperimetrica-amp-310-trms-para-mantenimiento-de-motores-hvac\/#primaryimage","url":"https:\/\/techmasterdemexico.com\/wp-content\/uploads\/2021\/08\/PD_AMP-310-1.jpg","contentUrl":"https:\/\/techmasterdemexico.com\/wp-content\/uploads\/2021\/08\/PD_AMP-310-1.jpg","width":500,"height":500},{"@type":"BreadcrumbList","@id":"https:\/\/techmasterdemexico.com\/producto\/pinza-amperimetrica-amp-310-trms-para-mantenimiento-de-motores-hvac\/#breadcrumb","itemListElement":[{"@type":"ListItem","position":1,"name":"Portada","item":"https:\/\/techmasterdemexico.com\/"},{"@type":"ListItem","position":2,"name":"Pinza amperim\u00e9trica AMP-310 TRMS para mantenimiento de motores HVAC"}]},{"@type":"WebSite","@id":"https:\/\/techmasterdemexico.com\/#website","url":"https:\/\/techmasterdemexico.com\/","name":"Techmaster de Mexico","description":"","potentialAction":[{"@type":"SearchAction","target":{"@type":"EntryPoint","urlTemplate":"https:\/\/techmasterdemexico.com\/?s={search_term_string}"},"query-input":{"@type":"PropertyValueSpecification","valueRequired":true,"valueName":"search_term_string"}}],"inLanguage":"en-US"}]}},"brands":[{"id":104,"name":"Amprobe","slug":"amprobe"}],"_links":{"self":[{"href":"https:\/\/techmasterdemexico.com\/en\/wp-json\/wp\/v2\/product\/8283","targetHints":{"allow":["GET"]}}],"collection":[{"href":"https:\/\/techmasterdemexico.com\/en\/wp-json\/wp\/v2\/product"}],"about":[{"href":"https:\/\/techmasterdemexico.com\/en\/wp-json\/wp\/v2\/types\/product"}],"wp:featuredmedia":[{"embeddable":true,"href":"https:\/\/techmasterdemexico.com\/en\/wp-json\/wp\/v2\/media\/8528"}],"wp:attachment":[{"href":"https:\/\/techmasterdemexico.com\/en\/wp-json\/wp\/v2\/media?parent=8283"}],"wp:term":[{"taxonomy":"pwb-brand","embeddable":true,"href":"https:\/\/techmasterdemexico.com\/en\/wp-json\/wp\/v2\/pwb-brand?post=8283"},{"taxonomy":"product_brand","embeddable":true,"href":"https:\/\/techmasterdemexico.com\/en\/wp-json\/wp\/v2\/product_brand?post=8283"},{"taxonomy":"product_cat","embeddable":true,"href":"https:\/\/techmasterdemexico.com\/en\/wp-json\/wp\/v2\/product_cat?post=8283"},{"taxonomy":"product_tag","embeddable":true,"href":"https:\/\/techmasterdemexico.com\/en\/wp-json\/wp\/v2\/product_tag?post=8283"}],"curies":[{"name":"wp","href":"https:\/\/api.w.org\/{rel}","templated":true}]}}