{"id":8281,"date":"2021-08-19T19:28:26","date_gmt":"2021-08-19T19:28:26","guid":{"rendered":"http:\/\/techmastermx.ddns.net\/producto\/pinza-amperimetrica-amprobe-amp-210-600a-ac-trms\/"},"modified":"2021-12-28T22:27:52","modified_gmt":"2021-12-28T22:27:52","slug":"pinza-amperimetrica-amprobe-amp-210-600a-ac-trms","status":"publish","type":"product","link":"https:\/\/techmasterdemexico.com\/en\/producto\/pinza-amperimetrica-amprobe-amp-210-600a-ac-trms\/","title":{"rendered":"Pinza amperim\u00e9trica Amprobe AMP-210 600A AC TRMS"},"content":{"rendered":"<p>Pinza amperim\u00e9trica Amprobe AMP-210 600A AC TRMS<\/p>\n<ul>\n<li>Mide corriente CA a 600 A y voltaje CA \/ CC a 600 V<\/li>\n<li>Cuenta con detecci\u00f3n de verdadero valor eficaz para mediciones de voltaje precisas en entornos el\u00e9ctricos ruidosos<\/li>\n<li>Amp-Tip ofrece mediciones precisas de baja corriente CA: 0 a 60 A<\/li>\n<li>Incluye un filtro de paso bajo para medir con precisi\u00f3n el voltaje y la corriente en unidades de frecuencia variable<\/li>\n<li>Medici\u00f3n de capacitancia, se\u00f1al ac\u00fastica de continuidad y prueba de diodos<\/li>\n<li>Proporciona capacidades de medici\u00f3n de resistencia y continuidad para verificar la calidad de las conexiones el\u00e9ctricas y el funcionamiento adecuado de las bobinas del motor y del transformador<\/li>\n<li>Ofrece retenci\u00f3n de datos y cero relativo para un an\u00e1lisis r\u00e1pido<\/li>\n<li>Maximiza la vida \u00fatil de la bater\u00eda con apagado autom\u00e1tico e indicador de bater\u00eda baja<\/li>\n<li>Pantalla retroiluminada para una f\u00e1cil visualizaci\u00f3n de las mediciones en entornos brillantes y oscuros<\/li>\n<li>Acomoda conductores de hasta 1,18 pulg. (30 mm)<\/li>\n<li>Clasificaci\u00f3n de seguridad CAT III 600 V<\/li>\n<\/ul>\n<p>Con una gama completa de funciones de medici\u00f3n de corriente CA, voltaje CA \/ CC y frecuencia para la resoluci\u00f3n de problemas el\u00e9ctricos b\u00e1sicos, la pinza amperim\u00e9trica AMP-210 con su gran pantalla retroiluminada es una excelente opci\u00f3n de pinza amperim\u00e9trica. Con clasificaci\u00f3n CAT III 600 V, la pinza amperim\u00e9trica AMP-210 ofrece detecci\u00f3n de verdadero valor eficaz, procesador de respuesta r\u00e1pida, detecci\u00f3n de voltaje sin contacto, capacitancia, mediciones de resistencia y continuidad para mejorar la eficiencia y la seguridad en los complejos entornos el\u00e9ctricos actuales. La funci\u00f3n Amp-Tip permite una medici\u00f3n precisa de la corriente hasta la d\u00e9cima parte de un amperio, lo que permite una medici\u00f3n precisa de la corriente de cables de di\u00e1metro grande y peque\u00f1o. Un filtro de paso bajo permite la medici\u00f3n de corriente y voltaje en variadores de frecuencia (motores con velocidad controlada por frecuencia).<\/p>\n","protected":false},"excerpt":{"rendered":"<p>Pinza amperim\u00e9trica Amprobe AMP-210 600A AC TRMS Mide corriente CA a 600 A y voltaje CA \/ CC a 600 V Cuenta con detecci\u00f3n de verdadero valor eficaz para mediciones de voltaje precisas en entornos el\u00e9ctricos ruidosos Amp-Tip ofrece mediciones precisas de baja corriente CA: 0 a 60 A Incluye un filtro de paso bajo [&hellip;]<\/p>\n","protected":false},"featured_media":8540,"template":"","meta":{"_acf_changed":false},"pwb-brand":[104],"product_brand":[],"product_cat":[366,101,108,160],"product_tag":[],"class_list":{"0":"post-8281","1":"product","2":"type-product","3":"status-publish","4":"has-post-thumbnail","6":"pwb-brand-amprobe","7":"product_cat-todos-los-productos","8":"product_cat-amprobe","9":"product_cat-pinzas-amperimetricas-amprobe","10":"product_cat-pinzas-amperimetricas-con-multiples-funciones","12":"first","13":"instock","14":"taxable","15":"shipping-taxable","16":"product-type-simple"},"acf":[],"yoast_head":"<!-- This site is optimized with the Yoast SEO plugin v27.4 - https:\/\/yoast.com\/product\/yoast-seo-wordpress\/ -->\n<title>Pinza amperim\u00e9trica Amprobe AMP-210 600A AC TRMS - Techmaster de Mexico<\/title>\n<meta name=\"robots\" content=\"index, follow, max-snippet:-1, max-image-preview:large, max-video-preview:-1\" \/>\n<link rel=\"canonical\" href=\"https:\/\/techmasterdemexico.com\/producto\/pinza-amperimetrica-amprobe-amp-210-600a-ac-trms\/\" \/>\n<meta property=\"og:locale\" content=\"en_US\" \/>\n<meta property=\"og:type\" content=\"article\" \/>\n<meta property=\"og:title\" content=\"Pinza amperim\u00e9trica Amprobe AMP-210 600A AC TRMS - Techmaster de Mexico\" \/>\n<meta property=\"og:description\" content=\"Pinza amperim\u00e9trica Amprobe AMP-210 600A AC TRMS Mide corriente CA a 600 A y voltaje CA \/ CC a 600 V Cuenta con detecci\u00f3n de verdadero valor eficaz para mediciones de voltaje precisas en entornos el\u00e9ctricos ruidosos Amp-Tip ofrece mediciones precisas de baja corriente CA: 0 a 60 A Incluye un filtro de paso bajo [&hellip;]\" \/>\n<meta property=\"og:url\" content=\"https:\/\/techmasterdemexico.com\/producto\/pinza-amperimetrica-amprobe-amp-210-600a-ac-trms\/\" \/>\n<meta property=\"og:site_name\" content=\"Techmaster de Mexico\" \/>\n<meta property=\"article:modified_time\" content=\"2021-12-28T22:27:52+00:00\" \/>\n<meta property=\"og:image\" content=\"https:\/\/techmasterdemexico.com\/wp-content\/uploads\/2021\/08\/PD_AMP-210-1.jpg\" \/>\n\t<meta property=\"og:image:width\" content=\"500\" \/>\n\t<meta property=\"og:image:height\" content=\"500\" \/>\n\t<meta property=\"og:image:type\" content=\"image\/jpeg\" \/>\n<meta name=\"twitter:card\" content=\"summary_large_image\" \/>\n<meta name=\"twitter:label1\" content=\"Est. reading time\" \/>\n\t<meta name=\"twitter:data1\" content=\"2 minutes\" \/>\n<script type=\"application\/ld+json\" class=\"yoast-schema-graph\">{\"@context\":\"https:\\\/\\\/schema.org\",\"@graph\":[{\"@type\":\"WebPage\",\"@id\":\"https:\\\/\\\/techmasterdemexico.com\\\/producto\\\/pinza-amperimetrica-amprobe-amp-210-600a-ac-trms\\\/\",\"url\":\"https:\\\/\\\/techmasterdemexico.com\\\/producto\\\/pinza-amperimetrica-amprobe-amp-210-600a-ac-trms\\\/\",\"name\":\"Pinza amperim\u00e9trica Amprobe AMP-210 600A AC TRMS - Techmaster de Mexico\",\"isPartOf\":{\"@id\":\"https:\\\/\\\/techmasterdemexico.com\\\/#website\"},\"primaryImageOfPage\":{\"@id\":\"https:\\\/\\\/techmasterdemexico.com\\\/producto\\\/pinza-amperimetrica-amprobe-amp-210-600a-ac-trms\\\/#primaryimage\"},\"image\":{\"@id\":\"https:\\\/\\\/techmasterdemexico.com\\\/producto\\\/pinza-amperimetrica-amprobe-amp-210-600a-ac-trms\\\/#primaryimage\"},\"thumbnailUrl\":\"https:\\\/\\\/techmasterdemexico.com\\\/wp-content\\\/uploads\\\/2021\\\/08\\\/PD_AMP-210-1.jpg\",\"datePublished\":\"2021-08-19T19:28:26+00:00\",\"dateModified\":\"2021-12-28T22:27:52+00:00\",\"breadcrumb\":{\"@id\":\"https:\\\/\\\/techmasterdemexico.com\\\/producto\\\/pinza-amperimetrica-amprobe-amp-210-600a-ac-trms\\\/#breadcrumb\"},\"inLanguage\":\"en-US\",\"potentialAction\":[{\"@type\":\"ReadAction\",\"target\":[\"https:\\\/\\\/techmasterdemexico.com\\\/producto\\\/pinza-amperimetrica-amprobe-amp-210-600a-ac-trms\\\/\"]}]},{\"@type\":\"ImageObject\",\"inLanguage\":\"en-US\",\"@id\":\"https:\\\/\\\/techmasterdemexico.com\\\/producto\\\/pinza-amperimetrica-amprobe-amp-210-600a-ac-trms\\\/#primaryimage\",\"url\":\"https:\\\/\\\/techmasterdemexico.com\\\/wp-content\\\/uploads\\\/2021\\\/08\\\/PD_AMP-210-1.jpg\",\"contentUrl\":\"https:\\\/\\\/techmasterdemexico.com\\\/wp-content\\\/uploads\\\/2021\\\/08\\\/PD_AMP-210-1.jpg\",\"width\":500,\"height\":500},{\"@type\":\"BreadcrumbList\",\"@id\":\"https:\\\/\\\/techmasterdemexico.com\\\/producto\\\/pinza-amperimetrica-amprobe-amp-210-600a-ac-trms\\\/#breadcrumb\",\"itemListElement\":[{\"@type\":\"ListItem\",\"position\":1,\"name\":\"Portada\",\"item\":\"https:\\\/\\\/techmasterdemexico.com\\\/\"},{\"@type\":\"ListItem\",\"position\":2,\"name\":\"Pinza amperim\u00e9trica Amprobe AMP-210 600A AC TRMS\"}]},{\"@type\":\"WebSite\",\"@id\":\"https:\\\/\\\/techmasterdemexico.com\\\/#website\",\"url\":\"https:\\\/\\\/techmasterdemexico.com\\\/\",\"name\":\"Techmaster de Mexico\",\"description\":\"\",\"potentialAction\":[{\"@type\":\"SearchAction\",\"target\":{\"@type\":\"EntryPoint\",\"urlTemplate\":\"https:\\\/\\\/techmasterdemexico.com\\\/?s={search_term_string}\"},\"query-input\":{\"@type\":\"PropertyValueSpecification\",\"valueRequired\":true,\"valueName\":\"search_term_string\"}}],\"inLanguage\":\"en-US\"}]}<\/script>\n<!-- \/ Yoast SEO plugin. -->","yoast_head_json":{"title":"Pinza amperim\u00e9trica Amprobe AMP-210 600A AC TRMS - Techmaster de Mexico","robots":{"index":"index","follow":"follow","max-snippet":"max-snippet:-1","max-image-preview":"max-image-preview:large","max-video-preview":"max-video-preview:-1"},"canonical":"https:\/\/techmasterdemexico.com\/producto\/pinza-amperimetrica-amprobe-amp-210-600a-ac-trms\/","og_locale":"en_US","og_type":"article","og_title":"Pinza amperim\u00e9trica Amprobe AMP-210 600A AC TRMS - Techmaster de Mexico","og_description":"Pinza amperim\u00e9trica Amprobe AMP-210 600A AC TRMS Mide corriente CA a 600 A y voltaje CA \/ CC a 600 V Cuenta con detecci\u00f3n de verdadero valor eficaz para mediciones de voltaje precisas en entornos el\u00e9ctricos ruidosos Amp-Tip ofrece mediciones precisas de baja corriente CA: 0 a 60 A Incluye un filtro de paso bajo [&hellip;]","og_url":"https:\/\/techmasterdemexico.com\/producto\/pinza-amperimetrica-amprobe-amp-210-600a-ac-trms\/","og_site_name":"Techmaster de Mexico","article_modified_time":"2021-12-28T22:27:52+00:00","og_image":[{"width":500,"height":500,"url":"https:\/\/techmasterdemexico.com\/wp-content\/uploads\/2021\/08\/PD_AMP-210-1.jpg","type":"image\/jpeg"}],"twitter_card":"summary_large_image","twitter_misc":{"Est. reading time":"2 minutes"},"schema":{"@context":"https:\/\/schema.org","@graph":[{"@type":"WebPage","@id":"https:\/\/techmasterdemexico.com\/producto\/pinza-amperimetrica-amprobe-amp-210-600a-ac-trms\/","url":"https:\/\/techmasterdemexico.com\/producto\/pinza-amperimetrica-amprobe-amp-210-600a-ac-trms\/","name":"Pinza amperim\u00e9trica Amprobe AMP-210 600A AC TRMS - Techmaster de Mexico","isPartOf":{"@id":"https:\/\/techmasterdemexico.com\/#website"},"primaryImageOfPage":{"@id":"https:\/\/techmasterdemexico.com\/producto\/pinza-amperimetrica-amprobe-amp-210-600a-ac-trms\/#primaryimage"},"image":{"@id":"https:\/\/techmasterdemexico.com\/producto\/pinza-amperimetrica-amprobe-amp-210-600a-ac-trms\/#primaryimage"},"thumbnailUrl":"https:\/\/techmasterdemexico.com\/wp-content\/uploads\/2021\/08\/PD_AMP-210-1.jpg","datePublished":"2021-08-19T19:28:26+00:00","dateModified":"2021-12-28T22:27:52+00:00","breadcrumb":{"@id":"https:\/\/techmasterdemexico.com\/producto\/pinza-amperimetrica-amprobe-amp-210-600a-ac-trms\/#breadcrumb"},"inLanguage":"en-US","potentialAction":[{"@type":"ReadAction","target":["https:\/\/techmasterdemexico.com\/producto\/pinza-amperimetrica-amprobe-amp-210-600a-ac-trms\/"]}]},{"@type":"ImageObject","inLanguage":"en-US","@id":"https:\/\/techmasterdemexico.com\/producto\/pinza-amperimetrica-amprobe-amp-210-600a-ac-trms\/#primaryimage","url":"https:\/\/techmasterdemexico.com\/wp-content\/uploads\/2021\/08\/PD_AMP-210-1.jpg","contentUrl":"https:\/\/techmasterdemexico.com\/wp-content\/uploads\/2021\/08\/PD_AMP-210-1.jpg","width":500,"height":500},{"@type":"BreadcrumbList","@id":"https:\/\/techmasterdemexico.com\/producto\/pinza-amperimetrica-amprobe-amp-210-600a-ac-trms\/#breadcrumb","itemListElement":[{"@type":"ListItem","position":1,"name":"Portada","item":"https:\/\/techmasterdemexico.com\/"},{"@type":"ListItem","position":2,"name":"Pinza amperim\u00e9trica Amprobe AMP-210 600A AC TRMS"}]},{"@type":"WebSite","@id":"https:\/\/techmasterdemexico.com\/#website","url":"https:\/\/techmasterdemexico.com\/","name":"Techmaster de Mexico","description":"","potentialAction":[{"@type":"SearchAction","target":{"@type":"EntryPoint","urlTemplate":"https:\/\/techmasterdemexico.com\/?s={search_term_string}"},"query-input":{"@type":"PropertyValueSpecification","valueRequired":true,"valueName":"search_term_string"}}],"inLanguage":"en-US"}]}},"brands":[{"id":104,"name":"Amprobe","slug":"amprobe"}],"_links":{"self":[{"href":"https:\/\/techmasterdemexico.com\/en\/wp-json\/wp\/v2\/product\/8281","targetHints":{"allow":["GET"]}}],"collection":[{"href":"https:\/\/techmasterdemexico.com\/en\/wp-json\/wp\/v2\/product"}],"about":[{"href":"https:\/\/techmasterdemexico.com\/en\/wp-json\/wp\/v2\/types\/product"}],"wp:featuredmedia":[{"embeddable":true,"href":"https:\/\/techmasterdemexico.com\/en\/wp-json\/wp\/v2\/media\/8540"}],"wp:attachment":[{"href":"https:\/\/techmasterdemexico.com\/en\/wp-json\/wp\/v2\/media?parent=8281"}],"wp:term":[{"taxonomy":"pwb-brand","embeddable":true,"href":"https:\/\/techmasterdemexico.com\/en\/wp-json\/wp\/v2\/pwb-brand?post=8281"},{"taxonomy":"product_brand","embeddable":true,"href":"https:\/\/techmasterdemexico.com\/en\/wp-json\/wp\/v2\/product_brand?post=8281"},{"taxonomy":"product_cat","embeddable":true,"href":"https:\/\/techmasterdemexico.com\/en\/wp-json\/wp\/v2\/product_cat?post=8281"},{"taxonomy":"product_tag","embeddable":true,"href":"https:\/\/techmasterdemexico.com\/en\/wp-json\/wp\/v2\/product_tag?post=8281"}],"curies":[{"name":"wp","href":"https:\/\/api.w.org\/{rel}","templated":true}]}}