{"id":8280,"date":"2021-08-19T19:28:25","date_gmt":"2021-08-19T19:28:25","guid":{"rendered":"http:\/\/techmastermx.ddns.net\/producto\/mini-pinza-amperimetrica-amp-25-ac-dc-trms\/"},"modified":"2021-12-28T22:27:53","modified_gmt":"2021-12-28T22:27:53","slug":"mini-pinza-amperimetrica-amp-25-ac-dc-trms","status":"publish","type":"product","link":"https:\/\/techmasterdemexico.com\/en\/producto\/mini-pinza-amperimetrica-amp-25-ac-dc-trms\/","title":{"rendered":"Mini Pinza amperim\u00e9trica AMP-25 AC\/DC TRMS"},"content":{"rendered":"<p>Mini abrazadera Amprobe AMP-25<\/p>\n<ul>\n<li>Cuenta con detecci\u00f3n de verdadero valor eficaz para mediciones de voltaje precisas en entornos el\u00e9ctricos ruidosos<\/li>\n<li>Mide corriente CA \/ CC hasta 300 A (resoluci\u00f3n de 10 mA)<\/li>\n<li>Incluye un filtro de paso bajo para medir con precisi\u00f3n el voltaje y la corriente en unidades de frecuencia variable<\/li>\n<li>Corriente de irrupci\u00f3n para la monitorizaci\u00f3n del arranque del motor<\/li>\n<li>Detecci\u00f3n de voltaje sin contacto (NCV) para detectar la presencia de voltaje<\/li>\n<li>Apertura de la mand\u00edbula a 1 pulg. (25 mm)<\/li>\n<li>Rango autom\u00e1tico<\/li>\n<li>Retenci\u00f3n de datos y cero DCA<\/li>\n<li>Maximiza la duraci\u00f3n de la bater\u00eda con apagado autom\u00e1tico<\/li>\n<li>Pantalla retroiluminada para una f\u00e1cil visualizaci\u00f3n de las mediciones en entornos brillantes y oscuros<\/li>\n<\/ul>\n<p>El tama\u00f1o peque\u00f1o no significa caracter\u00edsticas peque\u00f1as. La mini-abrazadera Amprobe AMP-25 es de bolsillo, lo que permite realizar comprobaciones r\u00e1pidas y sencillas de los sistemas el\u00e9ctricos. Con su construcci\u00f3n resistente y clasificaci\u00f3n CAT III 600 V, el AMP-25 es una herramienta profesional de resoluci\u00f3n de problemas imprescindible para electricistas comerciales y contratistas el\u00e9ctricos.<\/p>\n<p>El AMP-25 est\u00e1 dise\u00f1ado para medir la corriente de carga CA \/ CC y la corriente de arranque de los motores. Las caracter\u00edsticas esenciales como True-RMS, voltaje sin contacto y filtro de paso bajo hacen que esta abrazadera se mantenga alta junto a abrazaderas del doble de su tama\u00f1o. Con el AMP-25, nunca tendr\u00e1 que sacrificar rendimiento por tama\u00f1o.<\/p>\n","protected":false},"excerpt":{"rendered":"<p>Mini abrazadera Amprobe AMP-25 Cuenta con detecci\u00f3n de verdadero valor eficaz para mediciones de voltaje precisas en entornos el\u00e9ctricos ruidosos Mide corriente CA \/ CC hasta 300 A (resoluci\u00f3n de 10 mA) Incluye un filtro de paso bajo para medir con precisi\u00f3n el voltaje y la corriente en unidades de frecuencia variable Corriente de irrupci\u00f3n [&hellip;]<\/p>\n","protected":false},"featured_media":8546,"template":"","meta":{"_acf_changed":false},"pwb-brand":[104],"product_brand":[],"product_cat":[366,101,108,160],"product_tag":[],"class_list":{"0":"post-8280","1":"product","2":"type-product","3":"status-publish","4":"has-post-thumbnail","6":"pwb-brand-amprobe","7":"product_cat-todos-los-productos","8":"product_cat-amprobe","9":"product_cat-pinzas-amperimetricas-amprobe","10":"product_cat-pinzas-amperimetricas-con-multiples-funciones","12":"first","13":"instock","14":"taxable","15":"shipping-taxable","16":"product-type-simple"},"acf":[],"yoast_head":"<!-- This site is optimized with the Yoast SEO plugin v27.4 - https:\/\/yoast.com\/product\/yoast-seo-wordpress\/ -->\n<title>Mini Pinza amperim\u00e9trica AMP-25 AC\/DC TRMS - Techmaster de Mexico<\/title>\n<meta name=\"robots\" content=\"index, follow, max-snippet:-1, max-image-preview:large, max-video-preview:-1\" \/>\n<link rel=\"canonical\" href=\"https:\/\/techmasterdemexico.com\/producto\/mini-pinza-amperimetrica-amp-25-ac-dc-trms\/\" \/>\n<meta property=\"og:locale\" content=\"en_US\" \/>\n<meta property=\"og:type\" content=\"article\" \/>\n<meta property=\"og:title\" content=\"Mini Pinza amperim\u00e9trica AMP-25 AC\/DC TRMS - Techmaster de Mexico\" \/>\n<meta property=\"og:description\" content=\"Mini abrazadera Amprobe AMP-25 Cuenta con detecci\u00f3n de verdadero valor eficaz para mediciones de voltaje precisas en entornos el\u00e9ctricos ruidosos Mide corriente CA \/ CC hasta 300 A (resoluci\u00f3n de 10 mA) Incluye un filtro de paso bajo para medir con precisi\u00f3n el voltaje y la corriente en unidades de frecuencia variable Corriente de irrupci\u00f3n [&hellip;]\" \/>\n<meta property=\"og:url\" content=\"https:\/\/techmasterdemexico.com\/producto\/mini-pinza-amperimetrica-amp-25-ac-dc-trms\/\" \/>\n<meta property=\"og:site_name\" content=\"Techmaster de Mexico\" \/>\n<meta property=\"article:modified_time\" content=\"2021-12-28T22:27:53+00:00\" \/>\n<meta property=\"og:image\" content=\"https:\/\/techmasterdemexico.com\/wp-content\/uploads\/2021\/08\/PD_AMP-25-1.jpg\" \/>\n\t<meta property=\"og:image:width\" content=\"500\" \/>\n\t<meta property=\"og:image:height\" content=\"500\" \/>\n\t<meta property=\"og:image:type\" content=\"image\/jpeg\" \/>\n<meta name=\"twitter:card\" content=\"summary_large_image\" \/>\n<meta name=\"twitter:label1\" content=\"Est. reading time\" \/>\n\t<meta name=\"twitter:data1\" content=\"1 minute\" \/>\n<script type=\"application\/ld+json\" class=\"yoast-schema-graph\">{\"@context\":\"https:\\\/\\\/schema.org\",\"@graph\":[{\"@type\":\"WebPage\",\"@id\":\"https:\\\/\\\/techmasterdemexico.com\\\/producto\\\/mini-pinza-amperimetrica-amp-25-ac-dc-trms\\\/\",\"url\":\"https:\\\/\\\/techmasterdemexico.com\\\/producto\\\/mini-pinza-amperimetrica-amp-25-ac-dc-trms\\\/\",\"name\":\"Mini Pinza amperim\u00e9trica AMP-25 AC\\\/DC TRMS - Techmaster de Mexico\",\"isPartOf\":{\"@id\":\"https:\\\/\\\/techmasterdemexico.com\\\/#website\"},\"primaryImageOfPage\":{\"@id\":\"https:\\\/\\\/techmasterdemexico.com\\\/producto\\\/mini-pinza-amperimetrica-amp-25-ac-dc-trms\\\/#primaryimage\"},\"image\":{\"@id\":\"https:\\\/\\\/techmasterdemexico.com\\\/producto\\\/mini-pinza-amperimetrica-amp-25-ac-dc-trms\\\/#primaryimage\"},\"thumbnailUrl\":\"https:\\\/\\\/techmasterdemexico.com\\\/wp-content\\\/uploads\\\/2021\\\/08\\\/PD_AMP-25-1.jpg\",\"datePublished\":\"2021-08-19T19:28:25+00:00\",\"dateModified\":\"2021-12-28T22:27:53+00:00\",\"breadcrumb\":{\"@id\":\"https:\\\/\\\/techmasterdemexico.com\\\/producto\\\/mini-pinza-amperimetrica-amp-25-ac-dc-trms\\\/#breadcrumb\"},\"inLanguage\":\"en-US\",\"potentialAction\":[{\"@type\":\"ReadAction\",\"target\":[\"https:\\\/\\\/techmasterdemexico.com\\\/producto\\\/mini-pinza-amperimetrica-amp-25-ac-dc-trms\\\/\"]}]},{\"@type\":\"ImageObject\",\"inLanguage\":\"en-US\",\"@id\":\"https:\\\/\\\/techmasterdemexico.com\\\/producto\\\/mini-pinza-amperimetrica-amp-25-ac-dc-trms\\\/#primaryimage\",\"url\":\"https:\\\/\\\/techmasterdemexico.com\\\/wp-content\\\/uploads\\\/2021\\\/08\\\/PD_AMP-25-1.jpg\",\"contentUrl\":\"https:\\\/\\\/techmasterdemexico.com\\\/wp-content\\\/uploads\\\/2021\\\/08\\\/PD_AMP-25-1.jpg\",\"width\":500,\"height\":500},{\"@type\":\"BreadcrumbList\",\"@id\":\"https:\\\/\\\/techmasterdemexico.com\\\/producto\\\/mini-pinza-amperimetrica-amp-25-ac-dc-trms\\\/#breadcrumb\",\"itemListElement\":[{\"@type\":\"ListItem\",\"position\":1,\"name\":\"Portada\",\"item\":\"https:\\\/\\\/techmasterdemexico.com\\\/\"},{\"@type\":\"ListItem\",\"position\":2,\"name\":\"Mini Pinza amperim\u00e9trica AMP-25 AC\\\/DC TRMS\"}]},{\"@type\":\"WebSite\",\"@id\":\"https:\\\/\\\/techmasterdemexico.com\\\/#website\",\"url\":\"https:\\\/\\\/techmasterdemexico.com\\\/\",\"name\":\"Techmaster de Mexico\",\"description\":\"\",\"potentialAction\":[{\"@type\":\"SearchAction\",\"target\":{\"@type\":\"EntryPoint\",\"urlTemplate\":\"https:\\\/\\\/techmasterdemexico.com\\\/?s={search_term_string}\"},\"query-input\":{\"@type\":\"PropertyValueSpecification\",\"valueRequired\":true,\"valueName\":\"search_term_string\"}}],\"inLanguage\":\"en-US\"}]}<\/script>\n<!-- \/ Yoast SEO plugin. -->","yoast_head_json":{"title":"Mini Pinza amperim\u00e9trica AMP-25 AC\/DC TRMS - Techmaster de Mexico","robots":{"index":"index","follow":"follow","max-snippet":"max-snippet:-1","max-image-preview":"max-image-preview:large","max-video-preview":"max-video-preview:-1"},"canonical":"https:\/\/techmasterdemexico.com\/producto\/mini-pinza-amperimetrica-amp-25-ac-dc-trms\/","og_locale":"en_US","og_type":"article","og_title":"Mini Pinza amperim\u00e9trica AMP-25 AC\/DC TRMS - Techmaster de Mexico","og_description":"Mini abrazadera Amprobe AMP-25 Cuenta con detecci\u00f3n de verdadero valor eficaz para mediciones de voltaje precisas en entornos el\u00e9ctricos ruidosos Mide corriente CA \/ CC hasta 300 A (resoluci\u00f3n de 10 mA) Incluye un filtro de paso bajo para medir con precisi\u00f3n el voltaje y la corriente en unidades de frecuencia variable Corriente de irrupci\u00f3n [&hellip;]","og_url":"https:\/\/techmasterdemexico.com\/producto\/mini-pinza-amperimetrica-amp-25-ac-dc-trms\/","og_site_name":"Techmaster de Mexico","article_modified_time":"2021-12-28T22:27:53+00:00","og_image":[{"width":500,"height":500,"url":"https:\/\/techmasterdemexico.com\/wp-content\/uploads\/2021\/08\/PD_AMP-25-1.jpg","type":"image\/jpeg"}],"twitter_card":"summary_large_image","twitter_misc":{"Est. reading time":"1 minute"},"schema":{"@context":"https:\/\/schema.org","@graph":[{"@type":"WebPage","@id":"https:\/\/techmasterdemexico.com\/producto\/mini-pinza-amperimetrica-amp-25-ac-dc-trms\/","url":"https:\/\/techmasterdemexico.com\/producto\/mini-pinza-amperimetrica-amp-25-ac-dc-trms\/","name":"Mini Pinza amperim\u00e9trica AMP-25 AC\/DC TRMS - Techmaster de Mexico","isPartOf":{"@id":"https:\/\/techmasterdemexico.com\/#website"},"primaryImageOfPage":{"@id":"https:\/\/techmasterdemexico.com\/producto\/mini-pinza-amperimetrica-amp-25-ac-dc-trms\/#primaryimage"},"image":{"@id":"https:\/\/techmasterdemexico.com\/producto\/mini-pinza-amperimetrica-amp-25-ac-dc-trms\/#primaryimage"},"thumbnailUrl":"https:\/\/techmasterdemexico.com\/wp-content\/uploads\/2021\/08\/PD_AMP-25-1.jpg","datePublished":"2021-08-19T19:28:25+00:00","dateModified":"2021-12-28T22:27:53+00:00","breadcrumb":{"@id":"https:\/\/techmasterdemexico.com\/producto\/mini-pinza-amperimetrica-amp-25-ac-dc-trms\/#breadcrumb"},"inLanguage":"en-US","potentialAction":[{"@type":"ReadAction","target":["https:\/\/techmasterdemexico.com\/producto\/mini-pinza-amperimetrica-amp-25-ac-dc-trms\/"]}]},{"@type":"ImageObject","inLanguage":"en-US","@id":"https:\/\/techmasterdemexico.com\/producto\/mini-pinza-amperimetrica-amp-25-ac-dc-trms\/#primaryimage","url":"https:\/\/techmasterdemexico.com\/wp-content\/uploads\/2021\/08\/PD_AMP-25-1.jpg","contentUrl":"https:\/\/techmasterdemexico.com\/wp-content\/uploads\/2021\/08\/PD_AMP-25-1.jpg","width":500,"height":500},{"@type":"BreadcrumbList","@id":"https:\/\/techmasterdemexico.com\/producto\/mini-pinza-amperimetrica-amp-25-ac-dc-trms\/#breadcrumb","itemListElement":[{"@type":"ListItem","position":1,"name":"Portada","item":"https:\/\/techmasterdemexico.com\/"},{"@type":"ListItem","position":2,"name":"Mini Pinza amperim\u00e9trica AMP-25 AC\/DC TRMS"}]},{"@type":"WebSite","@id":"https:\/\/techmasterdemexico.com\/#website","url":"https:\/\/techmasterdemexico.com\/","name":"Techmaster de Mexico","description":"","potentialAction":[{"@type":"SearchAction","target":{"@type":"EntryPoint","urlTemplate":"https:\/\/techmasterdemexico.com\/?s={search_term_string}"},"query-input":{"@type":"PropertyValueSpecification","valueRequired":true,"valueName":"search_term_string"}}],"inLanguage":"en-US"}]}},"brands":[{"id":104,"name":"Amprobe","slug":"amprobe"}],"_links":{"self":[{"href":"https:\/\/techmasterdemexico.com\/en\/wp-json\/wp\/v2\/product\/8280","targetHints":{"allow":["GET"]}}],"collection":[{"href":"https:\/\/techmasterdemexico.com\/en\/wp-json\/wp\/v2\/product"}],"about":[{"href":"https:\/\/techmasterdemexico.com\/en\/wp-json\/wp\/v2\/types\/product"}],"wp:featuredmedia":[{"embeddable":true,"href":"https:\/\/techmasterdemexico.com\/en\/wp-json\/wp\/v2\/media\/8546"}],"wp:attachment":[{"href":"https:\/\/techmasterdemexico.com\/en\/wp-json\/wp\/v2\/media?parent=8280"}],"wp:term":[{"taxonomy":"pwb-brand","embeddable":true,"href":"https:\/\/techmasterdemexico.com\/en\/wp-json\/wp\/v2\/pwb-brand?post=8280"},{"taxonomy":"product_brand","embeddable":true,"href":"https:\/\/techmasterdemexico.com\/en\/wp-json\/wp\/v2\/product_brand?post=8280"},{"taxonomy":"product_cat","embeddable":true,"href":"https:\/\/techmasterdemexico.com\/en\/wp-json\/wp\/v2\/product_cat?post=8280"},{"taxonomy":"product_tag","embeddable":true,"href":"https:\/\/techmasterdemexico.com\/en\/wp-json\/wp\/v2\/product_tag?post=8280"}],"curies":[{"name":"wp","href":"https:\/\/api.w.org\/{rel}","templated":true}]}}