{"id":8279,"date":"2021-08-19T19:28:25","date_gmt":"2021-08-19T19:28:25","guid":{"rendered":"http:\/\/techmastermx.ddns.net\/producto\/pinza-amperimetrica-de-fuga-amprobe-alc-110\/"},"modified":"2021-12-28T22:27:53","modified_gmt":"2021-12-28T22:27:53","slug":"pinza-amperimetrica-de-fuga-amprobe-alc-110","status":"publish","type":"product","link":"https:\/\/techmasterdemexico.com\/en\/producto\/pinza-amperimetrica-de-fuga-amprobe-alc-110\/","title":{"rendered":"Pinza amperim\u00e9trica de fuga Amprobe ALC-110"},"content":{"rendered":"<p>Pinza amperim\u00e9trica de fuga Amprobe ALC-110<\/p>\n<p>La medida:<\/p>\n<ul>\n<li>Corrientes de fuga diferencial y de tierra<\/li>\n<li>Corrientes de fuga a trav\u00e9s del conductor de tierra (PE)<\/li>\n<li>Consumo de corriente del aparato sin interrupciones al circuito<\/li>\n<li>Rastrear la fuente de las corrientes de fuga a tierra<\/li>\n<li>Identifique los disparos intermitentes de GFCI sin apagar el equipo<\/li>\n<li>Verifique un sistema para detectar una ruptura el\u00e9ctrica del aislamiento donde la corriente fluye hacia el suelo<\/li>\n<li>Para uso donde se requieren pruebas de corriente de fuga industrial<\/li>\n<\/ul>\n<p>Evite el tiempo de inactividad no planificado detectando corrientes de fuga con la pinza amperim\u00e9trica de corriente de fuga ALC-110. Con clasificaci\u00f3n CAT III 600 V para garantizar la seguridad el\u00e9ctrica, el ALC-110 est\u00e1 dise\u00f1ado para resistir campos magn\u00e9ticos externos para obtener lecturas de alta precisi\u00f3n. Cuenta con TRMS, un bloqueo mec\u00e1nico de mand\u00edbula, lecturas m\u00e1ximas y funciones de retenci\u00f3n, resoluci\u00f3n m\u00e1s alta de 0.001 mA (mide hasta 60 A), amplio rango de frecuencia (15 Hz a 1 kHz), filtros seleccionables (paso bajo, aparato, sin filtro), l\u00edmites seleccionables (0,25 mA, 0,5 mA, 3,5 mA, 10 mA, 12 mA) y un dise\u00f1o de ahorro de bater\u00eda.<\/p>\n","protected":false},"excerpt":{"rendered":"<table class=\"t1\" cellspacing=\"0\" cellpadding=\"0\">\n<tbody>\n<tr>\n<td class=\"td1\" valign=\"middle\">\n<p class=\"p1\">Caracter\u00edsticas<\/p>\n<\/td>\n<td class=\"td1\" valign=\"middle\"><\/td>\n<\/tr>\n<tr>\n<td class=\"td1\" valign=\"middle\">\n<p class=\"p1\">Campos magn\u00e9ticos de baja frecuencia<\/p>\n<\/td>\n<td class=\"td1\" valign=\"middle\">\n<p class=\"p1\">\u2264 30 A \/ m, clase de funcionamiento 2 @ IN: 3.500 mA a 600.0 mA \/ 40 Hz a 1 kHz<\/p>\n<\/td>\n<\/tr>\n<tr>\n<td class=\"td1\" valign=\"middle\">\n<p class=\"p1\">Categor\u00eda de medida<\/p>\n<\/td>\n<td class=\"td1\" valign=\"middle\">\n<p class=\"p1\">CAT III 600 V<\/p>\n<\/td>\n<\/tr>\n<tr>\n<td class=\"td1\" valign=\"middle\">\n<p class=\"p1\">Verdadero valor eficaz<\/p>\n<\/td>\n<td class=\"td1\" valign=\"middle\">\n<p class=\"p1\">s\u00ed<\/p>\n<\/td>\n<\/tr>\n<tr>\n<td class=\"td1\" valign=\"middle\">\n<p class=\"p1\">Frecuencia AC<\/p>\n<\/td>\n<td class=\"td1\" valign=\"middle\">\n<p class=\"p1\">15 Hz a 1 kHz<\/p>\n<\/td>\n<\/tr>\n<tr>\n<td class=\"td1\" valign=\"middle\">\n<p class=\"p1\">Filtro de paso bajo<\/p>\n<\/td>\n<td class=\"td1\" valign=\"middle\">\n<p class=\"p1\">50 &#8211; 60 Hz, para medici\u00f3n de aparatos seg\u00fan. EN61557-16 enmienda A, sin filtro<\/p>\n<\/td>\n<\/tr>\n<tr>\n<td class=\"td1\" valign=\"middle\">\n<p class=\"p1\">Limitar el juicio<\/p>\n<\/td>\n<td class=\"td1\" valign=\"middle\">\n<p class=\"p1\">0,25 mA, 0,5 mA, 3,5 mA, 10 mA, 12 mA<\/p>\n<\/td>\n<\/tr>\n<tr>\n<td class=\"td1\" valign=\"middle\">\n<p class=\"p1\">Apertura de la mand\u00edbula<\/p>\n<\/td>\n<td class=\"td1\" valign=\"middle\">\n<p class=\"p1\">30 mm (1,2 pulg.) M\u00e1x.<\/p>\n<\/td>\n<\/tr>\n<tr>\n<td class=\"td1\" valign=\"middle\">\n<p class=\"p1\">Bloqueo de mand\u00edbula<\/p>\n<\/td>\n<td class=\"td1\" valign=\"middle\">\n<p class=\"p1\">s\u00ed<\/p>\n<\/td>\n<\/tr>\n<tr>\n<td class=\"td1\" valign=\"middle\">\n<p class=\"p1\">Funci\u00f3n de luz de fondo<\/p>\n<\/td>\n<td class=\"td1\" valign=\"middle\">\n<p class=\"p1\">s\u00ed<\/p>\n<\/td>\n<\/tr>\n<tr>\n<td class=\"td1\" valign=\"middle\">\n<p class=\"p1\">Protecci\u00f3n de sobrecarga<\/p>\n<\/td>\n<td class=\"td1\" valign=\"middle\">\n<p class=\"p1\">60 A<\/p>\n<\/td>\n<\/tr>\n<tr>\n<td class=\"td1\" valign=\"middle\">\n<p class=\"p1\">Apagado autom\u00e1tico<\/p>\n<\/td>\n<td class=\"td1\" valign=\"middle\">\n<p class=\"p1\">Inactivo 20 minutos<\/p>\n<\/td>\n<\/tr>\n<tr>\n<td class=\"td1\" valign=\"middle\">\n<p class=\"p1\">Rango autom\u00e1tico<\/p>\n<\/td>\n<td class=\"td1\" valign=\"middle\">\n<p class=\"p1\">s\u00ed<\/p>\n<\/td>\n<\/tr>\n<tr>\n<td class=\"td1\" valign=\"middle\">\n<p class=\"p1\">Retenci\u00f3n m\u00e1xima<\/p>\n<\/td>\n<td class=\"td1\" valign=\"middle\">\n<p class=\"p1\">s\u00ed<\/p>\n<\/td>\n<\/tr>\n<tr>\n<td class=\"td1\" valign=\"middle\">\n<p class=\"p1\">Retenci\u00f3n de datos<\/p>\n<\/td>\n<td class=\"td1\" valign=\"middle\">\n<p class=\"p1\">s\u00ed<\/p>\n<\/td>\n<\/tr>\n<tr>\n<td class=\"td1\" valign=\"middle\">\n<p class=\"p1\">Cumple con IEC \/ EN 61557-13<\/p>\n<\/td>\n<td class=\"td1\" valign=\"middle\">\n<p class=\"p1\">s\u00ed<\/p>\n<\/td>\n<\/tr>\n<tr>\n<td class=\"td1\" valign=\"middle\">\n<p class=\"p1\">Construido seg\u00fan IEC \/ EN 61010-2-032<\/p>\n<\/td>\n<td class=\"td1\" valign=\"middle\">\n<p class=\"p1\">s\u00ed<\/p>\n<\/td>\n<\/tr>\n<\/tbody>\n<\/table>\n","protected":false},"featured_media":9640,"template":"","meta":{"_acf_changed":false},"pwb-brand":[104],"product_brand":[],"product_cat":[366,101,108,160],"product_tag":[],"class_list":{"0":"post-8279","1":"product","2":"type-product","3":"status-publish","4":"has-post-thumbnail","6":"pwb-brand-amprobe","7":"product_cat-todos-los-productos","8":"product_cat-amprobe","9":"product_cat-pinzas-amperimetricas-amprobe","10":"product_cat-pinzas-amperimetricas-con-multiples-funciones","12":"first","13":"instock","14":"taxable","15":"shipping-taxable","16":"product-type-simple"},"acf":[],"yoast_head":"<!-- This site is optimized with the Yoast SEO plugin v27.4 - https:\/\/yoast.com\/product\/yoast-seo-wordpress\/ -->\n<title>Pinza amperim\u00e9trica de fuga Amprobe ALC-110 - Techmaster de Mexico<\/title>\n<meta name=\"robots\" content=\"index, follow, max-snippet:-1, max-image-preview:large, max-video-preview:-1\" \/>\n<link rel=\"canonical\" href=\"https:\/\/techmasterdemexico.com\/producto\/pinza-amperimetrica-de-fuga-amprobe-alc-110\/\" \/>\n<meta property=\"og:locale\" content=\"en_US\" \/>\n<meta property=\"og:type\" content=\"article\" \/>\n<meta property=\"og:title\" content=\"Pinza amperim\u00e9trica de fuga Amprobe ALC-110 - Techmaster de Mexico\" \/>\n<meta property=\"og:description\" content=\"Caracter\u00edsticas            Campos magn\u00e9ticos de baja frecuencia      \u2264 30 A \/ m, clase de funcionamiento 2 @ IN: 3.500 mA a 600.0 mA \/ 40 Hz a 1 kHz          Categor\u00eda de medida      CAT III 600 V          Verdadero valor eficaz      s\u00ed          Frecuencia AC      15 Hz a 1 kHz          Filtro de paso bajo      50 - 60 Hz, para medici\u00f3n de aparatos seg\u00fan. EN61557-16 enmienda A, sin filtro          Limitar el juicio      0,25 mA, 0,5 mA, 3,5 mA, 10 mA, 12 mA          Apertura de la mand\u00edbula      30 mm (1,2 pulg.) M\u00e1x.          Bloqueo de mand\u00edbula      s\u00ed          Funci\u00f3n de luz de fondo      s\u00ed          Protecci\u00f3n de sobrecarga      60 A          Apagado autom\u00e1tico      Inactivo 20 minutos          Rango autom\u00e1tico      s\u00ed          Retenci\u00f3n m\u00e1xima      s\u00ed          Retenci\u00f3n de datos      s\u00ed          Cumple con IEC \/ EN 61557-13      s\u00ed          Construido seg\u00fan IEC \/ EN 61010-2-032      s\u00ed\" \/>\n<meta property=\"og:url\" content=\"https:\/\/techmasterdemexico.com\/producto\/pinza-amperimetrica-de-fuga-amprobe-alc-110\/\" \/>\n<meta property=\"og:site_name\" content=\"Techmaster de Mexico\" \/>\n<meta property=\"article:modified_time\" content=\"2021-12-28T22:27:53+00:00\" \/>\n<meta property=\"og:image\" content=\"https:\/\/techmasterdemexico.com\/wp-content\/uploads\/2021\/08\/PD_ALC-110-1.jpg\" \/>\n\t<meta property=\"og:image:width\" content=\"500\" \/>\n\t<meta property=\"og:image:height\" content=\"500\" \/>\n\t<meta property=\"og:image:type\" content=\"image\/jpeg\" \/>\n<meta name=\"twitter:card\" content=\"summary_large_image\" \/>\n<meta name=\"twitter:label1\" content=\"Est. reading time\" \/>\n\t<meta name=\"twitter:data1\" content=\"1 minute\" \/>\n<script type=\"application\/ld+json\" class=\"yoast-schema-graph\">{\"@context\":\"https:\\\/\\\/schema.org\",\"@graph\":[{\"@type\":\"WebPage\",\"@id\":\"https:\\\/\\\/techmasterdemexico.com\\\/producto\\\/pinza-amperimetrica-de-fuga-amprobe-alc-110\\\/\",\"url\":\"https:\\\/\\\/techmasterdemexico.com\\\/producto\\\/pinza-amperimetrica-de-fuga-amprobe-alc-110\\\/\",\"name\":\"Pinza amperim\u00e9trica de fuga Amprobe ALC-110 - Techmaster de Mexico\",\"isPartOf\":{\"@id\":\"https:\\\/\\\/techmasterdemexico.com\\\/#website\"},\"primaryImageOfPage\":{\"@id\":\"https:\\\/\\\/techmasterdemexico.com\\\/producto\\\/pinza-amperimetrica-de-fuga-amprobe-alc-110\\\/#primaryimage\"},\"image\":{\"@id\":\"https:\\\/\\\/techmasterdemexico.com\\\/producto\\\/pinza-amperimetrica-de-fuga-amprobe-alc-110\\\/#primaryimage\"},\"thumbnailUrl\":\"https:\\\/\\\/techmasterdemexico.com\\\/wp-content\\\/uploads\\\/2021\\\/08\\\/PD_ALC-110-1.jpg\",\"datePublished\":\"2021-08-19T19:28:25+00:00\",\"dateModified\":\"2021-12-28T22:27:53+00:00\",\"breadcrumb\":{\"@id\":\"https:\\\/\\\/techmasterdemexico.com\\\/producto\\\/pinza-amperimetrica-de-fuga-amprobe-alc-110\\\/#breadcrumb\"},\"inLanguage\":\"en-US\",\"potentialAction\":[{\"@type\":\"ReadAction\",\"target\":[\"https:\\\/\\\/techmasterdemexico.com\\\/producto\\\/pinza-amperimetrica-de-fuga-amprobe-alc-110\\\/\"]}]},{\"@type\":\"ImageObject\",\"inLanguage\":\"en-US\",\"@id\":\"https:\\\/\\\/techmasterdemexico.com\\\/producto\\\/pinza-amperimetrica-de-fuga-amprobe-alc-110\\\/#primaryimage\",\"url\":\"https:\\\/\\\/techmasterdemexico.com\\\/wp-content\\\/uploads\\\/2021\\\/08\\\/PD_ALC-110-1.jpg\",\"contentUrl\":\"https:\\\/\\\/techmasterdemexico.com\\\/wp-content\\\/uploads\\\/2021\\\/08\\\/PD_ALC-110-1.jpg\",\"width\":500,\"height\":500},{\"@type\":\"BreadcrumbList\",\"@id\":\"https:\\\/\\\/techmasterdemexico.com\\\/producto\\\/pinza-amperimetrica-de-fuga-amprobe-alc-110\\\/#breadcrumb\",\"itemListElement\":[{\"@type\":\"ListItem\",\"position\":1,\"name\":\"Portada\",\"item\":\"https:\\\/\\\/techmasterdemexico.com\\\/\"},{\"@type\":\"ListItem\",\"position\":2,\"name\":\"Pinza amperim\u00e9trica de fuga Amprobe ALC-110\"}]},{\"@type\":\"WebSite\",\"@id\":\"https:\\\/\\\/techmasterdemexico.com\\\/#website\",\"url\":\"https:\\\/\\\/techmasterdemexico.com\\\/\",\"name\":\"Techmaster de Mexico\",\"description\":\"\",\"potentialAction\":[{\"@type\":\"SearchAction\",\"target\":{\"@type\":\"EntryPoint\",\"urlTemplate\":\"https:\\\/\\\/techmasterdemexico.com\\\/?s={search_term_string}\"},\"query-input\":{\"@type\":\"PropertyValueSpecification\",\"valueRequired\":true,\"valueName\":\"search_term_string\"}}],\"inLanguage\":\"en-US\"}]}<\/script>\n<!-- \/ Yoast SEO plugin. -->","yoast_head_json":{"title":"Pinza amperim\u00e9trica de fuga Amprobe ALC-110 - Techmaster de Mexico","robots":{"index":"index","follow":"follow","max-snippet":"max-snippet:-1","max-image-preview":"max-image-preview:large","max-video-preview":"max-video-preview:-1"},"canonical":"https:\/\/techmasterdemexico.com\/producto\/pinza-amperimetrica-de-fuga-amprobe-alc-110\/","og_locale":"en_US","og_type":"article","og_title":"Pinza amperim\u00e9trica de fuga Amprobe ALC-110 - Techmaster de Mexico","og_description":"Caracter\u00edsticas            Campos magn\u00e9ticos de baja frecuencia      \u2264 30 A \/ m, clase de funcionamiento 2 @ IN: 3.500 mA a 600.0 mA \/ 40 Hz a 1 kHz          Categor\u00eda de medida      CAT III 600 V          Verdadero valor eficaz      s\u00ed          Frecuencia AC      15 Hz a 1 kHz          Filtro de paso bajo      50 - 60 Hz, para medici\u00f3n de aparatos seg\u00fan. EN61557-16 enmienda A, sin filtro          Limitar el juicio      0,25 mA, 0,5 mA, 3,5 mA, 10 mA, 12 mA          Apertura de la mand\u00edbula      30 mm (1,2 pulg.) M\u00e1x.          Bloqueo de mand\u00edbula      s\u00ed          Funci\u00f3n de luz de fondo      s\u00ed          Protecci\u00f3n de sobrecarga      60 A          Apagado autom\u00e1tico      Inactivo 20 minutos          Rango autom\u00e1tico      s\u00ed          Retenci\u00f3n m\u00e1xima      s\u00ed          Retenci\u00f3n de datos      s\u00ed          Cumple con IEC \/ EN 61557-13      s\u00ed          Construido seg\u00fan IEC \/ EN 61010-2-032      s\u00ed","og_url":"https:\/\/techmasterdemexico.com\/producto\/pinza-amperimetrica-de-fuga-amprobe-alc-110\/","og_site_name":"Techmaster de Mexico","article_modified_time":"2021-12-28T22:27:53+00:00","og_image":[{"width":500,"height":500,"url":"https:\/\/techmasterdemexico.com\/wp-content\/uploads\/2021\/08\/PD_ALC-110-1.jpg","type":"image\/jpeg"}],"twitter_card":"summary_large_image","twitter_misc":{"Est. reading time":"1 minute"},"schema":{"@context":"https:\/\/schema.org","@graph":[{"@type":"WebPage","@id":"https:\/\/techmasterdemexico.com\/producto\/pinza-amperimetrica-de-fuga-amprobe-alc-110\/","url":"https:\/\/techmasterdemexico.com\/producto\/pinza-amperimetrica-de-fuga-amprobe-alc-110\/","name":"Pinza amperim\u00e9trica de fuga Amprobe ALC-110 - Techmaster de Mexico","isPartOf":{"@id":"https:\/\/techmasterdemexico.com\/#website"},"primaryImageOfPage":{"@id":"https:\/\/techmasterdemexico.com\/producto\/pinza-amperimetrica-de-fuga-amprobe-alc-110\/#primaryimage"},"image":{"@id":"https:\/\/techmasterdemexico.com\/producto\/pinza-amperimetrica-de-fuga-amprobe-alc-110\/#primaryimage"},"thumbnailUrl":"https:\/\/techmasterdemexico.com\/wp-content\/uploads\/2021\/08\/PD_ALC-110-1.jpg","datePublished":"2021-08-19T19:28:25+00:00","dateModified":"2021-12-28T22:27:53+00:00","breadcrumb":{"@id":"https:\/\/techmasterdemexico.com\/producto\/pinza-amperimetrica-de-fuga-amprobe-alc-110\/#breadcrumb"},"inLanguage":"en-US","potentialAction":[{"@type":"ReadAction","target":["https:\/\/techmasterdemexico.com\/producto\/pinza-amperimetrica-de-fuga-amprobe-alc-110\/"]}]},{"@type":"ImageObject","inLanguage":"en-US","@id":"https:\/\/techmasterdemexico.com\/producto\/pinza-amperimetrica-de-fuga-amprobe-alc-110\/#primaryimage","url":"https:\/\/techmasterdemexico.com\/wp-content\/uploads\/2021\/08\/PD_ALC-110-1.jpg","contentUrl":"https:\/\/techmasterdemexico.com\/wp-content\/uploads\/2021\/08\/PD_ALC-110-1.jpg","width":500,"height":500},{"@type":"BreadcrumbList","@id":"https:\/\/techmasterdemexico.com\/producto\/pinza-amperimetrica-de-fuga-amprobe-alc-110\/#breadcrumb","itemListElement":[{"@type":"ListItem","position":1,"name":"Portada","item":"https:\/\/techmasterdemexico.com\/"},{"@type":"ListItem","position":2,"name":"Pinza amperim\u00e9trica de fuga Amprobe ALC-110"}]},{"@type":"WebSite","@id":"https:\/\/techmasterdemexico.com\/#website","url":"https:\/\/techmasterdemexico.com\/","name":"Techmaster de Mexico","description":"","potentialAction":[{"@type":"SearchAction","target":{"@type":"EntryPoint","urlTemplate":"https:\/\/techmasterdemexico.com\/?s={search_term_string}"},"query-input":{"@type":"PropertyValueSpecification","valueRequired":true,"valueName":"search_term_string"}}],"inLanguage":"en-US"}]}},"brands":[{"id":104,"name":"Amprobe","slug":"amprobe"}],"_links":{"self":[{"href":"https:\/\/techmasterdemexico.com\/en\/wp-json\/wp\/v2\/product\/8279","targetHints":{"allow":["GET"]}}],"collection":[{"href":"https:\/\/techmasterdemexico.com\/en\/wp-json\/wp\/v2\/product"}],"about":[{"href":"https:\/\/techmasterdemexico.com\/en\/wp-json\/wp\/v2\/types\/product"}],"wp:featuredmedia":[{"embeddable":true,"href":"https:\/\/techmasterdemexico.com\/en\/wp-json\/wp\/v2\/media\/9640"}],"wp:attachment":[{"href":"https:\/\/techmasterdemexico.com\/en\/wp-json\/wp\/v2\/media?parent=8279"}],"wp:term":[{"taxonomy":"pwb-brand","embeddable":true,"href":"https:\/\/techmasterdemexico.com\/en\/wp-json\/wp\/v2\/pwb-brand?post=8279"},{"taxonomy":"product_brand","embeddable":true,"href":"https:\/\/techmasterdemexico.com\/en\/wp-json\/wp\/v2\/product_brand?post=8279"},{"taxonomy":"product_cat","embeddable":true,"href":"https:\/\/techmasterdemexico.com\/en\/wp-json\/wp\/v2\/product_cat?post=8279"},{"taxonomy":"product_tag","embeddable":true,"href":"https:\/\/techmasterdemexico.com\/en\/wp-json\/wp\/v2\/product_tag?post=8279"}],"curies":[{"name":"wp","href":"https:\/\/api.w.org\/{rel}","templated":true}]}}