{"id":8277,"date":"2021-08-19T19:28:24","date_gmt":"2021-08-19T19:28:24","guid":{"rendered":"http:\/\/techmastermx.ddns.net\/producto\/multimetro-de-pinza-con-doble-pantalla-acd-14-trms-plus\/"},"modified":"2021-12-28T22:27:53","modified_gmt":"2021-12-28T22:27:53","slug":"multimetro-de-pinza-con-doble-pantalla-acd-14-trms-plus","status":"publish","type":"product","link":"https:\/\/techmasterdemexico.com\/en\/producto\/multimetro-de-pinza-con-doble-pantalla-acd-14-trms-plus\/","title":{"rendered":"Mult\u00edmetro de pinza con doble pantalla ACD-14 TRMS-PLUS"},"content":{"rendered":"<p>Mult\u00edmetro digital de pinza Amprobe ACD-14 TRMS-PLUS de doble pantalla<\/p>\n<ul>\n<li>Pantallas dobles: permite la lectura simult\u00e1nea de amperaje y voltaje.<\/li>\n<li>True-rms para resultados de medici\u00f3n precisos<\/li>\n<li>Nuevas mordazas delgadas, 5 mm m\u00e1s delgadas que otras para acceder a espacios de medici\u00f3n reducidos<\/li>\n<li>Medici\u00f3n de microamperios para probar sensores de llama<\/li>\n<li>Capacitancia hasta 3000 \u00b5F<\/li>\n<li>Temperatura con sonda termopar tipo K<\/li>\n<li>Voltaje CA y CC hasta 600 V<\/li>\n<li>Resistencia a 40 M\u03a9<\/li>\n<li>Corriente CA hasta 600A<\/li>\n<li>Medida de frecuencia<\/li>\n<li>Test de diodos y zumbador de continuidad<\/li>\n<li>Funciones de retenci\u00f3n y lectura m\u00e1xima<\/li>\n<li>En corriente de prisa<\/li>\n<li>Admite conductores de hasta 28 mm (1,1) de di\u00e1metro<\/li>\n<li>Rango autom\u00e1tico<\/li>\n<li>Apagado autom\u00e1tico e indicaci\u00f3n de bater\u00eda baja<\/li>\n<li>Estuche de caucho sobremoldeado<\/li>\n<\/ul>\n<p>El mult\u00edmetro de pinza digital Amprobe ACD-14 TRMS-PLUS es la elecci\u00f3n perfecta para aplicaciones el\u00e9ctricas y de HVAC debido a su conjunto vers\u00e1til de caracter\u00edsticas que incluye microamperios, temperatura con termopar, capacitancia, frecuencia y precisi\u00f3n de verdadero valor eficaz. Este mult\u00edmetro de pinza digital proporciona una funcionalidad adicional con una pantalla dual para ver el amperaje y el voltaje simult\u00e1neamente.<\/p>\n","protected":false},"excerpt":{"rendered":"<p>Mult\u00edmetro digital de pinza Amprobe ACD-14 TRMS-PLUS de doble pantalla Pantallas dobles: permite la lectura simult\u00e1nea de amperaje y voltaje. True-rms para resultados de medici\u00f3n precisos Nuevas mordazas delgadas, 5 mm m\u00e1s delgadas que otras para acceder a espacios de medici\u00f3n reducidos Medici\u00f3n de microamperios para probar sensores de llama Capacitancia hasta 3000 \u00b5F Temperatura [&hellip;]<\/p>\n","protected":false},"featured_media":8552,"template":"","meta":{"_acf_changed":false},"pwb-brand":[104],"product_brand":[],"product_cat":[366,101,108,160],"product_tag":[],"class_list":{"0":"post-8277","1":"product","2":"type-product","3":"status-publish","4":"has-post-thumbnail","6":"pwb-brand-amprobe","7":"product_cat-todos-los-productos","8":"product_cat-amprobe","9":"product_cat-pinzas-amperimetricas-amprobe","10":"product_cat-pinzas-amperimetricas-con-multiples-funciones","12":"first","13":"instock","14":"taxable","15":"shipping-taxable","16":"product-type-simple"},"acf":[],"yoast_head":"<!-- This site is optimized with the Yoast SEO plugin v27.3 - https:\/\/yoast.com\/product\/yoast-seo-wordpress\/ -->\n<title>Mult\u00edmetro de pinza con doble pantalla ACD-14 TRMS-PLUS - Techmaster de Mexico<\/title>\n<meta name=\"robots\" content=\"index, follow, max-snippet:-1, max-image-preview:large, max-video-preview:-1\" \/>\n<link rel=\"canonical\" href=\"https:\/\/techmasterdemexico.com\/producto\/multimetro-de-pinza-con-doble-pantalla-acd-14-trms-plus\/\" \/>\n<meta property=\"og:locale\" content=\"en_US\" \/>\n<meta property=\"og:type\" content=\"article\" \/>\n<meta property=\"og:title\" content=\"Mult\u00edmetro de pinza con doble pantalla ACD-14 TRMS-PLUS - Techmaster de Mexico\" \/>\n<meta property=\"og:description\" content=\"Mult\u00edmetro digital de pinza Amprobe ACD-14 TRMS-PLUS de doble pantalla Pantallas dobles: permite la lectura simult\u00e1nea de amperaje y voltaje. True-rms para resultados de medici\u00f3n precisos Nuevas mordazas delgadas, 5 mm m\u00e1s delgadas que otras para acceder a espacios de medici\u00f3n reducidos Medici\u00f3n de microamperios para probar sensores de llama Capacitancia hasta 3000 \u00b5F Temperatura [&hellip;]\" \/>\n<meta property=\"og:url\" content=\"https:\/\/techmasterdemexico.com\/producto\/multimetro-de-pinza-con-doble-pantalla-acd-14-trms-plus\/\" \/>\n<meta property=\"og:site_name\" content=\"Techmaster de Mexico\" \/>\n<meta property=\"article:modified_time\" content=\"2021-12-28T22:27:53+00:00\" \/>\n<meta property=\"og:image\" content=\"https:\/\/techmasterdemexico.com\/wp-content\/uploads\/2021\/08\/PD_ACD-14TRMSPLUS-1.jpg\" \/>\n\t<meta property=\"og:image:width\" content=\"500\" \/>\n\t<meta property=\"og:image:height\" content=\"500\" \/>\n\t<meta property=\"og:image:type\" content=\"image\/jpeg\" \/>\n<meta name=\"twitter:card\" content=\"summary_large_image\" \/>\n<meta name=\"twitter:label1\" content=\"Est. reading time\" \/>\n\t<meta name=\"twitter:data1\" content=\"1 minute\" \/>\n<script type=\"application\/ld+json\" class=\"yoast-schema-graph\">{\"@context\":\"https:\\\/\\\/schema.org\",\"@graph\":[{\"@type\":\"WebPage\",\"@id\":\"https:\\\/\\\/techmasterdemexico.com\\\/producto\\\/multimetro-de-pinza-con-doble-pantalla-acd-14-trms-plus\\\/\",\"url\":\"https:\\\/\\\/techmasterdemexico.com\\\/producto\\\/multimetro-de-pinza-con-doble-pantalla-acd-14-trms-plus\\\/\",\"name\":\"Mult\u00edmetro de pinza con doble pantalla ACD-14 TRMS-PLUS - Techmaster de Mexico\",\"isPartOf\":{\"@id\":\"https:\\\/\\\/techmasterdemexico.com\\\/#website\"},\"primaryImageOfPage\":{\"@id\":\"https:\\\/\\\/techmasterdemexico.com\\\/producto\\\/multimetro-de-pinza-con-doble-pantalla-acd-14-trms-plus\\\/#primaryimage\"},\"image\":{\"@id\":\"https:\\\/\\\/techmasterdemexico.com\\\/producto\\\/multimetro-de-pinza-con-doble-pantalla-acd-14-trms-plus\\\/#primaryimage\"},\"thumbnailUrl\":\"https:\\\/\\\/techmasterdemexico.com\\\/wp-content\\\/uploads\\\/2021\\\/08\\\/PD_ACD-14TRMSPLUS-1.jpg\",\"datePublished\":\"2021-08-19T19:28:24+00:00\",\"dateModified\":\"2021-12-28T22:27:53+00:00\",\"breadcrumb\":{\"@id\":\"https:\\\/\\\/techmasterdemexico.com\\\/producto\\\/multimetro-de-pinza-con-doble-pantalla-acd-14-trms-plus\\\/#breadcrumb\"},\"inLanguage\":\"en-US\",\"potentialAction\":[{\"@type\":\"ReadAction\",\"target\":[\"https:\\\/\\\/techmasterdemexico.com\\\/producto\\\/multimetro-de-pinza-con-doble-pantalla-acd-14-trms-plus\\\/\"]}]},{\"@type\":\"ImageObject\",\"inLanguage\":\"en-US\",\"@id\":\"https:\\\/\\\/techmasterdemexico.com\\\/producto\\\/multimetro-de-pinza-con-doble-pantalla-acd-14-trms-plus\\\/#primaryimage\",\"url\":\"https:\\\/\\\/techmasterdemexico.com\\\/wp-content\\\/uploads\\\/2021\\\/08\\\/PD_ACD-14TRMSPLUS-1.jpg\",\"contentUrl\":\"https:\\\/\\\/techmasterdemexico.com\\\/wp-content\\\/uploads\\\/2021\\\/08\\\/PD_ACD-14TRMSPLUS-1.jpg\",\"width\":500,\"height\":500},{\"@type\":\"BreadcrumbList\",\"@id\":\"https:\\\/\\\/techmasterdemexico.com\\\/producto\\\/multimetro-de-pinza-con-doble-pantalla-acd-14-trms-plus\\\/#breadcrumb\",\"itemListElement\":[{\"@type\":\"ListItem\",\"position\":1,\"name\":\"Portada\",\"item\":\"https:\\\/\\\/techmasterdemexico.com\\\/\"},{\"@type\":\"ListItem\",\"position\":2,\"name\":\"Mult\u00edmetro de pinza con doble pantalla ACD-14 TRMS-PLUS\"}]},{\"@type\":\"WebSite\",\"@id\":\"https:\\\/\\\/techmasterdemexico.com\\\/#website\",\"url\":\"https:\\\/\\\/techmasterdemexico.com\\\/\",\"name\":\"Techmaster de Mexico\",\"description\":\"\",\"potentialAction\":[{\"@type\":\"SearchAction\",\"target\":{\"@type\":\"EntryPoint\",\"urlTemplate\":\"https:\\\/\\\/techmasterdemexico.com\\\/?s={search_term_string}\"},\"query-input\":{\"@type\":\"PropertyValueSpecification\",\"valueRequired\":true,\"valueName\":\"search_term_string\"}}],\"inLanguage\":\"en-US\"}]}<\/script>\n<!-- \/ Yoast SEO plugin. -->","yoast_head_json":{"title":"Mult\u00edmetro de pinza con doble pantalla ACD-14 TRMS-PLUS - Techmaster de Mexico","robots":{"index":"index","follow":"follow","max-snippet":"max-snippet:-1","max-image-preview":"max-image-preview:large","max-video-preview":"max-video-preview:-1"},"canonical":"https:\/\/techmasterdemexico.com\/producto\/multimetro-de-pinza-con-doble-pantalla-acd-14-trms-plus\/","og_locale":"en_US","og_type":"article","og_title":"Mult\u00edmetro de pinza con doble pantalla ACD-14 TRMS-PLUS - Techmaster de Mexico","og_description":"Mult\u00edmetro digital de pinza Amprobe ACD-14 TRMS-PLUS de doble pantalla Pantallas dobles: permite la lectura simult\u00e1nea de amperaje y voltaje. True-rms para resultados de medici\u00f3n precisos Nuevas mordazas delgadas, 5 mm m\u00e1s delgadas que otras para acceder a espacios de medici\u00f3n reducidos Medici\u00f3n de microamperios para probar sensores de llama Capacitancia hasta 3000 \u00b5F Temperatura [&hellip;]","og_url":"https:\/\/techmasterdemexico.com\/producto\/multimetro-de-pinza-con-doble-pantalla-acd-14-trms-plus\/","og_site_name":"Techmaster de Mexico","article_modified_time":"2021-12-28T22:27:53+00:00","og_image":[{"width":500,"height":500,"url":"https:\/\/techmasterdemexico.com\/wp-content\/uploads\/2021\/08\/PD_ACD-14TRMSPLUS-1.jpg","type":"image\/jpeg"}],"twitter_card":"summary_large_image","twitter_misc":{"Est. reading time":"1 minute"},"schema":{"@context":"https:\/\/schema.org","@graph":[{"@type":"WebPage","@id":"https:\/\/techmasterdemexico.com\/producto\/multimetro-de-pinza-con-doble-pantalla-acd-14-trms-plus\/","url":"https:\/\/techmasterdemexico.com\/producto\/multimetro-de-pinza-con-doble-pantalla-acd-14-trms-plus\/","name":"Mult\u00edmetro de pinza con doble pantalla ACD-14 TRMS-PLUS - Techmaster de Mexico","isPartOf":{"@id":"https:\/\/techmasterdemexico.com\/#website"},"primaryImageOfPage":{"@id":"https:\/\/techmasterdemexico.com\/producto\/multimetro-de-pinza-con-doble-pantalla-acd-14-trms-plus\/#primaryimage"},"image":{"@id":"https:\/\/techmasterdemexico.com\/producto\/multimetro-de-pinza-con-doble-pantalla-acd-14-trms-plus\/#primaryimage"},"thumbnailUrl":"https:\/\/techmasterdemexico.com\/wp-content\/uploads\/2021\/08\/PD_ACD-14TRMSPLUS-1.jpg","datePublished":"2021-08-19T19:28:24+00:00","dateModified":"2021-12-28T22:27:53+00:00","breadcrumb":{"@id":"https:\/\/techmasterdemexico.com\/producto\/multimetro-de-pinza-con-doble-pantalla-acd-14-trms-plus\/#breadcrumb"},"inLanguage":"en-US","potentialAction":[{"@type":"ReadAction","target":["https:\/\/techmasterdemexico.com\/producto\/multimetro-de-pinza-con-doble-pantalla-acd-14-trms-plus\/"]}]},{"@type":"ImageObject","inLanguage":"en-US","@id":"https:\/\/techmasterdemexico.com\/producto\/multimetro-de-pinza-con-doble-pantalla-acd-14-trms-plus\/#primaryimage","url":"https:\/\/techmasterdemexico.com\/wp-content\/uploads\/2021\/08\/PD_ACD-14TRMSPLUS-1.jpg","contentUrl":"https:\/\/techmasterdemexico.com\/wp-content\/uploads\/2021\/08\/PD_ACD-14TRMSPLUS-1.jpg","width":500,"height":500},{"@type":"BreadcrumbList","@id":"https:\/\/techmasterdemexico.com\/producto\/multimetro-de-pinza-con-doble-pantalla-acd-14-trms-plus\/#breadcrumb","itemListElement":[{"@type":"ListItem","position":1,"name":"Portada","item":"https:\/\/techmasterdemexico.com\/"},{"@type":"ListItem","position":2,"name":"Mult\u00edmetro de pinza con doble pantalla ACD-14 TRMS-PLUS"}]},{"@type":"WebSite","@id":"https:\/\/techmasterdemexico.com\/#website","url":"https:\/\/techmasterdemexico.com\/","name":"Techmaster de Mexico","description":"","potentialAction":[{"@type":"SearchAction","target":{"@type":"EntryPoint","urlTemplate":"https:\/\/techmasterdemexico.com\/?s={search_term_string}"},"query-input":{"@type":"PropertyValueSpecification","valueRequired":true,"valueName":"search_term_string"}}],"inLanguage":"en-US"}]}},"brands":[{"id":104,"name":"Amprobe","slug":"amprobe"}],"_links":{"self":[{"href":"https:\/\/techmasterdemexico.com\/en\/wp-json\/wp\/v2\/product\/8277","targetHints":{"allow":["GET"]}}],"collection":[{"href":"https:\/\/techmasterdemexico.com\/en\/wp-json\/wp\/v2\/product"}],"about":[{"href":"https:\/\/techmasterdemexico.com\/en\/wp-json\/wp\/v2\/types\/product"}],"wp:featuredmedia":[{"embeddable":true,"href":"https:\/\/techmasterdemexico.com\/en\/wp-json\/wp\/v2\/media\/8552"}],"wp:attachment":[{"href":"https:\/\/techmasterdemexico.com\/en\/wp-json\/wp\/v2\/media?parent=8277"}],"wp:term":[{"taxonomy":"pwb-brand","embeddable":true,"href":"https:\/\/techmasterdemexico.com\/en\/wp-json\/wp\/v2\/pwb-brand?post=8277"},{"taxonomy":"product_brand","embeddable":true,"href":"https:\/\/techmasterdemexico.com\/en\/wp-json\/wp\/v2\/product_brand?post=8277"},{"taxonomy":"product_cat","embeddable":true,"href":"https:\/\/techmasterdemexico.com\/en\/wp-json\/wp\/v2\/product_cat?post=8277"},{"taxonomy":"product_tag","embeddable":true,"href":"https:\/\/techmasterdemexico.com\/en\/wp-json\/wp\/v2\/product_tag?post=8277"}],"curies":[{"name":"wp","href":"https:\/\/api.w.org\/{rel}","templated":true}]}}