{"id":8276,"date":"2021-08-19T19:28:23","date_gmt":"2021-08-19T19:28:23","guid":{"rendered":"http:\/\/techmastermx.ddns.net\/producto\/multimetro-de-pinza-acd-14-plus-con-pantalla-dual-y-temperatura\/"},"modified":"2021-12-28T22:27:54","modified_gmt":"2021-12-28T22:27:54","slug":"multimetro-de-pinza-acd-14-plus-con-pantalla-dual-y-temperatura","status":"publish","type":"product","link":"https:\/\/techmasterdemexico.com\/en\/producto\/multimetro-de-pinza-acd-14-plus-con-pantalla-dual-y-temperatura\/","title":{"rendered":"Mult\u00edmetro de pinza ACD-14 PLUS con pantalla dual y temperatura"},"content":{"rendered":"<p>Mult\u00edmetro de pinza con pantalla dual Amprobe ACD-14 PLUS con temperatura<\/p>\n<ul>\n<li>Las pantallas dobles permiten la lectura simult\u00e1nea de amperios y voltios<\/li>\n<li>Mide corriente CA a 600 A y voltaje CA \/ CC a 600 V<\/li>\n<li>Mide frecuencia, capacitancia hasta 3000 \u00b5F y resistencia hasta 40 M\u03a9<\/li>\n<li>Mide la temperatura con una sonda termopar tipo K<\/li>\n<li>Incluye medici\u00f3n de micro amperios para probar sensores de llama<\/li>\n<li>La prueba de diodos encuentra r\u00e1pidamente ca\u00eddas de voltaje<\/li>\n<li>El zumbador de continuidad detecta aperturas y cortocircuitos<\/li>\n<li>El rango autom\u00e1tico selecciona instant\u00e1neamente el rango correcto<\/li>\n<li>Funciones de retenci\u00f3n y lectura m\u00e1xima<\/li>\n<li>Las nuevas mordazas delgadas, 5 mm m\u00e1s delgadas que las pinzas amperim\u00e9tricas digitales est\u00e1ndar, facilitan el acceso a los conductores en espacios reducidos<\/li>\n<li>Acomoda conductores de hasta 1.0 \u2033 (25 mm) de di\u00e1metro<\/li>\n<li>El apagado autom\u00e1tico y la indicaci\u00f3n de bater\u00eda baja lo ayudan a aprovechar al m\u00e1ximo la vida \u00fatil de la bater\u00eda<\/li>\n<li>Carcasa de goma sobremoldeada que absorbe los golpes<\/li>\n<\/ul>\n<p>La pinza amperim\u00e9trica ACD-14 PLUS funciona como mult\u00edmetro HVAC y mult\u00edmetro el\u00e9ctrico con un conjunto vers\u00e1til de caracter\u00edsticas, que incluyen microamperios, capacitancia, frecuencia y temperatura con termopar incluido.<\/p>\n<p>Las pantallas dobles muestran amperios y voltios simult\u00e1neamente, lo que resulta \u00fatil para medir la ca\u00edda de voltaje bajo carga. Las mordazas m\u00e1s delgadas de este mult\u00edmetro de pinza digital permiten el acceso a \u00e1reas de medici\u00f3n estrechas y a\u00fan maneja conductores de hasta 1 \u2033 (25 mm).<\/p>\n","protected":false},"excerpt":{"rendered":"<p>Mult\u00edmetro de pinza con pantalla dual Amprobe ACD-14 PLUS con temperatura Las pantallas dobles permiten la lectura simult\u00e1nea de amperios y voltios Mide corriente CA a 600 A y voltaje CA \/ CC a 600 V Mide frecuencia, capacitancia hasta 3000 \u00b5F y resistencia hasta 40 M\u03a9 Mide la temperatura con una sonda termopar tipo [&hellip;]<\/p>\n","protected":false},"featured_media":8563,"template":"","meta":{"_acf_changed":false},"pwb-brand":[104],"product_brand":[],"product_cat":[366,101,108,160],"product_tag":[],"class_list":{"0":"post-8276","1":"product","2":"type-product","3":"status-publish","4":"has-post-thumbnail","6":"pwb-brand-amprobe","7":"product_cat-todos-los-productos","8":"product_cat-amprobe","9":"product_cat-pinzas-amperimetricas-amprobe","10":"product_cat-pinzas-amperimetricas-con-multiples-funciones","12":"first","13":"instock","14":"taxable","15":"shipping-taxable","16":"product-type-simple"},"acf":[],"yoast_head":"<!-- This site is optimized with the Yoast SEO plugin v27.4 - https:\/\/yoast.com\/product\/yoast-seo-wordpress\/ -->\n<title>Mult\u00edmetro de pinza ACD-14 PLUS con pantalla dual y temperatura - Techmaster de Mexico<\/title>\n<meta name=\"robots\" content=\"index, follow, max-snippet:-1, max-image-preview:large, max-video-preview:-1\" \/>\n<link rel=\"canonical\" href=\"https:\/\/techmasterdemexico.com\/producto\/multimetro-de-pinza-acd-14-plus-con-pantalla-dual-y-temperatura\/\" \/>\n<meta property=\"og:locale\" content=\"en_US\" \/>\n<meta property=\"og:type\" content=\"article\" \/>\n<meta property=\"og:title\" content=\"Mult\u00edmetro de pinza ACD-14 PLUS con pantalla dual y temperatura - Techmaster de Mexico\" \/>\n<meta property=\"og:description\" content=\"Mult\u00edmetro de pinza con pantalla dual Amprobe ACD-14 PLUS con temperatura Las pantallas dobles permiten la lectura simult\u00e1nea de amperios y voltios Mide corriente CA a 600 A y voltaje CA \/ CC a 600 V Mide frecuencia, capacitancia hasta 3000 \u00b5F y resistencia hasta 40 M\u03a9 Mide la temperatura con una sonda termopar tipo [&hellip;]\" \/>\n<meta property=\"og:url\" content=\"https:\/\/techmasterdemexico.com\/producto\/multimetro-de-pinza-acd-14-plus-con-pantalla-dual-y-temperatura\/\" \/>\n<meta property=\"og:site_name\" content=\"Techmaster de Mexico\" \/>\n<meta property=\"article:modified_time\" content=\"2021-12-28T22:27:54+00:00\" \/>\n<meta property=\"og:image\" content=\"https:\/\/techmasterdemexico.com\/wp-content\/uploads\/2021\/08\/PD_ACD-14PLUS-1.jpg\" \/>\n\t<meta property=\"og:image:width\" content=\"500\" \/>\n\t<meta property=\"og:image:height\" content=\"500\" \/>\n\t<meta property=\"og:image:type\" content=\"image\/jpeg\" \/>\n<meta name=\"twitter:card\" content=\"summary_large_image\" \/>\n<meta name=\"twitter:label1\" content=\"Est. reading time\" \/>\n\t<meta name=\"twitter:data1\" content=\"1 minute\" \/>\n<script type=\"application\/ld+json\" class=\"yoast-schema-graph\">{\"@context\":\"https:\\\/\\\/schema.org\",\"@graph\":[{\"@type\":\"WebPage\",\"@id\":\"https:\\\/\\\/techmasterdemexico.com\\\/producto\\\/multimetro-de-pinza-acd-14-plus-con-pantalla-dual-y-temperatura\\\/\",\"url\":\"https:\\\/\\\/techmasterdemexico.com\\\/producto\\\/multimetro-de-pinza-acd-14-plus-con-pantalla-dual-y-temperatura\\\/\",\"name\":\"Mult\u00edmetro de pinza ACD-14 PLUS con pantalla dual y temperatura - Techmaster de Mexico\",\"isPartOf\":{\"@id\":\"https:\\\/\\\/techmasterdemexico.com\\\/#website\"},\"primaryImageOfPage\":{\"@id\":\"https:\\\/\\\/techmasterdemexico.com\\\/producto\\\/multimetro-de-pinza-acd-14-plus-con-pantalla-dual-y-temperatura\\\/#primaryimage\"},\"image\":{\"@id\":\"https:\\\/\\\/techmasterdemexico.com\\\/producto\\\/multimetro-de-pinza-acd-14-plus-con-pantalla-dual-y-temperatura\\\/#primaryimage\"},\"thumbnailUrl\":\"https:\\\/\\\/techmasterdemexico.com\\\/wp-content\\\/uploads\\\/2021\\\/08\\\/PD_ACD-14PLUS-1.jpg\",\"datePublished\":\"2021-08-19T19:28:23+00:00\",\"dateModified\":\"2021-12-28T22:27:54+00:00\",\"breadcrumb\":{\"@id\":\"https:\\\/\\\/techmasterdemexico.com\\\/producto\\\/multimetro-de-pinza-acd-14-plus-con-pantalla-dual-y-temperatura\\\/#breadcrumb\"},\"inLanguage\":\"en-US\",\"potentialAction\":[{\"@type\":\"ReadAction\",\"target\":[\"https:\\\/\\\/techmasterdemexico.com\\\/producto\\\/multimetro-de-pinza-acd-14-plus-con-pantalla-dual-y-temperatura\\\/\"]}]},{\"@type\":\"ImageObject\",\"inLanguage\":\"en-US\",\"@id\":\"https:\\\/\\\/techmasterdemexico.com\\\/producto\\\/multimetro-de-pinza-acd-14-plus-con-pantalla-dual-y-temperatura\\\/#primaryimage\",\"url\":\"https:\\\/\\\/techmasterdemexico.com\\\/wp-content\\\/uploads\\\/2021\\\/08\\\/PD_ACD-14PLUS-1.jpg\",\"contentUrl\":\"https:\\\/\\\/techmasterdemexico.com\\\/wp-content\\\/uploads\\\/2021\\\/08\\\/PD_ACD-14PLUS-1.jpg\",\"width\":500,\"height\":500},{\"@type\":\"BreadcrumbList\",\"@id\":\"https:\\\/\\\/techmasterdemexico.com\\\/producto\\\/multimetro-de-pinza-acd-14-plus-con-pantalla-dual-y-temperatura\\\/#breadcrumb\",\"itemListElement\":[{\"@type\":\"ListItem\",\"position\":1,\"name\":\"Portada\",\"item\":\"https:\\\/\\\/techmasterdemexico.com\\\/\"},{\"@type\":\"ListItem\",\"position\":2,\"name\":\"Mult\u00edmetro de pinza ACD-14 PLUS con pantalla dual y temperatura\"}]},{\"@type\":\"WebSite\",\"@id\":\"https:\\\/\\\/techmasterdemexico.com\\\/#website\",\"url\":\"https:\\\/\\\/techmasterdemexico.com\\\/\",\"name\":\"Techmaster de Mexico\",\"description\":\"\",\"potentialAction\":[{\"@type\":\"SearchAction\",\"target\":{\"@type\":\"EntryPoint\",\"urlTemplate\":\"https:\\\/\\\/techmasterdemexico.com\\\/?s={search_term_string}\"},\"query-input\":{\"@type\":\"PropertyValueSpecification\",\"valueRequired\":true,\"valueName\":\"search_term_string\"}}],\"inLanguage\":\"en-US\"}]}<\/script>\n<!-- \/ Yoast SEO plugin. -->","yoast_head_json":{"title":"Mult\u00edmetro de pinza ACD-14 PLUS con pantalla dual y temperatura - Techmaster de Mexico","robots":{"index":"index","follow":"follow","max-snippet":"max-snippet:-1","max-image-preview":"max-image-preview:large","max-video-preview":"max-video-preview:-1"},"canonical":"https:\/\/techmasterdemexico.com\/producto\/multimetro-de-pinza-acd-14-plus-con-pantalla-dual-y-temperatura\/","og_locale":"en_US","og_type":"article","og_title":"Mult\u00edmetro de pinza ACD-14 PLUS con pantalla dual y temperatura - Techmaster de Mexico","og_description":"Mult\u00edmetro de pinza con pantalla dual Amprobe ACD-14 PLUS con temperatura Las pantallas dobles permiten la lectura simult\u00e1nea de amperios y voltios Mide corriente CA a 600 A y voltaje CA \/ CC a 600 V Mide frecuencia, capacitancia hasta 3000 \u00b5F y resistencia hasta 40 M\u03a9 Mide la temperatura con una sonda termopar tipo [&hellip;]","og_url":"https:\/\/techmasterdemexico.com\/producto\/multimetro-de-pinza-acd-14-plus-con-pantalla-dual-y-temperatura\/","og_site_name":"Techmaster de Mexico","article_modified_time":"2021-12-28T22:27:54+00:00","og_image":[{"width":500,"height":500,"url":"https:\/\/techmasterdemexico.com\/wp-content\/uploads\/2021\/08\/PD_ACD-14PLUS-1.jpg","type":"image\/jpeg"}],"twitter_card":"summary_large_image","twitter_misc":{"Est. reading time":"1 minute"},"schema":{"@context":"https:\/\/schema.org","@graph":[{"@type":"WebPage","@id":"https:\/\/techmasterdemexico.com\/producto\/multimetro-de-pinza-acd-14-plus-con-pantalla-dual-y-temperatura\/","url":"https:\/\/techmasterdemexico.com\/producto\/multimetro-de-pinza-acd-14-plus-con-pantalla-dual-y-temperatura\/","name":"Mult\u00edmetro de pinza ACD-14 PLUS con pantalla dual y temperatura - Techmaster de Mexico","isPartOf":{"@id":"https:\/\/techmasterdemexico.com\/#website"},"primaryImageOfPage":{"@id":"https:\/\/techmasterdemexico.com\/producto\/multimetro-de-pinza-acd-14-plus-con-pantalla-dual-y-temperatura\/#primaryimage"},"image":{"@id":"https:\/\/techmasterdemexico.com\/producto\/multimetro-de-pinza-acd-14-plus-con-pantalla-dual-y-temperatura\/#primaryimage"},"thumbnailUrl":"https:\/\/techmasterdemexico.com\/wp-content\/uploads\/2021\/08\/PD_ACD-14PLUS-1.jpg","datePublished":"2021-08-19T19:28:23+00:00","dateModified":"2021-12-28T22:27:54+00:00","breadcrumb":{"@id":"https:\/\/techmasterdemexico.com\/producto\/multimetro-de-pinza-acd-14-plus-con-pantalla-dual-y-temperatura\/#breadcrumb"},"inLanguage":"en-US","potentialAction":[{"@type":"ReadAction","target":["https:\/\/techmasterdemexico.com\/producto\/multimetro-de-pinza-acd-14-plus-con-pantalla-dual-y-temperatura\/"]}]},{"@type":"ImageObject","inLanguage":"en-US","@id":"https:\/\/techmasterdemexico.com\/producto\/multimetro-de-pinza-acd-14-plus-con-pantalla-dual-y-temperatura\/#primaryimage","url":"https:\/\/techmasterdemexico.com\/wp-content\/uploads\/2021\/08\/PD_ACD-14PLUS-1.jpg","contentUrl":"https:\/\/techmasterdemexico.com\/wp-content\/uploads\/2021\/08\/PD_ACD-14PLUS-1.jpg","width":500,"height":500},{"@type":"BreadcrumbList","@id":"https:\/\/techmasterdemexico.com\/producto\/multimetro-de-pinza-acd-14-plus-con-pantalla-dual-y-temperatura\/#breadcrumb","itemListElement":[{"@type":"ListItem","position":1,"name":"Portada","item":"https:\/\/techmasterdemexico.com\/"},{"@type":"ListItem","position":2,"name":"Mult\u00edmetro de pinza ACD-14 PLUS con pantalla dual y temperatura"}]},{"@type":"WebSite","@id":"https:\/\/techmasterdemexico.com\/#website","url":"https:\/\/techmasterdemexico.com\/","name":"Techmaster de Mexico","description":"","potentialAction":[{"@type":"SearchAction","target":{"@type":"EntryPoint","urlTemplate":"https:\/\/techmasterdemexico.com\/?s={search_term_string}"},"query-input":{"@type":"PropertyValueSpecification","valueRequired":true,"valueName":"search_term_string"}}],"inLanguage":"en-US"}]}},"brands":[{"id":104,"name":"Amprobe","slug":"amprobe"}],"_links":{"self":[{"href":"https:\/\/techmasterdemexico.com\/en\/wp-json\/wp\/v2\/product\/8276","targetHints":{"allow":["GET"]}}],"collection":[{"href":"https:\/\/techmasterdemexico.com\/en\/wp-json\/wp\/v2\/product"}],"about":[{"href":"https:\/\/techmasterdemexico.com\/en\/wp-json\/wp\/v2\/types\/product"}],"wp:featuredmedia":[{"embeddable":true,"href":"https:\/\/techmasterdemexico.com\/en\/wp-json\/wp\/v2\/media\/8563"}],"wp:attachment":[{"href":"https:\/\/techmasterdemexico.com\/en\/wp-json\/wp\/v2\/media?parent=8276"}],"wp:term":[{"taxonomy":"pwb-brand","embeddable":true,"href":"https:\/\/techmasterdemexico.com\/en\/wp-json\/wp\/v2\/pwb-brand?post=8276"},{"taxonomy":"product_brand","embeddable":true,"href":"https:\/\/techmasterdemexico.com\/en\/wp-json\/wp\/v2\/product_brand?post=8276"},{"taxonomy":"product_cat","embeddable":true,"href":"https:\/\/techmasterdemexico.com\/en\/wp-json\/wp\/v2\/product_cat?post=8276"},{"taxonomy":"product_tag","embeddable":true,"href":"https:\/\/techmasterdemexico.com\/en\/wp-json\/wp\/v2\/product_tag?post=8276"}],"curies":[{"name":"wp","href":"https:\/\/api.w.org\/{rel}","templated":true}]}}