{"id":8271,"date":"2021-08-19T19:28:21","date_gmt":"2021-08-19T19:28:21","guid":{"rendered":"http:\/\/techmastermx.ddns.net\/producto\/pinza-amperimetrica-acd-20sw-swivel-con-volttect\/"},"modified":"2021-12-28T22:27:56","modified_gmt":"2021-12-28T22:27:56","slug":"pinza-amperimetrica-acd-20sw-swivel-con-volttect","status":"publish","type":"product","link":"https:\/\/techmasterdemexico.com\/en\/producto\/pinza-amperimetrica-acd-20sw-swivel-con-volttect\/","title":{"rendered":"Pinza amperim\u00e9trica ACD-20SW Swivel \u2122 con VoltTect \u2122"},"content":{"rendered":"<p>Pinza amperim\u00e9trica Amprobe ACD-20SW Swivel \u2122 con VoltTect \u2122<\/p>\n<ul>\n<li>Cabezal giratorio de 180 grados para una visualizaci\u00f3n perfecta de la pantalla<\/li>\n<li>Detecci\u00f3n avanzada de voltaje sin contacto VoltTect \u2122<\/li>\n<li>Dise\u00f1o de mand\u00edbula delgada con operaci\u00f3n con una sola mano<\/li>\n<li>Mide corriente CA hasta 400 CA A, voltaje CA \/ CC hasta 600 V, resistencia y capacitancia<\/li>\n<li>Continuidad audible<\/li>\n<li>Medida de temperatura<\/li>\n<li>Continuidad audible<\/li>\n<li>Apagado autom\u00e1tico<\/li>\n<li>Rango autom\u00e1tico y manual respectivamente para comprobaciones r\u00e1pidas y mediciones precisas<\/li>\n<li>Retenci\u00f3n de datos<\/li>\n<li>Prueba de diodos<\/li>\n<li>Se adapta a conductores de hasta 1,18 (30 mm) de di\u00e1metro<\/li>\n<\/ul>\n<p>La nueva pinza amperim\u00e9trica ACD-20SW Swivel \u2122 de Amprobe cuenta con un dise\u00f1o de pinza de cabezal giratorio de 180 grados patentado que permite ver f\u00e1cilmente las medidas en lugares estrechos o de dif\u00edcil acceso.<\/p>\n<p>Simplemente gire el cuerpo de la pinza amperim\u00e9trica para obtener una vista sin obst\u00e1culos de la pantalla LCD. Las caracter\u00edsticas ricas, que miden corrientes de CA \/ CC, voltaje, resistencia y capacitancia, as\u00ed como las clasificaciones de seguridad CAT III 600 V hacen que esta pinza en el medidor sea algo que debe girar para ver.<\/p>\n","protected":false},"excerpt":{"rendered":"<p>Pinza amperim\u00e9trica Amprobe ACD-20SW Swivel \u2122 con VoltTect \u2122 Cabezal giratorio de 180 grados para una visualizaci\u00f3n perfecta de la pantalla Detecci\u00f3n avanzada de voltaje sin contacto VoltTect \u2122 Dise\u00f1o de mand\u00edbula delgada con operaci\u00f3n con una sola mano Mide corriente CA hasta 400 CA A, voltaje CA \/ CC hasta 600 V, resistencia y [&hellip;]<\/p>\n","protected":false},"featured_media":8602,"template":"","meta":{"_acf_changed":false},"pwb-brand":[104],"product_brand":[],"product_cat":[366,101,159,108],"product_tag":[],"class_list":{"0":"post-8271","1":"product","2":"type-product","3":"status-publish","4":"has-post-thumbnail","6":"pwb-brand-amprobe","7":"product_cat-todos-los-productos","8":"product_cat-amprobe","9":"product_cat-medidores-de-pinza-giratoria","10":"product_cat-pinzas-amperimetricas-amprobe","12":"first","13":"instock","14":"taxable","15":"shipping-taxable","16":"product-type-simple"},"acf":[],"yoast_head":"<!-- This site is optimized with the Yoast SEO plugin v27.4 - https:\/\/yoast.com\/product\/yoast-seo-wordpress\/ -->\n<title>Pinza amperim\u00e9trica ACD-20SW Swivel \u2122 con VoltTect \u2122 - Techmaster de Mexico<\/title>\n<meta name=\"robots\" content=\"index, follow, max-snippet:-1, max-image-preview:large, max-video-preview:-1\" \/>\n<link rel=\"canonical\" href=\"https:\/\/techmasterdemexico.com\/producto\/pinza-amperimetrica-acd-20sw-swivel-con-volttect\/\" \/>\n<meta property=\"og:locale\" content=\"en_US\" \/>\n<meta property=\"og:type\" content=\"article\" \/>\n<meta property=\"og:title\" content=\"Pinza amperim\u00e9trica ACD-20SW Swivel \u2122 con VoltTect \u2122 - Techmaster de Mexico\" \/>\n<meta property=\"og:description\" content=\"Pinza amperim\u00e9trica Amprobe ACD-20SW Swivel \u2122 con VoltTect \u2122 Cabezal giratorio de 180 grados para una visualizaci\u00f3n perfecta de la pantalla Detecci\u00f3n avanzada de voltaje sin contacto VoltTect \u2122 Dise\u00f1o de mand\u00edbula delgada con operaci\u00f3n con una sola mano Mide corriente CA hasta 400 CA A, voltaje CA \/ CC hasta 600 V, resistencia y [&hellip;]\" \/>\n<meta property=\"og:url\" content=\"https:\/\/techmasterdemexico.com\/producto\/pinza-amperimetrica-acd-20sw-swivel-con-volttect\/\" \/>\n<meta property=\"og:site_name\" content=\"Techmaster de Mexico\" \/>\n<meta property=\"article:modified_time\" content=\"2021-12-28T22:27:56+00:00\" \/>\n<meta property=\"og:image\" content=\"https:\/\/techmasterdemexico.com\/wp-content\/uploads\/2021\/08\/PD_ACD-20SW1.jpg\" \/>\n\t<meta property=\"og:image:width\" content=\"500\" \/>\n\t<meta property=\"og:image:height\" content=\"500\" \/>\n\t<meta property=\"og:image:type\" content=\"image\/jpeg\" \/>\n<meta name=\"twitter:card\" content=\"summary_large_image\" \/>\n<meta name=\"twitter:label1\" content=\"Est. reading time\" \/>\n\t<meta name=\"twitter:data1\" content=\"1 minute\" \/>\n<script type=\"application\/ld+json\" class=\"yoast-schema-graph\">{\"@context\":\"https:\\\/\\\/schema.org\",\"@graph\":[{\"@type\":\"WebPage\",\"@id\":\"https:\\\/\\\/techmasterdemexico.com\\\/producto\\\/pinza-amperimetrica-acd-20sw-swivel-con-volttect\\\/\",\"url\":\"https:\\\/\\\/techmasterdemexico.com\\\/producto\\\/pinza-amperimetrica-acd-20sw-swivel-con-volttect\\\/\",\"name\":\"Pinza amperim\u00e9trica ACD-20SW Swivel \u2122 con VoltTect \u2122 - Techmaster de Mexico\",\"isPartOf\":{\"@id\":\"https:\\\/\\\/techmasterdemexico.com\\\/#website\"},\"primaryImageOfPage\":{\"@id\":\"https:\\\/\\\/techmasterdemexico.com\\\/producto\\\/pinza-amperimetrica-acd-20sw-swivel-con-volttect\\\/#primaryimage\"},\"image\":{\"@id\":\"https:\\\/\\\/techmasterdemexico.com\\\/producto\\\/pinza-amperimetrica-acd-20sw-swivel-con-volttect\\\/#primaryimage\"},\"thumbnailUrl\":\"https:\\\/\\\/techmasterdemexico.com\\\/wp-content\\\/uploads\\\/2021\\\/08\\\/PD_ACD-20SW1.jpg\",\"datePublished\":\"2021-08-19T19:28:21+00:00\",\"dateModified\":\"2021-12-28T22:27:56+00:00\",\"breadcrumb\":{\"@id\":\"https:\\\/\\\/techmasterdemexico.com\\\/producto\\\/pinza-amperimetrica-acd-20sw-swivel-con-volttect\\\/#breadcrumb\"},\"inLanguage\":\"en-US\",\"potentialAction\":[{\"@type\":\"ReadAction\",\"target\":[\"https:\\\/\\\/techmasterdemexico.com\\\/producto\\\/pinza-amperimetrica-acd-20sw-swivel-con-volttect\\\/\"]}]},{\"@type\":\"ImageObject\",\"inLanguage\":\"en-US\",\"@id\":\"https:\\\/\\\/techmasterdemexico.com\\\/producto\\\/pinza-amperimetrica-acd-20sw-swivel-con-volttect\\\/#primaryimage\",\"url\":\"https:\\\/\\\/techmasterdemexico.com\\\/wp-content\\\/uploads\\\/2021\\\/08\\\/PD_ACD-20SW1.jpg\",\"contentUrl\":\"https:\\\/\\\/techmasterdemexico.com\\\/wp-content\\\/uploads\\\/2021\\\/08\\\/PD_ACD-20SW1.jpg\",\"width\":500,\"height\":500},{\"@type\":\"BreadcrumbList\",\"@id\":\"https:\\\/\\\/techmasterdemexico.com\\\/producto\\\/pinza-amperimetrica-acd-20sw-swivel-con-volttect\\\/#breadcrumb\",\"itemListElement\":[{\"@type\":\"ListItem\",\"position\":1,\"name\":\"Portada\",\"item\":\"https:\\\/\\\/techmasterdemexico.com\\\/\"},{\"@type\":\"ListItem\",\"position\":2,\"name\":\"Pinza amperim\u00e9trica ACD-20SW Swivel \u2122 con VoltTect \u2122\"}]},{\"@type\":\"WebSite\",\"@id\":\"https:\\\/\\\/techmasterdemexico.com\\\/#website\",\"url\":\"https:\\\/\\\/techmasterdemexico.com\\\/\",\"name\":\"Techmaster de Mexico\",\"description\":\"\",\"potentialAction\":[{\"@type\":\"SearchAction\",\"target\":{\"@type\":\"EntryPoint\",\"urlTemplate\":\"https:\\\/\\\/techmasterdemexico.com\\\/?s={search_term_string}\"},\"query-input\":{\"@type\":\"PropertyValueSpecification\",\"valueRequired\":true,\"valueName\":\"search_term_string\"}}],\"inLanguage\":\"en-US\"}]}<\/script>\n<!-- \/ Yoast SEO plugin. -->","yoast_head_json":{"title":"Pinza amperim\u00e9trica ACD-20SW Swivel \u2122 con VoltTect \u2122 - Techmaster de Mexico","robots":{"index":"index","follow":"follow","max-snippet":"max-snippet:-1","max-image-preview":"max-image-preview:large","max-video-preview":"max-video-preview:-1"},"canonical":"https:\/\/techmasterdemexico.com\/producto\/pinza-amperimetrica-acd-20sw-swivel-con-volttect\/","og_locale":"en_US","og_type":"article","og_title":"Pinza amperim\u00e9trica ACD-20SW Swivel \u2122 con VoltTect \u2122 - Techmaster de Mexico","og_description":"Pinza amperim\u00e9trica Amprobe ACD-20SW Swivel \u2122 con VoltTect \u2122 Cabezal giratorio de 180 grados para una visualizaci\u00f3n perfecta de la pantalla Detecci\u00f3n avanzada de voltaje sin contacto VoltTect \u2122 Dise\u00f1o de mand\u00edbula delgada con operaci\u00f3n con una sola mano Mide corriente CA hasta 400 CA A, voltaje CA \/ CC hasta 600 V, resistencia y [&hellip;]","og_url":"https:\/\/techmasterdemexico.com\/producto\/pinza-amperimetrica-acd-20sw-swivel-con-volttect\/","og_site_name":"Techmaster de Mexico","article_modified_time":"2021-12-28T22:27:56+00:00","og_image":[{"width":500,"height":500,"url":"https:\/\/techmasterdemexico.com\/wp-content\/uploads\/2021\/08\/PD_ACD-20SW1.jpg","type":"image\/jpeg"}],"twitter_card":"summary_large_image","twitter_misc":{"Est. reading time":"1 minute"},"schema":{"@context":"https:\/\/schema.org","@graph":[{"@type":"WebPage","@id":"https:\/\/techmasterdemexico.com\/producto\/pinza-amperimetrica-acd-20sw-swivel-con-volttect\/","url":"https:\/\/techmasterdemexico.com\/producto\/pinza-amperimetrica-acd-20sw-swivel-con-volttect\/","name":"Pinza amperim\u00e9trica ACD-20SW Swivel \u2122 con VoltTect \u2122 - Techmaster de Mexico","isPartOf":{"@id":"https:\/\/techmasterdemexico.com\/#website"},"primaryImageOfPage":{"@id":"https:\/\/techmasterdemexico.com\/producto\/pinza-amperimetrica-acd-20sw-swivel-con-volttect\/#primaryimage"},"image":{"@id":"https:\/\/techmasterdemexico.com\/producto\/pinza-amperimetrica-acd-20sw-swivel-con-volttect\/#primaryimage"},"thumbnailUrl":"https:\/\/techmasterdemexico.com\/wp-content\/uploads\/2021\/08\/PD_ACD-20SW1.jpg","datePublished":"2021-08-19T19:28:21+00:00","dateModified":"2021-12-28T22:27:56+00:00","breadcrumb":{"@id":"https:\/\/techmasterdemexico.com\/producto\/pinza-amperimetrica-acd-20sw-swivel-con-volttect\/#breadcrumb"},"inLanguage":"en-US","potentialAction":[{"@type":"ReadAction","target":["https:\/\/techmasterdemexico.com\/producto\/pinza-amperimetrica-acd-20sw-swivel-con-volttect\/"]}]},{"@type":"ImageObject","inLanguage":"en-US","@id":"https:\/\/techmasterdemexico.com\/producto\/pinza-amperimetrica-acd-20sw-swivel-con-volttect\/#primaryimage","url":"https:\/\/techmasterdemexico.com\/wp-content\/uploads\/2021\/08\/PD_ACD-20SW1.jpg","contentUrl":"https:\/\/techmasterdemexico.com\/wp-content\/uploads\/2021\/08\/PD_ACD-20SW1.jpg","width":500,"height":500},{"@type":"BreadcrumbList","@id":"https:\/\/techmasterdemexico.com\/producto\/pinza-amperimetrica-acd-20sw-swivel-con-volttect\/#breadcrumb","itemListElement":[{"@type":"ListItem","position":1,"name":"Portada","item":"https:\/\/techmasterdemexico.com\/"},{"@type":"ListItem","position":2,"name":"Pinza amperim\u00e9trica ACD-20SW Swivel \u2122 con VoltTect \u2122"}]},{"@type":"WebSite","@id":"https:\/\/techmasterdemexico.com\/#website","url":"https:\/\/techmasterdemexico.com\/","name":"Techmaster de Mexico","description":"","potentialAction":[{"@type":"SearchAction","target":{"@type":"EntryPoint","urlTemplate":"https:\/\/techmasterdemexico.com\/?s={search_term_string}"},"query-input":{"@type":"PropertyValueSpecification","valueRequired":true,"valueName":"search_term_string"}}],"inLanguage":"en-US"}]}},"brands":[{"id":104,"name":"Amprobe","slug":"amprobe"}],"_links":{"self":[{"href":"https:\/\/techmasterdemexico.com\/en\/wp-json\/wp\/v2\/product\/8271","targetHints":{"allow":["GET"]}}],"collection":[{"href":"https:\/\/techmasterdemexico.com\/en\/wp-json\/wp\/v2\/product"}],"about":[{"href":"https:\/\/techmasterdemexico.com\/en\/wp-json\/wp\/v2\/types\/product"}],"wp:featuredmedia":[{"embeddable":true,"href":"https:\/\/techmasterdemexico.com\/en\/wp-json\/wp\/v2\/media\/8602"}],"wp:attachment":[{"href":"https:\/\/techmasterdemexico.com\/en\/wp-json\/wp\/v2\/media?parent=8271"}],"wp:term":[{"taxonomy":"pwb-brand","embeddable":true,"href":"https:\/\/techmasterdemexico.com\/en\/wp-json\/wp\/v2\/pwb-brand?post=8271"},{"taxonomy":"product_brand","embeddable":true,"href":"https:\/\/techmasterdemexico.com\/en\/wp-json\/wp\/v2\/product_brand?post=8271"},{"taxonomy":"product_cat","embeddable":true,"href":"https:\/\/techmasterdemexico.com\/en\/wp-json\/wp\/v2\/product_cat?post=8271"},{"taxonomy":"product_tag","embeddable":true,"href":"https:\/\/techmasterdemexico.com\/en\/wp-json\/wp\/v2\/product_tag?post=8271"}],"curies":[{"name":"wp","href":"https:\/\/api.w.org\/{rel}","templated":true}]}}