{"id":8269,"date":"2021-08-19T19:28:20","date_gmt":"2021-08-19T19:28:20","guid":{"rendered":"http:\/\/techmastermx.ddns.net\/producto\/multimetro-digital-de-alta-resistencia-hd110c-ip67\/"},"modified":"2021-12-28T22:27:57","modified_gmt":"2021-12-28T22:27:57","slug":"multimetro-digital-de-alta-resistencia-hd110c-ip67","status":"publish","type":"product","link":"https:\/\/techmasterdemexico.com\/en\/producto\/multimetro-digital-de-alta-resistencia-hd110c-ip67\/","title":{"rendered":"Mult\u00edmetro digital de alta resistencia HD110C IP67"},"content":{"rendered":"<p>Mult\u00edmetro de servicio pesado Amprobe HD110C IP67<\/p>\n<ul>\n<li>Capacidad de voltaje m\u00e1s alto, midiendo hasta 1500 V CC y 1000 V CA<\/li>\n<li>Clasificaci\u00f3n CAT IV 1000 V<\/li>\n<li>Sellado especial para el medio ambiente y la resistencia al agua: clasificaci\u00f3n IP67<\/li>\n<li>Construido con carcasa resistente a ca\u00eddas y montaje en PCB<\/li>\n<li>Funda Magne-Grip \u2122, libera ambas manos para trabajar<\/li>\n<li>Incluye cables de prueba de alto voltaje con pinzas cocodrilo roscadas<\/li>\n<li>Pantalla LCD de 3-1 \/ 2 d\u00edgitos, 1999 recuentos, con anunciadores<\/li>\n<li>Indicaci\u00f3n autom\u00e1tica de polaridad<\/li>\n<li>Indicaci\u00f3n de bater\u00eda baja<\/li>\n<li>Bater\u00eda est\u00e1ndar de 9 V, NEDA 1604, JIS 006P, IEC 6F2<\/li>\n<li>Carcasa termopl\u00e1stica ign\u00edfuga de alto impacto<\/li>\n<li>Rangos de resistencia 200 \u03a9, 2 k\u03a9, 20 k\u03a9, 200 k\u03a9, 2 M\u03a9, 20 M\u03a9<\/li>\n<\/ul>\n<p>El mult\u00edmetro de servicio pesado Amprobe HD110C est\u00e1 dise\u00f1ado para uso profesional en entornos hostiles. El medidor es inusualmente resistente y confiable en las aplicaciones de uso intensivo de todos los d\u00edas. Est\u00e1 hecho con una construcci\u00f3n impermeable para evitar que la suciedad, la mugre y la humedad entren en la carcasa y causen lecturas inexactas o da\u00f1en los pantalones cortos.<\/p>\n<p>Construido de termopl\u00e1stico resistente, retardante de fuego resistente a derrames de grasa y qu\u00edmicos, con todos los componentes sensibles montados contra golpes para una ca\u00edda resistente a al menos dos metros y medio. El HD110C tiene una capacidad de medici\u00f3n de voltaje extendida de 1500 V CC y 1000 V CA, incomparable con cualquier otra l\u00ednea de mult\u00edmetros digitales. Los rangos de voltaje extendidos pueden soportar transitorios de hasta 12 kV.<\/p>\n","protected":false},"excerpt":{"rendered":"<p>Mult\u00edmetro de servicio pesado Amprobe HD110C IP67 Capacidad de voltaje m\u00e1s alto, midiendo hasta 1500 V CC y 1000 V CA Clasificaci\u00f3n CAT IV 1000 V Sellado especial para el medio ambiente y la resistencia al agua: clasificaci\u00f3n IP67 Construido con carcasa resistente a ca\u00eddas y montaje en PCB Funda Magne-Grip \u2122, libera ambas manos [&hellip;]<\/p>\n","protected":false},"featured_media":8604,"template":"","meta":{"_acf_changed":false},"pwb-brand":[104],"product_brand":[],"product_cat":[366,101,107,158],"product_tag":[],"class_list":{"0":"post-8269","1":"product","2":"type-product","3":"status-publish","4":"has-post-thumbnail","6":"pwb-brand-amprobe","7":"product_cat-todos-los-productos","8":"product_cat-amprobe","9":"product_cat-multimetros","10":"product_cat-multimetros-industriales","12":"first","13":"instock","14":"taxable","15":"shipping-taxable","16":"product-type-simple"},"acf":[],"yoast_head":"<!-- This site is optimized with the Yoast SEO plugin v27.4 - https:\/\/yoast.com\/product\/yoast-seo-wordpress\/ -->\n<title>Mult\u00edmetro digital de alta resistencia HD110C IP67 - Techmaster de Mexico<\/title>\n<meta name=\"robots\" content=\"index, follow, max-snippet:-1, max-image-preview:large, max-video-preview:-1\" \/>\n<link rel=\"canonical\" href=\"https:\/\/techmasterdemexico.com\/producto\/multimetro-digital-de-alta-resistencia-hd110c-ip67\/\" \/>\n<meta property=\"og:locale\" content=\"en_US\" \/>\n<meta property=\"og:type\" content=\"article\" \/>\n<meta property=\"og:title\" content=\"Mult\u00edmetro digital de alta resistencia HD110C IP67 - Techmaster de Mexico\" \/>\n<meta property=\"og:description\" content=\"Mult\u00edmetro de servicio pesado Amprobe HD110C IP67 Capacidad de voltaje m\u00e1s alto, midiendo hasta 1500 V CC y 1000 V CA Clasificaci\u00f3n CAT IV 1000 V Sellado especial para el medio ambiente y la resistencia al agua: clasificaci\u00f3n IP67 Construido con carcasa resistente a ca\u00eddas y montaje en PCB Funda Magne-Grip \u2122, libera ambas manos [&hellip;]\" \/>\n<meta property=\"og:url\" content=\"https:\/\/techmasterdemexico.com\/producto\/multimetro-digital-de-alta-resistencia-hd110c-ip67\/\" \/>\n<meta property=\"og:site_name\" content=\"Techmaster de Mexico\" \/>\n<meta property=\"article:modified_time\" content=\"2021-12-28T22:27:57+00:00\" \/>\n<meta property=\"og:image\" content=\"https:\/\/techmasterdemexico.com\/wp-content\/uploads\/2021\/08\/PD_HC110C1.jpg\" \/>\n\t<meta property=\"og:image:width\" content=\"500\" \/>\n\t<meta property=\"og:image:height\" content=\"500\" \/>\n\t<meta property=\"og:image:type\" content=\"image\/jpeg\" \/>\n<meta name=\"twitter:card\" content=\"summary_large_image\" \/>\n<meta name=\"twitter:label1\" content=\"Est. reading time\" \/>\n\t<meta name=\"twitter:data1\" content=\"1 minute\" \/>\n<script type=\"application\/ld+json\" class=\"yoast-schema-graph\">{\"@context\":\"https:\\\/\\\/schema.org\",\"@graph\":[{\"@type\":\"WebPage\",\"@id\":\"https:\\\/\\\/techmasterdemexico.com\\\/producto\\\/multimetro-digital-de-alta-resistencia-hd110c-ip67\\\/\",\"url\":\"https:\\\/\\\/techmasterdemexico.com\\\/producto\\\/multimetro-digital-de-alta-resistencia-hd110c-ip67\\\/\",\"name\":\"Mult\u00edmetro digital de alta resistencia HD110C IP67 - Techmaster de Mexico\",\"isPartOf\":{\"@id\":\"https:\\\/\\\/techmasterdemexico.com\\\/#website\"},\"primaryImageOfPage\":{\"@id\":\"https:\\\/\\\/techmasterdemexico.com\\\/producto\\\/multimetro-digital-de-alta-resistencia-hd110c-ip67\\\/#primaryimage\"},\"image\":{\"@id\":\"https:\\\/\\\/techmasterdemexico.com\\\/producto\\\/multimetro-digital-de-alta-resistencia-hd110c-ip67\\\/#primaryimage\"},\"thumbnailUrl\":\"https:\\\/\\\/techmasterdemexico.com\\\/wp-content\\\/uploads\\\/2021\\\/08\\\/PD_HC110C1.jpg\",\"datePublished\":\"2021-08-19T19:28:20+00:00\",\"dateModified\":\"2021-12-28T22:27:57+00:00\",\"breadcrumb\":{\"@id\":\"https:\\\/\\\/techmasterdemexico.com\\\/producto\\\/multimetro-digital-de-alta-resistencia-hd110c-ip67\\\/#breadcrumb\"},\"inLanguage\":\"en-US\",\"potentialAction\":[{\"@type\":\"ReadAction\",\"target\":[\"https:\\\/\\\/techmasterdemexico.com\\\/producto\\\/multimetro-digital-de-alta-resistencia-hd110c-ip67\\\/\"]}]},{\"@type\":\"ImageObject\",\"inLanguage\":\"en-US\",\"@id\":\"https:\\\/\\\/techmasterdemexico.com\\\/producto\\\/multimetro-digital-de-alta-resistencia-hd110c-ip67\\\/#primaryimage\",\"url\":\"https:\\\/\\\/techmasterdemexico.com\\\/wp-content\\\/uploads\\\/2021\\\/08\\\/PD_HC110C1.jpg\",\"contentUrl\":\"https:\\\/\\\/techmasterdemexico.com\\\/wp-content\\\/uploads\\\/2021\\\/08\\\/PD_HC110C1.jpg\",\"width\":500,\"height\":500},{\"@type\":\"BreadcrumbList\",\"@id\":\"https:\\\/\\\/techmasterdemexico.com\\\/producto\\\/multimetro-digital-de-alta-resistencia-hd110c-ip67\\\/#breadcrumb\",\"itemListElement\":[{\"@type\":\"ListItem\",\"position\":1,\"name\":\"Portada\",\"item\":\"https:\\\/\\\/techmasterdemexico.com\\\/\"},{\"@type\":\"ListItem\",\"position\":2,\"name\":\"Mult\u00edmetro digital de alta resistencia HD110C IP67\"}]},{\"@type\":\"WebSite\",\"@id\":\"https:\\\/\\\/techmasterdemexico.com\\\/#website\",\"url\":\"https:\\\/\\\/techmasterdemexico.com\\\/\",\"name\":\"Techmaster de Mexico\",\"description\":\"\",\"potentialAction\":[{\"@type\":\"SearchAction\",\"target\":{\"@type\":\"EntryPoint\",\"urlTemplate\":\"https:\\\/\\\/techmasterdemexico.com\\\/?s={search_term_string}\"},\"query-input\":{\"@type\":\"PropertyValueSpecification\",\"valueRequired\":true,\"valueName\":\"search_term_string\"}}],\"inLanguage\":\"en-US\"}]}<\/script>\n<!-- \/ Yoast SEO plugin. -->","yoast_head_json":{"title":"Mult\u00edmetro digital de alta resistencia HD110C IP67 - Techmaster de Mexico","robots":{"index":"index","follow":"follow","max-snippet":"max-snippet:-1","max-image-preview":"max-image-preview:large","max-video-preview":"max-video-preview:-1"},"canonical":"https:\/\/techmasterdemexico.com\/producto\/multimetro-digital-de-alta-resistencia-hd110c-ip67\/","og_locale":"en_US","og_type":"article","og_title":"Mult\u00edmetro digital de alta resistencia HD110C IP67 - Techmaster de Mexico","og_description":"Mult\u00edmetro de servicio pesado Amprobe HD110C IP67 Capacidad de voltaje m\u00e1s alto, midiendo hasta 1500 V CC y 1000 V CA Clasificaci\u00f3n CAT IV 1000 V Sellado especial para el medio ambiente y la resistencia al agua: clasificaci\u00f3n IP67 Construido con carcasa resistente a ca\u00eddas y montaje en PCB Funda Magne-Grip \u2122, libera ambas manos [&hellip;]","og_url":"https:\/\/techmasterdemexico.com\/producto\/multimetro-digital-de-alta-resistencia-hd110c-ip67\/","og_site_name":"Techmaster de Mexico","article_modified_time":"2021-12-28T22:27:57+00:00","og_image":[{"width":500,"height":500,"url":"https:\/\/techmasterdemexico.com\/wp-content\/uploads\/2021\/08\/PD_HC110C1.jpg","type":"image\/jpeg"}],"twitter_card":"summary_large_image","twitter_misc":{"Est. reading time":"1 minute"},"schema":{"@context":"https:\/\/schema.org","@graph":[{"@type":"WebPage","@id":"https:\/\/techmasterdemexico.com\/producto\/multimetro-digital-de-alta-resistencia-hd110c-ip67\/","url":"https:\/\/techmasterdemexico.com\/producto\/multimetro-digital-de-alta-resistencia-hd110c-ip67\/","name":"Mult\u00edmetro digital de alta resistencia HD110C IP67 - Techmaster de Mexico","isPartOf":{"@id":"https:\/\/techmasterdemexico.com\/#website"},"primaryImageOfPage":{"@id":"https:\/\/techmasterdemexico.com\/producto\/multimetro-digital-de-alta-resistencia-hd110c-ip67\/#primaryimage"},"image":{"@id":"https:\/\/techmasterdemexico.com\/producto\/multimetro-digital-de-alta-resistencia-hd110c-ip67\/#primaryimage"},"thumbnailUrl":"https:\/\/techmasterdemexico.com\/wp-content\/uploads\/2021\/08\/PD_HC110C1.jpg","datePublished":"2021-08-19T19:28:20+00:00","dateModified":"2021-12-28T22:27:57+00:00","breadcrumb":{"@id":"https:\/\/techmasterdemexico.com\/producto\/multimetro-digital-de-alta-resistencia-hd110c-ip67\/#breadcrumb"},"inLanguage":"en-US","potentialAction":[{"@type":"ReadAction","target":["https:\/\/techmasterdemexico.com\/producto\/multimetro-digital-de-alta-resistencia-hd110c-ip67\/"]}]},{"@type":"ImageObject","inLanguage":"en-US","@id":"https:\/\/techmasterdemexico.com\/producto\/multimetro-digital-de-alta-resistencia-hd110c-ip67\/#primaryimage","url":"https:\/\/techmasterdemexico.com\/wp-content\/uploads\/2021\/08\/PD_HC110C1.jpg","contentUrl":"https:\/\/techmasterdemexico.com\/wp-content\/uploads\/2021\/08\/PD_HC110C1.jpg","width":500,"height":500},{"@type":"BreadcrumbList","@id":"https:\/\/techmasterdemexico.com\/producto\/multimetro-digital-de-alta-resistencia-hd110c-ip67\/#breadcrumb","itemListElement":[{"@type":"ListItem","position":1,"name":"Portada","item":"https:\/\/techmasterdemexico.com\/"},{"@type":"ListItem","position":2,"name":"Mult\u00edmetro digital de alta resistencia HD110C IP67"}]},{"@type":"WebSite","@id":"https:\/\/techmasterdemexico.com\/#website","url":"https:\/\/techmasterdemexico.com\/","name":"Techmaster de Mexico","description":"","potentialAction":[{"@type":"SearchAction","target":{"@type":"EntryPoint","urlTemplate":"https:\/\/techmasterdemexico.com\/?s={search_term_string}"},"query-input":{"@type":"PropertyValueSpecification","valueRequired":true,"valueName":"search_term_string"}}],"inLanguage":"en-US"}]}},"brands":[{"id":104,"name":"Amprobe","slug":"amprobe"}],"_links":{"self":[{"href":"https:\/\/techmasterdemexico.com\/en\/wp-json\/wp\/v2\/product\/8269","targetHints":{"allow":["GET"]}}],"collection":[{"href":"https:\/\/techmasterdemexico.com\/en\/wp-json\/wp\/v2\/product"}],"about":[{"href":"https:\/\/techmasterdemexico.com\/en\/wp-json\/wp\/v2\/types\/product"}],"wp:featuredmedia":[{"embeddable":true,"href":"https:\/\/techmasterdemexico.com\/en\/wp-json\/wp\/v2\/media\/8604"}],"wp:attachment":[{"href":"https:\/\/techmasterdemexico.com\/en\/wp-json\/wp\/v2\/media?parent=8269"}],"wp:term":[{"taxonomy":"pwb-brand","embeddable":true,"href":"https:\/\/techmasterdemexico.com\/en\/wp-json\/wp\/v2\/pwb-brand?post=8269"},{"taxonomy":"product_brand","embeddable":true,"href":"https:\/\/techmasterdemexico.com\/en\/wp-json\/wp\/v2\/product_brand?post=8269"},{"taxonomy":"product_cat","embeddable":true,"href":"https:\/\/techmasterdemexico.com\/en\/wp-json\/wp\/v2\/product_cat?post=8269"},{"taxonomy":"product_tag","embeddable":true,"href":"https:\/\/techmasterdemexico.com\/en\/wp-json\/wp\/v2\/product_tag?post=8269"}],"curies":[{"name":"wp","href":"https:\/\/api.w.org\/{rel}","templated":true}]}}