{"id":8268,"date":"2021-08-19T19:28:20","date_gmt":"2021-08-19T19:28:20","guid":{"rendered":"http:\/\/techmastermx.ddns.net\/producto\/multimetro-industrial-am-570\/"},"modified":"2021-12-28T22:27:57","modified_gmt":"2021-12-28T22:27:57","slug":"multimetro-industrial-am-570","status":"publish","type":"product","link":"https:\/\/techmasterdemexico.com\/en\/producto\/multimetro-industrial-am-570\/","title":{"rendered":"Mult\u00edmetro industrial AM-570"},"content":{"rendered":"<p>Mult\u00edmetro industrial Amprobe AM-570<\/p>\n<ul>\n<li>La tecnolog\u00eda de verdadero valor eficaz mejora la precisi\u00f3n en entornos el\u00e9ctricamente ruidosos<\/li>\n<li>Mide voltaje CA \/ CC hasta 1000 V, corriente CA \/ CC, resistencia, frecuencia, capacitancia, temperatura y ciclo de trabajo<\/li>\n<li>El modo Low Z detecta voltajes par\u00e1sitos<\/li>\n<li>El filtro de paso bajo mide con precisi\u00f3n el voltaje en unidades de frecuencia variable<\/li>\n<li>Peak hold (cresta) captura y mantiene el valor m\u00e1ximo de una sobretensi\u00f3n o sobretensi\u00f3n<\/li>\n<li>La detecci\u00f3n de voltaje sin contacto mejora la seguridad<\/li>\n<li>La continuidad audible identifica r\u00e1pidamente cortos y abre<\/li>\n<li>Prueba de diodo para verificar la polaridad del diodo<\/li>\n<li>La retenci\u00f3n de datos congela la lectura en la pantalla para un an\u00e1lisis m\u00e1s detallado<\/li>\n<li>El registro MIN \/ MAX registra las mediciones m\u00ednimas \/ m\u00e1ximas a lo largo del tiempo para mostrar las fluctuaciones de voltaje<\/li>\n<li>El modo de cero relativo muestra la diferencia entre la lectura real y un valor de referencia almacenado y se puede utilizar con cualquier funci\u00f3n o rango.<\/li>\n<li>Alertas de advertencia contra la conexi\u00f3n incorrecta de los cables de prueba<\/li>\n<li>Combina caracter\u00edsticas f\u00e1ciles de usar como apagado autom\u00e1tico para conservar la vida \u00fatil de la bater\u00eda, advertencia de bater\u00eda baja, un soporte de sonda de prueba de &#8220;tercera mano&#8221;, almacenamiento de cables de prueba incorporado, una linterna incorporada y una correa de velcro para colgar el medidor<\/li>\n<li>El rango autom\u00e1tico y manual ofrece la m\u00e1xima flexibilidad<\/li>\n<li>La pantalla LCD retroiluminada de lectura dual con gr\u00e1fico de barras anal\u00f3gicas facilita la visualizaci\u00f3n de los resultados<\/li>\n<li>Categor\u00eda de seguridad CAT IV 600 V \/ CAT III 1000 V para entornos de alta tensi\u00f3n<\/li>\n<\/ul>\n<p>El mult\u00edmetro digital de rango autom\u00e1tico Amprobe AM-570 es uno de los mejores mult\u00edmetros digitales de su clase. Dise\u00f1ado para electricistas profesionales que necesitan mantener el servicio o solucionar problemas de sistemas el\u00e9ctricos avanzados en los entornos m\u00e1s exigentes, el mult\u00edmetro de alto voltaje AM-570 est\u00e1 repleto de funciones de mult\u00edmetro digital profesional. Con precisi\u00f3n de verdadero valor eficaz para medir voltaje en entornos ruidosos, termopares duales para mediciones de temperatura diferencial, modo de baja impedancia para detectar voltaje par\u00e1sito y un filtro de paso bajo para medir con precisi\u00f3n el voltaje en unidades de frecuencia variable, el AM-570 se encarga de la rapidez Verificaciones pasa \/ no pasa con una sola herramienta.<\/p>\n","protected":false},"excerpt":{"rendered":"<table class=\"t1\" cellspacing=\"0\" cellpadding=\"0\">\n<tbody>\n<tr>\n<td class=\"td1\" valign=\"middle\">\n<p class=\"p1\">CARACTER\u00cdSTICA<\/p>\n<\/td>\n<td class=\"td1\" valign=\"middle\">\n<p class=\"p1\">AM-570<\/p>\n<\/td>\n<td class=\"td1\" valign=\"middle\">\n<p class=\"p1\">Mejor precisi\u00f3n<\/p>\n<\/td>\n<\/tr>\n<tr>\n<td class=\"td1\" valign=\"middle\">\n<p class=\"p1\">Verdadero valor eficaz<\/p>\n<\/td>\n<td class=\"td1\" valign=\"middle\">\n<p class=\"p1\">X<\/p>\n<\/td>\n<td class=\"td1\" valign=\"middle\"><\/td>\n<\/tr>\n<tr>\n<td class=\"td1\" valign=\"middle\">\n<p class=\"p1\">Voltaje de corriente alterna<\/p>\n<\/td>\n<td class=\"td1\" valign=\"middle\">\n<p class=\"p1\">6.000 V, 60,00 V, 600,0 V, 1000 V<\/p>\n<\/td>\n<td class=\"td1\" valign=\"middle\">\n<p class=\"p1\">+\/- (1.0% lectura + 3 LSD)<\/p>\n<p class=\"p1\">@ 45 Hz a 400 Hz, 0 V a 600 V<\/p>\n<\/td>\n<\/tr>\n<tr>\n<td class=\"td1\" valign=\"middle\">\n<p class=\"p1\">Voltaje DC<\/p>\n<\/td>\n<td class=\"td1\" valign=\"middle\">\n<p class=\"p1\">600,0 mV, 6,000 V, 60,00 V,<\/p>\n<p class=\"p1\">600,0 V, 1000 V<\/p>\n<\/td>\n<td class=\"td1\" valign=\"middle\">\n<p class=\"p1\">+\/- (0.5% rdg + 2 LSD) @ rangos de 6 V a 600 V<\/p>\n<\/td>\n<\/tr>\n<tr>\n<td class=\"td1\" valign=\"middle\">\n<p class=\"p1\">Corriente alterna<\/p>\n<\/td>\n<td class=\"td1\" valign=\"middle\">\n<p class=\"p1\">600,0 \u03bcA, 6000 \u03bcA,<\/p>\n<p class=\"p1\">60,00 mA, 500,0 mA,<\/p>\n<p class=\"p1\">10,00 A<\/p>\n<\/td>\n<td class=\"td1\" valign=\"middle\">\n<p class=\"p1\">\u00b1 (1.2% Rdg + 5 LSD)<\/p>\n<p class=\"p1\">@ rangos de 600 \u03bcA a 6000 \u03bcA,<\/p>\n<p class=\"p1\">45 Hz a 400 Hz<\/p>\n<\/td>\n<\/tr>\n<tr>\n<td class=\"td1\" valign=\"middle\">\n<p class=\"p1\">Corriente DC<\/p>\n<\/td>\n<td class=\"td1\" valign=\"middle\">\n<p class=\"p1\">600,0 \u03bcA, 6000 \u03bcA,<\/p>\n<p class=\"p1\">60,00 mA, 500,0 mA,<\/p>\n<p class=\"p1\">10,00 A<\/p>\n<\/td>\n<td class=\"td1\" valign=\"middle\">\n<p class=\"p1\">\u00b1 (1.0% Rdg + 2 LSD)<\/p>\n<p class=\"p1\">@ rangos de 600 \u03bcA a 6000 \u03bcA<\/p>\n<\/td>\n<\/tr>\n<tr>\n<td class=\"td1\" valign=\"middle\">\n<p class=\"p1\">Frecuencia<\/p>\n<\/td>\n<td class=\"td1\" valign=\"middle\">\n<p class=\"p1\">60,00 Hz, 600,0 Hz,<\/p>\n<p class=\"p1\">6,000 kHz, 60,00 kHz, 600,0 kHz,<\/p>\n<p class=\"p1\">6,000 MHz, 60,00 MHz<\/p>\n<\/td>\n<td class=\"td1\" valign=\"middle\">\n<p class=\"p1\">+\/- (0,1% lectura + 3 LSD)<\/p>\n<\/td>\n<\/tr>\n<tr>\n<td class=\"td1\" valign=\"middle\">\n<p class=\"p1\">Resistencia<\/p>\n<\/td>\n<td class=\"td1\" valign=\"middle\">\n<p class=\"p1\">600.0 \u03a9,<\/p>\n<p class=\"p1\">6.000 k\u03a9, 60.00 k\u03a9, 600.0 k\u03a9<\/p>\n<p class=\"p1\">6.000 M\u03a9 60.00 M\u03a9<\/p>\n<\/td>\n<td class=\"td1\" valign=\"middle\">\n<p class=\"p1\">+\/- (1.0% rdg + 2 LSD)<\/p>\n<p class=\"p1\">@ rangos de 6 k\u03a9 a 600 k\u03a9<\/p>\n<\/td>\n<\/tr>\n<tr>\n<td class=\"td1\" valign=\"middle\">\n<p class=\"p1\">Capacidad<\/p>\n<\/td>\n<td class=\"td1\" valign=\"middle\">\n<p class=\"p1\">60,00 nF, 600,0 nF,<\/p>\n<p class=\"p1\">6,000 \u03bcF, 60,00 \u03bcF, 600,0 \u03bcF, 6000 \u03bcF,<\/p>\n<p class=\"p1\">60,00 mF<\/p>\n<\/td>\n<td class=\"td1\" valign=\"middle\">\n<p class=\"p1\">+\/- (3.0% rdg + 5 LSD)<\/p>\n<p class=\"p1\">@ rangos de 600 nF a 60 \u03bcF<\/p>\n<\/td>\n<\/tr>\n<tr>\n<td class=\"td1\" valign=\"middle\">\n<p class=\"p1\">Temperatura<\/p>\n<\/td>\n<td class=\"td1\" valign=\"middle\">\n<p class=\"p1\">-40 <span class=\"s1\">\u2070<\/span>F a 1832 <span class=\"s1\">\u2070<\/span>F<\/p>\n<p class=\"p1\">-40 <span class=\"s1\">\u2070<\/span>C a 1000 <span class=\"s1\">\u2070<\/span>C<\/p>\n<\/td>\n<td class=\"td1\" valign=\"middle\">\n<p class=\"p1\">+\/- (1.0% lectura + 12) @&gt; 104 <span class=\"s1\">\u2070<\/span>F a 752 <span class=\"s1\">\u2070<\/span>F<\/p>\n<p class=\"p1\">+\/- (1.0% lectura + 8) @&gt; 40 <span class=\"s1\">\u2070<\/span>C a 400 <span class=\"s1\">\u2070<\/span>C<\/p>\n<\/td>\n<\/tr>\n<tr>\n<td class=\"td1\" valign=\"middle\">\n<p class=\"p1\">N\u00famero de entradas de temperatura<\/p>\n<\/td>\n<td class=\"td1\" valign=\"middle\">\n<p class=\"p1\">Termopar doble<\/p>\n<\/td>\n<td class=\"td1\" valign=\"middle\"><\/td>\n<\/tr>\n<tr>\n<td class=\"td1\" valign=\"middle\">\n<p class=\"p1\">Ciclo de trabajo<\/p>\n<\/td>\n<td class=\"td1\" valign=\"middle\">\n<p class=\"p1\">10,00% hasta 90,00%<\/p>\n<\/td>\n<td class=\"td1\" valign=\"middle\">\n<p class=\"p1\">+\/- (1.2% rdg + 30 LSD) @ 5 Hz a 2 kHz<\/p>\n<\/td>\n<\/tr>\n<\/tbody>\n<\/table>\n","protected":false},"featured_media":8610,"template":"","meta":{"_acf_changed":false},"pwb-brand":[104],"product_brand":[],"product_cat":[366,101,107,157],"product_tag":[],"class_list":{"0":"post-8268","1":"product","2":"type-product","3":"status-publish","4":"has-post-thumbnail","6":"pwb-brand-amprobe","7":"product_cat-todos-los-productos","8":"product_cat-amprobe","9":"product_cat-multimetros","10":"product_cat-multimetros-digitales-multimetros","12":"first","13":"instock","14":"taxable","15":"shipping-taxable","16":"product-type-simple"},"acf":[],"yoast_head":"<!-- This site is optimized with the Yoast SEO plugin v27.5 - https:\/\/yoast.com\/product\/yoast-seo-wordpress\/ -->\n<title>Mult\u00edmetro industrial AM-570 - Techmaster de Mexico<\/title>\n<meta name=\"robots\" content=\"index, follow, max-snippet:-1, max-image-preview:large, max-video-preview:-1\" \/>\n<link rel=\"canonical\" href=\"https:\/\/techmasterdemexico.com\/producto\/multimetro-industrial-am-570\/\" \/>\n<meta property=\"og:locale\" content=\"en_US\" \/>\n<meta property=\"og:type\" content=\"article\" \/>\n<meta property=\"og:title\" content=\"Mult\u00edmetro industrial AM-570 - Techmaster de Mexico\" \/>\n<meta property=\"og:description\" content=\"[:es]          CARACTER\u00cdSTICA      AM-570      Mejor precisi\u00f3n          Verdadero valor eficaz      X            Voltaje de corriente alterna      6.000 V, 60,00 V, 600,0 V, 1000 V      +\/- (1.0% lectura + 3 LSD)  @ 45 Hz a 400 Hz, 0 V a 600 V          Voltaje DC      600,0 mV, 6,000 V, 60,00 V,  600,0 V, 1000 V      +\/- (0.5% rdg + 2 LSD) @ rangos de 6 V a 600 V          Corriente alterna      600,0 \u03bcA, 6000 \u03bcA,  60,00 mA, 500,0 mA,  10,00 A      \u00b1 (1.2% Rdg + 5 LSD)  @ rangos de 600 \u03bcA a 6000 \u03bcA,  45 Hz a 400 Hz          Corriente DC      600,0 \u03bcA, 6000 \u03bcA,  60,00 mA, 500,0 mA,  10,00 A      \u00b1 (1.0% Rdg + 2 LSD)  @ rangos de 600 \u03bcA a 6000 \u03bcA          Frecuencia      60,00 Hz, 600,0 Hz,  6,000 kHz, 60,00 kHz, 600,0 kHz,  6,000 MHz, 60,00 MHz      +\/- (0,1% lectura + 3 LSD)          Resistencia      600.0 \u03a9,  6.000 k\u03a9, 60.00 k\u03a9, 600.0 k\u03a9  6.000 M\u03a9 60.00 M\u03a9      +\/- (1.0% rdg + 2 LSD)  @ rangos de 6 k\u03a9 a 600 k\u03a9          Capacidad      60,00 nF, 600,0 nF,  6,000 \u03bcF, 60,00 \u03bcF, 600,0 \u03bcF, 6000 \u03bcF,  60,00 mF      +\/- (3.0% rdg + 5 LSD)  @ rangos de 600 nF a 60 \u03bcF          Temperatura      -40 \u2070F a 1832 \u2070F  -40 \u2070C a 1000 \u2070C      +\/- (1.0% lectura + 12) @&gt; 104 \u2070F a 752 \u2070F  +\/- (1.0% lectura + 8) @&gt; 40 \u2070C a 400 \u2070C          N\u00famero de entradas de temperatura      Termopar doble            Ciclo de trabajo      10,00% hasta 90,00%      +\/- (1.2% rdg + 30 LSD) @ 5 Hz a 2 kHz        [:en]         CARACTER\u00cdSTICA      AM-570      Mejor precisi\u00f3n          Verdadero valor eficaz      X            Voltaje de corriente alterna      6.000 V, 60,00 V, 600,0 V, 1000 V      +\/- (1.0% lectura + 3 LSD)  @ 45 Hz a 400 Hz, 0 V a 600 V          Voltaje DC      600,0 mV, 6,000 V, 60,00 V,  600,0 V, 1000 V      +\/- (0.5% rdg + 2 LSD) @ rangos de 6 V a 600 V          Corriente alterna      600,0 \u03bcA, 6000 \u03bcA,  60,00 mA, 500,0 mA,  10,00 A      \u00b1 (1.2% Rdg + 5 LSD)  @ rangos de 600 \u03bcA a 6000 \u03bcA,  45 Hz a 400 Hz          Corriente DC      600,0 \u03bcA, 6000 \u03bcA,  60,00 mA, 500,0 mA,  10,00 A      \u00b1 (1.0% Rdg + 2 LSD)  @ rangos de 600 \u03bcA a 6000 \u03bcA          Frecuencia      60,00 Hz, 600,0 Hz,  6,000 kHz, 60,00 kHz, 600,0 kHz,  6,000 MHz, 60,00 MHz      +\/- (0,1% lectura + 3 LSD)          Resistencia      600.0 \u03a9,  6.000 k\u03a9, 60.00 k\u03a9, 600.0 k\u03a9  6.000 M\u03a9 60.00 M\u03a9      +\/- (1.0% rdg + 2 LSD)  @ rangos de 6 k\u03a9 a 600 k\u03a9          Capacidad      60,00 nF, 600,0 nF,  6,000 \u03bcF, 60,00 \u03bcF, 600,0 \u03bcF, 6000 \u03bcF,  60,00 mF      +\/- (3.0% rdg + 5 LSD)  @ rangos de 600 nF a 60 \u03bcF          Temperatura      -40 \u2070F a 1832 \u2070F  -40 \u2070C a 1000 \u2070C      +\/- (1.0% lectura + 12) @&gt; 104 \u2070F a 752 \u2070F  +\/- (1.0% lectura + 8) @&gt; 40 \u2070C a 400 \u2070C          N\u00famero de entradas de temperatura      Termopar doble            Ciclo de trabajo      10,00% hasta 90,00%      +\/- (1.2% rdg + 30 LSD) @ 5 Hz a 2 kHz        [:]\" \/>\n<meta property=\"og:url\" content=\"https:\/\/techmasterdemexico.com\/producto\/multimetro-industrial-am-570\/\" \/>\n<meta property=\"og:site_name\" content=\"Techmaster de Mexico\" \/>\n<meta property=\"article:modified_time\" content=\"2021-12-28T22:27:57+00:00\" \/>\n<meta property=\"og:image\" content=\"https:\/\/techmasterdemexico.com\/wp-content\/uploads\/2021\/08\/PD_AM-570-1.jpg\" \/>\n\t<meta property=\"og:image:width\" content=\"500\" \/>\n\t<meta property=\"og:image:height\" content=\"500\" \/>\n\t<meta property=\"og:image:type\" content=\"image\/jpeg\" \/>\n<meta name=\"twitter:card\" content=\"summary_large_image\" \/>\n<meta name=\"twitter:label1\" content=\"Est. reading time\" \/>\n\t<meta name=\"twitter:data1\" content=\"2 minutes\" \/>\n<script type=\"application\/ld+json\" class=\"yoast-schema-graph\">{\"@context\":\"https:\\\/\\\/schema.org\",\"@graph\":[{\"@type\":\"WebPage\",\"@id\":\"https:\\\/\\\/techmasterdemexico.com\\\/producto\\\/multimetro-industrial-am-570\\\/\",\"url\":\"https:\\\/\\\/techmasterdemexico.com\\\/producto\\\/multimetro-industrial-am-570\\\/\",\"name\":\"Mult\u00edmetro industrial AM-570 - Techmaster de Mexico\",\"isPartOf\":{\"@id\":\"https:\\\/\\\/techmasterdemexico.com\\\/#website\"},\"primaryImageOfPage\":{\"@id\":\"https:\\\/\\\/techmasterdemexico.com\\\/producto\\\/multimetro-industrial-am-570\\\/#primaryimage\"},\"image\":{\"@id\":\"https:\\\/\\\/techmasterdemexico.com\\\/producto\\\/multimetro-industrial-am-570\\\/#primaryimage\"},\"thumbnailUrl\":\"https:\\\/\\\/techmasterdemexico.com\\\/wp-content\\\/uploads\\\/2021\\\/08\\\/PD_AM-570-1.jpg\",\"datePublished\":\"2021-08-19T19:28:20+00:00\",\"dateModified\":\"2021-12-28T22:27:57+00:00\",\"breadcrumb\":{\"@id\":\"https:\\\/\\\/techmasterdemexico.com\\\/producto\\\/multimetro-industrial-am-570\\\/#breadcrumb\"},\"inLanguage\":\"en-US\",\"potentialAction\":[{\"@type\":\"ReadAction\",\"target\":[\"https:\\\/\\\/techmasterdemexico.com\\\/producto\\\/multimetro-industrial-am-570\\\/\"]}]},{\"@type\":\"ImageObject\",\"inLanguage\":\"en-US\",\"@id\":\"https:\\\/\\\/techmasterdemexico.com\\\/producto\\\/multimetro-industrial-am-570\\\/#primaryimage\",\"url\":\"https:\\\/\\\/techmasterdemexico.com\\\/wp-content\\\/uploads\\\/2021\\\/08\\\/PD_AM-570-1.jpg\",\"contentUrl\":\"https:\\\/\\\/techmasterdemexico.com\\\/wp-content\\\/uploads\\\/2021\\\/08\\\/PD_AM-570-1.jpg\",\"width\":500,\"height\":500},{\"@type\":\"BreadcrumbList\",\"@id\":\"https:\\\/\\\/techmasterdemexico.com\\\/producto\\\/multimetro-industrial-am-570\\\/#breadcrumb\",\"itemListElement\":[{\"@type\":\"ListItem\",\"position\":1,\"name\":\"Portada\",\"item\":\"https:\\\/\\\/techmasterdemexico.com\\\/\"},{\"@type\":\"ListItem\",\"position\":2,\"name\":\"Mult\u00edmetro industrial AM-570\"}]},{\"@type\":\"WebSite\",\"@id\":\"https:\\\/\\\/techmasterdemexico.com\\\/#website\",\"url\":\"https:\\\/\\\/techmasterdemexico.com\\\/\",\"name\":\"Techmaster de Mexico\",\"description\":\"\",\"potentialAction\":[{\"@type\":\"SearchAction\",\"target\":{\"@type\":\"EntryPoint\",\"urlTemplate\":\"https:\\\/\\\/techmasterdemexico.com\\\/?s={search_term_string}\"},\"query-input\":{\"@type\":\"PropertyValueSpecification\",\"valueRequired\":true,\"valueName\":\"search_term_string\"}}],\"inLanguage\":\"en-US\"}]}<\/script>\n<!-- \/ Yoast SEO plugin. -->","yoast_head_json":{"title":"Mult\u00edmetro industrial AM-570 - Techmaster de Mexico","robots":{"index":"index","follow":"follow","max-snippet":"max-snippet:-1","max-image-preview":"max-image-preview:large","max-video-preview":"max-video-preview:-1"},"canonical":"https:\/\/techmasterdemexico.com\/producto\/multimetro-industrial-am-570\/","og_locale":"en_US","og_type":"article","og_title":"Mult\u00edmetro industrial AM-570 - Techmaster de Mexico","og_description":"[:es]          CARACTER\u00cdSTICA      AM-570      Mejor precisi\u00f3n          Verdadero valor eficaz      X            Voltaje de corriente alterna      6.000 V, 60,00 V, 600,0 V, 1000 V      +\/- (1.0% lectura + 3 LSD)  @ 45 Hz a 400 Hz, 0 V a 600 V          Voltaje DC      600,0 mV, 6,000 V, 60,00 V,  600,0 V, 1000 V      +\/- (0.5% rdg + 2 LSD) @ rangos de 6 V a 600 V          Corriente alterna      600,0 \u03bcA, 6000 \u03bcA,  60,00 mA, 500,0 mA,  10,00 A      \u00b1 (1.2% Rdg + 5 LSD)  @ rangos de 600 \u03bcA a 6000 \u03bcA,  45 Hz a 400 Hz          Corriente DC      600,0 \u03bcA, 6000 \u03bcA,  60,00 mA, 500,0 mA,  10,00 A      \u00b1 (1.0% Rdg + 2 LSD)  @ rangos de 600 \u03bcA a 6000 \u03bcA          Frecuencia      60,00 Hz, 600,0 Hz,  6,000 kHz, 60,00 kHz, 600,0 kHz,  6,000 MHz, 60,00 MHz      +\/- (0,1% lectura + 3 LSD)          Resistencia      600.0 \u03a9,  6.000 k\u03a9, 60.00 k\u03a9, 600.0 k\u03a9  6.000 M\u03a9 60.00 M\u03a9      +\/- (1.0% rdg + 2 LSD)  @ rangos de 6 k\u03a9 a 600 k\u03a9          Capacidad      60,00 nF, 600,0 nF,  6,000 \u03bcF, 60,00 \u03bcF, 600,0 \u03bcF, 6000 \u03bcF,  60,00 mF      +\/- (3.0% rdg + 5 LSD)  @ rangos de 600 nF a 60 \u03bcF          Temperatura      -40 \u2070F a 1832 \u2070F  -40 \u2070C a 1000 \u2070C      +\/- (1.0% lectura + 12) @&gt; 104 \u2070F a 752 \u2070F  +\/- (1.0% lectura + 8) @&gt; 40 \u2070C a 400 \u2070C          N\u00famero de entradas de temperatura      Termopar doble            Ciclo de trabajo      10,00% hasta 90,00%      +\/- (1.2% rdg + 30 LSD) @ 5 Hz a 2 kHz        [:en]         CARACTER\u00cdSTICA      AM-570      Mejor precisi\u00f3n          Verdadero valor eficaz      X            Voltaje de corriente alterna      6.000 V, 60,00 V, 600,0 V, 1000 V      +\/- (1.0% lectura + 3 LSD)  @ 45 Hz a 400 Hz, 0 V a 600 V          Voltaje DC      600,0 mV, 6,000 V, 60,00 V,  600,0 V, 1000 V      +\/- (0.5% rdg + 2 LSD) @ rangos de 6 V a 600 V          Corriente alterna      600,0 \u03bcA, 6000 \u03bcA,  60,00 mA, 500,0 mA,  10,00 A      \u00b1 (1.2% Rdg + 5 LSD)  @ rangos de 600 \u03bcA a 6000 \u03bcA,  45 Hz a 400 Hz          Corriente DC      600,0 \u03bcA, 6000 \u03bcA,  60,00 mA, 500,0 mA,  10,00 A      \u00b1 (1.0% Rdg + 2 LSD)  @ rangos de 600 \u03bcA a 6000 \u03bcA          Frecuencia      60,00 Hz, 600,0 Hz,  6,000 kHz, 60,00 kHz, 600,0 kHz,  6,000 MHz, 60,00 MHz      +\/- (0,1% lectura + 3 LSD)          Resistencia      600.0 \u03a9,  6.000 k\u03a9, 60.00 k\u03a9, 600.0 k\u03a9  6.000 M\u03a9 60.00 M\u03a9      +\/- (1.0% rdg + 2 LSD)  @ rangos de 6 k\u03a9 a 600 k\u03a9          Capacidad      60,00 nF, 600,0 nF,  6,000 \u03bcF, 60,00 \u03bcF, 600,0 \u03bcF, 6000 \u03bcF,  60,00 mF      +\/- (3.0% rdg + 5 LSD)  @ rangos de 600 nF a 60 \u03bcF          Temperatura      -40 \u2070F a 1832 \u2070F  -40 \u2070C a 1000 \u2070C      +\/- (1.0% lectura + 12) @&gt; 104 \u2070F a 752 \u2070F  +\/- (1.0% lectura + 8) @&gt; 40 \u2070C a 400 \u2070C          N\u00famero de entradas de temperatura      Termopar doble            Ciclo de trabajo      10,00% hasta 90,00%      +\/- (1.2% rdg + 30 LSD) @ 5 Hz a 2 kHz        [:]","og_url":"https:\/\/techmasterdemexico.com\/producto\/multimetro-industrial-am-570\/","og_site_name":"Techmaster de Mexico","article_modified_time":"2021-12-28T22:27:57+00:00","og_image":[{"width":500,"height":500,"url":"https:\/\/techmasterdemexico.com\/wp-content\/uploads\/2021\/08\/PD_AM-570-1.jpg","type":"image\/jpeg"}],"twitter_card":"summary_large_image","twitter_misc":{"Est. reading time":"2 minutes"},"schema":{"@context":"https:\/\/schema.org","@graph":[{"@type":"WebPage","@id":"https:\/\/techmasterdemexico.com\/producto\/multimetro-industrial-am-570\/","url":"https:\/\/techmasterdemexico.com\/producto\/multimetro-industrial-am-570\/","name":"Mult\u00edmetro industrial AM-570 - Techmaster de Mexico","isPartOf":{"@id":"https:\/\/techmasterdemexico.com\/#website"},"primaryImageOfPage":{"@id":"https:\/\/techmasterdemexico.com\/producto\/multimetro-industrial-am-570\/#primaryimage"},"image":{"@id":"https:\/\/techmasterdemexico.com\/producto\/multimetro-industrial-am-570\/#primaryimage"},"thumbnailUrl":"https:\/\/techmasterdemexico.com\/wp-content\/uploads\/2021\/08\/PD_AM-570-1.jpg","datePublished":"2021-08-19T19:28:20+00:00","dateModified":"2021-12-28T22:27:57+00:00","breadcrumb":{"@id":"https:\/\/techmasterdemexico.com\/producto\/multimetro-industrial-am-570\/#breadcrumb"},"inLanguage":"en-US","potentialAction":[{"@type":"ReadAction","target":["https:\/\/techmasterdemexico.com\/producto\/multimetro-industrial-am-570\/"]}]},{"@type":"ImageObject","inLanguage":"en-US","@id":"https:\/\/techmasterdemexico.com\/producto\/multimetro-industrial-am-570\/#primaryimage","url":"https:\/\/techmasterdemexico.com\/wp-content\/uploads\/2021\/08\/PD_AM-570-1.jpg","contentUrl":"https:\/\/techmasterdemexico.com\/wp-content\/uploads\/2021\/08\/PD_AM-570-1.jpg","width":500,"height":500},{"@type":"BreadcrumbList","@id":"https:\/\/techmasterdemexico.com\/producto\/multimetro-industrial-am-570\/#breadcrumb","itemListElement":[{"@type":"ListItem","position":1,"name":"Portada","item":"https:\/\/techmasterdemexico.com\/"},{"@type":"ListItem","position":2,"name":"Mult\u00edmetro industrial AM-570"}]},{"@type":"WebSite","@id":"https:\/\/techmasterdemexico.com\/#website","url":"https:\/\/techmasterdemexico.com\/","name":"Techmaster de Mexico","description":"","potentialAction":[{"@type":"SearchAction","target":{"@type":"EntryPoint","urlTemplate":"https:\/\/techmasterdemexico.com\/?s={search_term_string}"},"query-input":{"@type":"PropertyValueSpecification","valueRequired":true,"valueName":"search_term_string"}}],"inLanguage":"en-US"}]}},"brands":[{"id":104,"name":"Amprobe","slug":"amprobe"}],"_links":{"self":[{"href":"https:\/\/techmasterdemexico.com\/en\/wp-json\/wp\/v2\/product\/8268","targetHints":{"allow":["GET"]}}],"collection":[{"href":"https:\/\/techmasterdemexico.com\/en\/wp-json\/wp\/v2\/product"}],"about":[{"href":"https:\/\/techmasterdemexico.com\/en\/wp-json\/wp\/v2\/types\/product"}],"wp:featuredmedia":[{"embeddable":true,"href":"https:\/\/techmasterdemexico.com\/en\/wp-json\/wp\/v2\/media\/8610"}],"wp:attachment":[{"href":"https:\/\/techmasterdemexico.com\/en\/wp-json\/wp\/v2\/media?parent=8268"}],"wp:term":[{"taxonomy":"pwb-brand","embeddable":true,"href":"https:\/\/techmasterdemexico.com\/en\/wp-json\/wp\/v2\/pwb-brand?post=8268"},{"taxonomy":"product_brand","embeddable":true,"href":"https:\/\/techmasterdemexico.com\/en\/wp-json\/wp\/v2\/product_brand?post=8268"},{"taxonomy":"product_cat","embeddable":true,"href":"https:\/\/techmasterdemexico.com\/en\/wp-json\/wp\/v2\/product_cat?post=8268"},{"taxonomy":"product_tag","embeddable":true,"href":"https:\/\/techmasterdemexico.com\/en\/wp-json\/wp\/v2\/product_tag?post=8268"}],"curies":[{"name":"wp","href":"https:\/\/api.w.org\/{rel}","templated":true}]}}