{"id":8267,"date":"2021-08-19T19:28:19","date_gmt":"2021-08-19T19:28:19","guid":{"rendered":"http:\/\/techmastermx.ddns.net\/producto\/multimetro-avanzado-de-climatizacion-hvac-am-560\/"},"modified":"2021-12-28T22:27:58","modified_gmt":"2021-12-28T22:27:58","slug":"multimetro-avanzado-de-climatizacion-hvac-am-560","status":"publish","type":"product","link":"https:\/\/techmasterdemexico.com\/en\/producto\/multimetro-avanzado-de-climatizacion-hvac-am-560\/","title":{"rendered":"Mult\u00edmetro avanzado de climatizaci\u00f3n HVAC AM-560"},"content":{"rendered":"<p>Mult\u00edmetro avanzado de climatizaci\u00f3n Amprobe AM-560<\/p>\n<ul>\n<li>Mide voltaje CA \/ CC hasta 1000 V, corriente CA \/ CC, resistencia, frecuencia, capacitancia, temperatura y ciclo de trabajo<\/li>\n<li>El termopar doble toma lecturas de temperatura simult\u00e1neas en el lado alto y bajo de un sistema HVAC<\/li>\n<li>El filtro de paso bajo mide con precisi\u00f3n el voltaje en unidades de frecuencia variable<\/li>\n<li>La detecci\u00f3n de voltaje sin contacto mejora la seguridad<\/li>\n<li>La continuidad audible identifica r\u00e1pidamente cortos y abre<\/li>\n<li>Prueba de diodo para verificar la polaridad del diodo<\/li>\n<li>La retenci\u00f3n de datos congela la lectura en la pantalla para un an\u00e1lisis m\u00e1s detallado<\/li>\n<li>Peak hold (cresta) captura y mantiene el valor m\u00e1ximo de una sobretensi\u00f3n o sobretensi\u00f3n<\/li>\n<li>El registro MIN \/ MAX registra las mediciones m\u00ednimas \/ m\u00e1ximas a lo largo del tiempo para mostrar las fluctuaciones de voltaje<\/li>\n<li>El modo de cero relativo muestra la diferencia entre la lectura real y un valor de referencia almacenado y se puede utilizar con cualquier funci\u00f3n o rango.<\/li>\n<li>Categor\u00eda de seguridad CAT IV 600 V \/ CAT III 1000 V para entornos de alta tensi\u00f3n<\/li>\n<\/ul>\n<p>El mult\u00edmetro digital de rango autom\u00e1tico AM-560 est\u00e1 dise\u00f1ado espec\u00edficamente para aplicaciones avanzadas de HVAC. Este mult\u00edmetro HVAC ofrece un conjunto completo de caracter\u00edsticas de mult\u00edmetro digital profesional para medir una gama completa de par\u00e1metros el\u00e9ctricos y funciones clave para aplicaciones HVAC. Los termopares dobles toman medidas de temperatura diferencial; un filtro de paso bajo mejora la precisi\u00f3n en las mediciones del variador de frecuencia; y la capacitancia se puede utilizar para comprobar los condensadores de arranque del motor. El AM-560 tambi\u00e9n cuenta con micro amperios para la resoluci\u00f3n de problemas del sensor de llama, detecci\u00f3n de voltaje sin contacto y una clasificaci\u00f3n de seguridad CAT IV.<\/p>\n","protected":false},"excerpt":{"rendered":"<p>Mult\u00edmetro avanzado de climatizaci\u00f3n Amprobe AM-560 Mide voltaje CA \/ CC hasta 1000 V, corriente CA \/ CC, resistencia, frecuencia, capacitancia, temperatura y ciclo de trabajo El termopar doble toma lecturas de temperatura simult\u00e1neas en el lado alto y bajo de un sistema HVAC El filtro de paso bajo mide con precisi\u00f3n el voltaje en [&hellip;]<\/p>\n","protected":false},"featured_media":8615,"template":"","meta":{"_acf_changed":false},"pwb-brand":[104],"product_brand":[],"product_cat":[366,101,107,157],"product_tag":[],"class_list":{"0":"post-8267","1":"product","2":"type-product","3":"status-publish","4":"has-post-thumbnail","6":"pwb-brand-amprobe","7":"product_cat-todos-los-productos","8":"product_cat-amprobe","9":"product_cat-multimetros","10":"product_cat-multimetros-digitales-multimetros","12":"first","13":"instock","14":"taxable","15":"shipping-taxable","16":"product-type-simple"},"acf":[],"yoast_head":"<!-- This site is optimized with the Yoast SEO plugin v27.4 - https:\/\/yoast.com\/product\/yoast-seo-wordpress\/ -->\n<title>Mult\u00edmetro avanzado de climatizaci\u00f3n HVAC AM-560 - Techmaster de Mexico<\/title>\n<meta name=\"robots\" content=\"index, follow, max-snippet:-1, max-image-preview:large, max-video-preview:-1\" \/>\n<link rel=\"canonical\" href=\"https:\/\/techmasterdemexico.com\/producto\/multimetro-avanzado-de-climatizacion-hvac-am-560\/\" \/>\n<meta property=\"og:locale\" content=\"en_US\" \/>\n<meta property=\"og:type\" content=\"article\" \/>\n<meta property=\"og:title\" content=\"Mult\u00edmetro avanzado de climatizaci\u00f3n HVAC AM-560 - Techmaster de Mexico\" \/>\n<meta property=\"og:description\" content=\"Mult\u00edmetro avanzado de climatizaci\u00f3n Amprobe AM-560 Mide voltaje CA \/ CC hasta 1000 V, corriente CA \/ CC, resistencia, frecuencia, capacitancia, temperatura y ciclo de trabajo El termopar doble toma lecturas de temperatura simult\u00e1neas en el lado alto y bajo de un sistema HVAC El filtro de paso bajo mide con precisi\u00f3n el voltaje en [&hellip;]\" \/>\n<meta property=\"og:url\" content=\"https:\/\/techmasterdemexico.com\/producto\/multimetro-avanzado-de-climatizacion-hvac-am-560\/\" \/>\n<meta property=\"og:site_name\" content=\"Techmaster de Mexico\" \/>\n<meta property=\"article:modified_time\" content=\"2021-12-28T22:27:58+00:00\" \/>\n<meta property=\"og:image\" content=\"https:\/\/techmasterdemexico.com\/wp-content\/uploads\/2021\/08\/PD_AM-560-1.jpg\" \/>\n\t<meta property=\"og:image:width\" content=\"500\" \/>\n\t<meta property=\"og:image:height\" content=\"500\" \/>\n\t<meta property=\"og:image:type\" content=\"image\/jpeg\" \/>\n<meta name=\"twitter:card\" content=\"summary_large_image\" \/>\n<meta name=\"twitter:label1\" content=\"Est. reading time\" \/>\n\t<meta name=\"twitter:data1\" content=\"2 minutes\" \/>\n<script type=\"application\/ld+json\" class=\"yoast-schema-graph\">{\"@context\":\"https:\\\/\\\/schema.org\",\"@graph\":[{\"@type\":\"WebPage\",\"@id\":\"https:\\\/\\\/techmasterdemexico.com\\\/producto\\\/multimetro-avanzado-de-climatizacion-hvac-am-560\\\/\",\"url\":\"https:\\\/\\\/techmasterdemexico.com\\\/producto\\\/multimetro-avanzado-de-climatizacion-hvac-am-560\\\/\",\"name\":\"Mult\u00edmetro avanzado de climatizaci\u00f3n HVAC AM-560 - Techmaster de Mexico\",\"isPartOf\":{\"@id\":\"https:\\\/\\\/techmasterdemexico.com\\\/#website\"},\"primaryImageOfPage\":{\"@id\":\"https:\\\/\\\/techmasterdemexico.com\\\/producto\\\/multimetro-avanzado-de-climatizacion-hvac-am-560\\\/#primaryimage\"},\"image\":{\"@id\":\"https:\\\/\\\/techmasterdemexico.com\\\/producto\\\/multimetro-avanzado-de-climatizacion-hvac-am-560\\\/#primaryimage\"},\"thumbnailUrl\":\"https:\\\/\\\/techmasterdemexico.com\\\/wp-content\\\/uploads\\\/2021\\\/08\\\/PD_AM-560-1.jpg\",\"datePublished\":\"2021-08-19T19:28:19+00:00\",\"dateModified\":\"2021-12-28T22:27:58+00:00\",\"breadcrumb\":{\"@id\":\"https:\\\/\\\/techmasterdemexico.com\\\/producto\\\/multimetro-avanzado-de-climatizacion-hvac-am-560\\\/#breadcrumb\"},\"inLanguage\":\"en-US\",\"potentialAction\":[{\"@type\":\"ReadAction\",\"target\":[\"https:\\\/\\\/techmasterdemexico.com\\\/producto\\\/multimetro-avanzado-de-climatizacion-hvac-am-560\\\/\"]}]},{\"@type\":\"ImageObject\",\"inLanguage\":\"en-US\",\"@id\":\"https:\\\/\\\/techmasterdemexico.com\\\/producto\\\/multimetro-avanzado-de-climatizacion-hvac-am-560\\\/#primaryimage\",\"url\":\"https:\\\/\\\/techmasterdemexico.com\\\/wp-content\\\/uploads\\\/2021\\\/08\\\/PD_AM-560-1.jpg\",\"contentUrl\":\"https:\\\/\\\/techmasterdemexico.com\\\/wp-content\\\/uploads\\\/2021\\\/08\\\/PD_AM-560-1.jpg\",\"width\":500,\"height\":500},{\"@type\":\"BreadcrumbList\",\"@id\":\"https:\\\/\\\/techmasterdemexico.com\\\/producto\\\/multimetro-avanzado-de-climatizacion-hvac-am-560\\\/#breadcrumb\",\"itemListElement\":[{\"@type\":\"ListItem\",\"position\":1,\"name\":\"Portada\",\"item\":\"https:\\\/\\\/techmasterdemexico.com\\\/\"},{\"@type\":\"ListItem\",\"position\":2,\"name\":\"Mult\u00edmetro avanzado de climatizaci\u00f3n HVAC AM-560\"}]},{\"@type\":\"WebSite\",\"@id\":\"https:\\\/\\\/techmasterdemexico.com\\\/#website\",\"url\":\"https:\\\/\\\/techmasterdemexico.com\\\/\",\"name\":\"Techmaster de Mexico\",\"description\":\"\",\"potentialAction\":[{\"@type\":\"SearchAction\",\"target\":{\"@type\":\"EntryPoint\",\"urlTemplate\":\"https:\\\/\\\/techmasterdemexico.com\\\/?s={search_term_string}\"},\"query-input\":{\"@type\":\"PropertyValueSpecification\",\"valueRequired\":true,\"valueName\":\"search_term_string\"}}],\"inLanguage\":\"en-US\"}]}<\/script>\n<!-- \/ Yoast SEO plugin. -->","yoast_head_json":{"title":"Mult\u00edmetro avanzado de climatizaci\u00f3n HVAC AM-560 - Techmaster de Mexico","robots":{"index":"index","follow":"follow","max-snippet":"max-snippet:-1","max-image-preview":"max-image-preview:large","max-video-preview":"max-video-preview:-1"},"canonical":"https:\/\/techmasterdemexico.com\/producto\/multimetro-avanzado-de-climatizacion-hvac-am-560\/","og_locale":"en_US","og_type":"article","og_title":"Mult\u00edmetro avanzado de climatizaci\u00f3n HVAC AM-560 - Techmaster de Mexico","og_description":"Mult\u00edmetro avanzado de climatizaci\u00f3n Amprobe AM-560 Mide voltaje CA \/ CC hasta 1000 V, corriente CA \/ CC, resistencia, frecuencia, capacitancia, temperatura y ciclo de trabajo El termopar doble toma lecturas de temperatura simult\u00e1neas en el lado alto y bajo de un sistema HVAC El filtro de paso bajo mide con precisi\u00f3n el voltaje en [&hellip;]","og_url":"https:\/\/techmasterdemexico.com\/producto\/multimetro-avanzado-de-climatizacion-hvac-am-560\/","og_site_name":"Techmaster de Mexico","article_modified_time":"2021-12-28T22:27:58+00:00","og_image":[{"width":500,"height":500,"url":"https:\/\/techmasterdemexico.com\/wp-content\/uploads\/2021\/08\/PD_AM-560-1.jpg","type":"image\/jpeg"}],"twitter_card":"summary_large_image","twitter_misc":{"Est. reading time":"2 minutes"},"schema":{"@context":"https:\/\/schema.org","@graph":[{"@type":"WebPage","@id":"https:\/\/techmasterdemexico.com\/producto\/multimetro-avanzado-de-climatizacion-hvac-am-560\/","url":"https:\/\/techmasterdemexico.com\/producto\/multimetro-avanzado-de-climatizacion-hvac-am-560\/","name":"Mult\u00edmetro avanzado de climatizaci\u00f3n HVAC AM-560 - Techmaster de Mexico","isPartOf":{"@id":"https:\/\/techmasterdemexico.com\/#website"},"primaryImageOfPage":{"@id":"https:\/\/techmasterdemexico.com\/producto\/multimetro-avanzado-de-climatizacion-hvac-am-560\/#primaryimage"},"image":{"@id":"https:\/\/techmasterdemexico.com\/producto\/multimetro-avanzado-de-climatizacion-hvac-am-560\/#primaryimage"},"thumbnailUrl":"https:\/\/techmasterdemexico.com\/wp-content\/uploads\/2021\/08\/PD_AM-560-1.jpg","datePublished":"2021-08-19T19:28:19+00:00","dateModified":"2021-12-28T22:27:58+00:00","breadcrumb":{"@id":"https:\/\/techmasterdemexico.com\/producto\/multimetro-avanzado-de-climatizacion-hvac-am-560\/#breadcrumb"},"inLanguage":"en-US","potentialAction":[{"@type":"ReadAction","target":["https:\/\/techmasterdemexico.com\/producto\/multimetro-avanzado-de-climatizacion-hvac-am-560\/"]}]},{"@type":"ImageObject","inLanguage":"en-US","@id":"https:\/\/techmasterdemexico.com\/producto\/multimetro-avanzado-de-climatizacion-hvac-am-560\/#primaryimage","url":"https:\/\/techmasterdemexico.com\/wp-content\/uploads\/2021\/08\/PD_AM-560-1.jpg","contentUrl":"https:\/\/techmasterdemexico.com\/wp-content\/uploads\/2021\/08\/PD_AM-560-1.jpg","width":500,"height":500},{"@type":"BreadcrumbList","@id":"https:\/\/techmasterdemexico.com\/producto\/multimetro-avanzado-de-climatizacion-hvac-am-560\/#breadcrumb","itemListElement":[{"@type":"ListItem","position":1,"name":"Portada","item":"https:\/\/techmasterdemexico.com\/"},{"@type":"ListItem","position":2,"name":"Mult\u00edmetro avanzado de climatizaci\u00f3n HVAC AM-560"}]},{"@type":"WebSite","@id":"https:\/\/techmasterdemexico.com\/#website","url":"https:\/\/techmasterdemexico.com\/","name":"Techmaster de Mexico","description":"","potentialAction":[{"@type":"SearchAction","target":{"@type":"EntryPoint","urlTemplate":"https:\/\/techmasterdemexico.com\/?s={search_term_string}"},"query-input":{"@type":"PropertyValueSpecification","valueRequired":true,"valueName":"search_term_string"}}],"inLanguage":"en-US"}]}},"brands":[{"id":104,"name":"Amprobe","slug":"amprobe"}],"_links":{"self":[{"href":"https:\/\/techmasterdemexico.com\/en\/wp-json\/wp\/v2\/product\/8267","targetHints":{"allow":["GET"]}}],"collection":[{"href":"https:\/\/techmasterdemexico.com\/en\/wp-json\/wp\/v2\/product"}],"about":[{"href":"https:\/\/techmasterdemexico.com\/en\/wp-json\/wp\/v2\/types\/product"}],"wp:featuredmedia":[{"embeddable":true,"href":"https:\/\/techmasterdemexico.com\/en\/wp-json\/wp\/v2\/media\/8615"}],"wp:attachment":[{"href":"https:\/\/techmasterdemexico.com\/en\/wp-json\/wp\/v2\/media?parent=8267"}],"wp:term":[{"taxonomy":"pwb-brand","embeddable":true,"href":"https:\/\/techmasterdemexico.com\/en\/wp-json\/wp\/v2\/pwb-brand?post=8267"},{"taxonomy":"product_brand","embeddable":true,"href":"https:\/\/techmasterdemexico.com\/en\/wp-json\/wp\/v2\/product_brand?post=8267"},{"taxonomy":"product_cat","embeddable":true,"href":"https:\/\/techmasterdemexico.com\/en\/wp-json\/wp\/v2\/product_cat?post=8267"},{"taxonomy":"product_tag","embeddable":true,"href":"https:\/\/techmasterdemexico.com\/en\/wp-json\/wp\/v2\/product_tag?post=8267"}],"curies":[{"name":"wp","href":"https:\/\/api.w.org\/{rel}","templated":true}]}}