{"id":8264,"date":"2021-08-19T18:31:07","date_gmt":"2021-08-19T18:31:07","guid":{"rendered":"http:\/\/techmastermx.ddns.net\/producto\/multimetro-digital-hvac-am-520\/"},"modified":"2021-12-28T22:27:58","modified_gmt":"2021-12-28T22:27:58","slug":"multimetro-digital-hvac-am-520","status":"publish","type":"product","link":"https:\/\/techmasterdemexico.com\/en\/producto\/multimetro-digital-hvac-am-520\/","title":{"rendered":"Mult\u00edmetro digital HVAC AM-520"},"content":{"rendered":"<p>Mult\u00edmetro Amprobe AM-520 HVAC<\/p>\n<ul>\n<li>Mide voltaje CA \/ CC hasta 600 V, corriente CA \/ CC, resistencia, frecuencia, capacitancia y temperatura<\/li>\n<li>Clasificaci\u00f3n de seguridad CAT III 600 V<\/li>\n<li>La detecci\u00f3n de voltaje sin contacto mejora la seguridad<\/li>\n<li>La continuidad audible identifica r\u00e1pidamente cortos y abre<\/li>\n<li>Prueba de diodos para verificar la polaridad<\/li>\n<li>La retenci\u00f3n de datos congela la lectura en la pantalla para un an\u00e1lisis m\u00e1s detallado<\/li>\n<li>El registro MIN \/ MAX registra las mediciones m\u00ednimas \/ m\u00e1ximas a lo largo del tiempo para mostrar las fluctuaciones de voltaje<\/li>\n<li>El modo de cero relativo muestra la diferencia entre la lectura real y un valor de referencia almacenado y se puede utilizar con cualquier funci\u00f3n o rango.<\/li>\n<li>Combina caracter\u00edsticas f\u00e1ciles de usar como apagado autom\u00e1tico para conservar la vida \u00fatil de la bater\u00eda, advertencia de bater\u00eda baja, un soporte de sonda de prueba de &#8220;tercera mano&#8221;, almacenamiento de cables de prueba incorporado, una linterna incorporada y una correa de velcro para colgar el medidor<\/li>\n<li>El rango autom\u00e1tico y manual ofrece la m\u00e1xima flexibilidad<\/li>\n<li>La pantalla LCD retroiluminada con gr\u00e1fico de barras anal\u00f3gicas facilita la visualizaci\u00f3n de los resultados<\/li>\n<\/ul>\n<p>Dise\u00f1ado principalmente para profesionales de HVAC, el mult\u00edmetro digital de rango autom\u00e1tico AM-520 ofrece todas las funciones de mult\u00edmetro digital HVAC m\u00e1s com\u00fanmente utilizadas, como temperatura, microamperios para solucionar problemas de sensores de llama y capacitancia para verificar los condensadores de arranque del motor. Con su clasificaci\u00f3n de seguridad CAT III, este mult\u00edmetro de alto voltaje mide una amplia gama de par\u00e1metros el\u00e9ctricos. La pantalla LCD retroiluminada facilita la lectura y es f\u00e1cil de usar con la detecci\u00f3n de voltaje sin contacto, el soporte de la sonda de &#8220;tercera mano&#8221; y la linterna incorporada.<\/p>\n","protected":false},"excerpt":{"rendered":"<table class=\"t1\" cellspacing=\"0\" cellpadding=\"0\">\n<tbody>\n<tr>\n<td class=\"td1\" valign=\"middle\">\n<p class=\"p1\">CARACTER\u00cdSTICA<\/p>\n<\/td>\n<td class=\"td1\" valign=\"middle\">\n<p class=\"p1\">AM-520<\/p>\n<\/td>\n<td class=\"td1\" valign=\"middle\">\n<p class=\"p1\">Mejor precisi\u00f3n<\/p>\n<\/td>\n<\/tr>\n<tr>\n<td class=\"td1\" valign=\"middle\">\n<p class=\"p1\">Voltaje de corriente alterna<\/p>\n<\/td>\n<td class=\"td1\" valign=\"middle\">\n<p class=\"p1\">400 mV, 4.000 V, 40,00 V,<\/p>\n<p class=\"p1\">400,0 V, 600 V<\/p>\n<\/td>\n<td class=\"td1\" valign=\"middle\">\n<p class=\"p1\">+\/- (1.0% rdg + 3 LSD)<\/p>\n<p class=\"p1\">@ 45 Hz a 400 Hz, rangos de 4 V a 400 V<\/p>\n<\/td>\n<\/tr>\n<tr>\n<td class=\"td1\" valign=\"middle\">\n<p class=\"p1\">Voltaje DC<\/p>\n<\/td>\n<td class=\"td1\" valign=\"middle\">\n<p class=\"p1\">400 mV, 4.000 V, 40,00 V,<\/p>\n<p class=\"p1\">400,0 V, 600 V<\/p>\n<\/td>\n<td class=\"td1\" valign=\"middle\">\n<p class=\"p1\">+\/- (0.8% rdg + 1 LSD)<\/p>\n<p class=\"p1\">@ rangos de 4 V a 400 V<\/p>\n<\/td>\n<\/tr>\n<tr>\n<td class=\"td1\" valign=\"middle\">\n<p class=\"p1\">Corriente alterna<\/p>\n<\/td>\n<td class=\"td1\" valign=\"middle\">\n<p class=\"p1\">400,0 \u03bcA, 4000 \u03bcA,<\/p>\n<p class=\"p1\">40,00 mA, 400,0 mA,<\/p>\n<p class=\"p1\">4,000 A, 10,00 A<\/p>\n<\/td>\n<td class=\"td1\" valign=\"middle\">\n<p class=\"p1\">+\/- (1.2% rdg + 3 LSD)<\/p>\n<p class=\"p1\">@ rangos de 400 \u03bcA V a 400 mA<\/p>\n<\/td>\n<\/tr>\n<tr>\n<td class=\"td1\" valign=\"middle\">\n<p class=\"p1\">Corriente DC<\/p>\n<\/td>\n<td class=\"td1\" valign=\"middle\">\n<p class=\"p1\">400,0 \u03bcA, 4000 \u03bcA,<\/p>\n<p class=\"p1\">40,00 mA, 400,0 mA,<\/p>\n<p class=\"p1\">4,000 A, 10,00 A<\/p>\n<\/td>\n<td class=\"td1\" valign=\"middle\">\n<p class=\"p1\">+\/- (1.2% rdg + 3 LSD)<\/p>\n<p class=\"p1\">@ rangos de 400 \u03bcA a 400 mA,<\/p>\n<p class=\"p1\">45 Hz a 400 Hz<\/p>\n<\/td>\n<\/tr>\n<tr>\n<td class=\"td1\" valign=\"middle\">\n<p class=\"p1\">Frecuencia<\/p>\n<\/td>\n<td class=\"td1\" valign=\"middle\">\n<p class=\"p1\">De 10 Hz a 10 MHz<\/p>\n<\/td>\n<td class=\"td1\" valign=\"middle\">\n<p class=\"p1\">+\/- (0.1% rdg + 4 LSD)<\/p>\n<p class=\"p1\">@ rangos de 400 \u03bcA a 400 mA<\/p>\n<\/td>\n<\/tr>\n<tr>\n<td class=\"td1\" valign=\"middle\">\n<p class=\"p1\">Resistencia<\/p>\n<\/td>\n<td class=\"td1\" valign=\"middle\">\n<p class=\"p1\">400.0 \u03a9,<\/p>\n<p class=\"p1\">4.000 k\u03a9, 40.00 k\u03a9, 400.0 k\u03a9,<\/p>\n<p class=\"p1\">4.000 M\u03a9, 40.00 M\u03a9<\/p>\n<\/td>\n<td class=\"td1\" valign=\"middle\">\n<p class=\"p1\">+\/- (1.0% rdg + 2 LSD)<\/p>\n<p class=\"p1\">@ rangos de 4 k\u03a9 a 400 k\u03a9<\/p>\n<\/td>\n<\/tr>\n<tr>\n<td class=\"td1\" valign=\"middle\">\n<p class=\"p1\">Capacidad<\/p>\n<\/td>\n<td class=\"td1\" valign=\"middle\">\n<p class=\"p1\">40,00 nF, 400,0 nF,<\/p>\n<p class=\"p1\">4,000 \u03bcF, 40,00 \u03bcF, 400,0 \u03bcF, 4000 \u03bcF<\/p>\n<\/td>\n<td class=\"td1\" valign=\"middle\">\n<p class=\"p1\">+\/- (3.0% rdg + 5 LSD)<\/p>\n<p class=\"p1\">@ rangos de 400 nF a 40 \u03bcF<\/p>\n<\/td>\n<\/tr>\n<tr>\n<td class=\"td1\" valign=\"middle\">\n<p class=\"p1\">Temperatura<\/p>\n<\/td>\n<td class=\"td1\" valign=\"middle\">\n<p class=\"p1\">-40 \u00b0 F a 1832 \u00b0 F<\/p>\n<p class=\"p1\">-40 \u00b0 C a 1000 \u00b0 C<\/p>\n<\/td>\n<td class=\"td1\" valign=\"middle\">\n<p class=\"p1\">+\/- (1.8% lectura + 6 \u00b0 F) @&gt; 32 \u00b0 F a 212 \u00b0 F<\/p>\n<p class=\"p1\">+\/- (1.2% lectura + 3 \u00b0 C) @&gt; 0 \u00b0 C a 100 \u00b0 C<\/p>\n<\/td>\n<\/tr>\n<tr>\n<td class=\"td1\" valign=\"middle\">\n<p class=\"p1\">N\u00famero de entradas de temperatura<\/p>\n<\/td>\n<td class=\"td1\" valign=\"middle\">\n<p class=\"p1\">Termopar simple<\/p>\n<\/td>\n<td class=\"td1\" valign=\"middle\"><\/td>\n<\/tr>\n<\/tbody>\n<\/table>\n","protected":false},"featured_media":8625,"template":"","meta":{"_acf_changed":false},"pwb-brand":[104],"product_brand":[],"product_cat":[366,101,107,157],"product_tag":[],"class_list":{"0":"post-8264","1":"product","2":"type-product","3":"status-publish","4":"has-post-thumbnail","6":"pwb-brand-amprobe","7":"product_cat-todos-los-productos","8":"product_cat-amprobe","9":"product_cat-multimetros","10":"product_cat-multimetros-digitales-multimetros","12":"first","13":"instock","14":"taxable","15":"shipping-taxable","16":"product-type-simple"},"acf":[],"yoast_head":"<!-- This site is optimized with the Yoast SEO plugin v27.4 - https:\/\/yoast.com\/product\/yoast-seo-wordpress\/ -->\n<title>Mult\u00edmetro digital HVAC AM-520 - Techmaster de Mexico<\/title>\n<meta name=\"robots\" content=\"index, follow, max-snippet:-1, max-image-preview:large, max-video-preview:-1\" \/>\n<link rel=\"canonical\" href=\"https:\/\/techmasterdemexico.com\/producto\/multimetro-digital-hvac-am-520\/\" \/>\n<meta property=\"og:locale\" content=\"en_US\" \/>\n<meta property=\"og:type\" content=\"article\" \/>\n<meta property=\"og:title\" content=\"Mult\u00edmetro digital HVAC AM-520 - Techmaster de Mexico\" \/>\n<meta property=\"og:description\" content=\"CARACTER\u00cdSTICA      AM-520      Mejor precisi\u00f3n          Voltaje de corriente alterna      400 mV, 4.000 V, 40,00 V,  400,0 V, 600 V      +\/- (1.0% rdg + 3 LSD)  @ 45 Hz a 400 Hz, rangos de 4 V a 400 V          Voltaje DC      400 mV, 4.000 V, 40,00 V,  400,0 V, 600 V      +\/- (0.8% rdg + 1 LSD)  @ rangos de 4 V a 400 V          Corriente alterna      400,0 \u03bcA, 4000 \u03bcA,  40,00 mA, 400,0 mA,  4,000 A, 10,00 A      +\/- (1.2% rdg + 3 LSD)  @ rangos de 400 \u03bcA V a 400 mA          Corriente DC      400,0 \u03bcA, 4000 \u03bcA,  40,00 mA, 400,0 mA,  4,000 A, 10,00 A      +\/- (1.2% rdg + 3 LSD)  @ rangos de 400 \u03bcA a 400 mA,  45 Hz a 400 Hz          Frecuencia      De 10 Hz a 10 MHz      +\/- (0.1% rdg + 4 LSD)  @ rangos de 400 \u03bcA a 400 mA          Resistencia      400.0 \u03a9,  4.000 k\u03a9, 40.00 k\u03a9, 400.0 k\u03a9,  4.000 M\u03a9, 40.00 M\u03a9      +\/- (1.0% rdg + 2 LSD)  @ rangos de 4 k\u03a9 a 400 k\u03a9          Capacidad      40,00 nF, 400,0 nF,  4,000 \u03bcF, 40,00 \u03bcF, 400,0 \u03bcF, 4000 \u03bcF      +\/- (3.0% rdg + 5 LSD)  @ rangos de 400 nF a 40 \u03bcF          Temperatura      -40 \u00b0 F a 1832 \u00b0 F  -40 \u00b0 C a 1000 \u00b0 C      +\/- (1.8% lectura + 6 \u00b0 F) @&gt; 32 \u00b0 F a 212 \u00b0 F  +\/- (1.2% lectura + 3 \u00b0 C) @&gt; 0 \u00b0 C a 100 \u00b0 C          N\u00famero de entradas de temperatura      Termopar simple\" \/>\n<meta property=\"og:url\" content=\"https:\/\/techmasterdemexico.com\/producto\/multimetro-digital-hvac-am-520\/\" \/>\n<meta property=\"og:site_name\" content=\"Techmaster de Mexico\" \/>\n<meta property=\"article:modified_time\" content=\"2021-12-28T22:27:58+00:00\" \/>\n<meta property=\"og:image\" content=\"https:\/\/techmasterdemexico.com\/wp-content\/uploads\/2021\/08\/PD-AM-520-1.jpg\" \/>\n\t<meta property=\"og:image:width\" content=\"500\" \/>\n\t<meta property=\"og:image:height\" content=\"500\" \/>\n\t<meta property=\"og:image:type\" content=\"image\/jpeg\" \/>\n<meta name=\"twitter:card\" content=\"summary_large_image\" \/>\n<meta name=\"twitter:label1\" content=\"Est. reading time\" \/>\n\t<meta name=\"twitter:data1\" content=\"2 minutes\" \/>\n<script type=\"application\/ld+json\" class=\"yoast-schema-graph\">{\"@context\":\"https:\\\/\\\/schema.org\",\"@graph\":[{\"@type\":\"WebPage\",\"@id\":\"https:\\\/\\\/techmasterdemexico.com\\\/producto\\\/multimetro-digital-hvac-am-520\\\/\",\"url\":\"https:\\\/\\\/techmasterdemexico.com\\\/producto\\\/multimetro-digital-hvac-am-520\\\/\",\"name\":\"Mult\u00edmetro digital HVAC AM-520 - Techmaster de Mexico\",\"isPartOf\":{\"@id\":\"https:\\\/\\\/techmasterdemexico.com\\\/#website\"},\"primaryImageOfPage\":{\"@id\":\"https:\\\/\\\/techmasterdemexico.com\\\/producto\\\/multimetro-digital-hvac-am-520\\\/#primaryimage\"},\"image\":{\"@id\":\"https:\\\/\\\/techmasterdemexico.com\\\/producto\\\/multimetro-digital-hvac-am-520\\\/#primaryimage\"},\"thumbnailUrl\":\"https:\\\/\\\/techmasterdemexico.com\\\/wp-content\\\/uploads\\\/2021\\\/08\\\/PD-AM-520-1.jpg\",\"datePublished\":\"2021-08-19T18:31:07+00:00\",\"dateModified\":\"2021-12-28T22:27:58+00:00\",\"breadcrumb\":{\"@id\":\"https:\\\/\\\/techmasterdemexico.com\\\/producto\\\/multimetro-digital-hvac-am-520\\\/#breadcrumb\"},\"inLanguage\":\"en-US\",\"potentialAction\":[{\"@type\":\"ReadAction\",\"target\":[\"https:\\\/\\\/techmasterdemexico.com\\\/producto\\\/multimetro-digital-hvac-am-520\\\/\"]}]},{\"@type\":\"ImageObject\",\"inLanguage\":\"en-US\",\"@id\":\"https:\\\/\\\/techmasterdemexico.com\\\/producto\\\/multimetro-digital-hvac-am-520\\\/#primaryimage\",\"url\":\"https:\\\/\\\/techmasterdemexico.com\\\/wp-content\\\/uploads\\\/2021\\\/08\\\/PD-AM-520-1.jpg\",\"contentUrl\":\"https:\\\/\\\/techmasterdemexico.com\\\/wp-content\\\/uploads\\\/2021\\\/08\\\/PD-AM-520-1.jpg\",\"width\":500,\"height\":500},{\"@type\":\"BreadcrumbList\",\"@id\":\"https:\\\/\\\/techmasterdemexico.com\\\/producto\\\/multimetro-digital-hvac-am-520\\\/#breadcrumb\",\"itemListElement\":[{\"@type\":\"ListItem\",\"position\":1,\"name\":\"Portada\",\"item\":\"https:\\\/\\\/techmasterdemexico.com\\\/\"},{\"@type\":\"ListItem\",\"position\":2,\"name\":\"Mult\u00edmetro digital HVAC AM-520\"}]},{\"@type\":\"WebSite\",\"@id\":\"https:\\\/\\\/techmasterdemexico.com\\\/#website\",\"url\":\"https:\\\/\\\/techmasterdemexico.com\\\/\",\"name\":\"Techmaster de Mexico\",\"description\":\"\",\"potentialAction\":[{\"@type\":\"SearchAction\",\"target\":{\"@type\":\"EntryPoint\",\"urlTemplate\":\"https:\\\/\\\/techmasterdemexico.com\\\/?s={search_term_string}\"},\"query-input\":{\"@type\":\"PropertyValueSpecification\",\"valueRequired\":true,\"valueName\":\"search_term_string\"}}],\"inLanguage\":\"en-US\"}]}<\/script>\n<!-- \/ Yoast SEO plugin. -->","yoast_head_json":{"title":"Mult\u00edmetro digital HVAC AM-520 - Techmaster de Mexico","robots":{"index":"index","follow":"follow","max-snippet":"max-snippet:-1","max-image-preview":"max-image-preview:large","max-video-preview":"max-video-preview:-1"},"canonical":"https:\/\/techmasterdemexico.com\/producto\/multimetro-digital-hvac-am-520\/","og_locale":"en_US","og_type":"article","og_title":"Mult\u00edmetro digital HVAC AM-520 - Techmaster de Mexico","og_description":"CARACTER\u00cdSTICA      AM-520      Mejor precisi\u00f3n          Voltaje de corriente alterna      400 mV, 4.000 V, 40,00 V,  400,0 V, 600 V      +\/- (1.0% rdg + 3 LSD)  @ 45 Hz a 400 Hz, rangos de 4 V a 400 V          Voltaje DC      400 mV, 4.000 V, 40,00 V,  400,0 V, 600 V      +\/- (0.8% rdg + 1 LSD)  @ rangos de 4 V a 400 V          Corriente alterna      400,0 \u03bcA, 4000 \u03bcA,  40,00 mA, 400,0 mA,  4,000 A, 10,00 A      +\/- (1.2% rdg + 3 LSD)  @ rangos de 400 \u03bcA V a 400 mA          Corriente DC      400,0 \u03bcA, 4000 \u03bcA,  40,00 mA, 400,0 mA,  4,000 A, 10,00 A      +\/- (1.2% rdg + 3 LSD)  @ rangos de 400 \u03bcA a 400 mA,  45 Hz a 400 Hz          Frecuencia      De 10 Hz a 10 MHz      +\/- (0.1% rdg + 4 LSD)  @ rangos de 400 \u03bcA a 400 mA          Resistencia      400.0 \u03a9,  4.000 k\u03a9, 40.00 k\u03a9, 400.0 k\u03a9,  4.000 M\u03a9, 40.00 M\u03a9      +\/- (1.0% rdg + 2 LSD)  @ rangos de 4 k\u03a9 a 400 k\u03a9          Capacidad      40,00 nF, 400,0 nF,  4,000 \u03bcF, 40,00 \u03bcF, 400,0 \u03bcF, 4000 \u03bcF      +\/- (3.0% rdg + 5 LSD)  @ rangos de 400 nF a 40 \u03bcF          Temperatura      -40 \u00b0 F a 1832 \u00b0 F  -40 \u00b0 C a 1000 \u00b0 C      +\/- (1.8% lectura + 6 \u00b0 F) @&gt; 32 \u00b0 F a 212 \u00b0 F  +\/- (1.2% lectura + 3 \u00b0 C) @&gt; 0 \u00b0 C a 100 \u00b0 C          N\u00famero de entradas de temperatura      Termopar simple","og_url":"https:\/\/techmasterdemexico.com\/producto\/multimetro-digital-hvac-am-520\/","og_site_name":"Techmaster de Mexico","article_modified_time":"2021-12-28T22:27:58+00:00","og_image":[{"width":500,"height":500,"url":"https:\/\/techmasterdemexico.com\/wp-content\/uploads\/2021\/08\/PD-AM-520-1.jpg","type":"image\/jpeg"}],"twitter_card":"summary_large_image","twitter_misc":{"Est. reading time":"2 minutes"},"schema":{"@context":"https:\/\/schema.org","@graph":[{"@type":"WebPage","@id":"https:\/\/techmasterdemexico.com\/producto\/multimetro-digital-hvac-am-520\/","url":"https:\/\/techmasterdemexico.com\/producto\/multimetro-digital-hvac-am-520\/","name":"Mult\u00edmetro digital HVAC AM-520 - Techmaster de Mexico","isPartOf":{"@id":"https:\/\/techmasterdemexico.com\/#website"},"primaryImageOfPage":{"@id":"https:\/\/techmasterdemexico.com\/producto\/multimetro-digital-hvac-am-520\/#primaryimage"},"image":{"@id":"https:\/\/techmasterdemexico.com\/producto\/multimetro-digital-hvac-am-520\/#primaryimage"},"thumbnailUrl":"https:\/\/techmasterdemexico.com\/wp-content\/uploads\/2021\/08\/PD-AM-520-1.jpg","datePublished":"2021-08-19T18:31:07+00:00","dateModified":"2021-12-28T22:27:58+00:00","breadcrumb":{"@id":"https:\/\/techmasterdemexico.com\/producto\/multimetro-digital-hvac-am-520\/#breadcrumb"},"inLanguage":"en-US","potentialAction":[{"@type":"ReadAction","target":["https:\/\/techmasterdemexico.com\/producto\/multimetro-digital-hvac-am-520\/"]}]},{"@type":"ImageObject","inLanguage":"en-US","@id":"https:\/\/techmasterdemexico.com\/producto\/multimetro-digital-hvac-am-520\/#primaryimage","url":"https:\/\/techmasterdemexico.com\/wp-content\/uploads\/2021\/08\/PD-AM-520-1.jpg","contentUrl":"https:\/\/techmasterdemexico.com\/wp-content\/uploads\/2021\/08\/PD-AM-520-1.jpg","width":500,"height":500},{"@type":"BreadcrumbList","@id":"https:\/\/techmasterdemexico.com\/producto\/multimetro-digital-hvac-am-520\/#breadcrumb","itemListElement":[{"@type":"ListItem","position":1,"name":"Portada","item":"https:\/\/techmasterdemexico.com\/"},{"@type":"ListItem","position":2,"name":"Mult\u00edmetro digital HVAC AM-520"}]},{"@type":"WebSite","@id":"https:\/\/techmasterdemexico.com\/#website","url":"https:\/\/techmasterdemexico.com\/","name":"Techmaster de Mexico","description":"","potentialAction":[{"@type":"SearchAction","target":{"@type":"EntryPoint","urlTemplate":"https:\/\/techmasterdemexico.com\/?s={search_term_string}"},"query-input":{"@type":"PropertyValueSpecification","valueRequired":true,"valueName":"search_term_string"}}],"inLanguage":"en-US"}]}},"brands":[{"id":104,"name":"Amprobe","slug":"amprobe"}],"_links":{"self":[{"href":"https:\/\/techmasterdemexico.com\/en\/wp-json\/wp\/v2\/product\/8264","targetHints":{"allow":["GET"]}}],"collection":[{"href":"https:\/\/techmasterdemexico.com\/en\/wp-json\/wp\/v2\/product"}],"about":[{"href":"https:\/\/techmasterdemexico.com\/en\/wp-json\/wp\/v2\/types\/product"}],"wp:featuredmedia":[{"embeddable":true,"href":"https:\/\/techmasterdemexico.com\/en\/wp-json\/wp\/v2\/media\/8625"}],"wp:attachment":[{"href":"https:\/\/techmasterdemexico.com\/en\/wp-json\/wp\/v2\/media?parent=8264"}],"wp:term":[{"taxonomy":"pwb-brand","embeddable":true,"href":"https:\/\/techmasterdemexico.com\/en\/wp-json\/wp\/v2\/pwb-brand?post=8264"},{"taxonomy":"product_brand","embeddable":true,"href":"https:\/\/techmasterdemexico.com\/en\/wp-json\/wp\/v2\/product_brand?post=8264"},{"taxonomy":"product_cat","embeddable":true,"href":"https:\/\/techmasterdemexico.com\/en\/wp-json\/wp\/v2\/product_cat?post=8264"},{"taxonomy":"product_tag","embeddable":true,"href":"https:\/\/techmasterdemexico.com\/en\/wp-json\/wp\/v2\/product_tag?post=8264"}],"curies":[{"name":"wp","href":"https:\/\/api.w.org\/{rel}","templated":true}]}}