{"id":8262,"date":"2021-08-19T18:31:06","date_gmt":"2021-08-19T18:31:06","guid":{"rendered":"http:\/\/techmastermx.ddns.net\/producto\/multimetro-digital-amprobe-am-500-diy-pro\/"},"modified":"2021-12-28T22:26:49","modified_gmt":"2021-12-28T22:26:49","slug":"multimetro-digital-amprobe-am-500-diy-pro","status":"publish","type":"product","link":"https:\/\/techmasterdemexico.com\/en\/producto\/multimetro-digital-amprobe-am-500-diy-pro\/","title":{"rendered":"Mult\u00edmetro digital Amprobe AM-500 DIY-PRO"},"content":{"rendered":"<p>Mult\u00edmetro digital Amprobe AM-500 DIY-PRO<\/p>\n<p>Este mult\u00edmetro digital vers\u00e1til y f\u00e1cil de usar es una excelente opci\u00f3n para los propietarios de viviendas o el personal de mantenimiento de oficinas. \u00daselo para verificar el voltaje en recept\u00e1culos, cables de extensi\u00f3n, artefactos de iluminaci\u00f3n, bater\u00edas y otros circuitos el\u00e9ctricos. O verifique los fusibles, las bombillas y la continuidad de las conexiones el\u00e9ctricas. Incluso puede usarlo para verificar el nivel de voltaje de las bater\u00edas de autom\u00f3viles y solucionar problemas el\u00e9ctricos en los autom\u00f3viles. Con sus funciones de mult\u00edmetro digital f\u00e1ciles de usar, como rango autom\u00e1tico y clasificaci\u00f3n de seguridad CAT III, el AM-500 ahorrar\u00e1 tiempo y aumentar\u00e1 la confianza en la medici\u00f3n.<\/p>\n","protected":false},"excerpt":{"rendered":"<ul>\n<li>Mide voltaje hasta 600 V CA \/ CC, corriente CA \/ CC y resistencia para mantenimiento residencial y de oficinas<\/li>\n<li>La continuidad audible identifica r\u00e1pidamente cortocircuitos y circuitos abiertos<\/li>\n<li>Prueba de diodo para verificar la polaridad del diodo<\/li>\n<li>La retenci\u00f3n de datos congela la lectura en la pantalla para un an\u00e1lisis m\u00e1s detallado<\/li>\n<li>El apagado autom\u00e1tico conserva la vida \u00fatil de la bater\u00eda<\/li>\n<li>La advertencia de bater\u00eda baja ayuda a evitar la p\u00e9rdida de energ\u00eda en la mitad de la medici\u00f3n<\/li>\n<li>Clasificaci\u00f3n de seguridad CAT III 600 V para manejar aplicaciones de oficinas residenciales y comerciales<\/li>\n<\/ul>\n","protected":false},"featured_media":8635,"template":"","meta":{"_acf_changed":false},"pwb-brand":[104],"product_brand":[],"product_cat":[366,101,107,157],"product_tag":[],"class_list":{"0":"post-8262","1":"product","2":"type-product","3":"status-publish","4":"has-post-thumbnail","6":"pwb-brand-amprobe","7":"product_cat-todos-los-productos","8":"product_cat-amprobe","9":"product_cat-multimetros","10":"product_cat-multimetros-digitales-multimetros","12":"first","13":"instock","14":"taxable","15":"shipping-taxable","16":"product-type-simple"},"acf":[],"yoast_head":"<!-- This site is optimized with the Yoast SEO plugin v27.4 - https:\/\/yoast.com\/product\/yoast-seo-wordpress\/ -->\n<title>Mult\u00edmetro digital Amprobe AM-500 DIY-PRO - Techmaster de Mexico<\/title>\n<meta name=\"robots\" content=\"index, follow, max-snippet:-1, max-image-preview:large, max-video-preview:-1\" \/>\n<link rel=\"canonical\" href=\"https:\/\/techmasterdemexico.com\/producto\/multimetro-digital-amprobe-am-500-diy-pro\/\" \/>\n<meta property=\"og:locale\" content=\"en_US\" \/>\n<meta property=\"og:type\" content=\"article\" \/>\n<meta property=\"og:title\" content=\"Mult\u00edmetro digital Amprobe AM-500 DIY-PRO - Techmaster de Mexico\" \/>\n<meta property=\"og:description\" content=\"[:es]    Mide voltaje hasta 600 V CA \/ CC, corriente CA \/ CC y resistencia para mantenimiento residencial y de oficinas   La continuidad audible identifica r\u00e1pidamente cortocircuitos y circuitos abiertos   Prueba de diodo para verificar la polaridad del diodo   La retenci\u00f3n de datos congela la lectura en la pantalla para un an\u00e1lisis m\u00e1s detallado   El apagado autom\u00e1tico conserva la vida \u00fatil de la bater\u00eda   La advertencia de bater\u00eda baja ayuda a evitar la p\u00e9rdida de energ\u00eda en la mitad de la medici\u00f3n   Clasificaci\u00f3n de seguridad CAT III 600 V para manejar aplicaciones de oficinas residenciales y comerciales  [:en]  Mide voltaje hasta 600 V CA \/ CC, corriente CA \/ CC y resistencia para mantenimiento residencial y de oficinas  La continuidad audible identifica r\u00e1pidamente cortocircuitos y circuitos abiertos  Prueba de diodo para verificar la polaridad del diodo  La retenci\u00f3n de datos congela la lectura en la pantalla para un an\u00e1lisis m\u00e1s detallado  El apagado autom\u00e1tico conserva la vida \u00fatil de la bater\u00eda  La advertencia de bater\u00eda baja ayuda a evitar la p\u00e9rdida de energ\u00eda en la mitad de la medici\u00f3n  Clasificaci\u00f3n de seguridad CAT III 600 V para manejar aplicaciones de oficinas residenciales y comerciales [:]\" \/>\n<meta property=\"og:url\" content=\"https:\/\/techmasterdemexico.com\/producto\/multimetro-digital-amprobe-am-500-diy-pro\/\" \/>\n<meta property=\"og:site_name\" content=\"Techmaster de Mexico\" \/>\n<meta property=\"article:modified_time\" content=\"2021-12-28T22:26:49+00:00\" \/>\n<meta property=\"og:image\" content=\"https:\/\/techmasterdemexico.com\/wp-content\/uploads\/2021\/08\/PD_AM_500-1.jpg\" \/>\n\t<meta property=\"og:image:width\" content=\"500\" \/>\n\t<meta property=\"og:image:height\" content=\"500\" \/>\n\t<meta property=\"og:image:type\" content=\"image\/jpeg\" \/>\n<meta name=\"twitter:card\" content=\"summary_large_image\" \/>\n<meta name=\"twitter:label1\" content=\"Est. reading time\" \/>\n\t<meta name=\"twitter:data1\" content=\"1 minute\" \/>\n<script type=\"application\/ld+json\" class=\"yoast-schema-graph\">{\"@context\":\"https:\\\/\\\/schema.org\",\"@graph\":[{\"@type\":\"WebPage\",\"@id\":\"https:\\\/\\\/techmasterdemexico.com\\\/producto\\\/multimetro-digital-amprobe-am-500-diy-pro\\\/\",\"url\":\"https:\\\/\\\/techmasterdemexico.com\\\/producto\\\/multimetro-digital-amprobe-am-500-diy-pro\\\/\",\"name\":\"Mult\u00edmetro digital Amprobe AM-500 DIY-PRO - Techmaster de Mexico\",\"isPartOf\":{\"@id\":\"https:\\\/\\\/techmasterdemexico.com\\\/#website\"},\"primaryImageOfPage\":{\"@id\":\"https:\\\/\\\/techmasterdemexico.com\\\/producto\\\/multimetro-digital-amprobe-am-500-diy-pro\\\/#primaryimage\"},\"image\":{\"@id\":\"https:\\\/\\\/techmasterdemexico.com\\\/producto\\\/multimetro-digital-amprobe-am-500-diy-pro\\\/#primaryimage\"},\"thumbnailUrl\":\"https:\\\/\\\/techmasterdemexico.com\\\/wp-content\\\/uploads\\\/2021\\\/08\\\/PD_AM_500-1.jpg\",\"datePublished\":\"2021-08-19T18:31:06+00:00\",\"dateModified\":\"2021-12-28T22:26:49+00:00\",\"breadcrumb\":{\"@id\":\"https:\\\/\\\/techmasterdemexico.com\\\/producto\\\/multimetro-digital-amprobe-am-500-diy-pro\\\/#breadcrumb\"},\"inLanguage\":\"en-US\",\"potentialAction\":[{\"@type\":\"ReadAction\",\"target\":[\"https:\\\/\\\/techmasterdemexico.com\\\/producto\\\/multimetro-digital-amprobe-am-500-diy-pro\\\/\"]}]},{\"@type\":\"ImageObject\",\"inLanguage\":\"en-US\",\"@id\":\"https:\\\/\\\/techmasterdemexico.com\\\/producto\\\/multimetro-digital-amprobe-am-500-diy-pro\\\/#primaryimage\",\"url\":\"https:\\\/\\\/techmasterdemexico.com\\\/wp-content\\\/uploads\\\/2021\\\/08\\\/PD_AM_500-1.jpg\",\"contentUrl\":\"https:\\\/\\\/techmasterdemexico.com\\\/wp-content\\\/uploads\\\/2021\\\/08\\\/PD_AM_500-1.jpg\",\"width\":500,\"height\":500},{\"@type\":\"BreadcrumbList\",\"@id\":\"https:\\\/\\\/techmasterdemexico.com\\\/producto\\\/multimetro-digital-amprobe-am-500-diy-pro\\\/#breadcrumb\",\"itemListElement\":[{\"@type\":\"ListItem\",\"position\":1,\"name\":\"Portada\",\"item\":\"https:\\\/\\\/techmasterdemexico.com\\\/\"},{\"@type\":\"ListItem\",\"position\":2,\"name\":\"Mult\u00edmetro digital Amprobe AM-500 DIY-PRO\"}]},{\"@type\":\"WebSite\",\"@id\":\"https:\\\/\\\/techmasterdemexico.com\\\/#website\",\"url\":\"https:\\\/\\\/techmasterdemexico.com\\\/\",\"name\":\"Techmaster de Mexico\",\"description\":\"\",\"potentialAction\":[{\"@type\":\"SearchAction\",\"target\":{\"@type\":\"EntryPoint\",\"urlTemplate\":\"https:\\\/\\\/techmasterdemexico.com\\\/?s={search_term_string}\"},\"query-input\":{\"@type\":\"PropertyValueSpecification\",\"valueRequired\":true,\"valueName\":\"search_term_string\"}}],\"inLanguage\":\"en-US\"}]}<\/script>\n<!-- \/ Yoast SEO plugin. -->","yoast_head_json":{"title":"Mult\u00edmetro digital Amprobe AM-500 DIY-PRO - Techmaster de Mexico","robots":{"index":"index","follow":"follow","max-snippet":"max-snippet:-1","max-image-preview":"max-image-preview:large","max-video-preview":"max-video-preview:-1"},"canonical":"https:\/\/techmasterdemexico.com\/producto\/multimetro-digital-amprobe-am-500-diy-pro\/","og_locale":"en_US","og_type":"article","og_title":"Mult\u00edmetro digital Amprobe AM-500 DIY-PRO - Techmaster de Mexico","og_description":"[:es]    Mide voltaje hasta 600 V CA \/ CC, corriente CA \/ CC y resistencia para mantenimiento residencial y de oficinas   La continuidad audible identifica r\u00e1pidamente cortocircuitos y circuitos abiertos   Prueba de diodo para verificar la polaridad del diodo   La retenci\u00f3n de datos congela la lectura en la pantalla para un an\u00e1lisis m\u00e1s detallado   El apagado autom\u00e1tico conserva la vida \u00fatil de la bater\u00eda   La advertencia de bater\u00eda baja ayuda a evitar la p\u00e9rdida de energ\u00eda en la mitad de la medici\u00f3n   Clasificaci\u00f3n de seguridad CAT III 600 V para manejar aplicaciones de oficinas residenciales y comerciales  [:en]  Mide voltaje hasta 600 V CA \/ CC, corriente CA \/ CC y resistencia para mantenimiento residencial y de oficinas  La continuidad audible identifica r\u00e1pidamente cortocircuitos y circuitos abiertos  Prueba de diodo para verificar la polaridad del diodo  La retenci\u00f3n de datos congela la lectura en la pantalla para un an\u00e1lisis m\u00e1s detallado  El apagado autom\u00e1tico conserva la vida \u00fatil de la bater\u00eda  La advertencia de bater\u00eda baja ayuda a evitar la p\u00e9rdida de energ\u00eda en la mitad de la medici\u00f3n  Clasificaci\u00f3n de seguridad CAT III 600 V para manejar aplicaciones de oficinas residenciales y comerciales [:]","og_url":"https:\/\/techmasterdemexico.com\/producto\/multimetro-digital-amprobe-am-500-diy-pro\/","og_site_name":"Techmaster de Mexico","article_modified_time":"2021-12-28T22:26:49+00:00","og_image":[{"width":500,"height":500,"url":"https:\/\/techmasterdemexico.com\/wp-content\/uploads\/2021\/08\/PD_AM_500-1.jpg","type":"image\/jpeg"}],"twitter_card":"summary_large_image","twitter_misc":{"Est. reading time":"1 minute"},"schema":{"@context":"https:\/\/schema.org","@graph":[{"@type":"WebPage","@id":"https:\/\/techmasterdemexico.com\/producto\/multimetro-digital-amprobe-am-500-diy-pro\/","url":"https:\/\/techmasterdemexico.com\/producto\/multimetro-digital-amprobe-am-500-diy-pro\/","name":"Mult\u00edmetro digital Amprobe AM-500 DIY-PRO - Techmaster de Mexico","isPartOf":{"@id":"https:\/\/techmasterdemexico.com\/#website"},"primaryImageOfPage":{"@id":"https:\/\/techmasterdemexico.com\/producto\/multimetro-digital-amprobe-am-500-diy-pro\/#primaryimage"},"image":{"@id":"https:\/\/techmasterdemexico.com\/producto\/multimetro-digital-amprobe-am-500-diy-pro\/#primaryimage"},"thumbnailUrl":"https:\/\/techmasterdemexico.com\/wp-content\/uploads\/2021\/08\/PD_AM_500-1.jpg","datePublished":"2021-08-19T18:31:06+00:00","dateModified":"2021-12-28T22:26:49+00:00","breadcrumb":{"@id":"https:\/\/techmasterdemexico.com\/producto\/multimetro-digital-amprobe-am-500-diy-pro\/#breadcrumb"},"inLanguage":"en-US","potentialAction":[{"@type":"ReadAction","target":["https:\/\/techmasterdemexico.com\/producto\/multimetro-digital-amprobe-am-500-diy-pro\/"]}]},{"@type":"ImageObject","inLanguage":"en-US","@id":"https:\/\/techmasterdemexico.com\/producto\/multimetro-digital-amprobe-am-500-diy-pro\/#primaryimage","url":"https:\/\/techmasterdemexico.com\/wp-content\/uploads\/2021\/08\/PD_AM_500-1.jpg","contentUrl":"https:\/\/techmasterdemexico.com\/wp-content\/uploads\/2021\/08\/PD_AM_500-1.jpg","width":500,"height":500},{"@type":"BreadcrumbList","@id":"https:\/\/techmasterdemexico.com\/producto\/multimetro-digital-amprobe-am-500-diy-pro\/#breadcrumb","itemListElement":[{"@type":"ListItem","position":1,"name":"Portada","item":"https:\/\/techmasterdemexico.com\/"},{"@type":"ListItem","position":2,"name":"Mult\u00edmetro digital Amprobe AM-500 DIY-PRO"}]},{"@type":"WebSite","@id":"https:\/\/techmasterdemexico.com\/#website","url":"https:\/\/techmasterdemexico.com\/","name":"Techmaster de Mexico","description":"","potentialAction":[{"@type":"SearchAction","target":{"@type":"EntryPoint","urlTemplate":"https:\/\/techmasterdemexico.com\/?s={search_term_string}"},"query-input":{"@type":"PropertyValueSpecification","valueRequired":true,"valueName":"search_term_string"}}],"inLanguage":"en-US"}]}},"brands":[{"id":104,"name":"Amprobe","slug":"amprobe"}],"_links":{"self":[{"href":"https:\/\/techmasterdemexico.com\/en\/wp-json\/wp\/v2\/product\/8262","targetHints":{"allow":["GET"]}}],"collection":[{"href":"https:\/\/techmasterdemexico.com\/en\/wp-json\/wp\/v2\/product"}],"about":[{"href":"https:\/\/techmasterdemexico.com\/en\/wp-json\/wp\/v2\/types\/product"}],"wp:featuredmedia":[{"embeddable":true,"href":"https:\/\/techmasterdemexico.com\/en\/wp-json\/wp\/v2\/media\/8635"}],"wp:attachment":[{"href":"https:\/\/techmasterdemexico.com\/en\/wp-json\/wp\/v2\/media?parent=8262"}],"wp:term":[{"taxonomy":"pwb-brand","embeddable":true,"href":"https:\/\/techmasterdemexico.com\/en\/wp-json\/wp\/v2\/pwb-brand?post=8262"},{"taxonomy":"product_brand","embeddable":true,"href":"https:\/\/techmasterdemexico.com\/en\/wp-json\/wp\/v2\/product_brand?post=8262"},{"taxonomy":"product_cat","embeddable":true,"href":"https:\/\/techmasterdemexico.com\/en\/wp-json\/wp\/v2\/product_cat?post=8262"},{"taxonomy":"product_tag","embeddable":true,"href":"https:\/\/techmasterdemexico.com\/en\/wp-json\/wp\/v2\/product_tag?post=8262"}],"curies":[{"name":"wp","href":"https:\/\/api.w.org\/{rel}","templated":true}]}}