{"id":8261,"date":"2021-08-19T18:31:05","date_gmt":"2021-08-19T18:31:05","guid":{"rendered":"http:\/\/techmastermx.ddns.net\/producto\/multimetro-digital-industrial-am-250-de-verdadero-valor-eficaz-hvac-electricidad\/"},"modified":"2021-12-28T22:26:50","modified_gmt":"2021-12-28T22:26:50","slug":"multimetro-digital-industrial-am-250-de-verdadero-valor-eficaz-hvac-electricidad","status":"publish","type":"product","link":"https:\/\/techmasterdemexico.com\/en\/producto\/multimetro-digital-industrial-am-250-de-verdadero-valor-eficaz-hvac-electricidad\/","title":{"rendered":"Mult\u00edmetro digital industrial AM-250 de verdadero valor eficaz, HVAC\/electricidad"},"content":{"rendered":"<p>Mult\u00edmetro digital industrial de verdadero valor eficaz Amprobe AM-250<\/p>\n<ul>\n<li>13 caracter\u00edsticas<\/li>\n<li>Mide voltaje CA \/ CC hasta 1000 V, corriente, resistencia, frecuencia, capacitancia y temperatura<\/li>\n<li>Continuidad audible<\/li>\n<li>Prueba de diodos<\/li>\n<li>Rango autom\u00e1tico y manual<\/li>\n<li>Modo de cero relativo<\/li>\n<li>Retenci\u00f3n de datos<\/li>\n<li>Retenci\u00f3n de pico (tiempo de respuesta de 30 ms)<\/li>\n<li>Pantalla de luz de fondo<\/li>\n<li>Pantalla LCD grande y f\u00e1cil de leer<\/li>\n<li>Advertencia sonora de Beep-Jack contra una conexi\u00f3n incorrecta<\/li>\n<li>Apagado autom\u00e1tico<\/li>\n<\/ul>\n<p>El Amprobe AM-250 es un mult\u00edmetro profesional para aplicaciones el\u00e9ctricas y HVAC con clasificaci\u00f3n de seguridad CAT III 600 V y CAT II 1000 V para aplicaciones interiores que requieren conexi\u00f3n directa al panel principal del edificio. Mide una gama completa de par\u00e1metros el\u00e9ctricos que incluyen voltaje, corriente, resistencia y frecuencia. Tambi\u00e9n cubre aplicaciones de HVAC con funciones de temperatura, capacitancia y micro amperios.<\/p>\n","protected":false},"excerpt":{"rendered":"<table class=\"t1\" cellspacing=\"0\" cellpadding=\"0\">\n<tbody>\n<tr>\n<td class=\"td1\" valign=\"middle\">\n<p class=\"p1\">CARACTER\u00cdSTICA<\/p>\n<\/td>\n<td class=\"td1\" valign=\"middle\">\n<p class=\"p1\">AM-250<\/p>\n<\/td>\n<td class=\"td1\" valign=\"middle\">\n<p class=\"p1\">AM-270<\/p>\n<\/td>\n<\/tr>\n<tr>\n<td class=\"td1\" valign=\"middle\">\n<p class=\"p1\">Voltaje de corriente alterna<\/p>\n<\/td>\n<td class=\"td1\" valign=\"middle\">\n<p class=\"p1\">400,0 mV, 4,000 V, 40,00 V, 400,0 V, 1000 V<\/p>\n<\/td>\n<td class=\"td1\" valign=\"middle\">\n<p class=\"p1\">50,00 mV, 500,0 mV, 5,000 V, 50,00 V, 500,0 V, 1000 V<\/p>\n<\/td>\n<\/tr>\n<tr>\n<td class=\"td1\" valign=\"middle\">\n<p class=\"p1\">Voltaje DC<\/p>\n<\/td>\n<td class=\"td1\" valign=\"middle\">\n<p class=\"p1\">400,0 mV, 4,000 V, 40,00 V, 400,0 V, 1000 V<\/p>\n<\/td>\n<td class=\"td1\" valign=\"middle\">\n<p class=\"p1\">50,00 mV, 500,0 mV 5,000 V, 50,00 V, 500,0 V, 1000 V<\/p>\n<\/td>\n<\/tr>\n<tr>\n<td class=\"td1\" valign=\"middle\">\n<p class=\"p1\">Resistencia<\/p>\n<\/td>\n<td class=\"td1\" valign=\"middle\">\n<p class=\"p1\">400.0 O, 4.000 kO, 40.00 kO, 400.0 kO 4.000 MO, 40.00 MO<\/p>\n<\/td>\n<td class=\"td1\" valign=\"middle\">\n<p class=\"p1\">50.00 O, 500.0 O, 5.000 kO, 50.00 kO, 500.0 kO, 5.000 MO, 50.00 MO<\/p>\n<\/td>\n<\/tr>\n<tr>\n<td class=\"td1\" valign=\"middle\">\n<p class=\"p1\">Corriente AC \/ DC<\/p>\n<\/td>\n<td class=\"td1\" valign=\"middle\">\n<p class=\"p1\">40,00 \u00b5A, 400,0 \u00b5A, 400,0 mA, 4000 mA, 4,000 A, 10,00 A<\/p>\n<\/td>\n<td class=\"td1\" valign=\"middle\">\n<p class=\"p1\">50,00 \u00b5A, 500,0 \u00b5A, 500,0 mA, 5000 mA, 5,000 A, 10,00 A<\/p>\n<\/td>\n<\/tr>\n<tr>\n<td class=\"td1\" valign=\"middle\">\n<p class=\"p1\">Frecuencia<\/p>\n<\/td>\n<td class=\"td1\" valign=\"middle\">\n<p class=\"p1\">5.000 Hz, 50.00 Hz, 500.0 Hz, 5.000 kHz, 50.00 kHz, 500.0 kHz, 1.000 MHz<\/p>\n<\/td>\n<td class=\"td1\" valign=\"middle\">\n<p class=\"p1\">5Hz <span class=\"s1\">\u2192<\/span> 125 kHz para todas las configuraciones excepto: 5Hz <span class=\"s1\">\u2192<\/span> 1kHz para rangos de 500V y 1000V 5 Hz <span class=\"s1\">\u2192<\/span> 20 kHz para rango de 50 V<\/p>\n<\/td>\n<\/tr>\n<tr>\n<td class=\"td1\" valign=\"middle\">\n<p class=\"p1\">Capacidad<\/p>\n<\/td>\n<td class=\"td1\" valign=\"middle\">\n<p class=\"p1\">500,0 nF, 5,000 \u00b5F, 50,00 \u00b5F, 500,0 \u00b5F, 3000 \u00b5F<\/p>\n<\/td>\n<td class=\"td1\" valign=\"middle\">\n<p class=\"p1\">50,00 nF, 500,0 nF 5,000 \u00b5F, 50,00 \u00b5F, 500,0 \u00b5F, 9999 \u00b5F<\/p>\n<\/td>\n<\/tr>\n<tr>\n<td class=\"td1\" valign=\"middle\">\n<p class=\"p1\">Temperatura<\/p>\n<\/td>\n<td class=\"td1\" valign=\"middle\">\n<p class=\"p1\">-4 \u00b0 F <span class=\"s1\">\u2192<\/span> 572 \u00b0 F (-20 \u00b0 C <span class=\"s1\">\u2192<\/span> 300 \u00b0 C)<\/p>\n<\/td>\n<td class=\"td1\" valign=\"middle\">\n<p class=\"p1\">-58 \u00b0 F <span class=\"s1\">\u2192<\/span> 1832 \u00b0 F (-50 \u00b0 C <span class=\"s1\">\u2192<\/span> 1000 \u00b0 C)<\/p>\n<\/td>\n<\/tr>\n<tr>\n<td class=\"td1\" valign=\"middle\">\n<p class=\"p1\">Registro de datos<\/p>\n<\/td>\n<td class=\"td1\" valign=\"middle\">\n<p class=\"p1\">&#8211;<\/p>\n<\/td>\n<td class=\"td1\" valign=\"middle\">\n<p class=\"p1\">Registra pico, m\u00e1ximo, m\u00ednimo, m\u00e1ximo-m\u00ednimo<\/p>\n<\/td>\n<\/tr>\n<tr>\n<td class=\"td1\" valign=\"middle\">\n<p class=\"p1\">Modo de cero relativo<\/p>\n<\/td>\n<td class=\"td1\" valign=\"middle\">\n<p class=\"p1\">&#8211;<\/p>\n<\/td>\n<td class=\"td1\" valign=\"middle\">\n<p class=\"p1\">\u2022<\/p>\n<\/td>\n<\/tr>\n<\/tbody>\n<\/table>\n","protected":false},"featured_media":8641,"template":"","meta":{"_acf_changed":false},"pwb-brand":[104],"product_brand":[],"product_cat":[366,101,107,156],"product_tag":[],"class_list":{"0":"post-8261","1":"product","2":"type-product","3":"status-publish","4":"has-post-thumbnail","6":"pwb-brand-amprobe","7":"product_cat-todos-los-productos","8":"product_cat-amprobe","9":"product_cat-multimetros","10":"product_cat-multimetros-de-tamano-completo","12":"first","13":"instock","14":"taxable","15":"shipping-taxable","16":"product-type-simple"},"acf":[],"yoast_head":"<!-- This site is optimized with the Yoast SEO plugin v27.4 - https:\/\/yoast.com\/product\/yoast-seo-wordpress\/ -->\n<title>Mult\u00edmetro digital industrial AM-250 de verdadero valor eficaz, HVAC\/electricidad - Techmaster de Mexico<\/title>\n<meta name=\"robots\" content=\"index, follow, max-snippet:-1, max-image-preview:large, max-video-preview:-1\" \/>\n<link rel=\"canonical\" href=\"https:\/\/techmasterdemexico.com\/en\/producto\/multimetro-digital-industrial-am-250-de-verdadero-valor-eficaz-hvac-electricidad\/\" \/>\n<meta property=\"og:locale\" content=\"en_US\" \/>\n<meta property=\"og:type\" content=\"article\" \/>\n<meta property=\"og:title\" content=\"Mult\u00edmetro digital industrial AM-250 de verdadero valor eficaz, HVAC\/electricidad - Techmaster de Mexico\" \/>\n<meta property=\"og:description\" content=\"CARACTER\u00cdSTICA      AM-250      AM-270          Voltaje de corriente alterna      400,0 mV, 4,000 V, 40,00 V, 400,0 V, 1000 V      50,00 mV, 500,0 mV, 5,000 V, 50,00 V, 500,0 V, 1000 V          Voltaje DC      400,0 mV, 4,000 V, 40,00 V, 400,0 V, 1000 V      50,00 mV, 500,0 mV 5,000 V, 50,00 V, 500,0 V, 1000 V          Resistencia      400.0 O, 4.000 kO, 40.00 kO, 400.0 kO 4.000 MO, 40.00 MO      50.00 O, 500.0 O, 5.000 kO, 50.00 kO, 500.0 kO, 5.000 MO, 50.00 MO          Corriente AC \/ DC      40,00 \u00b5A, 400,0 \u00b5A, 400,0 mA, 4000 mA, 4,000 A, 10,00 A      50,00 \u00b5A, 500,0 \u00b5A, 500,0 mA, 5000 mA, 5,000 A, 10,00 A          Frecuencia      5.000 Hz, 50.00 Hz, 500.0 Hz, 5.000 kHz, 50.00 kHz, 500.0 kHz, 1.000 MHz      5Hz \u2192 125 kHz para todas las configuraciones excepto: 5Hz \u2192 1kHz para rangos de 500V y 1000V 5 Hz \u2192 20 kHz para rango de 50 V          Capacidad      500,0 nF, 5,000 \u00b5F, 50,00 \u00b5F, 500,0 \u00b5F, 3000 \u00b5F      50,00 nF, 500,0 nF 5,000 \u00b5F, 50,00 \u00b5F, 500,0 \u00b5F, 9999 \u00b5F          Temperatura      -4 \u00b0 F \u2192 572 \u00b0 F (-20 \u00b0 C \u2192 300 \u00b0 C)      -58 \u00b0 F \u2192 1832 \u00b0 F (-50 \u00b0 C \u2192 1000 \u00b0 C)          Registro de datos      -      Registra pico, m\u00e1ximo, m\u00ednimo, m\u00e1ximo-m\u00ednimo          Modo de cero relativo      -      \u2022\" \/>\n<meta property=\"og:url\" content=\"https:\/\/techmasterdemexico.com\/en\/producto\/multimetro-digital-industrial-am-250-de-verdadero-valor-eficaz-hvac-electricidad\/\" \/>\n<meta property=\"og:site_name\" content=\"Techmaster de Mexico\" \/>\n<meta property=\"article:modified_time\" content=\"2021-12-28T22:26:50+00:00\" \/>\n<meta property=\"og:image\" content=\"https:\/\/techmasterdemexico.com\/wp-content\/uploads\/2021\/08\/PD_AM-250-3.jpg\" \/>\n\t<meta property=\"og:image:width\" content=\"500\" \/>\n\t<meta property=\"og:image:height\" content=\"500\" \/>\n\t<meta property=\"og:image:type\" content=\"image\/jpeg\" \/>\n<meta name=\"twitter:card\" content=\"summary_large_image\" \/>\n<meta name=\"twitter:label1\" content=\"Est. reading time\" \/>\n\t<meta name=\"twitter:data1\" content=\"1 minute\" \/>\n<script type=\"application\/ld+json\" class=\"yoast-schema-graph\">{\"@context\":\"https:\\\/\\\/schema.org\",\"@graph\":[{\"@type\":\"WebPage\",\"@id\":\"https:\\\/\\\/techmasterdemexico.com\\\/en\\\/producto\\\/multimetro-digital-industrial-am-250-de-verdadero-valor-eficaz-hvac-electricidad\\\/\",\"url\":\"https:\\\/\\\/techmasterdemexico.com\\\/en\\\/producto\\\/multimetro-digital-industrial-am-250-de-verdadero-valor-eficaz-hvac-electricidad\\\/\",\"name\":\"Mult\u00edmetro digital industrial AM-250 de verdadero valor eficaz, HVAC\\\/electricidad - Techmaster de Mexico\",\"isPartOf\":{\"@id\":\"https:\\\/\\\/techmasterdemexico.com\\\/#website\"},\"primaryImageOfPage\":{\"@id\":\"https:\\\/\\\/techmasterdemexico.com\\\/en\\\/producto\\\/multimetro-digital-industrial-am-250-de-verdadero-valor-eficaz-hvac-electricidad\\\/#primaryimage\"},\"image\":{\"@id\":\"https:\\\/\\\/techmasterdemexico.com\\\/en\\\/producto\\\/multimetro-digital-industrial-am-250-de-verdadero-valor-eficaz-hvac-electricidad\\\/#primaryimage\"},\"thumbnailUrl\":\"https:\\\/\\\/techmasterdemexico.com\\\/wp-content\\\/uploads\\\/2021\\\/08\\\/PD_AM-250-3.jpg\",\"datePublished\":\"2021-08-19T18:31:05+00:00\",\"dateModified\":\"2021-12-28T22:26:50+00:00\",\"breadcrumb\":{\"@id\":\"https:\\\/\\\/techmasterdemexico.com\\\/en\\\/producto\\\/multimetro-digital-industrial-am-250-de-verdadero-valor-eficaz-hvac-electricidad\\\/#breadcrumb\"},\"inLanguage\":\"en-US\",\"potentialAction\":[{\"@type\":\"ReadAction\",\"target\":[\"https:\\\/\\\/techmasterdemexico.com\\\/en\\\/producto\\\/multimetro-digital-industrial-am-250-de-verdadero-valor-eficaz-hvac-electricidad\\\/\"]}]},{\"@type\":\"ImageObject\",\"inLanguage\":\"en-US\",\"@id\":\"https:\\\/\\\/techmasterdemexico.com\\\/en\\\/producto\\\/multimetro-digital-industrial-am-250-de-verdadero-valor-eficaz-hvac-electricidad\\\/#primaryimage\",\"url\":\"https:\\\/\\\/techmasterdemexico.com\\\/wp-content\\\/uploads\\\/2021\\\/08\\\/PD_AM-250-3.jpg\",\"contentUrl\":\"https:\\\/\\\/techmasterdemexico.com\\\/wp-content\\\/uploads\\\/2021\\\/08\\\/PD_AM-250-3.jpg\",\"width\":500,\"height\":500},{\"@type\":\"BreadcrumbList\",\"@id\":\"https:\\\/\\\/techmasterdemexico.com\\\/en\\\/producto\\\/multimetro-digital-industrial-am-250-de-verdadero-valor-eficaz-hvac-electricidad\\\/#breadcrumb\",\"itemListElement\":[{\"@type\":\"ListItem\",\"position\":1,\"name\":\"Portada\",\"item\":\"https:\\\/\\\/techmasterdemexico.com\\\/\"},{\"@type\":\"ListItem\",\"position\":2,\"name\":\"Mult\u00edmetro digital industrial AM-250 de verdadero valor eficaz, HVAC\\\/electricidad\"}]},{\"@type\":\"WebSite\",\"@id\":\"https:\\\/\\\/techmasterdemexico.com\\\/#website\",\"url\":\"https:\\\/\\\/techmasterdemexico.com\\\/\",\"name\":\"Techmaster de Mexico\",\"description\":\"\",\"potentialAction\":[{\"@type\":\"SearchAction\",\"target\":{\"@type\":\"EntryPoint\",\"urlTemplate\":\"https:\\\/\\\/techmasterdemexico.com\\\/?s={search_term_string}\"},\"query-input\":{\"@type\":\"PropertyValueSpecification\",\"valueRequired\":true,\"valueName\":\"search_term_string\"}}],\"inLanguage\":\"en-US\"}]}<\/script>\n<!-- \/ Yoast SEO plugin. -->","yoast_head_json":{"title":"Mult\u00edmetro digital industrial AM-250 de verdadero valor eficaz, HVAC\/electricidad - Techmaster de Mexico","robots":{"index":"index","follow":"follow","max-snippet":"max-snippet:-1","max-image-preview":"max-image-preview:large","max-video-preview":"max-video-preview:-1"},"canonical":"https:\/\/techmasterdemexico.com\/en\/producto\/multimetro-digital-industrial-am-250-de-verdadero-valor-eficaz-hvac-electricidad\/","og_locale":"en_US","og_type":"article","og_title":"Mult\u00edmetro digital industrial AM-250 de verdadero valor eficaz, HVAC\/electricidad - Techmaster de Mexico","og_description":"CARACTER\u00cdSTICA      AM-250      AM-270          Voltaje de corriente alterna      400,0 mV, 4,000 V, 40,00 V, 400,0 V, 1000 V      50,00 mV, 500,0 mV, 5,000 V, 50,00 V, 500,0 V, 1000 V          Voltaje DC      400,0 mV, 4,000 V, 40,00 V, 400,0 V, 1000 V      50,00 mV, 500,0 mV 5,000 V, 50,00 V, 500,0 V, 1000 V          Resistencia      400.0 O, 4.000 kO, 40.00 kO, 400.0 kO 4.000 MO, 40.00 MO      50.00 O, 500.0 O, 5.000 kO, 50.00 kO, 500.0 kO, 5.000 MO, 50.00 MO          Corriente AC \/ DC      40,00 \u00b5A, 400,0 \u00b5A, 400,0 mA, 4000 mA, 4,000 A, 10,00 A      50,00 \u00b5A, 500,0 \u00b5A, 500,0 mA, 5000 mA, 5,000 A, 10,00 A          Frecuencia      5.000 Hz, 50.00 Hz, 500.0 Hz, 5.000 kHz, 50.00 kHz, 500.0 kHz, 1.000 MHz      5Hz \u2192 125 kHz para todas las configuraciones excepto: 5Hz \u2192 1kHz para rangos de 500V y 1000V 5 Hz \u2192 20 kHz para rango de 50 V          Capacidad      500,0 nF, 5,000 \u00b5F, 50,00 \u00b5F, 500,0 \u00b5F, 3000 \u00b5F      50,00 nF, 500,0 nF 5,000 \u00b5F, 50,00 \u00b5F, 500,0 \u00b5F, 9999 \u00b5F          Temperatura      -4 \u00b0 F \u2192 572 \u00b0 F (-20 \u00b0 C \u2192 300 \u00b0 C)      -58 \u00b0 F \u2192 1832 \u00b0 F (-50 \u00b0 C \u2192 1000 \u00b0 C)          Registro de datos      -      Registra pico, m\u00e1ximo, m\u00ednimo, m\u00e1ximo-m\u00ednimo          Modo de cero relativo      -      \u2022","og_url":"https:\/\/techmasterdemexico.com\/en\/producto\/multimetro-digital-industrial-am-250-de-verdadero-valor-eficaz-hvac-electricidad\/","og_site_name":"Techmaster de Mexico","article_modified_time":"2021-12-28T22:26:50+00:00","og_image":[{"width":500,"height":500,"url":"https:\/\/techmasterdemexico.com\/wp-content\/uploads\/2021\/08\/PD_AM-250-3.jpg","type":"image\/jpeg"}],"twitter_card":"summary_large_image","twitter_misc":{"Est. reading time":"1 minute"},"schema":{"@context":"https:\/\/schema.org","@graph":[{"@type":"WebPage","@id":"https:\/\/techmasterdemexico.com\/en\/producto\/multimetro-digital-industrial-am-250-de-verdadero-valor-eficaz-hvac-electricidad\/","url":"https:\/\/techmasterdemexico.com\/en\/producto\/multimetro-digital-industrial-am-250-de-verdadero-valor-eficaz-hvac-electricidad\/","name":"Mult\u00edmetro digital industrial AM-250 de verdadero valor eficaz, HVAC\/electricidad - Techmaster de Mexico","isPartOf":{"@id":"https:\/\/techmasterdemexico.com\/#website"},"primaryImageOfPage":{"@id":"https:\/\/techmasterdemexico.com\/en\/producto\/multimetro-digital-industrial-am-250-de-verdadero-valor-eficaz-hvac-electricidad\/#primaryimage"},"image":{"@id":"https:\/\/techmasterdemexico.com\/en\/producto\/multimetro-digital-industrial-am-250-de-verdadero-valor-eficaz-hvac-electricidad\/#primaryimage"},"thumbnailUrl":"https:\/\/techmasterdemexico.com\/wp-content\/uploads\/2021\/08\/PD_AM-250-3.jpg","datePublished":"2021-08-19T18:31:05+00:00","dateModified":"2021-12-28T22:26:50+00:00","breadcrumb":{"@id":"https:\/\/techmasterdemexico.com\/en\/producto\/multimetro-digital-industrial-am-250-de-verdadero-valor-eficaz-hvac-electricidad\/#breadcrumb"},"inLanguage":"en-US","potentialAction":[{"@type":"ReadAction","target":["https:\/\/techmasterdemexico.com\/en\/producto\/multimetro-digital-industrial-am-250-de-verdadero-valor-eficaz-hvac-electricidad\/"]}]},{"@type":"ImageObject","inLanguage":"en-US","@id":"https:\/\/techmasterdemexico.com\/en\/producto\/multimetro-digital-industrial-am-250-de-verdadero-valor-eficaz-hvac-electricidad\/#primaryimage","url":"https:\/\/techmasterdemexico.com\/wp-content\/uploads\/2021\/08\/PD_AM-250-3.jpg","contentUrl":"https:\/\/techmasterdemexico.com\/wp-content\/uploads\/2021\/08\/PD_AM-250-3.jpg","width":500,"height":500},{"@type":"BreadcrumbList","@id":"https:\/\/techmasterdemexico.com\/en\/producto\/multimetro-digital-industrial-am-250-de-verdadero-valor-eficaz-hvac-electricidad\/#breadcrumb","itemListElement":[{"@type":"ListItem","position":1,"name":"Portada","item":"https:\/\/techmasterdemexico.com\/"},{"@type":"ListItem","position":2,"name":"Mult\u00edmetro digital industrial AM-250 de verdadero valor eficaz, HVAC\/electricidad"}]},{"@type":"WebSite","@id":"https:\/\/techmasterdemexico.com\/#website","url":"https:\/\/techmasterdemexico.com\/","name":"Techmaster de Mexico","description":"","potentialAction":[{"@type":"SearchAction","target":{"@type":"EntryPoint","urlTemplate":"https:\/\/techmasterdemexico.com\/?s={search_term_string}"},"query-input":{"@type":"PropertyValueSpecification","valueRequired":true,"valueName":"search_term_string"}}],"inLanguage":"en-US"}]}},"brands":[{"id":104,"name":"Amprobe","slug":"amprobe"}],"_links":{"self":[{"href":"https:\/\/techmasterdemexico.com\/en\/wp-json\/wp\/v2\/product\/8261","targetHints":{"allow":["GET"]}}],"collection":[{"href":"https:\/\/techmasterdemexico.com\/en\/wp-json\/wp\/v2\/product"}],"about":[{"href":"https:\/\/techmasterdemexico.com\/en\/wp-json\/wp\/v2\/types\/product"}],"wp:featuredmedia":[{"embeddable":true,"href":"https:\/\/techmasterdemexico.com\/en\/wp-json\/wp\/v2\/media\/8641"}],"wp:attachment":[{"href":"https:\/\/techmasterdemexico.com\/en\/wp-json\/wp\/v2\/media?parent=8261"}],"wp:term":[{"taxonomy":"pwb-brand","embeddable":true,"href":"https:\/\/techmasterdemexico.com\/en\/wp-json\/wp\/v2\/pwb-brand?post=8261"},{"taxonomy":"product_brand","embeddable":true,"href":"https:\/\/techmasterdemexico.com\/en\/wp-json\/wp\/v2\/product_brand?post=8261"},{"taxonomy":"product_cat","embeddable":true,"href":"https:\/\/techmasterdemexico.com\/en\/wp-json\/wp\/v2\/product_cat?post=8261"},{"taxonomy":"product_tag","embeddable":true,"href":"https:\/\/techmasterdemexico.com\/en\/wp-json\/wp\/v2\/product_tag?post=8261"}],"curies":[{"name":"wp","href":"https:\/\/api.w.org\/{rel}","templated":true}]}}