{"id":8260,"date":"2021-08-19T18:31:05","date_gmt":"2021-08-19T18:31:05","guid":{"rendered":"http:\/\/techmastermx.ddns.net\/producto\/multimetro-digital-38xr-a-trms-con-temperatura\/"},"modified":"2021-12-28T22:26:50","modified_gmt":"2021-12-28T22:26:50","slug":"multimetro-digital-38xr-a-trms-con-temperatura","status":"publish","type":"product","link":"https:\/\/techmasterdemexico.com\/en\/producto\/multimetro-digital-38xr-a-trms-con-temperatura\/","title":{"rendered":"Mult\u00edmetro digital 38XR-A TRMS con temperatura"},"content":{"rendered":"<p>Mult\u00edmetro digital Amprobe 38XR-A TRMS con temperatura<\/p>\n<ul>\n<li>Luz de fondo, verdadero valor eficaz con interfaz \u00f3ptica para PC<\/li>\n<li>Frecuencia hasta 10 MHz, capacitancia hasta 400 uF, temperatura hasta 2372 \u00b0 F<\/li>\n<li>Luz de fondo azul brillante<\/li>\n<li>10 amperios CA \/ CC, con fusibles de seguridad total<\/li>\n<li>Zumbador de continuidad<\/li>\n<li>Retenci\u00f3n m\u00ednima \/ m\u00e1xima, media, relativa, m\u00e1xima y de datos<\/li>\n<li>Apagado autom\u00e1tico para ahorrar bater\u00eda<\/li>\n<li>Puerta separada para facilitar el acceso a la bater\u00eda y los fusibles<\/li>\n<li>Funda Magne-Grip \u2122 con correa magn\u00e9tica para colgar<\/li>\n<li>Autorango; Pantalla: LCD de 4-3 \/ 4 d\u00edgitos, 10,000 cuentas con gr\u00e1fico de barras anal\u00f3gicas de 41 segmentos<\/li>\n<li>Tasa de actualizaci\u00f3n de la pantalla: 2 \/ seg, nominal<\/li>\n<li>Bater\u00eda de alimentaci\u00f3n: 9 V NEDA 1604, JIS 006P, IEC 6F22<\/li>\n<li>Temperatura de funcionamiento: 0 \u00b0 C a 45 \u00b0 C a &lt;70% RH<\/li>\n<li>Advertencia de cable de entrada<\/li>\n<\/ul>\n<p>El Amprobe 38XR-A, un mult\u00edmetro digital de verdadero valor eficaz con interfaz \u00f3ptica de PC para ingenieros que dise\u00f1an y solucionan problemas de sistemas de control y automatizaci\u00f3n industrial.<\/p>\n","protected":false},"excerpt":{"rendered":"<table class=\"t1\" cellspacing=\"0\" cellpadding=\"0\">\n<tbody>\n<tr>\n<td class=\"td1\" valign=\"middle\">\n<p class=\"p1\">CARACTER\u00cdSTICA<\/p>\n<\/td>\n<td class=\"td1\" valign=\"middle\">\n<p class=\"p1\">38XR-A<\/p>\n<\/td>\n<\/tr>\n<tr>\n<td class=\"td1\" valign=\"middle\">\n<p class=\"p1\">Voltaje DC<\/p>\n<\/td>\n<td class=\"td1\" valign=\"middle\">\n<p class=\"p1\">1.000 mV, 10,00 V, 100,0 V, 1000 V<\/p>\n<\/td>\n<\/tr>\n<tr>\n<td class=\"td1\" valign=\"middle\">\n<p class=\"p1\">Voltaje de corriente alterna<\/p>\n<\/td>\n<td class=\"td1\" valign=\"middle\">\n<p class=\"p1\">1.000 mV, 10,00 V, 100,0 V, 1000 V<\/p>\n<\/td>\n<\/tr>\n<tr>\n<td class=\"td1\" valign=\"middle\">\n<p class=\"p1\">Corriente DC<\/p>\n<\/td>\n<td class=\"td1\" valign=\"middle\">\n<p class=\"p1\">100,0 \u00b5A, 1.000 \u00b5A, 10,00 mA, 100,0 mA, 400,0 mA, 10,00 A<\/p>\n<\/td>\n<\/tr>\n<tr>\n<td class=\"td1\" valign=\"middle\">\n<p class=\"p1\">Corriente alterna<\/p>\n<\/td>\n<td class=\"td1\" valign=\"middle\">\n<p class=\"p1\">100,0 \u00b5A, 1.000 \u00b5A, 10,00 mA, 100,0 mA, 400,0 mA, 10,00 A<\/p>\n<\/td>\n<\/tr>\n<tr>\n<td class=\"td1\" valign=\"middle\">\n<p class=\"p1\">Resistencia<\/p>\n<\/td>\n<td class=\"td1\" valign=\"middle\">\n<p class=\"p1\">1000,0 O, 10.000 kO, 100,00 kO, 1000,0 kO, 10,00 MO, 40,00 MO<\/p>\n<\/td>\n<\/tr>\n<tr>\n<td class=\"td1\" valign=\"middle\">\n<p class=\"p1\">Continuidad<\/p>\n<\/td>\n<td class=\"td1\" valign=\"middle\">\n<p class=\"p1\">\u2022<\/p>\n<\/td>\n<\/tr>\n<tr>\n<td class=\"td1\" valign=\"middle\">\n<p class=\"p1\">Diodo<\/p>\n<\/td>\n<td class=\"td1\" valign=\"middle\">\n<p class=\"p1\">\u2022<\/p>\n<\/td>\n<\/tr>\n<tr>\n<td class=\"td1\" valign=\"middle\">\n<p class=\"p1\">Detecci\u00f3n de voltaje sin contacto VolTect \u2122<\/p>\n<\/td>\n<td class=\"td1\" valign=\"middle\">\n<p class=\"p1\">&#8211;<\/p>\n<\/td>\n<\/tr>\n<tr>\n<td class=\"td1\" valign=\"middle\">\n<p class=\"p1\">Capacidad<\/p>\n<\/td>\n<td class=\"td1\" valign=\"middle\">\n<p class=\"p1\">40,00 nF. 400,0 nF, 4,000 \u00b5F, 40,00 \u00b5F, 400,0 \u00b5F<\/p>\n<\/td>\n<\/tr>\n<tr>\n<td class=\"td1\" valign=\"middle\">\n<p class=\"p1\">Frecuencia<\/p>\n<\/td>\n<td class=\"td1\" valign=\"middle\">\n<p class=\"p1\">100,00 Hz, 1,0000 kHz, 10,000 kHz, 100,00 kHz, 1,0000 MHz, 10,000 MHz<\/p>\n<\/td>\n<\/tr>\n<tr>\n<td class=\"td1\" valign=\"middle\">\n<p class=\"p1\">Temperatura<\/p>\n<\/td>\n<td class=\"td1\" valign=\"middle\">\n<p class=\"p1\">1300 \u00b0 C (2372 \u00b0 F)<\/p>\n<\/td>\n<\/tr>\n<tr>\n<td class=\"td1\" valign=\"middle\">\n<p class=\"p1\">Ciclo de trabajo<\/p>\n<\/td>\n<td class=\"td1\" valign=\"middle\">\n<p class=\"p1\">0,00% <span class=\"s1\">\u2192<\/span> 90,0%<\/p>\n<\/td>\n<\/tr>\n<tr>\n<td class=\"td1\" valign=\"middle\">\n<p class=\"p1\">Prueba de l\u00f3gica<\/p>\n<\/td>\n<td class=\"td1\" valign=\"middle\">\n<p class=\"p1\">&#8211;<\/p>\n<\/td>\n<\/tr>\n<tr>\n<td class=\"td1\" valign=\"middle\">\n<p class=\"p1\">Inductancia<\/p>\n<\/td>\n<td class=\"td1\" valign=\"middle\">\n<p class=\"p1\">&#8211;<\/p>\n<\/td>\n<\/tr>\n<tr>\n<td class=\"td1\" valign=\"middle\">\n<p class=\"p1\">dBm<\/p>\n<\/td>\n<td class=\"td1\" valign=\"middle\">\n<p class=\"p1\">-13 dBm <span class=\"s1\">\u2192<\/span> + 50 dBm<\/p>\n<\/td>\n<\/tr>\n<\/tbody>\n<\/table>\n<table class=\"t1\" cellspacing=\"0\" cellpadding=\"0\">\n<tbody>\n<tr>\n<td class=\"td1\" valign=\"middle\">\n<p class=\"p1\">Especificaciones<\/p>\n<\/td>\n<td class=\"td1\" valign=\"middle\"><\/td>\n<\/tr>\n<tr>\n<td class=\"td1\" valign=\"middle\">\n<p class=\"p1\">Rangos de voltaje DC<\/p>\n<\/td>\n<td class=\"td1\" valign=\"middle\">\n<p class=\"p1\">1000 mV, 10 V, 100 V, 1000 V<\/p>\n<\/td>\n<\/tr>\n<tr>\n<td class=\"td1\" valign=\"middle\">\n<p class=\"p1\">Precisi\u00f3n de voltaje DC<\/p>\n<\/td>\n<td class=\"td1\" valign=\"middle\">\n<p class=\"p1\">Todos los rangos \u00b1 (0.25% rdg + 5 dgt)<\/p>\n<\/td>\n<\/tr>\n<tr>\n<td class=\"td1\" valign=\"middle\">\n<p class=\"p1\">Resoluci\u00f3n de voltaje DC<\/p>\n<\/td>\n<td class=\"td1\" valign=\"middle\">\n<p class=\"p1\">100 \u00b5V<\/p>\n<\/td>\n<\/tr>\n<tr>\n<td class=\"td1\" valign=\"middle\">\n<p class=\"p1\">Voltaje CA (45 Hz a 2 kHz) Rangos de verdadero valor eficaz<\/p>\n<\/td>\n<td class=\"td1\" valign=\"middle\">\n<p class=\"p1\">1000 mV, 10 V, 100 V, 750 V<\/p>\n<\/td>\n<\/tr>\n<tr>\n<td class=\"td1\" valign=\"middle\">\n<p class=\"p1\">Voltaje CA (45 Hz a 2 kHz) Precisi\u00f3n de verdadero valor eficaz<\/p>\n<\/td>\n<td class=\"td1\" valign=\"middle\">\n<p class=\"p1\">Rango de 750 V: 45 a 1 kHz: \u00b1 (2,0% lectura + 10 d\u00edgitos)<\/p>\n<p class=\"p1\">Todos los dem\u00e1s rangos, de 45 a 500 Hz: \u00b1 (1,2% lectura + 10 d\u00edgitos)<\/p>\n<p class=\"p1\">Todos los dem\u00e1s rangos, 500 a 2 kHz: \u00b1 (2,0% lectura + 10 d\u00edgitos)<\/p>\n<\/td>\n<\/tr>\n<tr>\n<td class=\"td1\" valign=\"middle\">\n<p class=\"p1\">AC acoplado<\/p>\n<\/td>\n<td class=\"td1\" valign=\"middle\">\n<p class=\"p1\">True RMS especificado del 5% al \u200b\u200b100% del rango<\/p>\n<\/td>\n<\/tr>\n<tr>\n<td class=\"td1\" valign=\"middle\">\n<p class=\"p1\">Voltaje CA + CC (45 Hz a 2 kHz)<\/p>\n<\/td>\n<td class=\"td1\" valign=\"middle\">\n<p class=\"p1\">1000 mV, 10 V, 100 V, 750 V<\/p>\n<\/td>\n<\/tr>\n<tr>\n<td class=\"td1\" valign=\"middle\">\n<p class=\"p1\">Rangos de corriente DC<\/p>\n<\/td>\n<td class=\"td1\" valign=\"middle\">\n<p class=\"p1\">100 \u00b5A, 1000 \u00b5A, 10 mA, 100 mA, 400 mA, 10 A<\/p>\n<\/td>\n<\/tr>\n<tr>\n<td class=\"td1\" valign=\"middle\">\n<p class=\"p1\">Precisi\u00f3n de corriente CC<\/p>\n<\/td>\n<td class=\"td1\" valign=\"middle\">\n<p class=\"p1\">Rango de 100 \u00b5A: \u00b1 (0,5% lectura + 10 d\u00edgitos)<\/p>\n<p class=\"p1\">Rangos de 1000 uA a 400 mA: \u00b1 (0.5% lectura + 5 d\u00edgitos)<\/p>\n<p class=\"p1\">Rango de 10 A: \u00b1 (1,5% lectura + 10 d\u00edgitos)<\/p>\n<\/td>\n<\/tr>\n<tr>\n<td class=\"td1\" valign=\"middle\">\n<p class=\"p1\">Resoluci\u00f3n de corriente CC<\/p>\n<\/td>\n<td class=\"td1\" valign=\"middle\">\n<p class=\"p1\">0,01 \u00b5A<\/p>\n<\/td>\n<\/tr>\n<tr>\n<td class=\"td1\" valign=\"middle\">\n<p class=\"p1\">Rangos de corriente CA (verdadero valor eficaz) (CA + CC) (45 Hz &#8211; 1 kHz)<\/p>\n<\/td>\n<td class=\"td1\" valign=\"middle\">\n<p class=\"p1\">100 \u00b5A, 1000 \u00b5A, 10 mA, 100 mA, 400 mA, 10 A<\/p>\n<\/td>\n<\/tr>\n<tr>\n<td class=\"td1\" valign=\"middle\">\n<p class=\"p1\">Precisi\u00f3n de corriente CA (verdadero valor eficaz) (CA + CC) (45 Hz &#8211; 1 kHz)<\/p>\n<\/td>\n<td class=\"td1\" valign=\"middle\">\n<p class=\"p1\">Rangos de 100 \u00b5A a 100 mA: \u00b1 (1,5% lectura + 10 d\u00edgitos)<\/p>\n<p class=\"p1\">Rango de 400 mA: \u00b1 (2.0% lectura + 10 d\u00edgitos)<\/p>\n<p class=\"p1\">Rango de 10 A: \u00b1 (2.5% lectura + 10 d\u00edgitos)<\/p>\n<\/td>\n<\/tr>\n<tr>\n<td class=\"td1\" valign=\"middle\">\n<p class=\"p1\">Corriente CA (45 Hz a 1 kHz) Resoluci\u00f3n de verdadero valor eficaz<\/p>\n<\/td>\n<td class=\"td1\" valign=\"middle\">\n<p class=\"p1\">0,01 \u00b5A<\/p>\n<\/td>\n<\/tr>\n<tr>\n<td class=\"td1\" valign=\"middle\">\n<p class=\"p1\">Rangos de resistencia<\/p>\n<\/td>\n<td class=\"td1\" valign=\"middle\">\n<p class=\"p1\">1000 O 10 kO 100 kO 1000 kO 10 MO 40 MO<\/p>\n<\/td>\n<\/tr>\n<tr>\n<td class=\"td1\" valign=\"middle\">\n<p class=\"p1\">Precisi\u00f3n de resistencia<\/p>\n<\/td>\n<td class=\"td1\" valign=\"middle\">\n<p class=\"p1\">Rangos de 1000 O a 1000 kO: \u00b1 (0.5% lectura + 8 d\u00edgitos)<\/p>\n<p class=\"p1\">Rango de 10 MO: \u00b1 (1.0% lectura + 10 d\u00edgitos)<\/p>\n<p class=\"p1\">MO: \u00b1 (2.0% lectura + 10 d\u00edgitos)<\/p>\n<\/td>\n<\/tr>\n<\/tbody>\n<\/table>\n","protected":false},"featured_media":8644,"template":"","meta":{"_acf_changed":false},"pwb-brand":[104],"product_brand":[],"product_cat":[366,101,107,156],"product_tag":[],"class_list":{"0":"post-8260","1":"product","2":"type-product","3":"status-publish","4":"has-post-thumbnail","6":"pwb-brand-amprobe","7":"product_cat-todos-los-productos","8":"product_cat-amprobe","9":"product_cat-multimetros","10":"product_cat-multimetros-de-tamano-completo","12":"first","13":"instock","14":"taxable","15":"shipping-taxable","16":"product-type-simple"},"acf":[],"yoast_head":"<!-- This site is optimized with the Yoast SEO plugin v27.4 - https:\/\/yoast.com\/product\/yoast-seo-wordpress\/ -->\n<title>Mult\u00edmetro digital 38XR-A TRMS con temperatura - Techmaster de Mexico<\/title>\n<meta name=\"robots\" content=\"index, follow, max-snippet:-1, max-image-preview:large, max-video-preview:-1\" \/>\n<link rel=\"canonical\" href=\"https:\/\/techmasterdemexico.com\/producto\/multimetro-digital-38xr-a-trms-con-temperatura\/\" \/>\n<meta property=\"og:locale\" content=\"en_US\" \/>\n<meta property=\"og:type\" content=\"article\" \/>\n<meta property=\"og:title\" content=\"Mult\u00edmetro digital 38XR-A TRMS con temperatura - Techmaster de Mexico\" \/>\n<meta property=\"og:description\" content=\"CARACTER\u00cdSTICA   38XR-A     Voltaje DC   1.000 mV, 10,00 V, 100,0 V, 1000 V     Voltaje de corriente alterna   1.000 mV, 10,00 V, 100,0 V, 1000 V     Corriente DC   100,0 \u00b5A, 1.000 \u00b5A, 10,00 mA, 100,0 mA, 400,0 mA, 10,00 A     Corriente alterna   100,0 \u00b5A, 1.000 \u00b5A, 10,00 mA, 100,0 mA, 400,0 mA, 10,00 A     Resistencia   1000,0 O, 10.000 kO, 100,00 kO, 1000,0 kO, 10,00 MO, 40,00 MO     Continuidad   \u2022     Diodo   \u2022     Detecci\u00f3n de voltaje sin contacto VolTect \u2122   -     Capacidad   40,00 nF. 400,0 nF, 4,000 \u00b5F, 40,00 \u00b5F, 400,0 \u00b5F     Frecuencia   100,00 Hz, 1,0000 kHz, 10,000 kHz, 100,00 kHz, 1,0000 MHz, 10,000 MHz     Temperatura   1300 \u00b0 C (2372 \u00b0 F)     Ciclo de trabajo   0,00% \u2192 90,0%     Prueba de l\u00f3gica   -     Inductancia   -     dBm   -13 dBm \u2192 + 50 dBm         Especificaciones      Rangos de voltaje DC   1000 mV, 10 V, 100 V, 1000 V     Precisi\u00f3n de voltaje DC   Todos los rangos \u00b1 (0.25% rdg + 5 dgt)     Resoluci\u00f3n de voltaje DC   100 \u00b5V     Voltaje CA (45 Hz a 2 kHz) Rangos de verdadero valor eficaz   1000 mV, 10 V, 100 V, 750 V     Voltaje CA (45 Hz a 2 kHz) Precisi\u00f3n de verdadero valor eficaz   Rango de 750 V: 45 a 1 kHz: \u00b1 (2,0% lectura + 10 d\u00edgitos) Todos los dem\u00e1s rangos, de 45 a 500 Hz: \u00b1 (1,2% lectura + 10 d\u00edgitos) Todos los dem\u00e1s rangos, 500 a 2 kHz: \u00b1 (2,0% lectura + 10 d\u00edgitos)     AC acoplado   True RMS especificado del 5% al \u200b\u200b100% del rango     Voltaje CA + CC (45 Hz a 2 kHz)   1000 mV, 10 V, 100 V, 750 V     Rangos de corriente DC   100 \u00b5A, 1000 \u00b5A, 10 mA, 100 mA, 400 mA, 10 A     Precisi\u00f3n de corriente CC   Rango de 100 \u00b5A: \u00b1 (0,5% lectura + 10 d\u00edgitos) Rangos de 1000 uA a 400 mA: \u00b1 (0.5% lectura + 5 d\u00edgitos) Rango de 10 A: \u00b1 (1,5% lectura + 10 d\u00edgitos)     Resoluci\u00f3n de corriente CC   0,01 \u00b5A     Rangos de corriente CA (verdadero valor eficaz) (CA + CC) (45 Hz - 1 kHz)   100 \u00b5A, 1000 \u00b5A, 10 mA, 100 mA, 400 mA, 10 A     Precisi\u00f3n de corriente CA (verdadero valor eficaz) (CA + CC) (45 Hz - 1 kHz)   Rangos de 100 \u00b5A a 100 mA: \u00b1 (1,5% lectura + 10 d\u00edgitos) Rango de 400 mA: \u00b1 (2.0% lectura + 10 d\u00edgitos) Rango de 10 A: \u00b1 (2.5% lectura + 10 d\u00edgitos)     Corriente CA (45 Hz a 1 kHz) Resoluci\u00f3n de verdadero valor eficaz   0,01 \u00b5A     Rangos de resistencia   1000 O 10 kO 100 kO 1000 kO 10 MO 40 MO     Precisi\u00f3n de resistencia   Rangos de 1000 O a 1000 kO: \u00b1 (0.5% lectura + 8 d\u00edgitos) Rango de 10 MO: \u00b1 (1.0% lectura + 10 d\u00edgitos) MO: \u00b1 (2.0% lectura + 10 d\u00edgitos)\" \/>\n<meta property=\"og:url\" content=\"https:\/\/techmasterdemexico.com\/producto\/multimetro-digital-38xr-a-trms-con-temperatura\/\" \/>\n<meta property=\"og:site_name\" content=\"Techmaster de Mexico\" \/>\n<meta property=\"article:modified_time\" content=\"2021-12-28T22:26:50+00:00\" \/>\n<meta property=\"og:image\" content=\"https:\/\/techmasterdemexico.com\/wp-content\/uploads\/2021\/08\/PD_38XR-A-1.jpg\" \/>\n\t<meta property=\"og:image:width\" content=\"500\" \/>\n\t<meta property=\"og:image:height\" content=\"500\" \/>\n\t<meta property=\"og:image:type\" content=\"image\/jpeg\" \/>\n<meta name=\"twitter:card\" content=\"summary_large_image\" \/>\n<meta name=\"twitter:label1\" content=\"Est. reading time\" \/>\n\t<meta name=\"twitter:data1\" content=\"1 minute\" \/>\n<script type=\"application\/ld+json\" class=\"yoast-schema-graph\">{\"@context\":\"https:\\\/\\\/schema.org\",\"@graph\":[{\"@type\":\"WebPage\",\"@id\":\"https:\\\/\\\/techmasterdemexico.com\\\/producto\\\/multimetro-digital-38xr-a-trms-con-temperatura\\\/\",\"url\":\"https:\\\/\\\/techmasterdemexico.com\\\/producto\\\/multimetro-digital-38xr-a-trms-con-temperatura\\\/\",\"name\":\"Mult\u00edmetro digital 38XR-A TRMS con temperatura - Techmaster de Mexico\",\"isPartOf\":{\"@id\":\"https:\\\/\\\/techmasterdemexico.com\\\/#website\"},\"primaryImageOfPage\":{\"@id\":\"https:\\\/\\\/techmasterdemexico.com\\\/producto\\\/multimetro-digital-38xr-a-trms-con-temperatura\\\/#primaryimage\"},\"image\":{\"@id\":\"https:\\\/\\\/techmasterdemexico.com\\\/producto\\\/multimetro-digital-38xr-a-trms-con-temperatura\\\/#primaryimage\"},\"thumbnailUrl\":\"https:\\\/\\\/techmasterdemexico.com\\\/wp-content\\\/uploads\\\/2021\\\/08\\\/PD_38XR-A-1.jpg\",\"datePublished\":\"2021-08-19T18:31:05+00:00\",\"dateModified\":\"2021-12-28T22:26:50+00:00\",\"breadcrumb\":{\"@id\":\"https:\\\/\\\/techmasterdemexico.com\\\/producto\\\/multimetro-digital-38xr-a-trms-con-temperatura\\\/#breadcrumb\"},\"inLanguage\":\"en-US\",\"potentialAction\":[{\"@type\":\"ReadAction\",\"target\":[\"https:\\\/\\\/techmasterdemexico.com\\\/producto\\\/multimetro-digital-38xr-a-trms-con-temperatura\\\/\"]}]},{\"@type\":\"ImageObject\",\"inLanguage\":\"en-US\",\"@id\":\"https:\\\/\\\/techmasterdemexico.com\\\/producto\\\/multimetro-digital-38xr-a-trms-con-temperatura\\\/#primaryimage\",\"url\":\"https:\\\/\\\/techmasterdemexico.com\\\/wp-content\\\/uploads\\\/2021\\\/08\\\/PD_38XR-A-1.jpg\",\"contentUrl\":\"https:\\\/\\\/techmasterdemexico.com\\\/wp-content\\\/uploads\\\/2021\\\/08\\\/PD_38XR-A-1.jpg\",\"width\":500,\"height\":500},{\"@type\":\"BreadcrumbList\",\"@id\":\"https:\\\/\\\/techmasterdemexico.com\\\/producto\\\/multimetro-digital-38xr-a-trms-con-temperatura\\\/#breadcrumb\",\"itemListElement\":[{\"@type\":\"ListItem\",\"position\":1,\"name\":\"Portada\",\"item\":\"https:\\\/\\\/techmasterdemexico.com\\\/\"},{\"@type\":\"ListItem\",\"position\":2,\"name\":\"Mult\u00edmetro digital 38XR-A TRMS con temperatura\"}]},{\"@type\":\"WebSite\",\"@id\":\"https:\\\/\\\/techmasterdemexico.com\\\/#website\",\"url\":\"https:\\\/\\\/techmasterdemexico.com\\\/\",\"name\":\"Techmaster de Mexico\",\"description\":\"\",\"potentialAction\":[{\"@type\":\"SearchAction\",\"target\":{\"@type\":\"EntryPoint\",\"urlTemplate\":\"https:\\\/\\\/techmasterdemexico.com\\\/?s={search_term_string}\"},\"query-input\":{\"@type\":\"PropertyValueSpecification\",\"valueRequired\":true,\"valueName\":\"search_term_string\"}}],\"inLanguage\":\"en-US\"}]}<\/script>\n<!-- \/ Yoast SEO plugin. -->","yoast_head_json":{"title":"Mult\u00edmetro digital 38XR-A TRMS con temperatura - Techmaster de Mexico","robots":{"index":"index","follow":"follow","max-snippet":"max-snippet:-1","max-image-preview":"max-image-preview:large","max-video-preview":"max-video-preview:-1"},"canonical":"https:\/\/techmasterdemexico.com\/producto\/multimetro-digital-38xr-a-trms-con-temperatura\/","og_locale":"en_US","og_type":"article","og_title":"Mult\u00edmetro digital 38XR-A TRMS con temperatura - Techmaster de Mexico","og_description":"CARACTER\u00cdSTICA   38XR-A     Voltaje DC   1.000 mV, 10,00 V, 100,0 V, 1000 V     Voltaje de corriente alterna   1.000 mV, 10,00 V, 100,0 V, 1000 V     Corriente DC   100,0 \u00b5A, 1.000 \u00b5A, 10,00 mA, 100,0 mA, 400,0 mA, 10,00 A     Corriente alterna   100,0 \u00b5A, 1.000 \u00b5A, 10,00 mA, 100,0 mA, 400,0 mA, 10,00 A     Resistencia   1000,0 O, 10.000 kO, 100,00 kO, 1000,0 kO, 10,00 MO, 40,00 MO     Continuidad   \u2022     Diodo   \u2022     Detecci\u00f3n de voltaje sin contacto VolTect \u2122   -     Capacidad   40,00 nF. 400,0 nF, 4,000 \u00b5F, 40,00 \u00b5F, 400,0 \u00b5F     Frecuencia   100,00 Hz, 1,0000 kHz, 10,000 kHz, 100,00 kHz, 1,0000 MHz, 10,000 MHz     Temperatura   1300 \u00b0 C (2372 \u00b0 F)     Ciclo de trabajo   0,00% \u2192 90,0%     Prueba de l\u00f3gica   -     Inductancia   -     dBm   -13 dBm \u2192 + 50 dBm         Especificaciones      Rangos de voltaje DC   1000 mV, 10 V, 100 V, 1000 V     Precisi\u00f3n de voltaje DC   Todos los rangos \u00b1 (0.25% rdg + 5 dgt)     Resoluci\u00f3n de voltaje DC   100 \u00b5V     Voltaje CA (45 Hz a 2 kHz) Rangos de verdadero valor eficaz   1000 mV, 10 V, 100 V, 750 V     Voltaje CA (45 Hz a 2 kHz) Precisi\u00f3n de verdadero valor eficaz   Rango de 750 V: 45 a 1 kHz: \u00b1 (2,0% lectura + 10 d\u00edgitos) Todos los dem\u00e1s rangos, de 45 a 500 Hz: \u00b1 (1,2% lectura + 10 d\u00edgitos) Todos los dem\u00e1s rangos, 500 a 2 kHz: \u00b1 (2,0% lectura + 10 d\u00edgitos)     AC acoplado   True RMS especificado del 5% al \u200b\u200b100% del rango     Voltaje CA + CC (45 Hz a 2 kHz)   1000 mV, 10 V, 100 V, 750 V     Rangos de corriente DC   100 \u00b5A, 1000 \u00b5A, 10 mA, 100 mA, 400 mA, 10 A     Precisi\u00f3n de corriente CC   Rango de 100 \u00b5A: \u00b1 (0,5% lectura + 10 d\u00edgitos) Rangos de 1000 uA a 400 mA: \u00b1 (0.5% lectura + 5 d\u00edgitos) Rango de 10 A: \u00b1 (1,5% lectura + 10 d\u00edgitos)     Resoluci\u00f3n de corriente CC   0,01 \u00b5A     Rangos de corriente CA (verdadero valor eficaz) (CA + CC) (45 Hz - 1 kHz)   100 \u00b5A, 1000 \u00b5A, 10 mA, 100 mA, 400 mA, 10 A     Precisi\u00f3n de corriente CA (verdadero valor eficaz) (CA + CC) (45 Hz - 1 kHz)   Rangos de 100 \u00b5A a 100 mA: \u00b1 (1,5% lectura + 10 d\u00edgitos) Rango de 400 mA: \u00b1 (2.0% lectura + 10 d\u00edgitos) Rango de 10 A: \u00b1 (2.5% lectura + 10 d\u00edgitos)     Corriente CA (45 Hz a 1 kHz) Resoluci\u00f3n de verdadero valor eficaz   0,01 \u00b5A     Rangos de resistencia   1000 O 10 kO 100 kO 1000 kO 10 MO 40 MO     Precisi\u00f3n de resistencia   Rangos de 1000 O a 1000 kO: \u00b1 (0.5% lectura + 8 d\u00edgitos) Rango de 10 MO: \u00b1 (1.0% lectura + 10 d\u00edgitos) MO: \u00b1 (2.0% lectura + 10 d\u00edgitos)","og_url":"https:\/\/techmasterdemexico.com\/producto\/multimetro-digital-38xr-a-trms-con-temperatura\/","og_site_name":"Techmaster de Mexico","article_modified_time":"2021-12-28T22:26:50+00:00","og_image":[{"width":500,"height":500,"url":"https:\/\/techmasterdemexico.com\/wp-content\/uploads\/2021\/08\/PD_38XR-A-1.jpg","type":"image\/jpeg"}],"twitter_card":"summary_large_image","twitter_misc":{"Est. reading time":"1 minute"},"schema":{"@context":"https:\/\/schema.org","@graph":[{"@type":"WebPage","@id":"https:\/\/techmasterdemexico.com\/producto\/multimetro-digital-38xr-a-trms-con-temperatura\/","url":"https:\/\/techmasterdemexico.com\/producto\/multimetro-digital-38xr-a-trms-con-temperatura\/","name":"Mult\u00edmetro digital 38XR-A TRMS con temperatura - Techmaster de Mexico","isPartOf":{"@id":"https:\/\/techmasterdemexico.com\/#website"},"primaryImageOfPage":{"@id":"https:\/\/techmasterdemexico.com\/producto\/multimetro-digital-38xr-a-trms-con-temperatura\/#primaryimage"},"image":{"@id":"https:\/\/techmasterdemexico.com\/producto\/multimetro-digital-38xr-a-trms-con-temperatura\/#primaryimage"},"thumbnailUrl":"https:\/\/techmasterdemexico.com\/wp-content\/uploads\/2021\/08\/PD_38XR-A-1.jpg","datePublished":"2021-08-19T18:31:05+00:00","dateModified":"2021-12-28T22:26:50+00:00","breadcrumb":{"@id":"https:\/\/techmasterdemexico.com\/producto\/multimetro-digital-38xr-a-trms-con-temperatura\/#breadcrumb"},"inLanguage":"en-US","potentialAction":[{"@type":"ReadAction","target":["https:\/\/techmasterdemexico.com\/producto\/multimetro-digital-38xr-a-trms-con-temperatura\/"]}]},{"@type":"ImageObject","inLanguage":"en-US","@id":"https:\/\/techmasterdemexico.com\/producto\/multimetro-digital-38xr-a-trms-con-temperatura\/#primaryimage","url":"https:\/\/techmasterdemexico.com\/wp-content\/uploads\/2021\/08\/PD_38XR-A-1.jpg","contentUrl":"https:\/\/techmasterdemexico.com\/wp-content\/uploads\/2021\/08\/PD_38XR-A-1.jpg","width":500,"height":500},{"@type":"BreadcrumbList","@id":"https:\/\/techmasterdemexico.com\/producto\/multimetro-digital-38xr-a-trms-con-temperatura\/#breadcrumb","itemListElement":[{"@type":"ListItem","position":1,"name":"Portada","item":"https:\/\/techmasterdemexico.com\/"},{"@type":"ListItem","position":2,"name":"Mult\u00edmetro digital 38XR-A TRMS con temperatura"}]},{"@type":"WebSite","@id":"https:\/\/techmasterdemexico.com\/#website","url":"https:\/\/techmasterdemexico.com\/","name":"Techmaster de Mexico","description":"","potentialAction":[{"@type":"SearchAction","target":{"@type":"EntryPoint","urlTemplate":"https:\/\/techmasterdemexico.com\/?s={search_term_string}"},"query-input":{"@type":"PropertyValueSpecification","valueRequired":true,"valueName":"search_term_string"}}],"inLanguage":"en-US"}]}},"brands":[{"id":104,"name":"Amprobe","slug":"amprobe"}],"_links":{"self":[{"href":"https:\/\/techmasterdemexico.com\/en\/wp-json\/wp\/v2\/product\/8260","targetHints":{"allow":["GET"]}}],"collection":[{"href":"https:\/\/techmasterdemexico.com\/en\/wp-json\/wp\/v2\/product"}],"about":[{"href":"https:\/\/techmasterdemexico.com\/en\/wp-json\/wp\/v2\/types\/product"}],"wp:featuredmedia":[{"embeddable":true,"href":"https:\/\/techmasterdemexico.com\/en\/wp-json\/wp\/v2\/media\/8644"}],"wp:attachment":[{"href":"https:\/\/techmasterdemexico.com\/en\/wp-json\/wp\/v2\/media?parent=8260"}],"wp:term":[{"taxonomy":"pwb-brand","embeddable":true,"href":"https:\/\/techmasterdemexico.com\/en\/wp-json\/wp\/v2\/pwb-brand?post=8260"},{"taxonomy":"product_brand","embeddable":true,"href":"https:\/\/techmasterdemexico.com\/en\/wp-json\/wp\/v2\/product_brand?post=8260"},{"taxonomy":"product_cat","embeddable":true,"href":"https:\/\/techmasterdemexico.com\/en\/wp-json\/wp\/v2\/product_cat?post=8260"},{"taxonomy":"product_tag","embeddable":true,"href":"https:\/\/techmasterdemexico.com\/en\/wp-json\/wp\/v2\/product_tag?post=8260"}],"curies":[{"name":"wp","href":"https:\/\/api.w.org\/{rel}","templated":true}]}}