{"id":8259,"date":"2021-08-19T18:31:04","date_gmt":"2021-08-19T18:31:04","guid":{"rendered":"http:\/\/techmastermx.ddns.net\/producto\/multimetro-digital-verdadero-37xr-a-trms\/"},"modified":"2021-12-28T22:26:51","modified_gmt":"2021-12-28T22:26:51","slug":"multimetro-digital-verdadero-37xr-a-trms","status":"publish","type":"product","link":"https:\/\/techmasterdemexico.com\/en\/producto\/multimetro-digital-verdadero-37xr-a-trms\/","title":{"rendered":"Mult\u00edmetro digital verdadero 37XR-A TRMS"},"content":{"rendered":"<p>Mult\u00edmetro digital Amprobe 37XR-A TRMS<\/p>\n<ul>\n<li>Luz de fondo, verdadero valor eficaz con componente y prueba l\u00f3gica<\/li>\n<li>Inductancia a 40 H, frecuencia a 40 MHz, capacitancia a 400 \u03bcF, l\u00f3gica a 20 MHz<\/li>\n<li>Ingrese un tono de advertencia cuando los cables de prueba est\u00e9n en el conector incorrecto<\/li>\n<li>10 amperios CA \/ CC, con fusibles de seguridad total<\/li>\n<li>Zumbador de continuidad<\/li>\n<li>Retenci\u00f3n m\u00ednima \/ m\u00e1xima, media, relativa, m\u00e1xima y de datos<\/li>\n<li>Apagado autom\u00e1tico para ahorrar bater\u00eda<\/li>\n<li>Puerta separada para facilitar el acceso a la bater\u00eda y los fusibles<\/li>\n<li>Funda Magne-Grip \u2122 con correa magn\u00e9tica para colgar<\/li>\n<li>Autorango; Pantalla: LCD de 4-3 \/ 4 d\u00edgitos, 10,000 cuentas con gr\u00e1fico de barras anal\u00f3gicas de 41 segmentos<\/li>\n<li>Tasa de actualizaci\u00f3n de pantalla: 2 \/ seg, nominal<\/li>\n<li>Energ\u00eda de la bater\u00eda: 9 V NEDA 1604, JIS 006P, IEC 6F22<\/li>\n<li>Temperatura de funcionamiento: 0 \u00b0 C a 45 \u00b0 C a &lt;70% RH<\/li>\n<\/ul>\n<p>El mult\u00edmetro digital Amprobe 37XR-A ofrece medici\u00f3n de verdadero valor eficaz junto con pruebas de componentes y l\u00f3gica para solucionar problemas de electr\u00f3nica en el banco o en el lugar de trabajo.<\/p>\n","protected":false},"excerpt":{"rendered":"<table class=\"t1\" cellspacing=\"0\" cellpadding=\"0\">\n<tbody>\n<tr>\n<td class=\"td1\" valign=\"middle\">\n<p class=\"p1\">CARACTER\u00cdSTICA<\/p>\n<\/td>\n<td class=\"td1\" valign=\"middle\">\n<p class=\"p1\">37XR-A<\/p>\n<\/td>\n<\/tr>\n<tr>\n<td class=\"td1\" valign=\"middle\">\n<p class=\"p1\">Voltaje DC<\/p>\n<\/td>\n<td class=\"td1\" valign=\"middle\">\n<p class=\"p1\">1.000 mV, 10,00 V, 100,0 V, 1000 V<\/p>\n<\/td>\n<\/tr>\n<tr>\n<td class=\"td1\" valign=\"middle\">\n<p class=\"p1\">Voltaje de corriente alterna<\/p>\n<\/td>\n<td class=\"td1\" valign=\"middle\">\n<p class=\"p1\">1.000 mV, 10,00 V, 100,0 V, 1000 V<\/p>\n<\/td>\n<\/tr>\n<tr>\n<td class=\"td1\" valign=\"middle\">\n<p class=\"p1\">Corriente DC<\/p>\n<\/td>\n<td class=\"td1\" valign=\"middle\">\n<p class=\"p1\">100,0 \u00b5A, 1.000 \u00b5A, 10,00 mA, 100,0 mA, 400,0 mA, 10,00 A<\/p>\n<\/td>\n<\/tr>\n<tr>\n<td class=\"td1\" valign=\"middle\">\n<p class=\"p1\">Corriente alterna<\/p>\n<\/td>\n<td class=\"td1\" valign=\"middle\">\n<p class=\"p1\">100,0 \u00b5A, 1.000 \u00b5A, 10,00 mA, 100,0 mA, 400,0 mA, 10,00 A<\/p>\n<\/td>\n<\/tr>\n<tr>\n<td class=\"td1\" valign=\"middle\">\n<p class=\"p1\">Resistencia<\/p>\n<\/td>\n<td class=\"td1\" valign=\"middle\">\n<p class=\"p1\">1000,0 O, 10.000 kO, 100,00 kO, 1000,0 kO, 10,00 MO, 40,00 MO<\/p>\n<\/td>\n<\/tr>\n<tr>\n<td class=\"td1\" valign=\"middle\">\n<p class=\"p1\">Continuidad<\/p>\n<\/td>\n<td class=\"td1\" valign=\"middle\">\n<p class=\"p1\">\u2022<\/p>\n<\/td>\n<\/tr>\n<tr>\n<td class=\"td1\" valign=\"middle\">\n<p class=\"p1\">Diodo<\/p>\n<\/td>\n<td class=\"td1\" valign=\"middle\">\n<p class=\"p1\">\u2022<\/p>\n<\/td>\n<\/tr>\n<tr>\n<td class=\"td1\" valign=\"middle\">\n<p class=\"p1\">Detecci\u00f3n de voltaje sin contacto VolTect \u2122<\/p>\n<\/td>\n<td class=\"td1\" valign=\"middle\">\n<p class=\"p1\">&#8211;<\/p>\n<\/td>\n<\/tr>\n<tr>\n<td class=\"td1\" valign=\"middle\">\n<p class=\"p1\">Capacidad<\/p>\n<\/td>\n<td class=\"td1\" valign=\"middle\">\n<p class=\"p1\">40,00 nF. 400,0 nF, 4,000 \u00b5F, 40,00 \u00b5F, 400,0 \u00b5F<\/p>\n<\/td>\n<\/tr>\n<tr>\n<td class=\"td1\" valign=\"middle\">\n<p class=\"p1\">Frecuencia<\/p>\n<\/td>\n<td class=\"td1\" valign=\"middle\">\n<p class=\"p1\">100,00 Hz, 1,0000 kHz, 10,000 kHz, 100,00 kHz, 1,0000 MHz, 10,000 MHz<\/p>\n<\/td>\n<\/tr>\n<tr>\n<td class=\"td1\" valign=\"middle\">\n<p class=\"p1\">Temperatura<\/p>\n<\/td>\n<td class=\"td1\" valign=\"middle\">\n<p class=\"p1\">&#8211;<\/p>\n<\/td>\n<\/tr>\n<tr>\n<td class=\"td1\" valign=\"middle\">\n<p class=\"p1\">Ciclo de trabajo<\/p>\n<\/td>\n<td class=\"td1\" valign=\"middle\">\n<p class=\"p1\">0,00% <span class=\"s1\">\u2192<\/span> 90,0%<\/p>\n<\/td>\n<\/tr>\n<tr>\n<td class=\"td1\" valign=\"middle\">\n<p class=\"p1\">Prueba de l\u00f3gica<\/p>\n<\/td>\n<td class=\"td1\" valign=\"middle\">\n<p class=\"p1\">\u2022<\/p>\n<\/td>\n<\/tr>\n<tr>\n<td class=\"td1\" valign=\"middle\">\n<p class=\"p1\">Inductancia<\/p>\n<\/td>\n<td class=\"td1\" valign=\"middle\">\n<p class=\"p1\">40 H<\/p>\n<\/td>\n<\/tr>\n<tr>\n<td class=\"td1\" valign=\"middle\">\n<p class=\"p1\">dBm<\/p>\n<\/td>\n<td class=\"td1\" valign=\"middle\">\n<p class=\"p1\">-13 dBm <span class=\"s1\">\u2192<\/span> + 50 dBm<\/p>\n<\/td>\n<\/tr>\n<\/tbody>\n<\/table>\n","protected":false},"featured_media":8646,"template":"","meta":{"_acf_changed":false},"pwb-brand":[104],"product_brand":[],"product_cat":[366,101,107,156],"product_tag":[],"class_list":{"0":"post-8259","1":"product","2":"type-product","3":"status-publish","4":"has-post-thumbnail","6":"pwb-brand-amprobe","7":"product_cat-todos-los-productos","8":"product_cat-amprobe","9":"product_cat-multimetros","10":"product_cat-multimetros-de-tamano-completo","12":"first","13":"instock","14":"taxable","15":"shipping-taxable","16":"product-type-simple"},"acf":[],"yoast_head":"<!-- This site is optimized with the Yoast SEO plugin v27.4 - https:\/\/yoast.com\/product\/yoast-seo-wordpress\/ -->\n<title>Mult\u00edmetro digital verdadero 37XR-A TRMS - Techmaster de Mexico<\/title>\n<meta name=\"robots\" content=\"index, follow, max-snippet:-1, max-image-preview:large, max-video-preview:-1\" \/>\n<link rel=\"canonical\" href=\"https:\/\/techmasterdemexico.com\/producto\/multimetro-digital-verdadero-37xr-a-trms\/\" \/>\n<meta property=\"og:locale\" content=\"en_US\" \/>\n<meta property=\"og:type\" content=\"article\" \/>\n<meta property=\"og:title\" content=\"Mult\u00edmetro digital verdadero 37XR-A TRMS - Techmaster de Mexico\" \/>\n<meta property=\"og:description\" content=\"CARACTER\u00cdSTICA      37XR-A          Voltaje DC      1.000 mV, 10,00 V, 100,0 V, 1000 V          Voltaje de corriente alterna      1.000 mV, 10,00 V, 100,0 V, 1000 V          Corriente DC      100,0 \u00b5A, 1.000 \u00b5A, 10,00 mA, 100,0 mA, 400,0 mA, 10,00 A          Corriente alterna      100,0 \u00b5A, 1.000 \u00b5A, 10,00 mA, 100,0 mA, 400,0 mA, 10,00 A          Resistencia      1000,0 O, 10.000 kO, 100,00 kO, 1000,0 kO, 10,00 MO, 40,00 MO          Continuidad      \u2022          Diodo      \u2022          Detecci\u00f3n de voltaje sin contacto VolTect \u2122      -          Capacidad      40,00 nF. 400,0 nF, 4,000 \u00b5F, 40,00 \u00b5F, 400,0 \u00b5F          Frecuencia      100,00 Hz, 1,0000 kHz, 10,000 kHz, 100,00 kHz, 1,0000 MHz, 10,000 MHz          Temperatura      -          Ciclo de trabajo      0,00% \u2192 90,0%          Prueba de l\u00f3gica      \u2022          Inductancia      40 H          dBm      -13 dBm \u2192 + 50 dBm\" \/>\n<meta property=\"og:url\" content=\"https:\/\/techmasterdemexico.com\/producto\/multimetro-digital-verdadero-37xr-a-trms\/\" \/>\n<meta property=\"og:site_name\" content=\"Techmaster de Mexico\" \/>\n<meta property=\"article:modified_time\" content=\"2021-12-28T22:26:51+00:00\" \/>\n<meta property=\"og:image\" content=\"https:\/\/techmasterdemexico.com\/wp-content\/uploads\/2021\/08\/PD_37XR-A-1.jpg\" \/>\n\t<meta property=\"og:image:width\" content=\"500\" \/>\n\t<meta property=\"og:image:height\" content=\"500\" \/>\n\t<meta property=\"og:image:type\" content=\"image\/jpeg\" \/>\n<meta name=\"twitter:card\" content=\"summary_large_image\" \/>\n<meta name=\"twitter:label1\" content=\"Est. reading time\" \/>\n\t<meta name=\"twitter:data1\" content=\"1 minute\" \/>\n<script type=\"application\/ld+json\" class=\"yoast-schema-graph\">{\"@context\":\"https:\\\/\\\/schema.org\",\"@graph\":[{\"@type\":\"WebPage\",\"@id\":\"https:\\\/\\\/techmasterdemexico.com\\\/producto\\\/multimetro-digital-verdadero-37xr-a-trms\\\/\",\"url\":\"https:\\\/\\\/techmasterdemexico.com\\\/producto\\\/multimetro-digital-verdadero-37xr-a-trms\\\/\",\"name\":\"Mult\u00edmetro digital verdadero 37XR-A TRMS - Techmaster de Mexico\",\"isPartOf\":{\"@id\":\"https:\\\/\\\/techmasterdemexico.com\\\/#website\"},\"primaryImageOfPage\":{\"@id\":\"https:\\\/\\\/techmasterdemexico.com\\\/producto\\\/multimetro-digital-verdadero-37xr-a-trms\\\/#primaryimage\"},\"image\":{\"@id\":\"https:\\\/\\\/techmasterdemexico.com\\\/producto\\\/multimetro-digital-verdadero-37xr-a-trms\\\/#primaryimage\"},\"thumbnailUrl\":\"https:\\\/\\\/techmasterdemexico.com\\\/wp-content\\\/uploads\\\/2021\\\/08\\\/PD_37XR-A-1.jpg\",\"datePublished\":\"2021-08-19T18:31:04+00:00\",\"dateModified\":\"2021-12-28T22:26:51+00:00\",\"breadcrumb\":{\"@id\":\"https:\\\/\\\/techmasterdemexico.com\\\/producto\\\/multimetro-digital-verdadero-37xr-a-trms\\\/#breadcrumb\"},\"inLanguage\":\"en-US\",\"potentialAction\":[{\"@type\":\"ReadAction\",\"target\":[\"https:\\\/\\\/techmasterdemexico.com\\\/producto\\\/multimetro-digital-verdadero-37xr-a-trms\\\/\"]}]},{\"@type\":\"ImageObject\",\"inLanguage\":\"en-US\",\"@id\":\"https:\\\/\\\/techmasterdemexico.com\\\/producto\\\/multimetro-digital-verdadero-37xr-a-trms\\\/#primaryimage\",\"url\":\"https:\\\/\\\/techmasterdemexico.com\\\/wp-content\\\/uploads\\\/2021\\\/08\\\/PD_37XR-A-1.jpg\",\"contentUrl\":\"https:\\\/\\\/techmasterdemexico.com\\\/wp-content\\\/uploads\\\/2021\\\/08\\\/PD_37XR-A-1.jpg\",\"width\":500,\"height\":500},{\"@type\":\"BreadcrumbList\",\"@id\":\"https:\\\/\\\/techmasterdemexico.com\\\/producto\\\/multimetro-digital-verdadero-37xr-a-trms\\\/#breadcrumb\",\"itemListElement\":[{\"@type\":\"ListItem\",\"position\":1,\"name\":\"Portada\",\"item\":\"https:\\\/\\\/techmasterdemexico.com\\\/\"},{\"@type\":\"ListItem\",\"position\":2,\"name\":\"Mult\u00edmetro digital verdadero 37XR-A TRMS\"}]},{\"@type\":\"WebSite\",\"@id\":\"https:\\\/\\\/techmasterdemexico.com\\\/#website\",\"url\":\"https:\\\/\\\/techmasterdemexico.com\\\/\",\"name\":\"Techmaster de Mexico\",\"description\":\"\",\"potentialAction\":[{\"@type\":\"SearchAction\",\"target\":{\"@type\":\"EntryPoint\",\"urlTemplate\":\"https:\\\/\\\/techmasterdemexico.com\\\/?s={search_term_string}\"},\"query-input\":{\"@type\":\"PropertyValueSpecification\",\"valueRequired\":true,\"valueName\":\"search_term_string\"}}],\"inLanguage\":\"en-US\"}]}<\/script>\n<!-- \/ Yoast SEO plugin. -->","yoast_head_json":{"title":"Mult\u00edmetro digital verdadero 37XR-A TRMS - Techmaster de Mexico","robots":{"index":"index","follow":"follow","max-snippet":"max-snippet:-1","max-image-preview":"max-image-preview:large","max-video-preview":"max-video-preview:-1"},"canonical":"https:\/\/techmasterdemexico.com\/producto\/multimetro-digital-verdadero-37xr-a-trms\/","og_locale":"en_US","og_type":"article","og_title":"Mult\u00edmetro digital verdadero 37XR-A TRMS - Techmaster de Mexico","og_description":"CARACTER\u00cdSTICA      37XR-A          Voltaje DC      1.000 mV, 10,00 V, 100,0 V, 1000 V          Voltaje de corriente alterna      1.000 mV, 10,00 V, 100,0 V, 1000 V          Corriente DC      100,0 \u00b5A, 1.000 \u00b5A, 10,00 mA, 100,0 mA, 400,0 mA, 10,00 A          Corriente alterna      100,0 \u00b5A, 1.000 \u00b5A, 10,00 mA, 100,0 mA, 400,0 mA, 10,00 A          Resistencia      1000,0 O, 10.000 kO, 100,00 kO, 1000,0 kO, 10,00 MO, 40,00 MO          Continuidad      \u2022          Diodo      \u2022          Detecci\u00f3n de voltaje sin contacto VolTect \u2122      -          Capacidad      40,00 nF. 400,0 nF, 4,000 \u00b5F, 40,00 \u00b5F, 400,0 \u00b5F          Frecuencia      100,00 Hz, 1,0000 kHz, 10,000 kHz, 100,00 kHz, 1,0000 MHz, 10,000 MHz          Temperatura      -          Ciclo de trabajo      0,00% \u2192 90,0%          Prueba de l\u00f3gica      \u2022          Inductancia      40 H          dBm      -13 dBm \u2192 + 50 dBm","og_url":"https:\/\/techmasterdemexico.com\/producto\/multimetro-digital-verdadero-37xr-a-trms\/","og_site_name":"Techmaster de Mexico","article_modified_time":"2021-12-28T22:26:51+00:00","og_image":[{"width":500,"height":500,"url":"https:\/\/techmasterdemexico.com\/wp-content\/uploads\/2021\/08\/PD_37XR-A-1.jpg","type":"image\/jpeg"}],"twitter_card":"summary_large_image","twitter_misc":{"Est. reading time":"1 minute"},"schema":{"@context":"https:\/\/schema.org","@graph":[{"@type":"WebPage","@id":"https:\/\/techmasterdemexico.com\/producto\/multimetro-digital-verdadero-37xr-a-trms\/","url":"https:\/\/techmasterdemexico.com\/producto\/multimetro-digital-verdadero-37xr-a-trms\/","name":"Mult\u00edmetro digital verdadero 37XR-A TRMS - Techmaster de Mexico","isPartOf":{"@id":"https:\/\/techmasterdemexico.com\/#website"},"primaryImageOfPage":{"@id":"https:\/\/techmasterdemexico.com\/producto\/multimetro-digital-verdadero-37xr-a-trms\/#primaryimage"},"image":{"@id":"https:\/\/techmasterdemexico.com\/producto\/multimetro-digital-verdadero-37xr-a-trms\/#primaryimage"},"thumbnailUrl":"https:\/\/techmasterdemexico.com\/wp-content\/uploads\/2021\/08\/PD_37XR-A-1.jpg","datePublished":"2021-08-19T18:31:04+00:00","dateModified":"2021-12-28T22:26:51+00:00","breadcrumb":{"@id":"https:\/\/techmasterdemexico.com\/producto\/multimetro-digital-verdadero-37xr-a-trms\/#breadcrumb"},"inLanguage":"en-US","potentialAction":[{"@type":"ReadAction","target":["https:\/\/techmasterdemexico.com\/producto\/multimetro-digital-verdadero-37xr-a-trms\/"]}]},{"@type":"ImageObject","inLanguage":"en-US","@id":"https:\/\/techmasterdemexico.com\/producto\/multimetro-digital-verdadero-37xr-a-trms\/#primaryimage","url":"https:\/\/techmasterdemexico.com\/wp-content\/uploads\/2021\/08\/PD_37XR-A-1.jpg","contentUrl":"https:\/\/techmasterdemexico.com\/wp-content\/uploads\/2021\/08\/PD_37XR-A-1.jpg","width":500,"height":500},{"@type":"BreadcrumbList","@id":"https:\/\/techmasterdemexico.com\/producto\/multimetro-digital-verdadero-37xr-a-trms\/#breadcrumb","itemListElement":[{"@type":"ListItem","position":1,"name":"Portada","item":"https:\/\/techmasterdemexico.com\/"},{"@type":"ListItem","position":2,"name":"Mult\u00edmetro digital verdadero 37XR-A TRMS"}]},{"@type":"WebSite","@id":"https:\/\/techmasterdemexico.com\/#website","url":"https:\/\/techmasterdemexico.com\/","name":"Techmaster de Mexico","description":"","potentialAction":[{"@type":"SearchAction","target":{"@type":"EntryPoint","urlTemplate":"https:\/\/techmasterdemexico.com\/?s={search_term_string}"},"query-input":{"@type":"PropertyValueSpecification","valueRequired":true,"valueName":"search_term_string"}}],"inLanguage":"en-US"}]}},"brands":[{"id":104,"name":"Amprobe","slug":"amprobe"}],"_links":{"self":[{"href":"https:\/\/techmasterdemexico.com\/en\/wp-json\/wp\/v2\/product\/8259","targetHints":{"allow":["GET"]}}],"collection":[{"href":"https:\/\/techmasterdemexico.com\/en\/wp-json\/wp\/v2\/product"}],"about":[{"href":"https:\/\/techmasterdemexico.com\/en\/wp-json\/wp\/v2\/types\/product"}],"wp:featuredmedia":[{"embeddable":true,"href":"https:\/\/techmasterdemexico.com\/en\/wp-json\/wp\/v2\/media\/8646"}],"wp:attachment":[{"href":"https:\/\/techmasterdemexico.com\/en\/wp-json\/wp\/v2\/media?parent=8259"}],"wp:term":[{"taxonomy":"pwb-brand","embeddable":true,"href":"https:\/\/techmasterdemexico.com\/en\/wp-json\/wp\/v2\/pwb-brand?post=8259"},{"taxonomy":"product_brand","embeddable":true,"href":"https:\/\/techmasterdemexico.com\/en\/wp-json\/wp\/v2\/product_brand?post=8259"},{"taxonomy":"product_cat","embeddable":true,"href":"https:\/\/techmasterdemexico.com\/en\/wp-json\/wp\/v2\/product_cat?post=8259"},{"taxonomy":"product_tag","embeddable":true,"href":"https:\/\/techmasterdemexico.com\/en\/wp-json\/wp\/v2\/product_tag?post=8259"}],"curies":[{"name":"wp","href":"https:\/\/api.w.org\/{rel}","templated":true}]}}