{"id":8254,"date":"2021-08-19T18:31:02","date_gmt":"2021-08-19T18:31:02","guid":{"rendered":"http:\/\/techmastermx.ddns.net\/producto\/multimetro-digital-de-precision-am-140-a-trms-con-conexion-a-pc\/"},"modified":"2021-12-28T22:26:52","modified_gmt":"2021-12-28T22:26:52","slug":"multimetro-digital-de-precision-am-140-a-trms-con-conexion-a-pc","status":"publish","type":"product","link":"https:\/\/techmasterdemexico.com\/en\/producto\/multimetro-digital-de-precision-am-140-a-trms-con-conexion-a-pc\/","title":{"rendered":"Mult\u00edmetro digital de precisi\u00f3n AM-140-A TRMS con conexi\u00f3n a PC"},"content":{"rendered":"<p>Mult\u00edmetro digital de precisi\u00f3n Amprobe AM-140-A TRMS con conexi\u00f3n a PC<\/p>\n<ul>\n<li>Verdadero valor eficaz<\/li>\n<li>Medidas: tensi\u00f3n hasta 1000 V AC \/ DC, resistencia, corriente AC \/ DC, frecuencia, capacitancia, ciclo de trabajo<\/li>\n<li>Capacidad de interfaz de PC aislada \u00f3ptica<\/li>\n<li>Cresta (retenci\u00f3n de pico), m\u00e1ximo, m\u00ednimo, m\u00e1ximo-m\u00ednimo, grabaci\u00f3n<\/li>\n<li>Rango autom\u00e1tico y manual<\/li>\n<li>Apagado autom\u00e1tico inteligente<\/li>\n<li>Retenci\u00f3n de datos<\/li>\n<li>Modo de cero relativo<\/li>\n<li>Advertencia sonora y visual contra plug-in incorrectos<\/li>\n<li>Corriente de bucle CC 4-20 mA<\/li>\n<li>Lectura de dBm con 20 valores de impedancia seleccionables<\/li>\n<li>Pantalla de luz de fondo<\/li>\n<li>Pantalla LCD grande y f\u00e1cil de leer<\/li>\n<li>Gr\u00e1fico de barras anal\u00f3gico de alta velocidad<\/li>\n<li>Prueba de diodos<\/li>\n<li>Corriente de bucle de 4-20 mA CC<\/li>\n<li>Continuidad audible<\/li>\n<\/ul>\n<p>Este mult\u00edmetro digital de calidad comercial TRMS ofrece m\u00e1s funciones y mejor precisi\u00f3n a un precio excelente. True-rms, precisi\u00f3n al 0.02%, frecuencia, capacitancia, ciclo de trabajo, gr\u00e1fico de barras anal\u00f3gicas, interfaz de PC y una gran pantalla retroiluminada son solo algunas de las caracter\u00edsticas que est\u00e1n disponibles en el AM-140-A.<\/p>\n","protected":false},"excerpt":{"rendered":"<table class=\"t1\" cellspacing=\"0\" cellpadding=\"0\">\n<tbody>\n<tr>\n<td class=\"td1\" valign=\"middle\">\n<p class=\"p1\">CARACTER\u00cdSTICA<\/p>\n<\/td>\n<td class=\"td1\" valign=\"middle\">\n<p class=\"p1\">AM-140-A<\/p>\n<\/td>\n<td class=\"td1\" valign=\"middle\">\n<p class=\"p1\">AM-160-A<\/p>\n<\/td>\n<td class=\"td1\" valign=\"middle\">\n<p class=\"p1\">MEJOR PRECISI\u00d3N<\/p>\n<\/td>\n<\/tr>\n<tr>\n<td class=\"td1\" valign=\"middle\">\n<p class=\"p1\">Voltaje de corriente alterna<\/p>\n<\/td>\n<td class=\"td1\" valign=\"middle\">\n<p class=\"p1\">500,00 mV, 5,0000 V, 50,000 V, 500,00 V, 1000,0 V<\/p>\n<\/td>\n<td class=\"td1\" colspan=\"2\" valign=\"middle\">\n<p class=\"p1\">+\/- (0.08% lectura + 60 LSD)<\/p>\n<p class=\"p1\">a 45 Hz <span class=\"s1\">\u2192<\/span> 300 Hz<\/p>\n<\/td>\n<\/tr>\n<tr>\n<td class=\"td1\" valign=\"middle\">\n<p class=\"p1\">Voltaje DC<\/p>\n<\/td>\n<td class=\"td1\" valign=\"middle\">\n<p class=\"p1\">500,00 mV, 5,0000 V, 50,000 V, 500,00 V, 1000,0 V<\/p>\n<\/td>\n<td class=\"td1\" colspan=\"2\" valign=\"middle\">\n<p class=\"p1\">+\/- (0.03% lectura + 2 LSD)<\/p>\n<p class=\"p1\">@ 0 V <span class=\"s1\">\u2192<\/span> 50 V<\/p>\n<\/td>\n<\/tr>\n<tr>\n<td class=\"td1\" valign=\"middle\">\n<p class=\"p1\">Resistencia<\/p>\n<\/td>\n<td class=\"td1\" valign=\"middle\">\n<p class=\"p1\">500,00 O, 5,0000 kO, 50,000 kO, 500,00 kO, 5,0000 MO, 50,000 MO<\/p>\n<\/td>\n<td class=\"td1\" colspan=\"2\" valign=\"middle\">\n<p class=\"p1\">+\/- (0.10% lectura + 6 LSD)<\/p>\n<\/td>\n<\/tr>\n<tr>\n<td class=\"td1\" valign=\"middle\">\n<p class=\"p1\">Corriente AC \/ DC<\/p>\n<\/td>\n<td class=\"td1\" valign=\"middle\">\n<p class=\"p1\">500,00 \u00b5A, 5000,0 \u00b5A; 50.000 mA, 500,00 mA; 5,0000 A, 10.000 A<\/p>\n<\/td>\n<td class=\"td1\" colspan=\"2\" valign=\"middle\">\n<p class=\"p1\">+\/- (1.0% rdg + 40 LSD)<\/p>\n<p class=\"p1\">@ 50 Hz \/ 60 Hz<\/p>\n<\/td>\n<\/tr>\n<tr>\n<td class=\"td1\" valign=\"middle\">\n<p class=\"p1\">Frecuencia<\/p>\n<\/td>\n<td class=\"td1\" valign=\"middle\">\n<p class=\"p1\">5,0000 Hz <span class=\"s1\">\u2192<\/span> 200,000 kHz<\/p>\n<\/td>\n<td class=\"td1\" colspan=\"2\" valign=\"middle\">\n<p class=\"p1\">+\/- (0,002% lectura + 4 LSD)<\/p>\n<\/td>\n<\/tr>\n<tr>\n<td class=\"td1\" valign=\"middle\">\n<p class=\"p1\">Capacidad<\/p>\n<\/td>\n<td class=\"td1\" valign=\"middle\">\n<p class=\"p1\">50,00 nF, 500,0 nF, 5,000 \u00b5F, 50,00 \u00b5F, 500,0 \u00b5F, 9999 \u00b5F<\/p>\n<\/td>\n<td class=\"td1\" colspan=\"2\" valign=\"middle\">\n<p class=\"p1\">+\/- (2.0% rdg + 3 LSD)<\/p>\n<p class=\"p1\">@ 50 nF <span class=\"s1\">\u2192<\/span> rangos de 50 \u00b5F<\/p>\n<\/td>\n<\/tr>\n<tr>\n<td class=\"td1\" valign=\"middle\">\n<p class=\"p1\">Temperatura<\/p>\n<\/td>\n<td class=\"td1\" valign=\"middle\">\n<p class=\"p1\">&#8211;<\/p>\n<\/td>\n<td class=\"td1\" valign=\"middle\">\n<p class=\"p1\">Termopar doble<\/p>\n<p class=\"p1\">-58 \u00b0 F <span class=\"s1\">\u2192<\/span> 1832 \u00b0 F<\/p>\n<p class=\"p1\">(-50 \u00b0 C <span class=\"s1\">\u2192<\/span> 1000 \u00b0 C)<\/p>\n<\/td>\n<td class=\"td1\" valign=\"middle\">\n<p class=\"p1\">+\/- (0.3% lectura + 2 \u00b0 F),<\/p>\n<p class=\"p1\">+\/- (0.3% lectura + 1 \u00b0 C)<\/p>\n<\/td>\n<\/tr>\n<tr>\n<td class=\"td1\" valign=\"middle\">\n<p class=\"p1\">Ciclo de trabajo<\/p>\n<\/td>\n<td class=\"td1\" valign=\"middle\">\n<p class=\"p1\">0,1% <span class=\"s1\">\u2192<\/span> 99,99%<\/p>\n<\/td>\n<td class=\"td1\" valign=\"middle\">\n<p class=\"p1\">&#8211;<\/p>\n<\/td>\n<td class=\"td1\" valign=\"middle\">\n<p class=\"p1\">+\/- (3 LSD \/ kHz + 3 LSD)<\/p>\n<\/td>\n<\/tr>\n<\/tbody>\n<\/table>\n","protected":false},"featured_media":8654,"template":"","meta":{"_acf_changed":false},"pwb-brand":[104],"product_brand":[],"product_cat":[366,101,107,155],"product_tag":[],"class_list":{"0":"post-8254","1":"product","2":"type-product","3":"status-publish","4":"has-post-thumbnail","6":"pwb-brand-amprobe","7":"product_cat-todos-los-productos","8":"product_cat-amprobe","9":"product_cat-multimetros","10":"product_cat-multimetros-de-precision","12":"first","13":"instock","14":"taxable","15":"shipping-taxable","16":"product-type-simple"},"acf":[],"yoast_head":"<!-- This site is optimized with the Yoast SEO plugin v27.4 - https:\/\/yoast.com\/product\/yoast-seo-wordpress\/ -->\n<title>Mult\u00edmetro digital de precisi\u00f3n AM-140-A TRMS con conexi\u00f3n a PC - Techmaster de Mexico<\/title>\n<meta name=\"robots\" content=\"index, follow, max-snippet:-1, max-image-preview:large, max-video-preview:-1\" \/>\n<link rel=\"canonical\" href=\"https:\/\/techmasterdemexico.com\/producto\/multimetro-digital-de-precision-am-140-a-trms-con-conexion-a-pc\/\" \/>\n<meta property=\"og:locale\" content=\"en_US\" \/>\n<meta property=\"og:type\" content=\"article\" \/>\n<meta property=\"og:title\" content=\"Mult\u00edmetro digital de precisi\u00f3n AM-140-A TRMS con conexi\u00f3n a PC - Techmaster de Mexico\" \/>\n<meta property=\"og:description\" content=\"CARACTER\u00cdSTICA      AM-140-A      AM-160-A      MEJOR PRECISI\u00d3N          Voltaje de corriente alterna      500,00 mV, 5,0000 V, 50,000 V, 500,00 V, 1000,0 V      +\/- (0.08% lectura + 60 LSD)  a 45 Hz \u2192 300 Hz          Voltaje DC      500,00 mV, 5,0000 V, 50,000 V, 500,00 V, 1000,0 V      +\/- (0.03% lectura + 2 LSD)  @ 0 V \u2192 50 V          Resistencia      500,00 O, 5,0000 kO, 50,000 kO, 500,00 kO, 5,0000 MO, 50,000 MO      +\/- (0.10% lectura + 6 LSD)          Corriente AC \/ DC      500,00 \u00b5A, 5000,0 \u00b5A; 50.000 mA, 500,00 mA; 5,0000 A, 10.000 A      +\/- (1.0% rdg + 40 LSD)  @ 50 Hz \/ 60 Hz          Frecuencia      5,0000 Hz \u2192 200,000 kHz      +\/- (0,002% lectura + 4 LSD)          Capacidad      50,00 nF, 500,0 nF, 5,000 \u00b5F, 50,00 \u00b5F, 500,0 \u00b5F, 9999 \u00b5F      +\/- (2.0% rdg + 3 LSD)  @ 50 nF \u2192 rangos de 50 \u00b5F          Temperatura      -      Termopar doble  -58 \u00b0 F \u2192 1832 \u00b0 F  (-50 \u00b0 C \u2192 1000 \u00b0 C)      +\/- (0.3% lectura + 2 \u00b0 F),  +\/- (0.3% lectura + 1 \u00b0 C)          Ciclo de trabajo      0,1% \u2192 99,99%      -      +\/- (3 LSD \/ kHz + 3 LSD)\" \/>\n<meta property=\"og:url\" content=\"https:\/\/techmasterdemexico.com\/producto\/multimetro-digital-de-precision-am-140-a-trms-con-conexion-a-pc\/\" \/>\n<meta property=\"og:site_name\" content=\"Techmaster de Mexico\" \/>\n<meta property=\"article:modified_time\" content=\"2021-12-28T22:26:52+00:00\" \/>\n<meta property=\"og:image\" content=\"https:\/\/techmasterdemexico.com\/wp-content\/uploads\/2021\/08\/PD_AM-140-A-1.jpg\" \/>\n\t<meta property=\"og:image:width\" content=\"500\" \/>\n\t<meta property=\"og:image:height\" content=\"500\" \/>\n\t<meta property=\"og:image:type\" content=\"image\/jpeg\" \/>\n<meta name=\"twitter:card\" content=\"summary_large_image\" \/>\n<meta name=\"twitter:label1\" content=\"Est. reading time\" \/>\n\t<meta name=\"twitter:data1\" content=\"1 minute\" \/>\n<script type=\"application\/ld+json\" class=\"yoast-schema-graph\">{\"@context\":\"https:\\\/\\\/schema.org\",\"@graph\":[{\"@type\":\"WebPage\",\"@id\":\"https:\\\/\\\/techmasterdemexico.com\\\/producto\\\/multimetro-digital-de-precision-am-140-a-trms-con-conexion-a-pc\\\/\",\"url\":\"https:\\\/\\\/techmasterdemexico.com\\\/producto\\\/multimetro-digital-de-precision-am-140-a-trms-con-conexion-a-pc\\\/\",\"name\":\"Mult\u00edmetro digital de precisi\u00f3n AM-140-A TRMS con conexi\u00f3n a PC - Techmaster de Mexico\",\"isPartOf\":{\"@id\":\"https:\\\/\\\/techmasterdemexico.com\\\/#website\"},\"primaryImageOfPage\":{\"@id\":\"https:\\\/\\\/techmasterdemexico.com\\\/producto\\\/multimetro-digital-de-precision-am-140-a-trms-con-conexion-a-pc\\\/#primaryimage\"},\"image\":{\"@id\":\"https:\\\/\\\/techmasterdemexico.com\\\/producto\\\/multimetro-digital-de-precision-am-140-a-trms-con-conexion-a-pc\\\/#primaryimage\"},\"thumbnailUrl\":\"https:\\\/\\\/techmasterdemexico.com\\\/wp-content\\\/uploads\\\/2021\\\/08\\\/PD_AM-140-A-1.jpg\",\"datePublished\":\"2021-08-19T18:31:02+00:00\",\"dateModified\":\"2021-12-28T22:26:52+00:00\",\"breadcrumb\":{\"@id\":\"https:\\\/\\\/techmasterdemexico.com\\\/producto\\\/multimetro-digital-de-precision-am-140-a-trms-con-conexion-a-pc\\\/#breadcrumb\"},\"inLanguage\":\"en-US\",\"potentialAction\":[{\"@type\":\"ReadAction\",\"target\":[\"https:\\\/\\\/techmasterdemexico.com\\\/producto\\\/multimetro-digital-de-precision-am-140-a-trms-con-conexion-a-pc\\\/\"]}]},{\"@type\":\"ImageObject\",\"inLanguage\":\"en-US\",\"@id\":\"https:\\\/\\\/techmasterdemexico.com\\\/producto\\\/multimetro-digital-de-precision-am-140-a-trms-con-conexion-a-pc\\\/#primaryimage\",\"url\":\"https:\\\/\\\/techmasterdemexico.com\\\/wp-content\\\/uploads\\\/2021\\\/08\\\/PD_AM-140-A-1.jpg\",\"contentUrl\":\"https:\\\/\\\/techmasterdemexico.com\\\/wp-content\\\/uploads\\\/2021\\\/08\\\/PD_AM-140-A-1.jpg\",\"width\":500,\"height\":500},{\"@type\":\"BreadcrumbList\",\"@id\":\"https:\\\/\\\/techmasterdemexico.com\\\/producto\\\/multimetro-digital-de-precision-am-140-a-trms-con-conexion-a-pc\\\/#breadcrumb\",\"itemListElement\":[{\"@type\":\"ListItem\",\"position\":1,\"name\":\"Portada\",\"item\":\"https:\\\/\\\/techmasterdemexico.com\\\/\"},{\"@type\":\"ListItem\",\"position\":2,\"name\":\"Mult\u00edmetro digital de precisi\u00f3n AM-140-A TRMS con conexi\u00f3n a PC\"}]},{\"@type\":\"WebSite\",\"@id\":\"https:\\\/\\\/techmasterdemexico.com\\\/#website\",\"url\":\"https:\\\/\\\/techmasterdemexico.com\\\/\",\"name\":\"Techmaster de Mexico\",\"description\":\"\",\"potentialAction\":[{\"@type\":\"SearchAction\",\"target\":{\"@type\":\"EntryPoint\",\"urlTemplate\":\"https:\\\/\\\/techmasterdemexico.com\\\/?s={search_term_string}\"},\"query-input\":{\"@type\":\"PropertyValueSpecification\",\"valueRequired\":true,\"valueName\":\"search_term_string\"}}],\"inLanguage\":\"en-US\"}]}<\/script>\n<!-- \/ Yoast SEO plugin. -->","yoast_head_json":{"title":"Mult\u00edmetro digital de precisi\u00f3n AM-140-A TRMS con conexi\u00f3n a PC - Techmaster de Mexico","robots":{"index":"index","follow":"follow","max-snippet":"max-snippet:-1","max-image-preview":"max-image-preview:large","max-video-preview":"max-video-preview:-1"},"canonical":"https:\/\/techmasterdemexico.com\/producto\/multimetro-digital-de-precision-am-140-a-trms-con-conexion-a-pc\/","og_locale":"en_US","og_type":"article","og_title":"Mult\u00edmetro digital de precisi\u00f3n AM-140-A TRMS con conexi\u00f3n a PC - Techmaster de Mexico","og_description":"CARACTER\u00cdSTICA      AM-140-A      AM-160-A      MEJOR PRECISI\u00d3N          Voltaje de corriente alterna      500,00 mV, 5,0000 V, 50,000 V, 500,00 V, 1000,0 V      +\/- (0.08% lectura + 60 LSD)  a 45 Hz \u2192 300 Hz          Voltaje DC      500,00 mV, 5,0000 V, 50,000 V, 500,00 V, 1000,0 V      +\/- (0.03% lectura + 2 LSD)  @ 0 V \u2192 50 V          Resistencia      500,00 O, 5,0000 kO, 50,000 kO, 500,00 kO, 5,0000 MO, 50,000 MO      +\/- (0.10% lectura + 6 LSD)          Corriente AC \/ DC      500,00 \u00b5A, 5000,0 \u00b5A; 50.000 mA, 500,00 mA; 5,0000 A, 10.000 A      +\/- (1.0% rdg + 40 LSD)  @ 50 Hz \/ 60 Hz          Frecuencia      5,0000 Hz \u2192 200,000 kHz      +\/- (0,002% lectura + 4 LSD)          Capacidad      50,00 nF, 500,0 nF, 5,000 \u00b5F, 50,00 \u00b5F, 500,0 \u00b5F, 9999 \u00b5F      +\/- (2.0% rdg + 3 LSD)  @ 50 nF \u2192 rangos de 50 \u00b5F          Temperatura      -      Termopar doble  -58 \u00b0 F \u2192 1832 \u00b0 F  (-50 \u00b0 C \u2192 1000 \u00b0 C)      +\/- (0.3% lectura + 2 \u00b0 F),  +\/- (0.3% lectura + 1 \u00b0 C)          Ciclo de trabajo      0,1% \u2192 99,99%      -      +\/- (3 LSD \/ kHz + 3 LSD)","og_url":"https:\/\/techmasterdemexico.com\/producto\/multimetro-digital-de-precision-am-140-a-trms-con-conexion-a-pc\/","og_site_name":"Techmaster de Mexico","article_modified_time":"2021-12-28T22:26:52+00:00","og_image":[{"width":500,"height":500,"url":"https:\/\/techmasterdemexico.com\/wp-content\/uploads\/2021\/08\/PD_AM-140-A-1.jpg","type":"image\/jpeg"}],"twitter_card":"summary_large_image","twitter_misc":{"Est. reading time":"1 minute"},"schema":{"@context":"https:\/\/schema.org","@graph":[{"@type":"WebPage","@id":"https:\/\/techmasterdemexico.com\/producto\/multimetro-digital-de-precision-am-140-a-trms-con-conexion-a-pc\/","url":"https:\/\/techmasterdemexico.com\/producto\/multimetro-digital-de-precision-am-140-a-trms-con-conexion-a-pc\/","name":"Mult\u00edmetro digital de precisi\u00f3n AM-140-A TRMS con conexi\u00f3n a PC - Techmaster de Mexico","isPartOf":{"@id":"https:\/\/techmasterdemexico.com\/#website"},"primaryImageOfPage":{"@id":"https:\/\/techmasterdemexico.com\/producto\/multimetro-digital-de-precision-am-140-a-trms-con-conexion-a-pc\/#primaryimage"},"image":{"@id":"https:\/\/techmasterdemexico.com\/producto\/multimetro-digital-de-precision-am-140-a-trms-con-conexion-a-pc\/#primaryimage"},"thumbnailUrl":"https:\/\/techmasterdemexico.com\/wp-content\/uploads\/2021\/08\/PD_AM-140-A-1.jpg","datePublished":"2021-08-19T18:31:02+00:00","dateModified":"2021-12-28T22:26:52+00:00","breadcrumb":{"@id":"https:\/\/techmasterdemexico.com\/producto\/multimetro-digital-de-precision-am-140-a-trms-con-conexion-a-pc\/#breadcrumb"},"inLanguage":"en-US","potentialAction":[{"@type":"ReadAction","target":["https:\/\/techmasterdemexico.com\/producto\/multimetro-digital-de-precision-am-140-a-trms-con-conexion-a-pc\/"]}]},{"@type":"ImageObject","inLanguage":"en-US","@id":"https:\/\/techmasterdemexico.com\/producto\/multimetro-digital-de-precision-am-140-a-trms-con-conexion-a-pc\/#primaryimage","url":"https:\/\/techmasterdemexico.com\/wp-content\/uploads\/2021\/08\/PD_AM-140-A-1.jpg","contentUrl":"https:\/\/techmasterdemexico.com\/wp-content\/uploads\/2021\/08\/PD_AM-140-A-1.jpg","width":500,"height":500},{"@type":"BreadcrumbList","@id":"https:\/\/techmasterdemexico.com\/producto\/multimetro-digital-de-precision-am-140-a-trms-con-conexion-a-pc\/#breadcrumb","itemListElement":[{"@type":"ListItem","position":1,"name":"Portada","item":"https:\/\/techmasterdemexico.com\/"},{"@type":"ListItem","position":2,"name":"Mult\u00edmetro digital de precisi\u00f3n AM-140-A TRMS con conexi\u00f3n a PC"}]},{"@type":"WebSite","@id":"https:\/\/techmasterdemexico.com\/#website","url":"https:\/\/techmasterdemexico.com\/","name":"Techmaster de Mexico","description":"","potentialAction":[{"@type":"SearchAction","target":{"@type":"EntryPoint","urlTemplate":"https:\/\/techmasterdemexico.com\/?s={search_term_string}"},"query-input":{"@type":"PropertyValueSpecification","valueRequired":true,"valueName":"search_term_string"}}],"inLanguage":"en-US"}]}},"brands":[{"id":104,"name":"Amprobe","slug":"amprobe"}],"_links":{"self":[{"href":"https:\/\/techmasterdemexico.com\/en\/wp-json\/wp\/v2\/product\/8254","targetHints":{"allow":["GET"]}}],"collection":[{"href":"https:\/\/techmasterdemexico.com\/en\/wp-json\/wp\/v2\/product"}],"about":[{"href":"https:\/\/techmasterdemexico.com\/en\/wp-json\/wp\/v2\/types\/product"}],"wp:featuredmedia":[{"embeddable":true,"href":"https:\/\/techmasterdemexico.com\/en\/wp-json\/wp\/v2\/media\/8654"}],"wp:attachment":[{"href":"https:\/\/techmasterdemexico.com\/en\/wp-json\/wp\/v2\/media?parent=8254"}],"wp:term":[{"taxonomy":"pwb-brand","embeddable":true,"href":"https:\/\/techmasterdemexico.com\/en\/wp-json\/wp\/v2\/pwb-brand?post=8254"},{"taxonomy":"product_brand","embeddable":true,"href":"https:\/\/techmasterdemexico.com\/en\/wp-json\/wp\/v2\/product_brand?post=8254"},{"taxonomy":"product_cat","embeddable":true,"href":"https:\/\/techmasterdemexico.com\/en\/wp-json\/wp\/v2\/product_cat?post=8254"},{"taxonomy":"product_tag","embeddable":true,"href":"https:\/\/techmasterdemexico.com\/en\/wp-json\/wp\/v2\/product_tag?post=8254"}],"curies":[{"name":"wp","href":"https:\/\/api.w.org\/{rel}","templated":true}]}}