{"id":8253,"date":"2021-08-19T18:31:01","date_gmt":"2021-08-19T18:31:01","guid":{"rendered":"http:\/\/techmastermx.ddns.net\/producto\/multimetro-digital-de-bolsillo-con-deteccion-de-voltaje-pm55a\/"},"modified":"2021-12-28T22:26:54","modified_gmt":"2021-12-28T22:26:54","slug":"multimetro-digital-de-bolsillo-con-deteccion-de-voltaje-pm55a","status":"publish","type":"product","link":"https:\/\/techmasterdemexico.com\/en\/producto\/multimetro-digital-de-bolsillo-con-deteccion-de-voltaje-pm55a\/","title":{"rendered":"Multimetro digital de bolsillo con detecci\u00f3n de voltaje PM55A"},"content":{"rendered":"<p>Mult\u00edmetro de bolsillo Amprobe PM55A con detecci\u00f3n de voltaje sin contacto VolTect \u2122<\/p>\n<ul>\n<li>La funci\u00f3n AutoTect \u2122 indica al medidor si est\u00e1 midiendo voltios o resistencias de CA o CC sin interfaz de usuario<\/li>\n<li>La funci\u00f3n AutoTect \u2122 tiene una impedancia de entrada m\u00e1s baja que pone a cero los voltajes fantasmas<\/li>\n<li>Mide corriente AC \/ DC, capacitancia, frecuencia, continuidad con beeper<\/li>\n<li>La funci\u00f3n Voltect \u2122 es un detector de voltaje sin contacto integrado<\/li>\n<li>Fuente de alimentaci\u00f3n Pila de bot\u00f3n est\u00e1ndar de 3 V x 1 (IEC-CR2032; ANSI-NEDA-5004LC)<\/li>\n<li>Apagado autom\u00e1tico<\/li>\n<\/ul>\n<p>El Amprobe PM55A es el mult\u00edmetro de bolsillo definitivo. Solo 3\/8 \u2033 de grosor y menos de 3 oz de peso con funcionalidad completa que ofrece medici\u00f3n de voltaje CA y CC a 600 V, corriente CA y CC a 2000 \u03bcA, resistencia a 6 megaohmios, capacitancia a 2000 \u03bcF, frecuencia a 30 kHz, diodo prueba y continuidad con beeper. Tambi\u00e9n ofrece VolTect \u2122, una funci\u00f3n de detecci\u00f3n de voltaje sin contacto incorporada para voltajes de CA.<\/p>\n<p>Otra caracter\u00edstica clave de este mult\u00edmetro de bolsillo es AutoTect, que selecciona autom\u00e1ticamente entre voltaje CA y CC, o medici\u00f3n de resistencia en funci\u00f3n del punto de prueba al que est\u00e1n conectados los cables. Totalmente de rango autom\u00e1tico, este medidor ofrece nueve funciones de medici\u00f3n diferentes adem\u00e1s de caracter\u00edsticas que generalmente se encuentran en medidores mucho m\u00e1s caros y m\u00e1s grandes.<\/p>\n<p>La pantalla digital est\u00e1 sobredimensionada con d\u00edgitos grandes e \u00edconos de unidades en la pantalla. A pesar de su tama\u00f1o, este mult\u00edmetro de bolsillo tiene una clasificaci\u00f3n de seguridad total de CAT III 300 V, CAT II 600 V y est\u00e1 listado por UL. Ning\u00fan otro medidor tan peque\u00f1o ofrece tal rendimiento y altos \u00edndices de seguridad.<\/p>\n","protected":false},"excerpt":{"rendered":"<table class=\"t1\" cellspacing=\"0\" cellpadding=\"0\">\n<tbody>\n<tr>\n<td class=\"td1\" valign=\"middle\">\n<p class=\"p1\">CARACTER\u00cdSTICA<\/p>\n<\/td>\n<td class=\"td1\" valign=\"middle\">\n<p class=\"p1\">PM51A<\/p>\n<\/td>\n<td class=\"td1\" valign=\"middle\">\n<p class=\"p1\">PM55A<\/p>\n<\/td>\n<\/tr>\n<tr>\n<td class=\"td1\" valign=\"middle\">\n<p class=\"p1\">Voltaje AC \/ DC<\/p>\n<\/td>\n<td class=\"td1\" valign=\"middle\">\n<p class=\"p1\">400,0 mV, 4,000 V, 40,00 V, 400,0 V, 600 V<\/p>\n<\/td>\n<td class=\"td1\" valign=\"middle\">\n<p class=\"p1\">6.000, 60.00, 600.0 V<\/p>\n<\/td>\n<\/tr>\n<tr>\n<td class=\"td1\" valign=\"middle\">\n<p class=\"p1\">Resistencia<\/p>\n<\/td>\n<td class=\"td1\" valign=\"middle\">\n<p class=\"p1\">400.0 O, 4.000 kO, 40.00 kO, 400.0 kO, 4.000 MO, 40.00 MO<\/p>\n<\/td>\n<td class=\"td1\" valign=\"middle\">\n<p class=\"p1\">600.0 O, 6.000 kO, 60.00 kO, 600.0 kO, 6.000 MO<\/p>\n<\/td>\n<\/tr>\n<tr>\n<td class=\"td1\" valign=\"middle\">\n<p class=\"p1\">Corriente AC \/ DC<\/p>\n<\/td>\n<td class=\"td1\" valign=\"middle\">\n<p class=\"p1\">&#8211;<\/p>\n<\/td>\n<td class=\"td1\" valign=\"middle\">\n<p class=\"p1\">400,0 \u00b5A, 2000 \u00b5A<\/p>\n<\/td>\n<\/tr>\n<tr>\n<td class=\"td1\" valign=\"middle\">\n<p class=\"p1\">Frecuencia<\/p>\n<\/td>\n<td class=\"td1\" valign=\"middle\">\n<p class=\"p1\">400 Hz, 4 kHz, 40 kHz, 400 kHz y 1 MHz<\/p>\n<\/td>\n<td class=\"td1\" valign=\"middle\">\n<p class=\"p1\">10,00 Hz <span class=\"s1\">\u2192<\/span> 30,00 kHz<\/p>\n<\/td>\n<\/tr>\n<tr>\n<td class=\"td1\" valign=\"middle\">\n<p class=\"p1\">Capacidad<\/p>\n<\/td>\n<td class=\"td1\" valign=\"middle\">\n<p class=\"p1\">500,0 nF, 5,000 \u00b5F, 50,00 \u00b5F, 500,0 \u00b5F, 3000 \u00b5F<\/p>\n<\/td>\n<td class=\"td1\" valign=\"middle\">\n<p class=\"p1\">100,0 nF, 1000 nF, 10,00 \u00b5F, 100,0 \u00b5F, 2000 \u00b5F<\/p>\n<\/td>\n<\/tr>\n<tr>\n<td class=\"td1\" valign=\"middle\">\n<p class=\"p1\">Detecci\u00f3n de voltaje sin contacto VolTect \u2122<\/p>\n<\/td>\n<td class=\"td1\" valign=\"middle\">\n<p class=\"p1\">&#8211;<\/p>\n<\/td>\n<td class=\"td1\" valign=\"middle\">\n<p class=\"p1\">\u2022<\/p>\n<\/td>\n<\/tr>\n<\/tbody>\n<\/table>\n","protected":false},"featured_media":8666,"template":"","meta":{"_acf_changed":false},"pwb-brand":[104],"product_brand":[],"product_cat":[366,101,107,154],"product_tag":[],"class_list":{"0":"post-8253","1":"product","2":"type-product","3":"status-publish","4":"has-post-thumbnail","6":"pwb-brand-amprobe","7":"product_cat-todos-los-productos","8":"product_cat-amprobe","9":"product_cat-multimetros","10":"product_cat-multimetros-compactos","12":"first","13":"instock","14":"taxable","15":"shipping-taxable","16":"product-type-simple"},"acf":[],"yoast_head":"<!-- This site is optimized with the Yoast SEO plugin v27.4 - https:\/\/yoast.com\/product\/yoast-seo-wordpress\/ -->\n<title>Multimetro digital de bolsillo con detecci\u00f3n de voltaje PM55A - Techmaster de Mexico<\/title>\n<meta name=\"robots\" content=\"index, follow, max-snippet:-1, max-image-preview:large, max-video-preview:-1\" \/>\n<link rel=\"canonical\" href=\"https:\/\/techmasterdemexico.com\/producto\/multimetro-digital-de-bolsillo-con-deteccion-de-voltaje-pm55a\/\" \/>\n<meta property=\"og:locale\" content=\"en_US\" \/>\n<meta property=\"og:type\" content=\"article\" \/>\n<meta property=\"og:title\" content=\"Multimetro digital de bolsillo con detecci\u00f3n de voltaje PM55A - Techmaster de Mexico\" \/>\n<meta property=\"og:description\" content=\"CARACTER\u00cdSTICA      PM51A      PM55A          Voltaje AC \/ DC      400,0 mV, 4,000 V, 40,00 V, 400,0 V, 600 V      6.000, 60.00, 600.0 V          Resistencia      400.0 O, 4.000 kO, 40.00 kO, 400.0 kO, 4.000 MO, 40.00 MO      600.0 O, 6.000 kO, 60.00 kO, 600.0 kO, 6.000 MO          Corriente AC \/ DC      -      400,0 \u00b5A, 2000 \u00b5A          Frecuencia      400 Hz, 4 kHz, 40 kHz, 400 kHz y 1 MHz      10,00 Hz \u2192 30,00 kHz          Capacidad      500,0 nF, 5,000 \u00b5F, 50,00 \u00b5F, 500,0 \u00b5F, 3000 \u00b5F      100,0 nF, 1000 nF, 10,00 \u00b5F, 100,0 \u00b5F, 2000 \u00b5F          Detecci\u00f3n de voltaje sin contacto VolTect \u2122      -      \u2022\" \/>\n<meta property=\"og:url\" content=\"https:\/\/techmasterdemexico.com\/producto\/multimetro-digital-de-bolsillo-con-deteccion-de-voltaje-pm55a\/\" \/>\n<meta property=\"og:site_name\" content=\"Techmaster de Mexico\" \/>\n<meta property=\"article:modified_time\" content=\"2021-12-28T22:26:54+00:00\" \/>\n<meta property=\"og:image\" content=\"https:\/\/techmasterdemexico.com\/wp-content\/uploads\/2021\/08\/PD_PM55A-1-1.jpg\" \/>\n\t<meta property=\"og:image:width\" content=\"500\" \/>\n\t<meta property=\"og:image:height\" content=\"500\" \/>\n\t<meta property=\"og:image:type\" content=\"image\/jpeg\" \/>\n<meta name=\"twitter:card\" content=\"summary_large_image\" \/>\n<meta name=\"twitter:label1\" content=\"Est. reading time\" \/>\n\t<meta name=\"twitter:data1\" content=\"2 minutes\" \/>\n<script type=\"application\/ld+json\" class=\"yoast-schema-graph\">{\"@context\":\"https:\\\/\\\/schema.org\",\"@graph\":[{\"@type\":\"WebPage\",\"@id\":\"https:\\\/\\\/techmasterdemexico.com\\\/producto\\\/multimetro-digital-de-bolsillo-con-deteccion-de-voltaje-pm55a\\\/\",\"url\":\"https:\\\/\\\/techmasterdemexico.com\\\/producto\\\/multimetro-digital-de-bolsillo-con-deteccion-de-voltaje-pm55a\\\/\",\"name\":\"Multimetro digital de bolsillo con detecci\u00f3n de voltaje PM55A - Techmaster de Mexico\",\"isPartOf\":{\"@id\":\"https:\\\/\\\/techmasterdemexico.com\\\/#website\"},\"primaryImageOfPage\":{\"@id\":\"https:\\\/\\\/techmasterdemexico.com\\\/producto\\\/multimetro-digital-de-bolsillo-con-deteccion-de-voltaje-pm55a\\\/#primaryimage\"},\"image\":{\"@id\":\"https:\\\/\\\/techmasterdemexico.com\\\/producto\\\/multimetro-digital-de-bolsillo-con-deteccion-de-voltaje-pm55a\\\/#primaryimage\"},\"thumbnailUrl\":\"https:\\\/\\\/techmasterdemexico.com\\\/wp-content\\\/uploads\\\/2021\\\/08\\\/PD_PM55A-1-1.jpg\",\"datePublished\":\"2021-08-19T18:31:01+00:00\",\"dateModified\":\"2021-12-28T22:26:54+00:00\",\"breadcrumb\":{\"@id\":\"https:\\\/\\\/techmasterdemexico.com\\\/producto\\\/multimetro-digital-de-bolsillo-con-deteccion-de-voltaje-pm55a\\\/#breadcrumb\"},\"inLanguage\":\"en-US\",\"potentialAction\":[{\"@type\":\"ReadAction\",\"target\":[\"https:\\\/\\\/techmasterdemexico.com\\\/producto\\\/multimetro-digital-de-bolsillo-con-deteccion-de-voltaje-pm55a\\\/\"]}]},{\"@type\":\"ImageObject\",\"inLanguage\":\"en-US\",\"@id\":\"https:\\\/\\\/techmasterdemexico.com\\\/producto\\\/multimetro-digital-de-bolsillo-con-deteccion-de-voltaje-pm55a\\\/#primaryimage\",\"url\":\"https:\\\/\\\/techmasterdemexico.com\\\/wp-content\\\/uploads\\\/2021\\\/08\\\/PD_PM55A-1-1.jpg\",\"contentUrl\":\"https:\\\/\\\/techmasterdemexico.com\\\/wp-content\\\/uploads\\\/2021\\\/08\\\/PD_PM55A-1-1.jpg\",\"width\":500,\"height\":500},{\"@type\":\"BreadcrumbList\",\"@id\":\"https:\\\/\\\/techmasterdemexico.com\\\/producto\\\/multimetro-digital-de-bolsillo-con-deteccion-de-voltaje-pm55a\\\/#breadcrumb\",\"itemListElement\":[{\"@type\":\"ListItem\",\"position\":1,\"name\":\"Portada\",\"item\":\"https:\\\/\\\/techmasterdemexico.com\\\/\"},{\"@type\":\"ListItem\",\"position\":2,\"name\":\"Multimetro digital de bolsillo con detecci\u00f3n de voltaje PM55A\"}]},{\"@type\":\"WebSite\",\"@id\":\"https:\\\/\\\/techmasterdemexico.com\\\/#website\",\"url\":\"https:\\\/\\\/techmasterdemexico.com\\\/\",\"name\":\"Techmaster de Mexico\",\"description\":\"\",\"potentialAction\":[{\"@type\":\"SearchAction\",\"target\":{\"@type\":\"EntryPoint\",\"urlTemplate\":\"https:\\\/\\\/techmasterdemexico.com\\\/?s={search_term_string}\"},\"query-input\":{\"@type\":\"PropertyValueSpecification\",\"valueRequired\":true,\"valueName\":\"search_term_string\"}}],\"inLanguage\":\"en-US\"}]}<\/script>\n<!-- \/ Yoast SEO plugin. -->","yoast_head_json":{"title":"Multimetro digital de bolsillo con detecci\u00f3n de voltaje PM55A - Techmaster de Mexico","robots":{"index":"index","follow":"follow","max-snippet":"max-snippet:-1","max-image-preview":"max-image-preview:large","max-video-preview":"max-video-preview:-1"},"canonical":"https:\/\/techmasterdemexico.com\/producto\/multimetro-digital-de-bolsillo-con-deteccion-de-voltaje-pm55a\/","og_locale":"en_US","og_type":"article","og_title":"Multimetro digital de bolsillo con detecci\u00f3n de voltaje PM55A - Techmaster de Mexico","og_description":"CARACTER\u00cdSTICA      PM51A      PM55A          Voltaje AC \/ DC      400,0 mV, 4,000 V, 40,00 V, 400,0 V, 600 V      6.000, 60.00, 600.0 V          Resistencia      400.0 O, 4.000 kO, 40.00 kO, 400.0 kO, 4.000 MO, 40.00 MO      600.0 O, 6.000 kO, 60.00 kO, 600.0 kO, 6.000 MO          Corriente AC \/ DC      -      400,0 \u00b5A, 2000 \u00b5A          Frecuencia      400 Hz, 4 kHz, 40 kHz, 400 kHz y 1 MHz      10,00 Hz \u2192 30,00 kHz          Capacidad      500,0 nF, 5,000 \u00b5F, 50,00 \u00b5F, 500,0 \u00b5F, 3000 \u00b5F      100,0 nF, 1000 nF, 10,00 \u00b5F, 100,0 \u00b5F, 2000 \u00b5F          Detecci\u00f3n de voltaje sin contacto VolTect \u2122      -      \u2022","og_url":"https:\/\/techmasterdemexico.com\/producto\/multimetro-digital-de-bolsillo-con-deteccion-de-voltaje-pm55a\/","og_site_name":"Techmaster de Mexico","article_modified_time":"2021-12-28T22:26:54+00:00","og_image":[{"width":500,"height":500,"url":"https:\/\/techmasterdemexico.com\/wp-content\/uploads\/2021\/08\/PD_PM55A-1-1.jpg","type":"image\/jpeg"}],"twitter_card":"summary_large_image","twitter_misc":{"Est. reading time":"2 minutes"},"schema":{"@context":"https:\/\/schema.org","@graph":[{"@type":"WebPage","@id":"https:\/\/techmasterdemexico.com\/producto\/multimetro-digital-de-bolsillo-con-deteccion-de-voltaje-pm55a\/","url":"https:\/\/techmasterdemexico.com\/producto\/multimetro-digital-de-bolsillo-con-deteccion-de-voltaje-pm55a\/","name":"Multimetro digital de bolsillo con detecci\u00f3n de voltaje PM55A - Techmaster de Mexico","isPartOf":{"@id":"https:\/\/techmasterdemexico.com\/#website"},"primaryImageOfPage":{"@id":"https:\/\/techmasterdemexico.com\/producto\/multimetro-digital-de-bolsillo-con-deteccion-de-voltaje-pm55a\/#primaryimage"},"image":{"@id":"https:\/\/techmasterdemexico.com\/producto\/multimetro-digital-de-bolsillo-con-deteccion-de-voltaje-pm55a\/#primaryimage"},"thumbnailUrl":"https:\/\/techmasterdemexico.com\/wp-content\/uploads\/2021\/08\/PD_PM55A-1-1.jpg","datePublished":"2021-08-19T18:31:01+00:00","dateModified":"2021-12-28T22:26:54+00:00","breadcrumb":{"@id":"https:\/\/techmasterdemexico.com\/producto\/multimetro-digital-de-bolsillo-con-deteccion-de-voltaje-pm55a\/#breadcrumb"},"inLanguage":"en-US","potentialAction":[{"@type":"ReadAction","target":["https:\/\/techmasterdemexico.com\/producto\/multimetro-digital-de-bolsillo-con-deteccion-de-voltaje-pm55a\/"]}]},{"@type":"ImageObject","inLanguage":"en-US","@id":"https:\/\/techmasterdemexico.com\/producto\/multimetro-digital-de-bolsillo-con-deteccion-de-voltaje-pm55a\/#primaryimage","url":"https:\/\/techmasterdemexico.com\/wp-content\/uploads\/2021\/08\/PD_PM55A-1-1.jpg","contentUrl":"https:\/\/techmasterdemexico.com\/wp-content\/uploads\/2021\/08\/PD_PM55A-1-1.jpg","width":500,"height":500},{"@type":"BreadcrumbList","@id":"https:\/\/techmasterdemexico.com\/producto\/multimetro-digital-de-bolsillo-con-deteccion-de-voltaje-pm55a\/#breadcrumb","itemListElement":[{"@type":"ListItem","position":1,"name":"Portada","item":"https:\/\/techmasterdemexico.com\/"},{"@type":"ListItem","position":2,"name":"Multimetro digital de bolsillo con detecci\u00f3n de voltaje PM55A"}]},{"@type":"WebSite","@id":"https:\/\/techmasterdemexico.com\/#website","url":"https:\/\/techmasterdemexico.com\/","name":"Techmaster de Mexico","description":"","potentialAction":[{"@type":"SearchAction","target":{"@type":"EntryPoint","urlTemplate":"https:\/\/techmasterdemexico.com\/?s={search_term_string}"},"query-input":{"@type":"PropertyValueSpecification","valueRequired":true,"valueName":"search_term_string"}}],"inLanguage":"en-US"}]}},"brands":[{"id":104,"name":"Amprobe","slug":"amprobe"}],"_links":{"self":[{"href":"https:\/\/techmasterdemexico.com\/en\/wp-json\/wp\/v2\/product\/8253","targetHints":{"allow":["GET"]}}],"collection":[{"href":"https:\/\/techmasterdemexico.com\/en\/wp-json\/wp\/v2\/product"}],"about":[{"href":"https:\/\/techmasterdemexico.com\/en\/wp-json\/wp\/v2\/types\/product"}],"wp:featuredmedia":[{"embeddable":true,"href":"https:\/\/techmasterdemexico.com\/en\/wp-json\/wp\/v2\/media\/8666"}],"wp:attachment":[{"href":"https:\/\/techmasterdemexico.com\/en\/wp-json\/wp\/v2\/media?parent=8253"}],"wp:term":[{"taxonomy":"pwb-brand","embeddable":true,"href":"https:\/\/techmasterdemexico.com\/en\/wp-json\/wp\/v2\/pwb-brand?post=8253"},{"taxonomy":"product_brand","embeddable":true,"href":"https:\/\/techmasterdemexico.com\/en\/wp-json\/wp\/v2\/product_brand?post=8253"},{"taxonomy":"product_cat","embeddable":true,"href":"https:\/\/techmasterdemexico.com\/en\/wp-json\/wp\/v2\/product_cat?post=8253"},{"taxonomy":"product_tag","embeddable":true,"href":"https:\/\/techmasterdemexico.com\/en\/wp-json\/wp\/v2\/product_tag?post=8253"}],"curies":[{"name":"wp","href":"https:\/\/api.w.org\/{rel}","templated":true}]}}