{"id":8250,"date":"2021-08-19T18:30:59","date_gmt":"2021-08-19T18:30:59","guid":{"rendered":"http:\/\/techmastermx.ddns.net\/producto\/multimetro-digital-residencial-amprobe-am-420\/"},"modified":"2021-12-28T22:26:55","modified_gmt":"2021-12-28T22:26:55","slug":"multimetro-digital-residencial-amprobe-am-420","status":"publish","type":"product","link":"https:\/\/techmasterdemexico.com\/en\/producto\/multimetro-digital-residencial-amprobe-am-420\/","title":{"rendered":"Mult\u00edmetro digital residencial Amprobe AM-420"},"content":{"rendered":"<p>Mult\u00edmetro digital residencial Amprobe AM-420<\/p>\n<ul>\n<li>Cables de prueba instalados<\/li>\n<li>Mide voltaje CA \/ CC<\/li>\n<li>Mide la corriente DC<\/li>\n<li>Mide la resistencia<\/li>\n<li>Alerta de continuidad audible<\/li>\n<li>Clasificado para CAT II 250 V<\/li>\n<li>Prueba de diodos<\/li>\n<\/ul>\n<p>Dise\u00f1ado para aplicaciones de prueba el\u00e9ctrica y reparaci\u00f3n de viviendas, el mult\u00edmetro digital AM-420 mide con precisi\u00f3n el voltaje en recept\u00e1culos, interruptores, cables de extensi\u00f3n y artefactos de iluminaci\u00f3n. Utilice la funci\u00f3n de continuidad para solucionar f\u00e1cilmente los problemas de las bombillas y los fusibles. Esta herramienta compacta est\u00e1 dise\u00f1ada para aplicaciones de prueba el\u00e9ctrica y reparaci\u00f3n en el hogar, incluida la medici\u00f3n de la presencia de voltaje en enchufes el\u00e9ctricos, cables de extensi\u00f3n, bater\u00edas y otros circuitos el\u00e9ctricos de hasta 250 V. Es una herramienta imprescindible para proyectos residenciales, incluida la instalaci\u00f3n y la resoluci\u00f3n de problemas. o reparaci\u00f3n de artefactos de iluminaci\u00f3n, ventiladores o electrodom\u00e9sticos. Se incluyen rangos de voltaje y corriente de CC para ayudar con el diagn\u00f3stico automotriz de sistemas el\u00e9ctricos. La funci\u00f3n de prueba de bater\u00eda verifica la cantidad de carga restante en las bater\u00edas est\u00e1ndar de 1,5 V y 9 V.<\/p>\n","protected":false},"excerpt":{"rendered":"<table class=\"t1\" cellspacing=\"0\" cellpadding=\"0\">\n<tbody>\n<tr>\n<td class=\"td1\" valign=\"middle\">\n<p class=\"p1\">Caracter\u00edstica<\/p>\n<\/td>\n<td class=\"td1\" valign=\"middle\">\n<p class=\"p1\">AM-420<\/p>\n<\/td>\n<td class=\"td1\" valign=\"middle\">\n<p class=\"p1\">Mejor precisi\u00f3n<\/p>\n<\/td>\n<\/tr>\n<tr>\n<td class=\"td1\" valign=\"middle\">\n<p class=\"p1\">Voltaje de corriente alterna<\/p>\n<\/td>\n<td class=\"td1\" valign=\"middle\">\n<p class=\"p1\">Voltaje de corriente alterna<\/p>\n<\/td>\n<td class=\"td1\" valign=\"middle\">\n<p class=\"p1\">+\/- (1,5% lectura + 4 LSD)<\/p>\n<p class=\"p1\">a 45 Hz a 400 Hz, 2 V a 200 V<\/p>\n<\/td>\n<\/tr>\n<tr>\n<td class=\"td1\" valign=\"middle\">\n<p class=\"p1\">Voltaje DC<\/p>\n<\/td>\n<td class=\"td1\" valign=\"middle\">\n<p class=\"p1\">200 mV<\/p>\n<p class=\"p1\">2.000 \/ 20.00 \/ 200.0 \/ 250 V<\/p>\n<\/td>\n<td class=\"td1\" valign=\"middle\">\n<p class=\"p1\">+\/- (1.2% lectura + 2 LSD)<\/p>\n<p class=\"p1\">@ 200 mV a 200 V<\/p>\n<\/td>\n<\/tr>\n<tr>\n<td class=\"td1\" valign=\"middle\">\n<p class=\"p1\">Corriente DC<\/p>\n<\/td>\n<td class=\"td1\" valign=\"middle\">\n<p class=\"p1\">200,0 \u00b5A<\/p>\n<p class=\"p1\">2.000 \/ 20,00 \/ 200,0 mA<\/p>\n<\/td>\n<td class=\"td1\" valign=\"middle\">\n<p class=\"p1\">+\/- (1.2% rdg + 5 LSD)<\/p>\n<p class=\"p1\">@ 200 \u00b5A a 20 mA<\/p>\n<\/td>\n<\/tr>\n<tr>\n<td class=\"td1\" valign=\"middle\">\n<p class=\"p1\">Resistencia<\/p>\n<\/td>\n<td class=\"td1\" valign=\"middle\">\n<p class=\"p1\">200.0 \u03a9<\/p>\n<p class=\"p1\">2.000 \/ 20.00 \/ 200.0 k\u03a9<\/p>\n<\/td>\n<td class=\"td1\" valign=\"middle\">\n<p class=\"p1\">+\/- (1,5% lectura + 5 LSD)<\/p>\n<p class=\"p1\">@ 200 \u03a9 a 200 k\u03a9<\/p>\n<\/td>\n<\/tr>\n<tr>\n<td class=\"td1\" valign=\"middle\">\n<p class=\"p1\">Continuidad<\/p>\n<\/td>\n<td class=\"td1\" valign=\"middle\">\n<p class=\"p1\">\u2022<\/p>\n<\/td>\n<td class=\"td1\" valign=\"middle\"><\/td>\n<\/tr>\n<tr>\n<td class=\"td1\" valign=\"middle\">\n<p class=\"p1\">Prueba de diodos<\/p>\n<\/td>\n<td class=\"td1\" valign=\"middle\">\n<p class=\"p1\">\u2022<\/p>\n<\/td>\n<td class=\"td1\" valign=\"middle\"><\/td>\n<\/tr>\n<tr>\n<td class=\"td1\" valign=\"middle\">\n<p class=\"p1\">Prueba de bater\u00eda<\/p>\n<\/td>\n<td class=\"td1\" valign=\"middle\">\n<p class=\"p1\">1,5 V, 9 V<\/p>\n<\/td>\n<td class=\"td1\" valign=\"middle\">\n<p class=\"p1\">+\/- (5.0% lectura + 1 LSD)<\/p>\n<\/td>\n<\/tr>\n<tr>\n<td class=\"td1\" valign=\"middle\">\n<p class=\"p1\">Retenci\u00f3n de datos<\/p>\n<\/td>\n<td class=\"td1\" valign=\"middle\">\n<p class=\"p1\">\u2022<\/p>\n<\/td>\n<td class=\"td1\" valign=\"middle\">\n<p class=\"p2\">\n<\/td>\n<\/tr>\n<\/tbody>\n<\/table>\n","protected":false},"featured_media":8670,"template":"","meta":{"_acf_changed":false},"pwb-brand":[104],"product_brand":[],"product_cat":[366,101,107,154],"product_tag":[],"class_list":{"0":"post-8250","1":"product","2":"type-product","3":"status-publish","4":"has-post-thumbnail","6":"pwb-brand-amprobe","7":"product_cat-todos-los-productos","8":"product_cat-amprobe","9":"product_cat-multimetros","10":"product_cat-multimetros-compactos","12":"first","13":"instock","14":"taxable","15":"shipping-taxable","16":"product-type-simple"},"acf":[],"yoast_head":"<!-- This site is optimized with the Yoast SEO plugin v27.4 - https:\/\/yoast.com\/product\/yoast-seo-wordpress\/ -->\n<title>Mult\u00edmetro digital residencial Amprobe AM-420 - Techmaster de Mexico<\/title>\n<meta name=\"robots\" content=\"index, follow, max-snippet:-1, max-image-preview:large, max-video-preview:-1\" \/>\n<link rel=\"canonical\" href=\"https:\/\/techmasterdemexico.com\/en\/producto\/multimetro-digital-residencial-amprobe-am-420\/\" \/>\n<meta property=\"og:locale\" content=\"en_US\" \/>\n<meta property=\"og:type\" content=\"article\" \/>\n<meta property=\"og:title\" content=\"Mult\u00edmetro digital residencial Amprobe AM-420 - Techmaster de Mexico\" \/>\n<meta property=\"og:description\" content=\"Caracter\u00edstica      AM-420      Mejor precisi\u00f3n          Voltaje de corriente alterna      Voltaje de corriente alterna      +\/- (1,5% lectura + 4 LSD)  a 45 Hz a 400 Hz, 2 V a 200 V          Voltaje DC      200 mV  2.000 \/ 20.00 \/ 200.0 \/ 250 V      +\/- (1.2% lectura + 2 LSD)  @ 200 mV a 200 V          Corriente DC      200,0 \u00b5A  2.000 \/ 20,00 \/ 200,0 mA      +\/- (1.2% rdg + 5 LSD)  @ 200 \u00b5A a 20 mA          Resistencia      200.0 \u03a9  2.000 \/ 20.00 \/ 200.0 k\u03a9      +\/- (1,5% lectura + 5 LSD)  @ 200 \u03a9 a 200 k\u03a9          Continuidad      \u2022            Prueba de diodos      \u2022            Prueba de bater\u00eda      1,5 V, 9 V      +\/- (5.0% lectura + 1 LSD)          Retenci\u00f3n de datos      \u2022\" \/>\n<meta property=\"og:url\" content=\"https:\/\/techmasterdemexico.com\/en\/producto\/multimetro-digital-residencial-amprobe-am-420\/\" \/>\n<meta property=\"og:site_name\" content=\"Techmaster de Mexico\" \/>\n<meta property=\"article:modified_time\" content=\"2021-12-28T22:26:55+00:00\" \/>\n<meta property=\"og:image\" content=\"https:\/\/techmasterdemexico.com\/wp-content\/uploads\/2021\/08\/PD_AM-420-1.jpg\" \/>\n\t<meta property=\"og:image:width\" content=\"500\" \/>\n\t<meta property=\"og:image:height\" content=\"500\" \/>\n\t<meta property=\"og:image:type\" content=\"image\/jpeg\" \/>\n<meta name=\"twitter:card\" content=\"summary_large_image\" \/>\n<meta name=\"twitter:label1\" content=\"Est. reading time\" \/>\n\t<meta name=\"twitter:data1\" content=\"1 minute\" \/>\n<script type=\"application\/ld+json\" class=\"yoast-schema-graph\">{\"@context\":\"https:\\\/\\\/schema.org\",\"@graph\":[{\"@type\":\"WebPage\",\"@id\":\"https:\\\/\\\/techmasterdemexico.com\\\/en\\\/producto\\\/multimetro-digital-residencial-amprobe-am-420\\\/\",\"url\":\"https:\\\/\\\/techmasterdemexico.com\\\/en\\\/producto\\\/multimetro-digital-residencial-amprobe-am-420\\\/\",\"name\":\"Mult\u00edmetro digital residencial Amprobe AM-420 - Techmaster de Mexico\",\"isPartOf\":{\"@id\":\"https:\\\/\\\/techmasterdemexico.com\\\/#website\"},\"primaryImageOfPage\":{\"@id\":\"https:\\\/\\\/techmasterdemexico.com\\\/en\\\/producto\\\/multimetro-digital-residencial-amprobe-am-420\\\/#primaryimage\"},\"image\":{\"@id\":\"https:\\\/\\\/techmasterdemexico.com\\\/en\\\/producto\\\/multimetro-digital-residencial-amprobe-am-420\\\/#primaryimage\"},\"thumbnailUrl\":\"https:\\\/\\\/techmasterdemexico.com\\\/wp-content\\\/uploads\\\/2021\\\/08\\\/PD_AM-420-1.jpg\",\"datePublished\":\"2021-08-19T18:30:59+00:00\",\"dateModified\":\"2021-12-28T22:26:55+00:00\",\"breadcrumb\":{\"@id\":\"https:\\\/\\\/techmasterdemexico.com\\\/en\\\/producto\\\/multimetro-digital-residencial-amprobe-am-420\\\/#breadcrumb\"},\"inLanguage\":\"en-US\",\"potentialAction\":[{\"@type\":\"ReadAction\",\"target\":[\"https:\\\/\\\/techmasterdemexico.com\\\/en\\\/producto\\\/multimetro-digital-residencial-amprobe-am-420\\\/\"]}]},{\"@type\":\"ImageObject\",\"inLanguage\":\"en-US\",\"@id\":\"https:\\\/\\\/techmasterdemexico.com\\\/en\\\/producto\\\/multimetro-digital-residencial-amprobe-am-420\\\/#primaryimage\",\"url\":\"https:\\\/\\\/techmasterdemexico.com\\\/wp-content\\\/uploads\\\/2021\\\/08\\\/PD_AM-420-1.jpg\",\"contentUrl\":\"https:\\\/\\\/techmasterdemexico.com\\\/wp-content\\\/uploads\\\/2021\\\/08\\\/PD_AM-420-1.jpg\",\"width\":500,\"height\":500},{\"@type\":\"BreadcrumbList\",\"@id\":\"https:\\\/\\\/techmasterdemexico.com\\\/en\\\/producto\\\/multimetro-digital-residencial-amprobe-am-420\\\/#breadcrumb\",\"itemListElement\":[{\"@type\":\"ListItem\",\"position\":1,\"name\":\"Portada\",\"item\":\"https:\\\/\\\/techmasterdemexico.com\\\/\"},{\"@type\":\"ListItem\",\"position\":2,\"name\":\"Mult\u00edmetro digital residencial Amprobe AM-420\"}]},{\"@type\":\"WebSite\",\"@id\":\"https:\\\/\\\/techmasterdemexico.com\\\/#website\",\"url\":\"https:\\\/\\\/techmasterdemexico.com\\\/\",\"name\":\"Techmaster de Mexico\",\"description\":\"\",\"potentialAction\":[{\"@type\":\"SearchAction\",\"target\":{\"@type\":\"EntryPoint\",\"urlTemplate\":\"https:\\\/\\\/techmasterdemexico.com\\\/?s={search_term_string}\"},\"query-input\":{\"@type\":\"PropertyValueSpecification\",\"valueRequired\":true,\"valueName\":\"search_term_string\"}}],\"inLanguage\":\"en-US\"}]}<\/script>\n<!-- \/ Yoast SEO plugin. -->","yoast_head_json":{"title":"Mult\u00edmetro digital residencial Amprobe AM-420 - Techmaster de Mexico","robots":{"index":"index","follow":"follow","max-snippet":"max-snippet:-1","max-image-preview":"max-image-preview:large","max-video-preview":"max-video-preview:-1"},"canonical":"https:\/\/techmasterdemexico.com\/en\/producto\/multimetro-digital-residencial-amprobe-am-420\/","og_locale":"en_US","og_type":"article","og_title":"Mult\u00edmetro digital residencial Amprobe AM-420 - Techmaster de Mexico","og_description":"Caracter\u00edstica      AM-420      Mejor precisi\u00f3n          Voltaje de corriente alterna      Voltaje de corriente alterna      +\/- (1,5% lectura + 4 LSD)  a 45 Hz a 400 Hz, 2 V a 200 V          Voltaje DC      200 mV  2.000 \/ 20.00 \/ 200.0 \/ 250 V      +\/- (1.2% lectura + 2 LSD)  @ 200 mV a 200 V          Corriente DC      200,0 \u00b5A  2.000 \/ 20,00 \/ 200,0 mA      +\/- (1.2% rdg + 5 LSD)  @ 200 \u00b5A a 20 mA          Resistencia      200.0 \u03a9  2.000 \/ 20.00 \/ 200.0 k\u03a9      +\/- (1,5% lectura + 5 LSD)  @ 200 \u03a9 a 200 k\u03a9          Continuidad      \u2022            Prueba de diodos      \u2022            Prueba de bater\u00eda      1,5 V, 9 V      +\/- (5.0% lectura + 1 LSD)          Retenci\u00f3n de datos      \u2022","og_url":"https:\/\/techmasterdemexico.com\/en\/producto\/multimetro-digital-residencial-amprobe-am-420\/","og_site_name":"Techmaster de Mexico","article_modified_time":"2021-12-28T22:26:55+00:00","og_image":[{"width":500,"height":500,"url":"https:\/\/techmasterdemexico.com\/wp-content\/uploads\/2021\/08\/PD_AM-420-1.jpg","type":"image\/jpeg"}],"twitter_card":"summary_large_image","twitter_misc":{"Est. reading time":"1 minute"},"schema":{"@context":"https:\/\/schema.org","@graph":[{"@type":"WebPage","@id":"https:\/\/techmasterdemexico.com\/en\/producto\/multimetro-digital-residencial-amprobe-am-420\/","url":"https:\/\/techmasterdemexico.com\/en\/producto\/multimetro-digital-residencial-amprobe-am-420\/","name":"Mult\u00edmetro digital residencial Amprobe AM-420 - Techmaster de Mexico","isPartOf":{"@id":"https:\/\/techmasterdemexico.com\/#website"},"primaryImageOfPage":{"@id":"https:\/\/techmasterdemexico.com\/en\/producto\/multimetro-digital-residencial-amprobe-am-420\/#primaryimage"},"image":{"@id":"https:\/\/techmasterdemexico.com\/en\/producto\/multimetro-digital-residencial-amprobe-am-420\/#primaryimage"},"thumbnailUrl":"https:\/\/techmasterdemexico.com\/wp-content\/uploads\/2021\/08\/PD_AM-420-1.jpg","datePublished":"2021-08-19T18:30:59+00:00","dateModified":"2021-12-28T22:26:55+00:00","breadcrumb":{"@id":"https:\/\/techmasterdemexico.com\/en\/producto\/multimetro-digital-residencial-amprobe-am-420\/#breadcrumb"},"inLanguage":"en-US","potentialAction":[{"@type":"ReadAction","target":["https:\/\/techmasterdemexico.com\/en\/producto\/multimetro-digital-residencial-amprobe-am-420\/"]}]},{"@type":"ImageObject","inLanguage":"en-US","@id":"https:\/\/techmasterdemexico.com\/en\/producto\/multimetro-digital-residencial-amprobe-am-420\/#primaryimage","url":"https:\/\/techmasterdemexico.com\/wp-content\/uploads\/2021\/08\/PD_AM-420-1.jpg","contentUrl":"https:\/\/techmasterdemexico.com\/wp-content\/uploads\/2021\/08\/PD_AM-420-1.jpg","width":500,"height":500},{"@type":"BreadcrumbList","@id":"https:\/\/techmasterdemexico.com\/en\/producto\/multimetro-digital-residencial-amprobe-am-420\/#breadcrumb","itemListElement":[{"@type":"ListItem","position":1,"name":"Portada","item":"https:\/\/techmasterdemexico.com\/"},{"@type":"ListItem","position":2,"name":"Mult\u00edmetro digital residencial Amprobe AM-420"}]},{"@type":"WebSite","@id":"https:\/\/techmasterdemexico.com\/#website","url":"https:\/\/techmasterdemexico.com\/","name":"Techmaster de Mexico","description":"","potentialAction":[{"@type":"SearchAction","target":{"@type":"EntryPoint","urlTemplate":"https:\/\/techmasterdemexico.com\/?s={search_term_string}"},"query-input":{"@type":"PropertyValueSpecification","valueRequired":true,"valueName":"search_term_string"}}],"inLanguage":"en-US"}]}},"brands":[{"id":104,"name":"Amprobe","slug":"amprobe"}],"_links":{"self":[{"href":"https:\/\/techmasterdemexico.com\/en\/wp-json\/wp\/v2\/product\/8250","targetHints":{"allow":["GET"]}}],"collection":[{"href":"https:\/\/techmasterdemexico.com\/en\/wp-json\/wp\/v2\/product"}],"about":[{"href":"https:\/\/techmasterdemexico.com\/en\/wp-json\/wp\/v2\/types\/product"}],"wp:featuredmedia":[{"embeddable":true,"href":"https:\/\/techmasterdemexico.com\/en\/wp-json\/wp\/v2\/media\/8670"}],"wp:attachment":[{"href":"https:\/\/techmasterdemexico.com\/en\/wp-json\/wp\/v2\/media?parent=8250"}],"wp:term":[{"taxonomy":"pwb-brand","embeddable":true,"href":"https:\/\/techmasterdemexico.com\/en\/wp-json\/wp\/v2\/pwb-brand?post=8250"},{"taxonomy":"product_brand","embeddable":true,"href":"https:\/\/techmasterdemexico.com\/en\/wp-json\/wp\/v2\/product_brand?post=8250"},{"taxonomy":"product_cat","embeddable":true,"href":"https:\/\/techmasterdemexico.com\/en\/wp-json\/wp\/v2\/product_cat?post=8250"},{"taxonomy":"product_tag","embeddable":true,"href":"https:\/\/techmasterdemexico.com\/en\/wp-json\/wp\/v2\/product_tag?post=8250"}],"curies":[{"name":"wp","href":"https:\/\/api.w.org\/{rel}","templated":true}]}}