{"id":8249,"date":"2021-08-19T18:30:59","date_gmt":"2021-08-19T18:30:59","guid":{"rendered":"http:\/\/techmastermx.ddns.net\/producto\/multimetro-digital-con-temperatura\/"},"modified":"2021-12-28T22:26:54","modified_gmt":"2021-12-28T22:26:54","slug":"multimetro-digital-con-temperatura","status":"publish","type":"product","link":"https:\/\/techmasterdemexico.com\/en\/producto\/multimetro-digital-con-temperatura\/","title":{"rendered":"Multimetro digital con temperatura"},"content":{"rendered":"<p>Mult\u00edmetro digital Amprobe 35XP-A con temperatura<\/p>\n<ul>\n<li>Capacidad de medici\u00f3n de temperatura hasta 1000 \u00b0 C \/ 1832 \u00b0 F (termopar tipo K incluido)<\/li>\n<li>600 V CA \/ 600 V CC: voltaje nominal m\u00e1s alto en esta clase de medidor<\/li>\n<li>Capacitancia para la prueba de marcha \/ arranque del motor<\/li>\n<li>Resoluci\u00f3n de 0,1 \u03bcA para pruebas de sensor de llama<\/li>\n<li>Frecuencia a 1 MHz<\/li>\n<li>Resistencia a 40 M\u03a9<\/li>\n<li>La retenci\u00f3n de datos congela la pantalla<\/li>\n<li>Funda Magne-Grip \u2122<\/li>\n<li>Detector de voltaje sin contacto VolTect \u2122<\/li>\n<li>Indicaci\u00f3n de bater\u00eda baja<\/li>\n<\/ul>\n<p>El mult\u00edmetro digital compacto 35XP-A ofrece todas las caracter\u00edsticas adecuadas para HVAC y mantenimiento de plantas. Mide la temperatura, adem\u00e1s de la capacitancia para la prueba de funcionamiento \/ arranque del motor y ofrece una resoluci\u00f3n de 0,1 \u00b5A para la prueba del sensor de llama.<\/p>\n","protected":false},"excerpt":{"rendered":"<table class=\"t1\" cellspacing=\"0\" cellpadding=\"0\">\n<tbody>\n<tr>\n<td class=\"td1\" valign=\"middle\">\n<\/td>\n<td class=\"td1\" valign=\"middle\">\n<p class=\"p1\">35XP-A<\/p>\n<\/td>\n<\/tr>\n<tr>\n<td class=\"td1\" valign=\"middle\">\n<p class=\"p1\">Voltaje DC<\/p>\n<\/td>\n<td class=\"td1\" valign=\"middle\">\n<p class=\"p1\">400,0 mV, 4,000 V, 40,00 V, 400,0 V, 600 V<\/p>\n<\/td>\n<\/tr>\n<tr>\n<td class=\"td1\" valign=\"middle\">\n<p class=\"p1\">Voltaje de corriente alterna<\/p>\n<\/td>\n<td class=\"td1\" valign=\"middle\">\n<p class=\"p1\">400,0 mV, 4,000 V, 40,00 V, 400,0 V, 600 V<\/p>\n<\/td>\n<\/tr>\n<tr>\n<td class=\"td1\" valign=\"middle\">\n<p class=\"p1\">Corriente CA \/ CC<\/p>\n<\/td>\n<td class=\"td1\" valign=\"middle\">\n<p class=\"p1\">400,0 \u00b5A, 4,000 \u00b5A, 40,00 mA, 400,0 mA, 2 A<\/p>\n<\/td>\n<\/tr>\n<tr>\n<td class=\"td1\" valign=\"middle\">\n<p class=\"p1\">Resistencia<\/p>\n<\/td>\n<td class=\"td1\" valign=\"middle\">\n<p class=\"p1\">40,00 k \u03a9 , 400,0 k \u03a9 , 4,000 M \u03a9 . 40,00 M \u03a9<\/p>\n<\/td>\n<\/tr>\n<tr>\n<td class=\"td1\" valign=\"middle\">\n<p class=\"p1\">Zumbador de continuidad<\/p>\n<\/td>\n<td class=\"td1\" valign=\"middle\">\n<p class=\"p2\">\u2713<\/p>\n<\/td>\n<\/tr>\n<tr>\n<td class=\"td1\" valign=\"middle\">\n<p class=\"p1\">Detecci\u00f3n de voltaje sin contacto VolTect \u2122<\/p>\n<\/td>\n<td class=\"td1\" valign=\"middle\">\n<p class=\"p1\">70 V CA <span class=\"s1\">\u2192<\/span> 600 V CA (50 Hz <span class=\"s1\">\u2192<\/span> 60 Hz)<\/p>\n<\/td>\n<\/tr>\n<tr>\n<td class=\"td1\" valign=\"middle\">\n<p class=\"p1\">Capacidad<\/p>\n<\/td>\n<td class=\"td1\" valign=\"middle\">\n<p class=\"p1\">4.000 nF, 40,00 nF, 4.000 \u00b5F, 40,00 \u00b5F, 400,0 \u00b5F, 4.000 mF<\/p>\n<\/td>\n<\/tr>\n<tr>\n<td class=\"td1\" valign=\"middle\">\n<p class=\"p1\">Frecuencia<\/p>\n<\/td>\n<td class=\"td1\" valign=\"middle\">\n<p class=\"p1\">4000 kHz, 40,00 kHz, 400,0 kHz, 1 MHz<\/p>\n<\/td>\n<\/tr>\n<tr>\n<td class=\"td1\" valign=\"middle\">\n<p class=\"p1\">Temperatura<\/p>\n<\/td>\n<td class=\"td1\" valign=\"middle\">\n<p class=\"p1\">-4 \u00b0 F <span class=\"s1\">\u2192<\/span> 1832 \u00b0 F (-20 \u00b0 C <span class=\"s1\">\u2192<\/span> 1000 \u00b0 C)<\/p>\n<\/td>\n<\/tr>\n<tr>\n<td class=\"td1\" valign=\"middle\">\n<p class=\"p1\">Prueba de l\u00f3gica<\/p>\n<\/td>\n<td class=\"td1\" valign=\"middle\">\n<p class=\"p1\">&#8211;<\/p>\n<\/td>\n<\/tr>\n<tr>\n<td class=\"td1\" valign=\"middle\">\n<p class=\"p1\">Prueba de bater\u00eda<\/p>\n<\/td>\n<td class=\"td1\" valign=\"middle\">\n<p class=\"p1\">&#8211;<\/p>\n<\/td>\n<\/tr>\n<\/tbody>\n<\/table>\n","protected":false},"featured_media":8676,"template":"","meta":{"_acf_changed":false},"pwb-brand":[104],"product_brand":[],"product_cat":[366,101,107,154],"product_tag":[],"class_list":{"0":"post-8249","1":"product","2":"type-product","3":"status-publish","4":"has-post-thumbnail","6":"pwb-brand-amprobe","7":"product_cat-todos-los-productos","8":"product_cat-amprobe","9":"product_cat-multimetros","10":"product_cat-multimetros-compactos","12":"first","13":"instock","14":"taxable","15":"shipping-taxable","16":"product-type-simple"},"acf":[],"yoast_head":"<!-- This site is optimized with the Yoast SEO plugin v27.4 - https:\/\/yoast.com\/product\/yoast-seo-wordpress\/ -->\n<title>Multimetro digital con temperatura - Techmaster de Mexico<\/title>\n<meta name=\"robots\" content=\"index, follow, max-snippet:-1, max-image-preview:large, max-video-preview:-1\" \/>\n<link rel=\"canonical\" href=\"https:\/\/techmasterdemexico.com\/producto\/multimetro-digital-con-temperatura\/\" \/>\n<meta property=\"og:locale\" content=\"en_US\" \/>\n<meta property=\"og:type\" content=\"article\" \/>\n<meta property=\"og:title\" content=\"Multimetro digital con temperatura - Techmaster de Mexico\" \/>\n<meta property=\"og:description\" content=\"35XP-A          Voltaje DC      400,0 mV, 4,000 V, 40,00 V, 400,0 V, 600 V          Voltaje de corriente alterna      400,0 mV, 4,000 V, 40,00 V, 400,0 V, 600 V          Corriente CA \/ CC      400,0 \u00b5A, 4,000 \u00b5A, 40,00 mA, 400,0 mA, 2 A          Resistencia      40,00 k \u03a9 , 400,0 k \u03a9 , 4,000 M \u03a9 . 40,00 M \u03a9          Zumbador de continuidad      \u2713          Detecci\u00f3n de voltaje sin contacto VolTect \u2122      70 V CA \u2192 600 V CA (50 Hz \u2192 60 Hz)          Capacidad      4.000 nF, 40,00 nF, 4.000 \u00b5F, 40,00 \u00b5F, 400,0 \u00b5F, 4.000 mF          Frecuencia      4000 kHz, 40,00 kHz, 400,0 kHz, 1 MHz          Temperatura      -4 \u00b0 F \u2192 1832 \u00b0 F (-20 \u00b0 C \u2192 1000 \u00b0 C)          Prueba de l\u00f3gica      -          Prueba de bater\u00eda      -\" \/>\n<meta property=\"og:url\" content=\"https:\/\/techmasterdemexico.com\/producto\/multimetro-digital-con-temperatura\/\" \/>\n<meta property=\"og:site_name\" content=\"Techmaster de Mexico\" \/>\n<meta property=\"article:modified_time\" content=\"2021-12-28T22:26:54+00:00\" \/>\n<meta property=\"og:image\" content=\"https:\/\/techmasterdemexico.com\/wp-content\/uploads\/2021\/08\/PD_35XP-A-1.jpg\" \/>\n\t<meta property=\"og:image:width\" content=\"500\" \/>\n\t<meta property=\"og:image:height\" content=\"500\" \/>\n\t<meta property=\"og:image:type\" content=\"image\/jpeg\" \/>\n<meta name=\"twitter:card\" content=\"summary_large_image\" \/>\n<meta name=\"twitter:label1\" content=\"Est. reading time\" \/>\n\t<meta name=\"twitter:data1\" content=\"1 minute\" \/>\n<script type=\"application\/ld+json\" class=\"yoast-schema-graph\">{\"@context\":\"https:\\\/\\\/schema.org\",\"@graph\":[{\"@type\":\"WebPage\",\"@id\":\"https:\\\/\\\/techmasterdemexico.com\\\/producto\\\/multimetro-digital-con-temperatura\\\/\",\"url\":\"https:\\\/\\\/techmasterdemexico.com\\\/producto\\\/multimetro-digital-con-temperatura\\\/\",\"name\":\"Multimetro digital con temperatura - Techmaster de Mexico\",\"isPartOf\":{\"@id\":\"https:\\\/\\\/techmasterdemexico.com\\\/#website\"},\"primaryImageOfPage\":{\"@id\":\"https:\\\/\\\/techmasterdemexico.com\\\/producto\\\/multimetro-digital-con-temperatura\\\/#primaryimage\"},\"image\":{\"@id\":\"https:\\\/\\\/techmasterdemexico.com\\\/producto\\\/multimetro-digital-con-temperatura\\\/#primaryimage\"},\"thumbnailUrl\":\"https:\\\/\\\/techmasterdemexico.com\\\/wp-content\\\/uploads\\\/2021\\\/08\\\/PD_35XP-A-1.jpg\",\"datePublished\":\"2021-08-19T18:30:59+00:00\",\"dateModified\":\"2021-12-28T22:26:54+00:00\",\"breadcrumb\":{\"@id\":\"https:\\\/\\\/techmasterdemexico.com\\\/producto\\\/multimetro-digital-con-temperatura\\\/#breadcrumb\"},\"inLanguage\":\"en-US\",\"potentialAction\":[{\"@type\":\"ReadAction\",\"target\":[\"https:\\\/\\\/techmasterdemexico.com\\\/producto\\\/multimetro-digital-con-temperatura\\\/\"]}]},{\"@type\":\"ImageObject\",\"inLanguage\":\"en-US\",\"@id\":\"https:\\\/\\\/techmasterdemexico.com\\\/producto\\\/multimetro-digital-con-temperatura\\\/#primaryimage\",\"url\":\"https:\\\/\\\/techmasterdemexico.com\\\/wp-content\\\/uploads\\\/2021\\\/08\\\/PD_35XP-A-1.jpg\",\"contentUrl\":\"https:\\\/\\\/techmasterdemexico.com\\\/wp-content\\\/uploads\\\/2021\\\/08\\\/PD_35XP-A-1.jpg\",\"width\":500,\"height\":500},{\"@type\":\"BreadcrumbList\",\"@id\":\"https:\\\/\\\/techmasterdemexico.com\\\/producto\\\/multimetro-digital-con-temperatura\\\/#breadcrumb\",\"itemListElement\":[{\"@type\":\"ListItem\",\"position\":1,\"name\":\"Portada\",\"item\":\"https:\\\/\\\/techmasterdemexico.com\\\/\"},{\"@type\":\"ListItem\",\"position\":2,\"name\":\"Multimetro digital con temperatura\"}]},{\"@type\":\"WebSite\",\"@id\":\"https:\\\/\\\/techmasterdemexico.com\\\/#website\",\"url\":\"https:\\\/\\\/techmasterdemexico.com\\\/\",\"name\":\"Techmaster de Mexico\",\"description\":\"\",\"potentialAction\":[{\"@type\":\"SearchAction\",\"target\":{\"@type\":\"EntryPoint\",\"urlTemplate\":\"https:\\\/\\\/techmasterdemexico.com\\\/?s={search_term_string}\"},\"query-input\":{\"@type\":\"PropertyValueSpecification\",\"valueRequired\":true,\"valueName\":\"search_term_string\"}}],\"inLanguage\":\"en-US\"}]}<\/script>\n<!-- \/ Yoast SEO plugin. -->","yoast_head_json":{"title":"Multimetro digital con temperatura - Techmaster de Mexico","robots":{"index":"index","follow":"follow","max-snippet":"max-snippet:-1","max-image-preview":"max-image-preview:large","max-video-preview":"max-video-preview:-1"},"canonical":"https:\/\/techmasterdemexico.com\/producto\/multimetro-digital-con-temperatura\/","og_locale":"en_US","og_type":"article","og_title":"Multimetro digital con temperatura - Techmaster de Mexico","og_description":"35XP-A          Voltaje DC      400,0 mV, 4,000 V, 40,00 V, 400,0 V, 600 V          Voltaje de corriente alterna      400,0 mV, 4,000 V, 40,00 V, 400,0 V, 600 V          Corriente CA \/ CC      400,0 \u00b5A, 4,000 \u00b5A, 40,00 mA, 400,0 mA, 2 A          Resistencia      40,00 k \u03a9 , 400,0 k \u03a9 , 4,000 M \u03a9 . 40,00 M \u03a9          Zumbador de continuidad      \u2713          Detecci\u00f3n de voltaje sin contacto VolTect \u2122      70 V CA \u2192 600 V CA (50 Hz \u2192 60 Hz)          Capacidad      4.000 nF, 40,00 nF, 4.000 \u00b5F, 40,00 \u00b5F, 400,0 \u00b5F, 4.000 mF          Frecuencia      4000 kHz, 40,00 kHz, 400,0 kHz, 1 MHz          Temperatura      -4 \u00b0 F \u2192 1832 \u00b0 F (-20 \u00b0 C \u2192 1000 \u00b0 C)          Prueba de l\u00f3gica      -          Prueba de bater\u00eda      -","og_url":"https:\/\/techmasterdemexico.com\/producto\/multimetro-digital-con-temperatura\/","og_site_name":"Techmaster de Mexico","article_modified_time":"2021-12-28T22:26:54+00:00","og_image":[{"width":500,"height":500,"url":"https:\/\/techmasterdemexico.com\/wp-content\/uploads\/2021\/08\/PD_35XP-A-1.jpg","type":"image\/jpeg"}],"twitter_card":"summary_large_image","twitter_misc":{"Est. reading time":"1 minute"},"schema":{"@context":"https:\/\/schema.org","@graph":[{"@type":"WebPage","@id":"https:\/\/techmasterdemexico.com\/producto\/multimetro-digital-con-temperatura\/","url":"https:\/\/techmasterdemexico.com\/producto\/multimetro-digital-con-temperatura\/","name":"Multimetro digital con temperatura - Techmaster de Mexico","isPartOf":{"@id":"https:\/\/techmasterdemexico.com\/#website"},"primaryImageOfPage":{"@id":"https:\/\/techmasterdemexico.com\/producto\/multimetro-digital-con-temperatura\/#primaryimage"},"image":{"@id":"https:\/\/techmasterdemexico.com\/producto\/multimetro-digital-con-temperatura\/#primaryimage"},"thumbnailUrl":"https:\/\/techmasterdemexico.com\/wp-content\/uploads\/2021\/08\/PD_35XP-A-1.jpg","datePublished":"2021-08-19T18:30:59+00:00","dateModified":"2021-12-28T22:26:54+00:00","breadcrumb":{"@id":"https:\/\/techmasterdemexico.com\/producto\/multimetro-digital-con-temperatura\/#breadcrumb"},"inLanguage":"en-US","potentialAction":[{"@type":"ReadAction","target":["https:\/\/techmasterdemexico.com\/producto\/multimetro-digital-con-temperatura\/"]}]},{"@type":"ImageObject","inLanguage":"en-US","@id":"https:\/\/techmasterdemexico.com\/producto\/multimetro-digital-con-temperatura\/#primaryimage","url":"https:\/\/techmasterdemexico.com\/wp-content\/uploads\/2021\/08\/PD_35XP-A-1.jpg","contentUrl":"https:\/\/techmasterdemexico.com\/wp-content\/uploads\/2021\/08\/PD_35XP-A-1.jpg","width":500,"height":500},{"@type":"BreadcrumbList","@id":"https:\/\/techmasterdemexico.com\/producto\/multimetro-digital-con-temperatura\/#breadcrumb","itemListElement":[{"@type":"ListItem","position":1,"name":"Portada","item":"https:\/\/techmasterdemexico.com\/"},{"@type":"ListItem","position":2,"name":"Multimetro digital con temperatura"}]},{"@type":"WebSite","@id":"https:\/\/techmasterdemexico.com\/#website","url":"https:\/\/techmasterdemexico.com\/","name":"Techmaster de Mexico","description":"","potentialAction":[{"@type":"SearchAction","target":{"@type":"EntryPoint","urlTemplate":"https:\/\/techmasterdemexico.com\/?s={search_term_string}"},"query-input":{"@type":"PropertyValueSpecification","valueRequired":true,"valueName":"search_term_string"}}],"inLanguage":"en-US"}]}},"brands":[{"id":104,"name":"Amprobe","slug":"amprobe"}],"_links":{"self":[{"href":"https:\/\/techmasterdemexico.com\/en\/wp-json\/wp\/v2\/product\/8249","targetHints":{"allow":["GET"]}}],"collection":[{"href":"https:\/\/techmasterdemexico.com\/en\/wp-json\/wp\/v2\/product"}],"about":[{"href":"https:\/\/techmasterdemexico.com\/en\/wp-json\/wp\/v2\/types\/product"}],"wp:featuredmedia":[{"embeddable":true,"href":"https:\/\/techmasterdemexico.com\/en\/wp-json\/wp\/v2\/media\/8676"}],"wp:attachment":[{"href":"https:\/\/techmasterdemexico.com\/en\/wp-json\/wp\/v2\/media?parent=8249"}],"wp:term":[{"taxonomy":"pwb-brand","embeddable":true,"href":"https:\/\/techmasterdemexico.com\/en\/wp-json\/wp\/v2\/pwb-brand?post=8249"},{"taxonomy":"product_brand","embeddable":true,"href":"https:\/\/techmasterdemexico.com\/en\/wp-json\/wp\/v2\/product_brand?post=8249"},{"taxonomy":"product_cat","embeddable":true,"href":"https:\/\/techmasterdemexico.com\/en\/wp-json\/wp\/v2\/product_cat?post=8249"},{"taxonomy":"product_tag","embeddable":true,"href":"https:\/\/techmasterdemexico.com\/en\/wp-json\/wp\/v2\/product_tag?post=8249"}],"curies":[{"name":"wp","href":"https:\/\/api.w.org\/{rel}","templated":true}]}}