{"id":8247,"date":"2021-08-19T18:30:58","date_gmt":"2021-08-19T18:30:58","guid":{"rendered":"http:\/\/techmastermx.ddns.net\/producto\/multimetro-digital-con-deteccion-de-tension-sin-contacto\/"},"modified":"2021-12-28T22:26:55","modified_gmt":"2021-12-28T22:26:55","slug":"multimetro-digital-con-deteccion-de-tension-sin-contacto","status":"publish","type":"product","link":"https:\/\/techmasterdemexico.com\/en\/producto\/multimetro-digital-con-deteccion-de-tension-sin-contacto\/","title":{"rendered":"Mult\u00edmetro digital con detecci\u00f3n de tensi\u00f3n sin contacto"},"content":{"rendered":"<p>Mult\u00edmetro digital compacto Amprobe 5XP-A AC \/ DC con VolTect \u2122<\/p>\n<ul>\n<li>27 rangos \/ 10 funciones<\/li>\n<li>Prueba de carga de bater\u00eda con capacidades de 1,5 V y 9 V<\/li>\n<li>Retenci\u00f3n de datos<\/li>\n<li>Valores m\u00ednimos y m\u00e1ximos de registro m\u00ednimo \/ m\u00e1ximo<\/li>\n<li>Detecci\u00f3n de voltaje sin contacto (NVC) VolTect \u2122<\/li>\n<li>Indicaci\u00f3n de bater\u00eda baja<\/li>\n<li>Clasificaci\u00f3n de seguridad CAT II 600 V, CAT III 300 V<\/li>\n<\/ul>\n<p>Descripci\u00f3n<\/p>\n<p>El mult\u00edmetro digital Amprobe 5XP-A proporciona caracter\u00edsticas superiores y precisi\u00f3n en un factor de forma m\u00e1s peque\u00f1o. El 5XP-A tiene caracter\u00edsticas \u00fanicas como la detecci\u00f3n de voltaje sin contacto VolTect \u2122 y nuestra exclusiva funda Magne-Grip \u2122 que libera ambas manos para trabajar. El 5XP-A es la elecci\u00f3n perfecta para aplicaciones residenciales, comerciales y de resoluci\u00f3n de problemas generales.<\/p>\n","protected":false},"excerpt":{"rendered":"<table class=\"t1\" cellspacing=\"0\" cellpadding=\"0\">\n<tbody>\n<tr>\n<td class=\"td1\" valign=\"middle\">\n<p class=\"p1\">CARACTER\u00cdSTICA<\/p>\n<\/td>\n<td class=\"td1\" valign=\"middle\">\n<p class=\"p1\">5XP-A<\/p>\n<\/td>\n<\/tr>\n<tr>\n<td class=\"td1\" valign=\"middle\">\n<p class=\"p1\">Voltaje DC<\/p>\n<\/td>\n<td class=\"td1\" valign=\"middle\">\n<p class=\"p1\">200.0 mV, 2.000 V, 20.00 V, 200.0 V, 600 V<\/p>\n<\/td>\n<\/tr>\n<tr>\n<td class=\"td1\" valign=\"middle\">\n<p class=\"p1\">Voltaje de corriente alterna<\/p>\n<\/td>\n<td class=\"td1\" valign=\"middle\">\n<p class=\"p1\">200.0 mV, 2.000 V, 20.00 V, 200.0 V, 600 V<\/p>\n<\/td>\n<\/tr>\n<tr>\n<td class=\"td1\" valign=\"middle\">\n<p class=\"p1\">Corriente CA \/ CC<\/p>\n<\/td>\n<td class=\"td1\" valign=\"middle\">\n<p class=\"p1\">200,0 \u00b5A, 2.000 mA, 20,00 mA, 200,0 mA<\/p>\n<\/td>\n<\/tr>\n<tr>\n<td class=\"td1\" valign=\"middle\">\n<p class=\"p1\">Resistencia<\/p>\n<\/td>\n<td class=\"td1\" valign=\"middle\">\n<p class=\"p1\">200.0 \u03a9 , 2.000 k \u03a9 ,<\/p>\n<p class=\"p1\">20.00 k \u03a9 , 200.0 k \u03a9 ,<\/p>\n<p class=\"p1\">2.000 M \u03a9 , 20.00 M \u03a9<\/p>\n<\/td>\n<\/tr>\n<tr>\n<td class=\"td1\" valign=\"middle\">\n<p class=\"p1\">Zumbador de continuidad<\/p>\n<\/td>\n<td class=\"td1\" valign=\"middle\">\n<p class=\"p1\">\u2022<\/p>\n<\/td>\n<\/tr>\n<tr>\n<td class=\"td1\" valign=\"middle\">\n<p class=\"p1\">Detecci\u00f3n de voltaje sin contacto VolTect \u2122<\/p>\n<\/td>\n<td class=\"td1\" valign=\"middle\">\n<p class=\"p1\">70 V CA <span class=\"s1\">\u2192<\/span> 600 V CA (50 Hz <span class=\"s1\">\u2192<\/span> 60 Hz)<\/p>\n<\/td>\n<\/tr>\n<tr>\n<td class=\"td1\" valign=\"middle\">\n<p class=\"p1\">Capacidad<\/p>\n<\/td>\n<td class=\"td1\" valign=\"middle\">\n<p class=\"p1\">&#8211;<\/p>\n<\/td>\n<\/tr>\n<tr>\n<td class=\"td1\" valign=\"middle\">\n<p class=\"p1\">Frecuencia<\/p>\n<\/td>\n<td class=\"td1\" valign=\"middle\">\n<p class=\"p1\">&#8211;<\/p>\n<\/td>\n<\/tr>\n<tr>\n<td class=\"td1\" valign=\"middle\">\n<p class=\"p1\">Temperatura<\/p>\n<\/td>\n<td class=\"td1\" valign=\"middle\">\n<p class=\"p1\">&#8211;<\/p>\n<\/td>\n<\/tr>\n<tr>\n<td class=\"td1\" valign=\"middle\">\n<p class=\"p1\">Prueba de l\u00f3gica<\/p>\n<\/td>\n<td class=\"td1\" valign=\"middle\">\n<p class=\"p1\">&#8211;<\/p>\n<\/td>\n<\/tr>\n<tr>\n<td class=\"td1\" valign=\"middle\">\n<p class=\"p1\">Prueba de bater\u00eda<\/p>\n<\/td>\n<td class=\"td1\" valign=\"middle\">\n<p class=\"p1\">1,5 V, 9 V<\/p>\n<\/td>\n<\/tr>\n<\/tbody>\n<\/table>\n","protected":false},"featured_media":8678,"template":"","meta":{"_acf_changed":false},"pwb-brand":[104],"product_brand":[],"product_cat":[366,101,107,154],"product_tag":[],"class_list":{"0":"post-8247","1":"product","2":"type-product","3":"status-publish","4":"has-post-thumbnail","6":"pwb-brand-amprobe","7":"product_cat-todos-los-productos","8":"product_cat-amprobe","9":"product_cat-multimetros","10":"product_cat-multimetros-compactos","12":"first","13":"instock","14":"taxable","15":"shipping-taxable","16":"product-type-simple"},"acf":[],"yoast_head":"<!-- This site is optimized with the Yoast SEO plugin v27.5 - https:\/\/yoast.com\/product\/yoast-seo-wordpress\/ -->\n<title>Mult\u00edmetro digital con detecci\u00f3n de tensi\u00f3n sin contacto - Techmaster de Mexico<\/title>\n<meta name=\"robots\" content=\"index, follow, max-snippet:-1, max-image-preview:large, max-video-preview:-1\" \/>\n<link rel=\"canonical\" href=\"https:\/\/techmasterdemexico.com\/producto\/multimetro-digital-con-deteccion-de-tension-sin-contacto\/\" \/>\n<meta property=\"og:locale\" content=\"en_US\" \/>\n<meta property=\"og:type\" content=\"article\" \/>\n<meta property=\"og:title\" content=\"Mult\u00edmetro digital con detecci\u00f3n de tensi\u00f3n sin contacto - Techmaster de Mexico\" \/>\n<meta property=\"og:description\" content=\"CARACTER\u00cdSTICA   5XP-A     Voltaje DC   200.0 mV, 2.000 V, 20.00 V, 200.0 V, 600 V     Voltaje de corriente alterna   200.0 mV, 2.000 V, 20.00 V, 200.0 V, 600 V     Corriente CA \/ CC   200,0 \u00b5A, 2.000 mA, 20,00 mA, 200,0 mA     Resistencia   200.0 \u03a9 , 2.000 k \u03a9 , 20.00 k \u03a9 , 200.0 k \u03a9 , 2.000 M \u03a9 , 20.00 M \u03a9     Zumbador de continuidad   \u2022     Detecci\u00f3n de voltaje sin contacto VolTect \u2122   70 V CA \u2192 600 V CA (50 Hz \u2192 60 Hz)     Capacidad   -     Frecuencia   -     Temperatura   -     Prueba de l\u00f3gica   -     Prueba de bater\u00eda   1,5 V, 9 V\" \/>\n<meta property=\"og:url\" content=\"https:\/\/techmasterdemexico.com\/producto\/multimetro-digital-con-deteccion-de-tension-sin-contacto\/\" \/>\n<meta property=\"og:site_name\" content=\"Techmaster de Mexico\" \/>\n<meta property=\"article:modified_time\" content=\"2021-12-28T22:26:55+00:00\" \/>\n<meta property=\"og:image\" content=\"https:\/\/techmasterdemexico.com\/wp-content\/uploads\/2021\/08\/PD_15XP-1.jpg\" \/>\n\t<meta property=\"og:image:width\" content=\"500\" \/>\n\t<meta property=\"og:image:height\" content=\"500\" \/>\n\t<meta property=\"og:image:type\" content=\"image\/jpeg\" \/>\n<meta name=\"twitter:card\" content=\"summary_large_image\" \/>\n<meta name=\"twitter:label1\" content=\"Est. reading time\" \/>\n\t<meta name=\"twitter:data1\" content=\"1 minute\" \/>\n<script type=\"application\/ld+json\" class=\"yoast-schema-graph\">{\"@context\":\"https:\\\/\\\/schema.org\",\"@graph\":[{\"@type\":\"WebPage\",\"@id\":\"https:\\\/\\\/techmasterdemexico.com\\\/producto\\\/multimetro-digital-con-deteccion-de-tension-sin-contacto\\\/\",\"url\":\"https:\\\/\\\/techmasterdemexico.com\\\/producto\\\/multimetro-digital-con-deteccion-de-tension-sin-contacto\\\/\",\"name\":\"Mult\u00edmetro digital con detecci\u00f3n de tensi\u00f3n sin contacto - Techmaster de Mexico\",\"isPartOf\":{\"@id\":\"https:\\\/\\\/techmasterdemexico.com\\\/#website\"},\"primaryImageOfPage\":{\"@id\":\"https:\\\/\\\/techmasterdemexico.com\\\/producto\\\/multimetro-digital-con-deteccion-de-tension-sin-contacto\\\/#primaryimage\"},\"image\":{\"@id\":\"https:\\\/\\\/techmasterdemexico.com\\\/producto\\\/multimetro-digital-con-deteccion-de-tension-sin-contacto\\\/#primaryimage\"},\"thumbnailUrl\":\"https:\\\/\\\/techmasterdemexico.com\\\/wp-content\\\/uploads\\\/2021\\\/08\\\/PD_15XP-1.jpg\",\"datePublished\":\"2021-08-19T18:30:58+00:00\",\"dateModified\":\"2021-12-28T22:26:55+00:00\",\"breadcrumb\":{\"@id\":\"https:\\\/\\\/techmasterdemexico.com\\\/producto\\\/multimetro-digital-con-deteccion-de-tension-sin-contacto\\\/#breadcrumb\"},\"inLanguage\":\"en-US\",\"potentialAction\":[{\"@type\":\"ReadAction\",\"target\":[\"https:\\\/\\\/techmasterdemexico.com\\\/producto\\\/multimetro-digital-con-deteccion-de-tension-sin-contacto\\\/\"]}]},{\"@type\":\"ImageObject\",\"inLanguage\":\"en-US\",\"@id\":\"https:\\\/\\\/techmasterdemexico.com\\\/producto\\\/multimetro-digital-con-deteccion-de-tension-sin-contacto\\\/#primaryimage\",\"url\":\"https:\\\/\\\/techmasterdemexico.com\\\/wp-content\\\/uploads\\\/2021\\\/08\\\/PD_15XP-1.jpg\",\"contentUrl\":\"https:\\\/\\\/techmasterdemexico.com\\\/wp-content\\\/uploads\\\/2021\\\/08\\\/PD_15XP-1.jpg\",\"width\":500,\"height\":500},{\"@type\":\"BreadcrumbList\",\"@id\":\"https:\\\/\\\/techmasterdemexico.com\\\/producto\\\/multimetro-digital-con-deteccion-de-tension-sin-contacto\\\/#breadcrumb\",\"itemListElement\":[{\"@type\":\"ListItem\",\"position\":1,\"name\":\"Portada\",\"item\":\"https:\\\/\\\/techmasterdemexico.com\\\/\"},{\"@type\":\"ListItem\",\"position\":2,\"name\":\"Mult\u00edmetro digital con detecci\u00f3n de tensi\u00f3n sin contacto\"}]},{\"@type\":\"WebSite\",\"@id\":\"https:\\\/\\\/techmasterdemexico.com\\\/#website\",\"url\":\"https:\\\/\\\/techmasterdemexico.com\\\/\",\"name\":\"Techmaster de Mexico\",\"description\":\"\",\"potentialAction\":[{\"@type\":\"SearchAction\",\"target\":{\"@type\":\"EntryPoint\",\"urlTemplate\":\"https:\\\/\\\/techmasterdemexico.com\\\/?s={search_term_string}\"},\"query-input\":{\"@type\":\"PropertyValueSpecification\",\"valueRequired\":true,\"valueName\":\"search_term_string\"}}],\"inLanguage\":\"en-US\"}]}<\/script>\n<!-- \/ Yoast SEO plugin. -->","yoast_head_json":{"title":"Mult\u00edmetro digital con detecci\u00f3n de tensi\u00f3n sin contacto - Techmaster de Mexico","robots":{"index":"index","follow":"follow","max-snippet":"max-snippet:-1","max-image-preview":"max-image-preview:large","max-video-preview":"max-video-preview:-1"},"canonical":"https:\/\/techmasterdemexico.com\/producto\/multimetro-digital-con-deteccion-de-tension-sin-contacto\/","og_locale":"en_US","og_type":"article","og_title":"Mult\u00edmetro digital con detecci\u00f3n de tensi\u00f3n sin contacto - Techmaster de Mexico","og_description":"CARACTER\u00cdSTICA   5XP-A     Voltaje DC   200.0 mV, 2.000 V, 20.00 V, 200.0 V, 600 V     Voltaje de corriente alterna   200.0 mV, 2.000 V, 20.00 V, 200.0 V, 600 V     Corriente CA \/ CC   200,0 \u00b5A, 2.000 mA, 20,00 mA, 200,0 mA     Resistencia   200.0 \u03a9 , 2.000 k \u03a9 , 20.00 k \u03a9 , 200.0 k \u03a9 , 2.000 M \u03a9 , 20.00 M \u03a9     Zumbador de continuidad   \u2022     Detecci\u00f3n de voltaje sin contacto VolTect \u2122   70 V CA \u2192 600 V CA (50 Hz \u2192 60 Hz)     Capacidad   -     Frecuencia   -     Temperatura   -     Prueba de l\u00f3gica   -     Prueba de bater\u00eda   1,5 V, 9 V","og_url":"https:\/\/techmasterdemexico.com\/producto\/multimetro-digital-con-deteccion-de-tension-sin-contacto\/","og_site_name":"Techmaster de Mexico","article_modified_time":"2021-12-28T22:26:55+00:00","og_image":[{"width":500,"height":500,"url":"https:\/\/techmasterdemexico.com\/wp-content\/uploads\/2021\/08\/PD_15XP-1.jpg","type":"image\/jpeg"}],"twitter_card":"summary_large_image","twitter_misc":{"Est. reading time":"1 minute"},"schema":{"@context":"https:\/\/schema.org","@graph":[{"@type":"WebPage","@id":"https:\/\/techmasterdemexico.com\/producto\/multimetro-digital-con-deteccion-de-tension-sin-contacto\/","url":"https:\/\/techmasterdemexico.com\/producto\/multimetro-digital-con-deteccion-de-tension-sin-contacto\/","name":"Mult\u00edmetro digital con detecci\u00f3n de tensi\u00f3n sin contacto - Techmaster de Mexico","isPartOf":{"@id":"https:\/\/techmasterdemexico.com\/#website"},"primaryImageOfPage":{"@id":"https:\/\/techmasterdemexico.com\/producto\/multimetro-digital-con-deteccion-de-tension-sin-contacto\/#primaryimage"},"image":{"@id":"https:\/\/techmasterdemexico.com\/producto\/multimetro-digital-con-deteccion-de-tension-sin-contacto\/#primaryimage"},"thumbnailUrl":"https:\/\/techmasterdemexico.com\/wp-content\/uploads\/2021\/08\/PD_15XP-1.jpg","datePublished":"2021-08-19T18:30:58+00:00","dateModified":"2021-12-28T22:26:55+00:00","breadcrumb":{"@id":"https:\/\/techmasterdemexico.com\/producto\/multimetro-digital-con-deteccion-de-tension-sin-contacto\/#breadcrumb"},"inLanguage":"en-US","potentialAction":[{"@type":"ReadAction","target":["https:\/\/techmasterdemexico.com\/producto\/multimetro-digital-con-deteccion-de-tension-sin-contacto\/"]}]},{"@type":"ImageObject","inLanguage":"en-US","@id":"https:\/\/techmasterdemexico.com\/producto\/multimetro-digital-con-deteccion-de-tension-sin-contacto\/#primaryimage","url":"https:\/\/techmasterdemexico.com\/wp-content\/uploads\/2021\/08\/PD_15XP-1.jpg","contentUrl":"https:\/\/techmasterdemexico.com\/wp-content\/uploads\/2021\/08\/PD_15XP-1.jpg","width":500,"height":500},{"@type":"BreadcrumbList","@id":"https:\/\/techmasterdemexico.com\/producto\/multimetro-digital-con-deteccion-de-tension-sin-contacto\/#breadcrumb","itemListElement":[{"@type":"ListItem","position":1,"name":"Portada","item":"https:\/\/techmasterdemexico.com\/"},{"@type":"ListItem","position":2,"name":"Mult\u00edmetro digital con detecci\u00f3n de tensi\u00f3n sin contacto"}]},{"@type":"WebSite","@id":"https:\/\/techmasterdemexico.com\/#website","url":"https:\/\/techmasterdemexico.com\/","name":"Techmaster de Mexico","description":"","potentialAction":[{"@type":"SearchAction","target":{"@type":"EntryPoint","urlTemplate":"https:\/\/techmasterdemexico.com\/?s={search_term_string}"},"query-input":{"@type":"PropertyValueSpecification","valueRequired":true,"valueName":"search_term_string"}}],"inLanguage":"en-US"}]}},"brands":[{"id":104,"name":"Amprobe","slug":"amprobe"}],"_links":{"self":[{"href":"https:\/\/techmasterdemexico.com\/en\/wp-json\/wp\/v2\/product\/8247","targetHints":{"allow":["GET"]}}],"collection":[{"href":"https:\/\/techmasterdemexico.com\/en\/wp-json\/wp\/v2\/product"}],"about":[{"href":"https:\/\/techmasterdemexico.com\/en\/wp-json\/wp\/v2\/types\/product"}],"wp:featuredmedia":[{"embeddable":true,"href":"https:\/\/techmasterdemexico.com\/en\/wp-json\/wp\/v2\/media\/8678"}],"wp:attachment":[{"href":"https:\/\/techmasterdemexico.com\/en\/wp-json\/wp\/v2\/media?parent=8247"}],"wp:term":[{"taxonomy":"pwb-brand","embeddable":true,"href":"https:\/\/techmasterdemexico.com\/en\/wp-json\/wp\/v2\/pwb-brand?post=8247"},{"taxonomy":"product_brand","embeddable":true,"href":"https:\/\/techmasterdemexico.com\/en\/wp-json\/wp\/v2\/product_brand?post=8247"},{"taxonomy":"product_cat","embeddable":true,"href":"https:\/\/techmasterdemexico.com\/en\/wp-json\/wp\/v2\/product_cat?post=8247"},{"taxonomy":"product_tag","embeddable":true,"href":"https:\/\/techmasterdemexico.com\/en\/wp-json\/wp\/v2\/product_tag?post=8247"}],"curies":[{"name":"wp","href":"https:\/\/api.w.org\/{rel}","templated":true}]}}