{"id":8246,"date":"2021-08-19T18:30:57","date_gmt":"2021-08-19T18:30:57","guid":{"rendered":"http:\/\/techmastermx.ddns.net\/producto\/trinquete-neumatico-de-alta-resistencia-con-accionamiento-de-3-8\/"},"modified":"2021-12-28T22:26:57","modified_gmt":"2021-12-28T22:26:57","slug":"trinquete-neumatico-de-alta-resistencia-con-accionamiento-de-3-8","status":"publish","type":"product","link":"https:\/\/techmasterdemexico.com\/en\/producto\/trinquete-neumatico-de-alta-resistencia-con-accionamiento-de-3-8\/","title":{"rendered":"Trinquete neum\u00e1tico de alta resistencia con accionamiento de 3\/8 &#8220;"},"content":{"rendered":"<p>Trinquete neum\u00e1tico de alta resistencia con accionamiento de 3\/8 &#8220;(rojo)<\/p>\n","protected":false},"excerpt":{"rendered":"<ul>\n<li>70 ft-lb de salida de torsi\u00f3n elimina los sujetadores rebeldes<\/li>\n<li>Soporta f\u00e1cilmente 158 ft-lb de torque manual<\/li>\n<li>Velocidad libre de 275 RPM para una r\u00e1pida extracci\u00f3n e instalaci\u00f3n del sujetador<\/li>\n<li>Los pasadores de &#8220;bloqueo de parada&#8221; evitan que el trinquete se bloquee<\/li>\n<li>Los casquillos de desgaste de acero reducen el desgaste de la cabeza del trinquete<\/li>\n<li>Dos trinquetes para mayor resistencia<\/li>\n<li>El gatillo con forma de v\u00e1lvula de punta es f\u00e1cil de activar para un mayor control<\/li>\n<li>Perilla selectora grande para un cambio de direcci\u00f3n f\u00e1cil<\/li>\n<li>El escape compuesto ajustable dirige el flujo de aire lejos del trabajo<\/li>\n<li>Agarre acolchado para mayor comodidad y control<\/li>\n<\/ul>\n","protected":false},"featured_media":9429,"template":"","meta":{"_acf_changed":false},"pwb-brand":[98],"product_brand":[],"product_cat":[366,111,286,48],"product_tag":[],"class_list":{"0":"post-8246","1":"product","2":"type-product","3":"status-publish","4":"has-post-thumbnail","6":"pwb-brand-snap-on","7":"product_cat-todos-los-productos","8":"product_cat-herramientas-electricas","9":"product_cat-herramientas-electricas-aire","10":"product_cat-snap-on","12":"first","13":"instock","14":"taxable","15":"shipping-taxable","16":"product-type-simple"},"acf":[],"yoast_head":"<!-- This site is optimized with the Yoast SEO plugin v27.4 - https:\/\/yoast.com\/product\/yoast-seo-wordpress\/ -->\n<title>Trinquete neum\u00e1tico de alta resistencia con accionamiento de 3\/8 &quot; - Techmaster de Mexico<\/title>\n<meta name=\"robots\" content=\"index, follow, max-snippet:-1, max-image-preview:large, max-video-preview:-1\" \/>\n<link rel=\"canonical\" href=\"https:\/\/techmasterdemexico.com\/producto\/trinquete-neumatico-de-alta-resistencia-con-accionamiento-de-3-8\/\" \/>\n<meta property=\"og:locale\" content=\"en_US\" \/>\n<meta property=\"og:type\" content=\"article\" \/>\n<meta property=\"og:title\" content=\"Trinquete neum\u00e1tico de alta resistencia con accionamiento de 3\/8 &quot; - Techmaster de Mexico\" \/>\n<meta property=\"og:description\" content=\"[:es]    70 ft-lb de salida de torsi\u00f3n elimina los sujetadores rebeldes   Soporta f\u00e1cilmente 158 ft-lb de torque manual   Velocidad libre de 275 RPM para una r\u00e1pida extracci\u00f3n e instalaci\u00f3n del sujetador   Los pasadores de &quot;bloqueo de parada&quot; evitan que el trinquete se bloquee   Los casquillos de desgaste de acero reducen el desgaste de la cabeza del trinquete   Dos trinquetes para mayor resistencia   El gatillo con forma de v\u00e1lvula de punta es f\u00e1cil de activar para un mayor control   Perilla selectora grande para un cambio de direcci\u00f3n f\u00e1cil   El escape compuesto ajustable dirige el flujo de aire lejos del trabajo   Agarre acolchado para mayor comodidad y control   [:en]  70 ft-lb de salida de torsi\u00f3n elimina los sujetadores rebeldes  Soporta f\u00e1cilmente 158 ft-lb de torque manual  Velocidad libre de 275 RPM para una r\u00e1pida extracci\u00f3n e instalaci\u00f3n del sujetador  Los pasadores de &quot;bloqueo de parada&quot; evitan que el trinquete se bloquee  Los casquillos de desgaste de acero reducen el desgaste de la cabeza del trinquete  Dos trinquetes para mayor resistencia  El gatillo con forma de v\u00e1lvula de punta es f\u00e1cil de activar para un mayor control  Perilla selectora grande para un cambio de direcci\u00f3n f\u00e1cil  El escape compuesto ajustable dirige el flujo de aire lejos del trabajo  Agarre acolchado para mayor comodidad y control  [:]\" \/>\n<meta property=\"og:url\" content=\"https:\/\/techmasterdemexico.com\/producto\/trinquete-neumatico-de-alta-resistencia-con-accionamiento-de-3-8\/\" \/>\n<meta property=\"og:site_name\" content=\"Techmaster de Mexico\" \/>\n<meta property=\"article:modified_time\" content=\"2021-12-28T22:26:57+00:00\" \/>\n<meta property=\"og:image\" content=\"https:\/\/techmasterdemexico.com\/wp-content\/uploads\/2021\/08\/PTR72.png\" \/>\n\t<meta property=\"og:image:width\" content=\"500\" \/>\n\t<meta property=\"og:image:height\" content=\"500\" \/>\n\t<meta property=\"og:image:type\" content=\"image\/png\" \/>\n<meta name=\"twitter:card\" content=\"summary_large_image\" \/>\n<script type=\"application\/ld+json\" class=\"yoast-schema-graph\">{\"@context\":\"https:\\\/\\\/schema.org\",\"@graph\":[{\"@type\":\"WebPage\",\"@id\":\"https:\\\/\\\/techmasterdemexico.com\\\/producto\\\/trinquete-neumatico-de-alta-resistencia-con-accionamiento-de-3-8\\\/\",\"url\":\"https:\\\/\\\/techmasterdemexico.com\\\/producto\\\/trinquete-neumatico-de-alta-resistencia-con-accionamiento-de-3-8\\\/\",\"name\":\"Trinquete neum\u00e1tico de alta resistencia con accionamiento de 3\\\/8 \\\" - Techmaster de Mexico\",\"isPartOf\":{\"@id\":\"https:\\\/\\\/techmasterdemexico.com\\\/#website\"},\"primaryImageOfPage\":{\"@id\":\"https:\\\/\\\/techmasterdemexico.com\\\/producto\\\/trinquete-neumatico-de-alta-resistencia-con-accionamiento-de-3-8\\\/#primaryimage\"},\"image\":{\"@id\":\"https:\\\/\\\/techmasterdemexico.com\\\/producto\\\/trinquete-neumatico-de-alta-resistencia-con-accionamiento-de-3-8\\\/#primaryimage\"},\"thumbnailUrl\":\"https:\\\/\\\/techmasterdemexico.com\\\/wp-content\\\/uploads\\\/2021\\\/08\\\/PTR72.png\",\"datePublished\":\"2021-08-19T18:30:57+00:00\",\"dateModified\":\"2021-12-28T22:26:57+00:00\",\"breadcrumb\":{\"@id\":\"https:\\\/\\\/techmasterdemexico.com\\\/producto\\\/trinquete-neumatico-de-alta-resistencia-con-accionamiento-de-3-8\\\/#breadcrumb\"},\"inLanguage\":\"en-US\",\"potentialAction\":[{\"@type\":\"ReadAction\",\"target\":[\"https:\\\/\\\/techmasterdemexico.com\\\/producto\\\/trinquete-neumatico-de-alta-resistencia-con-accionamiento-de-3-8\\\/\"]}]},{\"@type\":\"ImageObject\",\"inLanguage\":\"en-US\",\"@id\":\"https:\\\/\\\/techmasterdemexico.com\\\/producto\\\/trinquete-neumatico-de-alta-resistencia-con-accionamiento-de-3-8\\\/#primaryimage\",\"url\":\"https:\\\/\\\/techmasterdemexico.com\\\/wp-content\\\/uploads\\\/2021\\\/08\\\/PTR72.png\",\"contentUrl\":\"https:\\\/\\\/techmasterdemexico.com\\\/wp-content\\\/uploads\\\/2021\\\/08\\\/PTR72.png\",\"width\":500,\"height\":500},{\"@type\":\"BreadcrumbList\",\"@id\":\"https:\\\/\\\/techmasterdemexico.com\\\/producto\\\/trinquete-neumatico-de-alta-resistencia-con-accionamiento-de-3-8\\\/#breadcrumb\",\"itemListElement\":[{\"@type\":\"ListItem\",\"position\":1,\"name\":\"Portada\",\"item\":\"https:\\\/\\\/techmasterdemexico.com\\\/\"},{\"@type\":\"ListItem\",\"position\":2,\"name\":\"Trinquete neum\u00e1tico de alta resistencia con accionamiento de 3\\\/8 \u00ab\"}]},{\"@type\":\"WebSite\",\"@id\":\"https:\\\/\\\/techmasterdemexico.com\\\/#website\",\"url\":\"https:\\\/\\\/techmasterdemexico.com\\\/\",\"name\":\"Techmaster de Mexico\",\"description\":\"\",\"potentialAction\":[{\"@type\":\"SearchAction\",\"target\":{\"@type\":\"EntryPoint\",\"urlTemplate\":\"https:\\\/\\\/techmasterdemexico.com\\\/?s={search_term_string}\"},\"query-input\":{\"@type\":\"PropertyValueSpecification\",\"valueRequired\":true,\"valueName\":\"search_term_string\"}}],\"inLanguage\":\"en-US\"}]}<\/script>\n<!-- \/ Yoast SEO plugin. -->","yoast_head_json":{"title":"Trinquete neum\u00e1tico de alta resistencia con accionamiento de 3\/8 \" - Techmaster de Mexico","robots":{"index":"index","follow":"follow","max-snippet":"max-snippet:-1","max-image-preview":"max-image-preview:large","max-video-preview":"max-video-preview:-1"},"canonical":"https:\/\/techmasterdemexico.com\/producto\/trinquete-neumatico-de-alta-resistencia-con-accionamiento-de-3-8\/","og_locale":"en_US","og_type":"article","og_title":"Trinquete neum\u00e1tico de alta resistencia con accionamiento de 3\/8 \" - Techmaster de Mexico","og_description":"[:es]    70 ft-lb de salida de torsi\u00f3n elimina los sujetadores rebeldes   Soporta f\u00e1cilmente 158 ft-lb de torque manual   Velocidad libre de 275 RPM para una r\u00e1pida extracci\u00f3n e instalaci\u00f3n del sujetador   Los pasadores de \"bloqueo de parada\" evitan que el trinquete se bloquee   Los casquillos de desgaste de acero reducen el desgaste de la cabeza del trinquete   Dos trinquetes para mayor resistencia   El gatillo con forma de v\u00e1lvula de punta es f\u00e1cil de activar para un mayor control   Perilla selectora grande para un cambio de direcci\u00f3n f\u00e1cil   El escape compuesto ajustable dirige el flujo de aire lejos del trabajo   Agarre acolchado para mayor comodidad y control   [:en]  70 ft-lb de salida de torsi\u00f3n elimina los sujetadores rebeldes  Soporta f\u00e1cilmente 158 ft-lb de torque manual  Velocidad libre de 275 RPM para una r\u00e1pida extracci\u00f3n e instalaci\u00f3n del sujetador  Los pasadores de \"bloqueo de parada\" evitan que el trinquete se bloquee  Los casquillos de desgaste de acero reducen el desgaste de la cabeza del trinquete  Dos trinquetes para mayor resistencia  El gatillo con forma de v\u00e1lvula de punta es f\u00e1cil de activar para un mayor control  Perilla selectora grande para un cambio de direcci\u00f3n f\u00e1cil  El escape compuesto ajustable dirige el flujo de aire lejos del trabajo  Agarre acolchado para mayor comodidad y control  [:]","og_url":"https:\/\/techmasterdemexico.com\/producto\/trinquete-neumatico-de-alta-resistencia-con-accionamiento-de-3-8\/","og_site_name":"Techmaster de Mexico","article_modified_time":"2021-12-28T22:26:57+00:00","og_image":[{"width":500,"height":500,"url":"https:\/\/techmasterdemexico.com\/wp-content\/uploads\/2021\/08\/PTR72.png","type":"image\/png"}],"twitter_card":"summary_large_image","schema":{"@context":"https:\/\/schema.org","@graph":[{"@type":"WebPage","@id":"https:\/\/techmasterdemexico.com\/producto\/trinquete-neumatico-de-alta-resistencia-con-accionamiento-de-3-8\/","url":"https:\/\/techmasterdemexico.com\/producto\/trinquete-neumatico-de-alta-resistencia-con-accionamiento-de-3-8\/","name":"Trinquete neum\u00e1tico de alta resistencia con accionamiento de 3\/8 \" - Techmaster de Mexico","isPartOf":{"@id":"https:\/\/techmasterdemexico.com\/#website"},"primaryImageOfPage":{"@id":"https:\/\/techmasterdemexico.com\/producto\/trinquete-neumatico-de-alta-resistencia-con-accionamiento-de-3-8\/#primaryimage"},"image":{"@id":"https:\/\/techmasterdemexico.com\/producto\/trinquete-neumatico-de-alta-resistencia-con-accionamiento-de-3-8\/#primaryimage"},"thumbnailUrl":"https:\/\/techmasterdemexico.com\/wp-content\/uploads\/2021\/08\/PTR72.png","datePublished":"2021-08-19T18:30:57+00:00","dateModified":"2021-12-28T22:26:57+00:00","breadcrumb":{"@id":"https:\/\/techmasterdemexico.com\/producto\/trinquete-neumatico-de-alta-resistencia-con-accionamiento-de-3-8\/#breadcrumb"},"inLanguage":"en-US","potentialAction":[{"@type":"ReadAction","target":["https:\/\/techmasterdemexico.com\/producto\/trinquete-neumatico-de-alta-resistencia-con-accionamiento-de-3-8\/"]}]},{"@type":"ImageObject","inLanguage":"en-US","@id":"https:\/\/techmasterdemexico.com\/producto\/trinquete-neumatico-de-alta-resistencia-con-accionamiento-de-3-8\/#primaryimage","url":"https:\/\/techmasterdemexico.com\/wp-content\/uploads\/2021\/08\/PTR72.png","contentUrl":"https:\/\/techmasterdemexico.com\/wp-content\/uploads\/2021\/08\/PTR72.png","width":500,"height":500},{"@type":"BreadcrumbList","@id":"https:\/\/techmasterdemexico.com\/producto\/trinquete-neumatico-de-alta-resistencia-con-accionamiento-de-3-8\/#breadcrumb","itemListElement":[{"@type":"ListItem","position":1,"name":"Portada","item":"https:\/\/techmasterdemexico.com\/"},{"@type":"ListItem","position":2,"name":"Trinquete neum\u00e1tico de alta resistencia con accionamiento de 3\/8 \u00ab"}]},{"@type":"WebSite","@id":"https:\/\/techmasterdemexico.com\/#website","url":"https:\/\/techmasterdemexico.com\/","name":"Techmaster de Mexico","description":"","potentialAction":[{"@type":"SearchAction","target":{"@type":"EntryPoint","urlTemplate":"https:\/\/techmasterdemexico.com\/?s={search_term_string}"},"query-input":{"@type":"PropertyValueSpecification","valueRequired":true,"valueName":"search_term_string"}}],"inLanguage":"en-US"}]}},"brands":[{"id":98,"name":"Snap On","slug":"snap-on"}],"_links":{"self":[{"href":"https:\/\/techmasterdemexico.com\/en\/wp-json\/wp\/v2\/product\/8246","targetHints":{"allow":["GET"]}}],"collection":[{"href":"https:\/\/techmasterdemexico.com\/en\/wp-json\/wp\/v2\/product"}],"about":[{"href":"https:\/\/techmasterdemexico.com\/en\/wp-json\/wp\/v2\/types\/product"}],"wp:featuredmedia":[{"embeddable":true,"href":"https:\/\/techmasterdemexico.com\/en\/wp-json\/wp\/v2\/media\/9429"}],"wp:attachment":[{"href":"https:\/\/techmasterdemexico.com\/en\/wp-json\/wp\/v2\/media?parent=8246"}],"wp:term":[{"taxonomy":"pwb-brand","embeddable":true,"href":"https:\/\/techmasterdemexico.com\/en\/wp-json\/wp\/v2\/pwb-brand?post=8246"},{"taxonomy":"product_brand","embeddable":true,"href":"https:\/\/techmasterdemexico.com\/en\/wp-json\/wp\/v2\/product_brand?post=8246"},{"taxonomy":"product_cat","embeddable":true,"href":"https:\/\/techmasterdemexico.com\/en\/wp-json\/wp\/v2\/product_cat?post=8246"},{"taxonomy":"product_tag","embeddable":true,"href":"https:\/\/techmasterdemexico.com\/en\/wp-json\/wp\/v2\/product_tag?post=8246"}],"curies":[{"name":"wp","href":"https:\/\/api.w.org\/{rel}","templated":true}]}}