{"id":8240,"date":"2021-08-19T18:30:55","date_gmt":"2021-08-19T18:30:55","guid":{"rendered":"http:\/\/techmastermx.ddns.net\/producto\/llave-de-impacto-neumatica-de-magnesio-con-yunque-largo-para-trabajo-pesado-de-3-4\/"},"modified":"2021-12-28T22:26:12","modified_gmt":"2021-12-28T22:26:12","slug":"llave-de-impacto-neumatica-de-magnesio-con-yunque-largo-para-trabajo-pesado-de-3-4","status":"publish","type":"product","link":"https:\/\/techmasterdemexico.com\/en\/producto\/llave-de-impacto-neumatica-de-magnesio-con-yunque-largo-para-trabajo-pesado-de-3-4\/","title":{"rendered":"Llave de impacto neum\u00e1tica de magnesio con yunque largo para trabajo pesado de 3\/4 &#8220;"},"content":{"rendered":"<p>Llave de impacto neum\u00e1tica de magnesio de yunque largo para trabajo pesado de 3\/4 &#8220;<\/p>\n","protected":false},"excerpt":{"rendered":"<ul>\n<li>1,200 ft-lb de torsi\u00f3n<\/li>\n<li>Perfecto para dar servicio a equipos grandes y neum\u00e1ticos en veh\u00edculos de flota de tama\u00f1o medio<\/li>\n<li>Rotor de seis paletas para un arranque m\u00e1s r\u00e1pido del motor<\/li>\n<li>El exclusivo mecanismo de impacto de martillo doble y la lubricaci\u00f3n en ba\u00f1o de aceite sellada brindan durabilidad y una mayor vida \u00fatil de la herramienta<\/li>\n<li>La carcasa liviana de magnesio de una pieza reduce el peso de la herramienta a solo 8.1 lb para un control superior y menos fatiga del usuario<\/li>\n<li>El yunque se detiene cuando se suelta el gatillo para evitar tirar sujetadores<\/li>\n<li>Potente mecanismo de doble martillo: menos piezas m\u00f3viles, menos tiempo de inactividad<\/li>\n<li>Lubricaci\u00f3n en ba\u00f1o de aceite sellada: llena con aceite sint\u00e9tico RED LINE\u00ae para una lubricaci\u00f3n continua<\/li>\n<li>Bot\u00f3n de retroceso con una mano para una f\u00e1cil operaci\u00f3n<\/li>\n<li>Un mecanismo de impacto mejorado y m\u00e1s duradero nos permite ofrecer ahora una garant\u00eda de 2 a\u00f1os<\/li>\n<\/ul>\n","protected":false},"featured_media":9433,"template":"","meta":{"_acf_changed":false},"pwb-brand":[98],"product_brand":[],"product_cat":[366,111,286,48],"product_tag":[],"class_list":{"0":"post-8240","1":"product","2":"type-product","3":"status-publish","4":"has-post-thumbnail","6":"pwb-brand-snap-on","7":"product_cat-todos-los-productos","8":"product_cat-herramientas-electricas","9":"product_cat-herramientas-electricas-aire","10":"product_cat-snap-on","12":"first","13":"instock","14":"taxable","15":"shipping-taxable","16":"product-type-simple"},"acf":[],"yoast_head":"<!-- This site is optimized with the Yoast SEO plugin v27.5 - https:\/\/yoast.com\/product\/yoast-seo-wordpress\/ -->\n<title>Llave de impacto neum\u00e1tica de magnesio con yunque largo para trabajo pesado de 3\/4 &quot; - Techmaster de Mexico<\/title>\n<meta name=\"robots\" content=\"index, follow, max-snippet:-1, max-image-preview:large, max-video-preview:-1\" \/>\n<link rel=\"canonical\" href=\"https:\/\/techmasterdemexico.com\/producto\/llave-de-impacto-neumatica-de-magnesio-con-yunque-largo-para-trabajo-pesado-de-3-4\/\" \/>\n<meta property=\"og:locale\" content=\"en_US\" \/>\n<meta property=\"og:type\" content=\"article\" \/>\n<meta property=\"og:title\" content=\"Llave de impacto neum\u00e1tica de magnesio con yunque largo para trabajo pesado de 3\/4 &quot; - Techmaster de Mexico\" \/>\n<meta property=\"og:description\" content=\"[:es]    1,200 ft-lb de torsi\u00f3n   Perfecto para dar servicio a equipos grandes y neum\u00e1ticos en veh\u00edculos de flota de tama\u00f1o medio   Rotor de seis paletas para un arranque m\u00e1s r\u00e1pido del motor   El exclusivo mecanismo de impacto de martillo doble y la lubricaci\u00f3n en ba\u00f1o de aceite sellada brindan durabilidad y una mayor vida \u00fatil de la herramienta   La carcasa liviana de magnesio de una pieza reduce el peso de la herramienta a solo 8.1 lb para un control superior y menos fatiga del usuario   El yunque se detiene cuando se suelta el gatillo para evitar tirar sujetadores   Potente mecanismo de doble martillo: menos piezas m\u00f3viles, menos tiempo de inactividad   Lubricaci\u00f3n en ba\u00f1o de aceite sellada: llena con aceite sint\u00e9tico RED LINE\u00ae para una lubricaci\u00f3n continua   Bot\u00f3n de retroceso con una mano para una f\u00e1cil operaci\u00f3n   Un mecanismo de impacto mejorado y m\u00e1s duradero nos permite ofrecer ahora una garant\u00eda de 2 a\u00f1os    [:en]  1,200 ft-lb de torsi\u00f3n  Perfecto para dar servicio a equipos grandes y neum\u00e1ticos en veh\u00edculos de flota de tama\u00f1o medio  Rotor de seis paletas para un arranque m\u00e1s r\u00e1pido del motor  El exclusivo mecanismo de impacto de martillo doble y la lubricaci\u00f3n en ba\u00f1o de aceite sellada brindan durabilidad y una mayor vida \u00fatil de la herramienta  La carcasa liviana de magnesio de una pieza reduce el peso de la herramienta a solo 8.1 lb para un control superior y menos fatiga del usuario  El yunque se detiene cuando se suelta el gatillo para evitar tirar sujetadores  Potente mecanismo de doble martillo: menos piezas m\u00f3viles, menos tiempo de inactividad  Lubricaci\u00f3n en ba\u00f1o de aceite sellada: llena con aceite sint\u00e9tico RED LINE\u00ae para una lubricaci\u00f3n continua  Bot\u00f3n de retroceso con una mano para una f\u00e1cil operaci\u00f3n  Un mecanismo de impacto mejorado y m\u00e1s duradero nos permite ofrecer ahora una garant\u00eda de 2 a\u00f1os   [:]\" \/>\n<meta property=\"og:url\" content=\"https:\/\/techmasterdemexico.com\/producto\/llave-de-impacto-neumatica-de-magnesio-con-yunque-largo-para-trabajo-pesado-de-3-4\/\" \/>\n<meta property=\"og:site_name\" content=\"Techmaster de Mexico\" \/>\n<meta property=\"article:modified_time\" content=\"2021-12-28T22:26:12+00:00\" \/>\n<meta property=\"og:image\" content=\"https:\/\/techmasterdemexico.com\/wp-content\/uploads\/2021\/08\/MG1250L.png\" \/>\n\t<meta property=\"og:image:width\" content=\"500\" \/>\n\t<meta property=\"og:image:height\" content=\"500\" \/>\n\t<meta property=\"og:image:type\" content=\"image\/png\" \/>\n<meta name=\"twitter:card\" content=\"summary_large_image\" \/>\n<script type=\"application\/ld+json\" class=\"yoast-schema-graph\">{\"@context\":\"https:\\\/\\\/schema.org\",\"@graph\":[{\"@type\":\"WebPage\",\"@id\":\"https:\\\/\\\/techmasterdemexico.com\\\/producto\\\/llave-de-impacto-neumatica-de-magnesio-con-yunque-largo-para-trabajo-pesado-de-3-4\\\/\",\"url\":\"https:\\\/\\\/techmasterdemexico.com\\\/producto\\\/llave-de-impacto-neumatica-de-magnesio-con-yunque-largo-para-trabajo-pesado-de-3-4\\\/\",\"name\":\"Llave de impacto neum\u00e1tica de magnesio con yunque largo para trabajo pesado de 3\\\/4 \\\" - Techmaster de Mexico\",\"isPartOf\":{\"@id\":\"https:\\\/\\\/techmasterdemexico.com\\\/#website\"},\"primaryImageOfPage\":{\"@id\":\"https:\\\/\\\/techmasterdemexico.com\\\/producto\\\/llave-de-impacto-neumatica-de-magnesio-con-yunque-largo-para-trabajo-pesado-de-3-4\\\/#primaryimage\"},\"image\":{\"@id\":\"https:\\\/\\\/techmasterdemexico.com\\\/producto\\\/llave-de-impacto-neumatica-de-magnesio-con-yunque-largo-para-trabajo-pesado-de-3-4\\\/#primaryimage\"},\"thumbnailUrl\":\"https:\\\/\\\/techmasterdemexico.com\\\/wp-content\\\/uploads\\\/2021\\\/08\\\/MG1250L.png\",\"datePublished\":\"2021-08-19T18:30:55+00:00\",\"dateModified\":\"2021-12-28T22:26:12+00:00\",\"breadcrumb\":{\"@id\":\"https:\\\/\\\/techmasterdemexico.com\\\/producto\\\/llave-de-impacto-neumatica-de-magnesio-con-yunque-largo-para-trabajo-pesado-de-3-4\\\/#breadcrumb\"},\"inLanguage\":\"en-US\",\"potentialAction\":[{\"@type\":\"ReadAction\",\"target\":[\"https:\\\/\\\/techmasterdemexico.com\\\/producto\\\/llave-de-impacto-neumatica-de-magnesio-con-yunque-largo-para-trabajo-pesado-de-3-4\\\/\"]}]},{\"@type\":\"ImageObject\",\"inLanguage\":\"en-US\",\"@id\":\"https:\\\/\\\/techmasterdemexico.com\\\/producto\\\/llave-de-impacto-neumatica-de-magnesio-con-yunque-largo-para-trabajo-pesado-de-3-4\\\/#primaryimage\",\"url\":\"https:\\\/\\\/techmasterdemexico.com\\\/wp-content\\\/uploads\\\/2021\\\/08\\\/MG1250L.png\",\"contentUrl\":\"https:\\\/\\\/techmasterdemexico.com\\\/wp-content\\\/uploads\\\/2021\\\/08\\\/MG1250L.png\",\"width\":500,\"height\":500},{\"@type\":\"BreadcrumbList\",\"@id\":\"https:\\\/\\\/techmasterdemexico.com\\\/producto\\\/llave-de-impacto-neumatica-de-magnesio-con-yunque-largo-para-trabajo-pesado-de-3-4\\\/#breadcrumb\",\"itemListElement\":[{\"@type\":\"ListItem\",\"position\":1,\"name\":\"Portada\",\"item\":\"https:\\\/\\\/techmasterdemexico.com\\\/\"},{\"@type\":\"ListItem\",\"position\":2,\"name\":\"Llave de impacto neum\u00e1tica de magnesio con yunque largo para trabajo pesado de 3\\\/4 \u00ab\"}]},{\"@type\":\"WebSite\",\"@id\":\"https:\\\/\\\/techmasterdemexico.com\\\/#website\",\"url\":\"https:\\\/\\\/techmasterdemexico.com\\\/\",\"name\":\"Techmaster de Mexico\",\"description\":\"\",\"potentialAction\":[{\"@type\":\"SearchAction\",\"target\":{\"@type\":\"EntryPoint\",\"urlTemplate\":\"https:\\\/\\\/techmasterdemexico.com\\\/?s={search_term_string}\"},\"query-input\":{\"@type\":\"PropertyValueSpecification\",\"valueRequired\":true,\"valueName\":\"search_term_string\"}}],\"inLanguage\":\"en-US\"}]}<\/script>\n<!-- \/ Yoast SEO plugin. -->","yoast_head_json":{"title":"Llave de impacto neum\u00e1tica de magnesio con yunque largo para trabajo pesado de 3\/4 \" - Techmaster de Mexico","robots":{"index":"index","follow":"follow","max-snippet":"max-snippet:-1","max-image-preview":"max-image-preview:large","max-video-preview":"max-video-preview:-1"},"canonical":"https:\/\/techmasterdemexico.com\/producto\/llave-de-impacto-neumatica-de-magnesio-con-yunque-largo-para-trabajo-pesado-de-3-4\/","og_locale":"en_US","og_type":"article","og_title":"Llave de impacto neum\u00e1tica de magnesio con yunque largo para trabajo pesado de 3\/4 \" - Techmaster de Mexico","og_description":"[:es]    1,200 ft-lb de torsi\u00f3n   Perfecto para dar servicio a equipos grandes y neum\u00e1ticos en veh\u00edculos de flota de tama\u00f1o medio   Rotor de seis paletas para un arranque m\u00e1s r\u00e1pido del motor   El exclusivo mecanismo de impacto de martillo doble y la lubricaci\u00f3n en ba\u00f1o de aceite sellada brindan durabilidad y una mayor vida \u00fatil de la herramienta   La carcasa liviana de magnesio de una pieza reduce el peso de la herramienta a solo 8.1 lb para un control superior y menos fatiga del usuario   El yunque se detiene cuando se suelta el gatillo para evitar tirar sujetadores   Potente mecanismo de doble martillo: menos piezas m\u00f3viles, menos tiempo de inactividad   Lubricaci\u00f3n en ba\u00f1o de aceite sellada: llena con aceite sint\u00e9tico RED LINE\u00ae para una lubricaci\u00f3n continua   Bot\u00f3n de retroceso con una mano para una f\u00e1cil operaci\u00f3n   Un mecanismo de impacto mejorado y m\u00e1s duradero nos permite ofrecer ahora una garant\u00eda de 2 a\u00f1os    [:en]  1,200 ft-lb de torsi\u00f3n  Perfecto para dar servicio a equipos grandes y neum\u00e1ticos en veh\u00edculos de flota de tama\u00f1o medio  Rotor de seis paletas para un arranque m\u00e1s r\u00e1pido del motor  El exclusivo mecanismo de impacto de martillo doble y la lubricaci\u00f3n en ba\u00f1o de aceite sellada brindan durabilidad y una mayor vida \u00fatil de la herramienta  La carcasa liviana de magnesio de una pieza reduce el peso de la herramienta a solo 8.1 lb para un control superior y menos fatiga del usuario  El yunque se detiene cuando se suelta el gatillo para evitar tirar sujetadores  Potente mecanismo de doble martillo: menos piezas m\u00f3viles, menos tiempo de inactividad  Lubricaci\u00f3n en ba\u00f1o de aceite sellada: llena con aceite sint\u00e9tico RED LINE\u00ae para una lubricaci\u00f3n continua  Bot\u00f3n de retroceso con una mano para una f\u00e1cil operaci\u00f3n  Un mecanismo de impacto mejorado y m\u00e1s duradero nos permite ofrecer ahora una garant\u00eda de 2 a\u00f1os   [:]","og_url":"https:\/\/techmasterdemexico.com\/producto\/llave-de-impacto-neumatica-de-magnesio-con-yunque-largo-para-trabajo-pesado-de-3-4\/","og_site_name":"Techmaster de Mexico","article_modified_time":"2021-12-28T22:26:12+00:00","og_image":[{"width":500,"height":500,"url":"https:\/\/techmasterdemexico.com\/wp-content\/uploads\/2021\/08\/MG1250L.png","type":"image\/png"}],"twitter_card":"summary_large_image","schema":{"@context":"https:\/\/schema.org","@graph":[{"@type":"WebPage","@id":"https:\/\/techmasterdemexico.com\/producto\/llave-de-impacto-neumatica-de-magnesio-con-yunque-largo-para-trabajo-pesado-de-3-4\/","url":"https:\/\/techmasterdemexico.com\/producto\/llave-de-impacto-neumatica-de-magnesio-con-yunque-largo-para-trabajo-pesado-de-3-4\/","name":"Llave de impacto neum\u00e1tica de magnesio con yunque largo para trabajo pesado de 3\/4 \" - Techmaster de Mexico","isPartOf":{"@id":"https:\/\/techmasterdemexico.com\/#website"},"primaryImageOfPage":{"@id":"https:\/\/techmasterdemexico.com\/producto\/llave-de-impacto-neumatica-de-magnesio-con-yunque-largo-para-trabajo-pesado-de-3-4\/#primaryimage"},"image":{"@id":"https:\/\/techmasterdemexico.com\/producto\/llave-de-impacto-neumatica-de-magnesio-con-yunque-largo-para-trabajo-pesado-de-3-4\/#primaryimage"},"thumbnailUrl":"https:\/\/techmasterdemexico.com\/wp-content\/uploads\/2021\/08\/MG1250L.png","datePublished":"2021-08-19T18:30:55+00:00","dateModified":"2021-12-28T22:26:12+00:00","breadcrumb":{"@id":"https:\/\/techmasterdemexico.com\/producto\/llave-de-impacto-neumatica-de-magnesio-con-yunque-largo-para-trabajo-pesado-de-3-4\/#breadcrumb"},"inLanguage":"en-US","potentialAction":[{"@type":"ReadAction","target":["https:\/\/techmasterdemexico.com\/producto\/llave-de-impacto-neumatica-de-magnesio-con-yunque-largo-para-trabajo-pesado-de-3-4\/"]}]},{"@type":"ImageObject","inLanguage":"en-US","@id":"https:\/\/techmasterdemexico.com\/producto\/llave-de-impacto-neumatica-de-magnesio-con-yunque-largo-para-trabajo-pesado-de-3-4\/#primaryimage","url":"https:\/\/techmasterdemexico.com\/wp-content\/uploads\/2021\/08\/MG1250L.png","contentUrl":"https:\/\/techmasterdemexico.com\/wp-content\/uploads\/2021\/08\/MG1250L.png","width":500,"height":500},{"@type":"BreadcrumbList","@id":"https:\/\/techmasterdemexico.com\/producto\/llave-de-impacto-neumatica-de-magnesio-con-yunque-largo-para-trabajo-pesado-de-3-4\/#breadcrumb","itemListElement":[{"@type":"ListItem","position":1,"name":"Portada","item":"https:\/\/techmasterdemexico.com\/"},{"@type":"ListItem","position":2,"name":"Llave de impacto neum\u00e1tica de magnesio con yunque largo para trabajo pesado de 3\/4 \u00ab"}]},{"@type":"WebSite","@id":"https:\/\/techmasterdemexico.com\/#website","url":"https:\/\/techmasterdemexico.com\/","name":"Techmaster de Mexico","description":"","potentialAction":[{"@type":"SearchAction","target":{"@type":"EntryPoint","urlTemplate":"https:\/\/techmasterdemexico.com\/?s={search_term_string}"},"query-input":{"@type":"PropertyValueSpecification","valueRequired":true,"valueName":"search_term_string"}}],"inLanguage":"en-US"}]}},"brands":[{"id":98,"name":"Snap On","slug":"snap-on"}],"_links":{"self":[{"href":"https:\/\/techmasterdemexico.com\/en\/wp-json\/wp\/v2\/product\/8240","targetHints":{"allow":["GET"]}}],"collection":[{"href":"https:\/\/techmasterdemexico.com\/en\/wp-json\/wp\/v2\/product"}],"about":[{"href":"https:\/\/techmasterdemexico.com\/en\/wp-json\/wp\/v2\/types\/product"}],"wp:featuredmedia":[{"embeddable":true,"href":"https:\/\/techmasterdemexico.com\/en\/wp-json\/wp\/v2\/media\/9433"}],"wp:attachment":[{"href":"https:\/\/techmasterdemexico.com\/en\/wp-json\/wp\/v2\/media?parent=8240"}],"wp:term":[{"taxonomy":"pwb-brand","embeddable":true,"href":"https:\/\/techmasterdemexico.com\/en\/wp-json\/wp\/v2\/pwb-brand?post=8240"},{"taxonomy":"product_brand","embeddable":true,"href":"https:\/\/techmasterdemexico.com\/en\/wp-json\/wp\/v2\/product_brand?post=8240"},{"taxonomy":"product_cat","embeddable":true,"href":"https:\/\/techmasterdemexico.com\/en\/wp-json\/wp\/v2\/product_cat?post=8240"},{"taxonomy":"product_tag","embeddable":true,"href":"https:\/\/techmasterdemexico.com\/en\/wp-json\/wp\/v2\/product_tag?post=8240"}],"curies":[{"name":"wp","href":"https:\/\/api.w.org\/{rel}","templated":true}]}}