{"id":8237,"date":"2021-08-19T18:30:53","date_gmt":"2021-08-19T18:30:53","guid":{"rendered":"http:\/\/techmastermx.ddns.net\/producto\/proyector-inalambrico-de-18-v-y-2-700-lumenes-solo-herramienta\/"},"modified":"2021-12-28T22:26:15","modified_gmt":"2021-12-28T22:26:15","slug":"proyector-inalambrico-de-18-v-y-2-700-lumenes-solo-herramienta","status":"publish","type":"product","link":"https:\/\/techmasterdemexico.com\/en\/producto\/proyector-inalambrico-de-18-v-y-2-700-lumenes-solo-herramienta\/","title":{"rendered":"Proyector inal\u00e1mbrico de 18 V y 2.700 l\u00famenes (solo herramienta)"},"content":{"rendered":"<p>Proyector inal\u00e1mbrico de 18 V y 2.700 l\u00famenes (solo herramienta), rojo<\/p>\n","protected":false},"excerpt":{"rendered":"<ul>\n<li>Fuente de alimentaci\u00f3n doble de 18 V o 110 V<\/li>\n<li>Cabezal ajustable que permite ajustes infinitos<\/li>\n<li>Lente de policarbonato reemplazable en campo<\/li>\n<li>Configuraciones bajas, medias y altas<\/li>\n<li>9.5 horas de tiempo de ejecuci\u00f3n en baja, 5.5 horas en media y 2.5 horas en alta<\/li>\n<li>USB de 3,0 A y USB de 2,1 A<\/li>\n<li>LED rojo intermitente orientado hacia atr\u00e1s para seguridad en la carretera<\/li>\n<li>Asa grande para facilitar el transporte<\/li>\n<li>Panel de control frontal grande para cambios de configuraci\u00f3n f\u00e1ciles<\/li>\n<li>Salida de 2.700 lm<\/li>\n<li>La base ancha y resistente ayuda a evitar que se vuelque durante el uso<\/li>\n<li>Base de pies de goma para un contacto positivo con la superficie<\/li>\n<li>La bater\u00eda se vende por separado<\/li>\n<\/ul>\n","protected":false},"featured_media":9438,"template":"","meta":{"_acf_changed":false},"pwb-brand":[98],"product_brand":[],"product_cat":[366,111,285,48],"product_tag":[],"class_list":{"0":"post-8237","1":"product","2":"type-product","3":"status-publish","4":"has-post-thumbnail","6":"pwb-brand-snap-on","7":"product_cat-todos-los-productos","8":"product_cat-herramientas-electricas","9":"product_cat-herramientas-electricas-e-inalambricas","10":"product_cat-snap-on","12":"first","13":"instock","14":"taxable","15":"shipping-taxable","16":"product-type-simple"},"acf":[],"yoast_head":"<!-- This site is optimized with the Yoast SEO plugin v27.4 - https:\/\/yoast.com\/product\/yoast-seo-wordpress\/ -->\n<title>Proyector inal\u00e1mbrico de 18 V y 2.700 l\u00famenes (solo herramienta) - Techmaster de Mexico<\/title>\n<meta name=\"robots\" content=\"index, follow, max-snippet:-1, max-image-preview:large, max-video-preview:-1\" \/>\n<link rel=\"canonical\" href=\"https:\/\/techmasterdemexico.com\/producto\/proyector-inalambrico-de-18-v-y-2-700-lumenes-solo-herramienta\/\" \/>\n<meta property=\"og:locale\" content=\"en_US\" \/>\n<meta property=\"og:type\" content=\"article\" \/>\n<meta property=\"og:title\" content=\"Proyector inal\u00e1mbrico de 18 V y 2.700 l\u00famenes (solo herramienta) - Techmaster de Mexico\" \/>\n<meta property=\"og:description\" content=\"[:es]  Fuente de alimentaci\u00f3n doble de 18 V o 110 V  Cabezal ajustable que permite ajustes infinitos  Lente de policarbonato reemplazable en campo  Configuraciones bajas, medias y altas  9.5 horas de tiempo de ejecuci\u00f3n en baja, 5.5 horas en media y 2.5 horas en alta  USB de 3,0 A y USB de 2,1 A  LED rojo intermitente orientado hacia atr\u00e1s para seguridad en la carretera  Asa grande para facilitar el transporte  Panel de control frontal grande para cambios de configuraci\u00f3n f\u00e1ciles  Salida de 2.700 lm  La base ancha y resistente ayuda a evitar que se vuelque durante el uso  Base de pies de goma para un contacto positivo con la superficie  La bater\u00eda se vende por separado  [:en]    Fuente de alimentaci\u00f3n doble de 18 V o 110 V   Cabezal ajustable que permite ajustes infinitos   Lente de policarbonato reemplazable en campo   Configuraciones bajas, medias y altas   9.5 horas de tiempo de ejecuci\u00f3n en baja, 5.5 horas en media y 2.5 horas en alta   USB de 3,0 A y USB de 2,1 A   LED rojo intermitente orientado hacia atr\u00e1s para seguridad en la carretera   Asa grande para facilitar el transporte   Panel de control frontal grande para cambios de configuraci\u00f3n f\u00e1ciles   Salida de 2.700 lm   La base ancha y resistente ayuda a evitar que se vuelque durante el uso   Base de pies de goma para un contacto positivo con la superficie   La bater\u00eda se vende por separado   [:]\" \/>\n<meta property=\"og:url\" content=\"https:\/\/techmasterdemexico.com\/producto\/proyector-inalambrico-de-18-v-y-2-700-lumenes-solo-herramienta\/\" \/>\n<meta property=\"og:site_name\" content=\"Techmaster de Mexico\" \/>\n<meta property=\"article:modified_time\" content=\"2021-12-28T22:26:15+00:00\" \/>\n<meta property=\"og:image\" content=\"https:\/\/techmasterdemexico.com\/wp-content\/uploads\/2021\/08\/CTFL9050.png\" \/>\n\t<meta property=\"og:image:width\" content=\"500\" \/>\n\t<meta property=\"og:image:height\" content=\"500\" \/>\n\t<meta property=\"og:image:type\" content=\"image\/png\" \/>\n<meta name=\"twitter:card\" content=\"summary_large_image\" \/>\n<script type=\"application\/ld+json\" class=\"yoast-schema-graph\">{\"@context\":\"https:\\\/\\\/schema.org\",\"@graph\":[{\"@type\":\"WebPage\",\"@id\":\"https:\\\/\\\/techmasterdemexico.com\\\/producto\\\/proyector-inalambrico-de-18-v-y-2-700-lumenes-solo-herramienta\\\/\",\"url\":\"https:\\\/\\\/techmasterdemexico.com\\\/producto\\\/proyector-inalambrico-de-18-v-y-2-700-lumenes-solo-herramienta\\\/\",\"name\":\"Proyector inal\u00e1mbrico de 18 V y 2.700 l\u00famenes (solo herramienta) - Techmaster de Mexico\",\"isPartOf\":{\"@id\":\"https:\\\/\\\/techmasterdemexico.com\\\/#website\"},\"primaryImageOfPage\":{\"@id\":\"https:\\\/\\\/techmasterdemexico.com\\\/producto\\\/proyector-inalambrico-de-18-v-y-2-700-lumenes-solo-herramienta\\\/#primaryimage\"},\"image\":{\"@id\":\"https:\\\/\\\/techmasterdemexico.com\\\/producto\\\/proyector-inalambrico-de-18-v-y-2-700-lumenes-solo-herramienta\\\/#primaryimage\"},\"thumbnailUrl\":\"https:\\\/\\\/techmasterdemexico.com\\\/wp-content\\\/uploads\\\/2021\\\/08\\\/CTFL9050.png\",\"datePublished\":\"2021-08-19T18:30:53+00:00\",\"dateModified\":\"2021-12-28T22:26:15+00:00\",\"breadcrumb\":{\"@id\":\"https:\\\/\\\/techmasterdemexico.com\\\/producto\\\/proyector-inalambrico-de-18-v-y-2-700-lumenes-solo-herramienta\\\/#breadcrumb\"},\"inLanguage\":\"en-US\",\"potentialAction\":[{\"@type\":\"ReadAction\",\"target\":[\"https:\\\/\\\/techmasterdemexico.com\\\/producto\\\/proyector-inalambrico-de-18-v-y-2-700-lumenes-solo-herramienta\\\/\"]}]},{\"@type\":\"ImageObject\",\"inLanguage\":\"en-US\",\"@id\":\"https:\\\/\\\/techmasterdemexico.com\\\/producto\\\/proyector-inalambrico-de-18-v-y-2-700-lumenes-solo-herramienta\\\/#primaryimage\",\"url\":\"https:\\\/\\\/techmasterdemexico.com\\\/wp-content\\\/uploads\\\/2021\\\/08\\\/CTFL9050.png\",\"contentUrl\":\"https:\\\/\\\/techmasterdemexico.com\\\/wp-content\\\/uploads\\\/2021\\\/08\\\/CTFL9050.png\",\"width\":500,\"height\":500},{\"@type\":\"BreadcrumbList\",\"@id\":\"https:\\\/\\\/techmasterdemexico.com\\\/producto\\\/proyector-inalambrico-de-18-v-y-2-700-lumenes-solo-herramienta\\\/#breadcrumb\",\"itemListElement\":[{\"@type\":\"ListItem\",\"position\":1,\"name\":\"Portada\",\"item\":\"https:\\\/\\\/techmasterdemexico.com\\\/\"},{\"@type\":\"ListItem\",\"position\":2,\"name\":\"Proyector inal\u00e1mbrico de 18 V y 2.700 l\u00famenes (solo herramienta)\"}]},{\"@type\":\"WebSite\",\"@id\":\"https:\\\/\\\/techmasterdemexico.com\\\/#website\",\"url\":\"https:\\\/\\\/techmasterdemexico.com\\\/\",\"name\":\"Techmaster de Mexico\",\"description\":\"\",\"potentialAction\":[{\"@type\":\"SearchAction\",\"target\":{\"@type\":\"EntryPoint\",\"urlTemplate\":\"https:\\\/\\\/techmasterdemexico.com\\\/?s={search_term_string}\"},\"query-input\":{\"@type\":\"PropertyValueSpecification\",\"valueRequired\":true,\"valueName\":\"search_term_string\"}}],\"inLanguage\":\"en-US\"}]}<\/script>\n<!-- \/ Yoast SEO plugin. -->","yoast_head_json":{"title":"Proyector inal\u00e1mbrico de 18 V y 2.700 l\u00famenes (solo herramienta) - Techmaster de Mexico","robots":{"index":"index","follow":"follow","max-snippet":"max-snippet:-1","max-image-preview":"max-image-preview:large","max-video-preview":"max-video-preview:-1"},"canonical":"https:\/\/techmasterdemexico.com\/producto\/proyector-inalambrico-de-18-v-y-2-700-lumenes-solo-herramienta\/","og_locale":"en_US","og_type":"article","og_title":"Proyector inal\u00e1mbrico de 18 V y 2.700 l\u00famenes (solo herramienta) - Techmaster de Mexico","og_description":"[:es]  Fuente de alimentaci\u00f3n doble de 18 V o 110 V  Cabezal ajustable que permite ajustes infinitos  Lente de policarbonato reemplazable en campo  Configuraciones bajas, medias y altas  9.5 horas de tiempo de ejecuci\u00f3n en baja, 5.5 horas en media y 2.5 horas en alta  USB de 3,0 A y USB de 2,1 A  LED rojo intermitente orientado hacia atr\u00e1s para seguridad en la carretera  Asa grande para facilitar el transporte  Panel de control frontal grande para cambios de configuraci\u00f3n f\u00e1ciles  Salida de 2.700 lm  La base ancha y resistente ayuda a evitar que se vuelque durante el uso  Base de pies de goma para un contacto positivo con la superficie  La bater\u00eda se vende por separado  [:en]    Fuente de alimentaci\u00f3n doble de 18 V o 110 V   Cabezal ajustable que permite ajustes infinitos   Lente de policarbonato reemplazable en campo   Configuraciones bajas, medias y altas   9.5 horas de tiempo de ejecuci\u00f3n en baja, 5.5 horas en media y 2.5 horas en alta   USB de 3,0 A y USB de 2,1 A   LED rojo intermitente orientado hacia atr\u00e1s para seguridad en la carretera   Asa grande para facilitar el transporte   Panel de control frontal grande para cambios de configuraci\u00f3n f\u00e1ciles   Salida de 2.700 lm   La base ancha y resistente ayuda a evitar que se vuelque durante el uso   Base de pies de goma para un contacto positivo con la superficie   La bater\u00eda se vende por separado   [:]","og_url":"https:\/\/techmasterdemexico.com\/producto\/proyector-inalambrico-de-18-v-y-2-700-lumenes-solo-herramienta\/","og_site_name":"Techmaster de Mexico","article_modified_time":"2021-12-28T22:26:15+00:00","og_image":[{"width":500,"height":500,"url":"https:\/\/techmasterdemexico.com\/wp-content\/uploads\/2021\/08\/CTFL9050.png","type":"image\/png"}],"twitter_card":"summary_large_image","schema":{"@context":"https:\/\/schema.org","@graph":[{"@type":"WebPage","@id":"https:\/\/techmasterdemexico.com\/producto\/proyector-inalambrico-de-18-v-y-2-700-lumenes-solo-herramienta\/","url":"https:\/\/techmasterdemexico.com\/producto\/proyector-inalambrico-de-18-v-y-2-700-lumenes-solo-herramienta\/","name":"Proyector inal\u00e1mbrico de 18 V y 2.700 l\u00famenes (solo herramienta) - Techmaster de Mexico","isPartOf":{"@id":"https:\/\/techmasterdemexico.com\/#website"},"primaryImageOfPage":{"@id":"https:\/\/techmasterdemexico.com\/producto\/proyector-inalambrico-de-18-v-y-2-700-lumenes-solo-herramienta\/#primaryimage"},"image":{"@id":"https:\/\/techmasterdemexico.com\/producto\/proyector-inalambrico-de-18-v-y-2-700-lumenes-solo-herramienta\/#primaryimage"},"thumbnailUrl":"https:\/\/techmasterdemexico.com\/wp-content\/uploads\/2021\/08\/CTFL9050.png","datePublished":"2021-08-19T18:30:53+00:00","dateModified":"2021-12-28T22:26:15+00:00","breadcrumb":{"@id":"https:\/\/techmasterdemexico.com\/producto\/proyector-inalambrico-de-18-v-y-2-700-lumenes-solo-herramienta\/#breadcrumb"},"inLanguage":"en-US","potentialAction":[{"@type":"ReadAction","target":["https:\/\/techmasterdemexico.com\/producto\/proyector-inalambrico-de-18-v-y-2-700-lumenes-solo-herramienta\/"]}]},{"@type":"ImageObject","inLanguage":"en-US","@id":"https:\/\/techmasterdemexico.com\/producto\/proyector-inalambrico-de-18-v-y-2-700-lumenes-solo-herramienta\/#primaryimage","url":"https:\/\/techmasterdemexico.com\/wp-content\/uploads\/2021\/08\/CTFL9050.png","contentUrl":"https:\/\/techmasterdemexico.com\/wp-content\/uploads\/2021\/08\/CTFL9050.png","width":500,"height":500},{"@type":"BreadcrumbList","@id":"https:\/\/techmasterdemexico.com\/producto\/proyector-inalambrico-de-18-v-y-2-700-lumenes-solo-herramienta\/#breadcrumb","itemListElement":[{"@type":"ListItem","position":1,"name":"Portada","item":"https:\/\/techmasterdemexico.com\/"},{"@type":"ListItem","position":2,"name":"Proyector inal\u00e1mbrico de 18 V y 2.700 l\u00famenes (solo herramienta)"}]},{"@type":"WebSite","@id":"https:\/\/techmasterdemexico.com\/#website","url":"https:\/\/techmasterdemexico.com\/","name":"Techmaster de Mexico","description":"","potentialAction":[{"@type":"SearchAction","target":{"@type":"EntryPoint","urlTemplate":"https:\/\/techmasterdemexico.com\/?s={search_term_string}"},"query-input":{"@type":"PropertyValueSpecification","valueRequired":true,"valueName":"search_term_string"}}],"inLanguage":"en-US"}]}},"brands":[{"id":98,"name":"Snap On","slug":"snap-on"}],"_links":{"self":[{"href":"https:\/\/techmasterdemexico.com\/en\/wp-json\/wp\/v2\/product\/8237","targetHints":{"allow":["GET"]}}],"collection":[{"href":"https:\/\/techmasterdemexico.com\/en\/wp-json\/wp\/v2\/product"}],"about":[{"href":"https:\/\/techmasterdemexico.com\/en\/wp-json\/wp\/v2\/types\/product"}],"wp:featuredmedia":[{"embeddable":true,"href":"https:\/\/techmasterdemexico.com\/en\/wp-json\/wp\/v2\/media\/9438"}],"wp:attachment":[{"href":"https:\/\/techmasterdemexico.com\/en\/wp-json\/wp\/v2\/media?parent=8237"}],"wp:term":[{"taxonomy":"pwb-brand","embeddable":true,"href":"https:\/\/techmasterdemexico.com\/en\/wp-json\/wp\/v2\/pwb-brand?post=8237"},{"taxonomy":"product_brand","embeddable":true,"href":"https:\/\/techmasterdemexico.com\/en\/wp-json\/wp\/v2\/product_brand?post=8237"},{"taxonomy":"product_cat","embeddable":true,"href":"https:\/\/techmasterdemexico.com\/en\/wp-json\/wp\/v2\/product_cat?post=8237"},{"taxonomy":"product_tag","embeddable":true,"href":"https:\/\/techmasterdemexico.com\/en\/wp-json\/wp\/v2\/product_tag?post=8237"}],"curies":[{"name":"wp","href":"https:\/\/api.w.org\/{rel}","templated":true}]}}